{"id":34652,"date":"2018-11-28T12:46:30","date_gmt":"2018-11-28T12:46:30","guid":{"rendered":"https:\/\/www.urlaubcornwall.de\/blog\/?page_id=34652"},"modified":"2019-03-13T10:32:11","modified_gmt":"2019-03-13T10:32:11","slug":"gruppenreisen-in-london-england-fuer-kleine-und-grosse-gruppen","status":"publish","type":"page","link":"https:\/\/www.urlaubcornwall.de\/blog\/gruppenreisen-in-london-england-fuer-kleine-und-grosse-gruppen\/","title":{"rendered":"Gruppenreisen in London &#038; England f\u00fcr kleine und gro\u00dfe Gruppen."},"content":{"rendered":"<p><img loading=\"lazy\" class=\"aligncenter size-full wp-image-20628\" src=\"https:\/\/www.urlaubcornwall.de\/blog\/wp-content\/uploads\/2015\/10\/luxusurlaub-london1.jpg\" alt=\"Konferenzen gruppenreisen London England\" width=\"745\" height=\"152\" srcset=\"https:\/\/www.urlaubcornwall.de\/blog\/wp-content\/uploads\/2015\/10\/luxusurlaub-london1.jpg 745w, https:\/\/www.urlaubcornwall.de\/blog\/wp-content\/uploads\/2015\/10\/luxusurlaub-london1-300x61.jpg 300w\" sizes=\"(max-width: 745px) 100vw, 745px\" \/><\/p>\n<p>England ist tats\u00e4chlich eines der bestgeeignetsten L\u00e4nder der Welt f\u00fcr Gruppenreisen, Incentive-Reisen, Event-Management und Konferenzen. Wir sind <a href=\"https:\/\/www.urlaubcornwall.de\/massgeschneiderte-gruppenreisen-und-touren.php\">Experten im Organisieren Gruppenreisen<\/a> besonderer Interessensgruppen in London und durch England, um jedem Geschmack und s\u00e4mtlichen Interessen entgegenzukommen.<\/p>\n<p><strong>Incoming-Agenturen London und durch England<\/strong><\/p>\n<p>Mit einigen der weltbekanntesten Sehensw\u00fcrdigkeiten \u2013 von der malerischen Stadt Oxford, dem ikonischen Stonehenge, bis hin zu all den unglaublichen Sehensw\u00fcrdigkeitenvon Englandslebendigen und historischen St\u00e4dten. London bietet viele ber\u00fchmte Sehensw\u00fcrdigkeiten wie The London Eye, Buckingham Palast, Westminster Abbey und den Tower of London.<\/p>\n<p>England hat eine reichhaltige Vielfalt an herrlicher l\u00e4ndlicher Landschaft und K\u00fcste, historischen Geb\u00e4uden und Speiseerlebnissen h\u00f6chster Qualit\u00e4t. Diese gro\u00dfartige Reihe an M\u00f6glichkeiten bedeutet, dass wir einen Reiseablauf zusammenstellen k\u00f6nnen, der alles beinhalten kann, von einer Fahrt nach Cambridge, um die ber\u00fchmte Universit\u00e4t zu sehen und einen Besuch der wundersch\u00f6nen Cotswolds.<\/p>\n<p><strong>AusgezeichneteUnterkunft und Variation<\/strong><\/p>\n<p>England hat eine Reihe an Hotels und Speisem\u00f6glichkeiten, die jedem Budget entgegenkommen\u2013von einigen weltber\u00fchmtenikonischen Luxus- und Boutique Hotelsbis hin zu Budgetunterk\u00fcnften hervorragender Qualit\u00e4t. Es gibt etwas f\u00fcr jede Gruppe. Auch ist es leicht erreichbar aufgrund der Flug-, Bahn- und Stra\u00dfenverbindungen nach Deutschland, \u00d6sterreich, der Schweiz und dar\u00fcber hinaus.<\/p>\n<p>Um sicher zu gehen, dass Sie Ihre Firmenziele an Belohnungen und Anreizen in England erreichen, werden wir das perfekte Ma\u00dfgeschneiderte Gruppenreisen und Touren zusammenstellen, was Unterkunft, Verpflegung und aufregende Aktivit\u00e4ten anbelangt, und das zudem Ihnen und Ihren Angestellten erm\u00f6glicht, all das zu erkunden, was England zu einem derart inspirierenden Ort macht.<\/p>\n<div class=\"snippet\"> <a class=\"featured-item\" href=\" https:\/\/www.urlaubcornwall.de\/massgeschneiderte-gruppenreisen-und-touren.php \"> <span class=\"image-holder\" style=\"background-image: url(' https:\/\/www.urlaubcornwall.de\/blog\/wp-content\/uploads\/2019\/01\/gruppenreise-london.jpg ');\"><\/span> <span class=\"featured-content\"> \n<h2 class=\"featured-title\"> Ma\u00dfgeschneiderte Gruppenreisen in London<\/h2>\n<p class=\"featured-body\">Wir k\u00f6nnen Ihnen behilflich sein, eine fantastische Gruppenreise zusammenzustellen, auf der Sie die sch\u00f6nsten Sehensw\u00fcrdigkeiten Englands entdecken k\u00f6nnen. Auch interessante Themenreisen, wie z.B. eine Gartentour ,Literaturreise, oder Chorreise &#8230;.<\/p>\n<\/span> <span class=\"featured-link-holder\"> <span class=\"featured-extra-info\"> \n<p>M\u00f6chten Sie eine private Busreise, Vereinreise, Seniorenreise, Klassenfahrt oder Gruppenfahrt organisieren?<\/p>\n<\/span> \n<p class=\"featured-link\">DETAILS<\/p>\n<\/span> <\/a><\/div>\n<p style=\"text-align: center;\"><a class=\"tidycta\" href=\"http:\/\/www.urlaubcornwall.de\/gruppenanfrage.php\">Gruppenreisen Anfrage<\/a><\/p>\n<p style=\"text-align: center;\"><strong>Wir garantieren Ihnen eine Antwort innerhalb von 24 Stunden.<\/strong><\/p>\n","protected":false},"excerpt":{"rendered":"<p>England ist tats\u00e4chlich eines der bestgeeignetsten L\u00e4nder der Welt f\u00fcr Gruppenreisen, Incentive-Reisen, Event-Management und Konferenzen. Wir sind Experten im Organisieren Gruppenreisen besonderer Interessensgruppen in London und durch England, um jedem Geschmack und s\u00e4mtlichen Interessen entgegenzukommen. Incoming-Agenturen London und durch England Mit einigen der weltbekanntesten Sehensw\u00fcrdigkeiten \u2013 von der malerischen Stadt Oxford, dem ikonischen Stonehenge, bis [&hellip;]<\/p>\n","protected":false},"author":1,"featured_media":0,"parent":0,"menu_order":0,"comment_status":"closed","ping_status":"closed","template":"single-four.php","meta":[],"acf":[],"yoast_head":"<!-- This site is optimized with the Yoast SEO plugin v19.4 - https:\/\/yoast.com\/wordpress\/plugins\/seo\/ -->\n<title>Gruppenreisen in London &amp; England f\u00fcr kleine und gro\u00dfe Gruppen. - Urlaub &amp; Reisen<\/title>\n<meta name=\"robots\" content=\"index, follow, max-snippet:-1, max-image-preview:large, max-video-preview:-1\" \/>\n<link rel=\"canonical\" href=\"https:\/\/www.urlaubcornwall.de\/blog\/gruppenreisen-in-london-england-fuer-kleine-und-grosse-gruppen\/\" \/>\n<meta property=\"og:locale\" content=\"en_US\" \/>\n<meta property=\"og:type\" content=\"article\" \/>\n<meta property=\"og:title\" content=\"Gruppenreisen in London &amp; England f\u00fcr kleine und gro\u00dfe Gruppen. - Urlaub &amp; Reisen\" \/>\n<meta property=\"og:description\" content=\"England ist tats\u00e4chlich eines der bestgeeignetsten L\u00e4nder der Welt f\u00fcr Gruppenreisen, Incentive-Reisen, Event-Management und Konferenzen. Wir sind Experten im Organisieren Gruppenreisen besonderer Interessensgruppen in London und durch England, um jedem Geschmack und s\u00e4mtlichen Interessen entgegenzukommen. Incoming-Agenturen London und durch England Mit einigen der weltbekanntesten Sehensw\u00fcrdigkeiten \u2013 von der malerischen Stadt Oxford, dem ikonischen Stonehenge, bis [&hellip;]\" \/>\n<meta property=\"og:url\" content=\"https:\/\/www.urlaubcornwall.de\/blog\/gruppenreisen-in-london-england-fuer-kleine-und-grosse-gruppen\/\" \/>\n<meta property=\"og:site_name\" content=\"Urlaub &amp; Reisen\" \/>\n<meta property=\"article:modified_time\" content=\"2019-03-13T10:32:11+00:00\" \/>\n<meta property=\"og:image\" content=\"https:\/\/www.urlaubcornwall.de\/blog\/wp-content\/uploads\/2015\/10\/luxusurlaub-london1.jpg\" \/>\n<meta name=\"twitter:card\" content=\"summary\" \/>\n<meta name=\"twitter:label1\" content=\"Est. reading time\" \/>\n\t<meta name=\"twitter:data1\" content=\"2 minutes\" \/>\n<script type=\"application\/ld+json\" class=\"yoast-schema-graph\">{\"@context\":\"https:\/\/schema.org\",\"@graph\":[{\"@type\":\"WebSite\",\"@id\":\"https:\/\/www.urlaubcornwall.de\/blog\/#website\",\"url\":\"https:\/\/www.urlaubcornwall.de\/blog\/\",\"name\":\"Urlaub &amp; Reisen\",\"description\":\"Urlaub, Reisen, Cornwall und S\u00fcdengland: eine perfekte Kombination\",\"potentialAction\":[{\"@type\":\"SearchAction\",\"target\":{\"@type\":\"EntryPoint\",\"urlTemplate\":\"https:\/\/www.urlaubcornwall.de\/blog\/?s={search_term_string}\"},\"query-input\":\"required name=search_term_string\"}],\"inLanguage\":\"en-US\"},{\"@type\":\"WebPage\",\"@id\":\"https:\/\/www.urlaubcornwall.de\/blog\/gruppenreisen-in-london-england-fuer-kleine-und-grosse-gruppen\/\",\"url\":\"https:\/\/www.urlaubcornwall.de\/blog\/gruppenreisen-in-london-england-fuer-kleine-und-grosse-gruppen\/\",\"name\":\"Gruppenreisen in London & England f\u00fcr kleine und gro\u00dfe Gruppen. - Urlaub &amp; Reisen\",\"isPartOf\":{\"@id\":\"https:\/\/www.urlaubcornwall.de\/blog\/#website\"},\"datePublished\":\"2018-11-28T12:46:30+00:00\",\"dateModified\":\"2019-03-13T10:32:11+00:00\",\"breadcrumb\":{\"@id\":\"https:\/\/www.urlaubcornwall.de\/blog\/gruppenreisen-in-london-england-fuer-kleine-und-grosse-gruppen\/#breadcrumb\"},\"inLanguage\":\"en-US\",\"potentialAction\":[{\"@type\":\"ReadAction\",\"target\":[\"https:\/\/www.urlaubcornwall.de\/blog\/gruppenreisen-in-london-england-fuer-kleine-und-grosse-gruppen\/\"]}]},{\"@type\":\"BreadcrumbList\",\"@id\":\"https:\/\/www.urlaubcornwall.de\/blog\/gruppenreisen-in-london-england-fuer-kleine-und-grosse-gruppen\/#breadcrumb\",\"itemListElement\":[{\"@type\":\"ListItem\",\"position\":1,\"name\":\"Home\",\"item\":\"https:\/\/www.urlaubcornwall.de\/blog\/\"},{\"@type\":\"ListItem\",\"position\":2,\"name\":\"Gruppenreisen in London &#038; England f\u00fcr kleine und gro\u00dfe Gruppen.\"}]}]}<\/script>\n<!-- \/ Yoast SEO plugin. -->","yoast_head_json":{"title":"Gruppenreisen in London & England f\u00fcr kleine und gro\u00dfe Gruppen. - Urlaub &amp; Reisen","robots":{"index":"index","follow":"follow","max-snippet":"max-snippet:-1","max-image-preview":"max-image-preview:large","max-video-preview":"max-video-preview:-1"},"canonical":"https:\/\/www.urlaubcornwall.de\/blog\/gruppenreisen-in-london-england-fuer-kleine-und-grosse-gruppen\/","og_locale":"en_US","og_type":"article","og_title":"Gruppenreisen in London & England f\u00fcr kleine und gro\u00dfe Gruppen. - Urlaub &amp; Reisen","og_description":"England ist tats\u00e4chlich eines der bestgeeignetsten L\u00e4nder der Welt f\u00fcr Gruppenreisen, Incentive-Reisen, Event-Management und Konferenzen. Wir sind Experten im Organisieren Gruppenreisen besonderer Interessensgruppen in London und durch England, um jedem Geschmack und s\u00e4mtlichen Interessen entgegenzukommen. Incoming-Agenturen London und durch England Mit einigen der weltbekanntesten Sehensw\u00fcrdigkeiten \u2013 von der malerischen Stadt Oxford, dem ikonischen Stonehenge, bis [&hellip;]","og_url":"https:\/\/www.urlaubcornwall.de\/blog\/gruppenreisen-in-london-england-fuer-kleine-und-grosse-gruppen\/","og_site_name":"Urlaub &amp; Reisen","article_modified_time":"2019-03-13T10:32:11+00:00","og_image":[{"url":"https:\/\/www.urlaubcornwall.de\/blog\/wp-content\/uploads\/2015\/10\/luxusurlaub-london1.jpg"}],"twitter_card":"summary","twitter_misc":{"Est. reading time":"2 minutes"},"schema":{"@context":"https:\/\/schema.org","@graph":[{"@type":"WebSite","@id":"https:\/\/www.urlaubcornwall.de\/blog\/#website","url":"https:\/\/www.urlaubcornwall.de\/blog\/","name":"Urlaub &amp; Reisen","description":"Urlaub, Reisen, Cornwall und S\u00fcdengland: eine perfekte Kombination","potentialAction":[{"@type":"SearchAction","target":{"@type":"EntryPoint","urlTemplate":"https:\/\/www.urlaubcornwall.de\/blog\/?s={search_term_string}"},"query-input":"required name=search_term_string"}],"inLanguage":"en-US"},{"@type":"WebPage","@id":"https:\/\/www.urlaubcornwall.de\/blog\/gruppenreisen-in-london-england-fuer-kleine-und-grosse-gruppen\/","url":"https:\/\/www.urlaubcornwall.de\/blog\/gruppenreisen-in-london-england-fuer-kleine-und-grosse-gruppen\/","name":"Gruppenreisen in London & England f\u00fcr kleine und gro\u00dfe Gruppen. - Urlaub &amp; Reisen","isPartOf":{"@id":"https:\/\/www.urlaubcornwall.de\/blog\/#website"},"datePublished":"2018-11-28T12:46:30+00:00","dateModified":"2019-03-13T10:32:11+00:00","breadcrumb":{"@id":"https:\/\/www.urlaubcornwall.de\/blog\/gruppenreisen-in-london-england-fuer-kleine-und-grosse-gruppen\/#breadcrumb"},"inLanguage":"en-US","potentialAction":[{"@type":"ReadAction","target":["https:\/\/www.urlaubcornwall.de\/blog\/gruppenreisen-in-london-england-fuer-kleine-und-grosse-gruppen\/"]}]},{"@type":"BreadcrumbList","@id":"https:\/\/www.urlaubcornwall.de\/blog\/gruppenreisen-in-london-england-fuer-kleine-und-grosse-gruppen\/#breadcrumb","itemListElement":[{"@type":"ListItem","position":1,"name":"Home","item":"https:\/\/www.urlaubcornwall.de\/blog\/"},{"@type":"ListItem","position":2,"name":"Gruppenreisen in London &#038; England f\u00fcr kleine und gro\u00dfe Gruppen."}]}]}},"_links":{"self":[{"href":"https:\/\/www.urlaubcornwall.de\/blog\/wp-json\/wp\/v2\/pages\/34652"}],"collection":[{"href":"https:\/\/www.urlaubcornwall.de\/blog\/wp-json\/wp\/v2\/pages"}],"about":[{"href":"https:\/\/www.urlaubcornwall.de\/blog\/wp-json\/wp\/v2\/types\/page"}],"author":[{"embeddable":true,"href":"https:\/\/www.urlaubcornwall.de\/blog\/wp-json\/wp\/v2\/users\/1"}],"replies":[{"embeddable":true,"href":"https:\/\/www.urlaubcornwall.de\/blog\/wp-json\/wp\/v2\/comments?post=34652"}],"version-history":[{"count":8,"href":"https:\/\/www.urlaubcornwall.de\/blog\/wp-json\/wp\/v2\/pages\/34652\/revisions"}],"predecessor-version":[{"id":34680,"href":"https:\/\/www.urlaubcornwall.de\/blog\/wp-json\/wp\/v2\/pages\/34652\/revisions\/34680"}],"wp:attachment":[{"href":"https:\/\/www.urlaubcornwall.de\/blog\/wp-json\/wp\/v2\/media?parent=34652"}],"curies":[{"name":"wp","href":"https:\/\/api.w.org\/{rel}","templated":true}]}}