{"id":34650,"date":"2018-11-27T13:40:50","date_gmt":"2018-11-27T13:40:50","guid":{"rendered":"https:\/\/www.urlaubcornwall.de\/blog\/?page_id=34650"},"modified":"2024-04-09T08:23:05","modified_gmt":"2024-04-09T08:23:05","slug":"experten-im-organisieren-incentive-reisen-events-in-schottland-dmc","status":"publish","type":"page","link":"https:\/\/www.urlaubcornwall.de\/blog\/experten-im-organisieren-incentive-reisen-events-in-schottland-dmc\/","title":{"rendered":"Experten im Organisieren Incentive-Reisen &#038; Events in Schottland &#8211; DMC"},"content":{"rendered":"<p><img loading=\"lazy\" class=\"aligncenter size-full wp-image-47803\" src=\"https:\/\/www.urlaubcornwall.de\/blog\/wp-content\/uploads\/2024\/03\/schottland-seen.jpg\" alt=\"schottland loch\" width=\"750\" height=\"500\" srcset=\"https:\/\/www.urlaubcornwall.de\/blog\/wp-content\/uploads\/2024\/03\/schottland-seen.jpg 750w, https:\/\/www.urlaubcornwall.de\/blog\/wp-content\/uploads\/2024\/03\/schottland-seen-300x200.jpg 300w\" sizes=\"(max-width: 750px) 100vw, 750px\" \/><\/p>\n<p>Schottland ist wahrhaftig das perfekte Reiseziel f\u00fcr Incentivereisen &amp; MICE. Wir sind <a href=\"https:\/\/www.urlaubcornwall.de\/massgeschneiderte-gruppenreisen-und-touren.php\">Experten im Organisieren Konferenzen, Events und Touren<\/a> besonderer Interessensgruppen in&nbsp; Schottland, um jedem Geschmack und s\u00e4mtlichen Interessen entgegenzukommen.&nbsp;<\/p>\n<p>Edinburgh, Schottlands ikonische Hauptstadt und Glasgow mit seiner lebendigen Atmosph\u00e4re bieten eine riesige Auswahl an Sehensw\u00fcrdigkeiten, die Ihre G\u00e4ste genie\u00dfen k\u00f6nnen. Sie sind perfekte Ausgangslagen, um malerische St\u00e4dte und D\u00f6rfer zu erkunden, die Highlands und Inseln, sowie den weltber\u00fchmten Whiskypfad.<\/p>\n<p>Es gibt nirgendwo historischeres Land, als es Schottlandder Fall ist. Sie haben die Qual der Wahl mit historischen Herrenh\u00e4usern und Schl\u00f6ssern wie Stirling und Inveraray oder Burg Edinburgh, das Wahrzeichen der Stadt, wo auch die schottischen Kronjuwelenaufbewahrt sind, die Besucher sehen k\u00f6nnen.<\/p>\n<p>Doch zu Schottland geh\u00f6rt noch mehr als seine wundersch\u00f6nen und historischen St\u00e4dte und Kleinst\u00e4dte, die majest\u00e4tischen Highlands mit ihren Bergen und unber\u00fchrten Landschaften. Wir k\u00f6nnen eine riesige Bannbreite an Aktivit\u00e4ten anbieten, die Sie in Ihren Incentivereiseablauf mit einplanen k\u00f6nnen, von einem Besuch zur Insel Skye, einem Golfausflug in Troon oder St. Andrews, bis hin zu aktiveren Besch\u00e4ftigungen wie Kajakfahren oder Bootsfahrten auf Loch Lomond.<\/p>\n<p><strong>Abenteuer und Luxus<\/strong><\/p>\n<p>Wir k\u00f6nnen Schottland w\u00e4rmstens jenen empfehlen, die Aktivit\u00e4ten im Freien m\u00f6gen, von Wandern bis hin zum Angeln, Jagen, Kanufahren, Reiten oder Bergklettern.<\/p>\n<p>Damit Sie das Beste machen auf Ihrem Firmenincentive und Belohnungsprogramm in Schottland, werden wir f\u00fcr Sie den perfekten Veranstaltungsort finden f\u00fcr jede Art von Meeting und werden ein Programmzusammenstellen mit exklusiver Unterkunft, Verpflegung, wundervollen Aktivit\u00e4ten, Galadinners &amp; privatenEmpf\u00e4ngen, die allesamt Ihnen und Ihren Angestellten erm\u00f6glichen, zu entdecken, was dieses Land bei einem Besuch so aufregend macht.<\/p>\n<p>Aufgrund jahrelanger Erfahrung in der Eventsplanung, versteht unser engagiertes Team absolut die Firmenziele von Rewards und Incentives in Schottland. Um mehr zu unserem Service herauszufinden, Ihre Incentivereise zu diskutieren und ein unverbindliches Angebot zu erhalten, schicken Sie uns hier eine Nachfrage.<\/p>\n<p style=\"text-align: center;\"><a class=\"tidycta\" href=\"https:\/\/www.urlaubcornwall.de\/gruppenanfrage.php\">Gruppenanfrage<\/a><\/p>\n","protected":false},"excerpt":{"rendered":"<p>Schottland ist wahrhaftig das perfekte Reiseziel f\u00fcr Incentivereisen &amp; MICE. Wir sind Experten im Organisieren Konferenzen, Events und Touren besonderer Interessensgruppen in&nbsp; Schottland, um jedem Geschmack und s\u00e4mtlichen Interessen entgegenzukommen.&nbsp; Edinburgh, Schottlands ikonische Hauptstadt und Glasgow mit seiner lebendigen Atmosph\u00e4re bieten eine riesige Auswahl an Sehensw\u00fcrdigkeiten, die Ihre G\u00e4ste genie\u00dfen k\u00f6nnen. Sie sind perfekte Ausgangslagen, [&hellip;]<\/p>\n","protected":false},"author":1,"featured_media":0,"parent":0,"menu_order":0,"comment_status":"closed","ping_status":"closed","template":"single-four.php","meta":[],"acf":[],"yoast_head":"<!-- This site is optimized with the Yoast SEO plugin v19.4 - https:\/\/yoast.com\/wordpress\/plugins\/seo\/ -->\n<title>Experten im Organisieren Incentive-Reisen &amp; Events in Schottland - DMC - Urlaub &amp; Reisen<\/title>\n<meta name=\"robots\" content=\"index, follow, max-snippet:-1, max-image-preview:large, max-video-preview:-1\" \/>\n<link rel=\"canonical\" href=\"https:\/\/www.urlaubcornwall.de\/blog\/experten-im-organisieren-incentive-reisen-events-in-schottland-dmc\/\" \/>\n<meta property=\"og:locale\" content=\"en_US\" \/>\n<meta property=\"og:type\" content=\"article\" \/>\n<meta property=\"og:title\" content=\"Experten im Organisieren Incentive-Reisen &amp; Events in Schottland - DMC - Urlaub &amp; Reisen\" \/>\n<meta property=\"og:description\" content=\"Schottland ist wahrhaftig das perfekte Reiseziel f\u00fcr Incentivereisen &amp; MICE. Wir sind Experten im Organisieren Konferenzen, Events und Touren besonderer Interessensgruppen in&nbsp; Schottland, um jedem Geschmack und s\u00e4mtlichen Interessen entgegenzukommen.&nbsp; Edinburgh, Schottlands ikonische Hauptstadt und Glasgow mit seiner lebendigen Atmosph\u00e4re bieten eine riesige Auswahl an Sehensw\u00fcrdigkeiten, die Ihre G\u00e4ste genie\u00dfen k\u00f6nnen. Sie sind perfekte Ausgangslagen, [&hellip;]\" \/>\n<meta property=\"og:url\" content=\"https:\/\/www.urlaubcornwall.de\/blog\/experten-im-organisieren-incentive-reisen-events-in-schottland-dmc\/\" \/>\n<meta property=\"og:site_name\" content=\"Urlaub &amp; Reisen\" \/>\n<meta property=\"article:modified_time\" content=\"2024-04-09T08:23:05+00:00\" \/>\n<meta property=\"og:image\" content=\"https:\/\/www.urlaubcornwall.de\/blog\/wp-content\/uploads\/2024\/03\/schottland-seen.jpg\" \/>\n<meta name=\"twitter:card\" content=\"summary\" \/>\n<meta name=\"twitter:label1\" content=\"Est. reading time\" \/>\n\t<meta name=\"twitter:data1\" content=\"2 minutes\" \/>\n<script type=\"application\/ld+json\" class=\"yoast-schema-graph\">{\"@context\":\"https:\/\/schema.org\",\"@graph\":[{\"@type\":\"WebSite\",\"@id\":\"https:\/\/www.urlaubcornwall.de\/blog\/#website\",\"url\":\"https:\/\/www.urlaubcornwall.de\/blog\/\",\"name\":\"Urlaub &amp; Reisen\",\"description\":\"Urlaub, Reisen, Cornwall und S\u00fcdengland: eine perfekte Kombination\",\"potentialAction\":[{\"@type\":\"SearchAction\",\"target\":{\"@type\":\"EntryPoint\",\"urlTemplate\":\"https:\/\/www.urlaubcornwall.de\/blog\/?s={search_term_string}\"},\"query-input\":\"required name=search_term_string\"}],\"inLanguage\":\"en-US\"},{\"@type\":\"WebPage\",\"@id\":\"https:\/\/www.urlaubcornwall.de\/blog\/experten-im-organisieren-incentive-reisen-events-in-schottland-dmc\/\",\"url\":\"https:\/\/www.urlaubcornwall.de\/blog\/experten-im-organisieren-incentive-reisen-events-in-schottland-dmc\/\",\"name\":\"Experten im Organisieren Incentive-Reisen & Events in Schottland - DMC - Urlaub &amp; Reisen\",\"isPartOf\":{\"@id\":\"https:\/\/www.urlaubcornwall.de\/blog\/#website\"},\"datePublished\":\"2018-11-27T13:40:50+00:00\",\"dateModified\":\"2024-04-09T08:23:05+00:00\",\"breadcrumb\":{\"@id\":\"https:\/\/www.urlaubcornwall.de\/blog\/experten-im-organisieren-incentive-reisen-events-in-schottland-dmc\/#breadcrumb\"},\"inLanguage\":\"en-US\",\"potentialAction\":[{\"@type\":\"ReadAction\",\"target\":[\"https:\/\/www.urlaubcornwall.de\/blog\/experten-im-organisieren-incentive-reisen-events-in-schottland-dmc\/\"]}]},{\"@type\":\"BreadcrumbList\",\"@id\":\"https:\/\/www.urlaubcornwall.de\/blog\/experten-im-organisieren-incentive-reisen-events-in-schottland-dmc\/#breadcrumb\",\"itemListElement\":[{\"@type\":\"ListItem\",\"position\":1,\"name\":\"Home\",\"item\":\"https:\/\/www.urlaubcornwall.de\/blog\/\"},{\"@type\":\"ListItem\",\"position\":2,\"name\":\"Experten im Organisieren Incentive-Reisen &#038; Events in Schottland &#8211; DMC\"}]}]}<\/script>\n<!-- \/ Yoast SEO plugin. -->","yoast_head_json":{"title":"Experten im Organisieren Incentive-Reisen & Events in Schottland - DMC - Urlaub &amp; Reisen","robots":{"index":"index","follow":"follow","max-snippet":"max-snippet:-1","max-image-preview":"max-image-preview:large","max-video-preview":"max-video-preview:-1"},"canonical":"https:\/\/www.urlaubcornwall.de\/blog\/experten-im-organisieren-incentive-reisen-events-in-schottland-dmc\/","og_locale":"en_US","og_type":"article","og_title":"Experten im Organisieren Incentive-Reisen & Events in Schottland - DMC - Urlaub &amp; Reisen","og_description":"Schottland ist wahrhaftig das perfekte Reiseziel f\u00fcr Incentivereisen &amp; MICE. Wir sind Experten im Organisieren Konferenzen, Events und Touren besonderer Interessensgruppen in&nbsp; Schottland, um jedem Geschmack und s\u00e4mtlichen Interessen entgegenzukommen.&nbsp; Edinburgh, Schottlands ikonische Hauptstadt und Glasgow mit seiner lebendigen Atmosph\u00e4re bieten eine riesige Auswahl an Sehensw\u00fcrdigkeiten, die Ihre G\u00e4ste genie\u00dfen k\u00f6nnen. Sie sind perfekte Ausgangslagen, [&hellip;]","og_url":"https:\/\/www.urlaubcornwall.de\/blog\/experten-im-organisieren-incentive-reisen-events-in-schottland-dmc\/","og_site_name":"Urlaub &amp; Reisen","article_modified_time":"2024-04-09T08:23:05+00:00","og_image":[{"url":"https:\/\/www.urlaubcornwall.de\/blog\/wp-content\/uploads\/2024\/03\/schottland-seen.jpg"}],"twitter_card":"summary","twitter_misc":{"Est. reading time":"2 minutes"},"schema":{"@context":"https:\/\/schema.org","@graph":[{"@type":"WebSite","@id":"https:\/\/www.urlaubcornwall.de\/blog\/#website","url":"https:\/\/www.urlaubcornwall.de\/blog\/","name":"Urlaub &amp; Reisen","description":"Urlaub, Reisen, Cornwall und S\u00fcdengland: eine perfekte Kombination","potentialAction":[{"@type":"SearchAction","target":{"@type":"EntryPoint","urlTemplate":"https:\/\/www.urlaubcornwall.de\/blog\/?s={search_term_string}"},"query-input":"required name=search_term_string"}],"inLanguage":"en-US"},{"@type":"WebPage","@id":"https:\/\/www.urlaubcornwall.de\/blog\/experten-im-organisieren-incentive-reisen-events-in-schottland-dmc\/","url":"https:\/\/www.urlaubcornwall.de\/blog\/experten-im-organisieren-incentive-reisen-events-in-schottland-dmc\/","name":"Experten im Organisieren Incentive-Reisen & Events in Schottland - DMC - Urlaub &amp; Reisen","isPartOf":{"@id":"https:\/\/www.urlaubcornwall.de\/blog\/#website"},"datePublished":"2018-11-27T13:40:50+00:00","dateModified":"2024-04-09T08:23:05+00:00","breadcrumb":{"@id":"https:\/\/www.urlaubcornwall.de\/blog\/experten-im-organisieren-incentive-reisen-events-in-schottland-dmc\/#breadcrumb"},"inLanguage":"en-US","potentialAction":[{"@type":"ReadAction","target":["https:\/\/www.urlaubcornwall.de\/blog\/experten-im-organisieren-incentive-reisen-events-in-schottland-dmc\/"]}]},{"@type":"BreadcrumbList","@id":"https:\/\/www.urlaubcornwall.de\/blog\/experten-im-organisieren-incentive-reisen-events-in-schottland-dmc\/#breadcrumb","itemListElement":[{"@type":"ListItem","position":1,"name":"Home","item":"https:\/\/www.urlaubcornwall.de\/blog\/"},{"@type":"ListItem","position":2,"name":"Experten im Organisieren Incentive-Reisen &#038; Events in Schottland &#8211; DMC"}]}]}},"_links":{"self":[{"href":"https:\/\/www.urlaubcornwall.de\/blog\/wp-json\/wp\/v2\/pages\/34650"}],"collection":[{"href":"https:\/\/www.urlaubcornwall.de\/blog\/wp-json\/wp\/v2\/pages"}],"about":[{"href":"https:\/\/www.urlaubcornwall.de\/blog\/wp-json\/wp\/v2\/types\/page"}],"author":[{"embeddable":true,"href":"https:\/\/www.urlaubcornwall.de\/blog\/wp-json\/wp\/v2\/users\/1"}],"replies":[{"embeddable":true,"href":"https:\/\/www.urlaubcornwall.de\/blog\/wp-json\/wp\/v2\/comments?post=34650"}],"version-history":[{"count":2,"href":"https:\/\/www.urlaubcornwall.de\/blog\/wp-json\/wp\/v2\/pages\/34650\/revisions"}],"predecessor-version":[{"id":49034,"href":"https:\/\/www.urlaubcornwall.de\/blog\/wp-json\/wp\/v2\/pages\/34650\/revisions\/49034"}],"wp:attachment":[{"href":"https:\/\/www.urlaubcornwall.de\/blog\/wp-json\/wp\/v2\/media?parent=34650"}],"curies":[{"name":"wp","href":"https:\/\/api.w.org\/{rel}","templated":true}]}}