{"id":34648,"date":"2018-11-27T11:43:58","date_gmt":"2018-11-27T11:43:58","guid":{"rendered":"https:\/\/www.urlaubcornwall.de\/blog\/?page_id=34648"},"modified":"2024-04-09T09:03:11","modified_gmt":"2024-04-09T09:03:11","slug":"gruppenreisen-incentive-reisen-events-in-irland-dmc","status":"publish","type":"page","link":"https:\/\/www.urlaubcornwall.de\/blog\/gruppenreisen-incentive-reisen-events-in-irland-dmc\/","title":{"rendered":"Gruppenreisen, Incentive-Reisen &#038; Events in Irland &#8211; DMC"},"content":{"rendered":"<p><a href=\"https:\/\/www.urlaubcornwall.de\/blog\/wp-content\/uploads\/2024\/03\/irland-chloss.jpg\"><img loading=\"lazy\" src=\"https:\/\/www.urlaubcornwall.de\/blog\/wp-content\/uploads\/2024\/03\/irland-chloss.jpg\" alt=\"irland schloss\" width=\"750\" height=\"563\" class=\"alignnone size-full wp-image-47809\" srcset=\"https:\/\/www.urlaubcornwall.de\/blog\/wp-content\/uploads\/2024\/03\/irland-chloss.jpg 750w, https:\/\/www.urlaubcornwall.de\/blog\/wp-content\/uploads\/2024\/03\/irland-chloss-300x225.jpg 300w\" sizes=\"(max-width: 750px) 100vw, 750px\" \/><\/a><\/p>\n<p>Irland ist ein perfektes Reiseziel zum Teambuilding und f\u00fcr Incentive-Reisen. Wir sind <a href=\"https:\/\/www.urlaubcornwall.de\/massgeschneiderte-gruppenreisen-und-touren.php\">Experten im Organisieren MICE und Touren<\/a> besonderer Interessensgruppen in Irland, um jedem Geschmack und s\u00e4mtlichen Interessen entgegenzukommen.&nbsp;<\/p>\n<p>Die Hauptstadt Dublin ist voller historischer Geb\u00e4ude, gro\u00dfartiger Speiselokale und aufregenden Aktivit\u00e4ten, wie das Besuchen der vielen faszinierenden Sehensw\u00fcrdigkeiten und feinen Restaurants. Galway an der Westk\u00fcste, ist eine kulturelle Hochburg, wo Besucher die Pflasterstra\u00dfen erkunden und in einer der traditionellen Kneipen Irlandsein Ma\u00df Guinness trinken und dabei irische Volksmusik h\u00f6ren k\u00f6nnen.<\/p>\n<p>Au\u00dferhalb der Stadt bietet das Land eine Vielzahl an historischen St\u00e4tten, atemberaubende Landschaft und herrliche Speisen und Wein. Daher ist Irland der ideale Ort, sowohl f\u00fcr Ihre Belohnungs- als auch Incentiveaktivit\u00e4ten. Von der spektakul\u00e4ren K\u00fcste des Wild Atlantic Waybis hin zu urigen D\u00f6rfern, die in die satt gr\u00fcne Landschaft eingeschmiegt sind, dazu die lebendigen Kulturst\u00e4dte, gibt es in Irlandjede Menge zu sehen und zu tun.<\/p>\n<p><strong>Gro\u03b2artige Unterkunft und Verpflegung<\/strong><\/p>\n<p>Irland bietet eine breite Vielfalt an Unterk\u00fcnften, von Luxushotels am Meer oder zwischen seinen Seen und Bergen und modernen Hotels in den Stadtzentren mit s\u00e4mtlichen Fazilit\u00e4ten, die Sie erwarten k\u00f6nnten.<\/p>\n<p>Speisem\u00f6glichkeiten reichen von Top, mit Michelin Sternen ausgezeichneten Restaurants bis hin zum Nachmittagstee im WestburyHotel; es gibt gro\u00dfartige M\u00f6glichkeiten f\u00fcr jedes Budget.<\/p>\n<p>Damit Sie im Rahmen Ihres Firmenincentive und Firmenrewards in Irland das Bestm\u00f6gliche liefern k\u00f6nnen, finden wir f\u00fcr Sie den perfekten Veranstaltungsort f\u00fcr s\u00e4mtliche Meetings und stellen ein Paket zusammen, das Unterkunft, Verpflegung und unvergessliche Aktivit\u00e4ten beinhaltet, die es Ihnen und Ihren Kollegen gestatten, zu entdecken, was Irland zu einem derart aufregenden Ort macht.<\/p>\n<p>Um mehr zu unserem Service herauszufinden, Ihre Incentivereise zu diskutieren und ein unverbindliches Angebot zu erhalten, schicken Sie uns hier eine Nachfrage.<\/p>\n<p style=\"text-align: center;\"><a class=\"tidycta\" href=\"https:\/\/www.urlaubcornwall.de\/gruppenanfrage.php\">Gruppenanfrage<\/a><\/p>\n","protected":false},"excerpt":{"rendered":"<p>Irland ist ein perfektes Reiseziel zum Teambuilding und f\u00fcr Incentive-Reisen. Wir sind Experten im Organisieren MICE und Touren besonderer Interessensgruppen in Irland, um jedem Geschmack und s\u00e4mtlichen Interessen entgegenzukommen.&nbsp; Die Hauptstadt Dublin ist voller historischer Geb\u00e4ude, gro\u00dfartiger Speiselokale und aufregenden Aktivit\u00e4ten, wie das Besuchen der vielen faszinierenden Sehensw\u00fcrdigkeiten und feinen Restaurants. Galway an der Westk\u00fcste, [&hellip;]<\/p>\n","protected":false},"author":1,"featured_media":0,"parent":0,"menu_order":0,"comment_status":"closed","ping_status":"closed","template":"single-four.php","meta":[],"acf":[],"yoast_head":"<!-- This site is optimized with the Yoast SEO plugin v19.4 - https:\/\/yoast.com\/wordpress\/plugins\/seo\/ -->\n<title>Gruppenreisen, Incentive-Reisen &amp; Events in Irland - DMC - Urlaub &amp; Reisen<\/title>\n<meta name=\"robots\" content=\"index, follow, max-snippet:-1, max-image-preview:large, max-video-preview:-1\" \/>\n<link rel=\"canonical\" href=\"https:\/\/www.urlaubcornwall.de\/blog\/gruppenreisen-incentive-reisen-events-in-irland-dmc\/\" \/>\n<meta property=\"og:locale\" content=\"en_US\" \/>\n<meta property=\"og:type\" content=\"article\" \/>\n<meta property=\"og:title\" content=\"Gruppenreisen, Incentive-Reisen &amp; Events in Irland - DMC - Urlaub &amp; Reisen\" \/>\n<meta property=\"og:description\" content=\"Irland ist ein perfektes Reiseziel zum Teambuilding und f\u00fcr Incentive-Reisen. Wir sind Experten im Organisieren MICE und Touren besonderer Interessensgruppen in Irland, um jedem Geschmack und s\u00e4mtlichen Interessen entgegenzukommen.&nbsp; Die Hauptstadt Dublin ist voller historischer Geb\u00e4ude, gro\u00dfartiger Speiselokale und aufregenden Aktivit\u00e4ten, wie das Besuchen der vielen faszinierenden Sehensw\u00fcrdigkeiten und feinen Restaurants. Galway an der Westk\u00fcste, [&hellip;]\" \/>\n<meta property=\"og:url\" content=\"https:\/\/www.urlaubcornwall.de\/blog\/gruppenreisen-incentive-reisen-events-in-irland-dmc\/\" \/>\n<meta property=\"og:site_name\" content=\"Urlaub &amp; Reisen\" \/>\n<meta property=\"article:modified_time\" content=\"2024-04-09T09:03:11+00:00\" \/>\n<meta property=\"og:image\" content=\"https:\/\/www.urlaubcornwall.de\/blog\/wp-content\/uploads\/2024\/03\/irland-chloss.jpg\" \/>\n<meta name=\"twitter:card\" content=\"summary\" \/>\n<meta name=\"twitter:label1\" content=\"Est. reading time\" \/>\n\t<meta name=\"twitter:data1\" content=\"2 minutes\" \/>\n<script type=\"application\/ld+json\" class=\"yoast-schema-graph\">{\"@context\":\"https:\/\/schema.org\",\"@graph\":[{\"@type\":\"WebSite\",\"@id\":\"https:\/\/www.urlaubcornwall.de\/blog\/#website\",\"url\":\"https:\/\/www.urlaubcornwall.de\/blog\/\",\"name\":\"Urlaub &amp; Reisen\",\"description\":\"Urlaub, Reisen, Cornwall und S\u00fcdengland: eine perfekte Kombination\",\"potentialAction\":[{\"@type\":\"SearchAction\",\"target\":{\"@type\":\"EntryPoint\",\"urlTemplate\":\"https:\/\/www.urlaubcornwall.de\/blog\/?s={search_term_string}\"},\"query-input\":\"required name=search_term_string\"}],\"inLanguage\":\"en-US\"},{\"@type\":\"WebPage\",\"@id\":\"https:\/\/www.urlaubcornwall.de\/blog\/gruppenreisen-incentive-reisen-events-in-irland-dmc\/\",\"url\":\"https:\/\/www.urlaubcornwall.de\/blog\/gruppenreisen-incentive-reisen-events-in-irland-dmc\/\",\"name\":\"Gruppenreisen, Incentive-Reisen & Events in Irland - DMC - Urlaub &amp; Reisen\",\"isPartOf\":{\"@id\":\"https:\/\/www.urlaubcornwall.de\/blog\/#website\"},\"datePublished\":\"2018-11-27T11:43:58+00:00\",\"dateModified\":\"2024-04-09T09:03:11+00:00\",\"breadcrumb\":{\"@id\":\"https:\/\/www.urlaubcornwall.de\/blog\/gruppenreisen-incentive-reisen-events-in-irland-dmc\/#breadcrumb\"},\"inLanguage\":\"en-US\",\"potentialAction\":[{\"@type\":\"ReadAction\",\"target\":[\"https:\/\/www.urlaubcornwall.de\/blog\/gruppenreisen-incentive-reisen-events-in-irland-dmc\/\"]}]},{\"@type\":\"BreadcrumbList\",\"@id\":\"https:\/\/www.urlaubcornwall.de\/blog\/gruppenreisen-incentive-reisen-events-in-irland-dmc\/#breadcrumb\",\"itemListElement\":[{\"@type\":\"ListItem\",\"position\":1,\"name\":\"Home\",\"item\":\"https:\/\/www.urlaubcornwall.de\/blog\/\"},{\"@type\":\"ListItem\",\"position\":2,\"name\":\"Gruppenreisen, Incentive-Reisen &#038; Events in Irland &#8211; DMC\"}]}]}<\/script>\n<!-- \/ Yoast SEO plugin. -->","yoast_head_json":{"title":"Gruppenreisen, Incentive-Reisen & Events in Irland - DMC - Urlaub &amp; Reisen","robots":{"index":"index","follow":"follow","max-snippet":"max-snippet:-1","max-image-preview":"max-image-preview:large","max-video-preview":"max-video-preview:-1"},"canonical":"https:\/\/www.urlaubcornwall.de\/blog\/gruppenreisen-incentive-reisen-events-in-irland-dmc\/","og_locale":"en_US","og_type":"article","og_title":"Gruppenreisen, Incentive-Reisen & Events in Irland - DMC - Urlaub &amp; Reisen","og_description":"Irland ist ein perfektes Reiseziel zum Teambuilding und f\u00fcr Incentive-Reisen. Wir sind Experten im Organisieren MICE und Touren besonderer Interessensgruppen in Irland, um jedem Geschmack und s\u00e4mtlichen Interessen entgegenzukommen.&nbsp; Die Hauptstadt Dublin ist voller historischer Geb\u00e4ude, gro\u00dfartiger Speiselokale und aufregenden Aktivit\u00e4ten, wie das Besuchen der vielen faszinierenden Sehensw\u00fcrdigkeiten und feinen Restaurants. Galway an der Westk\u00fcste, [&hellip;]","og_url":"https:\/\/www.urlaubcornwall.de\/blog\/gruppenreisen-incentive-reisen-events-in-irland-dmc\/","og_site_name":"Urlaub &amp; Reisen","article_modified_time":"2024-04-09T09:03:11+00:00","og_image":[{"url":"https:\/\/www.urlaubcornwall.de\/blog\/wp-content\/uploads\/2024\/03\/irland-chloss.jpg"}],"twitter_card":"summary","twitter_misc":{"Est. reading time":"2 minutes"},"schema":{"@context":"https:\/\/schema.org","@graph":[{"@type":"WebSite","@id":"https:\/\/www.urlaubcornwall.de\/blog\/#website","url":"https:\/\/www.urlaubcornwall.de\/blog\/","name":"Urlaub &amp; Reisen","description":"Urlaub, Reisen, Cornwall und S\u00fcdengland: eine perfekte Kombination","potentialAction":[{"@type":"SearchAction","target":{"@type":"EntryPoint","urlTemplate":"https:\/\/www.urlaubcornwall.de\/blog\/?s={search_term_string}"},"query-input":"required name=search_term_string"}],"inLanguage":"en-US"},{"@type":"WebPage","@id":"https:\/\/www.urlaubcornwall.de\/blog\/gruppenreisen-incentive-reisen-events-in-irland-dmc\/","url":"https:\/\/www.urlaubcornwall.de\/blog\/gruppenreisen-incentive-reisen-events-in-irland-dmc\/","name":"Gruppenreisen, Incentive-Reisen & Events in Irland - DMC - Urlaub &amp; Reisen","isPartOf":{"@id":"https:\/\/www.urlaubcornwall.de\/blog\/#website"},"datePublished":"2018-11-27T11:43:58+00:00","dateModified":"2024-04-09T09:03:11+00:00","breadcrumb":{"@id":"https:\/\/www.urlaubcornwall.de\/blog\/gruppenreisen-incentive-reisen-events-in-irland-dmc\/#breadcrumb"},"inLanguage":"en-US","potentialAction":[{"@type":"ReadAction","target":["https:\/\/www.urlaubcornwall.de\/blog\/gruppenreisen-incentive-reisen-events-in-irland-dmc\/"]}]},{"@type":"BreadcrumbList","@id":"https:\/\/www.urlaubcornwall.de\/blog\/gruppenreisen-incentive-reisen-events-in-irland-dmc\/#breadcrumb","itemListElement":[{"@type":"ListItem","position":1,"name":"Home","item":"https:\/\/www.urlaubcornwall.de\/blog\/"},{"@type":"ListItem","position":2,"name":"Gruppenreisen, Incentive-Reisen &#038; Events in Irland &#8211; DMC"}]}]}},"_links":{"self":[{"href":"https:\/\/www.urlaubcornwall.de\/blog\/wp-json\/wp\/v2\/pages\/34648"}],"collection":[{"href":"https:\/\/www.urlaubcornwall.de\/blog\/wp-json\/wp\/v2\/pages"}],"about":[{"href":"https:\/\/www.urlaubcornwall.de\/blog\/wp-json\/wp\/v2\/types\/page"}],"author":[{"embeddable":true,"href":"https:\/\/www.urlaubcornwall.de\/blog\/wp-json\/wp\/v2\/users\/1"}],"replies":[{"embeddable":true,"href":"https:\/\/www.urlaubcornwall.de\/blog\/wp-json\/wp\/v2\/comments?post=34648"}],"version-history":[{"count":2,"href":"https:\/\/www.urlaubcornwall.de\/blog\/wp-json\/wp\/v2\/pages\/34648\/revisions"}],"predecessor-version":[{"id":49069,"href":"https:\/\/www.urlaubcornwall.de\/blog\/wp-json\/wp\/v2\/pages\/34648\/revisions\/49069"}],"wp:attachment":[{"href":"https:\/\/www.urlaubcornwall.de\/blog\/wp-json\/wp\/v2\/media?parent=34648"}],"curies":[{"name":"wp","href":"https:\/\/api.w.org\/{rel}","templated":true}]}}