{"id":34646,"date":"2018-11-27T10:23:32","date_gmt":"2018-11-27T10:23:32","guid":{"rendered":"https:\/\/www.urlaubcornwall.de\/blog\/?page_id=34646"},"modified":"2024-04-05T14:05:37","modified_gmt":"2024-04-05T14:05:37","slug":"experten-im-organisieren-konferenzen-und-events-in-dublin-irland","status":"publish","type":"page","link":"https:\/\/www.urlaubcornwall.de\/blog\/experten-im-organisieren-konferenzen-und-events-in-dublin-irland\/","title":{"rendered":"Experten im Organisieren Konferenzen und Events in Dublin &#038; Irland"},"content":{"rendered":"<p><a href=\"https:\/\/www.urlaubcornwall.de\/blog\/wp-content\/uploads\/2024\/03\/cliffs-of-moher-irland.jpg\"><img loading=\"lazy\" class=\"alignnone size-full wp-image-47810\" src=\"https:\/\/www.urlaubcornwall.de\/blog\/wp-content\/uploads\/2024\/03\/cliffs-of-moher-irland.jpg\" alt=\"cliffs of moher irland\" width=\"750\" height=\"500\" srcset=\"https:\/\/www.urlaubcornwall.de\/blog\/wp-content\/uploads\/2024\/03\/cliffs-of-moher-irland.jpg 750w, https:\/\/www.urlaubcornwall.de\/blog\/wp-content\/uploads\/2024\/03\/cliffs-of-moher-irland-300x200.jpg 300w\" sizes=\"(max-width: 750px) 100vw, 750px\" \/><\/a><\/p>\n<p>Dublin ist ein ideales Reiseziel f\u00fcr Konferenzen s\u00e4mtlicher Gr\u00f6\u00dfen. Wir sind <a href=\"https:\/\/www.urlaubcornwall.de\/massgeschneiderte-gruppenreisen-und-touren.php\">Experten im Organisieren Konferenzen und Touren<\/a> besonderer Interessensgruppen in Irland, um jedem Geschmack und s\u00e4mtlichen Interessen entgegenzukommen.&nbsp;<\/p>\n<p>Mit hervorragender Erreichbarkeit bietet Dublin die besten M\u00f6glichkeiten und ist umgeben von einigen der wundersch\u00f6nsten und unber\u00fchrtesten Landschaften Europas. Es sind weniger als zwei Stunden von London, Paris oder Br\u00fcssel und lediglich f\u00fcnf Stunden von der Ostk\u00fcste der US mit t\u00e4glichen Direktfl\u00fcgen.<\/p>\n<p>Die Stadt und ihre Umgebung hat Delegierten auch viel Attraktives zu bieten, wenn diese nicht in Ihrer Konferenz stecken. Es gibt historische Geb\u00e4ude zu erkunden, gro\u00dfartige Speiseerlebnisse zu genie\u00dfen, aufregende Aktivit\u00e4ten auszuprobieren, sowie au\u00dfergew\u00f6hnliche Orte zu besichtigen.<\/p>\n<p>Vom Trinken einer Ma\u00df Guinness in einer traditionellen irischen Kneipe bis hin zum Genie\u00dfen irischer Volksmusik und Tanzes, eignet sich die Stadt perfekt, um hier Ihre Konferenz abzuhalten und echte Gastfreundschaft zu erleben.<\/p>\n<p><strong>Abenteuer und Luxus<\/strong><\/p>\n<p>F\u00fcr die eher Abenteuerlustigen bietet die l\u00e4ndliche Umgebung eine Reihe abenteuerlicher Besch\u00e4ftigungen wie Bootsfahrten um die Dublin Bucht herum, Tontaubenschie\u00dfen, Angeln, Reiten, Pfeil-und Bogenschie\u00dfen und Golf.<\/p>\n<p>Um sicher zu stellen, dass Sie Ihre Konferenzziele in Dublin erreichen, werden wir f\u00fcr Sie f\u00fcr s\u00e4mtliche Meetings den perfekten Veranstaltungsort finden und ein Paket zusammenstellen mit Unterkunft, Verpflegung und Aktivit\u00e4ten, das es Delegierten erm\u00f6glicht, zu entdecken, was genau die Stadt so einzigartig macht.<\/p>\n<p>Um mehr zu unserem Service zu erfahren, um Ihre Konferenz zu diskutieren und ein unverbindliches Angebot zu erhalten, schicken Sie unshier eine Nachfrage.<\/p>\n<p style=\"text-align: center;\"><a class=\"tidycta\" href=\"https:\/\/www.urlaubcornwall.de\/gruppenanfrage.php\">Konferenz Anfrage<\/a><\/p>\n","protected":false},"excerpt":{"rendered":"<p>Dublin ist ein ideales Reiseziel f\u00fcr Konferenzen s\u00e4mtlicher Gr\u00f6\u00dfen. Wir sind Experten im Organisieren Konferenzen und Touren besonderer Interessensgruppen in Irland, um jedem Geschmack und s\u00e4mtlichen Interessen entgegenzukommen.&nbsp; Mit hervorragender Erreichbarkeit bietet Dublin die besten M\u00f6glichkeiten und ist umgeben von einigen der wundersch\u00f6nsten und unber\u00fchrtesten Landschaften Europas. Es sind weniger als zwei Stunden von London, [&hellip;]<\/p>\n","protected":false},"author":1,"featured_media":0,"parent":0,"menu_order":0,"comment_status":"closed","ping_status":"closed","template":"single-four.php","meta":[],"acf":[],"yoast_head":"<!-- This site is optimized with the Yoast SEO plugin v19.4 - https:\/\/yoast.com\/wordpress\/plugins\/seo\/ -->\n<title>Experten im Organisieren Konferenzen und Events in Dublin &amp; Irland - Urlaub &amp; Reisen<\/title>\n<meta name=\"robots\" content=\"index, follow, max-snippet:-1, max-image-preview:large, max-video-preview:-1\" \/>\n<link rel=\"canonical\" href=\"https:\/\/www.urlaubcornwall.de\/blog\/experten-im-organisieren-konferenzen-und-events-in-dublin-irland\/\" \/>\n<meta property=\"og:locale\" content=\"en_US\" \/>\n<meta property=\"og:type\" content=\"article\" \/>\n<meta property=\"og:title\" content=\"Experten im Organisieren Konferenzen und Events in Dublin &amp; Irland - Urlaub &amp; Reisen\" \/>\n<meta property=\"og:description\" content=\"Dublin ist ein ideales Reiseziel f\u00fcr Konferenzen s\u00e4mtlicher Gr\u00f6\u00dfen. Wir sind Experten im Organisieren Konferenzen und Touren besonderer Interessensgruppen in Irland, um jedem Geschmack und s\u00e4mtlichen Interessen entgegenzukommen.&nbsp; Mit hervorragender Erreichbarkeit bietet Dublin die besten M\u00f6glichkeiten und ist umgeben von einigen der wundersch\u00f6nsten und unber\u00fchrtesten Landschaften Europas. Es sind weniger als zwei Stunden von London, [&hellip;]\" \/>\n<meta property=\"og:url\" content=\"https:\/\/www.urlaubcornwall.de\/blog\/experten-im-organisieren-konferenzen-und-events-in-dublin-irland\/\" \/>\n<meta property=\"og:site_name\" content=\"Urlaub &amp; Reisen\" \/>\n<meta property=\"article:modified_time\" content=\"2024-04-05T14:05:37+00:00\" \/>\n<meta property=\"og:image\" content=\"https:\/\/www.urlaubcornwall.de\/blog\/wp-content\/uploads\/2024\/03\/cliffs-of-moher-irland.jpg\" \/>\n<meta name=\"twitter:card\" content=\"summary\" \/>\n<meta name=\"twitter:label1\" content=\"Est. reading time\" \/>\n\t<meta name=\"twitter:data1\" content=\"2 minutes\" \/>\n<script type=\"application\/ld+json\" class=\"yoast-schema-graph\">{\"@context\":\"https:\/\/schema.org\",\"@graph\":[{\"@type\":\"WebSite\",\"@id\":\"https:\/\/www.urlaubcornwall.de\/blog\/#website\",\"url\":\"https:\/\/www.urlaubcornwall.de\/blog\/\",\"name\":\"Urlaub &amp; Reisen\",\"description\":\"Urlaub, Reisen, Cornwall und S\u00fcdengland: eine perfekte Kombination\",\"potentialAction\":[{\"@type\":\"SearchAction\",\"target\":{\"@type\":\"EntryPoint\",\"urlTemplate\":\"https:\/\/www.urlaubcornwall.de\/blog\/?s={search_term_string}\"},\"query-input\":\"required name=search_term_string\"}],\"inLanguage\":\"en-US\"},{\"@type\":\"WebPage\",\"@id\":\"https:\/\/www.urlaubcornwall.de\/blog\/experten-im-organisieren-konferenzen-und-events-in-dublin-irland\/\",\"url\":\"https:\/\/www.urlaubcornwall.de\/blog\/experten-im-organisieren-konferenzen-und-events-in-dublin-irland\/\",\"name\":\"Experten im Organisieren Konferenzen und Events in Dublin & Irland - Urlaub &amp; Reisen\",\"isPartOf\":{\"@id\":\"https:\/\/www.urlaubcornwall.de\/blog\/#website\"},\"datePublished\":\"2018-11-27T10:23:32+00:00\",\"dateModified\":\"2024-04-05T14:05:37+00:00\",\"breadcrumb\":{\"@id\":\"https:\/\/www.urlaubcornwall.de\/blog\/experten-im-organisieren-konferenzen-und-events-in-dublin-irland\/#breadcrumb\"},\"inLanguage\":\"en-US\",\"potentialAction\":[{\"@type\":\"ReadAction\",\"target\":[\"https:\/\/www.urlaubcornwall.de\/blog\/experten-im-organisieren-konferenzen-und-events-in-dublin-irland\/\"]}]},{\"@type\":\"BreadcrumbList\",\"@id\":\"https:\/\/www.urlaubcornwall.de\/blog\/experten-im-organisieren-konferenzen-und-events-in-dublin-irland\/#breadcrumb\",\"itemListElement\":[{\"@type\":\"ListItem\",\"position\":1,\"name\":\"Home\",\"item\":\"https:\/\/www.urlaubcornwall.de\/blog\/\"},{\"@type\":\"ListItem\",\"position\":2,\"name\":\"Experten im Organisieren Konferenzen und Events in Dublin &#038; Irland\"}]}]}<\/script>\n<!-- \/ Yoast SEO plugin. -->","yoast_head_json":{"title":"Experten im Organisieren Konferenzen und Events in Dublin & Irland - Urlaub &amp; Reisen","robots":{"index":"index","follow":"follow","max-snippet":"max-snippet:-1","max-image-preview":"max-image-preview:large","max-video-preview":"max-video-preview:-1"},"canonical":"https:\/\/www.urlaubcornwall.de\/blog\/experten-im-organisieren-konferenzen-und-events-in-dublin-irland\/","og_locale":"en_US","og_type":"article","og_title":"Experten im Organisieren Konferenzen und Events in Dublin & Irland - Urlaub &amp; Reisen","og_description":"Dublin ist ein ideales Reiseziel f\u00fcr Konferenzen s\u00e4mtlicher Gr\u00f6\u00dfen. Wir sind Experten im Organisieren Konferenzen und Touren besonderer Interessensgruppen in Irland, um jedem Geschmack und s\u00e4mtlichen Interessen entgegenzukommen.&nbsp; Mit hervorragender Erreichbarkeit bietet Dublin die besten M\u00f6glichkeiten und ist umgeben von einigen der wundersch\u00f6nsten und unber\u00fchrtesten Landschaften Europas. Es sind weniger als zwei Stunden von London, [&hellip;]","og_url":"https:\/\/www.urlaubcornwall.de\/blog\/experten-im-organisieren-konferenzen-und-events-in-dublin-irland\/","og_site_name":"Urlaub &amp; Reisen","article_modified_time":"2024-04-05T14:05:37+00:00","og_image":[{"url":"https:\/\/www.urlaubcornwall.de\/blog\/wp-content\/uploads\/2024\/03\/cliffs-of-moher-irland.jpg"}],"twitter_card":"summary","twitter_misc":{"Est. reading time":"2 minutes"},"schema":{"@context":"https:\/\/schema.org","@graph":[{"@type":"WebSite","@id":"https:\/\/www.urlaubcornwall.de\/blog\/#website","url":"https:\/\/www.urlaubcornwall.de\/blog\/","name":"Urlaub &amp; Reisen","description":"Urlaub, Reisen, Cornwall und S\u00fcdengland: eine perfekte Kombination","potentialAction":[{"@type":"SearchAction","target":{"@type":"EntryPoint","urlTemplate":"https:\/\/www.urlaubcornwall.de\/blog\/?s={search_term_string}"},"query-input":"required name=search_term_string"}],"inLanguage":"en-US"},{"@type":"WebPage","@id":"https:\/\/www.urlaubcornwall.de\/blog\/experten-im-organisieren-konferenzen-und-events-in-dublin-irland\/","url":"https:\/\/www.urlaubcornwall.de\/blog\/experten-im-organisieren-konferenzen-und-events-in-dublin-irland\/","name":"Experten im Organisieren Konferenzen und Events in Dublin & Irland - Urlaub &amp; Reisen","isPartOf":{"@id":"https:\/\/www.urlaubcornwall.de\/blog\/#website"},"datePublished":"2018-11-27T10:23:32+00:00","dateModified":"2024-04-05T14:05:37+00:00","breadcrumb":{"@id":"https:\/\/www.urlaubcornwall.de\/blog\/experten-im-organisieren-konferenzen-und-events-in-dublin-irland\/#breadcrumb"},"inLanguage":"en-US","potentialAction":[{"@type":"ReadAction","target":["https:\/\/www.urlaubcornwall.de\/blog\/experten-im-organisieren-konferenzen-und-events-in-dublin-irland\/"]}]},{"@type":"BreadcrumbList","@id":"https:\/\/www.urlaubcornwall.de\/blog\/experten-im-organisieren-konferenzen-und-events-in-dublin-irland\/#breadcrumb","itemListElement":[{"@type":"ListItem","position":1,"name":"Home","item":"https:\/\/www.urlaubcornwall.de\/blog\/"},{"@type":"ListItem","position":2,"name":"Experten im Organisieren Konferenzen und Events in Dublin &#038; Irland"}]}]}},"_links":{"self":[{"href":"https:\/\/www.urlaubcornwall.de\/blog\/wp-json\/wp\/v2\/pages\/34646"}],"collection":[{"href":"https:\/\/www.urlaubcornwall.de\/blog\/wp-json\/wp\/v2\/pages"}],"about":[{"href":"https:\/\/www.urlaubcornwall.de\/blog\/wp-json\/wp\/v2\/types\/page"}],"author":[{"embeddable":true,"href":"https:\/\/www.urlaubcornwall.de\/blog\/wp-json\/wp\/v2\/users\/1"}],"replies":[{"embeddable":true,"href":"https:\/\/www.urlaubcornwall.de\/blog\/wp-json\/wp\/v2\/comments?post=34646"}],"version-history":[{"count":2,"href":"https:\/\/www.urlaubcornwall.de\/blog\/wp-json\/wp\/v2\/pages\/34646\/revisions"}],"predecessor-version":[{"id":49002,"href":"https:\/\/www.urlaubcornwall.de\/blog\/wp-json\/wp\/v2\/pages\/34646\/revisions\/49002"}],"wp:attachment":[{"href":"https:\/\/www.urlaubcornwall.de\/blog\/wp-json\/wp\/v2\/media?parent=34646"}],"curies":[{"name":"wp","href":"https:\/\/api.w.org\/{rel}","templated":true}]}}