{"id":34641,"date":"2018-11-27T10:11:18","date_gmt":"2018-11-27T10:11:18","guid":{"rendered":"https:\/\/www.urlaubcornwall.de\/blog\/?page_id=34641"},"modified":"2018-11-27T10:14:20","modified_gmt":"2018-11-27T10:14:20","slug":"experten-im-organisieren-konferenzen-in-schottland","status":"publish","type":"page","link":"https:\/\/www.urlaubcornwall.de\/blog\/experten-im-organisieren-konferenzen-in-schottland\/","title":{"rendered":"Experten im Organisieren Konferenzen &#038; Events in Schottland"},"content":{"rendered":"<p><img loading=\"lazy\" class=\"aligncenter size-full wp-image-20610\" src=\"https:\/\/www.urlaubcornwall.de\/blog\/wp-content\/uploads\/2015\/10\/edinburgh-luxus.jpg\" alt=\"Experten im Organisieren Konferenzen gruppenreisen in Schottland\" width=\"749\" height=\"242\"\/><\/p>\n<p>Edinburgh ist eines der beliebtesten Gesch\u00e4ftsreisezielen Europas. Ein perfektes Reiseziel f\u00fcr Ihre n\u00e4chste Konferenz. Wir sind <a href=\"https:\/\/www.urlaubcornwall.de\/massgeschneiderte-gruppenreisen-und-touren.php\">Experten im Organisieren Konferenzen und Touren<\/a> besonderer Interessensgruppen in Schottland, um jedem Geschmack und s\u00e4mtlichen Interessen entgegenzukommen.&nbsp;<\/p>\n<p>Die schottische Hauptstadt ist eine der wundersch\u00f6nsten St\u00e4dte des Vereinigtes K\u00f6nigreich und verf\u00fcgt zudem \u00fcber eine breite Auswahl an Konferenzst\u00e4tten, die Sie w\u00e4hlen k\u00f6nnen \u2013 von historisch bisultra modern.<\/p>\n<p>Die Stadt hat Ihren Delegierten auch Vieles zu bieten, wenn Sie nicht in der Konferenz stecken. Sie k\u00f6nnen sich die Sehensw\u00fcrdigkeiten der mittelalterlichen Altstadt, die Teil des Weltkulturerbes ist, und der Neustadt aus dem 18. Jahrhundertanschauen. Von der imposanten Burg der Stadt bis hin zu ihrem Nationalmuseum Schottlands, gibt es an jeder Ecke Geschichte. Es gibt auch ein breites Angebot moderner Attraktionen: vom Einkaufen bei Harvey Nichols, Jenners und weiteren ber\u00fchmten L\u00e4den bis hin zu einem Besuch der K\u00f6niglichen Jacht Britannia und einem Ausflug zum interaktiven Museum \u201aOur Dynamic Earth\u2018.<\/p>\n<p><strong>Aktivit\u00e4ten und Abenteuer<\/strong><\/p>\n<p>Die Gegend um Edinburgh ist ebenfalls voller Dinge, die es zu tun und zu sehen gibt, und wir k\u00f6nnen einen Reiseplan mit Aktivit\u00e4ten und Ausfl\u00fcgen zusammenstellen, der alles beinhalten kann, von einer Runde Golf an den weltber\u00fchmten Golfpl\u00e4tzen bei St Andrews, einen Besuch des wundersch\u00f6nen Loch Lomond oder eher aktive Besch\u00e4ftigungen wie 4&#215;4-Fahren, Kanu- oder Kajakfahren.<\/p>\n<p>Edinburgh hat eine Reihe an Unterk\u00fcnften mit Verpflegung, die jedem Budget entsprechen \u2013 von ber\u00fchmten Hotels wie dem Caledonian bis hin zu Boutique B&amp;Bs. Sie kommen auch unglaublich einfach hierher per Flugzeug, Bahn und Stra\u00dfenverbindungen nach Europa, den USA und dar\u00fcber hinaus.<\/p>\n<p>Um sicher zu stellen, dass Sie Ihre Konferenzziele in Edinburgh erreichen, werden wir f\u00fcr s\u00e4mtliche Meetings f\u00fcr Sie den perfekten Veranstaltungsort finden und ein Paket zusammenstellen mit Unterkunft, Verpflegung und Aktivit\u00e4ten, das es Ihren Delegierten erm\u00f6glicht, zu entdecken, was genau die Stadt zu einem derart wundervoll besuchenswerten Ort macht.<\/p>\n<p>Um mehr zu unserem Service zu erfahren, um Ihre Konferenz zu diskutieren und ein unverbindliches Angebot zu erhalten, schicken Sie unshier eine Nachfrage.<\/p>\n<p style=\"text-align: center;\"><a class=\"tidycta\" href=\"https:\/\/www.urlaubcornwall.de\/gruppenanfrage.php\">Konferenz Anfrage<\/a><\/p>\n","protected":false},"excerpt":{"rendered":"<p>Edinburgh ist eines der beliebtesten Gesch\u00e4ftsreisezielen Europas. Ein perfektes Reiseziel f\u00fcr Ihre n\u00e4chste Konferenz. Wir sind Experten im Organisieren Konferenzen und Touren besonderer Interessensgruppen in Schottland, um jedem Geschmack und s\u00e4mtlichen Interessen entgegenzukommen.&nbsp; Die schottische Hauptstadt ist eine der wundersch\u00f6nsten St\u00e4dte des Vereinigtes K\u00f6nigreich und verf\u00fcgt zudem \u00fcber eine breite Auswahl an Konferenzst\u00e4tten, die Sie [&hellip;]<\/p>\n","protected":false},"author":1,"featured_media":0,"parent":0,"menu_order":0,"comment_status":"closed","ping_status":"closed","template":"single-four.php","meta":[],"acf":[],"yoast_head":"<!-- This site is optimized with the Yoast SEO plugin v19.4 - https:\/\/yoast.com\/wordpress\/plugins\/seo\/ -->\n<title>Experten im Organisieren Konferenzen &amp; Events in Schottland - Urlaub &amp; Reisen<\/title>\n<meta name=\"robots\" content=\"index, follow, max-snippet:-1, max-image-preview:large, max-video-preview:-1\" \/>\n<link rel=\"canonical\" href=\"https:\/\/www.urlaubcornwall.de\/blog\/experten-im-organisieren-konferenzen-in-schottland\/\" \/>\n<meta property=\"og:locale\" content=\"en_US\" \/>\n<meta property=\"og:type\" content=\"article\" \/>\n<meta property=\"og:title\" content=\"Experten im Organisieren Konferenzen &amp; Events in Schottland - Urlaub &amp; Reisen\" \/>\n<meta property=\"og:description\" content=\"Edinburgh ist eines der beliebtesten Gesch\u00e4ftsreisezielen Europas. Ein perfektes Reiseziel f\u00fcr Ihre n\u00e4chste Konferenz. Wir sind Experten im Organisieren Konferenzen und Touren besonderer Interessensgruppen in Schottland, um jedem Geschmack und s\u00e4mtlichen Interessen entgegenzukommen.&nbsp; Die schottische Hauptstadt ist eine der wundersch\u00f6nsten St\u00e4dte des Vereinigtes K\u00f6nigreich und verf\u00fcgt zudem \u00fcber eine breite Auswahl an Konferenzst\u00e4tten, die Sie [&hellip;]\" \/>\n<meta property=\"og:url\" content=\"https:\/\/www.urlaubcornwall.de\/blog\/experten-im-organisieren-konferenzen-in-schottland\/\" \/>\n<meta property=\"og:site_name\" content=\"Urlaub &amp; Reisen\" \/>\n<meta property=\"article:modified_time\" content=\"2018-11-27T10:14:20+00:00\" \/>\n<meta property=\"og:image\" content=\"https:\/\/www.urlaubcornwall.de\/blog\/wp-content\/uploads\/2015\/10\/edinburgh-luxus.jpg\" \/>\n<meta name=\"twitter:card\" content=\"summary\" \/>\n<meta name=\"twitter:label1\" content=\"Est. reading time\" \/>\n\t<meta name=\"twitter:data1\" content=\"2 minutes\" \/>\n<script type=\"application\/ld+json\" class=\"yoast-schema-graph\">{\"@context\":\"https:\/\/schema.org\",\"@graph\":[{\"@type\":\"WebSite\",\"@id\":\"https:\/\/www.urlaubcornwall.de\/blog\/#website\",\"url\":\"https:\/\/www.urlaubcornwall.de\/blog\/\",\"name\":\"Urlaub &amp; Reisen\",\"description\":\"Urlaub, Reisen, Cornwall und S\u00fcdengland: eine perfekte Kombination\",\"potentialAction\":[{\"@type\":\"SearchAction\",\"target\":{\"@type\":\"EntryPoint\",\"urlTemplate\":\"https:\/\/www.urlaubcornwall.de\/blog\/?s={search_term_string}\"},\"query-input\":\"required name=search_term_string\"}],\"inLanguage\":\"en-US\"},{\"@type\":\"WebPage\",\"@id\":\"https:\/\/www.urlaubcornwall.de\/blog\/experten-im-organisieren-konferenzen-in-schottland\/\",\"url\":\"https:\/\/www.urlaubcornwall.de\/blog\/experten-im-organisieren-konferenzen-in-schottland\/\",\"name\":\"Experten im Organisieren Konferenzen & Events in Schottland - Urlaub &amp; Reisen\",\"isPartOf\":{\"@id\":\"https:\/\/www.urlaubcornwall.de\/blog\/#website\"},\"datePublished\":\"2018-11-27T10:11:18+00:00\",\"dateModified\":\"2018-11-27T10:14:20+00:00\",\"breadcrumb\":{\"@id\":\"https:\/\/www.urlaubcornwall.de\/blog\/experten-im-organisieren-konferenzen-in-schottland\/#breadcrumb\"},\"inLanguage\":\"en-US\",\"potentialAction\":[{\"@type\":\"ReadAction\",\"target\":[\"https:\/\/www.urlaubcornwall.de\/blog\/experten-im-organisieren-konferenzen-in-schottland\/\"]}]},{\"@type\":\"BreadcrumbList\",\"@id\":\"https:\/\/www.urlaubcornwall.de\/blog\/experten-im-organisieren-konferenzen-in-schottland\/#breadcrumb\",\"itemListElement\":[{\"@type\":\"ListItem\",\"position\":1,\"name\":\"Home\",\"item\":\"https:\/\/www.urlaubcornwall.de\/blog\/\"},{\"@type\":\"ListItem\",\"position\":2,\"name\":\"Experten im Organisieren Konferenzen &#038; Events in Schottland\"}]}]}<\/script>\n<!-- \/ Yoast SEO plugin. -->","yoast_head_json":{"title":"Experten im Organisieren Konferenzen & Events in Schottland - Urlaub &amp; Reisen","robots":{"index":"index","follow":"follow","max-snippet":"max-snippet:-1","max-image-preview":"max-image-preview:large","max-video-preview":"max-video-preview:-1"},"canonical":"https:\/\/www.urlaubcornwall.de\/blog\/experten-im-organisieren-konferenzen-in-schottland\/","og_locale":"en_US","og_type":"article","og_title":"Experten im Organisieren Konferenzen & Events in Schottland - Urlaub &amp; Reisen","og_description":"Edinburgh ist eines der beliebtesten Gesch\u00e4ftsreisezielen Europas. Ein perfektes Reiseziel f\u00fcr Ihre n\u00e4chste Konferenz. Wir sind Experten im Organisieren Konferenzen und Touren besonderer Interessensgruppen in Schottland, um jedem Geschmack und s\u00e4mtlichen Interessen entgegenzukommen.&nbsp; Die schottische Hauptstadt ist eine der wundersch\u00f6nsten St\u00e4dte des Vereinigtes K\u00f6nigreich und verf\u00fcgt zudem \u00fcber eine breite Auswahl an Konferenzst\u00e4tten, die Sie [&hellip;]","og_url":"https:\/\/www.urlaubcornwall.de\/blog\/experten-im-organisieren-konferenzen-in-schottland\/","og_site_name":"Urlaub &amp; Reisen","article_modified_time":"2018-11-27T10:14:20+00:00","og_image":[{"url":"https:\/\/www.urlaubcornwall.de\/blog\/wp-content\/uploads\/2015\/10\/edinburgh-luxus.jpg"}],"twitter_card":"summary","twitter_misc":{"Est. reading time":"2 minutes"},"schema":{"@context":"https:\/\/schema.org","@graph":[{"@type":"WebSite","@id":"https:\/\/www.urlaubcornwall.de\/blog\/#website","url":"https:\/\/www.urlaubcornwall.de\/blog\/","name":"Urlaub &amp; Reisen","description":"Urlaub, Reisen, Cornwall und S\u00fcdengland: eine perfekte Kombination","potentialAction":[{"@type":"SearchAction","target":{"@type":"EntryPoint","urlTemplate":"https:\/\/www.urlaubcornwall.de\/blog\/?s={search_term_string}"},"query-input":"required name=search_term_string"}],"inLanguage":"en-US"},{"@type":"WebPage","@id":"https:\/\/www.urlaubcornwall.de\/blog\/experten-im-organisieren-konferenzen-in-schottland\/","url":"https:\/\/www.urlaubcornwall.de\/blog\/experten-im-organisieren-konferenzen-in-schottland\/","name":"Experten im Organisieren Konferenzen & Events in Schottland - Urlaub &amp; Reisen","isPartOf":{"@id":"https:\/\/www.urlaubcornwall.de\/blog\/#website"},"datePublished":"2018-11-27T10:11:18+00:00","dateModified":"2018-11-27T10:14:20+00:00","breadcrumb":{"@id":"https:\/\/www.urlaubcornwall.de\/blog\/experten-im-organisieren-konferenzen-in-schottland\/#breadcrumb"},"inLanguage":"en-US","potentialAction":[{"@type":"ReadAction","target":["https:\/\/www.urlaubcornwall.de\/blog\/experten-im-organisieren-konferenzen-in-schottland\/"]}]},{"@type":"BreadcrumbList","@id":"https:\/\/www.urlaubcornwall.de\/blog\/experten-im-organisieren-konferenzen-in-schottland\/#breadcrumb","itemListElement":[{"@type":"ListItem","position":1,"name":"Home","item":"https:\/\/www.urlaubcornwall.de\/blog\/"},{"@type":"ListItem","position":2,"name":"Experten im Organisieren Konferenzen &#038; Events in Schottland"}]}]}},"_links":{"self":[{"href":"https:\/\/www.urlaubcornwall.de\/blog\/wp-json\/wp\/v2\/pages\/34641"}],"collection":[{"href":"https:\/\/www.urlaubcornwall.de\/blog\/wp-json\/wp\/v2\/pages"}],"about":[{"href":"https:\/\/www.urlaubcornwall.de\/blog\/wp-json\/wp\/v2\/types\/page"}],"author":[{"embeddable":true,"href":"https:\/\/www.urlaubcornwall.de\/blog\/wp-json\/wp\/v2\/users\/1"}],"replies":[{"embeddable":true,"href":"https:\/\/www.urlaubcornwall.de\/blog\/wp-json\/wp\/v2\/comments?post=34641"}],"version-history":[{"count":2,"href":"https:\/\/www.urlaubcornwall.de\/blog\/wp-json\/wp\/v2\/pages\/34641\/revisions"}],"predecessor-version":[{"id":34645,"href":"https:\/\/www.urlaubcornwall.de\/blog\/wp-json\/wp\/v2\/pages\/34641\/revisions\/34645"}],"wp:attachment":[{"href":"https:\/\/www.urlaubcornwall.de\/blog\/wp-json\/wp\/v2\/media?parent=34641"}],"curies":[{"name":"wp","href":"https:\/\/api.w.org\/{rel}","templated":true}]}}