{"id":34638,"date":"2018-11-27T09:58:20","date_gmt":"2018-11-27T09:58:20","guid":{"rendered":"https:\/\/www.urlaubcornwall.de\/blog\/?page_id=34638"},"modified":"2021-11-04T11:26:22","modified_gmt":"2021-11-04T11:26:22","slug":"experten-im-organisieren-konferenzen-in-london-durch-england","status":"publish","type":"page","link":"https:\/\/www.urlaubcornwall.de\/blog\/experten-im-organisieren-konferenzen-in-london-durch-england\/","title":{"rendered":"Experten im Organisieren Konferenzen &#038; Events in London und durch England"},"content":{"rendered":"<p><img loading=\"lazy\" class=\"aligncenter size-full wp-image-20628\" src=\"https:\/\/www.urlaubcornwall.de\/blog\/wp-content\/uploads\/2015\/10\/luxusurlaub-london1.jpg\" alt=\"Konferenzen gruppenreisen London England\" width=\"749\" height=\"152\" srcset=\"https:\/\/www.urlaubcornwall.de\/blog\/wp-content\/uploads\/2015\/10\/luxusurlaub-london1.jpg 745w, https:\/\/www.urlaubcornwall.de\/blog\/wp-content\/uploads\/2015\/10\/luxusurlaub-london1-300x61.jpg 300w\" sizes=\"(max-width: 749px) 100vw, 749px\" \/><\/p>\n<p>S\u00fcdengland und London im Besonderen sind wohl die besten Reiseziele, um irgendwo in der Welt eine Konferenz abzuhalten. Wir sind <a href=\"https:\/\/www.urlaubcornwall.de\/massgeschneiderte-gruppenreisen-und-touren.php\">Experten im Organisieren Konferenzen und Touren<\/a> besonderer Interessensgruppen durch London, England &amp; durch Gro\u00dfbritannien, um jedem Geschmack und s\u00e4mtlichen Interessen entgegenzukommen.&nbsp;<\/p>\n<p>Die Hauptstadt besticht mit einigen der eindrucksvollsten und gut ausgestatteten Konferenzr\u00e4umen weltweit. Sie beherbergt auch eine breite Auswahl an historisch bedeutsamen Veranstaltungsorten, die die Glaubw\u00fcrdigkeit und das Akkreditiv Ihres Events steigern werden.<\/p>\n<p>Die Stadt bietet Delegierten, wenn sie gerade nicht in einer Konferenz stecken, viel Attraktives. Sie hat einige der ber\u00fchmtesten und historischen besuchenswerten Sehensw\u00fcrdigkeiten &#8211; vom Buckingham Palast und der St Paul\u2019s Kathedrale bis zum Tower of London und der Sch\u00f6nheit des Hyde Parks \u2013 und ist ein Mekka f\u00fcr Touristen. Sie bietet auch einige der weltbesten Speise- und Einkaufserlebnisse, Theater und Unterhaltung. Es gibt eine Vielzahl an aufregenden Erfahrungen zu machen \u2013 von einer Fahrt mit dem London Eye, Einkaufen bei Harrods bis hin zu einer Stadtrundfahrt auf einem Doppeldeckerbus.<\/p>\n<p><strong>Finden Sie Luxus und Variation w\u00e4hrend Ihrer Konferenz<\/strong><\/p>\n<p>London hat eine Reihe an Unterk\u00fcnften und Verpflegungsm\u00f6glichkeiten, die jedem Geschmack entsprechen \u2013 von einigen der luxuri\u00f6sten und ber\u00fchmten F\u00fcnf-Sterne-Hotels bis hin zu urigen Boutique-Hotels. Sie kommen auch unglaublich einfach hierher per Flugzeug, Bahn und Stra\u00dfenverbindungen nach Europa und zum Rest der Welt.<\/p>\n<p>Um sicher zu stellen, dass Sie Ihre Konferenzziele in London erreichen, werden wir f\u00fcr Sie den perfekten Veranstaltungsort finden und ein detailliertes Paket zusammenstellen bez\u00fcglich Transfers, Unterkunft, Verpflegung, Veranstaltungsorte und Aktivit\u00e4ten, das es Ihren Delegierten erm\u00f6glicht, zu entdecken, was genau die Stadt zu einem derart wundervollen Ort macht.<\/p>\n<p>Um mehr zu unserem Service zu erfahren, um Ihre Konferenz zu diskutieren und ein unverbindliches Angebot zu erhalten, schicken Sie unshier eine Nachfrage.<\/p>\n<p style=\"text-align: center;\"><a class=\"tidycta\" href=\"https:\/\/www.urlaubcornwall.de\/gruppenanfrage.php\">Konferenz Anfrage<\/a><\/p>\n","protected":false},"excerpt":{"rendered":"<p>S\u00fcdengland und London im Besonderen sind wohl die besten Reiseziele, um irgendwo in der Welt eine Konferenz abzuhalten. Wir sind Experten im Organisieren Konferenzen und Touren besonderer Interessensgruppen durch London, England &amp; durch Gro\u00dfbritannien, um jedem Geschmack und s\u00e4mtlichen Interessen entgegenzukommen.&nbsp; Die Hauptstadt besticht mit einigen der eindrucksvollsten und gut ausgestatteten Konferenzr\u00e4umen weltweit. Sie beherbergt [&hellip;]<\/p>\n","protected":false},"author":1,"featured_media":0,"parent":0,"menu_order":0,"comment_status":"closed","ping_status":"closed","template":"single-four.php","meta":[],"acf":[],"yoast_head":"<!-- This site is optimized with the Yoast SEO plugin v19.4 - https:\/\/yoast.com\/wordpress\/plugins\/seo\/ -->\n<title>Experten im Organisieren Konferenzen &amp; Events in London und durch England - Urlaub &amp; Reisen<\/title>\n<meta name=\"robots\" content=\"index, follow, max-snippet:-1, max-image-preview:large, max-video-preview:-1\" \/>\n<link rel=\"canonical\" href=\"https:\/\/www.urlaubcornwall.de\/blog\/experten-im-organisieren-konferenzen-in-london-durch-england\/\" \/>\n<meta property=\"og:locale\" content=\"en_US\" \/>\n<meta property=\"og:type\" content=\"article\" \/>\n<meta property=\"og:title\" content=\"Experten im Organisieren Konferenzen &amp; Events in London und durch England - Urlaub &amp; Reisen\" \/>\n<meta property=\"og:description\" content=\"S\u00fcdengland und London im Besonderen sind wohl die besten Reiseziele, um irgendwo in der Welt eine Konferenz abzuhalten. Wir sind Experten im Organisieren Konferenzen und Touren besonderer Interessensgruppen durch London, England &amp; durch Gro\u00dfbritannien, um jedem Geschmack und s\u00e4mtlichen Interessen entgegenzukommen.&nbsp; Die Hauptstadt besticht mit einigen der eindrucksvollsten und gut ausgestatteten Konferenzr\u00e4umen weltweit. Sie beherbergt [&hellip;]\" \/>\n<meta property=\"og:url\" content=\"https:\/\/www.urlaubcornwall.de\/blog\/experten-im-organisieren-konferenzen-in-london-durch-england\/\" \/>\n<meta property=\"og:site_name\" content=\"Urlaub &amp; Reisen\" \/>\n<meta property=\"article:modified_time\" content=\"2021-11-04T11:26:22+00:00\" \/>\n<meta property=\"og:image\" content=\"https:\/\/www.urlaubcornwall.de\/blog\/wp-content\/uploads\/2015\/10\/luxusurlaub-london1.jpg\" \/>\n<meta name=\"twitter:card\" content=\"summary\" \/>\n<meta name=\"twitter:label1\" content=\"Est. reading time\" \/>\n\t<meta name=\"twitter:data1\" content=\"2 minutes\" \/>\n<script type=\"application\/ld+json\" class=\"yoast-schema-graph\">{\"@context\":\"https:\/\/schema.org\",\"@graph\":[{\"@type\":\"WebSite\",\"@id\":\"https:\/\/www.urlaubcornwall.de\/blog\/#website\",\"url\":\"https:\/\/www.urlaubcornwall.de\/blog\/\",\"name\":\"Urlaub &amp; Reisen\",\"description\":\"Urlaub, Reisen, Cornwall und S\u00fcdengland: eine perfekte Kombination\",\"potentialAction\":[{\"@type\":\"SearchAction\",\"target\":{\"@type\":\"EntryPoint\",\"urlTemplate\":\"https:\/\/www.urlaubcornwall.de\/blog\/?s={search_term_string}\"},\"query-input\":\"required name=search_term_string\"}],\"inLanguage\":\"en-US\"},{\"@type\":\"WebPage\",\"@id\":\"https:\/\/www.urlaubcornwall.de\/blog\/experten-im-organisieren-konferenzen-in-london-durch-england\/\",\"url\":\"https:\/\/www.urlaubcornwall.de\/blog\/experten-im-organisieren-konferenzen-in-london-durch-england\/\",\"name\":\"Experten im Organisieren Konferenzen & Events in London und durch England - Urlaub &amp; Reisen\",\"isPartOf\":{\"@id\":\"https:\/\/www.urlaubcornwall.de\/blog\/#website\"},\"datePublished\":\"2018-11-27T09:58:20+00:00\",\"dateModified\":\"2021-11-04T11:26:22+00:00\",\"breadcrumb\":{\"@id\":\"https:\/\/www.urlaubcornwall.de\/blog\/experten-im-organisieren-konferenzen-in-london-durch-england\/#breadcrumb\"},\"inLanguage\":\"en-US\",\"potentialAction\":[{\"@type\":\"ReadAction\",\"target\":[\"https:\/\/www.urlaubcornwall.de\/blog\/experten-im-organisieren-konferenzen-in-london-durch-england\/\"]}]},{\"@type\":\"BreadcrumbList\",\"@id\":\"https:\/\/www.urlaubcornwall.de\/blog\/experten-im-organisieren-konferenzen-in-london-durch-england\/#breadcrumb\",\"itemListElement\":[{\"@type\":\"ListItem\",\"position\":1,\"name\":\"Home\",\"item\":\"https:\/\/www.urlaubcornwall.de\/blog\/\"},{\"@type\":\"ListItem\",\"position\":2,\"name\":\"Experten im Organisieren Konferenzen &#038; Events in London und durch England\"}]}]}<\/script>\n<!-- \/ Yoast SEO plugin. -->","yoast_head_json":{"title":"Experten im Organisieren Konferenzen & Events in London und durch England - Urlaub &amp; Reisen","robots":{"index":"index","follow":"follow","max-snippet":"max-snippet:-1","max-image-preview":"max-image-preview:large","max-video-preview":"max-video-preview:-1"},"canonical":"https:\/\/www.urlaubcornwall.de\/blog\/experten-im-organisieren-konferenzen-in-london-durch-england\/","og_locale":"en_US","og_type":"article","og_title":"Experten im Organisieren Konferenzen & Events in London und durch England - Urlaub &amp; Reisen","og_description":"S\u00fcdengland und London im Besonderen sind wohl die besten Reiseziele, um irgendwo in der Welt eine Konferenz abzuhalten. Wir sind Experten im Organisieren Konferenzen und Touren besonderer Interessensgruppen durch London, England &amp; durch Gro\u00dfbritannien, um jedem Geschmack und s\u00e4mtlichen Interessen entgegenzukommen.&nbsp; Die Hauptstadt besticht mit einigen der eindrucksvollsten und gut ausgestatteten Konferenzr\u00e4umen weltweit. Sie beherbergt [&hellip;]","og_url":"https:\/\/www.urlaubcornwall.de\/blog\/experten-im-organisieren-konferenzen-in-london-durch-england\/","og_site_name":"Urlaub &amp; Reisen","article_modified_time":"2021-11-04T11:26:22+00:00","og_image":[{"url":"https:\/\/www.urlaubcornwall.de\/blog\/wp-content\/uploads\/2015\/10\/luxusurlaub-london1.jpg"}],"twitter_card":"summary","twitter_misc":{"Est. reading time":"2 minutes"},"schema":{"@context":"https:\/\/schema.org","@graph":[{"@type":"WebSite","@id":"https:\/\/www.urlaubcornwall.de\/blog\/#website","url":"https:\/\/www.urlaubcornwall.de\/blog\/","name":"Urlaub &amp; Reisen","description":"Urlaub, Reisen, Cornwall und S\u00fcdengland: eine perfekte Kombination","potentialAction":[{"@type":"SearchAction","target":{"@type":"EntryPoint","urlTemplate":"https:\/\/www.urlaubcornwall.de\/blog\/?s={search_term_string}"},"query-input":"required name=search_term_string"}],"inLanguage":"en-US"},{"@type":"WebPage","@id":"https:\/\/www.urlaubcornwall.de\/blog\/experten-im-organisieren-konferenzen-in-london-durch-england\/","url":"https:\/\/www.urlaubcornwall.de\/blog\/experten-im-organisieren-konferenzen-in-london-durch-england\/","name":"Experten im Organisieren Konferenzen & Events in London und durch England - Urlaub &amp; Reisen","isPartOf":{"@id":"https:\/\/www.urlaubcornwall.de\/blog\/#website"},"datePublished":"2018-11-27T09:58:20+00:00","dateModified":"2021-11-04T11:26:22+00:00","breadcrumb":{"@id":"https:\/\/www.urlaubcornwall.de\/blog\/experten-im-organisieren-konferenzen-in-london-durch-england\/#breadcrumb"},"inLanguage":"en-US","potentialAction":[{"@type":"ReadAction","target":["https:\/\/www.urlaubcornwall.de\/blog\/experten-im-organisieren-konferenzen-in-london-durch-england\/"]}]},{"@type":"BreadcrumbList","@id":"https:\/\/www.urlaubcornwall.de\/blog\/experten-im-organisieren-konferenzen-in-london-durch-england\/#breadcrumb","itemListElement":[{"@type":"ListItem","position":1,"name":"Home","item":"https:\/\/www.urlaubcornwall.de\/blog\/"},{"@type":"ListItem","position":2,"name":"Experten im Organisieren Konferenzen &#038; Events in London und durch England"}]}]}},"_links":{"self":[{"href":"https:\/\/www.urlaubcornwall.de\/blog\/wp-json\/wp\/v2\/pages\/34638"}],"collection":[{"href":"https:\/\/www.urlaubcornwall.de\/blog\/wp-json\/wp\/v2\/pages"}],"about":[{"href":"https:\/\/www.urlaubcornwall.de\/blog\/wp-json\/wp\/v2\/types\/page"}],"author":[{"embeddable":true,"href":"https:\/\/www.urlaubcornwall.de\/blog\/wp-json\/wp\/v2\/users\/1"}],"replies":[{"embeddable":true,"href":"https:\/\/www.urlaubcornwall.de\/blog\/wp-json\/wp\/v2\/comments?post=34638"}],"version-history":[{"count":5,"href":"https:\/\/www.urlaubcornwall.de\/blog\/wp-json\/wp\/v2\/pages\/34638\/revisions"}],"predecessor-version":[{"id":43750,"href":"https:\/\/www.urlaubcornwall.de\/blog\/wp-json\/wp\/v2\/pages\/34638\/revisions\/43750"}],"wp:attachment":[{"href":"https:\/\/www.urlaubcornwall.de\/blog\/wp-json\/wp\/v2\/media?parent=34638"}],"curies":[{"name":"wp","href":"https:\/\/api.w.org\/{rel}","templated":true}]}}