{"id":34634,"date":"2018-11-27T09:22:49","date_gmt":"2018-11-27T09:22:49","guid":{"rendered":"https:\/\/www.urlaubcornwall.de\/blog\/?page_id=34634"},"modified":"2019-01-02T11:03:12","modified_gmt":"2019-01-02T11:03:12","slug":"dmc-irland-experten-im-organisieren-von-gruppenreisen-in-irland","status":"publish","type":"page","link":"https:\/\/www.urlaubcornwall.de\/blog\/dmc-irland-experten-im-organisieren-von-gruppenreisen-in-irland\/","title":{"rendered":"DMC Irland &#8211; Experten im Organisieren von Gruppenreisen in Irland"},"content":{"rendered":"<p><img loading=\"lazy\" class=\"aligncenter size-full wp-image-34636\" src=\"https:\/\/www.urlaubcornwall.de\/blog\/wp-content\/uploads\/2018\/11\/DMC-Irland-Gruppenreisen-in-Irland-1.jpg\" alt=\"DMC Irland - Experten im Organisieren von Gruppenreisen in Irland\" width=\"746\" height=\"406\" srcset=\"https:\/\/www.urlaubcornwall.de\/blog\/wp-content\/uploads\/2018\/11\/DMC-Irland-Gruppenreisen-in-Irland-1.jpg 746w, https:\/\/www.urlaubcornwall.de\/blog\/wp-content\/uploads\/2018\/11\/DMC-Irland-Gruppenreisen-in-Irland-1-300x163.jpg 300w\" sizes=\"(max-width: 746px) 100vw, 746px\" \/><\/p>\n<p>Irlands Geschichte, Musik, Landschaft und Kultur zieht Menschen aus der ganzen Welt an \u2013 es ist ein gro\u00dfartiges Gruppenreiseziel. Wir sind <a href=\"https:\/\/www.urlaubcornwall.de\/massgeschneiderte-gruppenreisen-und-touren.php\">Experten im Organisieren sowohl von allgemeinen Touren und Touren besonderer Interessensgruppen in Irland<\/a>, um jedem Geschmack und s\u00e4mtlichen Interessen entgegenzukommen.<\/p>\n<div class=\"snippet\"> <a class=\"featured-item\" href=\" https:\/\/www.urlaubcornwall.de\/massgeschneiderte-gruppenreisen-und-touren.php \"> <span class=\"image-holder\" style=\"background-image: url(' https:\/\/www.urlaubcornwall.de\/blog\/wp-content\/uploads\/2019\/01\/irland-dmc.jpg ');\"><\/span> <span class=\"featured-content\"> \n<h2 class=\"featured-title\"> Ma\u00dfgeschneiderte Gruppenreisen in Irland &#038; durch Gro\u00dfbritannien<\/h2>\n<p class=\"featured-body\">Wir k\u00f6nnen Ihnen behilflich sein, eine fantastische Gruppenreise zusammenzustellen, auf der Sie die sch\u00f6nsten Sehensw\u00fcrdigkeiten S\u00fcdenglands entdecken k\u00f6nnen&#8230;&#8230;.<\/p>\n<\/span> <span class=\"featured-link-holder\"> <span class=\"featured-extra-info\"> \n<p>M\u00f6chten Sie eine private Busreise, Vereinreise, Seniorenreise, Klassenfahrt organisieren?<\/p>\n<\/span> \n<p class=\"featured-link\">DETAILS<\/p>\n<\/span> <\/a><\/div>\n<p>Das Land hat jedem etwas zu bieten: von der herrlichen Natursch\u00f6nheit der Regionen wie Burren und Weltkulturerbest\u00e4tte wie denGiant\u2019sCauseway, bis hin zu lebendigem Nachtleben und historischen Geb\u00e4uden der Stadt Dublin. Irlandbesticht au\u00dferdem mit einer erstaunlich reichen Kultur an Musik, Literatur und Religion, von denen Sie in den Kneipen, Museen und Kathedraleneinen Eindruck gewinnen.<\/p>\n<p><strong>Geschichte, Sehensw\u00fcrdigkeiten und Whiskeyverkostung<\/strong><\/p>\n<p>All dies bedeutet auch, dass wir eine breite Auswahl an irischen Gruppenreisen zusammenstellen k\u00f6nnen, um das Interesse aller m\u00f6glicher Kunden zu wecken. Von allgemeinen Sightseeingtours, die Schlachtfelder, Whiskeyverkostung und wundersch\u00f6ne Landschaft beinhalten, bis hin zu spezielleren Paketen, die sich zum Beispiel auf Landesmusik oder seine Religionsgeschichte konzentrieren.<\/p>\n<p>Irland verf\u00fcgt auch \u00fcber eine Reihe an Unterkunfts- und Verpflegungsm\u00f6glichkeiten, die jedem Budget entsprechen \u2013 von ber\u00fchmten Hotels wie dem luxuri\u00f6sen Kildare Hotel, Spa and Country Club bis hin zu d\u00f6rflichen B&amp;Bs.&nbsp;<\/p>\n<p>Um sicher zu stellen, dass die Gruppenreise, die wir f\u00fcr Sie zusammenstellen gro\u00dfartige Referenzen von Ihren Kunden bekommt, arrangieren wirein Paket mit Unterkunft, Bussen, Reisef\u00fchrern, Automietung, Eintrittsgeldern, Mahlzeiten und Reiseabl\u00e4ufen, das ihnen gestatten wird, zu entdecken, was genau Irland zu einem derart wundervollen,besuchenswerten Ort macht.<\/p>\n<p>Um mehr herauszufinden zu unserem Service, um Ihre Gruppenreise zu diskutieren und ein unverbindliches Angebot zu erhalten, schicken Sie uns einfach hier eine Anfrage.<\/p>\n<p style=\"text-align: center;\"><a class=\"tidycta\" href=\"https:\/\/www.urlaubcornwall.de\/gruppenanfrage.php\">Gruppenanfrage<\/a><\/p>\n","protected":false},"excerpt":{"rendered":"<p>Irlands Geschichte, Musik, Landschaft und Kultur zieht Menschen aus der ganzen Welt an \u2013 es ist ein gro\u00dfartiges Gruppenreiseziel. Wir sind Experten im Organisieren sowohl von allgemeinen Touren und Touren besonderer Interessensgruppen in Irland, um jedem Geschmack und s\u00e4mtlichen Interessen entgegenzukommen. Ma\u00dfgeschneiderte Gruppenreisen in Irland &#038; durch Gro\u00dfbritannien Wir k\u00f6nnen Ihnen behilflich sein, eine fantastische [&hellip;]<\/p>\n","protected":false},"author":1,"featured_media":0,"parent":0,"menu_order":0,"comment_status":"closed","ping_status":"closed","template":"single-four.php","meta":[],"acf":[],"yoast_head":"<!-- This site is optimized with the Yoast SEO plugin v19.4 - https:\/\/yoast.com\/wordpress\/plugins\/seo\/ -->\n<title>DMC Irland - Experten im Organisieren von Gruppenreisen in Irland - Urlaub &amp; Reisen<\/title>\n<meta name=\"robots\" content=\"index, follow, max-snippet:-1, max-image-preview:large, max-video-preview:-1\" \/>\n<link rel=\"canonical\" href=\"https:\/\/www.urlaubcornwall.de\/blog\/dmc-irland-experten-im-organisieren-von-gruppenreisen-in-irland\/\" \/>\n<meta property=\"og:locale\" content=\"en_US\" \/>\n<meta property=\"og:type\" content=\"article\" \/>\n<meta property=\"og:title\" content=\"DMC Irland - Experten im Organisieren von Gruppenreisen in Irland - Urlaub &amp; Reisen\" \/>\n<meta property=\"og:description\" content=\"Irlands Geschichte, Musik, Landschaft und Kultur zieht Menschen aus der ganzen Welt an \u2013 es ist ein gro\u00dfartiges Gruppenreiseziel. Wir sind Experten im Organisieren sowohl von allgemeinen Touren und Touren besonderer Interessensgruppen in Irland, um jedem Geschmack und s\u00e4mtlichen Interessen entgegenzukommen. Ma\u00dfgeschneiderte Gruppenreisen in Irland &#038; durch Gro\u00dfbritannien Wir k\u00f6nnen Ihnen behilflich sein, eine fantastische [&hellip;]\" \/>\n<meta property=\"og:url\" content=\"https:\/\/www.urlaubcornwall.de\/blog\/dmc-irland-experten-im-organisieren-von-gruppenreisen-in-irland\/\" \/>\n<meta property=\"og:site_name\" content=\"Urlaub &amp; Reisen\" \/>\n<meta property=\"article:modified_time\" content=\"2019-01-02T11:03:12+00:00\" \/>\n<meta property=\"og:image\" content=\"https:\/\/www.urlaubcornwall.de\/blog\/wp-content\/uploads\/2018\/11\/DMC-Irland-Gruppenreisen-in-Irland-1.jpg\" \/>\n<meta name=\"twitter:card\" content=\"summary\" \/>\n<meta name=\"twitter:label1\" content=\"Est. reading time\" \/>\n\t<meta name=\"twitter:data1\" content=\"2 minutes\" \/>\n<script type=\"application\/ld+json\" class=\"yoast-schema-graph\">{\"@context\":\"https:\/\/schema.org\",\"@graph\":[{\"@type\":\"WebSite\",\"@id\":\"https:\/\/www.urlaubcornwall.de\/blog\/#website\",\"url\":\"https:\/\/www.urlaubcornwall.de\/blog\/\",\"name\":\"Urlaub &amp; Reisen\",\"description\":\"Urlaub, Reisen, Cornwall und S\u00fcdengland: eine perfekte Kombination\",\"potentialAction\":[{\"@type\":\"SearchAction\",\"target\":{\"@type\":\"EntryPoint\",\"urlTemplate\":\"https:\/\/www.urlaubcornwall.de\/blog\/?s={search_term_string}\"},\"query-input\":\"required name=search_term_string\"}],\"inLanguage\":\"en-US\"},{\"@type\":\"WebPage\",\"@id\":\"https:\/\/www.urlaubcornwall.de\/blog\/dmc-irland-experten-im-organisieren-von-gruppenreisen-in-irland\/\",\"url\":\"https:\/\/www.urlaubcornwall.de\/blog\/dmc-irland-experten-im-organisieren-von-gruppenreisen-in-irland\/\",\"name\":\"DMC Irland - Experten im Organisieren von Gruppenreisen in Irland - Urlaub &amp; Reisen\",\"isPartOf\":{\"@id\":\"https:\/\/www.urlaubcornwall.de\/blog\/#website\"},\"datePublished\":\"2018-11-27T09:22:49+00:00\",\"dateModified\":\"2019-01-02T11:03:12+00:00\",\"breadcrumb\":{\"@id\":\"https:\/\/www.urlaubcornwall.de\/blog\/dmc-irland-experten-im-organisieren-von-gruppenreisen-in-irland\/#breadcrumb\"},\"inLanguage\":\"en-US\",\"potentialAction\":[{\"@type\":\"ReadAction\",\"target\":[\"https:\/\/www.urlaubcornwall.de\/blog\/dmc-irland-experten-im-organisieren-von-gruppenreisen-in-irland\/\"]}]},{\"@type\":\"BreadcrumbList\",\"@id\":\"https:\/\/www.urlaubcornwall.de\/blog\/dmc-irland-experten-im-organisieren-von-gruppenreisen-in-irland\/#breadcrumb\",\"itemListElement\":[{\"@type\":\"ListItem\",\"position\":1,\"name\":\"Home\",\"item\":\"https:\/\/www.urlaubcornwall.de\/blog\/\"},{\"@type\":\"ListItem\",\"position\":2,\"name\":\"DMC Irland &#8211; Experten im Organisieren von Gruppenreisen in Irland\"}]}]}<\/script>\n<!-- \/ Yoast SEO plugin. -->","yoast_head_json":{"title":"DMC Irland - Experten im Organisieren von Gruppenreisen in Irland - Urlaub &amp; Reisen","robots":{"index":"index","follow":"follow","max-snippet":"max-snippet:-1","max-image-preview":"max-image-preview:large","max-video-preview":"max-video-preview:-1"},"canonical":"https:\/\/www.urlaubcornwall.de\/blog\/dmc-irland-experten-im-organisieren-von-gruppenreisen-in-irland\/","og_locale":"en_US","og_type":"article","og_title":"DMC Irland - Experten im Organisieren von Gruppenreisen in Irland - Urlaub &amp; Reisen","og_description":"Irlands Geschichte, Musik, Landschaft und Kultur zieht Menschen aus der ganzen Welt an \u2013 es ist ein gro\u00dfartiges Gruppenreiseziel. Wir sind Experten im Organisieren sowohl von allgemeinen Touren und Touren besonderer Interessensgruppen in Irland, um jedem Geschmack und s\u00e4mtlichen Interessen entgegenzukommen. Ma\u00dfgeschneiderte Gruppenreisen in Irland &#038; durch Gro\u00dfbritannien Wir k\u00f6nnen Ihnen behilflich sein, eine fantastische [&hellip;]","og_url":"https:\/\/www.urlaubcornwall.de\/blog\/dmc-irland-experten-im-organisieren-von-gruppenreisen-in-irland\/","og_site_name":"Urlaub &amp; Reisen","article_modified_time":"2019-01-02T11:03:12+00:00","og_image":[{"url":"https:\/\/www.urlaubcornwall.de\/blog\/wp-content\/uploads\/2018\/11\/DMC-Irland-Gruppenreisen-in-Irland-1.jpg"}],"twitter_card":"summary","twitter_misc":{"Est. reading time":"2 minutes"},"schema":{"@context":"https:\/\/schema.org","@graph":[{"@type":"WebSite","@id":"https:\/\/www.urlaubcornwall.de\/blog\/#website","url":"https:\/\/www.urlaubcornwall.de\/blog\/","name":"Urlaub &amp; Reisen","description":"Urlaub, Reisen, Cornwall und S\u00fcdengland: eine perfekte Kombination","potentialAction":[{"@type":"SearchAction","target":{"@type":"EntryPoint","urlTemplate":"https:\/\/www.urlaubcornwall.de\/blog\/?s={search_term_string}"},"query-input":"required name=search_term_string"}],"inLanguage":"en-US"},{"@type":"WebPage","@id":"https:\/\/www.urlaubcornwall.de\/blog\/dmc-irland-experten-im-organisieren-von-gruppenreisen-in-irland\/","url":"https:\/\/www.urlaubcornwall.de\/blog\/dmc-irland-experten-im-organisieren-von-gruppenreisen-in-irland\/","name":"DMC Irland - Experten im Organisieren von Gruppenreisen in Irland - Urlaub &amp; Reisen","isPartOf":{"@id":"https:\/\/www.urlaubcornwall.de\/blog\/#website"},"datePublished":"2018-11-27T09:22:49+00:00","dateModified":"2019-01-02T11:03:12+00:00","breadcrumb":{"@id":"https:\/\/www.urlaubcornwall.de\/blog\/dmc-irland-experten-im-organisieren-von-gruppenreisen-in-irland\/#breadcrumb"},"inLanguage":"en-US","potentialAction":[{"@type":"ReadAction","target":["https:\/\/www.urlaubcornwall.de\/blog\/dmc-irland-experten-im-organisieren-von-gruppenreisen-in-irland\/"]}]},{"@type":"BreadcrumbList","@id":"https:\/\/www.urlaubcornwall.de\/blog\/dmc-irland-experten-im-organisieren-von-gruppenreisen-in-irland\/#breadcrumb","itemListElement":[{"@type":"ListItem","position":1,"name":"Home","item":"https:\/\/www.urlaubcornwall.de\/blog\/"},{"@type":"ListItem","position":2,"name":"DMC Irland &#8211; Experten im Organisieren von Gruppenreisen in Irland"}]}]}},"_links":{"self":[{"href":"https:\/\/www.urlaubcornwall.de\/blog\/wp-json\/wp\/v2\/pages\/34634"}],"collection":[{"href":"https:\/\/www.urlaubcornwall.de\/blog\/wp-json\/wp\/v2\/pages"}],"about":[{"href":"https:\/\/www.urlaubcornwall.de\/blog\/wp-json\/wp\/v2\/types\/page"}],"author":[{"embeddable":true,"href":"https:\/\/www.urlaubcornwall.de\/blog\/wp-json\/wp\/v2\/users\/1"}],"replies":[{"embeddable":true,"href":"https:\/\/www.urlaubcornwall.de\/blog\/wp-json\/wp\/v2\/comments?post=34634"}],"version-history":[{"count":3,"href":"https:\/\/www.urlaubcornwall.de\/blog\/wp-json\/wp\/v2\/pages\/34634\/revisions"}],"predecessor-version":[{"id":34932,"href":"https:\/\/www.urlaubcornwall.de\/blog\/wp-json\/wp\/v2\/pages\/34634\/revisions\/34932"}],"wp:attachment":[{"href":"https:\/\/www.urlaubcornwall.de\/blog\/wp-json\/wp\/v2\/media?parent=34634"}],"curies":[{"name":"wp","href":"https:\/\/api.w.org\/{rel}","templated":true}]}}