{"id":34606,"date":"2018-11-16T12:44:16","date_gmt":"2018-11-16T12:44:16","guid":{"rendered":"https:\/\/www.urlaubcornwall.de\/blog\/?page_id=34606"},"modified":"2019-02-05T09:11:04","modified_gmt":"2019-02-05T09:11:04","slug":"new-layout-test","status":"publish","type":"page","link":"https:\/\/www.urlaubcornwall.de\/blog\/new-layout-test\/","title":{"rendered":"New Layout Test"},"content":{"rendered":"<h2>(H2, Subtitle) Keywords Considered.<\/h2>\n<p><strong>Suchen Sie eine organsisierte Busrundreise, enine Busreise oder Reise mit Reiseleitung?<\/strong> Vielleicht suchen Sie ja eine Reise zu Sehensw\u00fcrdigkeiten, oder Sie haben besondere Interessen, wie zum Biespiel Gertenreisen, Literaturreisen, oder vielleicht sind Sie auf der Suche nach den Orten, die durch die Verfilmungen der Rosamunde Pilcher Romane bekannt geworden sind.<\/p>\n<p>UrlaubCornwall haben Touren im Angebot f\u00fcr Individualreisende. All die Rundreisen und Urlabspakete, die wir vorstellen, sind durch eine groe\u00dfe deutsche Reisegesellschaft geisichert, so dass Sie vertraunesvoll buchen k\u00f6nnen.<\/p>\n","protected":false},"excerpt":{"rendered":"<p>(H2, Subtitle) Keywords Considered. Suchen Sie eine organsisierte Busrundreise, enine Busreise oder Reise mit Reiseleitung? Vielleicht suchen Sie ja eine Reise zu Sehensw\u00fcrdigkeiten, oder Sie haben besondere Interessen, wie zum Biespiel Gertenreisen, Literaturreisen, oder vielleicht sind Sie auf der Suche nach den Orten, die durch die Verfilmungen der Rosamunde Pilcher Romane bekannt geworden sind. UrlaubCornwall [&hellip;]<\/p>\n","protected":false},"author":7,"featured_media":0,"parent":0,"menu_order":0,"comment_status":"closed","ping_status":"closed","template":"fw-post.php","meta":[],"acf":[],"yoast_head":"<!-- This site is optimized with the Yoast SEO plugin v19.4 - https:\/\/yoast.com\/wordpress\/plugins\/seo\/ -->\n<title>New Layout Test - Urlaub &amp; Reisen<\/title>\n<meta name=\"robots\" content=\"index, follow, max-snippet:-1, max-image-preview:large, max-video-preview:-1\" \/>\n<link rel=\"canonical\" href=\"https:\/\/www.urlaubcornwall.de\/blog\/new-layout-test\/\" \/>\n<meta property=\"og:locale\" content=\"en_US\" \/>\n<meta property=\"og:type\" content=\"article\" \/>\n<meta property=\"og:title\" content=\"New Layout Test - Urlaub &amp; Reisen\" \/>\n<meta property=\"og:description\" content=\"(H2, Subtitle) Keywords Considered. Suchen Sie eine organsisierte Busrundreise, enine Busreise oder Reise mit Reiseleitung? Vielleicht suchen Sie ja eine Reise zu Sehensw\u00fcrdigkeiten, oder Sie haben besondere Interessen, wie zum Biespiel Gertenreisen, Literaturreisen, oder vielleicht sind Sie auf der Suche nach den Orten, die durch die Verfilmungen der Rosamunde Pilcher Romane bekannt geworden sind. UrlaubCornwall [&hellip;]\" \/>\n<meta property=\"og:url\" content=\"https:\/\/www.urlaubcornwall.de\/blog\/new-layout-test\/\" \/>\n<meta property=\"og:site_name\" content=\"Urlaub &amp; Reisen\" \/>\n<meta property=\"article:modified_time\" content=\"2019-02-05T09:11:04+00:00\" \/>\n<meta name=\"twitter:card\" content=\"summary\" \/>\n<script type=\"application\/ld+json\" class=\"yoast-schema-graph\">{\"@context\":\"https:\/\/schema.org\",\"@graph\":[{\"@type\":\"WebSite\",\"@id\":\"https:\/\/www.urlaubcornwall.de\/blog\/#website\",\"url\":\"https:\/\/www.urlaubcornwall.de\/blog\/\",\"name\":\"Urlaub &amp; Reisen\",\"description\":\"Urlaub, Reisen, Cornwall und S\u00fcdengland: eine perfekte Kombination\",\"potentialAction\":[{\"@type\":\"SearchAction\",\"target\":{\"@type\":\"EntryPoint\",\"urlTemplate\":\"https:\/\/www.urlaubcornwall.de\/blog\/?s={search_term_string}\"},\"query-input\":\"required name=search_term_string\"}],\"inLanguage\":\"en-US\"},{\"@type\":\"WebPage\",\"@id\":\"https:\/\/www.urlaubcornwall.de\/blog\/new-layout-test\/\",\"url\":\"https:\/\/www.urlaubcornwall.de\/blog\/new-layout-test\/\",\"name\":\"New Layout Test - Urlaub &amp; Reisen\",\"isPartOf\":{\"@id\":\"https:\/\/www.urlaubcornwall.de\/blog\/#website\"},\"datePublished\":\"2018-11-16T12:44:16+00:00\",\"dateModified\":\"2019-02-05T09:11:04+00:00\",\"breadcrumb\":{\"@id\":\"https:\/\/www.urlaubcornwall.de\/blog\/new-layout-test\/#breadcrumb\"},\"inLanguage\":\"en-US\",\"potentialAction\":[{\"@type\":\"ReadAction\",\"target\":[\"https:\/\/www.urlaubcornwall.de\/blog\/new-layout-test\/\"]}]},{\"@type\":\"BreadcrumbList\",\"@id\":\"https:\/\/www.urlaubcornwall.de\/blog\/new-layout-test\/#breadcrumb\",\"itemListElement\":[{\"@type\":\"ListItem\",\"position\":1,\"name\":\"Home\",\"item\":\"https:\/\/www.urlaubcornwall.de\/blog\/\"},{\"@type\":\"ListItem\",\"position\":2,\"name\":\"New Layout Test\"}]}]}<\/script>\n<!-- \/ Yoast SEO plugin. -->","yoast_head_json":{"title":"New Layout Test - Urlaub &amp; Reisen","robots":{"index":"index","follow":"follow","max-snippet":"max-snippet:-1","max-image-preview":"max-image-preview:large","max-video-preview":"max-video-preview:-1"},"canonical":"https:\/\/www.urlaubcornwall.de\/blog\/new-layout-test\/","og_locale":"en_US","og_type":"article","og_title":"New Layout Test - Urlaub &amp; Reisen","og_description":"(H2, Subtitle) Keywords Considered. Suchen Sie eine organsisierte Busrundreise, enine Busreise oder Reise mit Reiseleitung? Vielleicht suchen Sie ja eine Reise zu Sehensw\u00fcrdigkeiten, oder Sie haben besondere Interessen, wie zum Biespiel Gertenreisen, Literaturreisen, oder vielleicht sind Sie auf der Suche nach den Orten, die durch die Verfilmungen der Rosamunde Pilcher Romane bekannt geworden sind. UrlaubCornwall [&hellip;]","og_url":"https:\/\/www.urlaubcornwall.de\/blog\/new-layout-test\/","og_site_name":"Urlaub &amp; Reisen","article_modified_time":"2019-02-05T09:11:04+00:00","twitter_card":"summary","schema":{"@context":"https:\/\/schema.org","@graph":[{"@type":"WebSite","@id":"https:\/\/www.urlaubcornwall.de\/blog\/#website","url":"https:\/\/www.urlaubcornwall.de\/blog\/","name":"Urlaub &amp; Reisen","description":"Urlaub, Reisen, Cornwall und S\u00fcdengland: eine perfekte Kombination","potentialAction":[{"@type":"SearchAction","target":{"@type":"EntryPoint","urlTemplate":"https:\/\/www.urlaubcornwall.de\/blog\/?s={search_term_string}"},"query-input":"required name=search_term_string"}],"inLanguage":"en-US"},{"@type":"WebPage","@id":"https:\/\/www.urlaubcornwall.de\/blog\/new-layout-test\/","url":"https:\/\/www.urlaubcornwall.de\/blog\/new-layout-test\/","name":"New Layout Test - Urlaub &amp; Reisen","isPartOf":{"@id":"https:\/\/www.urlaubcornwall.de\/blog\/#website"},"datePublished":"2018-11-16T12:44:16+00:00","dateModified":"2019-02-05T09:11:04+00:00","breadcrumb":{"@id":"https:\/\/www.urlaubcornwall.de\/blog\/new-layout-test\/#breadcrumb"},"inLanguage":"en-US","potentialAction":[{"@type":"ReadAction","target":["https:\/\/www.urlaubcornwall.de\/blog\/new-layout-test\/"]}]},{"@type":"BreadcrumbList","@id":"https:\/\/www.urlaubcornwall.de\/blog\/new-layout-test\/#breadcrumb","itemListElement":[{"@type":"ListItem","position":1,"name":"Home","item":"https:\/\/www.urlaubcornwall.de\/blog\/"},{"@type":"ListItem","position":2,"name":"New Layout Test"}]}]}},"_links":{"self":[{"href":"https:\/\/www.urlaubcornwall.de\/blog\/wp-json\/wp\/v2\/pages\/34606"}],"collection":[{"href":"https:\/\/www.urlaubcornwall.de\/blog\/wp-json\/wp\/v2\/pages"}],"about":[{"href":"https:\/\/www.urlaubcornwall.de\/blog\/wp-json\/wp\/v2\/types\/page"}],"author":[{"embeddable":true,"href":"https:\/\/www.urlaubcornwall.de\/blog\/wp-json\/wp\/v2\/users\/7"}],"replies":[{"embeddable":true,"href":"https:\/\/www.urlaubcornwall.de\/blog\/wp-json\/wp\/v2\/comments?post=34606"}],"version-history":[{"count":3,"href":"https:\/\/www.urlaubcornwall.de\/blog\/wp-json\/wp\/v2\/pages\/34606\/revisions"}],"predecessor-version":[{"id":34629,"href":"https:\/\/www.urlaubcornwall.de\/blog\/wp-json\/wp\/v2\/pages\/34606\/revisions\/34629"}],"wp:attachment":[{"href":"https:\/\/www.urlaubcornwall.de\/blog\/wp-json\/wp\/v2\/media?parent=34606"}],"curies":[{"name":"wp","href":"https:\/\/api.w.org\/{rel}","templated":true}]}}