{"id":34494,"date":"2018-11-09T11:38:36","date_gmt":"2018-11-09T11:38:36","guid":{"rendered":"https:\/\/www.urlaubcornwall.de\/blog\/?page_id=34494"},"modified":"2021-10-01T07:04:55","modified_gmt":"2021-10-01T07:04:55","slug":"unsere-top-10-ferienhaeuser-in-cornwall-mit-unvergesslichem-blick","status":"publish","type":"page","link":"https:\/\/www.urlaubcornwall.de\/blog\/unsere-top-10-ferienhaeuser-in-cornwall-mit-unvergesslichem-blick\/","title":{"rendered":"Unsere Top 10 Ferienh\u00e4user in Cornwall mit unvergesslichem Blick"},"content":{"rendered":"<p>Wenn Sie sich f\u00fcr <a href=\"https:\/\/www.urlaubcornwall.de\/ferienhaeuser\/cornwall.php\">Urlaub in Cornwall<\/a> entscheiden, sind Sie nie weit vom Meer entfernt und dem herrlichen Blick, den die K\u00fcste bietet. Gl\u00fccklicherweise haben wir eine Auswahl an Unterk\u00fcnften in der gesamten Grafschaft, die spektakul\u00e4ren Meeresblick haben.&nbsp;<\/p>\n<p>Wir haben eine Liste an Unterk\u00fcnften zusammengestellt mit wohl bestem Meerblick in Cornwall\u2026&nbsp;<\/p>\n<p><a href=\"https:\/\/www.urlaubcornwall.de\/blog\/wp-content\/uploads\/2018\/11\/ferienhaus-am-meer-cadgwith.jpg\"><img loading=\"lazy\" class=\"alignnone size-full wp-image-34505\" src=\"https:\/\/www.urlaubcornwall.de\/blog\/wp-content\/uploads\/2018\/11\/ferienhaus-am-meer-cadgwith.jpg\" alt=\"ferienhaus am meer cadgwith\" width=\"748\" height=\"450\"\/><\/a><\/p>\n<p><a href=\"https:\/\/www.urlaubcornwall.de\/ferienhaeuser-fewos\/unterkunft\/Classic\/2036-kinsale.html\"><strong>Cadgwith Kinsale<\/strong><\/a> &#8211; 3 Schlafzimmer Reetdach d\u00f6rfliche Ferienhaus mit Meerblick. Hundefreundlich. Cadgwith, S\u00fcdwest-Cornwall.<\/p>\n<p>Schauen Sie sich all unsere <a href=\"https:\/\/www.urlaubcornwall.de\/ferienhaeuser-fewos\/cadgwith.html\">Unterk\u00fcnfte in Cadgwith<\/a> an&nbsp;&gt;<\/p>\n<p><a href=\"https:\/\/www.urlaubcornwall.de\/blog\/wp-content\/uploads\/2018\/11\/33250020_ferienhaus_portreath_meerblick.jpg\"><img loading=\"lazy\" class=\"alignnone size-full wp-image-34506\" src=\"https:\/\/www.urlaubcornwall.de\/blog\/wp-content\/uploads\/2018\/11\/33250020_ferienhaus_portreath_meerblick.jpg\" alt=\"ferienhaus portreath meerblick\" width=\"748\" height=\"504\"\/><\/a><\/p>\n<p><a href=\"https:\/\/www.urlaubcornwall.de\/ferienhaeuser-fewos\/unterkunft\/Classic\/3325-rock.html\"><strong>Portreath Rock<\/strong><\/a> &#8211; 3 Schlafzimmer d\u00f6rfliche Ferienhaus mit Meerblick. Portreath, <a href=\"https:\/\/www.urlaubcornwall.de\/ferienhaeuser-fewos\/nordkueste-cornwall.html\">Nordk\u00fcste Cornwall<\/a>.<\/p>\n<p>Schauen Sie sich all unsere <a href=\"https:\/\/www.urlaubcornwall.de\/ferienhaeuser-fewos\/portreath.html\">Unterk\u00fcnfte in Portreath<\/a> an&nbsp;&gt;&nbsp;<\/p>\n<p><a href=\"https:\/\/www.urlaubcornwall.de\/blog\/wp-content\/uploads\/2018\/11\/29620005_mullion_lizard_halbinsel_meerblick.jpg\"><img loading=\"lazy\" class=\"alignnone size-full wp-image-34507\" src=\"https:\/\/www.urlaubcornwall.de\/blog\/wp-content\/uploads\/2018\/11\/29620005_mullion_lizard_halbinsel_meerblick.jpg\" alt=\"mullion_lizard_halbinsel_meerblick\" width=\"748\" height=\"504\"\/><\/a><\/p>\n<p><a href=\"https:\/\/www.urlaubcornwall.de\/ferienhaeuser-fewos\/unterkunft\/Classic\/2963-demelza.html\"><strong>Mullion Demelza<\/strong><\/a> &#8211; 2 Schlafzimmer d\u00f6rfliche Ferienwohnung mit Meerblick. Hundefreundlich. 1.6 Kilometern SW von Mullion, S\u00fcdwest-Cornwall.<\/p>\n<p>Schauen Sie sich all unsere <a href=\"https:\/\/www.urlaubcornwall.de\/ferienhaeuser-fewos\/mullion.html\">Unterk\u00fcnfte in Mullion<\/a> an&nbsp;&gt;<\/p>\n<p><a href=\"https:\/\/www.urlaubcornwall.de\/blog\/wp-content\/uploads\/2018\/11\/23050001_ferienhaus_port_isaac_meerblick.jpg\"><img loading=\"lazy\" class=\"alignnone size-full wp-image-34508\" src=\"https:\/\/www.urlaubcornwall.de\/blog\/wp-content\/uploads\/2018\/11\/23050001_ferienhaus_port_isaac_meerblick.jpg\" alt=\"ferienhaus_port_isaac_meerblick\" width=\"748\" height=\"504\"\/><\/a><\/p>\n<p><a href=\"https:\/\/www.urlaubcornwall.de\/ferienhaeuser-fewos\/unterkunft\/Classic\/2305-anchorage.html\"><strong>Port Isaac Anchorage<\/strong><\/a> &#8211; 6 Schlafzimmer Klippenlage Ferienhaus mit Meerblick. Hundefreundlich. Port Isaac, <a href=\"https:\/\/www.urlaubcornwall.de\/ferienhaeuser-fewos\/nordkueste-cornwall.html\">Nordk\u00fcste Cornwall<\/a>.<\/p>\n<p>Schauen Sie sich all unsere <a href=\"https:\/\/www.urlaubcornwall.de\/ferienhaeuser-fewos\/port-isaac.html\">Unterk\u00fcnfte in Port Isaac<\/a> an&nbsp;&gt;<\/p>\n<p><a href=\"https:\/\/www.urlaubcornwall.de\/blog\/wp-content\/uploads\/2018\/11\/32810032_ferienhaus_praa_sands_meerblick.jpg\"><img loading=\"lazy\" class=\"alignnone size-full wp-image-34509\" src=\"https:\/\/www.urlaubcornwall.de\/blog\/wp-content\/uploads\/2018\/11\/32810032_ferienhaus_praa_sands_meerblick.jpg\" alt=\"ferienhaus_praa_sands_meerblick\" width=\"748\" height=\"504\"\/><\/a><\/p>\n<p><a href=\"https:\/\/www.urlaubcornwall.de\/ferienhaeuser-fewos\/unterkunft\/Classic\/3281-pandora.html\"><strong>Praa Sands Pandora<\/strong><\/a> &#8211; 2 Schlafzimmer d\u00f6rfliche Ferienhaus mit Meerblick. Praa Sands, S\u00fcdwest-Cornwall.<\/p>\n<p>Schauen Sie sich all unsere <a href=\"https:\/\/www.urlaubcornwall.de\/ferienhaeuser-fewos\/praa-sands.html\">Unterk\u00fcnfte in Praa Sands<\/a> an&nbsp;&gt;<\/p>\n<p><a href=\"https:\/\/www.urlaubcornwall.de\/blog\/wp-content\/uploads\/2018\/11\/28460001_ferienhaus_praa_sands_meerblick.jpg\"><img loading=\"lazy\" class=\"alignnone size-full wp-image-34510\" src=\"https:\/\/www.urlaubcornwall.de\/blog\/wp-content\/uploads\/2018\/11\/28460001_ferienhaus_praa_sands_meerblick.jpg\" alt=\"ferienhaus_coverack_meerblick\" width=\"748\" height=\"504\"\/><\/a><\/p>\n<p><a href=\"https:\/\/www.urlaubcornwall.de\/ferienhaeuser-fewos\/unterkunft\/Classic\/4304-little-ship-cottage.html\"><strong>Mears Cottage<\/strong><\/a> &#8211; 2 Schlafzimmer d\u00f6rfliche Ferienhaus mit Meerblick. Hundefreundlich. Coverack, S\u00fcdwest-Cornwall.<\/p>\n<p>Schauen Sie sich all unsere <a href=\"https:\/\/www.urlaubcornwall.de\/ferienhaeuser-fewos\/coverack.html\">Unterk\u00fcnfte in Coverack<\/a> an&nbsp;&gt;<\/p>\n<p><a href=\"https:\/\/www.urlaubcornwall.de\/blog\/wp-content\/uploads\/2018\/11\/falmouth_ferienhaus_meerblick.jpg\"><img loading=\"lazy\" class=\"alignnone size-full wp-image-34512\" src=\"https:\/\/www.urlaubcornwall.de\/blog\/wp-content\/uploads\/2018\/11\/falmouth_ferienhaus_meerblick.jpg\" alt=\"falmouth_ferienhaus_meerblick\" width=\"748\" height=\"504\"\/><\/a><\/p>\n<p><a href=\"https:\/\/www.urlaubcornwall.de\/ferienhaeuser-fewos\/unterkunft\/Classic\/4120-creek-cottage.html\"><strong>Creek Cottage<\/strong><\/a> &#8211; 3 Schlafzimmer l\u00e4ndlich Ferienhaus mit Meerblick. 8.8 Kilometern SW von Falmouth, S\u00fcdwest-Cornwall.<\/p>\n<p>Schauen Sie sich all unsere <a href=\"https:\/\/www.urlaubcornwall.de\/ferienhaeuser-fewos\/falmouth.html\">Unterk\u00fcnfte in Falmouth<\/a> an&nbsp;&gt;<\/p>\n<p><a href=\"https:\/\/www.urlaubcornwall.de\/blog\/wp-content\/uploads\/2018\/11\/38730006_ferienhaus_looe_meerblick.jpg\"><img loading=\"lazy\" class=\"alignnone size-full wp-image-34513\" src=\"https:\/\/www.urlaubcornwall.de\/blog\/wp-content\/uploads\/2018\/11\/38730006_ferienhaus_looe_meerblick.jpg\" alt=\"ferienhaus_looe_meerblick\" width=\"748\" height=\"504\"\/><\/a><\/p>\n<p><a href=\"https:\/\/www.urlaubcornwall.de\/ferienhaeuser-fewos\/unterkunft\/Classic\/3873-phoenix.html\"><strong>Phoenix<\/strong><\/a> &#8211; 4 Schlafzimmer Klippenlage Ferienhaus mit Meerblick. 3.4 Kilometern SW von Looe, <a href=\"https:\/\/www.urlaubcornwall.de\/ferienhaeuser-fewos\/suedkueste-cornwall.html\">S\u00fcdk\u00fcste Cornwall<\/a>.<\/p>\n<p>Schauen Sie sich all unsere <a href=\"https:\/\/www.urlaubcornwall.de\/ferienhaeuser-fewos\/looe.html\">Unterk\u00fcnfte in Looe<\/a> an&nbsp;&gt;<\/p>\n<p><a href=\"https:\/\/www.urlaubcornwall.de\/blog\/wp-content\/uploads\/2018\/11\/31180026_ferienhaus_st_mawes_meerblick.jpg\"><img loading=\"lazy\" class=\"alignnone size-full wp-image-34514\" src=\"https:\/\/www.urlaubcornwall.de\/blog\/wp-content\/uploads\/2018\/11\/31180026_ferienhaus_st_mawes_meerblick.jpg\" alt=\"ferienhaus_st_mawes_meerblick\" width=\"748\" height=\"504\"\/><\/a><\/p>\n<p><a href=\"https:\/\/www.urlaubcornwall.de\/ferienhaeuser-fewos\/unterkunft\/Classic\/4261-weatheroak-and-the-sail-loft.html\"><strong>Carrick Nath<\/strong><\/a> &#8211; 5 Schlafzimmer Ferienhaus mit Meerblick. Hundefreundlich. 2.3 Kilometern SW von Portscatho, <a href=\"https:\/\/www.urlaubcornwall.de\/ferienhaeuser-fewos\/suedkueste-cornwall.html\">S\u00fcdk\u00fcste Cornwall<\/a>.<\/p>\n<p>Schauen Sie sich all unsere <a href=\"https:\/\/www.urlaubcornwall.de\/ferienhaeuser-fewos\/st-mawes.html\">Unterk\u00fcnfte in St Mawes<\/a> an&nbsp;&gt;<\/p>\n<p><a href=\"https:\/\/www.urlaubcornwall.de\/blog\/wp-content\/uploads\/2018\/11\/ferienhaus-mevagissey-meerblick.jpg\"><img loading=\"lazy\" class=\"alignnone size-full wp-image-34515\" src=\"https:\/\/www.urlaubcornwall.de\/blog\/wp-content\/uploads\/2018\/11\/ferienhaus-mevagissey-meerblick.jpg\" alt=\"ferienhaus mevagissey meerblick\" width=\"748\" height=\"504\"\/><\/a><\/p>\n<p><strong><a href=\"https:\/\/www.urlaubcornwall.de\/ferienhaeuser-fewos\/unterkunft\/OriginalCO\/windru-windrush.html\">Windrush<\/a> <\/strong>&#8211; 3 Schlafzimmer 2 Badezimmer Ferienhaus mit Meerblick. Mevagissey, <a href=\"https:\/\/www.urlaubcornwall.de\/ferienhaeuser-fewos\/suedkueste-cornwall.html\">S\u00fcdk\u00fcste Cornwall<\/a>.<\/p>\n<p>Schauen Sie sich all unsere <a href=\"https:\/\/www.urlaubcornwall.de\/ferienhaeuser-fewos\/mevagissey.html\">Unterk\u00fcnfte in Mevagissey<\/a> an&nbsp;&gt;<\/p>\n<p>Falls diese Traumunterk\u00fcnfte Sie in Versuchung gef\u00fchrt haben, dann schauen Sie sich doch unsere Reihe an <a href=\"https:\/\/www.urlaubcornwall.de\/ferienhaeuser-fewos\/cornwall-am-meer.html\">Unterk\u00fcnften mit Meeresblick an&gt;<\/a><\/p>\n","protected":false},"excerpt":{"rendered":"<p>Wenn Sie sich f\u00fcr Urlaub in Cornwall entscheiden, sind Sie nie weit vom Meer entfernt und dem herrlichen Blick, den die K\u00fcste bietet. Gl\u00fccklicherweise haben wir eine Auswahl an Unterk\u00fcnften in der gesamten Grafschaft, die spektakul\u00e4ren Meeresblick haben.&nbsp; Wir haben eine Liste an Unterk\u00fcnften zusammengestellt mit wohl bestem Meerblick in Cornwall\u2026&nbsp; Cadgwith Kinsale &#8211; 3 [&hellip;]<\/p>\n","protected":false},"author":1,"featured_media":0,"parent":0,"menu_order":0,"comment_status":"closed","ping_status":"closed","template":"single-four.php","meta":[],"acf":[],"yoast_head":"<!-- This site is optimized with the Yoast SEO plugin v19.4 - https:\/\/yoast.com\/wordpress\/plugins\/seo\/ -->\n<title>Unsere Top 10 Ferienh\u00e4user in Cornwall mit unvergesslichem Blick - Urlaub &amp; Reisen<\/title>\n<meta name=\"robots\" content=\"index, follow, max-snippet:-1, max-image-preview:large, max-video-preview:-1\" \/>\n<link rel=\"canonical\" href=\"https:\/\/www.urlaubcornwall.de\/blog\/unsere-top-10-ferienhaeuser-in-cornwall-mit-unvergesslichem-blick\/\" \/>\n<meta property=\"og:locale\" content=\"en_US\" \/>\n<meta property=\"og:type\" content=\"article\" \/>\n<meta property=\"og:title\" content=\"Unsere Top 10 Ferienh\u00e4user in Cornwall mit unvergesslichem Blick - Urlaub &amp; Reisen\" \/>\n<meta property=\"og:description\" content=\"Wenn Sie sich f\u00fcr Urlaub in Cornwall entscheiden, sind Sie nie weit vom Meer entfernt und dem herrlichen Blick, den die K\u00fcste bietet. Gl\u00fccklicherweise haben wir eine Auswahl an Unterk\u00fcnften in der gesamten Grafschaft, die spektakul\u00e4ren Meeresblick haben.&nbsp; Wir haben eine Liste an Unterk\u00fcnften zusammengestellt mit wohl bestem Meerblick in Cornwall\u2026&nbsp; Cadgwith Kinsale &#8211; 3 [&hellip;]\" \/>\n<meta property=\"og:url\" content=\"https:\/\/www.urlaubcornwall.de\/blog\/unsere-top-10-ferienhaeuser-in-cornwall-mit-unvergesslichem-blick\/\" \/>\n<meta property=\"og:site_name\" content=\"Urlaub &amp; Reisen\" \/>\n<meta property=\"article:modified_time\" content=\"2021-10-01T07:04:55+00:00\" \/>\n<meta property=\"og:image\" content=\"https:\/\/www.urlaubcornwall.de\/blog\/wp-content\/uploads\/2018\/11\/ferienhaus-am-meer-cadgwith.jpg\" \/>\n<meta name=\"twitter:card\" content=\"summary\" \/>\n<meta name=\"twitter:label1\" content=\"Est. reading time\" \/>\n\t<meta name=\"twitter:data1\" content=\"2 minutes\" \/>\n<script type=\"application\/ld+json\" class=\"yoast-schema-graph\">{\"@context\":\"https:\/\/schema.org\",\"@graph\":[{\"@type\":\"WebSite\",\"@id\":\"https:\/\/www.urlaubcornwall.de\/blog\/#website\",\"url\":\"https:\/\/www.urlaubcornwall.de\/blog\/\",\"name\":\"Urlaub &amp; Reisen\",\"description\":\"Urlaub, Reisen, Cornwall und S\u00fcdengland: eine perfekte Kombination\",\"potentialAction\":[{\"@type\":\"SearchAction\",\"target\":{\"@type\":\"EntryPoint\",\"urlTemplate\":\"https:\/\/www.urlaubcornwall.de\/blog\/?s={search_term_string}\"},\"query-input\":\"required name=search_term_string\"}],\"inLanguage\":\"en-US\"},{\"@type\":\"WebPage\",\"@id\":\"https:\/\/www.urlaubcornwall.de\/blog\/unsere-top-10-ferienhaeuser-in-cornwall-mit-unvergesslichem-blick\/\",\"url\":\"https:\/\/www.urlaubcornwall.de\/blog\/unsere-top-10-ferienhaeuser-in-cornwall-mit-unvergesslichem-blick\/\",\"name\":\"Unsere Top 10 Ferienh\u00e4user in Cornwall mit unvergesslichem Blick - Urlaub &amp; Reisen\",\"isPartOf\":{\"@id\":\"https:\/\/www.urlaubcornwall.de\/blog\/#website\"},\"datePublished\":\"2018-11-09T11:38:36+00:00\",\"dateModified\":\"2021-10-01T07:04:55+00:00\",\"breadcrumb\":{\"@id\":\"https:\/\/www.urlaubcornwall.de\/blog\/unsere-top-10-ferienhaeuser-in-cornwall-mit-unvergesslichem-blick\/#breadcrumb\"},\"inLanguage\":\"en-US\",\"potentialAction\":[{\"@type\":\"ReadAction\",\"target\":[\"https:\/\/www.urlaubcornwall.de\/blog\/unsere-top-10-ferienhaeuser-in-cornwall-mit-unvergesslichem-blick\/\"]}]},{\"@type\":\"BreadcrumbList\",\"@id\":\"https:\/\/www.urlaubcornwall.de\/blog\/unsere-top-10-ferienhaeuser-in-cornwall-mit-unvergesslichem-blick\/#breadcrumb\",\"itemListElement\":[{\"@type\":\"ListItem\",\"position\":1,\"name\":\"Home\",\"item\":\"https:\/\/www.urlaubcornwall.de\/blog\/\"},{\"@type\":\"ListItem\",\"position\":2,\"name\":\"Unsere Top 10 Ferienh\u00e4user in Cornwall mit unvergesslichem Blick\"}]}]}<\/script>\n<!-- \/ Yoast SEO plugin. -->","yoast_head_json":{"title":"Unsere Top 10 Ferienh\u00e4user in Cornwall mit unvergesslichem Blick - Urlaub &amp; Reisen","robots":{"index":"index","follow":"follow","max-snippet":"max-snippet:-1","max-image-preview":"max-image-preview:large","max-video-preview":"max-video-preview:-1"},"canonical":"https:\/\/www.urlaubcornwall.de\/blog\/unsere-top-10-ferienhaeuser-in-cornwall-mit-unvergesslichem-blick\/","og_locale":"en_US","og_type":"article","og_title":"Unsere Top 10 Ferienh\u00e4user in Cornwall mit unvergesslichem Blick - Urlaub &amp; Reisen","og_description":"Wenn Sie sich f\u00fcr Urlaub in Cornwall entscheiden, sind Sie nie weit vom Meer entfernt und dem herrlichen Blick, den die K\u00fcste bietet. Gl\u00fccklicherweise haben wir eine Auswahl an Unterk\u00fcnften in der gesamten Grafschaft, die spektakul\u00e4ren Meeresblick haben.&nbsp; Wir haben eine Liste an Unterk\u00fcnften zusammengestellt mit wohl bestem Meerblick in Cornwall\u2026&nbsp; Cadgwith Kinsale &#8211; 3 [&hellip;]","og_url":"https:\/\/www.urlaubcornwall.de\/blog\/unsere-top-10-ferienhaeuser-in-cornwall-mit-unvergesslichem-blick\/","og_site_name":"Urlaub &amp; Reisen","article_modified_time":"2021-10-01T07:04:55+00:00","og_image":[{"url":"https:\/\/www.urlaubcornwall.de\/blog\/wp-content\/uploads\/2018\/11\/ferienhaus-am-meer-cadgwith.jpg"}],"twitter_card":"summary","twitter_misc":{"Est. reading time":"2 minutes"},"schema":{"@context":"https:\/\/schema.org","@graph":[{"@type":"WebSite","@id":"https:\/\/www.urlaubcornwall.de\/blog\/#website","url":"https:\/\/www.urlaubcornwall.de\/blog\/","name":"Urlaub &amp; Reisen","description":"Urlaub, Reisen, Cornwall und S\u00fcdengland: eine perfekte Kombination","potentialAction":[{"@type":"SearchAction","target":{"@type":"EntryPoint","urlTemplate":"https:\/\/www.urlaubcornwall.de\/blog\/?s={search_term_string}"},"query-input":"required name=search_term_string"}],"inLanguage":"en-US"},{"@type":"WebPage","@id":"https:\/\/www.urlaubcornwall.de\/blog\/unsere-top-10-ferienhaeuser-in-cornwall-mit-unvergesslichem-blick\/","url":"https:\/\/www.urlaubcornwall.de\/blog\/unsere-top-10-ferienhaeuser-in-cornwall-mit-unvergesslichem-blick\/","name":"Unsere Top 10 Ferienh\u00e4user in Cornwall mit unvergesslichem Blick - Urlaub &amp; Reisen","isPartOf":{"@id":"https:\/\/www.urlaubcornwall.de\/blog\/#website"},"datePublished":"2018-11-09T11:38:36+00:00","dateModified":"2021-10-01T07:04:55+00:00","breadcrumb":{"@id":"https:\/\/www.urlaubcornwall.de\/blog\/unsere-top-10-ferienhaeuser-in-cornwall-mit-unvergesslichem-blick\/#breadcrumb"},"inLanguage":"en-US","potentialAction":[{"@type":"ReadAction","target":["https:\/\/www.urlaubcornwall.de\/blog\/unsere-top-10-ferienhaeuser-in-cornwall-mit-unvergesslichem-blick\/"]}]},{"@type":"BreadcrumbList","@id":"https:\/\/www.urlaubcornwall.de\/blog\/unsere-top-10-ferienhaeuser-in-cornwall-mit-unvergesslichem-blick\/#breadcrumb","itemListElement":[{"@type":"ListItem","position":1,"name":"Home","item":"https:\/\/www.urlaubcornwall.de\/blog\/"},{"@type":"ListItem","position":2,"name":"Unsere Top 10 Ferienh\u00e4user in Cornwall mit unvergesslichem Blick"}]}]}},"_links":{"self":[{"href":"https:\/\/www.urlaubcornwall.de\/blog\/wp-json\/wp\/v2\/pages\/34494"}],"collection":[{"href":"https:\/\/www.urlaubcornwall.de\/blog\/wp-json\/wp\/v2\/pages"}],"about":[{"href":"https:\/\/www.urlaubcornwall.de\/blog\/wp-json\/wp\/v2\/types\/page"}],"author":[{"embeddable":true,"href":"https:\/\/www.urlaubcornwall.de\/blog\/wp-json\/wp\/v2\/users\/1"}],"replies":[{"embeddable":true,"href":"https:\/\/www.urlaubcornwall.de\/blog\/wp-json\/wp\/v2\/comments?post=34494"}],"version-history":[{"count":9,"href":"https:\/\/www.urlaubcornwall.de\/blog\/wp-json\/wp\/v2\/pages\/34494\/revisions"}],"predecessor-version":[{"id":43168,"href":"https:\/\/www.urlaubcornwall.de\/blog\/wp-json\/wp\/v2\/pages\/34494\/revisions\/43168"}],"wp:attachment":[{"href":"https:\/\/www.urlaubcornwall.de\/blog\/wp-json\/wp\/v2\/media?parent=34494"}],"curies":[{"name":"wp","href":"https:\/\/api.w.org\/{rel}","templated":true}]}}