{"id":34427,"date":"2018-09-24T10:08:21","date_gmt":"2018-09-24T10:08:21","guid":{"rendered":"https:\/\/www.urlaubcornwall.de\/blog\/?page_id=34427"},"modified":"2024-04-12T10:35:41","modified_gmt":"2024-04-12T10:35:41","slug":"die-schoensten-kuestenorte-in-kent-rundreise-suedengland","status":"publish","type":"page","link":"https:\/\/www.urlaubcornwall.de\/blog\/die-schoensten-kuestenorte-in-kent-rundreise-suedengland\/","title":{"rendered":"Die sch\u00f6nsten K\u00fcstenorte in Kent &#8211; Rundreise S\u00fcdengland"},"content":{"rendered":"<p><img loading=\"lazy\" class=\"aligncenter size-full wp-image-47865\" src=\"https:\/\/www.urlaubcornwall.de\/blog\/wp-content\/uploads\/2024\/03\/canterbury-river.jpg\" alt=\"canterbury fluss\" width=\"750\" height=\"563\" srcset=\"https:\/\/www.urlaubcornwall.de\/blog\/wp-content\/uploads\/2024\/03\/canterbury-river.jpg 750w, https:\/\/www.urlaubcornwall.de\/blog\/wp-content\/uploads\/2024\/03\/canterbury-river-300x225.jpg 300w\" sizes=\"(max-width: 750px) 100vw, 750px\" \/><\/p>\n<p><a href=\"https:\/\/www.urlaubcornwall.de\/blog\/dover-kent-unterkunft-sehenswuerdigkeiten-und-geschichte\/\">Dover<\/a> ist seit mehr als 2000 Jahren Englands Haupthafen zur \u00dcberquerung des Kanals und das beliebteste Reiseziel f\u00fcr F\u00e4hren aus Europa. Die Burg Dover, eine der ikonischsten Burgen Englands wurde erbaut, um \u201cdas Tor Englands\u201d im Mittelalter zu bewachen.<\/p>\n<p><a href=\"https:\/\/www.urlaubcornwall.de\/blog\/urlaub-folkstone-sehenswuerdigkeiten-unterkunft-und-geschichte\/\">Folkestone<\/a> befindet sich 12,8km s\u00fcdwestlich von Dover hinter den Wei\u00dfen Klippen mit Niederungen im Hintergrund. Dieser attraktive Urlaubsort am Meer hat gro\u00dffl\u00e4chige Esplanaden auf der Klippenspitze mit viktorianischer Architektur.<\/p>\n<p><a href=\"https:\/\/www.urlaubcornwall.de\/blog\/margate-kent-unterkunft-sehenswuerdigkeiten-und-geschichte\/\">Margate<\/a> &#8211; Seit mehr als 200 Jahren zieht Margate Urlauber an seinen herrlichen sichelf\u00f6rmigen Sandstrand an. Diese zeitlose englische Stadt am Meer an der K\u00fcste Kents kombiniert den Charme der guten alten Welt mit der Kultur des 21. Jahrhunderts.<\/p>\n<p>Sandwich in <a href=\"https:\/\/www.urlaubcornwall.de\/reiseziel\/kent.php\">Kent<\/a> ist eine der besterhaltenen mittelalterlichen St\u00e4dte Englands. Im 13. Jahrhundert war sie Englands Haupthafen f\u00fcr den Export von Wolle, doch im 15. Jahrhundert versandete der Fluss, und der Handel zog entlang der K\u00fcste nach Deal.<\/p>\n<p style=\"text-align: center;\"><a class=\"tidycta\" href=\"https:\/\/www.urlaubcornwall.de\/rundreisen\/cornwall-suedengland.php\">Rundreisen in S\u00fcdengland<\/a><\/p>\n","protected":false},"excerpt":{"rendered":"<p>Dover ist seit mehr als 2000 Jahren Englands Haupthafen zur \u00dcberquerung des Kanals und das beliebteste Reiseziel f\u00fcr F\u00e4hren aus Europa. Die Burg Dover, eine der ikonischsten Burgen Englands wurde erbaut, um \u201cdas Tor Englands\u201d im Mittelalter zu bewachen. Folkestone befindet sich 12,8km s\u00fcdwestlich von Dover hinter den Wei\u00dfen Klippen mit Niederungen im Hintergrund. Dieser [&hellip;]<\/p>\n","protected":false},"author":1,"featured_media":0,"parent":0,"menu_order":0,"comment_status":"closed","ping_status":"closed","template":"single-four.php","meta":[],"acf":[],"yoast_head":"<!-- This site is optimized with the Yoast SEO plugin v19.4 - https:\/\/yoast.com\/wordpress\/plugins\/seo\/ -->\n<title>Die sch\u00f6nsten K\u00fcstenorte in Kent - Rundreise S\u00fcdengland - Urlaub &amp; Reisen<\/title>\n<meta name=\"robots\" content=\"index, follow, max-snippet:-1, max-image-preview:large, max-video-preview:-1\" \/>\n<link rel=\"canonical\" href=\"https:\/\/www.urlaubcornwall.de\/blog\/die-schoensten-kuestenorte-in-kent-rundreise-suedengland\/\" \/>\n<meta property=\"og:locale\" content=\"en_US\" \/>\n<meta property=\"og:type\" content=\"article\" \/>\n<meta property=\"og:title\" content=\"Die sch\u00f6nsten K\u00fcstenorte in Kent - Rundreise S\u00fcdengland - Urlaub &amp; Reisen\" \/>\n<meta property=\"og:description\" content=\"Dover ist seit mehr als 2000 Jahren Englands Haupthafen zur \u00dcberquerung des Kanals und das beliebteste Reiseziel f\u00fcr F\u00e4hren aus Europa. Die Burg Dover, eine der ikonischsten Burgen Englands wurde erbaut, um \u201cdas Tor Englands\u201d im Mittelalter zu bewachen. Folkestone befindet sich 12,8km s\u00fcdwestlich von Dover hinter den Wei\u00dfen Klippen mit Niederungen im Hintergrund. Dieser [&hellip;]\" \/>\n<meta property=\"og:url\" content=\"https:\/\/www.urlaubcornwall.de\/blog\/die-schoensten-kuestenorte-in-kent-rundreise-suedengland\/\" \/>\n<meta property=\"og:site_name\" content=\"Urlaub &amp; Reisen\" \/>\n<meta property=\"article:modified_time\" content=\"2024-04-12T10:35:41+00:00\" \/>\n<meta property=\"og:image\" content=\"https:\/\/www.urlaubcornwall.de\/blog\/wp-content\/uploads\/2024\/03\/canterbury-river.jpg\" \/>\n<meta name=\"twitter:card\" content=\"summary\" \/>\n<meta name=\"twitter:label1\" content=\"Est. reading time\" \/>\n\t<meta name=\"twitter:data1\" content=\"1 minute\" \/>\n<script type=\"application\/ld+json\" class=\"yoast-schema-graph\">{\"@context\":\"https:\/\/schema.org\",\"@graph\":[{\"@type\":\"WebSite\",\"@id\":\"https:\/\/www.urlaubcornwall.de\/blog\/#website\",\"url\":\"https:\/\/www.urlaubcornwall.de\/blog\/\",\"name\":\"Urlaub &amp; Reisen\",\"description\":\"Urlaub, Reisen, Cornwall und S\u00fcdengland: eine perfekte Kombination\",\"potentialAction\":[{\"@type\":\"SearchAction\",\"target\":{\"@type\":\"EntryPoint\",\"urlTemplate\":\"https:\/\/www.urlaubcornwall.de\/blog\/?s={search_term_string}\"},\"query-input\":\"required name=search_term_string\"}],\"inLanguage\":\"en-US\"},{\"@type\":\"WebPage\",\"@id\":\"https:\/\/www.urlaubcornwall.de\/blog\/die-schoensten-kuestenorte-in-kent-rundreise-suedengland\/\",\"url\":\"https:\/\/www.urlaubcornwall.de\/blog\/die-schoensten-kuestenorte-in-kent-rundreise-suedengland\/\",\"name\":\"Die sch\u00f6nsten K\u00fcstenorte in Kent - Rundreise S\u00fcdengland - Urlaub &amp; Reisen\",\"isPartOf\":{\"@id\":\"https:\/\/www.urlaubcornwall.de\/blog\/#website\"},\"datePublished\":\"2018-09-24T10:08:21+00:00\",\"dateModified\":\"2024-04-12T10:35:41+00:00\",\"breadcrumb\":{\"@id\":\"https:\/\/www.urlaubcornwall.de\/blog\/die-schoensten-kuestenorte-in-kent-rundreise-suedengland\/#breadcrumb\"},\"inLanguage\":\"en-US\",\"potentialAction\":[{\"@type\":\"ReadAction\",\"target\":[\"https:\/\/www.urlaubcornwall.de\/blog\/die-schoensten-kuestenorte-in-kent-rundreise-suedengland\/\"]}]},{\"@type\":\"BreadcrumbList\",\"@id\":\"https:\/\/www.urlaubcornwall.de\/blog\/die-schoensten-kuestenorte-in-kent-rundreise-suedengland\/#breadcrumb\",\"itemListElement\":[{\"@type\":\"ListItem\",\"position\":1,\"name\":\"Home\",\"item\":\"https:\/\/www.urlaubcornwall.de\/blog\/\"},{\"@type\":\"ListItem\",\"position\":2,\"name\":\"Die sch\u00f6nsten K\u00fcstenorte in Kent &#8211; Rundreise S\u00fcdengland\"}]}]}<\/script>\n<!-- \/ Yoast SEO plugin. -->","yoast_head_json":{"title":"Die sch\u00f6nsten K\u00fcstenorte in Kent - Rundreise S\u00fcdengland - Urlaub &amp; Reisen","robots":{"index":"index","follow":"follow","max-snippet":"max-snippet:-1","max-image-preview":"max-image-preview:large","max-video-preview":"max-video-preview:-1"},"canonical":"https:\/\/www.urlaubcornwall.de\/blog\/die-schoensten-kuestenorte-in-kent-rundreise-suedengland\/","og_locale":"en_US","og_type":"article","og_title":"Die sch\u00f6nsten K\u00fcstenorte in Kent - Rundreise S\u00fcdengland - Urlaub &amp; Reisen","og_description":"Dover ist seit mehr als 2000 Jahren Englands Haupthafen zur \u00dcberquerung des Kanals und das beliebteste Reiseziel f\u00fcr F\u00e4hren aus Europa. Die Burg Dover, eine der ikonischsten Burgen Englands wurde erbaut, um \u201cdas Tor Englands\u201d im Mittelalter zu bewachen. Folkestone befindet sich 12,8km s\u00fcdwestlich von Dover hinter den Wei\u00dfen Klippen mit Niederungen im Hintergrund. Dieser [&hellip;]","og_url":"https:\/\/www.urlaubcornwall.de\/blog\/die-schoensten-kuestenorte-in-kent-rundreise-suedengland\/","og_site_name":"Urlaub &amp; Reisen","article_modified_time":"2024-04-12T10:35:41+00:00","og_image":[{"url":"https:\/\/www.urlaubcornwall.de\/blog\/wp-content\/uploads\/2024\/03\/canterbury-river.jpg"}],"twitter_card":"summary","twitter_misc":{"Est. reading time":"1 minute"},"schema":{"@context":"https:\/\/schema.org","@graph":[{"@type":"WebSite","@id":"https:\/\/www.urlaubcornwall.de\/blog\/#website","url":"https:\/\/www.urlaubcornwall.de\/blog\/","name":"Urlaub &amp; Reisen","description":"Urlaub, Reisen, Cornwall und S\u00fcdengland: eine perfekte Kombination","potentialAction":[{"@type":"SearchAction","target":{"@type":"EntryPoint","urlTemplate":"https:\/\/www.urlaubcornwall.de\/blog\/?s={search_term_string}"},"query-input":"required name=search_term_string"}],"inLanguage":"en-US"},{"@type":"WebPage","@id":"https:\/\/www.urlaubcornwall.de\/blog\/die-schoensten-kuestenorte-in-kent-rundreise-suedengland\/","url":"https:\/\/www.urlaubcornwall.de\/blog\/die-schoensten-kuestenorte-in-kent-rundreise-suedengland\/","name":"Die sch\u00f6nsten K\u00fcstenorte in Kent - Rundreise S\u00fcdengland - Urlaub &amp; Reisen","isPartOf":{"@id":"https:\/\/www.urlaubcornwall.de\/blog\/#website"},"datePublished":"2018-09-24T10:08:21+00:00","dateModified":"2024-04-12T10:35:41+00:00","breadcrumb":{"@id":"https:\/\/www.urlaubcornwall.de\/blog\/die-schoensten-kuestenorte-in-kent-rundreise-suedengland\/#breadcrumb"},"inLanguage":"en-US","potentialAction":[{"@type":"ReadAction","target":["https:\/\/www.urlaubcornwall.de\/blog\/die-schoensten-kuestenorte-in-kent-rundreise-suedengland\/"]}]},{"@type":"BreadcrumbList","@id":"https:\/\/www.urlaubcornwall.de\/blog\/die-schoensten-kuestenorte-in-kent-rundreise-suedengland\/#breadcrumb","itemListElement":[{"@type":"ListItem","position":1,"name":"Home","item":"https:\/\/www.urlaubcornwall.de\/blog\/"},{"@type":"ListItem","position":2,"name":"Die sch\u00f6nsten K\u00fcstenorte in Kent &#8211; Rundreise S\u00fcdengland"}]}]}},"_links":{"self":[{"href":"https:\/\/www.urlaubcornwall.de\/blog\/wp-json\/wp\/v2\/pages\/34427"}],"collection":[{"href":"https:\/\/www.urlaubcornwall.de\/blog\/wp-json\/wp\/v2\/pages"}],"about":[{"href":"https:\/\/www.urlaubcornwall.de\/blog\/wp-json\/wp\/v2\/types\/page"}],"author":[{"embeddable":true,"href":"https:\/\/www.urlaubcornwall.de\/blog\/wp-json\/wp\/v2\/users\/1"}],"replies":[{"embeddable":true,"href":"https:\/\/www.urlaubcornwall.de\/blog\/wp-json\/wp\/v2\/comments?post=34427"}],"version-history":[{"count":2,"href":"https:\/\/www.urlaubcornwall.de\/blog\/wp-json\/wp\/v2\/pages\/34427\/revisions"}],"predecessor-version":[{"id":49257,"href":"https:\/\/www.urlaubcornwall.de\/blog\/wp-json\/wp\/v2\/pages\/34427\/revisions\/49257"}],"wp:attachment":[{"href":"https:\/\/www.urlaubcornwall.de\/blog\/wp-json\/wp\/v2\/media?parent=34427"}],"curies":[{"name":"wp","href":"https:\/\/api.w.org\/{rel}","templated":true}]}}