{"id":34425,"date":"2018-09-24T09:54:32","date_gmt":"2018-09-24T09:54:32","guid":{"rendered":"https:\/\/www.urlaubcornwall.de\/blog\/?page_id=34425"},"modified":"2024-04-03T08:12:41","modified_gmt":"2024-04-03T08:12:41","slug":"die-schoensten-kuestenorte-in-sussex-rundreise-suedengland","status":"publish","type":"page","link":"https:\/\/www.urlaubcornwall.de\/blog\/die-schoensten-kuestenorte-in-sussex-rundreise-suedengland\/","title":{"rendered":"Die sch\u00f6nsten K\u00fcstenorte in Sussex &#8211; Rundreise S\u00fcdengland"},"content":{"rendered":"<p><img loading=\"lazy\" class=\"aligncenter size-full wp-image-48054\" src=\"https:\/\/www.urlaubcornwall.de\/blog\/wp-content\/uploads\/2024\/03\/hastings.jpg\" alt=\"hastings\" width=\"750\" height=\"500\" srcset=\"https:\/\/www.urlaubcornwall.de\/blog\/wp-content\/uploads\/2024\/03\/hastings.jpg 750w, https:\/\/www.urlaubcornwall.de\/blog\/wp-content\/uploads\/2024\/03\/hastings-300x200.jpg 300w\" sizes=\"(max-width: 750px) 100vw, 750px\" \/><\/p>\n<p><a href=\"https:\/\/www.urlaubcornwall.de\/blog\/urlaub-in-battle-sussex-sehenswuerdigkeiten-unterkunft-und-geschichte\/\">Battle, Ost Sussex<\/a> &#8211; Hier hat im Jahre 1066 Wilhelm der Eroberer den Sachsenk\u00f6nig Harold besiegt und damit den Verlauf der englischen Geschichte ge\u00e4ndert. Von der ber\u00fchmten Schlacht leitet sich auch der Name der Stadt her. Diese attraktive Stadt wuchs um die Abtei herum, die von Wilhelm dem Eroberer nach seinem Sieg erbaut wurde.<\/p>\n<p><a href=\"https:\/\/www.urlaubcornwall.de\/blog\/urlaub-in-bexhill-sussex-sehenswuerdigkeiten-unterkunft-und-geschichte\/\">Bexhill on Sea, Ost Sussex<\/a> &#8211; Eingeschmiegt zwischen Eastbourne und Hastings an der <a href=\"https:\/\/www.urlaubcornwall.de\/ferienhaeuser-fewos\/eng\/sussex\/sussex-am-meer.html\">K\u00fcste von Sussex<\/a> ist Bexhill ein Badeort, der von wundersch\u00f6ner Landschaft umgeben ist. Bexhill war zun\u00e4chst Fischerdorf, doch in den 1880ern vom 7. Earl De La Warr in einen Badeort umgestaltet.<\/p>\n<p><a href=\"https:\/\/www.urlaubcornwall.de\/blog\/urlaub-in-brighton-sussex-sehenswuerdigkeiten-unterkunft-und-geschichte\/\">Brighton, Ost Sussex<\/a> &#8211; Brighton an der K\u00fcste von Sussex ist schon seit zwei Jahrhunderten die <a href=\"https:\/\/www.urlaubcornwall.de\/ferienhaeuser-fewos\/eng\/sussex\/brighton-am-meer.html\">K\u00f6nigin der britischen Badeorte<\/a>. Die Stadt wurde im Jahre 1783 prominent nach einem Besuch des Prinzregenten, der sp\u00e4ter George IV wurde.<\/p>\n<p><a href=\"https:\/\/www.urlaubcornwall.de\/blog\/urlaub-in-chichester-sussex-sehenswuerdigkeiten-unterkunft-und-geschichte\/\">Chicester, West Sussex<\/a> &#8211; Chichester reicht in r\u00f6mische Zeiten zur\u00fcck und schmiegt sich an den Fu\u00dfe der South Downs in Westsussex an, umgeben von wundersch\u00f6ner Landschaft und Sandstr\u00e4nden. Die Kathedrale reicht zur\u00fcck ins 12. Jahrhundert und dominiert die flache K\u00fcstenlandschaft in diesem Teil von Sussex.<\/p>\n<p><a href=\"https:\/\/www.urlaubcornwall.de\/blog\/urlaub-in-eastbourne-sussex-sehenswuerdigkeiten-unterkunft-und-geschichte\/\">Eastbourne, West Sussex<\/a> &#8211; Eastbourne hat eine feine, nahezu 5km lange Promenade mit feinen viktorianischen Geb\u00e4uden entlang der Promenade. Die Stadt verdankt ihre Existenz dem 7. Herzog von Devonshire, der die Stadt in den 1850ern entwickelte.<\/p>\n<p><a href=\"https:\/\/www.urlaubcornwall.de\/blog\/urlaub-in-hastings-sussex-sehenswuerdigkeiten-unterkunft-und-geschichte\/\">Hastings in Ost Sussex<\/a>&nbsp; &#8211; hat der ber\u00fchmten Schlacht des 14. Oktobers 1066 seinen Namen verliehen, doch tats\u00e4chlich wurde die Schlacht 11,2 km entfernt in <a href=\"https:\/\/www.urlaubcornwall.de\/ferienhaeuser-fewos\/eng\/sussex\/battle-am-meer.html\">Battle<\/a> ausgetragen. Diese historische Stadt war schon immer Fischerhafen, und noch heute verf\u00fcgt sie \u00fcber eine Flotte an Fischerbooten, die an den Strand gezogen werden, um von ihrem Fang entladen zu werden.<\/p>\n<p><a href=\"https:\/\/www.urlaubcornwall.de\/blog\/urlaub-in-rye-sussex-sehenswuerdigkeiten-unterkunft-und-geschichte\/\">Rye<\/a>&nbsp; &#8211; ist genau so wie Sie sich eine mittelalterliche Stadt vorstellen. Sie betreten sie durch ein steinernes Tor, sie hat enge Pflasterstra\u00dfen mit einer feinen alten Kirche und Fachwerkgeb\u00e4uden. Urspr\u00fcnglich befand sich das Meer s\u00fcdlich von <a href=\"https:\/\/www.urlaubcornwall.de\/ferienhaeuser-fewos\/eng\/sussex\/rye-am-meer.html\">Rye<\/a>, doch ist es heute mehr als 3km entfernt.<\/p>\n<p style=\"text-align: center;\"><a class=\"tidycta\" href=\"https:\/\/www.urlaubcornwall.de\/rundreisen\/cornwall-suedengland.php\">Rundreisen in S\u00fcdengland<\/a><\/p>\n","protected":false},"excerpt":{"rendered":"<p>Battle, Ost Sussex &#8211; Hier hat im Jahre 1066 Wilhelm der Eroberer den Sachsenk\u00f6nig Harold besiegt und damit den Verlauf der englischen Geschichte ge\u00e4ndert. Von der ber\u00fchmten Schlacht leitet sich auch der Name der Stadt her. Diese attraktive Stadt wuchs um die Abtei herum, die von Wilhelm dem Eroberer nach seinem Sieg erbaut wurde. Bexhill [&hellip;]<\/p>\n","protected":false},"author":1,"featured_media":0,"parent":0,"menu_order":0,"comment_status":"closed","ping_status":"closed","template":"single-four.php","meta":[],"acf":[],"yoast_head":"<!-- This site is optimized with the Yoast SEO plugin v19.4 - https:\/\/yoast.com\/wordpress\/plugins\/seo\/ -->\n<title>Die sch\u00f6nsten K\u00fcstenorte in Sussex - Rundreise S\u00fcdengland - Urlaub &amp; Reisen<\/title>\n<meta name=\"robots\" content=\"index, follow, max-snippet:-1, max-image-preview:large, max-video-preview:-1\" \/>\n<link rel=\"canonical\" href=\"https:\/\/www.urlaubcornwall.de\/blog\/die-schoensten-kuestenorte-in-sussex-rundreise-suedengland\/\" \/>\n<meta property=\"og:locale\" content=\"en_US\" \/>\n<meta property=\"og:type\" content=\"article\" \/>\n<meta property=\"og:title\" content=\"Die sch\u00f6nsten K\u00fcstenorte in Sussex - Rundreise S\u00fcdengland - Urlaub &amp; Reisen\" \/>\n<meta property=\"og:description\" content=\"Battle, Ost Sussex &#8211; Hier hat im Jahre 1066 Wilhelm der Eroberer den Sachsenk\u00f6nig Harold besiegt und damit den Verlauf der englischen Geschichte ge\u00e4ndert. Von der ber\u00fchmten Schlacht leitet sich auch der Name der Stadt her. Diese attraktive Stadt wuchs um die Abtei herum, die von Wilhelm dem Eroberer nach seinem Sieg erbaut wurde. Bexhill [&hellip;]\" \/>\n<meta property=\"og:url\" content=\"https:\/\/www.urlaubcornwall.de\/blog\/die-schoensten-kuestenorte-in-sussex-rundreise-suedengland\/\" \/>\n<meta property=\"og:site_name\" content=\"Urlaub &amp; Reisen\" \/>\n<meta property=\"article:modified_time\" content=\"2024-04-03T08:12:41+00:00\" \/>\n<meta property=\"og:image\" content=\"https:\/\/www.urlaubcornwall.de\/blog\/wp-content\/uploads\/2024\/03\/hastings.jpg\" \/>\n<meta name=\"twitter:card\" content=\"summary\" \/>\n<meta name=\"twitter:label1\" content=\"Est. reading time\" \/>\n\t<meta name=\"twitter:data1\" content=\"2 minutes\" \/>\n<script type=\"application\/ld+json\" class=\"yoast-schema-graph\">{\"@context\":\"https:\/\/schema.org\",\"@graph\":[{\"@type\":\"WebSite\",\"@id\":\"https:\/\/www.urlaubcornwall.de\/blog\/#website\",\"url\":\"https:\/\/www.urlaubcornwall.de\/blog\/\",\"name\":\"Urlaub &amp; Reisen\",\"description\":\"Urlaub, Reisen, Cornwall und S\u00fcdengland: eine perfekte Kombination\",\"potentialAction\":[{\"@type\":\"SearchAction\",\"target\":{\"@type\":\"EntryPoint\",\"urlTemplate\":\"https:\/\/www.urlaubcornwall.de\/blog\/?s={search_term_string}\"},\"query-input\":\"required name=search_term_string\"}],\"inLanguage\":\"en-US\"},{\"@type\":\"WebPage\",\"@id\":\"https:\/\/www.urlaubcornwall.de\/blog\/die-schoensten-kuestenorte-in-sussex-rundreise-suedengland\/\",\"url\":\"https:\/\/www.urlaubcornwall.de\/blog\/die-schoensten-kuestenorte-in-sussex-rundreise-suedengland\/\",\"name\":\"Die sch\u00f6nsten K\u00fcstenorte in Sussex - Rundreise S\u00fcdengland - Urlaub &amp; Reisen\",\"isPartOf\":{\"@id\":\"https:\/\/www.urlaubcornwall.de\/blog\/#website\"},\"datePublished\":\"2018-09-24T09:54:32+00:00\",\"dateModified\":\"2024-04-03T08:12:41+00:00\",\"breadcrumb\":{\"@id\":\"https:\/\/www.urlaubcornwall.de\/blog\/die-schoensten-kuestenorte-in-sussex-rundreise-suedengland\/#breadcrumb\"},\"inLanguage\":\"en-US\",\"potentialAction\":[{\"@type\":\"ReadAction\",\"target\":[\"https:\/\/www.urlaubcornwall.de\/blog\/die-schoensten-kuestenorte-in-sussex-rundreise-suedengland\/\"]}]},{\"@type\":\"BreadcrumbList\",\"@id\":\"https:\/\/www.urlaubcornwall.de\/blog\/die-schoensten-kuestenorte-in-sussex-rundreise-suedengland\/#breadcrumb\",\"itemListElement\":[{\"@type\":\"ListItem\",\"position\":1,\"name\":\"Home\",\"item\":\"https:\/\/www.urlaubcornwall.de\/blog\/\"},{\"@type\":\"ListItem\",\"position\":2,\"name\":\"Die sch\u00f6nsten K\u00fcstenorte in Sussex &#8211; Rundreise S\u00fcdengland\"}]}]}<\/script>\n<!-- \/ Yoast SEO plugin. -->","yoast_head_json":{"title":"Die sch\u00f6nsten K\u00fcstenorte in Sussex - Rundreise S\u00fcdengland - Urlaub &amp; Reisen","robots":{"index":"index","follow":"follow","max-snippet":"max-snippet:-1","max-image-preview":"max-image-preview:large","max-video-preview":"max-video-preview:-1"},"canonical":"https:\/\/www.urlaubcornwall.de\/blog\/die-schoensten-kuestenorte-in-sussex-rundreise-suedengland\/","og_locale":"en_US","og_type":"article","og_title":"Die sch\u00f6nsten K\u00fcstenorte in Sussex - Rundreise S\u00fcdengland - Urlaub &amp; Reisen","og_description":"Battle, Ost Sussex &#8211; Hier hat im Jahre 1066 Wilhelm der Eroberer den Sachsenk\u00f6nig Harold besiegt und damit den Verlauf der englischen Geschichte ge\u00e4ndert. Von der ber\u00fchmten Schlacht leitet sich auch der Name der Stadt her. Diese attraktive Stadt wuchs um die Abtei herum, die von Wilhelm dem Eroberer nach seinem Sieg erbaut wurde. Bexhill [&hellip;]","og_url":"https:\/\/www.urlaubcornwall.de\/blog\/die-schoensten-kuestenorte-in-sussex-rundreise-suedengland\/","og_site_name":"Urlaub &amp; Reisen","article_modified_time":"2024-04-03T08:12:41+00:00","og_image":[{"url":"https:\/\/www.urlaubcornwall.de\/blog\/wp-content\/uploads\/2024\/03\/hastings.jpg"}],"twitter_card":"summary","twitter_misc":{"Est. reading time":"2 minutes"},"schema":{"@context":"https:\/\/schema.org","@graph":[{"@type":"WebSite","@id":"https:\/\/www.urlaubcornwall.de\/blog\/#website","url":"https:\/\/www.urlaubcornwall.de\/blog\/","name":"Urlaub &amp; Reisen","description":"Urlaub, Reisen, Cornwall und S\u00fcdengland: eine perfekte Kombination","potentialAction":[{"@type":"SearchAction","target":{"@type":"EntryPoint","urlTemplate":"https:\/\/www.urlaubcornwall.de\/blog\/?s={search_term_string}"},"query-input":"required name=search_term_string"}],"inLanguage":"en-US"},{"@type":"WebPage","@id":"https:\/\/www.urlaubcornwall.de\/blog\/die-schoensten-kuestenorte-in-sussex-rundreise-suedengland\/","url":"https:\/\/www.urlaubcornwall.de\/blog\/die-schoensten-kuestenorte-in-sussex-rundreise-suedengland\/","name":"Die sch\u00f6nsten K\u00fcstenorte in Sussex - Rundreise S\u00fcdengland - Urlaub &amp; Reisen","isPartOf":{"@id":"https:\/\/www.urlaubcornwall.de\/blog\/#website"},"datePublished":"2018-09-24T09:54:32+00:00","dateModified":"2024-04-03T08:12:41+00:00","breadcrumb":{"@id":"https:\/\/www.urlaubcornwall.de\/blog\/die-schoensten-kuestenorte-in-sussex-rundreise-suedengland\/#breadcrumb"},"inLanguage":"en-US","potentialAction":[{"@type":"ReadAction","target":["https:\/\/www.urlaubcornwall.de\/blog\/die-schoensten-kuestenorte-in-sussex-rundreise-suedengland\/"]}]},{"@type":"BreadcrumbList","@id":"https:\/\/www.urlaubcornwall.de\/blog\/die-schoensten-kuestenorte-in-sussex-rundreise-suedengland\/#breadcrumb","itemListElement":[{"@type":"ListItem","position":1,"name":"Home","item":"https:\/\/www.urlaubcornwall.de\/blog\/"},{"@type":"ListItem","position":2,"name":"Die sch\u00f6nsten K\u00fcstenorte in Sussex &#8211; Rundreise S\u00fcdengland"}]}]}},"_links":{"self":[{"href":"https:\/\/www.urlaubcornwall.de\/blog\/wp-json\/wp\/v2\/pages\/34425"}],"collection":[{"href":"https:\/\/www.urlaubcornwall.de\/blog\/wp-json\/wp\/v2\/pages"}],"about":[{"href":"https:\/\/www.urlaubcornwall.de\/blog\/wp-json\/wp\/v2\/types\/page"}],"author":[{"embeddable":true,"href":"https:\/\/www.urlaubcornwall.de\/blog\/wp-json\/wp\/v2\/users\/1"}],"replies":[{"embeddable":true,"href":"https:\/\/www.urlaubcornwall.de\/blog\/wp-json\/wp\/v2\/comments?post=34425"}],"version-history":[{"count":5,"href":"https:\/\/www.urlaubcornwall.de\/blog\/wp-json\/wp\/v2\/pages\/34425\/revisions"}],"predecessor-version":[{"id":48655,"href":"https:\/\/www.urlaubcornwall.de\/blog\/wp-json\/wp\/v2\/pages\/34425\/revisions\/48655"}],"wp:attachment":[{"href":"https:\/\/www.urlaubcornwall.de\/blog\/wp-json\/wp\/v2\/media?parent=34425"}],"curies":[{"name":"wp","href":"https:\/\/api.w.org\/{rel}","templated":true}]}}