{"id":34415,"date":"2018-09-20T13:30:08","date_gmt":"2018-09-20T13:30:08","guid":{"rendered":"https:\/\/www.urlaubcornwall.de\/blog\/?page_id=34415"},"modified":"2018-09-20T13:30:08","modified_gmt":"2018-09-20T13:30:08","slug":"was-sie-mit-kindern-waehrend-eines-familienurlaubs-in-cornwall-unternehmen-koennen-unsere-tipps","status":"publish","type":"page","link":"https:\/\/www.urlaubcornwall.de\/blog\/was-sie-mit-kindern-waehrend-eines-familienurlaubs-in-cornwall-unternehmen-koennen-unsere-tipps\/","title":{"rendered":"Was Sie mit Kindern w\u00e4hrend eines Familienurlaubs in Cornwall unternehmen k\u00f6nnen\u2013unsere Tipps"},"content":{"rendered":"<div id=\"attachment_23435\" style=\"width: 759px\" class=\"wp-caption alignnone\"><a href=\"https:\/\/www.urlaubcornwall.de\/blog\/wp-content\/uploads\/2016\/04\/newquay-zoo.jpg\"><img aria-describedby=\"caption-attachment-23435\" loading=\"lazy\" class=\"size-full wp-image-23435\" src=\"https:\/\/www.urlaubcornwall.de\/blog\/wp-content\/uploads\/2016\/04\/newquay-zoo.jpg\" alt=\"newquay zoo cornwall mit kindern\" width=\"749\" height=\"498\"\/><\/a><p id=\"caption-attachment-23435\" class=\"wp-caption-text\">Familienurlaub in Cornwall &#8211; Newquay Zoo<\/p><\/div>\n<p>Es gibt jede Menge aufregende und lustige Dinge zu tun mit <a href=\"https:\/\/www.urlaubcornwall.de\/reiseziel\/cornwall.php\">Kindern in Cornwalls<\/a> Attraktionen. Hier ist unser F\u00fchrer&#8230;<\/p>\n<p><a href=\"http:\/\/www.newquayzoo.org.uk\/\"><strong>Newquay Zoo, Newquay<\/strong><\/a><\/p>\n<p>T\u00e4glich von 10 Uhr \u2013 17 Uhr ge\u00f6ffnet; Newquay Zoo eignet sich das ganze Jahr \u00fcber fantastisch f\u00fcr einen Besuch, ganz egal zu welcher Jahreszeit. Kommen Sie im preisgekr\u00f6nten Newquay Zoo mehr als 130 der weltseltensten und aufregenden Kreaturen nahe!&nbsp;Sehen Sie zu, wenn die Gro\u00dfkatzen ihr Mittagessen verschlingen, besuchen Sie die gruseligsten Krabbeltiere im atmosph\u00e4rischen Tropenhaus und erfahren Sie mehr zum Artenschutz.<\/p>\n<p><a href=\"https:\/\/www.nationaltrust.org.uk\/lanhydrock\" rel=\"nofollow\"><strong>Lanhydrock House, Bodmin<\/strong><\/a><\/p>\n<p>Genie\u00dfen Sie einen familienfreundlichen Ausflugstag mit einem kostenfreien gef\u00fchrten Spaziergang am wundersch\u00f6nen Lanhydrock Haus.&nbsp;Entdecken Sie in der Landschaft versteckte Geschichte und finden Sie Gebiete der l\u00e4ndlichen Gegend Lanhydrocks, sowie die wundersch\u00f6nen G\u00e4rten.<\/p>\n<p><a href=\"http:\/\/www.paradisepark.org.uk\/\" rel=\"nofollow\"><strong>Paradise Park, Hayle<\/strong><\/a><\/p>\n<p>Machen Sie sich auf zum Paradise Parks Jungle Barn mit riesigen Rutschen, herausforderndem Soft Play und einem speziellen Kleinkinderbereich mit Ballfont\u00e4ne \u2013 Sie und Ihre Kinder werden den ganzen Tag&nbsp; lang bleiben wollen. Ge\u00f6ffnet von 10 Uhr an, mit Pinguin- und Otterf\u00fctterungen und einer fabelhaften Anzahl tropischer V\u00f6gel.<\/p>\n<p><a href=\"https:\/\/www.visitsealife.com\/gweek\/\" rel=\"nofollow\"><strong>Cornish Seal Sanctuary&nbsp;&#8211; Gweek<\/strong><\/a><\/p>\n<p>Wenn Sie viel Niedliches sehen m\u00f6chten, dann besuchen Sie die Rettungsstation w\u00e4hrend der Wintermonate. Erleben Sie Tierschutz in Aktion in Cornwalls einziger Seehunderettungsstation. H\u00f6ren Sie von dramatischen Rettungen und begegnen Sie den Seehunde- und Seel\u00f6wencharakteren, deren individuelle Geschichten w\u00e4hrend Ihres Besuches zum Leben erweckt werden. Es wird zum Zuhause vieler Heuler, w\u00e4hrend sie &nbsp;rehabilitiert werden, bevor sie entlassen werden k\u00f6nnen. Das Krankenhaus sowie die Pools werden voll sein, so dass dies die perfekte Zeit ist f\u00fcr einen Besuch.<\/p>\n<p><a href=\"http:\/\/www.carnglaze.com\/\" rel=\"nofollow\"><strong>Carnglaze Caverns &#8211; bei Liskeard<\/strong><\/a><\/p>\n<p>Wenn Sie etwas suchen, das ein bisschen anders ist und Ihnen die Chance gibt, vor dem Regen zu fl\u00fcchten, machen Sie sich auf zu den Carnglaze Schieferh\u00f6hlen und dem Waldgarten. Machen Sie eine Tour durch drei riesige H\u00f6hlen, die eine konstante Temperatur von 10\u00baC haben, und die niedrigste der drei H\u00f6hlen hat einen See. Spazieren Sie in 4 Hektar schattigen Waldgebiets herum mit einem verzauberten Dell mit Feen, besch\u00fctzt von treuen Drachen und das Zuhause von Hobbits und anderen wundervollen Waldkreaturen. Nehmen Sie ein Picknick mit und machen Sie einen Tagesausflug daraus. Carnglaze bringt das ganze Jahr \u00fcber der gesamten Familie Spa\u00df.<\/p>\n<p><a href=\"https:\/\/www.urlaubcornwall.de\/blog\/geevor-zinn-bergwerk\/\"><strong>Geevor Tin Mine &#8211; Pendeen<\/strong><\/a><\/p>\n<p>Mehr als Bergwerk, mehr als Museum &#8211; in Pendeen gelegen an der dramatischen cornischen K\u00fcste, ist das Geevor Zinnbergwerk die gr\u00f6\u00dfte erhaltene Bergbaust\u00e4tte des Landes und eine cornische Bergbau-Weltkulturerbest\u00e4tte. Erleben Sie die Untertagetour des 18. Jahrhunderts, werden Sie aktiv im interaktiven Hard Rock Museum und spazieren Sie die dramatische cornische K\u00fcste entlang. Ein gro\u00dfartiger Familienausflugstag in Cornwall.<\/p>\n<p><a href=\"https:\/\/www.minack.com\/\" rel=\"nofollow\"><strong>Minack Theatre &#8211; Porthcurno<\/strong><\/a><\/p>\n<p>Das Minack ist ein einzigartiges Theater, an die Klippen gebaut hoch \u00fcber dem atlantischen Ozean. Es gibt ein volles Programm an Drama, Musicals und Oper. Und jeden Sommer, sowie w\u00e4hrend der Schulferien, gibt es Musik, Kom\u00f6die und Geschichtenerz\u00e4hlungen f\u00fcr Kinder jeder Altersstufe.<\/p>\n<p><a href=\"https:\/\/www.urlaubcornwall.de\/blog\/2012\/04\/national-maritime-museum-cornwall-ein-muss-in-falmouth-fur-ihren-urlaub-in-cornwall-2012\/\"><strong>National Maritime Museum Cornwall \u2013 Falmouth<\/strong><\/a><\/p>\n<p>Entfliehen Sie dem Regen mit einem Familienausflug zu Cornwalls bekanntem National Maritime Museum, vor dem malerischen Tiefwasserhafen gelegen, der nun der drittgr\u00f6\u00dfte der Welt ist. Das mehrfach preisgekr\u00f6nte Museum feiert das Meer, Boote und Cornwall nicht nur mit seinen 15 herrlichen Galerien, die auf wundersch\u00f6ne Weise die Vergangenheit, Gegenwart und Zukunft dieser Inselnation illustrieren, sondern bietet auch eine Reihe herrlicher Ausstellungen.<\/p>\n<p style=\"text-align: center;\"><a class=\"tidycta\" href=\"https:\/\/www.urlaubcornwall.de\/reiseziel\/cornwall.php\">Urlaub in Cornwall<\/a><\/p>\n\r\n\t\t\t<style>\r\n\t\t\t#tourist-board {\r\n\t\t\t    width: 75%;\r\n\t\t\t    margin: 10px auto;\r\n\t\t\t    border: 1px solid #ad7dd1;\r\n\t\t\t    border-radius: 10px;\r\n\t\t\t    padding: 10px;\r\n\t\t\t    text-align: center;\r\n\t\t\t    max-width: 750px;\r\n\t\t\t}\r\n\t\t\t#tourist-board img {\r\n\t\t\t\tborder: 0;\r\n\t\t\t}\r\n\t\t\t#tourist-board h3 {\r\n\t\t\t\tmargin: 0;\r\n\t\t\t\tfont-weight: bold;\r\n\t\t\t\tcolor: black;\r\n\t\t\t\tfont-size: 16px;\r\n\t\t\t}\r\n\t\t\t\r\n\t\t\t<\/style>\r\n\t\t\t<section id=\"tourist-board\">\r\n\t\t\t\t<img src=\"https:\/\/urlaubcornwall.de\/images\/logo.jpg\"\/>\r\n\t\t\t\t<h3>UrlaubCornwall.de, der offizielle Reisepartner des Touristenverbandes Visit Cornwall<\/h3>\r\n\t\t\t<\/section>\r\n\t\t\n","protected":false},"excerpt":{"rendered":"<p>Es gibt jede Menge aufregende und lustige Dinge zu tun mit Kindern in Cornwalls Attraktionen. Hier ist unser F\u00fchrer&#8230; Newquay Zoo, Newquay T\u00e4glich von 10 Uhr \u2013 17 Uhr ge\u00f6ffnet; Newquay Zoo eignet sich das ganze Jahr \u00fcber fantastisch f\u00fcr einen Besuch, ganz egal zu welcher Jahreszeit. Kommen Sie im preisgekr\u00f6nten Newquay Zoo mehr als [&hellip;]<\/p>\n","protected":false},"author":1,"featured_media":0,"parent":0,"menu_order":0,"comment_status":"closed","ping_status":"closed","template":"single-four.php","meta":[],"acf":[],"yoast_head":"<!-- This site is optimized with the Yoast SEO plugin v19.4 - https:\/\/yoast.com\/wordpress\/plugins\/seo\/ -->\n<title>Was Sie mit Kindern w\u00e4hrend eines Familienurlaubs in Cornwall unternehmen k\u00f6nnen\u2013unsere Tipps - Urlaub &amp; Reisen<\/title>\n<meta name=\"robots\" content=\"index, follow, max-snippet:-1, max-image-preview:large, max-video-preview:-1\" \/>\n<link rel=\"canonical\" href=\"https:\/\/www.urlaubcornwall.de\/blog\/was-sie-mit-kindern-waehrend-eines-familienurlaubs-in-cornwall-unternehmen-koennen-unsere-tipps\/\" \/>\n<meta property=\"og:locale\" content=\"en_US\" \/>\n<meta property=\"og:type\" content=\"article\" \/>\n<meta property=\"og:title\" content=\"Was Sie mit Kindern w\u00e4hrend eines Familienurlaubs in Cornwall unternehmen k\u00f6nnen\u2013unsere Tipps - Urlaub &amp; Reisen\" \/>\n<meta property=\"og:description\" content=\"Es gibt jede Menge aufregende und lustige Dinge zu tun mit Kindern in Cornwalls Attraktionen. Hier ist unser F\u00fchrer&#8230; Newquay Zoo, Newquay T\u00e4glich von 10 Uhr \u2013 17 Uhr ge\u00f6ffnet; Newquay Zoo eignet sich das ganze Jahr \u00fcber fantastisch f\u00fcr einen Besuch, ganz egal zu welcher Jahreszeit. Kommen Sie im preisgekr\u00f6nten Newquay Zoo mehr als [&hellip;]\" \/>\n<meta property=\"og:url\" content=\"https:\/\/www.urlaubcornwall.de\/blog\/was-sie-mit-kindern-waehrend-eines-familienurlaubs-in-cornwall-unternehmen-koennen-unsere-tipps\/\" \/>\n<meta property=\"og:site_name\" content=\"Urlaub &amp; Reisen\" \/>\n<meta property=\"og:image\" content=\"https:\/\/www.urlaubcornwall.de\/blog\/wp-content\/uploads\/2016\/04\/newquay-zoo.jpg\" \/>\n<meta name=\"twitter:card\" content=\"summary\" \/>\n<meta name=\"twitter:label1\" content=\"Est. reading time\" \/>\n\t<meta name=\"twitter:data1\" content=\"3 minutes\" \/>\n<script type=\"application\/ld+json\" class=\"yoast-schema-graph\">{\"@context\":\"https:\/\/schema.org\",\"@graph\":[{\"@type\":\"WebSite\",\"@id\":\"https:\/\/www.urlaubcornwall.de\/blog\/#website\",\"url\":\"https:\/\/www.urlaubcornwall.de\/blog\/\",\"name\":\"Urlaub &amp; Reisen\",\"description\":\"Urlaub, Reisen, Cornwall und S\u00fcdengland: eine perfekte Kombination\",\"potentialAction\":[{\"@type\":\"SearchAction\",\"target\":{\"@type\":\"EntryPoint\",\"urlTemplate\":\"https:\/\/www.urlaubcornwall.de\/blog\/?s={search_term_string}\"},\"query-input\":\"required name=search_term_string\"}],\"inLanguage\":\"en-US\"},{\"@type\":\"WebPage\",\"@id\":\"https:\/\/www.urlaubcornwall.de\/blog\/was-sie-mit-kindern-waehrend-eines-familienurlaubs-in-cornwall-unternehmen-koennen-unsere-tipps\/\",\"url\":\"https:\/\/www.urlaubcornwall.de\/blog\/was-sie-mit-kindern-waehrend-eines-familienurlaubs-in-cornwall-unternehmen-koennen-unsere-tipps\/\",\"name\":\"Was Sie mit Kindern w\u00e4hrend eines Familienurlaubs in Cornwall unternehmen k\u00f6nnen\u2013unsere Tipps - Urlaub &amp; Reisen\",\"isPartOf\":{\"@id\":\"https:\/\/www.urlaubcornwall.de\/blog\/#website\"},\"datePublished\":\"2018-09-20T13:30:08+00:00\",\"dateModified\":\"2018-09-20T13:30:08+00:00\",\"breadcrumb\":{\"@id\":\"https:\/\/www.urlaubcornwall.de\/blog\/was-sie-mit-kindern-waehrend-eines-familienurlaubs-in-cornwall-unternehmen-koennen-unsere-tipps\/#breadcrumb\"},\"inLanguage\":\"en-US\",\"potentialAction\":[{\"@type\":\"ReadAction\",\"target\":[\"https:\/\/www.urlaubcornwall.de\/blog\/was-sie-mit-kindern-waehrend-eines-familienurlaubs-in-cornwall-unternehmen-koennen-unsere-tipps\/\"]}]},{\"@type\":\"BreadcrumbList\",\"@id\":\"https:\/\/www.urlaubcornwall.de\/blog\/was-sie-mit-kindern-waehrend-eines-familienurlaubs-in-cornwall-unternehmen-koennen-unsere-tipps\/#breadcrumb\",\"itemListElement\":[{\"@type\":\"ListItem\",\"position\":1,\"name\":\"Home\",\"item\":\"https:\/\/www.urlaubcornwall.de\/blog\/\"},{\"@type\":\"ListItem\",\"position\":2,\"name\":\"Was Sie mit Kindern w\u00e4hrend eines Familienurlaubs in Cornwall unternehmen k\u00f6nnen\u2013unsere Tipps\"}]}]}<\/script>\n<!-- \/ Yoast SEO plugin. -->","yoast_head_json":{"title":"Was Sie mit Kindern w\u00e4hrend eines Familienurlaubs in Cornwall unternehmen k\u00f6nnen\u2013unsere Tipps - Urlaub &amp; Reisen","robots":{"index":"index","follow":"follow","max-snippet":"max-snippet:-1","max-image-preview":"max-image-preview:large","max-video-preview":"max-video-preview:-1"},"canonical":"https:\/\/www.urlaubcornwall.de\/blog\/was-sie-mit-kindern-waehrend-eines-familienurlaubs-in-cornwall-unternehmen-koennen-unsere-tipps\/","og_locale":"en_US","og_type":"article","og_title":"Was Sie mit Kindern w\u00e4hrend eines Familienurlaubs in Cornwall unternehmen k\u00f6nnen\u2013unsere Tipps - Urlaub &amp; Reisen","og_description":"Es gibt jede Menge aufregende und lustige Dinge zu tun mit Kindern in Cornwalls Attraktionen. Hier ist unser F\u00fchrer&#8230; Newquay Zoo, Newquay T\u00e4glich von 10 Uhr \u2013 17 Uhr ge\u00f6ffnet; Newquay Zoo eignet sich das ganze Jahr \u00fcber fantastisch f\u00fcr einen Besuch, ganz egal zu welcher Jahreszeit. Kommen Sie im preisgekr\u00f6nten Newquay Zoo mehr als [&hellip;]","og_url":"https:\/\/www.urlaubcornwall.de\/blog\/was-sie-mit-kindern-waehrend-eines-familienurlaubs-in-cornwall-unternehmen-koennen-unsere-tipps\/","og_site_name":"Urlaub &amp; Reisen","og_image":[{"url":"https:\/\/www.urlaubcornwall.de\/blog\/wp-content\/uploads\/2016\/04\/newquay-zoo.jpg"}],"twitter_card":"summary","twitter_misc":{"Est. reading time":"3 minutes"},"schema":{"@context":"https:\/\/schema.org","@graph":[{"@type":"WebSite","@id":"https:\/\/www.urlaubcornwall.de\/blog\/#website","url":"https:\/\/www.urlaubcornwall.de\/blog\/","name":"Urlaub &amp; Reisen","description":"Urlaub, Reisen, Cornwall und S\u00fcdengland: eine perfekte Kombination","potentialAction":[{"@type":"SearchAction","target":{"@type":"EntryPoint","urlTemplate":"https:\/\/www.urlaubcornwall.de\/blog\/?s={search_term_string}"},"query-input":"required name=search_term_string"}],"inLanguage":"en-US"},{"@type":"WebPage","@id":"https:\/\/www.urlaubcornwall.de\/blog\/was-sie-mit-kindern-waehrend-eines-familienurlaubs-in-cornwall-unternehmen-koennen-unsere-tipps\/","url":"https:\/\/www.urlaubcornwall.de\/blog\/was-sie-mit-kindern-waehrend-eines-familienurlaubs-in-cornwall-unternehmen-koennen-unsere-tipps\/","name":"Was Sie mit Kindern w\u00e4hrend eines Familienurlaubs in Cornwall unternehmen k\u00f6nnen\u2013unsere Tipps - Urlaub &amp; Reisen","isPartOf":{"@id":"https:\/\/www.urlaubcornwall.de\/blog\/#website"},"datePublished":"2018-09-20T13:30:08+00:00","dateModified":"2018-09-20T13:30:08+00:00","breadcrumb":{"@id":"https:\/\/www.urlaubcornwall.de\/blog\/was-sie-mit-kindern-waehrend-eines-familienurlaubs-in-cornwall-unternehmen-koennen-unsere-tipps\/#breadcrumb"},"inLanguage":"en-US","potentialAction":[{"@type":"ReadAction","target":["https:\/\/www.urlaubcornwall.de\/blog\/was-sie-mit-kindern-waehrend-eines-familienurlaubs-in-cornwall-unternehmen-koennen-unsere-tipps\/"]}]},{"@type":"BreadcrumbList","@id":"https:\/\/www.urlaubcornwall.de\/blog\/was-sie-mit-kindern-waehrend-eines-familienurlaubs-in-cornwall-unternehmen-koennen-unsere-tipps\/#breadcrumb","itemListElement":[{"@type":"ListItem","position":1,"name":"Home","item":"https:\/\/www.urlaubcornwall.de\/blog\/"},{"@type":"ListItem","position":2,"name":"Was Sie mit Kindern w\u00e4hrend eines Familienurlaubs in Cornwall unternehmen k\u00f6nnen\u2013unsere Tipps"}]}]}},"_links":{"self":[{"href":"https:\/\/www.urlaubcornwall.de\/blog\/wp-json\/wp\/v2\/pages\/34415"}],"collection":[{"href":"https:\/\/www.urlaubcornwall.de\/blog\/wp-json\/wp\/v2\/pages"}],"about":[{"href":"https:\/\/www.urlaubcornwall.de\/blog\/wp-json\/wp\/v2\/types\/page"}],"author":[{"embeddable":true,"href":"https:\/\/www.urlaubcornwall.de\/blog\/wp-json\/wp\/v2\/users\/1"}],"replies":[{"embeddable":true,"href":"https:\/\/www.urlaubcornwall.de\/blog\/wp-json\/wp\/v2\/comments?post=34415"}],"version-history":[{"count":1,"href":"https:\/\/www.urlaubcornwall.de\/blog\/wp-json\/wp\/v2\/pages\/34415\/revisions"}],"predecessor-version":[{"id":34417,"href":"https:\/\/www.urlaubcornwall.de\/blog\/wp-json\/wp\/v2\/pages\/34415\/revisions\/34417"}],"wp:attachment":[{"href":"https:\/\/www.urlaubcornwall.de\/blog\/wp-json\/wp\/v2\/media?parent=34415"}],"curies":[{"name":"wp","href":"https:\/\/api.w.org\/{rel}","templated":true}]}}