{"id":34376,"date":"2018-09-18T14:28:36","date_gmt":"2018-09-18T14:28:36","guid":{"rendered":"https:\/\/www.urlaubcornwall.de\/blog\/?page_id=34376"},"modified":"2024-04-15T15:42:19","modified_gmt":"2024-04-15T15:42:19","slug":"die-besten-herbstgaerten-in-suedengland","status":"publish","type":"page","link":"https:\/\/www.urlaubcornwall.de\/blog\/die-besten-herbstgaerten-in-suedengland\/","title":{"rendered":"Die besten Herbstg\u00e4rten in S\u00fcdengland"},"content":{"rendered":"<div id=\"attachment_34377\" style=\"width: 756px\" class=\"wp-caption alignnone\"><a href=\"https:\/\/www.urlaubcornwall.de\/blog\/wp-content\/uploads\/2018\/09\/Herbstgarten-S\u00fcdengland-Sheffield-Park-Sussex.jpg\"><img aria-describedby=\"caption-attachment-34377\" loading=\"lazy\" class=\"size-full wp-image-34377\" src=\"https:\/\/www.urlaubcornwall.de\/blog\/wp-content\/uploads\/2018\/09\/Herbstgarten-S\u00fcdengland-Sheffield-Park-Sussex.jpg\" alt=\"Herbstgarten S\u00fcdengland Sheffield Park Sussex\" width=\"746\" height=\"598\" srcset=\"https:\/\/www.urlaubcornwall.de\/blog\/wp-content\/uploads\/2018\/09\/Herbstgarten-S\u00fcdengland-Sheffield-Park-Sussex.jpg 746w, https:\/\/www.urlaubcornwall.de\/blog\/wp-content\/uploads\/2018\/09\/Herbstgarten-S\u00fcdengland-Sheffield-Park-Sussex-300x240.jpg 300w\" sizes=\"(max-width: 746px) 100vw, 746px\" \/><\/a><p id=\"caption-attachment-34377\" class=\"wp-caption-text\">Herbstgarten in S\u00fcdengland &#8211; Sheffield Park, Sussex<\/p><\/div>\n<p>Die Herbstfarben sind in den G\u00e4rten des gesamten UK wundervoll, und am besten von ungef\u00e4hr Mitte Oktober bis Mitte November. Es ist eine ideale Zeit, G\u00e4rten zu besuchen und die Farbenpracht zu genie\u00dfen, bevor die Wintersaison beginnt. Dies ist eine Auswahl der besten G\u00e4rten, die es im Herbst zu besuchen gilt.<\/p>\n<p><strong>Sheffield Parkgarten<\/strong>, <a href=\"https:\/\/www.urlaubcornwall.de\/reiseziel\/sussex.php\">East Sussex<\/a>, steht w\u00e4hrend der Herbstmonate in voller Farbenpracht; Gr\u00fcnt\u00f6ne, Flammenrot, tiefes Orange und strahlende Gelbt\u00f6ne. Die B\u00e4ume und Pflanzen wurden aufgrund ihrer Kombination gepflanzt, die sich widerspiegelt in den Seen dieses wundersch\u00f6nen Landschaftsgartens, der im fr\u00fchen 20. Jahrhundert geschaffen wurde. <a href=\"http:\/\/www.nationaltrust.org.uk\/sheffield-park-and-garden\">www.nationaltrust.org.uk\/sheffield-park-and-garden<\/a><\/p>\n<p><strong>Cotehele Haus und Garten<\/strong>, <a href=\"https:\/\/www.urlaubcornwall.de\/reiseziel\/cornwall.php\">Cornwall<\/a>, der sich hoch \u00fcber dem Fluss Tamar erhebt, ist voller Herbstfarben, wenn das Laubwerk der B\u00e4ume sich in wundersch\u00f6ne Rot-, Orange-, Gold- und Silbert\u00f6ne f\u00e4rbt. Dieser 5ha gro\u00dfe Garten am Rande des Dartmoor ist ein entz\u00fcckender Ort, den es an einem frischen Herbsttag zu erkunden gilt. <a href=\"http:\/\/www.nationaltrust.org.uk\/cotehele\">www.nationaltrust.org.uk\/cotehele<\/a><\/p>\n<p><strong>Exbury Garten<\/strong> im <a href=\"https:\/\/www.urlaubcornwall.de\/blog\/urlaub-new-forest-hampshire-der-new-forest-hat-jedermann-etwas-zu-bieten\/\">New Forest<\/a> ist ein wundervoller Ort, wenn Sie Herbstfarben lieben. Ein herrlicher Garten, der das ganze Jahr \u00fcber besucht werden kann, doch im Herbst haben die Stauden und exotischen B\u00e4ume besonders sch\u00f6ne Farben. Es gibt zahlreiche Spazierwege und Pfade durch den Garten und entlang des Flusses Beaulieu, der herrlich ist f\u00fcr Vogelbeobachter und Naturliebhaber. <a href=\"http:\/\/www.exbury.co.uk\">www.exbury.co.uk<\/a><\/p>\n<p><strong>Japanischer Garten<\/strong>, St Mawgan, <a href=\"https:\/\/www.urlaubcornwall.de\/reiseziel\/cornwall.php\">Cornwall<\/a>, ist eine Oase der Ruhe; 2,4km von der &nbsp;Nordk\u00fcste Cornwalls entfernt und 9,6km \u00f6stlich von Newquay. Er beherbergt spektakul\u00e4re japanische Ahornb\u00e4ume, wundersch\u00f6ne Azaleen, einen Wasserfall, der in einen Fischteich f\u00e4llt und zahlreiche Pfade, denen man entlanggehen kann, um den meditativen Garten zu genie\u00dfen. <a href=\"http:\/\/www.japanesegarden.co.uk\">www.japanesegarden.co.uk<\/a><\/p>\n<p><strong><a href=\"https:\/\/www.rhs.org.uk\/\">RHS Garten, Wisley<\/a><\/strong>, bietet w\u00e4hrend der Herbstmonate so vieles zu genie\u00dfen; die Farben der B\u00e4ume und Stauden sind herrlich. Wisley ist einer der gro\u00dfartigsten G\u00e4rten der Welt mit einer der gr\u00f6\u00dften Pflanzensammlungen. Er ist entz\u00fcckend und voller Inspirationen zum Gartenbau, zu welcher Jahreszeit auch immer Sie ihn besuchen m\u00f6gen. <\/p>\n<p style=\"text-align: center;\"><a class=\"tidycta\" href=\"https:\/\/www.urlaubcornwall.de\/gartenreise.php\">Gartenreisen in England<\/a><\/p>\n<div class=\"snippet\"> <a class=\"featured-item\" href=\"https:\/\/www.urlaubcornwall.de\/ferienhaeuser\/suedengland.php\"> <span class=\"image-holder\" style=\"background-image: url('https:\/\/www.urlaubcornwall.de\/blog\/wp-content\/uploads\/2018\/12\/ferienhaus-cornwall-mit-hund.jpg');\"><\/span> <span class=\"featured-content\"> \n<h2 class=\"featured-title\">Ferienh\u00e4user in S\u00fcdengland<\/h2>\n<p class=\"featured-body\">Bei uns finden Sie Ferienh\u00e4user zum Verlieben &#8211; so einfach ist das! Dank seiner langen Geschichte, der reizvollen Landschaften und seinen vielen Attraktionen ist S\u00fcdengland ein wahres Mekka f\u00fcr Urlauber&#8230;..<\/p><\/span> <span class=\"featured-link-holder\"> <span class=\"featured-extra-info\"> \n<p>Pers\u00f6nlich inspizierter Ferienh\u00e4user<\/p>\n<\/span> \n<p class=\"featured-link\">DETAILS<\/p>\n<\/span> <\/a><\/div>\n","protected":false},"excerpt":{"rendered":"<p>Die Herbstfarben sind in den G\u00e4rten des gesamten UK wundervoll, und am besten von ungef\u00e4hr Mitte Oktober bis Mitte November. Es ist eine ideale Zeit, G\u00e4rten zu besuchen und die Farbenpracht zu genie\u00dfen, bevor die Wintersaison beginnt. Dies ist eine Auswahl der besten G\u00e4rten, die es im Herbst zu besuchen gilt. Sheffield Parkgarten, East Sussex, [&hellip;]<\/p>\n","protected":false},"author":1,"featured_media":0,"parent":0,"menu_order":0,"comment_status":"closed","ping_status":"closed","template":"single-four.php","meta":[],"acf":[],"yoast_head":"<!-- This site is optimized with the Yoast SEO plugin v19.4 - https:\/\/yoast.com\/wordpress\/plugins\/seo\/ -->\n<title>Die besten Herbstg\u00e4rten in S\u00fcdengland - Urlaub &amp; Reisen<\/title>\n<meta name=\"robots\" content=\"index, follow, max-snippet:-1, max-image-preview:large, max-video-preview:-1\" \/>\n<link rel=\"canonical\" href=\"https:\/\/www.urlaubcornwall.de\/blog\/die-besten-herbstgaerten-in-suedengland\/\" \/>\n<meta property=\"og:locale\" content=\"en_US\" \/>\n<meta property=\"og:type\" content=\"article\" \/>\n<meta property=\"og:title\" content=\"Die besten Herbstg\u00e4rten in S\u00fcdengland - Urlaub &amp; Reisen\" \/>\n<meta property=\"og:description\" content=\"Die Herbstfarben sind in den G\u00e4rten des gesamten UK wundervoll, und am besten von ungef\u00e4hr Mitte Oktober bis Mitte November. Es ist eine ideale Zeit, G\u00e4rten zu besuchen und die Farbenpracht zu genie\u00dfen, bevor die Wintersaison beginnt. Dies ist eine Auswahl der besten G\u00e4rten, die es im Herbst zu besuchen gilt. Sheffield Parkgarten, East Sussex, [&hellip;]\" \/>\n<meta property=\"og:url\" content=\"https:\/\/www.urlaubcornwall.de\/blog\/die-besten-herbstgaerten-in-suedengland\/\" \/>\n<meta property=\"og:site_name\" content=\"Urlaub &amp; Reisen\" \/>\n<meta property=\"article:modified_time\" content=\"2024-04-15T15:42:19+00:00\" \/>\n<meta name=\"twitter:card\" content=\"summary\" \/>\n<meta name=\"twitter:label1\" content=\"Est. reading time\" \/>\n\t<meta name=\"twitter:data1\" content=\"2 minutes\" \/>\n<script type=\"application\/ld+json\" class=\"yoast-schema-graph\">{\"@context\":\"https:\/\/schema.org\",\"@graph\":[{\"@type\":\"WebSite\",\"@id\":\"https:\/\/www.urlaubcornwall.de\/blog\/#website\",\"url\":\"https:\/\/www.urlaubcornwall.de\/blog\/\",\"name\":\"Urlaub &amp; Reisen\",\"description\":\"Urlaub, Reisen, Cornwall und S\u00fcdengland: eine perfekte Kombination\",\"potentialAction\":[{\"@type\":\"SearchAction\",\"target\":{\"@type\":\"EntryPoint\",\"urlTemplate\":\"https:\/\/www.urlaubcornwall.de\/blog\/?s={search_term_string}\"},\"query-input\":\"required name=search_term_string\"}],\"inLanguage\":\"en-US\"},{\"@type\":\"WebPage\",\"@id\":\"https:\/\/www.urlaubcornwall.de\/blog\/die-besten-herbstgaerten-in-suedengland\/\",\"url\":\"https:\/\/www.urlaubcornwall.de\/blog\/die-besten-herbstgaerten-in-suedengland\/\",\"name\":\"Die besten Herbstg\u00e4rten in S\u00fcdengland - Urlaub &amp; Reisen\",\"isPartOf\":{\"@id\":\"https:\/\/www.urlaubcornwall.de\/blog\/#website\"},\"datePublished\":\"2018-09-18T14:28:36+00:00\",\"dateModified\":\"2024-04-15T15:42:19+00:00\",\"breadcrumb\":{\"@id\":\"https:\/\/www.urlaubcornwall.de\/blog\/die-besten-herbstgaerten-in-suedengland\/#breadcrumb\"},\"inLanguage\":\"en-US\",\"potentialAction\":[{\"@type\":\"ReadAction\",\"target\":[\"https:\/\/www.urlaubcornwall.de\/blog\/die-besten-herbstgaerten-in-suedengland\/\"]}]},{\"@type\":\"BreadcrumbList\",\"@id\":\"https:\/\/www.urlaubcornwall.de\/blog\/die-besten-herbstgaerten-in-suedengland\/#breadcrumb\",\"itemListElement\":[{\"@type\":\"ListItem\",\"position\":1,\"name\":\"Home\",\"item\":\"https:\/\/www.urlaubcornwall.de\/blog\/\"},{\"@type\":\"ListItem\",\"position\":2,\"name\":\"Die besten Herbstg\u00e4rten in S\u00fcdengland\"}]}]}<\/script>\n<!-- \/ Yoast SEO plugin. -->","yoast_head_json":{"title":"Die besten Herbstg\u00e4rten in S\u00fcdengland - Urlaub &amp; Reisen","robots":{"index":"index","follow":"follow","max-snippet":"max-snippet:-1","max-image-preview":"max-image-preview:large","max-video-preview":"max-video-preview:-1"},"canonical":"https:\/\/www.urlaubcornwall.de\/blog\/die-besten-herbstgaerten-in-suedengland\/","og_locale":"en_US","og_type":"article","og_title":"Die besten Herbstg\u00e4rten in S\u00fcdengland - Urlaub &amp; Reisen","og_description":"Die Herbstfarben sind in den G\u00e4rten des gesamten UK wundervoll, und am besten von ungef\u00e4hr Mitte Oktober bis Mitte November. Es ist eine ideale Zeit, G\u00e4rten zu besuchen und die Farbenpracht zu genie\u00dfen, bevor die Wintersaison beginnt. Dies ist eine Auswahl der besten G\u00e4rten, die es im Herbst zu besuchen gilt. Sheffield Parkgarten, East Sussex, [&hellip;]","og_url":"https:\/\/www.urlaubcornwall.de\/blog\/die-besten-herbstgaerten-in-suedengland\/","og_site_name":"Urlaub &amp; Reisen","article_modified_time":"2024-04-15T15:42:19+00:00","twitter_card":"summary","twitter_misc":{"Est. reading time":"2 minutes"},"schema":{"@context":"https:\/\/schema.org","@graph":[{"@type":"WebSite","@id":"https:\/\/www.urlaubcornwall.de\/blog\/#website","url":"https:\/\/www.urlaubcornwall.de\/blog\/","name":"Urlaub &amp; Reisen","description":"Urlaub, Reisen, Cornwall und S\u00fcdengland: eine perfekte Kombination","potentialAction":[{"@type":"SearchAction","target":{"@type":"EntryPoint","urlTemplate":"https:\/\/www.urlaubcornwall.de\/blog\/?s={search_term_string}"},"query-input":"required name=search_term_string"}],"inLanguage":"en-US"},{"@type":"WebPage","@id":"https:\/\/www.urlaubcornwall.de\/blog\/die-besten-herbstgaerten-in-suedengland\/","url":"https:\/\/www.urlaubcornwall.de\/blog\/die-besten-herbstgaerten-in-suedengland\/","name":"Die besten Herbstg\u00e4rten in S\u00fcdengland - Urlaub &amp; Reisen","isPartOf":{"@id":"https:\/\/www.urlaubcornwall.de\/blog\/#website"},"datePublished":"2018-09-18T14:28:36+00:00","dateModified":"2024-04-15T15:42:19+00:00","breadcrumb":{"@id":"https:\/\/www.urlaubcornwall.de\/blog\/die-besten-herbstgaerten-in-suedengland\/#breadcrumb"},"inLanguage":"en-US","potentialAction":[{"@type":"ReadAction","target":["https:\/\/www.urlaubcornwall.de\/blog\/die-besten-herbstgaerten-in-suedengland\/"]}]},{"@type":"BreadcrumbList","@id":"https:\/\/www.urlaubcornwall.de\/blog\/die-besten-herbstgaerten-in-suedengland\/#breadcrumb","itemListElement":[{"@type":"ListItem","position":1,"name":"Home","item":"https:\/\/www.urlaubcornwall.de\/blog\/"},{"@type":"ListItem","position":2,"name":"Die besten Herbstg\u00e4rten in S\u00fcdengland"}]}]}},"_links":{"self":[{"href":"https:\/\/www.urlaubcornwall.de\/blog\/wp-json\/wp\/v2\/pages\/34376"}],"collection":[{"href":"https:\/\/www.urlaubcornwall.de\/blog\/wp-json\/wp\/v2\/pages"}],"about":[{"href":"https:\/\/www.urlaubcornwall.de\/blog\/wp-json\/wp\/v2\/types\/page"}],"author":[{"embeddable":true,"href":"https:\/\/www.urlaubcornwall.de\/blog\/wp-json\/wp\/v2\/users\/1"}],"replies":[{"embeddable":true,"href":"https:\/\/www.urlaubcornwall.de\/blog\/wp-json\/wp\/v2\/comments?post=34376"}],"version-history":[{"count":7,"href":"https:\/\/www.urlaubcornwall.de\/blog\/wp-json\/wp\/v2\/pages\/34376\/revisions"}],"predecessor-version":[{"id":49722,"href":"https:\/\/www.urlaubcornwall.de\/blog\/wp-json\/wp\/v2\/pages\/34376\/revisions\/49722"}],"wp:attachment":[{"href":"https:\/\/www.urlaubcornwall.de\/blog\/wp-json\/wp\/v2\/media?parent=34376"}],"curies":[{"name":"wp","href":"https:\/\/api.w.org\/{rel}","templated":true}]}}