{"id":34367,"date":"2018-09-18T13:57:04","date_gmt":"2018-09-18T13:57:04","guid":{"rendered":"https:\/\/www.urlaubcornwall.de\/blog\/?page_id=34367"},"modified":"2024-04-16T08:53:34","modified_gmt":"2024-04-16T08:53:34","slug":"die-besten-wintergaerten-in-england","status":"publish","type":"page","link":"https:\/\/www.urlaubcornwall.de\/blog\/die-besten-wintergaerten-in-england\/","title":{"rendered":"Die besten Winterg\u00e4rten in England"},"content":{"rendered":"<p><img loading=\"lazy\" class=\"aligncenter size-full wp-image-49801\" src=\"https:\/\/www.urlaubcornwall.de\/blog\/wp-content\/uploads\/2024\/04\/Lost-Gradens-of-Heligan-Rope-Bridge.jpg\" alt=\"Lost-Gradens-of-Heligan-Rope-Bridge\" width=\"750\" height=\"536\" srcset=\"https:\/\/www.urlaubcornwall.de\/blog\/wp-content\/uploads\/2024\/04\/Lost-Gradens-of-Heligan-Rope-Bridge.jpg 750w, https:\/\/www.urlaubcornwall.de\/blog\/wp-content\/uploads\/2024\/04\/Lost-Gradens-of-Heligan-Rope-Bridge-300x214.jpg 300w\" sizes=\"(max-width: 750px) 100vw, 750px\" \/><br \/>\nimage credit lost gardens of heligan<\/p>\n<p>Vielleicht denken Sie ja, dass G\u00e4rten w\u00e4hrend des Winters im Tiefschlaf sind. Doch diese Auswahl an Winterg\u00e4rten ist interessant und voller Farben. Jeder hat dem Besucher im Winter eine Menge zu bieten und ist perfekt f\u00fcr einen Winterspaziergang.<\/p>\n<p><strong>Mottisfont<\/strong> bei Romsey in <a href=\"https:\/\/www.urlaubcornwall.de\/reiseziel\/hampshire.php\">Hampshire<\/a> l\u00e4sst sich w\u00e4hrend der Wintermonate perfekt erkunden. Im Wintergarten gibt es mehr als 5 000 Pflanzen und Stauden und mehr als 80 000 Blumenzwiebeln, die in ihrer Kombination wundersch\u00f6ne Farben und D\u00fcfte verstr\u00f6men. Wenn der Herbst in den Winter \u00fcbergeht, verwandelt sich der Garten in ein Paradies sp\u00e4tbl\u00fchender Stauden und s\u00fc\u00dflich duftendem &nbsp;Wintergei\u00dfblatt. Er bietet sich mit seinen wundersch\u00f6nen Spazierwegen f\u00fcr einen gro\u00dfartigen Familienausflug an. <a href=\"http:\/\/www.nationaltrust.org.uk\/mottisfont\">www.nationaltrust.org.uk\/mottisfont<\/a><\/p>\n<p><strong>Stowe Garten<\/strong>, Buckinghamshire, hat mehr als 101ha an Rasenfl\u00e4chen, Seen und Waldgebieten, die es zu erkunden gibt und eignet sich perfekt f\u00fcr einen Spaziergang an einem frischen und frostigen Wintertag. Stowe gilt als einer der gro\u00dfartigsten englischen Landschaftsg\u00e4rten mit zahlreichen Pfaden und Tempeln, die auf dem Grundst\u00fcck verstreut sind, sich windenden Pfaden, Wegen am See und herrlichem Blick. <a href=\"http:\/\/www.nationaltrust.org.uk\/stowe\">www.nationaltrust.org.uk\/stowe<\/a><\/p>\n<p><strong>K\u00f6niglich Botanischer Garten, Kew<\/strong>, eignet sich herrlich f\u00fcr einen Winterbesuch, wenn die ornamentalen Gr\u00e4ser und Holzgew\u00e4chse am besten sind. Im Alpenhaus gibt es Winterzwiebeln wie die fr\u00fche Iris und Krokusse, Schneegl\u00f6ckchen im Felsengarten und wundervolle Farben der Baumrinden im Arboretum. Wenn es regnet, k\u00f6nnen Sie die wundervollen Glash\u00e4user besuchen oder den Princess of Wales Wintergarten. <a href=\"http:\/\/www.kew.org\">www.kew.org<\/a><\/p>\n<p><strong>Die Lost Gardens of Heligan<\/strong>, <a href=\"https:\/\/www.urlaubcornwall.de\/reiseziel\/cornwall.php\">Cornwall<\/a>, haben das ganze Jahr \u00fcber mehr als 80 ha zu erkunden. W\u00e4hrend der Wintermonate hat der Garten viele Highlights, einschlie\u00dflich Alpenveilchen, fr\u00fche Kamelien, Nieswurz, Fuchsien und den ganzen Januar \u00fcber Teppiche voller Schneegl\u00f6ckchen. <a href=\"http:\/\/www.heligan.com\">www.heligan.com<\/a><\/p>\n<p><strong>Sir Harold Hillier Gardens<\/strong>, Romsey, Hampshire, hat mehr als 72 ha an G\u00e4rten, die das ganze Jahr \u00fcber interessant und voller Farbe sind. Der Wintergarten hat mehr als 650 verschiedene Pflanzen, die zwischen November und M\u00e4rz am besten sind. Der Garten, der mehr als 1,6ha bedeckt, ist einer der gr\u00f6\u00dften Winterg\u00e4rten in Europa. <a href=\"http:\/\/www.hilliergardens.org.uk\">www.hilliergardens.org.uk<\/a><\/p>\n<p style=\"text-align: center;\"><a class=\"tidycta\" href=\"https:\/\/www.urlaubcornwall.de\/gartenreise.php\">Gartenreisen in England<\/a><\/p>\n","protected":false},"excerpt":{"rendered":"<p>image credit lost gardens of heligan Vielleicht denken Sie ja, dass G\u00e4rten w\u00e4hrend des Winters im Tiefschlaf sind. Doch diese Auswahl an Winterg\u00e4rten ist interessant und voller Farben. Jeder hat dem Besucher im Winter eine Menge zu bieten und ist perfekt f\u00fcr einen Winterspaziergang. Mottisfont bei Romsey in Hampshire l\u00e4sst sich w\u00e4hrend der Wintermonate perfekt [&hellip;]<\/p>\n","protected":false},"author":1,"featured_media":0,"parent":0,"menu_order":0,"comment_status":"closed","ping_status":"closed","template":"single-four.php","meta":[],"acf":[],"yoast_head":"<!-- This site is optimized with the Yoast SEO plugin v19.4 - https:\/\/yoast.com\/wordpress\/plugins\/seo\/ -->\n<title>Die besten Winterg\u00e4rten in England - Urlaub &amp; Reisen<\/title>\n<meta name=\"robots\" content=\"index, follow, max-snippet:-1, max-image-preview:large, max-video-preview:-1\" \/>\n<link rel=\"canonical\" href=\"https:\/\/www.urlaubcornwall.de\/blog\/die-besten-wintergaerten-in-england\/\" \/>\n<meta property=\"og:locale\" content=\"en_US\" \/>\n<meta property=\"og:type\" content=\"article\" \/>\n<meta property=\"og:title\" content=\"Die besten Winterg\u00e4rten in England - Urlaub &amp; Reisen\" \/>\n<meta property=\"og:description\" content=\"image credit lost gardens of heligan Vielleicht denken Sie ja, dass G\u00e4rten w\u00e4hrend des Winters im Tiefschlaf sind. Doch diese Auswahl an Winterg\u00e4rten ist interessant und voller Farben. Jeder hat dem Besucher im Winter eine Menge zu bieten und ist perfekt f\u00fcr einen Winterspaziergang. Mottisfont bei Romsey in Hampshire l\u00e4sst sich w\u00e4hrend der Wintermonate perfekt [&hellip;]\" \/>\n<meta property=\"og:url\" content=\"https:\/\/www.urlaubcornwall.de\/blog\/die-besten-wintergaerten-in-england\/\" \/>\n<meta property=\"og:site_name\" content=\"Urlaub &amp; Reisen\" \/>\n<meta property=\"article:modified_time\" content=\"2024-04-16T08:53:34+00:00\" \/>\n<meta property=\"og:image\" content=\"https:\/\/www.urlaubcornwall.de\/blog\/wp-content\/uploads\/2024\/04\/Lost-Gradens-of-Heligan-Rope-Bridge.jpg\" \/>\n<meta name=\"twitter:card\" content=\"summary\" \/>\n<meta name=\"twitter:label1\" content=\"Est. reading time\" \/>\n\t<meta name=\"twitter:data1\" content=\"2 minutes\" \/>\n<script type=\"application\/ld+json\" class=\"yoast-schema-graph\">{\"@context\":\"https:\/\/schema.org\",\"@graph\":[{\"@type\":\"WebSite\",\"@id\":\"https:\/\/www.urlaubcornwall.de\/blog\/#website\",\"url\":\"https:\/\/www.urlaubcornwall.de\/blog\/\",\"name\":\"Urlaub &amp; Reisen\",\"description\":\"Urlaub, Reisen, Cornwall und S\u00fcdengland: eine perfekte Kombination\",\"potentialAction\":[{\"@type\":\"SearchAction\",\"target\":{\"@type\":\"EntryPoint\",\"urlTemplate\":\"https:\/\/www.urlaubcornwall.de\/blog\/?s={search_term_string}\"},\"query-input\":\"required name=search_term_string\"}],\"inLanguage\":\"en-US\"},{\"@type\":\"WebPage\",\"@id\":\"https:\/\/www.urlaubcornwall.de\/blog\/die-besten-wintergaerten-in-england\/\",\"url\":\"https:\/\/www.urlaubcornwall.de\/blog\/die-besten-wintergaerten-in-england\/\",\"name\":\"Die besten Winterg\u00e4rten in England - Urlaub &amp; Reisen\",\"isPartOf\":{\"@id\":\"https:\/\/www.urlaubcornwall.de\/blog\/#website\"},\"datePublished\":\"2018-09-18T13:57:04+00:00\",\"dateModified\":\"2024-04-16T08:53:34+00:00\",\"breadcrumb\":{\"@id\":\"https:\/\/www.urlaubcornwall.de\/blog\/die-besten-wintergaerten-in-england\/#breadcrumb\"},\"inLanguage\":\"en-US\",\"potentialAction\":[{\"@type\":\"ReadAction\",\"target\":[\"https:\/\/www.urlaubcornwall.de\/blog\/die-besten-wintergaerten-in-england\/\"]}]},{\"@type\":\"BreadcrumbList\",\"@id\":\"https:\/\/www.urlaubcornwall.de\/blog\/die-besten-wintergaerten-in-england\/#breadcrumb\",\"itemListElement\":[{\"@type\":\"ListItem\",\"position\":1,\"name\":\"Home\",\"item\":\"https:\/\/www.urlaubcornwall.de\/blog\/\"},{\"@type\":\"ListItem\",\"position\":2,\"name\":\"Die besten Winterg\u00e4rten in England\"}]}]}<\/script>\n<!-- \/ Yoast SEO plugin. -->","yoast_head_json":{"title":"Die besten Winterg\u00e4rten in England - Urlaub &amp; Reisen","robots":{"index":"index","follow":"follow","max-snippet":"max-snippet:-1","max-image-preview":"max-image-preview:large","max-video-preview":"max-video-preview:-1"},"canonical":"https:\/\/www.urlaubcornwall.de\/blog\/die-besten-wintergaerten-in-england\/","og_locale":"en_US","og_type":"article","og_title":"Die besten Winterg\u00e4rten in England - Urlaub &amp; Reisen","og_description":"image credit lost gardens of heligan Vielleicht denken Sie ja, dass G\u00e4rten w\u00e4hrend des Winters im Tiefschlaf sind. Doch diese Auswahl an Winterg\u00e4rten ist interessant und voller Farben. Jeder hat dem Besucher im Winter eine Menge zu bieten und ist perfekt f\u00fcr einen Winterspaziergang. Mottisfont bei Romsey in Hampshire l\u00e4sst sich w\u00e4hrend der Wintermonate perfekt [&hellip;]","og_url":"https:\/\/www.urlaubcornwall.de\/blog\/die-besten-wintergaerten-in-england\/","og_site_name":"Urlaub &amp; Reisen","article_modified_time":"2024-04-16T08:53:34+00:00","og_image":[{"url":"https:\/\/www.urlaubcornwall.de\/blog\/wp-content\/uploads\/2024\/04\/Lost-Gradens-of-Heligan-Rope-Bridge.jpg"}],"twitter_card":"summary","twitter_misc":{"Est. reading time":"2 minutes"},"schema":{"@context":"https:\/\/schema.org","@graph":[{"@type":"WebSite","@id":"https:\/\/www.urlaubcornwall.de\/blog\/#website","url":"https:\/\/www.urlaubcornwall.de\/blog\/","name":"Urlaub &amp; Reisen","description":"Urlaub, Reisen, Cornwall und S\u00fcdengland: eine perfekte Kombination","potentialAction":[{"@type":"SearchAction","target":{"@type":"EntryPoint","urlTemplate":"https:\/\/www.urlaubcornwall.de\/blog\/?s={search_term_string}"},"query-input":"required name=search_term_string"}],"inLanguage":"en-US"},{"@type":"WebPage","@id":"https:\/\/www.urlaubcornwall.de\/blog\/die-besten-wintergaerten-in-england\/","url":"https:\/\/www.urlaubcornwall.de\/blog\/die-besten-wintergaerten-in-england\/","name":"Die besten Winterg\u00e4rten in England - Urlaub &amp; Reisen","isPartOf":{"@id":"https:\/\/www.urlaubcornwall.de\/blog\/#website"},"datePublished":"2018-09-18T13:57:04+00:00","dateModified":"2024-04-16T08:53:34+00:00","breadcrumb":{"@id":"https:\/\/www.urlaubcornwall.de\/blog\/die-besten-wintergaerten-in-england\/#breadcrumb"},"inLanguage":"en-US","potentialAction":[{"@type":"ReadAction","target":["https:\/\/www.urlaubcornwall.de\/blog\/die-besten-wintergaerten-in-england\/"]}]},{"@type":"BreadcrumbList","@id":"https:\/\/www.urlaubcornwall.de\/blog\/die-besten-wintergaerten-in-england\/#breadcrumb","itemListElement":[{"@type":"ListItem","position":1,"name":"Home","item":"https:\/\/www.urlaubcornwall.de\/blog\/"},{"@type":"ListItem","position":2,"name":"Die besten Winterg\u00e4rten in England"}]}]}},"_links":{"self":[{"href":"https:\/\/www.urlaubcornwall.de\/blog\/wp-json\/wp\/v2\/pages\/34367"}],"collection":[{"href":"https:\/\/www.urlaubcornwall.de\/blog\/wp-json\/wp\/v2\/pages"}],"about":[{"href":"https:\/\/www.urlaubcornwall.de\/blog\/wp-json\/wp\/v2\/types\/page"}],"author":[{"embeddable":true,"href":"https:\/\/www.urlaubcornwall.de\/blog\/wp-json\/wp\/v2\/users\/1"}],"replies":[{"embeddable":true,"href":"https:\/\/www.urlaubcornwall.de\/blog\/wp-json\/wp\/v2\/comments?post=34367"}],"version-history":[{"count":5,"href":"https:\/\/www.urlaubcornwall.de\/blog\/wp-json\/wp\/v2\/pages\/34367\/revisions"}],"predecessor-version":[{"id":49804,"href":"https:\/\/www.urlaubcornwall.de\/blog\/wp-json\/wp\/v2\/pages\/34367\/revisions\/49804"}],"wp:attachment":[{"href":"https:\/\/www.urlaubcornwall.de\/blog\/wp-json\/wp\/v2\/media?parent=34367"}],"curies":[{"name":"wp","href":"https:\/\/api.w.org\/{rel}","templated":true}]}}