{"id":34365,"date":"2018-09-18T14:07:13","date_gmt":"2018-09-18T14:07:13","guid":{"rendered":"https:\/\/www.urlaubcornwall.de\/blog\/?page_id=34365"},"modified":"2019-08-05T15:38:18","modified_gmt":"2019-08-05T15:38:18","slug":"suedenglands-beste-sommergaerten","status":"publish","type":"page","link":"https:\/\/www.urlaubcornwall.de\/blog\/suedenglands-beste-sommergaerten\/","title":{"rendered":"S\u00fcdenglands beste Sommerg\u00e4rten"},"content":{"rendered":"<div id=\"attachment_34371\" style=\"width: 759px\" class=\"wp-caption alignnone\"><a href=\"https:\/\/www.urlaubcornwall.de\/blog\/wp-content\/uploads\/2018\/09\/S\u00fcdenglands-beste-Sommerg\u00e4rten-Tresco-Abbey-Garten.jpg\"><img aria-describedby=\"caption-attachment-34371\" loading=\"lazy\" class=\"size-full wp-image-34371\" src=\"https:\/\/www.urlaubcornwall.de\/blog\/wp-content\/uploads\/2018\/09\/S\u00fcdenglands-beste-Sommerg\u00e4rten-Tresco-Abbey-Garten.jpg\" alt=\"S\u00fcdenglands beste Sommerg\u00e4rten Tresco Abbey Garten\" width=\"749\" height=\"451\"\/><\/a><p id=\"caption-attachment-34371\" class=\"wp-caption-text\">Tresco Abbey Garten, Isles of Scilly<\/p><\/div>\n<p>W\u00e4hrend der Sommermonate sind viele G\u00e4rten voller Farben aufgrund der Rosen, Hortensien und Blumenbeeten voller Herbststauden, die dann am besten sind&#8230;..<\/p>\n<p><strong>Tresco Abteigarten<\/strong>, <a href=\"https:\/\/www.urlaubcornwall.de\/Scilly-Inseln.php\">Isles of Scilly<\/a>, ist ein subtropisches Paradies 45km vor der K\u00fcste Cornwalls auf der Insel Tresco. Der wundersch\u00f6ne Garten wurde im 19. Jahrhundert um die Ruinen einer Benediktinerabtei erbaut und beherbergt viele Pflanzenarten aus der gesamten Welt. <a href=\"http:\/\/www.tresco.co.uk\/enjoying\/abbey-garden\">www.tresco.co.uk\/enjoying\/abbey-garden<\/a><\/p>\n<p><strong>Courts Garten<\/strong>, Wiltshire, ist ein gro\u00dfartiges Beispiel eines kunst- und handwerklich formellen englischen Gartens innerhalb eines Grundst\u00fccks von 2,8 ha um ein Haus aus dem 18. Jahrhundert herum. Die Gartenbereiche haben jeweils einen unterschiedlichen Stil. Dieses versteckte Juwel eines Gartens hat wundervolle Staudenrabatten, schrullige Formschnitte, einen friedvollen Wassergarten, einen Kr\u00e4utergarten und ein Arboretum. <a href=\"http:\/\/www.nationaltrust.org\/the-courts-garden\">www.nationaltrust.org\/the-courts-garden<\/a><\/p>\n<p><strong>Arundel Schlossg\u00e4rten<\/strong>, <a href=\"https:\/\/www.urlaubcornwall.de\/reiseziel\/sussex.php\">West Sussex<\/a>, sind w\u00e4hrend der Sommermonate herrlich, wenn sie scheinbar voller Farben explodieren. Es gibt wundersch\u00f6ne Wildblumen, herrliche Rosen, riesige Dahlien; und neben all den Blumen gibt es eine F\u00fclle an Sommerfr\u00fcchten und Gem\u00fcse.<a href=\"http:\/\/www.arundelcastle.org\">www.arundelcastle.org<\/a><\/p>\n<p><strong>Longstock Park Wassergarten<\/strong>, <a href=\"https:\/\/www.urlaubcornwall.de\/reiseziel\/hampshire.php\">Hampshire<\/a>, ist ein 2,8ha gro\u00dfer wundersch\u00f6ner Garten mit mehr als 1ha an Seen, die vom Fluss Test gespeist werden. Urspr\u00fcnglich w\u00e4hrend der 1900er geschaffen, z\u00e4hlt der Wassergarten zu den weltfeinsten. Es gibt mehr als 40 Arten an Wasserlilien im kristallklaren Wasser &#8211; ein Paradies f\u00fcr eine Vielfalt an Wildblumen und Tierleben. <a href=\"http:\/\/www.leckfordestate.co.uk\/water-garden\">www.leckfordestate.co.uk\/water-garden<\/a><\/p>\n<p><strong>Glendurgan Garten bei Falmouth<\/strong>, <a href=\"https:\/\/www.urlaubcornwall.de\/reiseziel\/cornwall.php\">Cornwall<\/a>, ist ein subtropischer Talgarten, der hinunterreicht zum Fluss Helford und einem windgesch\u00fctzten Strand. &nbsp;Es ist ein herrlicher Garten, der das ganze Jahr \u00fcber besucht werden kann, doch ein gro\u00dfartiger Garten, der im Sommer an einem Familienausflugstag besucht werden sollte mit seinem bekannten Irrgarten, Seilschwingen und dem herrlichen Strand. <a href=\"http:\/\/www.nationaltrust.org.uk\/glendurgan-garden\">www.nationaltrust.org.uk\/glendurgan-garden<\/a><\/p>\n<p style=\"text-align: center;\"><a class=\"tidycta\" href=\"https:\/\/www.urlaubcornwall.de\/gartenreise.php\">Gartenreisen in England<\/a><\/p>\n","protected":false},"excerpt":{"rendered":"<p>W\u00e4hrend der Sommermonate sind viele G\u00e4rten voller Farben aufgrund der Rosen, Hortensien und Blumenbeeten voller Herbststauden, die dann am besten sind&#8230;.. Tresco Abteigarten, Isles of Scilly, ist ein subtropisches Paradies 45km vor der K\u00fcste Cornwalls auf der Insel Tresco. Der wundersch\u00f6ne Garten wurde im 19. Jahrhundert um die Ruinen einer Benediktinerabtei erbaut und beherbergt viele [&hellip;]<\/p>\n","protected":false},"author":1,"featured_media":0,"parent":0,"menu_order":0,"comment_status":"closed","ping_status":"closed","template":"single-four.php","meta":[],"acf":[],"yoast_head":"<!-- This site is optimized with the Yoast SEO plugin v19.4 - https:\/\/yoast.com\/wordpress\/plugins\/seo\/ -->\n<title>S\u00fcdenglands beste Sommerg\u00e4rten - Urlaub &amp; Reisen<\/title>\n<meta name=\"robots\" content=\"index, follow, max-snippet:-1, max-image-preview:large, max-video-preview:-1\" \/>\n<link rel=\"canonical\" href=\"https:\/\/www.urlaubcornwall.de\/blog\/suedenglands-beste-sommergaerten\/\" \/>\n<meta property=\"og:locale\" content=\"en_US\" \/>\n<meta property=\"og:type\" content=\"article\" \/>\n<meta property=\"og:title\" content=\"S\u00fcdenglands beste Sommerg\u00e4rten - Urlaub &amp; Reisen\" \/>\n<meta property=\"og:description\" content=\"W\u00e4hrend der Sommermonate sind viele G\u00e4rten voller Farben aufgrund der Rosen, Hortensien und Blumenbeeten voller Herbststauden, die dann am besten sind&#8230;.. Tresco Abteigarten, Isles of Scilly, ist ein subtropisches Paradies 45km vor der K\u00fcste Cornwalls auf der Insel Tresco. Der wundersch\u00f6ne Garten wurde im 19. Jahrhundert um die Ruinen einer Benediktinerabtei erbaut und beherbergt viele [&hellip;]\" \/>\n<meta property=\"og:url\" content=\"https:\/\/www.urlaubcornwall.de\/blog\/suedenglands-beste-sommergaerten\/\" \/>\n<meta property=\"og:site_name\" content=\"Urlaub &amp; Reisen\" \/>\n<meta property=\"article:modified_time\" content=\"2019-08-05T15:38:18+00:00\" \/>\n<meta property=\"og:image\" content=\"https:\/\/www.urlaubcornwall.de\/blog\/wp-content\/uploads\/2018\/09\/S\u00fcdenglands-beste-Sommerg\u00e4rten-Tresco-Abbey-Garten.jpg\" \/>\n<meta name=\"twitter:card\" content=\"summary\" \/>\n<meta name=\"twitter:label1\" content=\"Est. reading time\" \/>\n\t<meta name=\"twitter:data1\" content=\"2 minutes\" \/>\n<script type=\"application\/ld+json\" class=\"yoast-schema-graph\">{\"@context\":\"https:\/\/schema.org\",\"@graph\":[{\"@type\":\"WebSite\",\"@id\":\"https:\/\/www.urlaubcornwall.de\/blog\/#website\",\"url\":\"https:\/\/www.urlaubcornwall.de\/blog\/\",\"name\":\"Urlaub &amp; Reisen\",\"description\":\"Urlaub, Reisen, Cornwall und S\u00fcdengland: eine perfekte Kombination\",\"potentialAction\":[{\"@type\":\"SearchAction\",\"target\":{\"@type\":\"EntryPoint\",\"urlTemplate\":\"https:\/\/www.urlaubcornwall.de\/blog\/?s={search_term_string}\"},\"query-input\":\"required name=search_term_string\"}],\"inLanguage\":\"en-US\"},{\"@type\":\"WebPage\",\"@id\":\"https:\/\/www.urlaubcornwall.de\/blog\/suedenglands-beste-sommergaerten\/\",\"url\":\"https:\/\/www.urlaubcornwall.de\/blog\/suedenglands-beste-sommergaerten\/\",\"name\":\"S\u00fcdenglands beste Sommerg\u00e4rten - Urlaub &amp; Reisen\",\"isPartOf\":{\"@id\":\"https:\/\/www.urlaubcornwall.de\/blog\/#website\"},\"datePublished\":\"2018-09-18T14:07:13+00:00\",\"dateModified\":\"2019-08-05T15:38:18+00:00\",\"breadcrumb\":{\"@id\":\"https:\/\/www.urlaubcornwall.de\/blog\/suedenglands-beste-sommergaerten\/#breadcrumb\"},\"inLanguage\":\"en-US\",\"potentialAction\":[{\"@type\":\"ReadAction\",\"target\":[\"https:\/\/www.urlaubcornwall.de\/blog\/suedenglands-beste-sommergaerten\/\"]}]},{\"@type\":\"BreadcrumbList\",\"@id\":\"https:\/\/www.urlaubcornwall.de\/blog\/suedenglands-beste-sommergaerten\/#breadcrumb\",\"itemListElement\":[{\"@type\":\"ListItem\",\"position\":1,\"name\":\"Home\",\"item\":\"https:\/\/www.urlaubcornwall.de\/blog\/\"},{\"@type\":\"ListItem\",\"position\":2,\"name\":\"S\u00fcdenglands beste Sommerg\u00e4rten\"}]}]}<\/script>\n<!-- \/ Yoast SEO plugin. -->","yoast_head_json":{"title":"S\u00fcdenglands beste Sommerg\u00e4rten - Urlaub &amp; Reisen","robots":{"index":"index","follow":"follow","max-snippet":"max-snippet:-1","max-image-preview":"max-image-preview:large","max-video-preview":"max-video-preview:-1"},"canonical":"https:\/\/www.urlaubcornwall.de\/blog\/suedenglands-beste-sommergaerten\/","og_locale":"en_US","og_type":"article","og_title":"S\u00fcdenglands beste Sommerg\u00e4rten - Urlaub &amp; Reisen","og_description":"W\u00e4hrend der Sommermonate sind viele G\u00e4rten voller Farben aufgrund der Rosen, Hortensien und Blumenbeeten voller Herbststauden, die dann am besten sind&#8230;.. Tresco Abteigarten, Isles of Scilly, ist ein subtropisches Paradies 45km vor der K\u00fcste Cornwalls auf der Insel Tresco. Der wundersch\u00f6ne Garten wurde im 19. Jahrhundert um die Ruinen einer Benediktinerabtei erbaut und beherbergt viele [&hellip;]","og_url":"https:\/\/www.urlaubcornwall.de\/blog\/suedenglands-beste-sommergaerten\/","og_site_name":"Urlaub &amp; Reisen","article_modified_time":"2019-08-05T15:38:18+00:00","og_image":[{"url":"https:\/\/www.urlaubcornwall.de\/blog\/wp-content\/uploads\/2018\/09\/S\u00fcdenglands-beste-Sommerg\u00e4rten-Tresco-Abbey-Garten.jpg"}],"twitter_card":"summary","twitter_misc":{"Est. reading time":"2 minutes"},"schema":{"@context":"https:\/\/schema.org","@graph":[{"@type":"WebSite","@id":"https:\/\/www.urlaubcornwall.de\/blog\/#website","url":"https:\/\/www.urlaubcornwall.de\/blog\/","name":"Urlaub &amp; Reisen","description":"Urlaub, Reisen, Cornwall und S\u00fcdengland: eine perfekte Kombination","potentialAction":[{"@type":"SearchAction","target":{"@type":"EntryPoint","urlTemplate":"https:\/\/www.urlaubcornwall.de\/blog\/?s={search_term_string}"},"query-input":"required name=search_term_string"}],"inLanguage":"en-US"},{"@type":"WebPage","@id":"https:\/\/www.urlaubcornwall.de\/blog\/suedenglands-beste-sommergaerten\/","url":"https:\/\/www.urlaubcornwall.de\/blog\/suedenglands-beste-sommergaerten\/","name":"S\u00fcdenglands beste Sommerg\u00e4rten - Urlaub &amp; Reisen","isPartOf":{"@id":"https:\/\/www.urlaubcornwall.de\/blog\/#website"},"datePublished":"2018-09-18T14:07:13+00:00","dateModified":"2019-08-05T15:38:18+00:00","breadcrumb":{"@id":"https:\/\/www.urlaubcornwall.de\/blog\/suedenglands-beste-sommergaerten\/#breadcrumb"},"inLanguage":"en-US","potentialAction":[{"@type":"ReadAction","target":["https:\/\/www.urlaubcornwall.de\/blog\/suedenglands-beste-sommergaerten\/"]}]},{"@type":"BreadcrumbList","@id":"https:\/\/www.urlaubcornwall.de\/blog\/suedenglands-beste-sommergaerten\/#breadcrumb","itemListElement":[{"@type":"ListItem","position":1,"name":"Home","item":"https:\/\/www.urlaubcornwall.de\/blog\/"},{"@type":"ListItem","position":2,"name":"S\u00fcdenglands beste Sommerg\u00e4rten"}]}]}},"_links":{"self":[{"href":"https:\/\/www.urlaubcornwall.de\/blog\/wp-json\/wp\/v2\/pages\/34365"}],"collection":[{"href":"https:\/\/www.urlaubcornwall.de\/blog\/wp-json\/wp\/v2\/pages"}],"about":[{"href":"https:\/\/www.urlaubcornwall.de\/blog\/wp-json\/wp\/v2\/types\/page"}],"author":[{"embeddable":true,"href":"https:\/\/www.urlaubcornwall.de\/blog\/wp-json\/wp\/v2\/users\/1"}],"replies":[{"embeddable":true,"href":"https:\/\/www.urlaubcornwall.de\/blog\/wp-json\/wp\/v2\/comments?post=34365"}],"version-history":[{"count":4,"href":"https:\/\/www.urlaubcornwall.de\/blog\/wp-json\/wp\/v2\/pages\/34365\/revisions"}],"predecessor-version":[{"id":38624,"href":"https:\/\/www.urlaubcornwall.de\/blog\/wp-json\/wp\/v2\/pages\/34365\/revisions\/38624"}],"wp:attachment":[{"href":"https:\/\/www.urlaubcornwall.de\/blog\/wp-json\/wp\/v2\/media?parent=34365"}],"curies":[{"name":"wp","href":"https:\/\/api.w.org\/{rel}","templated":true}]}}