{"id":34363,"date":"2018-09-18T14:17:48","date_gmt":"2018-09-18T14:17:48","guid":{"rendered":"https:\/\/www.urlaubcornwall.de\/blog\/?page_id=34363"},"modified":"2019-08-05T15:37:42","modified_gmt":"2019-08-05T15:37:42","slug":"englands-beste-gaerten-die-es-im-fruehling-zu-besuchen-gilt","status":"publish","type":"page","link":"https:\/\/www.urlaubcornwall.de\/blog\/englands-beste-gaerten-die-es-im-fruehling-zu-besuchen-gilt\/","title":{"rendered":"Englands beste G\u00e4rten, die es im Fr\u00fchling zu besuchen gilt"},"content":{"rendered":"<div id=\"attachment_34374\" style=\"width: 759px\" class=\"wp-caption alignnone\"><a href=\"https:\/\/www.urlaubcornwall.de\/blog\/wp-content\/uploads\/2018\/09\/Englands-beste-G\u00e4rten-die-es-im-Fr\u00fchling-Trelissick-Cornwall.jpg\"><img aria-describedby=\"caption-attachment-34374\" loading=\"lazy\" class=\"size-full wp-image-34374\" src=\"https:\/\/www.urlaubcornwall.de\/blog\/wp-content\/uploads\/2018\/09\/Englands-beste-G\u00e4rten-die-es-im-Fr\u00fchling-Trelissick-Cornwall.jpg\" alt=\"Englands beste G\u00e4rten, die es im Fr\u00fchling Trelissick Cornwall\" width=\"749\" height=\"560\" srcset=\"https:\/\/www.urlaubcornwall.de\/blog\/wp-content\/uploads\/2018\/09\/Englands-beste-G\u00e4rten-die-es-im-Fr\u00fchling-Trelissick-Cornwall.jpg 747w, https:\/\/www.urlaubcornwall.de\/blog\/wp-content\/uploads\/2018\/09\/Englands-beste-G\u00e4rten-die-es-im-Fr\u00fchling-Trelissick-Cornwall-300x225.jpg 300w\" sizes=\"(max-width: 749px) 100vw, 749px\" \/><\/a><p id=\"caption-attachment-34374\" class=\"wp-caption-text\">Trelissick Haus und Garten, Cornwall<\/p><\/div>\n<p>Bei Fr\u00fchlingsanbruch bersten die G\u00e4rten mit Farben und neuem Leben. Hier finden Sie eine Auswahl, die Sie besuchen k\u00f6nnen, um die neue Jahreszeit zu feiern.<\/p>\n<p><strong>Trelissick bei Truro<\/strong>, <a href=\"https:\/\/www.urlaubcornwall.de\/reiseziel\/cornwall.php\">Cornwall<\/a>, hat mehr als 16 ha Waldgebiet, formelle Rasenfl\u00e4chen und gemischte Staudenrabatten, sowie wundervollen Blick auf den Fluss Fal. Der Garten ist im Fr\u00fchling am besten, wenn die herrliche Sammlung an Kamelien bl\u00fcht. Es gibt auch bl\u00fchende Kirschb\u00e4ume, Rhododendren und Magnolien, sowie eine wundervolle Sammlung an Fr\u00fchlingsblumen. <a href=\"http:\/\/www.nationaltrust.org.uk\/trelissick\">www.nationaltrust.org.uk\/trelissick<\/a><\/p>\n<p><strong>Bowood Haus &amp; G\u00e4rten<\/strong>, Calne, Wiltshire, ist ein wundersch\u00f6nes Grundst\u00fcck, das mehr als 250 Jahre lang das Zuhause der Familie Lansdowne war. Bowood Haus befindet sich in einem herrlichen Landschaftsgarten, der von Capability Brown geschaffen wurde. Im Fr\u00fchling gibt es eine herrliche Schau an Tulpen und Narzissen, sowie wundervoll duftende Glyzinien, die im Mai am besten sind. Die bekannten Rhododendren-Spazierg\u00e4nge, sowie gef\u00fchrte Touren durch Lord und Lady Landsdownes private Mauerg\u00e4rten werden an ausgew\u00e4hlten Tagen im April und Mai angeboten. <a href=\"http:\/\/www.bowood.org\">www.bowood.org<\/a><\/p>\n<p><strong>Penrhyn Schlossgarten<\/strong>, Bangor, <a href=\"https:\/\/www.urlaubcornwall.de\/reiseziel\/wales.php\">Wales<\/a>, ist ein wundervoller Garten, den es im Fr\u00fchling zu besuchen gilt. Das Schloss aus dem 19. Jahrhundert befindet sich innerhalb von 24ha Garten und Park. W\u00e4hrend der Fr\u00fchlingsmonate finden Sie im viktorianischen Mauergarten herrliche Rhododendren, Kamelien und eine mit Fuchsien bedeckte Pergola. Es gibt auch einen Sumpfgarten mit riesigen Ahornb\u00e4umen, Baumfarnen und Gunnera. <a href=\"http:\/\/www.nationaltrust.org\/penrhyn-castle\">www.nationaltrust.org\/penrhyn-castle<\/a><\/p>\n<p><strong>Pashley Manor Gardens<\/strong> bei Wadhurst, <a href=\"https:\/\/www.urlaubcornwall.de\/reiseziel\/sussex.php\">East Sussex<\/a>, hat im sp\u00e4ten April \/ fr\u00fchen Mai ein spektakul\u00e4res Tulpenfestival. Der Garten ist bedeckt mit mehr als 40000 herrlichen Tulpen. Einhundertundzw\u00f6lf Tulpenvariationen sind in farblich thematischen \u2018Gartenbezirken\u2018 gepflanzt. Folgen Sie den sich dahin windenden Pfaden hinunter durch das Waldgebiet zum Sternhyazinthenweg, der oft zur selben Zeit wie die Tulpen in Bl\u00fcte steht. Mit seinen Narzissen und bl\u00fchenden Obstb\u00e4umen ist der Pashley Manor Garten im Fr\u00fchling entz\u00fcckend. <a href=\"http:\/\/www.pashleymanorgardens.com\">www.pashleymanorgardens.com<\/a><\/p>\n<p><strong>Trewidden Garden<\/strong>, Penzance, ist ein wundersch\u00f6ner Garten von mehr als 6ha im <a href=\"https:\/\/www.urlaubcornwall.de\/reiseziel\/cornwall.php\">Westen Cornwalls<\/a>. Er ist das ganze Jahr \u00fcber voller Farben, doch besonders herrlich w\u00e4hrend der Fr\u00fchlingsmonate, wenn die Rhododendren, Kamelien und Magnolien in voller Bl\u00fcte stehen. <a href=\"http:\/\/www.trewiddengarden.co.uk\">www.trewiddengarden.co.uk<\/a><\/p>\n","protected":false},"excerpt":{"rendered":"<p>Bei Fr\u00fchlingsanbruch bersten die G\u00e4rten mit Farben und neuem Leben. Hier finden Sie eine Auswahl, die Sie besuchen k\u00f6nnen, um die neue Jahreszeit zu feiern. Trelissick bei Truro, Cornwall, hat mehr als 16 ha Waldgebiet, formelle Rasenfl\u00e4chen und gemischte Staudenrabatten, sowie wundervollen Blick auf den Fluss Fal. Der Garten ist im Fr\u00fchling am besten, wenn [&hellip;]<\/p>\n","protected":false},"author":1,"featured_media":0,"parent":0,"menu_order":0,"comment_status":"closed","ping_status":"closed","template":"single-four.php","meta":[],"acf":[],"yoast_head":"<!-- This site is optimized with the Yoast SEO plugin v19.4 - https:\/\/yoast.com\/wordpress\/plugins\/seo\/ -->\n<title>Englands beste G\u00e4rten, die es im Fr\u00fchling zu besuchen gilt - Urlaub &amp; Reisen<\/title>\n<meta name=\"robots\" content=\"index, follow, max-snippet:-1, max-image-preview:large, max-video-preview:-1\" \/>\n<link rel=\"canonical\" href=\"https:\/\/www.urlaubcornwall.de\/blog\/englands-beste-gaerten-die-es-im-fruehling-zu-besuchen-gilt\/\" \/>\n<meta property=\"og:locale\" content=\"en_US\" \/>\n<meta property=\"og:type\" content=\"article\" \/>\n<meta property=\"og:title\" content=\"Englands beste G\u00e4rten, die es im Fr\u00fchling zu besuchen gilt - Urlaub &amp; Reisen\" \/>\n<meta property=\"og:description\" content=\"Bei Fr\u00fchlingsanbruch bersten die G\u00e4rten mit Farben und neuem Leben. Hier finden Sie eine Auswahl, die Sie besuchen k\u00f6nnen, um die neue Jahreszeit zu feiern. Trelissick bei Truro, Cornwall, hat mehr als 16 ha Waldgebiet, formelle Rasenfl\u00e4chen und gemischte Staudenrabatten, sowie wundervollen Blick auf den Fluss Fal. Der Garten ist im Fr\u00fchling am besten, wenn [&hellip;]\" \/>\n<meta property=\"og:url\" content=\"https:\/\/www.urlaubcornwall.de\/blog\/englands-beste-gaerten-die-es-im-fruehling-zu-besuchen-gilt\/\" \/>\n<meta property=\"og:site_name\" content=\"Urlaub &amp; Reisen\" \/>\n<meta property=\"article:modified_time\" content=\"2019-08-05T15:37:42+00:00\" \/>\n<meta property=\"og:image\" content=\"https:\/\/www.urlaubcornwall.de\/blog\/wp-content\/uploads\/2018\/09\/Englands-beste-G\u00e4rten-die-es-im-Fr\u00fchling-Trelissick-Cornwall.jpg\" \/>\n<meta name=\"twitter:card\" content=\"summary\" \/>\n<meta name=\"twitter:label1\" content=\"Est. reading time\" \/>\n\t<meta name=\"twitter:data1\" content=\"2 minutes\" \/>\n<script type=\"application\/ld+json\" class=\"yoast-schema-graph\">{\"@context\":\"https:\/\/schema.org\",\"@graph\":[{\"@type\":\"WebSite\",\"@id\":\"https:\/\/www.urlaubcornwall.de\/blog\/#website\",\"url\":\"https:\/\/www.urlaubcornwall.de\/blog\/\",\"name\":\"Urlaub &amp; Reisen\",\"description\":\"Urlaub, Reisen, Cornwall und S\u00fcdengland: eine perfekte Kombination\",\"potentialAction\":[{\"@type\":\"SearchAction\",\"target\":{\"@type\":\"EntryPoint\",\"urlTemplate\":\"https:\/\/www.urlaubcornwall.de\/blog\/?s={search_term_string}\"},\"query-input\":\"required name=search_term_string\"}],\"inLanguage\":\"en-US\"},{\"@type\":\"WebPage\",\"@id\":\"https:\/\/www.urlaubcornwall.de\/blog\/englands-beste-gaerten-die-es-im-fruehling-zu-besuchen-gilt\/\",\"url\":\"https:\/\/www.urlaubcornwall.de\/blog\/englands-beste-gaerten-die-es-im-fruehling-zu-besuchen-gilt\/\",\"name\":\"Englands beste G\u00e4rten, die es im Fr\u00fchling zu besuchen gilt - Urlaub &amp; Reisen\",\"isPartOf\":{\"@id\":\"https:\/\/www.urlaubcornwall.de\/blog\/#website\"},\"datePublished\":\"2018-09-18T14:17:48+00:00\",\"dateModified\":\"2019-08-05T15:37:42+00:00\",\"breadcrumb\":{\"@id\":\"https:\/\/www.urlaubcornwall.de\/blog\/englands-beste-gaerten-die-es-im-fruehling-zu-besuchen-gilt\/#breadcrumb\"},\"inLanguage\":\"en-US\",\"potentialAction\":[{\"@type\":\"ReadAction\",\"target\":[\"https:\/\/www.urlaubcornwall.de\/blog\/englands-beste-gaerten-die-es-im-fruehling-zu-besuchen-gilt\/\"]}]},{\"@type\":\"BreadcrumbList\",\"@id\":\"https:\/\/www.urlaubcornwall.de\/blog\/englands-beste-gaerten-die-es-im-fruehling-zu-besuchen-gilt\/#breadcrumb\",\"itemListElement\":[{\"@type\":\"ListItem\",\"position\":1,\"name\":\"Home\",\"item\":\"https:\/\/www.urlaubcornwall.de\/blog\/\"},{\"@type\":\"ListItem\",\"position\":2,\"name\":\"Englands beste G\u00e4rten, die es im Fr\u00fchling zu besuchen gilt\"}]}]}<\/script>\n<!-- \/ Yoast SEO plugin. -->","yoast_head_json":{"title":"Englands beste G\u00e4rten, die es im Fr\u00fchling zu besuchen gilt - Urlaub &amp; Reisen","robots":{"index":"index","follow":"follow","max-snippet":"max-snippet:-1","max-image-preview":"max-image-preview:large","max-video-preview":"max-video-preview:-1"},"canonical":"https:\/\/www.urlaubcornwall.de\/blog\/englands-beste-gaerten-die-es-im-fruehling-zu-besuchen-gilt\/","og_locale":"en_US","og_type":"article","og_title":"Englands beste G\u00e4rten, die es im Fr\u00fchling zu besuchen gilt - Urlaub &amp; Reisen","og_description":"Bei Fr\u00fchlingsanbruch bersten die G\u00e4rten mit Farben und neuem Leben. Hier finden Sie eine Auswahl, die Sie besuchen k\u00f6nnen, um die neue Jahreszeit zu feiern. Trelissick bei Truro, Cornwall, hat mehr als 16 ha Waldgebiet, formelle Rasenfl\u00e4chen und gemischte Staudenrabatten, sowie wundervollen Blick auf den Fluss Fal. Der Garten ist im Fr\u00fchling am besten, wenn [&hellip;]","og_url":"https:\/\/www.urlaubcornwall.de\/blog\/englands-beste-gaerten-die-es-im-fruehling-zu-besuchen-gilt\/","og_site_name":"Urlaub &amp; Reisen","article_modified_time":"2019-08-05T15:37:42+00:00","og_image":[{"url":"https:\/\/www.urlaubcornwall.de\/blog\/wp-content\/uploads\/2018\/09\/Englands-beste-G\u00e4rten-die-es-im-Fr\u00fchling-Trelissick-Cornwall.jpg"}],"twitter_card":"summary","twitter_misc":{"Est. reading time":"2 minutes"},"schema":{"@context":"https:\/\/schema.org","@graph":[{"@type":"WebSite","@id":"https:\/\/www.urlaubcornwall.de\/blog\/#website","url":"https:\/\/www.urlaubcornwall.de\/blog\/","name":"Urlaub &amp; Reisen","description":"Urlaub, Reisen, Cornwall und S\u00fcdengland: eine perfekte Kombination","potentialAction":[{"@type":"SearchAction","target":{"@type":"EntryPoint","urlTemplate":"https:\/\/www.urlaubcornwall.de\/blog\/?s={search_term_string}"},"query-input":"required name=search_term_string"}],"inLanguage":"en-US"},{"@type":"WebPage","@id":"https:\/\/www.urlaubcornwall.de\/blog\/englands-beste-gaerten-die-es-im-fruehling-zu-besuchen-gilt\/","url":"https:\/\/www.urlaubcornwall.de\/blog\/englands-beste-gaerten-die-es-im-fruehling-zu-besuchen-gilt\/","name":"Englands beste G\u00e4rten, die es im Fr\u00fchling zu besuchen gilt - Urlaub &amp; Reisen","isPartOf":{"@id":"https:\/\/www.urlaubcornwall.de\/blog\/#website"},"datePublished":"2018-09-18T14:17:48+00:00","dateModified":"2019-08-05T15:37:42+00:00","breadcrumb":{"@id":"https:\/\/www.urlaubcornwall.de\/blog\/englands-beste-gaerten-die-es-im-fruehling-zu-besuchen-gilt\/#breadcrumb"},"inLanguage":"en-US","potentialAction":[{"@type":"ReadAction","target":["https:\/\/www.urlaubcornwall.de\/blog\/englands-beste-gaerten-die-es-im-fruehling-zu-besuchen-gilt\/"]}]},{"@type":"BreadcrumbList","@id":"https:\/\/www.urlaubcornwall.de\/blog\/englands-beste-gaerten-die-es-im-fruehling-zu-besuchen-gilt\/#breadcrumb","itemListElement":[{"@type":"ListItem","position":1,"name":"Home","item":"https:\/\/www.urlaubcornwall.de\/blog\/"},{"@type":"ListItem","position":2,"name":"Englands beste G\u00e4rten, die es im Fr\u00fchling zu besuchen gilt"}]}]}},"_links":{"self":[{"href":"https:\/\/www.urlaubcornwall.de\/blog\/wp-json\/wp\/v2\/pages\/34363"}],"collection":[{"href":"https:\/\/www.urlaubcornwall.de\/blog\/wp-json\/wp\/v2\/pages"}],"about":[{"href":"https:\/\/www.urlaubcornwall.de\/blog\/wp-json\/wp\/v2\/types\/page"}],"author":[{"embeddable":true,"href":"https:\/\/www.urlaubcornwall.de\/blog\/wp-json\/wp\/v2\/users\/1"}],"replies":[{"embeddable":true,"href":"https:\/\/www.urlaubcornwall.de\/blog\/wp-json\/wp\/v2\/comments?post=34363"}],"version-history":[{"count":3,"href":"https:\/\/www.urlaubcornwall.de\/blog\/wp-json\/wp\/v2\/pages\/34363\/revisions"}],"predecessor-version":[{"id":38623,"href":"https:\/\/www.urlaubcornwall.de\/blog\/wp-json\/wp\/v2\/pages\/34363\/revisions\/38623"}],"wp:attachment":[{"href":"https:\/\/www.urlaubcornwall.de\/blog\/wp-json\/wp\/v2\/media?parent=34363"}],"curies":[{"name":"wp","href":"https:\/\/api.w.org\/{rel}","templated":true}]}}