{"id":34354,"date":"2018-09-18T14:31:52","date_gmt":"2018-09-18T14:31:52","guid":{"rendered":"https:\/\/www.urlaubcornwall.de\/blog\/?page_id=34354"},"modified":"2019-01-11T12:47:33","modified_gmt":"2019-01-11T12:47:33","slug":"ein-garten-fuer-jede-jahreszeit-suedenglands-herrlichste-gaerten-die-sie-das-ganze-jahr-ueber-besuchen-koennen","status":"publish","type":"page","link":"https:\/\/www.urlaubcornwall.de\/blog\/ein-garten-fuer-jede-jahreszeit-suedenglands-herrlichste-gaerten-die-sie-das-ganze-jahr-ueber-besuchen-koennen\/","title":{"rendered":"Ein Garten f\u00fcr jede Jahreszeit \u2013 S\u00fcdenglands herrlichste G\u00e4rten, die Sie das ganze Jahr \u00fcber besuchen k\u00f6nnen"},"content":{"rendered":"<div id=\"attachment_34026\" style=\"width: 757px\" class=\"wp-caption alignnone\"><a href=\"https:\/\/www.urlaubcornwall.de\/blog\/wp-content\/uploads\/2018\/07\/mottisfont-abbey-garten-rose.jpg\"><img aria-describedby=\"caption-attachment-34026\" loading=\"lazy\" class=\"wp-image-34026 size-full\" src=\"https:\/\/www.urlaubcornwall.de\/blog\/wp-content\/uploads\/2018\/07\/mottisfont-abbey-garten-rose.jpg\" alt=\"S\u00fcdenglands herrlichste G\u00e4rten - Mottisfont Abbey\" width=\"747\" height=\"395\" srcset=\"https:\/\/www.urlaubcornwall.de\/blog\/wp-content\/uploads\/2018\/07\/mottisfont-abbey-garten-rose.jpg 747w, https:\/\/www.urlaubcornwall.de\/blog\/wp-content\/uploads\/2018\/07\/mottisfont-abbey-garten-rose-300x159.jpg 300w\" sizes=\"(max-width: 747px) 100vw, 747px\" \/><\/a><p id=\"caption-attachment-34026\" class=\"wp-caption-text\">S\u00fcdenglands herrlichste G\u00e4rten &#8211; Mottisfont Abbey<\/p><\/div>\n<p>Es gibt <a href=\"https:\/\/www.urlaubcornwall.de\/gartenreise.php\">G\u00e4rten in England<\/a>, die Sie das ganze Jahr \u00fcber besuchen k\u00f6nnen. W\u00e4hrend viele w\u00e4hrend der Sommermonate am besten sind, gibt es eine Menge, die im Fr\u00fchling, Herbst und Winter am wundersch\u00f6nsten sind. Wir haben in unserem Angebot individuelle Gartenreisen f\u00fcr Paare oder Gruppen, und hier ist eine Auswahl unserer Favoriten, die Sie besuchen k\u00f6nnen, wann immer Sie im Urlaub sind.<\/p>\n<p><a href=\"https:\/\/www.urlaubcornwall.de\/blog\/englands-beste-gaerten-die-es-im-fruehling-zu-besuchen-gilt\/\"><strong>Englands beste G\u00e4rten, die es im Fr\u00fchling<\/strong><\/a> zu besuchen gilt &#8211; Bei Fr\u00fchlingsanbruch bersten die G\u00e4rten mit Farben und neuem Leben. Hier finden Sie eine Auswahl, die Sie besuchen k\u00f6nnen, um die neue Jahreszeit zu feiern&#8230;&#8230; <a href=\"https:\/\/www.urlaubcornwall.de\/blog\/englands-beste-gaerten-die-es-im-fruehling-zu-besuchen-gilt\/\">[ Mehr ]<\/a><\/p>\n<p><a href=\"https:\/\/www.urlaubcornwall.de\/blog\/suedenglands-beste-sommergaerten\/\"><strong>S\u00fcdenglands beste Sommerg\u00e4rten<\/strong><\/a> &#8211; W\u00e4hrend der Sommermonate sind viele G\u00e4rten voller Farben aufgrund der Rosen, Hortensien und Blumenbeeten voller Herbststauden&#8230;&#8230; <a href=\"https:\/\/www.urlaubcornwall.de\/blog\/suedenglands-beste-sommergaerten\/\">[ Mehr ]<\/a><\/p>\n<p><a href=\"https:\/\/www.urlaubcornwall.de\/blog\/die-besten-herbstgaerten-in-suedengland\/\"><strong>Die besten Herbstg\u00e4rten in S\u00fcdengland<\/strong><\/a> &#8211; Die Herbstfarben sind in den G\u00e4rten des gesamten UK wundervoll, und am besten von ungef\u00e4hr Mitte Oktober bis Mitte November&#8230;&#8230; <a href=\"https:\/\/www.urlaubcornwall.de\/blog\/die-besten-herbstgaerten-in-suedengland\/\">[ Mehr ]<\/a><\/p>\n<p><a href=\"https:\/\/www.urlaubcornwall.de\/blog\/die-besten-wintergaerten-in-england\/\"><strong>Die besten Winterg\u00e4rten in England<\/strong><\/a> &#8211; Vielleicht denken Sie ja, dass G\u00e4rten w\u00e4hrend des Winters im Tiefschlaf sind. Doch diese Auswahl an Winterg\u00e4rten ist interessant und voller Farben&#8230;&#8230; [<a href=\"https:\/\/www.urlaubcornwall.de\/blog\/die-besten-wintergaerten-in-england\/\"> Mehr ]<\/a><\/p>\n<p style=\"text-align: center;\"><a class=\"tidycta\" href=\"https:\/\/www.urlaubcornwall.de\/gartenreise.php\">Gartenreisen in England<\/a><\/p>\n","protected":false},"excerpt":{"rendered":"<p>Es gibt G\u00e4rten in England, die Sie das ganze Jahr \u00fcber besuchen k\u00f6nnen. W\u00e4hrend viele w\u00e4hrend der Sommermonate am besten sind, gibt es eine Menge, die im Fr\u00fchling, Herbst und Winter am wundersch\u00f6nsten sind. Wir haben in unserem Angebot individuelle Gartenreisen f\u00fcr Paare oder Gruppen, und hier ist eine Auswahl unserer Favoriten, die Sie besuchen [&hellip;]<\/p>\n","protected":false},"author":1,"featured_media":0,"parent":0,"menu_order":0,"comment_status":"closed","ping_status":"closed","template":"single-four.php","meta":[],"acf":[],"yoast_head":"<!-- This site is optimized with the Yoast SEO plugin v19.4 - https:\/\/yoast.com\/wordpress\/plugins\/seo\/ -->\n<title>Ein Garten f\u00fcr jede Jahreszeit \u2013 S\u00fcdenglands herrlichste G\u00e4rten, die Sie das ganze Jahr \u00fcber besuchen k\u00f6nnen - Urlaub &amp; Reisen<\/title>\n<meta name=\"robots\" content=\"index, follow, max-snippet:-1, max-image-preview:large, max-video-preview:-1\" \/>\n<link rel=\"canonical\" href=\"https:\/\/www.urlaubcornwall.de\/blog\/ein-garten-fuer-jede-jahreszeit-suedenglands-herrlichste-gaerten-die-sie-das-ganze-jahr-ueber-besuchen-koennen\/\" \/>\n<meta property=\"og:locale\" content=\"en_US\" \/>\n<meta property=\"og:type\" content=\"article\" \/>\n<meta property=\"og:title\" content=\"Ein Garten f\u00fcr jede Jahreszeit \u2013 S\u00fcdenglands herrlichste G\u00e4rten, die Sie das ganze Jahr \u00fcber besuchen k\u00f6nnen - Urlaub &amp; Reisen\" \/>\n<meta property=\"og:description\" content=\"Es gibt G\u00e4rten in England, die Sie das ganze Jahr \u00fcber besuchen k\u00f6nnen. W\u00e4hrend viele w\u00e4hrend der Sommermonate am besten sind, gibt es eine Menge, die im Fr\u00fchling, Herbst und Winter am wundersch\u00f6nsten sind. Wir haben in unserem Angebot individuelle Gartenreisen f\u00fcr Paare oder Gruppen, und hier ist eine Auswahl unserer Favoriten, die Sie besuchen [&hellip;]\" \/>\n<meta property=\"og:url\" content=\"https:\/\/www.urlaubcornwall.de\/blog\/ein-garten-fuer-jede-jahreszeit-suedenglands-herrlichste-gaerten-die-sie-das-ganze-jahr-ueber-besuchen-koennen\/\" \/>\n<meta property=\"og:site_name\" content=\"Urlaub &amp; Reisen\" \/>\n<meta property=\"article:modified_time\" content=\"2019-01-11T12:47:33+00:00\" \/>\n<meta property=\"og:image\" content=\"https:\/\/www.urlaubcornwall.de\/blog\/wp-content\/uploads\/2018\/07\/mottisfont-abbey-garten-rose.jpg\" \/>\n<meta name=\"twitter:card\" content=\"summary\" \/>\n<meta name=\"twitter:label1\" content=\"Est. reading time\" \/>\n\t<meta name=\"twitter:data1\" content=\"1 minute\" \/>\n<script type=\"application\/ld+json\" class=\"yoast-schema-graph\">{\"@context\":\"https:\/\/schema.org\",\"@graph\":[{\"@type\":\"WebSite\",\"@id\":\"https:\/\/www.urlaubcornwall.de\/blog\/#website\",\"url\":\"https:\/\/www.urlaubcornwall.de\/blog\/\",\"name\":\"Urlaub &amp; Reisen\",\"description\":\"Urlaub, Reisen, Cornwall und S\u00fcdengland: eine perfekte Kombination\",\"potentialAction\":[{\"@type\":\"SearchAction\",\"target\":{\"@type\":\"EntryPoint\",\"urlTemplate\":\"https:\/\/www.urlaubcornwall.de\/blog\/?s={search_term_string}\"},\"query-input\":\"required name=search_term_string\"}],\"inLanguage\":\"en-US\"},{\"@type\":\"WebPage\",\"@id\":\"https:\/\/www.urlaubcornwall.de\/blog\/ein-garten-fuer-jede-jahreszeit-suedenglands-herrlichste-gaerten-die-sie-das-ganze-jahr-ueber-besuchen-koennen\/\",\"url\":\"https:\/\/www.urlaubcornwall.de\/blog\/ein-garten-fuer-jede-jahreszeit-suedenglands-herrlichste-gaerten-die-sie-das-ganze-jahr-ueber-besuchen-koennen\/\",\"name\":\"Ein Garten f\u00fcr jede Jahreszeit \u2013 S\u00fcdenglands herrlichste G\u00e4rten, die Sie das ganze Jahr \u00fcber besuchen k\u00f6nnen - Urlaub &amp; Reisen\",\"isPartOf\":{\"@id\":\"https:\/\/www.urlaubcornwall.de\/blog\/#website\"},\"datePublished\":\"2018-09-18T14:31:52+00:00\",\"dateModified\":\"2019-01-11T12:47:33+00:00\",\"breadcrumb\":{\"@id\":\"https:\/\/www.urlaubcornwall.de\/blog\/ein-garten-fuer-jede-jahreszeit-suedenglands-herrlichste-gaerten-die-sie-das-ganze-jahr-ueber-besuchen-koennen\/#breadcrumb\"},\"inLanguage\":\"en-US\",\"potentialAction\":[{\"@type\":\"ReadAction\",\"target\":[\"https:\/\/www.urlaubcornwall.de\/blog\/ein-garten-fuer-jede-jahreszeit-suedenglands-herrlichste-gaerten-die-sie-das-ganze-jahr-ueber-besuchen-koennen\/\"]}]},{\"@type\":\"BreadcrumbList\",\"@id\":\"https:\/\/www.urlaubcornwall.de\/blog\/ein-garten-fuer-jede-jahreszeit-suedenglands-herrlichste-gaerten-die-sie-das-ganze-jahr-ueber-besuchen-koennen\/#breadcrumb\",\"itemListElement\":[{\"@type\":\"ListItem\",\"position\":1,\"name\":\"Home\",\"item\":\"https:\/\/www.urlaubcornwall.de\/blog\/\"},{\"@type\":\"ListItem\",\"position\":2,\"name\":\"Ein Garten f\u00fcr jede Jahreszeit \u2013 S\u00fcdenglands herrlichste G\u00e4rten, die Sie das ganze Jahr \u00fcber besuchen k\u00f6nnen\"}]}]}<\/script>\n<!-- \/ Yoast SEO plugin. -->","yoast_head_json":{"title":"Ein Garten f\u00fcr jede Jahreszeit \u2013 S\u00fcdenglands herrlichste G\u00e4rten, die Sie das ganze Jahr \u00fcber besuchen k\u00f6nnen - Urlaub &amp; Reisen","robots":{"index":"index","follow":"follow","max-snippet":"max-snippet:-1","max-image-preview":"max-image-preview:large","max-video-preview":"max-video-preview:-1"},"canonical":"https:\/\/www.urlaubcornwall.de\/blog\/ein-garten-fuer-jede-jahreszeit-suedenglands-herrlichste-gaerten-die-sie-das-ganze-jahr-ueber-besuchen-koennen\/","og_locale":"en_US","og_type":"article","og_title":"Ein Garten f\u00fcr jede Jahreszeit \u2013 S\u00fcdenglands herrlichste G\u00e4rten, die Sie das ganze Jahr \u00fcber besuchen k\u00f6nnen - Urlaub &amp; Reisen","og_description":"Es gibt G\u00e4rten in England, die Sie das ganze Jahr \u00fcber besuchen k\u00f6nnen. W\u00e4hrend viele w\u00e4hrend der Sommermonate am besten sind, gibt es eine Menge, die im Fr\u00fchling, Herbst und Winter am wundersch\u00f6nsten sind. Wir haben in unserem Angebot individuelle Gartenreisen f\u00fcr Paare oder Gruppen, und hier ist eine Auswahl unserer Favoriten, die Sie besuchen [&hellip;]","og_url":"https:\/\/www.urlaubcornwall.de\/blog\/ein-garten-fuer-jede-jahreszeit-suedenglands-herrlichste-gaerten-die-sie-das-ganze-jahr-ueber-besuchen-koennen\/","og_site_name":"Urlaub &amp; Reisen","article_modified_time":"2019-01-11T12:47:33+00:00","og_image":[{"url":"https:\/\/www.urlaubcornwall.de\/blog\/wp-content\/uploads\/2018\/07\/mottisfont-abbey-garten-rose.jpg"}],"twitter_card":"summary","twitter_misc":{"Est. reading time":"1 minute"},"schema":{"@context":"https:\/\/schema.org","@graph":[{"@type":"WebSite","@id":"https:\/\/www.urlaubcornwall.de\/blog\/#website","url":"https:\/\/www.urlaubcornwall.de\/blog\/","name":"Urlaub &amp; Reisen","description":"Urlaub, Reisen, Cornwall und S\u00fcdengland: eine perfekte Kombination","potentialAction":[{"@type":"SearchAction","target":{"@type":"EntryPoint","urlTemplate":"https:\/\/www.urlaubcornwall.de\/blog\/?s={search_term_string}"},"query-input":"required name=search_term_string"}],"inLanguage":"en-US"},{"@type":"WebPage","@id":"https:\/\/www.urlaubcornwall.de\/blog\/ein-garten-fuer-jede-jahreszeit-suedenglands-herrlichste-gaerten-die-sie-das-ganze-jahr-ueber-besuchen-koennen\/","url":"https:\/\/www.urlaubcornwall.de\/blog\/ein-garten-fuer-jede-jahreszeit-suedenglands-herrlichste-gaerten-die-sie-das-ganze-jahr-ueber-besuchen-koennen\/","name":"Ein Garten f\u00fcr jede Jahreszeit \u2013 S\u00fcdenglands herrlichste G\u00e4rten, die Sie das ganze Jahr \u00fcber besuchen k\u00f6nnen - Urlaub &amp; Reisen","isPartOf":{"@id":"https:\/\/www.urlaubcornwall.de\/blog\/#website"},"datePublished":"2018-09-18T14:31:52+00:00","dateModified":"2019-01-11T12:47:33+00:00","breadcrumb":{"@id":"https:\/\/www.urlaubcornwall.de\/blog\/ein-garten-fuer-jede-jahreszeit-suedenglands-herrlichste-gaerten-die-sie-das-ganze-jahr-ueber-besuchen-koennen\/#breadcrumb"},"inLanguage":"en-US","potentialAction":[{"@type":"ReadAction","target":["https:\/\/www.urlaubcornwall.de\/blog\/ein-garten-fuer-jede-jahreszeit-suedenglands-herrlichste-gaerten-die-sie-das-ganze-jahr-ueber-besuchen-koennen\/"]}]},{"@type":"BreadcrumbList","@id":"https:\/\/www.urlaubcornwall.de\/blog\/ein-garten-fuer-jede-jahreszeit-suedenglands-herrlichste-gaerten-die-sie-das-ganze-jahr-ueber-besuchen-koennen\/#breadcrumb","itemListElement":[{"@type":"ListItem","position":1,"name":"Home","item":"https:\/\/www.urlaubcornwall.de\/blog\/"},{"@type":"ListItem","position":2,"name":"Ein Garten f\u00fcr jede Jahreszeit \u2013 S\u00fcdenglands herrlichste G\u00e4rten, die Sie das ganze Jahr \u00fcber besuchen k\u00f6nnen"}]}]}},"_links":{"self":[{"href":"https:\/\/www.urlaubcornwall.de\/blog\/wp-json\/wp\/v2\/pages\/34354"}],"collection":[{"href":"https:\/\/www.urlaubcornwall.de\/blog\/wp-json\/wp\/v2\/pages"}],"about":[{"href":"https:\/\/www.urlaubcornwall.de\/blog\/wp-json\/wp\/v2\/types\/page"}],"author":[{"embeddable":true,"href":"https:\/\/www.urlaubcornwall.de\/blog\/wp-json\/wp\/v2\/users\/1"}],"replies":[{"embeddable":true,"href":"https:\/\/www.urlaubcornwall.de\/blog\/wp-json\/wp\/v2\/comments?post=34354"}],"version-history":[{"count":4,"href":"https:\/\/www.urlaubcornwall.de\/blog\/wp-json\/wp\/v2\/pages\/34354\/revisions"}],"predecessor-version":[{"id":35029,"href":"https:\/\/www.urlaubcornwall.de\/blog\/wp-json\/wp\/v2\/pages\/34354\/revisions\/35029"}],"wp:attachment":[{"href":"https:\/\/www.urlaubcornwall.de\/blog\/wp-json\/wp\/v2\/media?parent=34354"}],"curies":[{"name":"wp","href":"https:\/\/api.w.org\/{rel}","templated":true}]}}