{"id":34343,"date":"2018-09-17T11:38:42","date_gmt":"2018-09-17T11:38:42","guid":{"rendered":"https:\/\/www.urlaubcornwall.de\/blog\/?page_id=34343"},"modified":"2026-01-06T14:10:46","modified_gmt":"2026-01-06T14:10:46","slug":"cornwall-highlights-2019-unsere-beliebtesten-festivals-und-events","status":"publish","type":"page","link":"https:\/\/www.urlaubcornwall.de\/blog\/cornwall-highlights-2019-unsere-beliebtesten-festivals-und-events\/","title":{"rendered":"Cornwall Highlights \u2013  unsere beliebtesten Festivals und Events"},"content":{"rendered":"<div id=\"attachment_34344\" style=\"width: 759px\" class=\"wp-caption alignnone\"><a href=\"https:\/\/www.urlaubcornwall.de\/blog\/wp-content\/uploads\/2018\/09\/Falmouth-Week_2.jpg\"><img aria-describedby=\"caption-attachment-34344\" loading=\"lazy\" class=\"size-full wp-image-34344\" src=\"https:\/\/www.urlaubcornwall.de\/blog\/wp-content\/uploads\/2018\/09\/Falmouth-Week_2.jpg\" alt=\"Falmouth Woche Cornwall\" width=\"749\" height=\"541\"\/><\/a><p id=\"caption-attachment-34344\" class=\"wp-caption-text\"><strong>Falmouth Woche, 4.-13. August<\/strong><\/p><\/div>\n<p>Das ganze Jahr \u00fcber finden in Cornwall zahlreiche Festivals statt, die das Beste bieten an Musik, Speisen, Kunst und Unterhaltung. Hier finden Sie ein paar, die Sie w\u00e4hrend Ihres <a href=\"https:\/\/www.urlaubcornwall.de\/reiseziel\/cornwall.php\">Urlaubs in Cornwall<\/a> besuchen k\u00f6nnen.<\/p>\n<p><strong>M\u00c4RZ<\/strong> \u2013 Der 5. M\u00e4rz ist <a href=\"https:\/\/www.newquay.co.uk\/event\/st-pirans-day-celebrations\/2019-03-04\/\">St Piran\u2019s Day<\/a>, benannt nach dem Schutzheiligen von Cornwall. Feiern zur cornischen Kultur finden jedes Jahr in Newquay statt; Musik, Lieder und eine Parade durch die Stadt.<\/p>\n<p><strong>APRIL<\/strong> \u2013 Das <a href=\"http:\/\/www.endellionfestivals.org.uk\">St Endellion Osterfestival<\/a> findet vom 8.-16. April statt und vereint eine breite Vielfalt an Musikern aus der gesamten Welt mit Oper, Ch\u00f6ren, Orchestern, Kammermusik und Konzerten in der intimen Atmosph\u00e4re der Kirche von St Endellion. St Endellion liegt bei Port Isaac, ungef\u00e4hr 1,6km von der herrlichen <a href=\"https:\/\/www.urlaubcornwall.de\/ferienhaeuser-fewos\/nord-cornwall.html\">Nordk\u00fcste Cornwalls<\/a> entfernt. <\/p>\n<p><strong>APRIL<\/strong> \u2013Das <a href=\"http:\/\/www.porthlevenfoodfestival.com\">Porthleven Speisefestival<\/a> findet April 2023 statt &#8211; Genaue Daten m\u00fcssen best\u00e4tigt werden. Das Festival bringt ungef\u00e4hr 30 000 Menschen zusammen um den herrlichen Hafen von Porthleven herum mit nationalen und internationalen K\u00f6chen, die Kochdemonstrationen bieten, Essensst\u00e4nden, sowie Musik w\u00e4hrend des Tages und am Abend. Bei diesem 3 Tage langen Festival gibt es etwas f\u00fcr die gesamte Familie. <\/p>\n<div class=\"snippet\"> <a class=\"featured-item\" href=\"https:\/\/www.urlaubcornwall.de\/ferienhaeuser\/cornwall.php\"> <span class=\"image-holder\" style=\"background-image: url(' https:\/\/www.urlaubcornwall.de\/blog\/wp-content\/uploads\/2018\/12\/ferienhaus-cornwall-mit-hund.jpg ');\"><\/span> <span class=\"featured-content\"> \n<h2 class=\"featured-title\">Ferienh\u00e4user in Cornwall zum Verlieben!<\/h2>\n<p class=\"featured-body\">Cornwall besitzt mehr K\u00fcstenlinien als jede andere Grafschaft und bietet einige der besten Str\u00e4nde, K\u00fcstenwanderwege und Klippenlandschaften, die man \u00fcberhaupt finden kann&#8230;.<\/p><\/span> <span class=\"featured-link-holder\"> <span class=\"featured-extra-info\"> \n<p>F\u00fcr Paare, Familien &#038; Gruppen<\/p>\n<\/span> \n<p class=\"featured-link\">DETAILS<\/p>\n<\/span> <\/a><\/div>\n<p><strong>MAI<\/strong> \u2013Das <a href=\"http:\/\/www.stivesfoodanddrinkfestival.co.uk\">St Ives Speis- und Trankfestival<\/a> findet am Porthminster Beach, St Ives, statt 12.-14. September. Es gibt Kochdemonstrationen bekannter K\u00f6che, Essens- und Getr\u00e4nkebuden, Livemusikunterhaltung den ganzen Tag \u00fcber bis in den Abend, sowie ein Spielgebiet f\u00fcr Kinder. <\/p>\n<p><strong>MAI\/JUNI<\/strong> \u2013 Das <a href=\"http:\/\/www.falriver.co.uk\">Fal River Festival<\/a> ist ein fantastisches 10t\u00e4giges Festival mit mehr als 150 Veranstaltungen von Musik und Theater, den K\u00fcnsten und kulturellem Erbe bis hin zu Aktivit\u00e4ten im Freien wie Bootsrennen, Schwimmen und Wandern. Die Veranstaltungen finden allesamt entlang des Flusses Fal statt. <\/p>\n<p><strong>JUNI<\/strong> &#8211; Das <a href=\"http:\/\/www.falmouthseashanty.co.uk\">Internationale Sea Shanty Festival in Falmouth<\/a> findet vom 16.-18. Juni statt und ist eines der gr\u00f6\u00dften kostenfreien nautischen Musik- und Liederfestivals \u00fcberhaupt. Es werden dort 62 Gruppen aus dem gesamten UK sein, sowie aus der Bretagne, Holland und Irland, die ihre jeweils einzigartige Interpretation von Meeresliedern und Seemannsliedern an verschiedenen Stellen in Falmouth darbieten. Der Erl\u00f6s des Festivals kommt dem RNLI \u2013 Royal National Lifeboat Institution zugute.<\/p>\n<p><strong>JUNI<\/strong> \u2013 <a href=\"http:\/\/www.golowanfestival.org\">Golowan Festival<\/a> findet vom 16. -25. Juni in Penzance statt. Das Kernst\u00fcck dieser Mittsommerfeier ist Mazey Day mit seinen Paraden riesiger Skulpturen durch die Stra\u00dfen, Musik und Kunsthandwerks- und Speisest\u00e4nden in der gesamten Stadt. <\/p>\n<p><strong>JULI<\/strong> \u2013 Das <a href=\"http:\/\/www.rockoysterfestival.co.uk\">Rock Austernfestival<\/a> findet vom 27.-30. Juli statt und ist ein Wochenende voller fantastischer Speisen und ausgezeichneter Musik in herrlicher Lage mit Blick \u00fcber die Camel Flussm\u00fcndung. Es ist ein gro\u00dfartiges Familienfestival mit jeder Menge Unterhaltungsangeboten f\u00fcr Kinder. <\/p>\n<p><strong>JULI<\/strong> \u2013 Das <a href=\"http:\/\/www.porteliotfestival.com\">Port Eliot Festival<\/a> Kreativer Kunst auf dem historischen Grundst\u00fcck des Earl von St Germans auf der Rame Halbinsel statt. Mit Musik&amp; Poesie, Mode&amp; Lebensmitteln, Wissenschaft, Kunst, Film und Kom\u00f6die ist es ein Festival, das bei seiner Gestaltung an Familien denkt. <\/p>\n<p><strong>JULI<\/strong> \u2013 <a href=\"http:\/\/www.leopallooza.com\">Leopallooza ist ein bekanntes Musikfestival<\/a>, das in einem abgeschiedenen bewaldeten Tal bei <a href=\"https:\/\/www.urlaubcornwall.de\/ferienhaeuser-fewos\/bude.html\">Bude in Nordcornwall<\/a> stattfindet, im Juli &#8211; Genaue Daten m\u00fcssen best\u00e4tigt werden. Es feiert drei Tage lang auf einem familienfreundlichen Festplatz lediglich ein paar Meilen vom Meer entfernt das Beste, was es an neuen, aufstrebenden und etablierten Bands, K\u00fcnstlern und DJs gibt. <\/p>\n<div class=\"snippet\"> <a class=\"featured-item\" href=\" https:\/\/www.urlaubcornwall.de\/rundreisen\/cornwall-suedengland.php\"> <span class=\"image-holder\" style=\"background-image: url(' https:\/\/www.urlaubcornwall.de\/blog\/wp-content\/uploads\/2018\/11\/rundreise-cornwall.jpg ');\"><\/span> <span class=\"featured-content\"> \n<h2 class=\"featured-title\">Individuelle Rundreise in Cornwall &#038; S\u00fcdengland<\/h2>\n<p class=\"featured-body\"> Bei dieser Cornwall Rundreise entdecken Sie die H\u00f6hepunkte S\u00fcdenglands. Kultur, Geschichte, Landschaft und heutiges Leben werden Sie hierbei kennenlernen&#8230;<\/p>\n<\/span> <span class=\"featured-link-holder\"> <span class=\"featured-extra-info\"> \n<p>Urlaub im eigenen Schritttempo<\/p>\n<\/span> \n<p class=\"featured-link\">DETAILS<\/p>\n<\/span> <\/a><\/div>\n<p><strong>AUGUST<\/strong> \u2013 <a href=\"http:\/\/www.falmouthweek.co.uk\">Falmouth Woche, 4.-13. August <\/a>, ist eine der gr\u00f6\u00dften Segelregatten im S\u00fcdwesten Englands mit mehr als 400 Jachtrennen \u00fcber 8 Tage hinweg. In Falmouth gibt es jeden Abend Livemusik und den Tag \u00fcber jede Menge Aktivit\u00e4ten in der gesamten Stadt. <\/p>\n<p><strong>AUGUST<\/strong> &#8211; Zu Augustbeginn findet an der &nbsp;<a href=\"https:\/\/www.urlaubcornwall.de\/ferienhaeuser-fewos\/watergate-bay.html\">Watergate Bay<\/a> das <a href=\"http:\/\/www.boardmasters.com\" rel=\"nofollow\">Boardmasters Festival<\/a> statt. Die f\u00fcnf Tage lange Veranstaltung bildet Teil der Qualifikationsserie der World Surf League und ist das bekannteste Surfevent im UK. Abends gibt es Musik bekannter Musiker und Bands, sowie Partys, die weit in die Nacht hinein reichen.<\/p>\n<p><strong>SEPTEMBER<\/strong> \u2013In jedem September feiern die <a href=\"https:\/\/www.urlaubcornwall.de\/Scilly-Inseln.php\">Isles of Scilly<\/a> das Beste an <a href=\"http:\/\/www.visitislesofscilly.com\" rel=\"nofollow\">Inselspeisen und Getr\u00e4nken w\u00e4hrend eines Festivals<\/a>, das einen Monat lang dauert. Das Festival stellt hervorragende Meeresgerichte und weitere Produkte vor Ort zur Schau, die auf den f\u00fcnf bewohnten Inseln wachsen und produziert werden. <\/p>\n<p><strong>SEPTEMBER<\/strong> \u2013Das <a href=\"https:\/\/www.urlaubcornwall.de\/ferienhaeuser-fewos\/newquay.html\">Newquay<\/a> <a href=\"http:\/\/www.newquayfishfestival.co.uk\" rel=\"nofollow\">Fischfestival<\/a> findet zu Septemberbeginn statt, zeitgleich mit den Nipptiden \u2013 wenn der geringste Unterschied besteht zwischen Ebbe und Flut. Das Festival zieht \u00fcber 3 Tage mehr als 20 000 Besucher an mit Kochdemonstrationen, die f\u00fcr die Vielfalt an Fisch und Schalentieren werben, die es &nbsp;in Cornwall gibt. Neben Speisen gibt es ein volles Programm an Unterhaltung, einschlie\u00dflich Bands, Ch\u00f6re, S\u00e4nger, T\u00e4nzer und Piraten! <\/p>\n<p><strong>SEPTEMBER<\/strong> \u2013Das <a href=\"https:\/\/www.urlaubcornwall.de\/ferienhaeuser-fewos\/st-ives-umgebung.html\">St Ives<\/a> <a href=\"http:\/\/www.stivesseptemberfestival.co.uk\" rel=\"nofollow\">September Festival<\/a>. Es ist eine zweiw\u00f6chige Feier mit Livemusik und Kunst in St Ives; mit kostenfreien Kunstausstellungen, offenen Studios und gef\u00fchrten Touren um diese malerische K\u00fcstenstadt herum. <\/p>\n<p><strong>SEPTEMBER<\/strong> \u2013Das <a href=\"http:\/\/www.cornwallciderfestival.co.uk\" rel=\"nofollow\">Little Orchard Cider and Music Festival<\/a> findet im September an der Healey\u2019s Cyder Farm statt. Diese charmante cornische Party hat bekannte Livebands, geheime Apfelpunschspazierwege, Apfelpunschverkostung und jede Menge Familienaktivit\u00e4ten in der wundersch\u00f6nen l\u00e4ndlichen cornischen Landschaft.<\/p>\n<p><strong>OKTOBER<\/strong> \u2013 Das <a href=\"https:\/\/www.urlaubcornwall.de\/ferienhaeuser-fewos\/falmouth-umgebung.html\">Falmouth<\/a> Austernfestival feiert mit vier Tagen Festlichkeiten, Kochdemonstrationen, Livemusik, Lebensmittel- und Handwerksst\u00e4nden den Beginn der Austernernte, die heimische Fal Auster, sowie die Vielfalt an cornischen Meeresgerichten. The Festival findet in <a href=\"http:\/\/www.falmouthoysterfestival.co.uk\" rel=\"nofollow\">Falmouths Events Square<\/a> statt und beinhaltet die gro\u00dfartige Austernparade, sowie den Austernsch\u00e4lwettbewerb. <\/p>\n<p><strong>NOVEMBER <\/strong>\u2013 <a href=\"http:\/\/www.cityoflights.org.uk\" rel=\"nofollow\">Truro City of Lights<\/a> ist ein Mittwinterlaternenfestival mit Parade, das in Cornwalls einziger Gro\u00dfstadt stattfindet. Die Veranstaltung bietet eine glitzernde Prozession riesiger, von Hand hergestellter Papierlaternen, die durch die Stra\u00dfen schweben, getragen von cornischen Schulkindern und Jugendgruppen vor Ort. Jedes Jahr hat die Prozession, die von Musik und Tanz begleitet wird, ein anderes Thema. <\/p>\n<p><strong>DEZEMBER <\/strong>\u2013 <a href=\"http:\/\/www.padstowchristmasfestival.co.uk\" rel=\"nofollow\">Padstows Weihnachtsfestival<\/a> vereint K\u00f6che, Lebensmittelhersteller vor Ort, sowie Kunsthandwerker, um Weihnachten vor wundersch\u00f6nem Hintergrund am Meer zu feiern. Um den Hafen herum in Padstow gibt es Kochdemonstrationen von einigen der feinsten K\u00f6chen des UK, mehr als 100 Hersteller vor Ort, die eine breite Vielfalt an Geschenken und Produkten verkaufen, ein spektakul\u00e4res Feuerwerk, Livemusik, Weihnachtsliederkonzerte, sowie eine Laternenparade. <\/p>\n<div class=\"snippet\"> <a class=\"featured-item\" href=\" https:\/\/www.urlaubcornwall.de\/massgeschneiderte-gruppenreisen-und-touren.php \"> <span class=\"image-holder\" style=\"background-image: url(' https:\/\/www.urlaubcornwall.de\/blog\/wp-content\/uploads\/2024\/05\/gruppenreisen.jpg ');\"><\/span> <span class=\"featured-content\"> \n<h2 class=\"featured-title\"> Ma\u00dfgeschneiderte Gruppenreisen in Cornwall &#038; durch Gro\u00dfbritannien<\/h2>\n<p class=\"featured-body\">Als spezialisierte Tourismusorganisation kann UrlaubCornwall f\u00fcr Sie ma\u00dfgeschneiderte Busrundreisen, Gruppenf\u00fchrungen oder Veranstaltungen mit deutschsprachiger Reisebegleitung und fachkundigen einheimischen Reiseleitern nach Ihren spezifischen Anforderungen und Bed\u00fcrfnissen organisieren&#8230;<\/p>\n<\/span> <span class=\"featured-link-holder\"> <span class=\"featured-extra-info\"> \n<p> Auch interessante Themenreisen, Gartenreise, Literaturreise oder Chorreise\u2026<\/p>\n<\/span> \n<p class=\"featured-link\">DETAILS<\/p>\n<\/span> <\/a><\/div>\n","protected":false},"excerpt":{"rendered":"<p>Das ganze Jahr \u00fcber finden in Cornwall zahlreiche Festivals statt, die das Beste bieten an Musik, Speisen, Kunst und Unterhaltung. Hier finden Sie ein paar, die Sie w\u00e4hrend Ihres Urlaubs in Cornwall besuchen k\u00f6nnen. M\u00c4RZ \u2013 Der 5. M\u00e4rz ist St Piran\u2019s Day, benannt nach dem Schutzheiligen von Cornwall. Feiern zur cornischen Kultur finden jedes [&hellip;]<\/p>\n","protected":false},"author":1,"featured_media":0,"parent":0,"menu_order":0,"comment_status":"closed","ping_status":"closed","template":"single-four.php","meta":[],"acf":[],"yoast_head":"<!-- This site is optimized with the Yoast SEO plugin v19.4 - https:\/\/yoast.com\/wordpress\/plugins\/seo\/ -->\n<title>Cornwall Highlights \u2013 unsere beliebtesten Festivals und Events - Urlaub &amp; Reisen<\/title>\n<meta name=\"robots\" content=\"index, follow, max-snippet:-1, max-image-preview:large, max-video-preview:-1\" \/>\n<link rel=\"canonical\" href=\"https:\/\/www.urlaubcornwall.de\/blog\/cornwall-highlights-2019-unsere-beliebtesten-festivals-und-events\/\" \/>\n<meta property=\"og:locale\" content=\"en_US\" \/>\n<meta property=\"og:type\" content=\"article\" \/>\n<meta property=\"og:title\" content=\"Cornwall Highlights \u2013 unsere beliebtesten Festivals und Events - Urlaub &amp; Reisen\" \/>\n<meta property=\"og:description\" content=\"Das ganze Jahr \u00fcber finden in Cornwall zahlreiche Festivals statt, die das Beste bieten an Musik, Speisen, Kunst und Unterhaltung. Hier finden Sie ein paar, die Sie w\u00e4hrend Ihres Urlaubs in Cornwall besuchen k\u00f6nnen. M\u00c4RZ \u2013 Der 5. M\u00e4rz ist St Piran\u2019s Day, benannt nach dem Schutzheiligen von Cornwall. Feiern zur cornischen Kultur finden jedes [&hellip;]\" \/>\n<meta property=\"og:url\" content=\"https:\/\/www.urlaubcornwall.de\/blog\/cornwall-highlights-2019-unsere-beliebtesten-festivals-und-events\/\" \/>\n<meta property=\"og:site_name\" content=\"Urlaub &amp; Reisen\" \/>\n<meta property=\"article:modified_time\" content=\"2026-01-06T14:10:46+00:00\" \/>\n<meta property=\"og:image\" content=\"https:\/\/www.urlaubcornwall.de\/blog\/wp-content\/uploads\/2018\/09\/Falmouth-Week_2.jpg\" \/>\n<meta name=\"twitter:card\" content=\"summary\" \/>\n<meta name=\"twitter:label1\" content=\"Est. reading time\" \/>\n\t<meta name=\"twitter:data1\" content=\"5 minutes\" \/>\n<script type=\"application\/ld+json\" class=\"yoast-schema-graph\">{\"@context\":\"https:\/\/schema.org\",\"@graph\":[{\"@type\":\"WebSite\",\"@id\":\"https:\/\/www.urlaubcornwall.de\/blog\/#website\",\"url\":\"https:\/\/www.urlaubcornwall.de\/blog\/\",\"name\":\"Urlaub &amp; Reisen\",\"description\":\"Urlaub, Reisen, Cornwall und S\u00fcdengland: eine perfekte Kombination\",\"potentialAction\":[{\"@type\":\"SearchAction\",\"target\":{\"@type\":\"EntryPoint\",\"urlTemplate\":\"https:\/\/www.urlaubcornwall.de\/blog\/?s={search_term_string}\"},\"query-input\":\"required name=search_term_string\"}],\"inLanguage\":\"en-US\"},{\"@type\":\"WebPage\",\"@id\":\"https:\/\/www.urlaubcornwall.de\/blog\/cornwall-highlights-2019-unsere-beliebtesten-festivals-und-events\/\",\"url\":\"https:\/\/www.urlaubcornwall.de\/blog\/cornwall-highlights-2019-unsere-beliebtesten-festivals-und-events\/\",\"name\":\"Cornwall Highlights \u2013 unsere beliebtesten Festivals und Events - Urlaub &amp; Reisen\",\"isPartOf\":{\"@id\":\"https:\/\/www.urlaubcornwall.de\/blog\/#website\"},\"datePublished\":\"2018-09-17T11:38:42+00:00\",\"dateModified\":\"2026-01-06T14:10:46+00:00\",\"breadcrumb\":{\"@id\":\"https:\/\/www.urlaubcornwall.de\/blog\/cornwall-highlights-2019-unsere-beliebtesten-festivals-und-events\/#breadcrumb\"},\"inLanguage\":\"en-US\",\"potentialAction\":[{\"@type\":\"ReadAction\",\"target\":[\"https:\/\/www.urlaubcornwall.de\/blog\/cornwall-highlights-2019-unsere-beliebtesten-festivals-und-events\/\"]}]},{\"@type\":\"BreadcrumbList\",\"@id\":\"https:\/\/www.urlaubcornwall.de\/blog\/cornwall-highlights-2019-unsere-beliebtesten-festivals-und-events\/#breadcrumb\",\"itemListElement\":[{\"@type\":\"ListItem\",\"position\":1,\"name\":\"Home\",\"item\":\"https:\/\/www.urlaubcornwall.de\/blog\/\"},{\"@type\":\"ListItem\",\"position\":2,\"name\":\"Cornwall Highlights \u2013 unsere beliebtesten Festivals und Events\"}]}]}<\/script>\n<!-- \/ Yoast SEO plugin. -->","yoast_head_json":{"title":"Cornwall Highlights \u2013 unsere beliebtesten Festivals und Events - Urlaub &amp; Reisen","robots":{"index":"index","follow":"follow","max-snippet":"max-snippet:-1","max-image-preview":"max-image-preview:large","max-video-preview":"max-video-preview:-1"},"canonical":"https:\/\/www.urlaubcornwall.de\/blog\/cornwall-highlights-2019-unsere-beliebtesten-festivals-und-events\/","og_locale":"en_US","og_type":"article","og_title":"Cornwall Highlights \u2013 unsere beliebtesten Festivals und Events - Urlaub &amp; Reisen","og_description":"Das ganze Jahr \u00fcber finden in Cornwall zahlreiche Festivals statt, die das Beste bieten an Musik, Speisen, Kunst und Unterhaltung. Hier finden Sie ein paar, die Sie w\u00e4hrend Ihres Urlaubs in Cornwall besuchen k\u00f6nnen. M\u00c4RZ \u2013 Der 5. M\u00e4rz ist St Piran\u2019s Day, benannt nach dem Schutzheiligen von Cornwall. Feiern zur cornischen Kultur finden jedes [&hellip;]","og_url":"https:\/\/www.urlaubcornwall.de\/blog\/cornwall-highlights-2019-unsere-beliebtesten-festivals-und-events\/","og_site_name":"Urlaub &amp; Reisen","article_modified_time":"2026-01-06T14:10:46+00:00","og_image":[{"url":"https:\/\/www.urlaubcornwall.de\/blog\/wp-content\/uploads\/2018\/09\/Falmouth-Week_2.jpg"}],"twitter_card":"summary","twitter_misc":{"Est. reading time":"5 minutes"},"schema":{"@context":"https:\/\/schema.org","@graph":[{"@type":"WebSite","@id":"https:\/\/www.urlaubcornwall.de\/blog\/#website","url":"https:\/\/www.urlaubcornwall.de\/blog\/","name":"Urlaub &amp; Reisen","description":"Urlaub, Reisen, Cornwall und S\u00fcdengland: eine perfekte Kombination","potentialAction":[{"@type":"SearchAction","target":{"@type":"EntryPoint","urlTemplate":"https:\/\/www.urlaubcornwall.de\/blog\/?s={search_term_string}"},"query-input":"required name=search_term_string"}],"inLanguage":"en-US"},{"@type":"WebPage","@id":"https:\/\/www.urlaubcornwall.de\/blog\/cornwall-highlights-2019-unsere-beliebtesten-festivals-und-events\/","url":"https:\/\/www.urlaubcornwall.de\/blog\/cornwall-highlights-2019-unsere-beliebtesten-festivals-und-events\/","name":"Cornwall Highlights \u2013 unsere beliebtesten Festivals und Events - Urlaub &amp; Reisen","isPartOf":{"@id":"https:\/\/www.urlaubcornwall.de\/blog\/#website"},"datePublished":"2018-09-17T11:38:42+00:00","dateModified":"2026-01-06T14:10:46+00:00","breadcrumb":{"@id":"https:\/\/www.urlaubcornwall.de\/blog\/cornwall-highlights-2019-unsere-beliebtesten-festivals-und-events\/#breadcrumb"},"inLanguage":"en-US","potentialAction":[{"@type":"ReadAction","target":["https:\/\/www.urlaubcornwall.de\/blog\/cornwall-highlights-2019-unsere-beliebtesten-festivals-und-events\/"]}]},{"@type":"BreadcrumbList","@id":"https:\/\/www.urlaubcornwall.de\/blog\/cornwall-highlights-2019-unsere-beliebtesten-festivals-und-events\/#breadcrumb","itemListElement":[{"@type":"ListItem","position":1,"name":"Home","item":"https:\/\/www.urlaubcornwall.de\/blog\/"},{"@type":"ListItem","position":2,"name":"Cornwall Highlights \u2013 unsere beliebtesten Festivals und Events"}]}]}},"_links":{"self":[{"href":"https:\/\/www.urlaubcornwall.de\/blog\/wp-json\/wp\/v2\/pages\/34343"}],"collection":[{"href":"https:\/\/www.urlaubcornwall.de\/blog\/wp-json\/wp\/v2\/pages"}],"about":[{"href":"https:\/\/www.urlaubcornwall.de\/blog\/wp-json\/wp\/v2\/types\/page"}],"author":[{"embeddable":true,"href":"https:\/\/www.urlaubcornwall.de\/blog\/wp-json\/wp\/v2\/users\/1"}],"replies":[{"embeddable":true,"href":"https:\/\/www.urlaubcornwall.de\/blog\/wp-json\/wp\/v2\/comments?post=34343"}],"version-history":[{"count":19,"href":"https:\/\/www.urlaubcornwall.de\/blog\/wp-json\/wp\/v2\/pages\/34343\/revisions"}],"predecessor-version":[{"id":51961,"href":"https:\/\/www.urlaubcornwall.de\/blog\/wp-json\/wp\/v2\/pages\/34343\/revisions\/51961"}],"wp:attachment":[{"href":"https:\/\/www.urlaubcornwall.de\/blog\/wp-json\/wp\/v2\/media?parent=34343"}],"curies":[{"name":"wp","href":"https:\/\/api.w.org\/{rel}","templated":true}]}}