{"id":34314,"date":"2018-09-12T10:25:10","date_gmt":"2018-09-12T10:25:10","guid":{"rendered":"https:\/\/www.urlaubcornwall.de\/blog\/?page_id=34314"},"modified":"2024-05-30T14:40:05","modified_gmt":"2024-05-30T14:40:05","slug":"die-schoensten-straende-auf-alderney-urlaubstipps-kanalinseln","status":"publish","type":"page","link":"https:\/\/www.urlaubcornwall.de\/blog\/die-schoensten-straende-auf-alderney-urlaubstipps-kanalinseln\/","title":{"rendered":"Die sch\u00f6nsten Str\u00e4nde auf Alderney \u2013 Urlaubstipps Kanalinseln"},"content":{"rendered":"<p><a href=\"https:\/\/www.urlaubcornwall.de\/blog\/wp-content\/uploads\/2024\/03\/holywell-cornwall-strand-rotated.jpg\"><img loading=\"lazy\" src=\"https:\/\/www.urlaubcornwall.de\/blog\/wp-content\/uploads\/2024\/03\/holywell-cornwall-strand-rotated.jpg\" alt=\" strand\" width=\"750\" height=\"563\" class=\"alignnone size-full wp-image-47899\" srcset=\"https:\/\/www.urlaubcornwall.de\/blog\/wp-content\/uploads\/2024\/03\/holywell-cornwall-strand-rotated.jpg 750w, https:\/\/www.urlaubcornwall.de\/blog\/wp-content\/uploads\/2024\/03\/holywell-cornwall-strand-300x225.jpg 300w\" sizes=\"(max-width: 750px) 100vw, 750px\" \/><\/a><\/p>\n<h2><a href=\"https:\/\/www.urlaubcornwall.de\/blog\/urlaub-auf-alderney-geheimtipp-kanalinseln\/\"><strong>Urlaub am Meer auf Alderney<\/strong><\/a><\/h2>\n<p><strong>Saye Beach<\/strong> (ausgesprochen: Soy) ist ein beliebter Familienstrand zwischen Braye Beach und Arch Bay gelegen, mit einer perfekten Biegung wei\u00dfen Sandes, eingeschmiegt zwischen felsigem Hochland. Saye Beach befindet sich direkt hinter den Sandd\u00fcnen von Alderneys einzigem Campingplatz.<\/p>\n<p><strong>Braye Beach<\/strong> ist lediglich ein paar Gehminuten entfernt vom Hafen und der Stadt und ist gesch\u00fctzt vor &nbsp;Alderneys Wellenbrechern. Braye Beach hat Sand, der sich perfekt eignet zum Sandburgenbauen.<\/p>\n<p><strong>Longis Bay<\/strong> (ausgesprochen: Lonjee) liegt an der S\u00fcdostk\u00fcste mit einem breiten, 0,8km umfassenden Sandstrand, der nach S\u00fcden hin ausgerichtet ist. Der Strand wird vor den Winden gesch\u00fctzt mittels einer langen Mauer, die w\u00e4hrend der deutschen Besetzung gebaut wurde.<\/p>\n<p><strong>Longis Bay <\/strong>ist bei Sonnenhungrigen und Felspool-Entdeckern beliebt.<\/p>\n<p><strong>Corblets Beach<\/strong> an der Nordk\u00fcste eignet sich am besten zum Surfen. Bei Flut schneiden die Felsen diese Bucht ab von der Arch Bay.<\/p>\n<p><strong>Arch Bay<\/strong> ist ein kleiner gesch\u00fctzter Strand, der sich an den Corblets Beach anschlie\u00dft und ein idealer Strand f\u00fcr Kleinkinder ist.<\/p>\n<p><strong>Platte Saline<\/strong> ist perfekt f\u00fcr Naturliebhaber und Angler. Das Schwimmen ist hier jedoch aufgrund der starken Str\u00f6mungen nicht erlaubt.<\/p>\n<p><strong>Clonque Bay<\/strong> ist gro\u00dfartig, um sich mit Felsenpools zu vergn\u00fcgen, sowie f\u00fcr Naturliebhaber.<\/p>\n<p>Eine Auswahl feinster Hotels, Ferienh\u00e4user und Ferienwohnungen auf Alderney f\u00fcr Ihren <a href=\"https:\/\/www.urlaubcornwall.de\/reiseziel\/kanalinseln\/\">Urlaub auf den Kanalinseln<\/a>. Allesamt bieten Sie ein gro\u00dfartiges Preis-Leistungsverh\u00e4ltnis, hohen Standard und sind rundum inspiziert.<\/p>\n<p style=\"text-align: center;\"><a class=\"tidycta\" href=\"https:\/\/www.urlaubcornwall.de\/reiseziel\/kanalinseln\/\">Urlaubsinspiration &#8211; zu den Kanalinseln Angeboten<\/a><\/p>\n","protected":false},"excerpt":{"rendered":"<p>Urlaub am Meer auf Alderney Saye Beach (ausgesprochen: Soy) ist ein beliebter Familienstrand zwischen Braye Beach und Arch Bay gelegen, mit einer perfekten Biegung wei\u00dfen Sandes, eingeschmiegt zwischen felsigem Hochland. Saye Beach befindet sich direkt hinter den Sandd\u00fcnen von Alderneys einzigem Campingplatz. Braye Beach ist lediglich ein paar Gehminuten entfernt vom Hafen und der Stadt [&hellip;]<\/p>\n","protected":false},"author":1,"featured_media":0,"parent":0,"menu_order":0,"comment_status":"closed","ping_status":"closed","template":"single-four.php","meta":{"_bos_mb_destination":[""]},"acf":[],"yoast_head":"<!-- This site is optimized with the Yoast SEO plugin v19.4 - https:\/\/yoast.com\/wordpress\/plugins\/seo\/ -->\n<title>Die sch\u00f6nsten Str\u00e4nde auf Alderney \u2013 Urlaubstipps Kanalinseln - Urlaub &amp; Reisen<\/title>\n<meta name=\"robots\" content=\"index, follow, max-snippet:-1, max-image-preview:large, max-video-preview:-1\" \/>\n<link rel=\"canonical\" href=\"https:\/\/www.urlaubcornwall.de\/blog\/die-schoensten-straende-auf-alderney-urlaubstipps-kanalinseln\/\" \/>\n<meta property=\"og:locale\" content=\"en_US\" \/>\n<meta property=\"og:type\" content=\"article\" \/>\n<meta property=\"og:title\" content=\"Die sch\u00f6nsten Str\u00e4nde auf Alderney \u2013 Urlaubstipps Kanalinseln - Urlaub &amp; Reisen\" \/>\n<meta property=\"og:description\" content=\"Urlaub am Meer auf Alderney Saye Beach (ausgesprochen: Soy) ist ein beliebter Familienstrand zwischen Braye Beach und Arch Bay gelegen, mit einer perfekten Biegung wei\u00dfen Sandes, eingeschmiegt zwischen felsigem Hochland. Saye Beach befindet sich direkt hinter den Sandd\u00fcnen von Alderneys einzigem Campingplatz. Braye Beach ist lediglich ein paar Gehminuten entfernt vom Hafen und der Stadt [&hellip;]\" \/>\n<meta property=\"og:url\" content=\"https:\/\/www.urlaubcornwall.de\/blog\/die-schoensten-straende-auf-alderney-urlaubstipps-kanalinseln\/\" \/>\n<meta property=\"og:site_name\" content=\"Urlaub &amp; Reisen\" \/>\n<meta property=\"article:modified_time\" content=\"2024-05-30T14:40:05+00:00\" \/>\n<meta property=\"og:image\" content=\"https:\/\/www.urlaubcornwall.de\/blog\/wp-content\/uploads\/2024\/03\/holywell-cornwall-strand-rotated.jpg\" \/>\n<meta name=\"twitter:card\" content=\"summary\" \/>\n<meta name=\"twitter:label1\" content=\"Est. reading time\" \/>\n\t<meta name=\"twitter:data1\" content=\"2 minutes\" \/>\n<script type=\"application\/ld+json\" class=\"yoast-schema-graph\">{\"@context\":\"https:\/\/schema.org\",\"@graph\":[{\"@type\":\"WebSite\",\"@id\":\"https:\/\/www.urlaubcornwall.de\/blog\/#website\",\"url\":\"https:\/\/www.urlaubcornwall.de\/blog\/\",\"name\":\"Urlaub &amp; Reisen\",\"description\":\"Urlaub, Reisen, Cornwall und S\u00fcdengland: eine perfekte Kombination\",\"potentialAction\":[{\"@type\":\"SearchAction\",\"target\":{\"@type\":\"EntryPoint\",\"urlTemplate\":\"https:\/\/www.urlaubcornwall.de\/blog\/?s={search_term_string}\"},\"query-input\":\"required name=search_term_string\"}],\"inLanguage\":\"en-US\"},{\"@type\":\"WebPage\",\"@id\":\"https:\/\/www.urlaubcornwall.de\/blog\/die-schoensten-straende-auf-alderney-urlaubstipps-kanalinseln\/\",\"url\":\"https:\/\/www.urlaubcornwall.de\/blog\/die-schoensten-straende-auf-alderney-urlaubstipps-kanalinseln\/\",\"name\":\"Die sch\u00f6nsten Str\u00e4nde auf Alderney \u2013 Urlaubstipps Kanalinseln - Urlaub &amp; Reisen\",\"isPartOf\":{\"@id\":\"https:\/\/www.urlaubcornwall.de\/blog\/#website\"},\"datePublished\":\"2018-09-12T10:25:10+00:00\",\"dateModified\":\"2024-05-30T14:40:05+00:00\",\"breadcrumb\":{\"@id\":\"https:\/\/www.urlaubcornwall.de\/blog\/die-schoensten-straende-auf-alderney-urlaubstipps-kanalinseln\/#breadcrumb\"},\"inLanguage\":\"en-US\",\"potentialAction\":[{\"@type\":\"ReadAction\",\"target\":[\"https:\/\/www.urlaubcornwall.de\/blog\/die-schoensten-straende-auf-alderney-urlaubstipps-kanalinseln\/\"]}]},{\"@type\":\"BreadcrumbList\",\"@id\":\"https:\/\/www.urlaubcornwall.de\/blog\/die-schoensten-straende-auf-alderney-urlaubstipps-kanalinseln\/#breadcrumb\",\"itemListElement\":[{\"@type\":\"ListItem\",\"position\":1,\"name\":\"Home\",\"item\":\"https:\/\/www.urlaubcornwall.de\/blog\/\"},{\"@type\":\"ListItem\",\"position\":2,\"name\":\"Die sch\u00f6nsten Str\u00e4nde auf Alderney \u2013 Urlaubstipps Kanalinseln\"}]}]}<\/script>\n<!-- \/ Yoast SEO plugin. -->","yoast_head_json":{"title":"Die sch\u00f6nsten Str\u00e4nde auf Alderney \u2013 Urlaubstipps Kanalinseln - Urlaub &amp; Reisen","robots":{"index":"index","follow":"follow","max-snippet":"max-snippet:-1","max-image-preview":"max-image-preview:large","max-video-preview":"max-video-preview:-1"},"canonical":"https:\/\/www.urlaubcornwall.de\/blog\/die-schoensten-straende-auf-alderney-urlaubstipps-kanalinseln\/","og_locale":"en_US","og_type":"article","og_title":"Die sch\u00f6nsten Str\u00e4nde auf Alderney \u2013 Urlaubstipps Kanalinseln - Urlaub &amp; Reisen","og_description":"Urlaub am Meer auf Alderney Saye Beach (ausgesprochen: Soy) ist ein beliebter Familienstrand zwischen Braye Beach und Arch Bay gelegen, mit einer perfekten Biegung wei\u00dfen Sandes, eingeschmiegt zwischen felsigem Hochland. Saye Beach befindet sich direkt hinter den Sandd\u00fcnen von Alderneys einzigem Campingplatz. Braye Beach ist lediglich ein paar Gehminuten entfernt vom Hafen und der Stadt [&hellip;]","og_url":"https:\/\/www.urlaubcornwall.de\/blog\/die-schoensten-straende-auf-alderney-urlaubstipps-kanalinseln\/","og_site_name":"Urlaub &amp; Reisen","article_modified_time":"2024-05-30T14:40:05+00:00","og_image":[{"url":"https:\/\/www.urlaubcornwall.de\/blog\/wp-content\/uploads\/2024\/03\/holywell-cornwall-strand-rotated.jpg"}],"twitter_card":"summary","twitter_misc":{"Est. reading time":"2 minutes"},"schema":{"@context":"https:\/\/schema.org","@graph":[{"@type":"WebSite","@id":"https:\/\/www.urlaubcornwall.de\/blog\/#website","url":"https:\/\/www.urlaubcornwall.de\/blog\/","name":"Urlaub &amp; Reisen","description":"Urlaub, Reisen, Cornwall und S\u00fcdengland: eine perfekte Kombination","potentialAction":[{"@type":"SearchAction","target":{"@type":"EntryPoint","urlTemplate":"https:\/\/www.urlaubcornwall.de\/blog\/?s={search_term_string}"},"query-input":"required name=search_term_string"}],"inLanguage":"en-US"},{"@type":"WebPage","@id":"https:\/\/www.urlaubcornwall.de\/blog\/die-schoensten-straende-auf-alderney-urlaubstipps-kanalinseln\/","url":"https:\/\/www.urlaubcornwall.de\/blog\/die-schoensten-straende-auf-alderney-urlaubstipps-kanalinseln\/","name":"Die sch\u00f6nsten Str\u00e4nde auf Alderney \u2013 Urlaubstipps Kanalinseln - Urlaub &amp; Reisen","isPartOf":{"@id":"https:\/\/www.urlaubcornwall.de\/blog\/#website"},"datePublished":"2018-09-12T10:25:10+00:00","dateModified":"2024-05-30T14:40:05+00:00","breadcrumb":{"@id":"https:\/\/www.urlaubcornwall.de\/blog\/die-schoensten-straende-auf-alderney-urlaubstipps-kanalinseln\/#breadcrumb"},"inLanguage":"en-US","potentialAction":[{"@type":"ReadAction","target":["https:\/\/www.urlaubcornwall.de\/blog\/die-schoensten-straende-auf-alderney-urlaubstipps-kanalinseln\/"]}]},{"@type":"BreadcrumbList","@id":"https:\/\/www.urlaubcornwall.de\/blog\/die-schoensten-straende-auf-alderney-urlaubstipps-kanalinseln\/#breadcrumb","itemListElement":[{"@type":"ListItem","position":1,"name":"Home","item":"https:\/\/www.urlaubcornwall.de\/blog\/"},{"@type":"ListItem","position":2,"name":"Die sch\u00f6nsten Str\u00e4nde auf Alderney \u2013 Urlaubstipps Kanalinseln"}]}]}},"_links":{"self":[{"href":"https:\/\/www.urlaubcornwall.de\/blog\/wp-json\/wp\/v2\/pages\/34314"}],"collection":[{"href":"https:\/\/www.urlaubcornwall.de\/blog\/wp-json\/wp\/v2\/pages"}],"about":[{"href":"https:\/\/www.urlaubcornwall.de\/blog\/wp-json\/wp\/v2\/types\/page"}],"author":[{"embeddable":true,"href":"https:\/\/www.urlaubcornwall.de\/blog\/wp-json\/wp\/v2\/users\/1"}],"replies":[{"embeddable":true,"href":"https:\/\/www.urlaubcornwall.de\/blog\/wp-json\/wp\/v2\/comments?post=34314"}],"version-history":[{"count":9,"href":"https:\/\/www.urlaubcornwall.de\/blog\/wp-json\/wp\/v2\/pages\/34314\/revisions"}],"predecessor-version":[{"id":51118,"href":"https:\/\/www.urlaubcornwall.de\/blog\/wp-json\/wp\/v2\/pages\/34314\/revisions\/51118"}],"wp:attachment":[{"href":"https:\/\/www.urlaubcornwall.de\/blog\/wp-json\/wp\/v2\/media?parent=34314"}],"curies":[{"name":"wp","href":"https:\/\/api.w.org\/{rel}","templated":true}]}}