{"id":34312,"date":"2018-09-12T10:40:40","date_gmt":"2018-09-12T10:40:40","guid":{"rendered":"https:\/\/www.urlaubcornwall.de\/blog\/?page_id=34312"},"modified":"2024-08-22T12:57:50","modified_gmt":"2024-08-22T12:57:50","slug":"urlaub-auf-alderney-geheimtipp-kanalinseln","status":"publish","type":"page","link":"https:\/\/www.urlaubcornwall.de\/blog\/urlaub-auf-alderney-geheimtipp-kanalinseln\/","title":{"rendered":"Urlaub auf Alderney \u2013 Geheimtipp Kanalinseln"},"content":{"rendered":"<p><a href=\"https:\/\/www.urlaubcornwall.de\/blog\/wp-content\/uploads\/2018\/08\/Urlaubsaktivit\u00e4ten-auf-Jersey-\u2013-Kanalinseln.jpg\"><img loading=\"lazy\" src=\"https:\/\/www.urlaubcornwall.de\/blog\/wp-content\/uploads\/2018\/08\/Urlaubsaktivit\u00e4ten-auf-Jersey-\u2013-Kanalinseln.jpg\" alt=\"\" width=\"745\" height=\"497\" class=\"alignnone size-full wp-image-34224\" srcset=\"https:\/\/www.urlaubcornwall.de\/blog\/wp-content\/uploads\/2018\/08\/Urlaubsaktivit\u00e4ten-auf-Jersey-\u2013-Kanalinseln.jpg 745w, https:\/\/www.urlaubcornwall.de\/blog\/wp-content\/uploads\/2018\/08\/Urlaubsaktivit\u00e4ten-auf-Jersey-\u2013-Kanalinseln-300x200.jpg 300w\" sizes=\"(max-width: 745px) 100vw, 745px\" \/><\/a><\/p>\n<p>Keine andere Insel der <a href=\"https:\/\/www.urlaubcornwall.de\/reiseziel\/kanalinseln\/\">Kanalinseln<\/a> gleicht Alderney. Sie wird oft beschrieben als das versteckte Juwel der Kanalinseln. Sie ist lediglich 2,4km auf 5,6km gro\u00df, und Sie sind niemals weit entfernt von der charmanten Stadt St. Anne oder der wundersch\u00f6nen K\u00fcste. Alderney bietet eine breite Vielfalt an Veranstaltungen, hat ein herrliches nat\u00fcrliches Erbe, und mit seinem milden Klima ist es eine ganzj\u00e4hrige Urlaubsregion. Alderney ist abgelegen und dennoch gut verbunden mittels direkter Flugverbindungen von Guernsey und dem UK aus. Alderney hat seinen eigenen Hafen und Flughafen.<\/p>\n<p>St Anne ist Alderneys einzige Stadt, die sich den nostalgischen Charme eines Dorfes der Normandie bewahrt hat mit winzigen Dorfpl\u00e4tzen, pastellfarbenen Cottages und granitenen Pflasterstra\u00dfen. Autos k\u00f6nnen gemietet werden, doch am besten erkundet man die Insel zu Fu\u00df oder mit dem Fahrrad.<\/p>\n<p style=\"text-align: center;\"><a class=\"tidycta\" href=\"https:\/\/www.urlaubcornwall.de\/blog\/spezialist-reisen-kanalinseln\/\">Urlaubsinspiration &#8211; zu den Kanalinseln Angeboten<\/a><\/p>\n<h2>N\u00fctzliche Information:<\/h2>\n<p><a href=\"https:\/\/www.urlaubcornwall.de\/blog\/die-schoensten-straende-auf-alderney-urlaubstipps-kanalinseln\/\"><strong>Die sch\u00f6nsten Str\u00e4nde auf Alderney<\/strong><\/a> &#8211; Saye Beach (ausgesprochen: Soy) ist ein beliebter Familienstrand zwischen Braye Beach und Arch Bay gelegen, mit einer perfekten Biegung wei\u00dfen Sandes&#8230;&#8230; <a href=\"https:\/\/www.urlaubcornwall.de\/blog\/die-schoensten-straende-auf-alderney-urlaubstipps-kanalinseln\/\">[ Mehr ]<\/a><\/p>\n<p><a href=\"https:\/\/www.urlaubcornwall.de\/blog\/urlaubsaktivitaeten-auf-alderney-reisetipps-kanalinseln\/\"><strong>Urlaubsaktivit\u00e4ten auf Alderney <\/strong><\/a>&#8211;&nbsp;Wanderurlaub auf Alderney bietet Ihnen die Chance, die weiten Landschaften zu sehen, gr\u00fcne Weiden und zerkl\u00fcftete Klippen dieser magischen Insel&#8230;.. <a href=\"https:\/\/www.urlaubcornwall.de\/blog\/urlaubsaktivitaeten-auf-alderney-reisetipps-kanalinseln\/\">[ Mehr ]<\/a><\/p>\n","protected":false},"excerpt":{"rendered":"<p>Keine andere Insel der Kanalinseln gleicht Alderney. Sie wird oft beschrieben als das versteckte Juwel der Kanalinseln. Sie ist lediglich 2,4km auf 5,6km gro\u00df, und Sie sind niemals weit entfernt von der charmanten Stadt St. Anne oder der wundersch\u00f6nen K\u00fcste. Alderney bietet eine breite Vielfalt an Veranstaltungen, hat ein herrliches nat\u00fcrliches Erbe, und mit seinem [&hellip;]<\/p>\n","protected":false},"author":1,"featured_media":0,"parent":0,"menu_order":0,"comment_status":"closed","ping_status":"closed","template":"single-four.php","meta":[],"acf":[],"yoast_head":"<!-- This site is optimized with the Yoast SEO plugin v19.4 - https:\/\/yoast.com\/wordpress\/plugins\/seo\/ -->\n<title>Urlaub auf Alderney \u2013 Geheimtipp Kanalinseln - Urlaub &amp; Reisen<\/title>\n<meta name=\"robots\" content=\"index, follow, max-snippet:-1, max-image-preview:large, max-video-preview:-1\" \/>\n<link rel=\"canonical\" href=\"https:\/\/www.urlaubcornwall.de\/blog\/urlaub-auf-alderney-geheimtipp-kanalinseln\/\" \/>\n<meta property=\"og:locale\" content=\"en_US\" \/>\n<meta property=\"og:type\" content=\"article\" \/>\n<meta property=\"og:title\" content=\"Urlaub auf Alderney \u2013 Geheimtipp Kanalinseln - Urlaub &amp; Reisen\" \/>\n<meta property=\"og:description\" content=\"Keine andere Insel der Kanalinseln gleicht Alderney. Sie wird oft beschrieben als das versteckte Juwel der Kanalinseln. Sie ist lediglich 2,4km auf 5,6km gro\u00df, und Sie sind niemals weit entfernt von der charmanten Stadt St. Anne oder der wundersch\u00f6nen K\u00fcste. Alderney bietet eine breite Vielfalt an Veranstaltungen, hat ein herrliches nat\u00fcrliches Erbe, und mit seinem [&hellip;]\" \/>\n<meta property=\"og:url\" content=\"https:\/\/www.urlaubcornwall.de\/blog\/urlaub-auf-alderney-geheimtipp-kanalinseln\/\" \/>\n<meta property=\"og:site_name\" content=\"Urlaub &amp; Reisen\" \/>\n<meta property=\"article:modified_time\" content=\"2024-08-22T12:57:50+00:00\" \/>\n<meta name=\"twitter:card\" content=\"summary\" \/>\n<meta name=\"twitter:label1\" content=\"Est. reading time\" \/>\n\t<meta name=\"twitter:data1\" content=\"1 minute\" \/>\n<script type=\"application\/ld+json\" class=\"yoast-schema-graph\">{\"@context\":\"https:\/\/schema.org\",\"@graph\":[{\"@type\":\"WebSite\",\"@id\":\"https:\/\/www.urlaubcornwall.de\/blog\/#website\",\"url\":\"https:\/\/www.urlaubcornwall.de\/blog\/\",\"name\":\"Urlaub &amp; Reisen\",\"description\":\"Urlaub, Reisen, Cornwall und S\u00fcdengland: eine perfekte Kombination\",\"potentialAction\":[{\"@type\":\"SearchAction\",\"target\":{\"@type\":\"EntryPoint\",\"urlTemplate\":\"https:\/\/www.urlaubcornwall.de\/blog\/?s={search_term_string}\"},\"query-input\":\"required name=search_term_string\"}],\"inLanguage\":\"en-US\"},{\"@type\":\"WebPage\",\"@id\":\"https:\/\/www.urlaubcornwall.de\/blog\/urlaub-auf-alderney-geheimtipp-kanalinseln\/\",\"url\":\"https:\/\/www.urlaubcornwall.de\/blog\/urlaub-auf-alderney-geheimtipp-kanalinseln\/\",\"name\":\"Urlaub auf Alderney \u2013 Geheimtipp Kanalinseln - Urlaub &amp; Reisen\",\"isPartOf\":{\"@id\":\"https:\/\/www.urlaubcornwall.de\/blog\/#website\"},\"datePublished\":\"2018-09-12T10:40:40+00:00\",\"dateModified\":\"2024-08-22T12:57:50+00:00\",\"breadcrumb\":{\"@id\":\"https:\/\/www.urlaubcornwall.de\/blog\/urlaub-auf-alderney-geheimtipp-kanalinseln\/#breadcrumb\"},\"inLanguage\":\"en-US\",\"potentialAction\":[{\"@type\":\"ReadAction\",\"target\":[\"https:\/\/www.urlaubcornwall.de\/blog\/urlaub-auf-alderney-geheimtipp-kanalinseln\/\"]}]},{\"@type\":\"BreadcrumbList\",\"@id\":\"https:\/\/www.urlaubcornwall.de\/blog\/urlaub-auf-alderney-geheimtipp-kanalinseln\/#breadcrumb\",\"itemListElement\":[{\"@type\":\"ListItem\",\"position\":1,\"name\":\"Home\",\"item\":\"https:\/\/www.urlaubcornwall.de\/blog\/\"},{\"@type\":\"ListItem\",\"position\":2,\"name\":\"Urlaub auf Alderney \u2013 Geheimtipp Kanalinseln\"}]}]}<\/script>\n<!-- \/ Yoast SEO plugin. -->","yoast_head_json":{"title":"Urlaub auf Alderney \u2013 Geheimtipp Kanalinseln - Urlaub &amp; Reisen","robots":{"index":"index","follow":"follow","max-snippet":"max-snippet:-1","max-image-preview":"max-image-preview:large","max-video-preview":"max-video-preview:-1"},"canonical":"https:\/\/www.urlaubcornwall.de\/blog\/urlaub-auf-alderney-geheimtipp-kanalinseln\/","og_locale":"en_US","og_type":"article","og_title":"Urlaub auf Alderney \u2013 Geheimtipp Kanalinseln - Urlaub &amp; Reisen","og_description":"Keine andere Insel der Kanalinseln gleicht Alderney. Sie wird oft beschrieben als das versteckte Juwel der Kanalinseln. Sie ist lediglich 2,4km auf 5,6km gro\u00df, und Sie sind niemals weit entfernt von der charmanten Stadt St. Anne oder der wundersch\u00f6nen K\u00fcste. Alderney bietet eine breite Vielfalt an Veranstaltungen, hat ein herrliches nat\u00fcrliches Erbe, und mit seinem [&hellip;]","og_url":"https:\/\/www.urlaubcornwall.de\/blog\/urlaub-auf-alderney-geheimtipp-kanalinseln\/","og_site_name":"Urlaub &amp; Reisen","article_modified_time":"2024-08-22T12:57:50+00:00","twitter_card":"summary","twitter_misc":{"Est. reading time":"1 minute"},"schema":{"@context":"https:\/\/schema.org","@graph":[{"@type":"WebSite","@id":"https:\/\/www.urlaubcornwall.de\/blog\/#website","url":"https:\/\/www.urlaubcornwall.de\/blog\/","name":"Urlaub &amp; Reisen","description":"Urlaub, Reisen, Cornwall und S\u00fcdengland: eine perfekte Kombination","potentialAction":[{"@type":"SearchAction","target":{"@type":"EntryPoint","urlTemplate":"https:\/\/www.urlaubcornwall.de\/blog\/?s={search_term_string}"},"query-input":"required name=search_term_string"}],"inLanguage":"en-US"},{"@type":"WebPage","@id":"https:\/\/www.urlaubcornwall.de\/blog\/urlaub-auf-alderney-geheimtipp-kanalinseln\/","url":"https:\/\/www.urlaubcornwall.de\/blog\/urlaub-auf-alderney-geheimtipp-kanalinseln\/","name":"Urlaub auf Alderney \u2013 Geheimtipp Kanalinseln - Urlaub &amp; Reisen","isPartOf":{"@id":"https:\/\/www.urlaubcornwall.de\/blog\/#website"},"datePublished":"2018-09-12T10:40:40+00:00","dateModified":"2024-08-22T12:57:50+00:00","breadcrumb":{"@id":"https:\/\/www.urlaubcornwall.de\/blog\/urlaub-auf-alderney-geheimtipp-kanalinseln\/#breadcrumb"},"inLanguage":"en-US","potentialAction":[{"@type":"ReadAction","target":["https:\/\/www.urlaubcornwall.de\/blog\/urlaub-auf-alderney-geheimtipp-kanalinseln\/"]}]},{"@type":"BreadcrumbList","@id":"https:\/\/www.urlaubcornwall.de\/blog\/urlaub-auf-alderney-geheimtipp-kanalinseln\/#breadcrumb","itemListElement":[{"@type":"ListItem","position":1,"name":"Home","item":"https:\/\/www.urlaubcornwall.de\/blog\/"},{"@type":"ListItem","position":2,"name":"Urlaub auf Alderney \u2013 Geheimtipp Kanalinseln"}]}]}},"_links":{"self":[{"href":"https:\/\/www.urlaubcornwall.de\/blog\/wp-json\/wp\/v2\/pages\/34312"}],"collection":[{"href":"https:\/\/www.urlaubcornwall.de\/blog\/wp-json\/wp\/v2\/pages"}],"about":[{"href":"https:\/\/www.urlaubcornwall.de\/blog\/wp-json\/wp\/v2\/types\/page"}],"author":[{"embeddable":true,"href":"https:\/\/www.urlaubcornwall.de\/blog\/wp-json\/wp\/v2\/users\/1"}],"replies":[{"embeddable":true,"href":"https:\/\/www.urlaubcornwall.de\/blog\/wp-json\/wp\/v2\/comments?post=34312"}],"version-history":[{"count":10,"href":"https:\/\/www.urlaubcornwall.de\/blog\/wp-json\/wp\/v2\/pages\/34312\/revisions"}],"predecessor-version":[{"id":51553,"href":"https:\/\/www.urlaubcornwall.de\/blog\/wp-json\/wp\/v2\/pages\/34312\/revisions\/51553"}],"wp:attachment":[{"href":"https:\/\/www.urlaubcornwall.de\/blog\/wp-json\/wp\/v2\/media?parent=34312"}],"curies":[{"name":"wp","href":"https:\/\/api.w.org\/{rel}","templated":true}]}}