{"id":34277,"date":"2018-09-07T07:36:08","date_gmt":"2018-09-07T07:36:08","guid":{"rendered":"https:\/\/www.urlaubcornwall.de\/blog\/?page_id=34277"},"modified":"2026-01-05T12:25:37","modified_gmt":"2026-01-05T12:25:37","slug":"sark-kanalinseln-charmant-und-friedlich","status":"publish","type":"page","link":"https:\/\/www.urlaubcornwall.de\/blog\/sark-kanalinseln-charmant-und-friedlich\/","title":{"rendered":"Urlaub Sark \u2013 charmant und friedlich"},"content":{"rendered":"<p>Sark ist die zweitkleinste der <a href=\"https:\/\/www.urlaubcornwall.de\/reiseziel\/kanalinseln\/\">Kanalinseln<\/a> und befindet sich direkt vor der K\u00fcste der Normandie im Englischen Kanal und kann nur per Boot erreicht werden; die F\u00e4hrfahrt von <a href=\"https:\/\/www.urlaubcornwall.de\/reiseziel\/kanalinseln\/guernsey.php\">Guernsey<\/a> betr\u00e4gt ungef\u00e4hr 50 Minuten. Diese kleine felsige Insel ist das Zuhause von ungef\u00e4hr 600 Menschen, und bis ins Jahr 2008 wurde Sark von Europas letztem vorhandenen Feudalsystem regiert \u2013 einer Reihe an Regeln, die auf normannischem Gesetz basieren und die mehr als 400 Jahre lang befolgt wurden. <\/p>\n<p>Sobald Sie auf Sark ankommen, haben Sie das Gef\u00fchl, in der Zeit zur\u00fcck zu gehen; es gibt keine Autos oder Stra\u00dfenbeleuchtung (vergessen Sie nicht, eine Taschenlampe mitzunehmen). Die einzigen motorisierten Fahrzeuge sind Traktoren, die Passagiere auf einem Anh\u00e4nger vom Hafen durch belaubte G\u00e4sschen zum Dorf mitnehmen k\u00f6nnen. Auch gibt es Pferdekutschen, um Sie entlang der charmanten Stra\u00dfen zu transportieren. Weitere M\u00f6glichkeiten, die Insel zu erkunden sind mit dem Fahrrad oder zu Fu\u00df.<\/p>\n<h2>Wundersch\u00f6ne Str\u00e4nde auf Sark<\/h2>\n<p><img loading=\"lazy\" class=\"aligncenter size-full wp-image-43902\" src=\"https:\/\/www.urlaubcornwall.de\/blog\/wp-content\/uploads\/2021\/11\/Sark-Dixcart-Bay-strand.jpg\" alt=\"Wundersch\u00f6ne Str\u00e4nde auf Sark Sark-Dixcart-Bay\" width=\"1000\" height=\"500\"\/><\/p>\n<p>Sark hat eine atemberaubende K\u00fcste von ungef\u00e4hr 35,4km mit spektakul\u00e4rer Landschaft, Kieselbuchten und windgesch\u00fctzten Sandbuchten. Sark ist eine Plateauinsel, was bedeutet, dass Sie h\u00e4ufig Stufen und steile Pfade hinuntersteigen m\u00fcssen, um zu den Str\u00e4nden und Buchten zu gelangen.<\/p>\n<p><strong>Derrible Beach<\/strong> &#8211;&nbsp; ist am besten bei Ebbe; und bei Flut ist es herrlich, von den Felsen aus zu schwimmen; es ist auch herrlich zum Schnorcheln. Es ist ein recht langer Spaziergang hinunter, doch durchaus der M\u00fche wert.<\/p>\n<p><strong>Dixcart Bay<\/strong> &#8211;&nbsp; liegt am S\u00fcdufer von Sark. Diese wundersch\u00f6ne Bucht ist am besten bei Ebbe, wenn der Sand sichtbar ist.<\/p>\n<p><strong>Creux Harbour<\/strong> &#8211; ist bei den Einheimischen beliebt. Bei Ebbe kann hier nicht geschwommen werden. Creux Harbour ist der einzige Strand mit einem Caf\u00e9 und nahe gelegenen Toiletten.<\/p>\n<p><strong>Greve de la Ville<\/strong> &#8211;&nbsp; ist bei Flut gro\u00dfartig und gesch\u00fctzt, wenn die Winde aus westlicher Richtung blasen.<br \/>\nPort du Moulin ist eine Kieselbucht, die herrlich ist zum Schnorcheln.<\/p>\n<p><strong>Venus Pool<\/strong> &#8211;&nbsp; auf Little Sark ist ein nat\u00fcrlicher Felspool, der tief genug ist, um darin zu schwimmen, und es gibt dort flache Felsen zum Sonnenbaden. Er ist nicht ganz einfach zu finden, und der Weg zum Pool kann recht rutschig und steil sein.<\/p>\n<p><strong>Port Gorey<\/strong> &#8211;&nbsp; auf Little Sark hat tiefe Gew\u00e4sser und ist ein guter Ort zum Angeln.<\/p>\n<h2>H\u00f6hepunkte auf Sark<\/h2>\n<p>Sark ist mit Little Sark verbunden durch einen dramatisch engen Isthmus, der \u2018La Coupee\u2019 genannt wird. Er ist eine der spektakul\u00e4rsten Sehensw\u00fcrdigkeiten der <a href=\"https:\/\/www.urlaubcornwall.de\/reiseziel\/kanalinseln\/\">Kanalinseln<\/a>. Mit seinem herrlichen K\u00fcstenblick wurde dieser 100m lange Betonweg im Jahre 1945 von deutschen Kriegsgefangenen erbaut. Er befindet sich 80m \u00fcber dem Meer und ist lediglich 3m breit. Radfahrer m\u00fcssen vor dem \u00dcberqueren absteigen, und auf Kleinkinder sollte gut aufgepasst werden.<\/p>\n<p>Sark wurde im Jahre 2011 offiziell eine Dark Sky Gemeinschaft und ist die erste Dark Sky Insel der Welt. An einem klaren Abend f\u00fcllen Sternschnuppen, sowie die Milchstra\u00dfe den Nachthimmel.<\/p>\n<p>Aufgrund seines milden Mikro-Klimas und geringer Umweltbelastung ist Sarks unber\u00fchrte Landschaft ein Paradies f\u00fcr seltenes Tier- und Pflanzenleben. Viele V\u00f6gel benutzen w\u00e4hrend der Migration Sark als Futterstation.<\/p>\n<p>Es gibt eine 14,5 km lange Wanderroute, die die gesamte Insel umfasst und ungef\u00e4hr 5 Stunden dauert. Sie kann in Abschnitten \u00fcber 2 bis 3 Tagen bew\u00e4ltigt werden, sollten Sie dies bevorzugen.<\/p>\n<p>Neben dem Fahrradverleih auf Sark k\u00f6nnen Sie auch eine Bootsfahrt um die Insel herum machen und etwas zur einzigartigen Geschichte und K\u00fcste der Insel erfahren. Die Abenteuerlustigeren k\u00f6nnen mit dem Kajak um Sark herum fahren oder Coasteering betreiben.<\/p>\n<p>La Seigneurie Garten<\/p>\n<p>Es gibt jede Menge zu tun auf Sark, ob Sie nun Urlaub hier verbringen oder nur einen Tag zu Besuch sind. Probieren Sie unbedingt einen ber\u00fchmten Sark Cream Tea oder probieren Sie den vor Ort gefangenen Hummer, bevor Sie abreisen.<\/p>\n","protected":false},"excerpt":{"rendered":"<p>Sark ist die zweitkleinste der Kanalinseln und befindet sich direkt vor der K\u00fcste der Normandie im Englischen Kanal und kann nur per Boot erreicht werden; die F\u00e4hrfahrt von Guernsey betr\u00e4gt ungef\u00e4hr 50 Minuten. Diese kleine felsige Insel ist das Zuhause von ungef\u00e4hr 600 Menschen, und bis ins Jahr 2008 wurde Sark von Europas letztem vorhandenen [&hellip;]<\/p>\n","protected":false},"author":1,"featured_media":0,"parent":0,"menu_order":0,"comment_status":"closed","ping_status":"closed","template":"page-products.php","meta":[],"acf":[],"yoast_head":"<!-- This site is optimized with the Yoast SEO plugin v19.4 - https:\/\/yoast.com\/wordpress\/plugins\/seo\/ -->\n<title>Urlaub Sark \u2013 charmant und friedlich - Urlaub &amp; Reisen<\/title>\n<meta name=\"description\" content=\"Sark ist die zweitkleinste der Kanalinseln und befindet sich direkt vor der K\u00fcste der Normandie im Englischen Kanal und kann nur per Boot\" \/>\n<meta name=\"robots\" content=\"index, follow, max-snippet:-1, max-image-preview:large, max-video-preview:-1\" \/>\n<link rel=\"canonical\" href=\"https:\/\/www.urlaubcornwall.de\/blog\/sark-kanalinseln-charmant-und-friedlich\/\" \/>\n<meta property=\"og:locale\" content=\"en_US\" \/>\n<meta property=\"og:type\" content=\"article\" \/>\n<meta property=\"og:title\" content=\"Urlaub Sark \u2013 charmant und friedlich - Urlaub &amp; Reisen\" \/>\n<meta property=\"og:description\" content=\"Sark ist die zweitkleinste der Kanalinseln und befindet sich direkt vor der K\u00fcste der Normandie im Englischen Kanal und kann nur per Boot\" \/>\n<meta property=\"og:url\" content=\"https:\/\/www.urlaubcornwall.de\/blog\/sark-kanalinseln-charmant-und-friedlich\/\" \/>\n<meta property=\"og:site_name\" content=\"Urlaub &amp; Reisen\" \/>\n<meta property=\"article:modified_time\" content=\"2026-01-05T12:25:37+00:00\" \/>\n<meta property=\"og:image\" content=\"https:\/\/www.urlaubcornwall.de\/blog\/wp-content\/uploads\/2021\/11\/Sark-Dixcart-Bay-strand.jpg\" \/>\n<meta name=\"twitter:card\" content=\"summary\" \/>\n<meta name=\"twitter:label1\" content=\"Est. reading time\" \/>\n\t<meta name=\"twitter:data1\" content=\"3 minutes\" \/>\n<script type=\"application\/ld+json\" class=\"yoast-schema-graph\">{\"@context\":\"https:\/\/schema.org\",\"@graph\":[{\"@type\":\"WebSite\",\"@id\":\"https:\/\/www.urlaubcornwall.de\/blog\/#website\",\"url\":\"https:\/\/www.urlaubcornwall.de\/blog\/\",\"name\":\"Urlaub &amp; Reisen\",\"description\":\"Urlaub, Reisen, Cornwall und S\u00fcdengland: eine perfekte Kombination\",\"potentialAction\":[{\"@type\":\"SearchAction\",\"target\":{\"@type\":\"EntryPoint\",\"urlTemplate\":\"https:\/\/www.urlaubcornwall.de\/blog\/?s={search_term_string}\"},\"query-input\":\"required name=search_term_string\"}],\"inLanguage\":\"en-US\"},{\"@type\":\"WebPage\",\"@id\":\"https:\/\/www.urlaubcornwall.de\/blog\/sark-kanalinseln-charmant-und-friedlich\/\",\"url\":\"https:\/\/www.urlaubcornwall.de\/blog\/sark-kanalinseln-charmant-und-friedlich\/\",\"name\":\"Urlaub Sark \u2013 charmant und friedlich - Urlaub &amp; Reisen\",\"isPartOf\":{\"@id\":\"https:\/\/www.urlaubcornwall.de\/blog\/#website\"},\"datePublished\":\"2018-09-07T07:36:08+00:00\",\"dateModified\":\"2026-01-05T12:25:37+00:00\",\"description\":\"Sark ist die zweitkleinste der Kanalinseln und befindet sich direkt vor der K\u00fcste der Normandie im Englischen Kanal und kann nur per Boot\",\"breadcrumb\":{\"@id\":\"https:\/\/www.urlaubcornwall.de\/blog\/sark-kanalinseln-charmant-und-friedlich\/#breadcrumb\"},\"inLanguage\":\"en-US\",\"potentialAction\":[{\"@type\":\"ReadAction\",\"target\":[\"https:\/\/www.urlaubcornwall.de\/blog\/sark-kanalinseln-charmant-und-friedlich\/\"]}]},{\"@type\":\"BreadcrumbList\",\"@id\":\"https:\/\/www.urlaubcornwall.de\/blog\/sark-kanalinseln-charmant-und-friedlich\/#breadcrumb\",\"itemListElement\":[{\"@type\":\"ListItem\",\"position\":1,\"name\":\"Home\",\"item\":\"https:\/\/www.urlaubcornwall.de\/blog\/\"},{\"@type\":\"ListItem\",\"position\":2,\"name\":\"Urlaub Sark \u2013 charmant und friedlich\"}]}]}<\/script>\n<!-- \/ Yoast SEO plugin. -->","yoast_head_json":{"title":"Urlaub Sark \u2013 charmant und friedlich - Urlaub &amp; Reisen","description":"Sark ist die zweitkleinste der Kanalinseln und befindet sich direkt vor der K\u00fcste der Normandie im Englischen Kanal und kann nur per Boot","robots":{"index":"index","follow":"follow","max-snippet":"max-snippet:-1","max-image-preview":"max-image-preview:large","max-video-preview":"max-video-preview:-1"},"canonical":"https:\/\/www.urlaubcornwall.de\/blog\/sark-kanalinseln-charmant-und-friedlich\/","og_locale":"en_US","og_type":"article","og_title":"Urlaub Sark \u2013 charmant und friedlich - Urlaub &amp; Reisen","og_description":"Sark ist die zweitkleinste der Kanalinseln und befindet sich direkt vor der K\u00fcste der Normandie im Englischen Kanal und kann nur per Boot","og_url":"https:\/\/www.urlaubcornwall.de\/blog\/sark-kanalinseln-charmant-und-friedlich\/","og_site_name":"Urlaub &amp; Reisen","article_modified_time":"2026-01-05T12:25:37+00:00","og_image":[{"url":"https:\/\/www.urlaubcornwall.de\/blog\/wp-content\/uploads\/2021\/11\/Sark-Dixcart-Bay-strand.jpg"}],"twitter_card":"summary","twitter_misc":{"Est. reading time":"3 minutes"},"schema":{"@context":"https:\/\/schema.org","@graph":[{"@type":"WebSite","@id":"https:\/\/www.urlaubcornwall.de\/blog\/#website","url":"https:\/\/www.urlaubcornwall.de\/blog\/","name":"Urlaub &amp; Reisen","description":"Urlaub, Reisen, Cornwall und S\u00fcdengland: eine perfekte Kombination","potentialAction":[{"@type":"SearchAction","target":{"@type":"EntryPoint","urlTemplate":"https:\/\/www.urlaubcornwall.de\/blog\/?s={search_term_string}"},"query-input":"required name=search_term_string"}],"inLanguage":"en-US"},{"@type":"WebPage","@id":"https:\/\/www.urlaubcornwall.de\/blog\/sark-kanalinseln-charmant-und-friedlich\/","url":"https:\/\/www.urlaubcornwall.de\/blog\/sark-kanalinseln-charmant-und-friedlich\/","name":"Urlaub Sark \u2013 charmant und friedlich - Urlaub &amp; Reisen","isPartOf":{"@id":"https:\/\/www.urlaubcornwall.de\/blog\/#website"},"datePublished":"2018-09-07T07:36:08+00:00","dateModified":"2026-01-05T12:25:37+00:00","description":"Sark ist die zweitkleinste der Kanalinseln und befindet sich direkt vor der K\u00fcste der Normandie im Englischen Kanal und kann nur per Boot","breadcrumb":{"@id":"https:\/\/www.urlaubcornwall.de\/blog\/sark-kanalinseln-charmant-und-friedlich\/#breadcrumb"},"inLanguage":"en-US","potentialAction":[{"@type":"ReadAction","target":["https:\/\/www.urlaubcornwall.de\/blog\/sark-kanalinseln-charmant-und-friedlich\/"]}]},{"@type":"BreadcrumbList","@id":"https:\/\/www.urlaubcornwall.de\/blog\/sark-kanalinseln-charmant-und-friedlich\/#breadcrumb","itemListElement":[{"@type":"ListItem","position":1,"name":"Home","item":"https:\/\/www.urlaubcornwall.de\/blog\/"},{"@type":"ListItem","position":2,"name":"Urlaub Sark \u2013 charmant und friedlich"}]}]}},"_links":{"self":[{"href":"https:\/\/www.urlaubcornwall.de\/blog\/wp-json\/wp\/v2\/pages\/34277"}],"collection":[{"href":"https:\/\/www.urlaubcornwall.de\/blog\/wp-json\/wp\/v2\/pages"}],"about":[{"href":"https:\/\/www.urlaubcornwall.de\/blog\/wp-json\/wp\/v2\/types\/page"}],"author":[{"embeddable":true,"href":"https:\/\/www.urlaubcornwall.de\/blog\/wp-json\/wp\/v2\/users\/1"}],"replies":[{"embeddable":true,"href":"https:\/\/www.urlaubcornwall.de\/blog\/wp-json\/wp\/v2\/comments?post=34277"}],"version-history":[{"count":24,"href":"https:\/\/www.urlaubcornwall.de\/blog\/wp-json\/wp\/v2\/pages\/34277\/revisions"}],"predecessor-version":[{"id":51945,"href":"https:\/\/www.urlaubcornwall.de\/blog\/wp-json\/wp\/v2\/pages\/34277\/revisions\/51945"}],"wp:attachment":[{"href":"https:\/\/www.urlaubcornwall.de\/blog\/wp-json\/wp\/v2\/media?parent=34277"}],"curies":[{"name":"wp","href":"https:\/\/api.w.org\/{rel}","templated":true}]}}