{"id":34274,"date":"2018-09-07T07:29:48","date_gmt":"2018-09-07T07:29:48","guid":{"rendered":"https:\/\/www.urlaubcornwall.de\/blog\/?page_id=34274"},"modified":"2024-05-30T14:41:34","modified_gmt":"2024-05-30T14:41:34","slug":"herm-inselparadies-kanalinseln","status":"publish","type":"page","link":"https:\/\/www.urlaubcornwall.de\/blog\/herm-inselparadies-kanalinseln\/","title":{"rendered":"Urlaub Herm \u2013 Inselparadies Kanalinseln"},"content":{"rendered":"<p><a href=\"https:\/\/www.urlaubcornwall.de\/blog\/wp-content\/uploads\/2024\/03\/holywell-cornwall-strand-rotated.jpg\"><img loading=\"lazy\" src=\"https:\/\/www.urlaubcornwall.de\/blog\/wp-content\/uploads\/2024\/03\/holywell-cornwall-strand-rotated.jpg\" alt=\"strand\" width=\"750\" height=\"563\" class=\"alignnone size-full wp-image-47899\" srcset=\"https:\/\/www.urlaubcornwall.de\/blog\/wp-content\/uploads\/2024\/03\/holywell-cornwall-strand-rotated.jpg 750w, https:\/\/www.urlaubcornwall.de\/blog\/wp-content\/uploads\/2024\/03\/holywell-cornwall-strand-300x225.jpg 300w\" sizes=\"(max-width: 750px) 100vw, 750px\" \/><\/a><br \/>\nHerm ist eine wundersch\u00f6ne Insel vor der K\u00fcste von Guernsey, auto- und massenfrei ist dies ein wundervoller Ort f\u00fcr entspannten Familienurlaub. Die einzige M\u00f6glichkeit, Herm zu erreichen, ist per Boot; entweder mit der Passagierf\u00e4hre von <a href=\"https:\/\/www.urlaubcornwall.de\/reiseziel\/kanalinseln\/guernsey.php\">Guernsey<\/a> aus, die ungef\u00e4hr 20 Minuten braucht oder mit einem privaten Charterboot. Sie k\u00f6nnen Herm f\u00fcr nur einen Tag besuchen oder dort bleiben und den friedvollen R\u00fcckzug genie\u00dfen, den die Insel bietet.<\/p>\n<h1>Sehensw\u00fcrdigkeiten Herm<\/h1>\n<h2>Wundersch\u00f6ne Str\u00e4nde auf Herm<\/h2>\n<p>Herm hat eine entz\u00fcckend vielf\u00e4ltige K\u00fcste; die wundersch\u00f6nen Str\u00e4nde mit glitzernd wei\u00dfem Sand und t\u00fcrkisblauem Wasser bilden eine sichere und saubere Umgebung, um Sandburgen zu bauen und im Meer zu paddeln.<\/p>\n<p><strong>Shell Beach<\/strong> &#8211; ist ein wundersch\u00f6ner Abschnitt goldenen Sandes, der sich nahezu 1,2km entlang der Ostk\u00fcste der Insel entlang zieht. Shell Beach hat seinen Namen von den Millionen winziger Muscheln, die vom Golfstrom angesp\u00fclt werden. Shell Beach ist selten \u00fcberf\u00fcllt, nicht einmal bei Flut. Bei Ebbe gibt es jede Menge an Felspools zu erkunden.<\/p>\n<p><strong>Belvoir Beach<\/strong> &#8211; an der Ostk\u00fcste ist ein weiterer, bei Familien beliebter Strand; der weiche Sand und die sicheren Gew\u00e4sser machen ihn ideal zum Schwimmen und Schnorcheln.<\/p>\n<p><strong>Fisherman\u2019s Beach<\/strong> &#8211; an der Westk\u00fcste befindet sich in leichter Erreichbarkeit von \u00fcberall aus auf Herm. Er hat weichen Sand, eine Menge Felspools, sowie Blick nach Guernsey und den Hafen.<br \/>\n<strong><br \/>\nHotel Beach<\/strong> &#8211; ist der nahegelegenste Strand zum Hotel auf Herm. Es ist ein idealer Strand, um Felspools zu erkunden und bietet herrlichen Blick auf Guernsey und Jethou.<\/p>\n<p><strong>Oyster Point<\/strong> &#8211; an der Westk\u00fcste ist abgeschieden und ruhig. Es ist m\u00f6glich, hier einen Tag zu verbringen und lediglich das Ger\u00e4usch der Meeresv\u00f6gel zu h\u00f6ren. F\u00fcr Urlauber, die die Einsamkeit lieben, ist dieser Strand ein Muss.<\/p>\n<h2><strong>Wandern<\/strong>&nbsp;<\/h2>\n<p>Herm ist eine winzige Insel mit lediglich 2,4km L\u00e4nge auf 0,8km Breite; der malerische K\u00fcstenpfad kann in ein paar Stunden erwandert werden. Herm ist ein magischer Ort, und wenn Sie um die Insel herumwandern, werden Sie entdecken, dass sie tief in der Geschichte und in Mysteri\u00f6sem verankert ist. Das n\u00f6rdliche Ende von Herm besteht aus wundersch\u00f6nen Str\u00e4nden und einer riesigen Grasfl\u00e4che, wo vor Millionen von Jahren das wollige Mammut herumgestreift ist. Es gibt neolithische Siedlungen und Beweise f\u00fcr einen pr\u00e4historischen Strand. An der S\u00fcdk\u00fcste befinden sich hohe Klippen und sich windende, mit Blumen begrenzte Pfade, wo Sie w\u00e4hrend eines Nachmittagsspaziergangs viele Variationen wundersch\u00f6ner Wildblumen entdecken werden.<\/p>\n<h2><strong>Aktivit\u00e4ten<\/strong><\/h2>\n<p>Herm bietet dem Besucher eine Menge Aktivit\u00e4ten; Tontaubenschie\u00dfen, Pfeil-und Bogenschie\u00dfen, sowie Kajakfahren, um nur wenige zu nennen. Die G\u00e4rtner auf Herm haben sich einen Ruf erworben mit der Erschaffung atemberaubender K\u00fcsteng\u00e4rten voller Farben. Aufgrund des g\u00fcnstigen milden Klimas und nahezu keinem Frost gibt es viele Pflanzenarten aus der ganzen Welt. Jeden Dienstag von Mitte April bis Mitte September gibt es um 11 Uhr Gartentouren. Die Tour dauert ungef\u00e4hr 2 Stunden, und dabei erkunden Sie den Hafen, das Hotel und den Kirchgarten und bekommen im Aufzuchtshaus Einblick hinter die Szenen. Herm ist auch ein herrlicher Ort zum Angeln; es gibt etwas f\u00fcr jeden Angeltypen zu s\u00e4mtlichen Wetter- und Gezeitenlagen. Wenn Sie ein berauschendes Abenteuer suchen, machen Sie eine RIB Tour, um vom Meer aus Tierleben, Landschaft und interessante Orte, die Herm zu bieten hat, zu sehen.<\/p>\n<p style=\"text-align: center;\"><a class=\"tidycta\" href=\"https:\/\/www.urlaubcornwall.de\/blog\/spezialist-reisen-kanalinseln\/\">Urlaubsinspiration &#8211; zu den Kanalinseln Angeboten<\/a><\/p>\n","protected":false},"excerpt":{"rendered":"<p>Herm ist eine wundersch\u00f6ne Insel vor der K\u00fcste von Guernsey, auto- und massenfrei ist dies ein wundervoller Ort f\u00fcr entspannten Familienurlaub. Die einzige M\u00f6glichkeit, Herm zu erreichen, ist per Boot; entweder mit der Passagierf\u00e4hre von Guernsey aus, die ungef\u00e4hr 20 Minuten braucht oder mit einem privaten Charterboot. Sie k\u00f6nnen Herm f\u00fcr nur einen Tag besuchen [&hellip;]<\/p>\n","protected":false},"author":1,"featured_media":0,"parent":0,"menu_order":0,"comment_status":"closed","ping_status":"closed","template":"single-four.php","meta":[],"acf":[],"yoast_head":"<!-- This site is optimized with the Yoast SEO plugin v19.4 - https:\/\/yoast.com\/wordpress\/plugins\/seo\/ -->\n<title>Urlaub Herm \u2013 Inselparadies Kanalinseln - Urlaub &amp; Reisen<\/title>\n<meta name=\"robots\" content=\"index, follow, max-snippet:-1, max-image-preview:large, max-video-preview:-1\" \/>\n<link rel=\"canonical\" href=\"https:\/\/www.urlaubcornwall.de\/blog\/herm-inselparadies-kanalinseln\/\" \/>\n<meta property=\"og:locale\" content=\"en_US\" \/>\n<meta property=\"og:type\" content=\"article\" \/>\n<meta property=\"og:title\" content=\"Urlaub Herm \u2013 Inselparadies Kanalinseln - Urlaub &amp; Reisen\" \/>\n<meta property=\"og:description\" content=\"Herm ist eine wundersch\u00f6ne Insel vor der K\u00fcste von Guernsey, auto- und massenfrei ist dies ein wundervoller Ort f\u00fcr entspannten Familienurlaub. Die einzige M\u00f6glichkeit, Herm zu erreichen, ist per Boot; entweder mit der Passagierf\u00e4hre von Guernsey aus, die ungef\u00e4hr 20 Minuten braucht oder mit einem privaten Charterboot. Sie k\u00f6nnen Herm f\u00fcr nur einen Tag besuchen [&hellip;]\" \/>\n<meta property=\"og:url\" content=\"https:\/\/www.urlaubcornwall.de\/blog\/herm-inselparadies-kanalinseln\/\" \/>\n<meta property=\"og:site_name\" content=\"Urlaub &amp; Reisen\" \/>\n<meta property=\"article:modified_time\" content=\"2024-05-30T14:41:34+00:00\" \/>\n<meta property=\"og:image\" content=\"https:\/\/www.urlaubcornwall.de\/blog\/wp-content\/uploads\/2024\/03\/holywell-cornwall-strand-rotated.jpg\" \/>\n<meta name=\"twitter:card\" content=\"summary\" \/>\n<meta name=\"twitter:label1\" content=\"Est. reading time\" \/>\n\t<meta name=\"twitter:data1\" content=\"3 minutes\" \/>\n<script type=\"application\/ld+json\" class=\"yoast-schema-graph\">{\"@context\":\"https:\/\/schema.org\",\"@graph\":[{\"@type\":\"WebSite\",\"@id\":\"https:\/\/www.urlaubcornwall.de\/blog\/#website\",\"url\":\"https:\/\/www.urlaubcornwall.de\/blog\/\",\"name\":\"Urlaub &amp; Reisen\",\"description\":\"Urlaub, Reisen, Cornwall und S\u00fcdengland: eine perfekte Kombination\",\"potentialAction\":[{\"@type\":\"SearchAction\",\"target\":{\"@type\":\"EntryPoint\",\"urlTemplate\":\"https:\/\/www.urlaubcornwall.de\/blog\/?s={search_term_string}\"},\"query-input\":\"required name=search_term_string\"}],\"inLanguage\":\"en-US\"},{\"@type\":\"WebPage\",\"@id\":\"https:\/\/www.urlaubcornwall.de\/blog\/herm-inselparadies-kanalinseln\/\",\"url\":\"https:\/\/www.urlaubcornwall.de\/blog\/herm-inselparadies-kanalinseln\/\",\"name\":\"Urlaub Herm \u2013 Inselparadies Kanalinseln - Urlaub &amp; Reisen\",\"isPartOf\":{\"@id\":\"https:\/\/www.urlaubcornwall.de\/blog\/#website\"},\"datePublished\":\"2018-09-07T07:29:48+00:00\",\"dateModified\":\"2024-05-30T14:41:34+00:00\",\"breadcrumb\":{\"@id\":\"https:\/\/www.urlaubcornwall.de\/blog\/herm-inselparadies-kanalinseln\/#breadcrumb\"},\"inLanguage\":\"en-US\",\"potentialAction\":[{\"@type\":\"ReadAction\",\"target\":[\"https:\/\/www.urlaubcornwall.de\/blog\/herm-inselparadies-kanalinseln\/\"]}]},{\"@type\":\"BreadcrumbList\",\"@id\":\"https:\/\/www.urlaubcornwall.de\/blog\/herm-inselparadies-kanalinseln\/#breadcrumb\",\"itemListElement\":[{\"@type\":\"ListItem\",\"position\":1,\"name\":\"Home\",\"item\":\"https:\/\/www.urlaubcornwall.de\/blog\/\"},{\"@type\":\"ListItem\",\"position\":2,\"name\":\"Urlaub Herm \u2013 Inselparadies Kanalinseln\"}]}]}<\/script>\n<!-- \/ Yoast SEO plugin. -->","yoast_head_json":{"title":"Urlaub Herm \u2013 Inselparadies Kanalinseln - Urlaub &amp; Reisen","robots":{"index":"index","follow":"follow","max-snippet":"max-snippet:-1","max-image-preview":"max-image-preview:large","max-video-preview":"max-video-preview:-1"},"canonical":"https:\/\/www.urlaubcornwall.de\/blog\/herm-inselparadies-kanalinseln\/","og_locale":"en_US","og_type":"article","og_title":"Urlaub Herm \u2013 Inselparadies Kanalinseln - Urlaub &amp; Reisen","og_description":"Herm ist eine wundersch\u00f6ne Insel vor der K\u00fcste von Guernsey, auto- und massenfrei ist dies ein wundervoller Ort f\u00fcr entspannten Familienurlaub. Die einzige M\u00f6glichkeit, Herm zu erreichen, ist per Boot; entweder mit der Passagierf\u00e4hre von Guernsey aus, die ungef\u00e4hr 20 Minuten braucht oder mit einem privaten Charterboot. Sie k\u00f6nnen Herm f\u00fcr nur einen Tag besuchen [&hellip;]","og_url":"https:\/\/www.urlaubcornwall.de\/blog\/herm-inselparadies-kanalinseln\/","og_site_name":"Urlaub &amp; Reisen","article_modified_time":"2024-05-30T14:41:34+00:00","og_image":[{"url":"https:\/\/www.urlaubcornwall.de\/blog\/wp-content\/uploads\/2024\/03\/holywell-cornwall-strand-rotated.jpg"}],"twitter_card":"summary","twitter_misc":{"Est. reading time":"3 minutes"},"schema":{"@context":"https:\/\/schema.org","@graph":[{"@type":"WebSite","@id":"https:\/\/www.urlaubcornwall.de\/blog\/#website","url":"https:\/\/www.urlaubcornwall.de\/blog\/","name":"Urlaub &amp; Reisen","description":"Urlaub, Reisen, Cornwall und S\u00fcdengland: eine perfekte Kombination","potentialAction":[{"@type":"SearchAction","target":{"@type":"EntryPoint","urlTemplate":"https:\/\/www.urlaubcornwall.de\/blog\/?s={search_term_string}"},"query-input":"required name=search_term_string"}],"inLanguage":"en-US"},{"@type":"WebPage","@id":"https:\/\/www.urlaubcornwall.de\/blog\/herm-inselparadies-kanalinseln\/","url":"https:\/\/www.urlaubcornwall.de\/blog\/herm-inselparadies-kanalinseln\/","name":"Urlaub Herm \u2013 Inselparadies Kanalinseln - Urlaub &amp; Reisen","isPartOf":{"@id":"https:\/\/www.urlaubcornwall.de\/blog\/#website"},"datePublished":"2018-09-07T07:29:48+00:00","dateModified":"2024-05-30T14:41:34+00:00","breadcrumb":{"@id":"https:\/\/www.urlaubcornwall.de\/blog\/herm-inselparadies-kanalinseln\/#breadcrumb"},"inLanguage":"en-US","potentialAction":[{"@type":"ReadAction","target":["https:\/\/www.urlaubcornwall.de\/blog\/herm-inselparadies-kanalinseln\/"]}]},{"@type":"BreadcrumbList","@id":"https:\/\/www.urlaubcornwall.de\/blog\/herm-inselparadies-kanalinseln\/#breadcrumb","itemListElement":[{"@type":"ListItem","position":1,"name":"Home","item":"https:\/\/www.urlaubcornwall.de\/blog\/"},{"@type":"ListItem","position":2,"name":"Urlaub Herm \u2013 Inselparadies Kanalinseln"}]}]}},"_links":{"self":[{"href":"https:\/\/www.urlaubcornwall.de\/blog\/wp-json\/wp\/v2\/pages\/34274"}],"collection":[{"href":"https:\/\/www.urlaubcornwall.de\/blog\/wp-json\/wp\/v2\/pages"}],"about":[{"href":"https:\/\/www.urlaubcornwall.de\/blog\/wp-json\/wp\/v2\/types\/page"}],"author":[{"embeddable":true,"href":"https:\/\/www.urlaubcornwall.de\/blog\/wp-json\/wp\/v2\/users\/1"}],"replies":[{"embeddable":true,"href":"https:\/\/www.urlaubcornwall.de\/blog\/wp-json\/wp\/v2\/comments?post=34274"}],"version-history":[{"count":10,"href":"https:\/\/www.urlaubcornwall.de\/blog\/wp-json\/wp\/v2\/pages\/34274\/revisions"}],"predecessor-version":[{"id":51120,"href":"https:\/\/www.urlaubcornwall.de\/blog\/wp-json\/wp\/v2\/pages\/34274\/revisions\/51120"}],"wp:attachment":[{"href":"https:\/\/www.urlaubcornwall.de\/blog\/wp-json\/wp\/v2\/media?parent=34274"}],"curies":[{"name":"wp","href":"https:\/\/api.w.org\/{rel}","templated":true}]}}