{"id":34261,"date":"2018-09-06T09:17:21","date_gmt":"2018-09-06T09:17:21","guid":{"rendered":"https:\/\/www.urlaubcornwall.de\/blog\/?page_id=34261"},"modified":"2024-05-30T14:41:56","modified_gmt":"2024-05-30T14:41:56","slug":"10-hundefreundliche-tagesausfluege-in-cornwall","status":"publish","type":"page","link":"https:\/\/www.urlaubcornwall.de\/blog\/10-hundefreundliche-tagesausfluege-in-cornwall\/","title":{"rendered":"10 hundefreundliche Tagesausfl\u00fcge in Cornwall"},"content":{"rendered":"<p>Es gibt so viele fantastische hundefreundliche Ausflugstage, die Sie w\u00e4hrend eines <a href=\"https:\/\/www.urlaubcornwall.de\/ferienhaeuser-fewos\/hundefreundlich-cornwall.html\">Urlaubs in Cornwall mit Ihrem Hund<\/a> genie\u00dfen k\u00f6nnen, und hier sind lediglich zehn davon.<\/p>\n<p>1 \u2013 Die cornische <a href=\"http:\/\/www.visitsealife.com\/gweek\" rel=\"nofollow\">Seehunde Rettungsstation<\/a> in <a href=\"https:\/\/www.urlaubcornwall.de\/ferienhaeuser-fewos\/gweek.html\">Gweek<\/a> ist bekannt aufgrund ihrer ausgezeichneten Arbeit, verletzte Seehunde zu retten und zu rehabilitieren, bevor sie in die Freiheit zur\u00fcckgelassen werden. Es gibt hier auch Seel\u00f6wen, Pinguine und Otter, sowie wundersch\u00f6ne Spazierwege entlang des Flusses. Angeleinte Hunde sind \u00fcberall willkommen, au\u00dfer im Safaribus, dem Seehundekrankenhaus und Caf\u00e9, (es gibt jedoch Sitzm\u00f6glichkeit im Freien). Es gibt zahlreiche Wassergef\u00e4\u00dfe und Hundeleckerlies an der Rezeption. Die Seehunderettungsstation ist t\u00e4glich, au\u00dfer am Weihnachtstag, ge\u00f6ffnet.<\/p>\n<p>2 \u2013 Das <a href=\"http:\/\/www.geevor.com\" rel=\"nofollow\">Geevor Zinnbergwerk<\/a> ist das gr\u00f6\u00dfte erhaltene Bergwerksgel\u00e4nde des Landes und ein wichtiger Teil der cornischen Bergwerks-Kulturerbest\u00e4tte. Sie k\u00f6nnen die Werksgeb\u00e4ude erkunden, untertage gehen, nach Gold sch\u00fcrfen und das Museum besuchen. Hunde sind nicht gestattet im Untertagebereich, dem Gesch\u00e4ft und Caf\u00e9, doch angeleint \u00fcberall sonst willkommen, einschlie\u00dflich des Picknickbereichs. Wassergef\u00e4\u00dfe sind f\u00fcr Ihren Hund vorhanden. Das Geevor Zinnbergwerk ist das ganze Jahr \u00fcber ge\u00f6ffnet, jedoch nicht samstags.<\/p>\n<p>3- Die <a href=\"http:\/\/www.bodminrailway.co.uk\" rel=\"nofollow\">Bodmin und Wenford Bahn<\/a> ist Cornwalls Premier Dampfeisenbahn. F\u00fcr einen besonderen Ausflugstag mit Ihrem Hund machen Sie eine Fahrt mit dieser wundersch\u00f6nen alten Dampfeisenbahn durch die cornische Landschaft, einschlie\u00dflich des Glynn Valley und des Camel Valley. Hunde an kurzen Leinen sind an Bord willkommen, jedoch nicht gestattet im Speisewagen. Ein Ticket f\u00fcr einen Hund kostet \u00a31. Die Bahn ist das ganze Jahr \u00fcber in Betrieb.<\/p>\n<p><img loading=\"lazy\" class=\"aligncenter size-full wp-image-34271\" src=\"https:\/\/www.urlaubcornwall.de\/blog\/wp-content\/uploads\/2018\/09\/pendennis-schloss-falmouth.jpg\" alt=\"pendennis schloss falmouth\" width=\"748\" height=\"438\"\/><\/p>\n<p>4- <a href=\"http:\/\/www.english-heritage.org.uk\/Pendennis\/Falmouth\" rel=\"nofollow\">Pendennis Castle, Falmouth<\/a>, ist eine der feinsten Festungen an der K\u00fcste, die von Heinrich VIII errichtet wurde, um die Fal-Flussm\u00fcndung zu sch\u00fctzen; sie hat Cornwall seit Tudorzeiten vor Invasionen verteidigt. Angeleinte Hunde sind in der Burg und auf dem Grundst\u00fcck gestattet; es gibt eine Sitzm\u00f6glichkeit drau\u00dfen am Caf\u00e9, die hundefreundlich ist. Pendennis Castle ist das ganze Jahr \u00fcber ge\u00f6ffnet.<\/p>\n<div class=\"snippet\"> <a class=\"featured-item\" href=\"https:\/\/www.urlaubcornwall.de\/ferienhaeuser\/suedengland.php\"> <span class=\"image-holder\" style=\"background-image: url('https:\/\/www.urlaubcornwall.de\/blog\/wp-content\/uploads\/2019\/01\/busreisen-cornwall.jpg');\"><\/span> <span class=\"featured-content\"> \n<h2 class=\"featured-title\">Ferienh\u00e4user in Cornwall &#038; S\u00fcdengland<\/h2>\n<p class=\"featured-body\">Bei uns finden Sie Ferienh\u00e4user zum Verlieben &#8211; so einfach ist das! Dank seiner langen Geschichte, der reizvollen Landschaften und seinen vielen Attraktionen ist S\u00fcdengland ein wahres Mekka f\u00fcr Urlauber&#8230;..<\/p><\/span> <span class=\"featured-link-holder\"> <span class=\"featured-extra-info\"> \n<p>Pers\u00f6nlich inspizierter Ferienh\u00e4user<\/p>\n<\/span> \n<p class=\"featured-link\">DETAILS<\/p>\n<\/span> <\/a><\/div>\n<p>5 \u2013 <a href=\"http:\/\/www.newlynartgallery.co.uk\" rel=\"nofollow\">Newlyn Art Gallery &amp; The Exchange, Penzance<\/a>, pr\u00e4sentieren die beste zeitgen\u00f6ssische Kunst im S\u00fcdwesten Englands. Beide Galerien gestatten gut erzogene Hunde an kurzen Leinen, und da die Galerien sich nahe beieinander befinden, stellen sie einen idealen Ausflugstag dar, wenn es drau\u00dfen nass ist.<\/p>\n<p><img loading=\"lazy\" class=\"aligncenter size-full wp-image-47547\" src=\"https:\/\/www.urlaubcornwall.de\/blog\/wp-content\/uploads\/2024\/02\/credit-minack-theatre.jpg\" alt=\"minack-theatre\" width=\"750\" height=\"501\" srcset=\"https:\/\/www.urlaubcornwall.de\/blog\/wp-content\/uploads\/2024\/02\/credit-minack-theatre.jpg 750w, https:\/\/www.urlaubcornwall.de\/blog\/wp-content\/uploads\/2024\/02\/credit-minack-theatre-300x200.jpg 300w\" sizes=\"(max-width: 750px) 100vw, 750px\" \/><br \/>\ncredit-minack-theatre<\/p>\n<p>6- Das <a href=\"http:\/\/www.minack.com\" rel=\"nofollow\">Minack Theater<\/a>, das sich hoch auf den Klippen \u00fcber dem atlantischen Ozean bei Porthcurno befindet, ist eines der weltber\u00fchmtesten und ikonischen Theater. Hunde sind w\u00e4hrend der \u00d6ffnungszeiten, zu denen Sie das Theater auf den Klippen erkunden k\u00f6nnen, das Ausstellungszentrum und den subtropischen Garten, im Minack Theater willkommen. Hunde (au\u00dfer Blindenhunde) sind w\u00e4hrend der Vorf\u00fchrungen nicht gestattet.<\/p>\n<div class=\"snippet\"> <a class=\"featured-item\" href=\"https:\/\/www.urlaubcornwall.de\/rundreisen\/cornwall-suedengland.php\"> <span class=\"image-holder\" style=\"background-image: url('https:\/\/www.urlaubcornwall.de\/blog\/wp-content\/uploads\/2019\/01\/DiTn0QVWsAIOgjG.jpg');\"><\/span> <span class=\"featured-content\"> \n<h2 class=\"featured-title\">Rundreisen Cornwall &#038; S\u00fcdengland eine perfekte Kombination<\/h2>\n<p class=\"featured-body\">Die perfekte Reisem\u00f6glichkeit und erm\u00f6glicht es Ihnen, Entdeckungen zu machen und einen Urlaub im eigenen Schritttempo&#8230;.<\/p><\/span> <span class=\"featured-link-holder\"> <span class=\"featured-extra-info\"> \n<p>F\u00fcr Paare, Familien &#038; Gruppen<\/p>\n<\/span> \n<p class=\"featured-link\">DETAILS<\/p>\n<\/span> <\/a><\/div>\n<p>7 \u2013 <a href=\"http:\/\/www.mountedgcumbe.gov.uk\" rel=\"nofollow\">Mount Edgcumbe Estate<\/a> mit Blick \u00fcber den Fluss Tamar stellt einen herrlichen hundefreundlichen Ausflugstag dar. Der Park ist das ganze Jahr \u00fcber t\u00e4glich der \u00d6ffentlichkeit zug\u00e4nglich. Hunde k\u00f6nnen an den grasbewachsenen Uferb\u00e4nken, die zum Fluss hin abfallen, frei herumrennen, m\u00fcssen jedoch in den formellen G\u00e4rten und im Wildpark angeleint sein.<\/p>\n<p>8 \u2013 <a href=\"http:\/\/www.polperro.org\/museum\" rel=\"nofollow\">Polperros Schmuggel- und Fischereimuseum<\/a> hat Blick \u00fcber den charmanten Fischerhalfen Polperro. Hier finden Sie eine bemerkenswerte Sammlung an Ausstellungsst\u00fccken, Photographien und Memorabilien des bl\u00fchenden Schmuggel- und Fischereihandels in Polperro. Es ist von Ostern bis Ende Oktober ge\u00f6ffnet; angeleinte Hunde sind willkommen.<\/p>\n<p>9 \u2013 <a href=\"http:\/\/www.healeyscyder.co.uk\" rel=\"nofollow\">Healeys Apfelpunschfarm bei Newquay<\/a> ist eine betriebene Apfelpunschfarm. Es gibt Touren der Destilliere mit Geschmacksproben, Traktorentouren durch den Obstgarten, ein Punschmuseum, Bauernhoftiere, sowie ein Caf\u00e9, das \u201eCream Teas\u201c serviert. Angeleinte Hunde sind willkommen; es gibt am Caf\u00e9 eine Au\u00dfensitzm\u00f6glichkeit. Healeys Cyder Farm ist t\u00e4glich das ganze Jahr \u00fcber ge\u00f6ffnet, au\u00dfer am ersten und zweiten Weihnachtsfeiertag.<\/p>\n<p>10 \u2013 <a href=\"http:\/\/www.pencarrow.co.uk\" rel=\"nofollow\">Pencarrow Haus und Garten<\/a> ist ein georgianisches Haus am Rande des Bodmin Moors mit denkmalgesch\u00fctztem Garten. Mit mehr als 20 ha alten Waldgebiets und formellen G\u00e4rten zu erkunden, gibt es eine Menge zu sehen und zu tun. Hunde sind im Garten willkommen, m\u00fcssen jedoch in den Gebieten nahe des Hauses und Caf\u00e9s, wo es H\u00fchner und Pfauen gibt, angeleint bleiben. Hunde sind nicht gestattet im Haus oder Caf\u00e9, doch gibt es eine Au\u00dfensitzm\u00f6glichkeit und einen Picknickplatz, wo sie willkommen sind. Pencarrow Haus und Garten ist von M\u00e4rz bis Ende Oktober ge\u00f6ffnet.<\/p>\n<p>Ein Ferienhaus ist die perfekte Ausgangsbasis f\u00fcr Urlaub in Cornwall gemeinsam mit Ihrem Hund. Hier finden Sie eine Auswahl unserer <a href=\"https:\/\/www.urlaubcornwall.de\/ferienhaeuser-fewos\/hundefreundlich-cornwall.html\">handverlesenen hundefreundlichen Ferienh\u00e4user und Ferienappartements<\/a>.<\/p>\n","protected":false},"excerpt":{"rendered":"<p>Es gibt so viele fantastische hundefreundliche Ausflugstage, die Sie w\u00e4hrend eines Urlaubs in Cornwall mit Ihrem Hund genie\u00dfen k\u00f6nnen, und hier sind lediglich zehn davon. 1 \u2013 Die cornische Seehunde Rettungsstation in Gweek ist bekannt aufgrund ihrer ausgezeichneten Arbeit, verletzte Seehunde zu retten und zu rehabilitieren, bevor sie in die Freiheit zur\u00fcckgelassen werden. Es gibt [&hellip;]<\/p>\n","protected":false},"author":1,"featured_media":0,"parent":0,"menu_order":0,"comment_status":"closed","ping_status":"closed","template":"single-four.php","meta":[],"acf":[],"yoast_head":"<!-- This site is optimized with the Yoast SEO plugin v19.4 - https:\/\/yoast.com\/wordpress\/plugins\/seo\/ -->\n<title>10 hundefreundliche Tagesausfl\u00fcge in Cornwall - Urlaub &amp; Reisen<\/title>\n<meta name=\"robots\" content=\"index, follow, max-snippet:-1, max-image-preview:large, max-video-preview:-1\" \/>\n<link rel=\"canonical\" href=\"https:\/\/www.urlaubcornwall.de\/blog\/10-hundefreundliche-tagesausfluege-in-cornwall\/\" \/>\n<meta property=\"og:locale\" content=\"en_US\" \/>\n<meta property=\"og:type\" content=\"article\" \/>\n<meta property=\"og:title\" content=\"10 hundefreundliche Tagesausfl\u00fcge in Cornwall - Urlaub &amp; Reisen\" \/>\n<meta property=\"og:description\" content=\"Es gibt so viele fantastische hundefreundliche Ausflugstage, die Sie w\u00e4hrend eines Urlaubs in Cornwall mit Ihrem Hund genie\u00dfen k\u00f6nnen, und hier sind lediglich zehn davon. 1 \u2013 Die cornische Seehunde Rettungsstation in Gweek ist bekannt aufgrund ihrer ausgezeichneten Arbeit, verletzte Seehunde zu retten und zu rehabilitieren, bevor sie in die Freiheit zur\u00fcckgelassen werden. Es gibt [&hellip;]\" \/>\n<meta property=\"og:url\" content=\"https:\/\/www.urlaubcornwall.de\/blog\/10-hundefreundliche-tagesausfluege-in-cornwall\/\" \/>\n<meta property=\"og:site_name\" content=\"Urlaub &amp; Reisen\" \/>\n<meta property=\"article:modified_time\" content=\"2024-05-30T14:41:56+00:00\" \/>\n<meta property=\"og:image\" content=\"https:\/\/www.urlaubcornwall.de\/blog\/wp-content\/uploads\/2018\/09\/pendennis-schloss-falmouth.jpg\" \/>\n<meta name=\"twitter:card\" content=\"summary\" \/>\n<meta name=\"twitter:label1\" content=\"Est. reading time\" \/>\n\t<meta name=\"twitter:data1\" content=\"4 minutes\" \/>\n<script type=\"application\/ld+json\" class=\"yoast-schema-graph\">{\"@context\":\"https:\/\/schema.org\",\"@graph\":[{\"@type\":\"WebSite\",\"@id\":\"https:\/\/www.urlaubcornwall.de\/blog\/#website\",\"url\":\"https:\/\/www.urlaubcornwall.de\/blog\/\",\"name\":\"Urlaub &amp; Reisen\",\"description\":\"Urlaub, Reisen, Cornwall und S\u00fcdengland: eine perfekte Kombination\",\"potentialAction\":[{\"@type\":\"SearchAction\",\"target\":{\"@type\":\"EntryPoint\",\"urlTemplate\":\"https:\/\/www.urlaubcornwall.de\/blog\/?s={search_term_string}\"},\"query-input\":\"required name=search_term_string\"}],\"inLanguage\":\"en-US\"},{\"@type\":\"WebPage\",\"@id\":\"https:\/\/www.urlaubcornwall.de\/blog\/10-hundefreundliche-tagesausfluege-in-cornwall\/\",\"url\":\"https:\/\/www.urlaubcornwall.de\/blog\/10-hundefreundliche-tagesausfluege-in-cornwall\/\",\"name\":\"10 hundefreundliche Tagesausfl\u00fcge in Cornwall - Urlaub &amp; Reisen\",\"isPartOf\":{\"@id\":\"https:\/\/www.urlaubcornwall.de\/blog\/#website\"},\"datePublished\":\"2018-09-06T09:17:21+00:00\",\"dateModified\":\"2024-05-30T14:41:56+00:00\",\"breadcrumb\":{\"@id\":\"https:\/\/www.urlaubcornwall.de\/blog\/10-hundefreundliche-tagesausfluege-in-cornwall\/#breadcrumb\"},\"inLanguage\":\"en-US\",\"potentialAction\":[{\"@type\":\"ReadAction\",\"target\":[\"https:\/\/www.urlaubcornwall.de\/blog\/10-hundefreundliche-tagesausfluege-in-cornwall\/\"]}]},{\"@type\":\"BreadcrumbList\",\"@id\":\"https:\/\/www.urlaubcornwall.de\/blog\/10-hundefreundliche-tagesausfluege-in-cornwall\/#breadcrumb\",\"itemListElement\":[{\"@type\":\"ListItem\",\"position\":1,\"name\":\"Home\",\"item\":\"https:\/\/www.urlaubcornwall.de\/blog\/\"},{\"@type\":\"ListItem\",\"position\":2,\"name\":\"10 hundefreundliche Tagesausfl\u00fcge in Cornwall\"}]}]}<\/script>\n<!-- \/ Yoast SEO plugin. -->","yoast_head_json":{"title":"10 hundefreundliche Tagesausfl\u00fcge in Cornwall - Urlaub &amp; Reisen","robots":{"index":"index","follow":"follow","max-snippet":"max-snippet:-1","max-image-preview":"max-image-preview:large","max-video-preview":"max-video-preview:-1"},"canonical":"https:\/\/www.urlaubcornwall.de\/blog\/10-hundefreundliche-tagesausfluege-in-cornwall\/","og_locale":"en_US","og_type":"article","og_title":"10 hundefreundliche Tagesausfl\u00fcge in Cornwall - Urlaub &amp; Reisen","og_description":"Es gibt so viele fantastische hundefreundliche Ausflugstage, die Sie w\u00e4hrend eines Urlaubs in Cornwall mit Ihrem Hund genie\u00dfen k\u00f6nnen, und hier sind lediglich zehn davon. 1 \u2013 Die cornische Seehunde Rettungsstation in Gweek ist bekannt aufgrund ihrer ausgezeichneten Arbeit, verletzte Seehunde zu retten und zu rehabilitieren, bevor sie in die Freiheit zur\u00fcckgelassen werden. Es gibt [&hellip;]","og_url":"https:\/\/www.urlaubcornwall.de\/blog\/10-hundefreundliche-tagesausfluege-in-cornwall\/","og_site_name":"Urlaub &amp; Reisen","article_modified_time":"2024-05-30T14:41:56+00:00","og_image":[{"url":"https:\/\/www.urlaubcornwall.de\/blog\/wp-content\/uploads\/2018\/09\/pendennis-schloss-falmouth.jpg"}],"twitter_card":"summary","twitter_misc":{"Est. reading time":"4 minutes"},"schema":{"@context":"https:\/\/schema.org","@graph":[{"@type":"WebSite","@id":"https:\/\/www.urlaubcornwall.de\/blog\/#website","url":"https:\/\/www.urlaubcornwall.de\/blog\/","name":"Urlaub &amp; Reisen","description":"Urlaub, Reisen, Cornwall und S\u00fcdengland: eine perfekte Kombination","potentialAction":[{"@type":"SearchAction","target":{"@type":"EntryPoint","urlTemplate":"https:\/\/www.urlaubcornwall.de\/blog\/?s={search_term_string}"},"query-input":"required name=search_term_string"}],"inLanguage":"en-US"},{"@type":"WebPage","@id":"https:\/\/www.urlaubcornwall.de\/blog\/10-hundefreundliche-tagesausfluege-in-cornwall\/","url":"https:\/\/www.urlaubcornwall.de\/blog\/10-hundefreundliche-tagesausfluege-in-cornwall\/","name":"10 hundefreundliche Tagesausfl\u00fcge in Cornwall - Urlaub &amp; Reisen","isPartOf":{"@id":"https:\/\/www.urlaubcornwall.de\/blog\/#website"},"datePublished":"2018-09-06T09:17:21+00:00","dateModified":"2024-05-30T14:41:56+00:00","breadcrumb":{"@id":"https:\/\/www.urlaubcornwall.de\/blog\/10-hundefreundliche-tagesausfluege-in-cornwall\/#breadcrumb"},"inLanguage":"en-US","potentialAction":[{"@type":"ReadAction","target":["https:\/\/www.urlaubcornwall.de\/blog\/10-hundefreundliche-tagesausfluege-in-cornwall\/"]}]},{"@type":"BreadcrumbList","@id":"https:\/\/www.urlaubcornwall.de\/blog\/10-hundefreundliche-tagesausfluege-in-cornwall\/#breadcrumb","itemListElement":[{"@type":"ListItem","position":1,"name":"Home","item":"https:\/\/www.urlaubcornwall.de\/blog\/"},{"@type":"ListItem","position":2,"name":"10 hundefreundliche Tagesausfl\u00fcge in Cornwall"}]}]}},"_links":{"self":[{"href":"https:\/\/www.urlaubcornwall.de\/blog\/wp-json\/wp\/v2\/pages\/34261"}],"collection":[{"href":"https:\/\/www.urlaubcornwall.de\/blog\/wp-json\/wp\/v2\/pages"}],"about":[{"href":"https:\/\/www.urlaubcornwall.de\/blog\/wp-json\/wp\/v2\/types\/page"}],"author":[{"embeddable":true,"href":"https:\/\/www.urlaubcornwall.de\/blog\/wp-json\/wp\/v2\/users\/1"}],"replies":[{"embeddable":true,"href":"https:\/\/www.urlaubcornwall.de\/blog\/wp-json\/wp\/v2\/comments?post=34261"}],"version-history":[{"count":12,"href":"https:\/\/www.urlaubcornwall.de\/blog\/wp-json\/wp\/v2\/pages\/34261\/revisions"}],"predecessor-version":[{"id":51121,"href":"https:\/\/www.urlaubcornwall.de\/blog\/wp-json\/wp\/v2\/pages\/34261\/revisions\/51121"}],"wp:attachment":[{"href":"https:\/\/www.urlaubcornwall.de\/blog\/wp-json\/wp\/v2\/media?parent=34261"}],"curies":[{"name":"wp","href":"https:\/\/api.w.org\/{rel}","templated":true}]}}