{"id":34258,"date":"2018-09-06T08:15:26","date_gmt":"2018-09-06T08:15:26","guid":{"rendered":"https:\/\/www.urlaubcornwall.de\/blog\/?page_id=34258"},"modified":"2024-05-30T14:42:13","modified_gmt":"2024-05-30T14:42:13","slug":"wunderschoene-straende-auf-guernsey-kanalinseln","status":"publish","type":"page","link":"https:\/\/www.urlaubcornwall.de\/blog\/wunderschoene-straende-auf-guernsey-kanalinseln\/","title":{"rendered":"Wundersch\u00f6ne Str\u00e4nde auf Guernsey &#8211; Kanalinseln"},"content":{"rendered":"<p><a href=\"https:\/\/www.urlaubcornwall.de\/reiseziel\/kanalinseln\/guernsey.php\">Guernsey hat einige der wundersch\u00f6nsten Abschnitte wei\u00dfen Sandes<\/a>, glitzernden Meeres und Kieselbuchten. Sie finden mit Sicherheit ein perfektes Pl\u00e4tzchen f\u00fcr ein Barbecue am Strand, ein Schwimmerlebnis oder einen gem\u00fctlichen Spaziergang.<\/p>\n<p><strong>Fermain Bay<\/strong> &#8211; befindet sich s\u00fcd\u00f6stlich von St Peter Port, und am leichtesten ist sie erreichbar mittels einer 15min\u00fctigen Bootsfahrt von St Peter Port aus. Sie ist eine von Guernseys h\u00fcbschesten Buchten mit einer der atemberaubendsten Aussichten der Insel. Der Strand hat bei Ebbe Abschnitte wundersch\u00f6nen Sandes, und das kristallklare Wasser ist sicher zum Schwimmen.<\/p>\n<p><strong>Port Soif<\/strong> &#8211; ist ein idyllischer Strand an der Westk\u00fcste und ein windgesch\u00fctztes Fleckchen, wo Sie sp\u00e4tabendliche Familienbarbecues genie\u00dfen und bei Ebbe jede Menge Felspools entdecken k\u00f6nnen.<\/p>\n<p><strong>Vazon Bay<\/strong> &#8211; ist eine von Guernseys besten Surfpl\u00e4tzen; die weite Ausdehnung wei\u00dfen Sandes ist bei Ebbe und Flut gro\u00dfartig f\u00fcr Familien.<\/p>\n<p><strong>Petit Bot<\/strong> &#8211; ist ein wundersch\u00f6ner Strand an der S\u00fcdk\u00fcste von Guernsey. Umgeben von hohen Klippen ist dies eine der windgesch\u00fctztesten Buchten der Insel. Bei Ebbe ist sie perfekt zum Schwimmen und um Felsenpools zu erkunden.<\/p>\n<p><strong>Cobo Bay<\/strong> &#8211; ist einer von Guernseys bei Familien beliebtesten Str\u00e4nden; er ist leicht zug\u00e4nglich, hat wundersch\u00f6nen wei\u00dfen Sand und kristallklares Wasser. An der Stra\u00dfenseite befinden sich jede Menge Annehmlichkeiten.<br \/>\n<strong><br \/>\nMoulin Huet<\/strong> &#8211; ist eine versteckt gelegene Bucht an der S\u00fcdk\u00fcste und ein perfektes Pl\u00e4tzchen zum Schwimmen und um Felsenpools zu erkunden. Moulin Huet lieferte dem legend\u00e4ren Maler der Renaissance, Pierre-Auguste Renoir, Inspiration. Dieser verliebte sich in die abgeschiedene Bucht, als er im Jahre 1883 Guernsey besuchte und w\u00e4hrend seines Aufenthalts 15 ber\u00fchmte Bilder von Moulin Huet malte.<\/p>\n<p><strong>Les Amarreurs<\/strong> &#8211; ist ein erstaunlich malerischer Strand an der Nordk\u00fcste von Guernsey. Er ist bei Familien beliebt, ein gro\u00dfartiger Ort f\u00fcr ein Barbecue, w\u00e4hrend dessen Sie den Sonnenuntergang betrachten. Es ist auch ein gro\u00dfartiges Pl\u00e4tzchen, um entweder bei Ebbe oder bei Flut zu angeln.<\/p>\n<p><strong>Grandes Rocques Beach<\/strong> &#8211; an der Westk\u00fcste von Guernsey ist ein gro\u00dfartiger Ort f\u00fcr Familien. Der Sand z\u00e4hlt zu den weichsten in Guernsey, und es ist der beste Ort, um spektakul\u00e4re Sonnenunterg\u00e4nge zu betrachten.<\/p>\n<p><strong>Petit Port<\/strong> &#8211; ist eine abgeschiedene Sandbucht, die ideal ist zum Paddeln und Schnorcheln. Zum Strand zu gelangen, kann eine Herausforderung sein, zumal 270 Stufen hinunterf\u00fchren zu dieser wundersch\u00f6nen Bucht.<\/p>\n<p style=\"text-align: center;\"><a class=\"tidycta\" href=\"https:\/\/www.urlaubcornwall.de\/blog\/spezialist-reisen-kanalinseln\/\">Urlaubsinspiration &#8211; zu den Kanalinseln Angeboten<\/a><\/p>\n","protected":false},"excerpt":{"rendered":"<p>Guernsey hat einige der wundersch\u00f6nsten Abschnitte wei\u00dfen Sandes, glitzernden Meeres und Kieselbuchten. Sie finden mit Sicherheit ein perfektes Pl\u00e4tzchen f\u00fcr ein Barbecue am Strand, ein Schwimmerlebnis oder einen gem\u00fctlichen Spaziergang. Fermain Bay &#8211; befindet sich s\u00fcd\u00f6stlich von St Peter Port, und am leichtesten ist sie erreichbar mittels einer 15min\u00fctigen Bootsfahrt von St Peter Port aus. [&hellip;]<\/p>\n","protected":false},"author":1,"featured_media":0,"parent":0,"menu_order":0,"comment_status":"closed","ping_status":"closed","template":"single-four.php","meta":[],"acf":[],"yoast_head":"<!-- This site is optimized with the Yoast SEO plugin v19.4 - https:\/\/yoast.com\/wordpress\/plugins\/seo\/ -->\n<title>Wundersch\u00f6ne Str\u00e4nde auf Guernsey - Kanalinseln - Urlaub &amp; Reisen<\/title>\n<meta name=\"description\" content=\"Guernsey hat einige der wundersch\u00f6nsten Abschnitte wei\u00dfen Sandes, glitzernden Meeres und Kieselbuchten\" \/>\n<meta name=\"robots\" content=\"index, follow, max-snippet:-1, max-image-preview:large, max-video-preview:-1\" \/>\n<link rel=\"canonical\" href=\"https:\/\/www.urlaubcornwall.de\/blog\/wunderschoene-straende-auf-guernsey-kanalinseln\/\" \/>\n<meta property=\"og:locale\" content=\"en_US\" \/>\n<meta property=\"og:type\" content=\"article\" \/>\n<meta property=\"og:title\" content=\"Wundersch\u00f6ne Str\u00e4nde auf Guernsey - Kanalinseln - Urlaub &amp; Reisen\" \/>\n<meta property=\"og:description\" content=\"Guernsey hat einige der wundersch\u00f6nsten Abschnitte wei\u00dfen Sandes, glitzernden Meeres und Kieselbuchten\" \/>\n<meta property=\"og:url\" content=\"https:\/\/www.urlaubcornwall.de\/blog\/wunderschoene-straende-auf-guernsey-kanalinseln\/\" \/>\n<meta property=\"og:site_name\" content=\"Urlaub &amp; Reisen\" \/>\n<meta property=\"article:modified_time\" content=\"2024-05-30T14:42:13+00:00\" \/>\n<meta name=\"twitter:card\" content=\"summary\" \/>\n<meta name=\"twitter:label1\" content=\"Est. reading time\" \/>\n\t<meta name=\"twitter:data1\" content=\"2 minutes\" \/>\n<script type=\"application\/ld+json\" class=\"yoast-schema-graph\">{\"@context\":\"https:\/\/schema.org\",\"@graph\":[{\"@type\":\"WebSite\",\"@id\":\"https:\/\/www.urlaubcornwall.de\/blog\/#website\",\"url\":\"https:\/\/www.urlaubcornwall.de\/blog\/\",\"name\":\"Urlaub &amp; Reisen\",\"description\":\"Urlaub, Reisen, Cornwall und S\u00fcdengland: eine perfekte Kombination\",\"potentialAction\":[{\"@type\":\"SearchAction\",\"target\":{\"@type\":\"EntryPoint\",\"urlTemplate\":\"https:\/\/www.urlaubcornwall.de\/blog\/?s={search_term_string}\"},\"query-input\":\"required name=search_term_string\"}],\"inLanguage\":\"en-US\"},{\"@type\":\"WebPage\",\"@id\":\"https:\/\/www.urlaubcornwall.de\/blog\/wunderschoene-straende-auf-guernsey-kanalinseln\/\",\"url\":\"https:\/\/www.urlaubcornwall.de\/blog\/wunderschoene-straende-auf-guernsey-kanalinseln\/\",\"name\":\"Wundersch\u00f6ne Str\u00e4nde auf Guernsey - Kanalinseln - Urlaub &amp; Reisen\",\"isPartOf\":{\"@id\":\"https:\/\/www.urlaubcornwall.de\/blog\/#website\"},\"datePublished\":\"2018-09-06T08:15:26+00:00\",\"dateModified\":\"2024-05-30T14:42:13+00:00\",\"description\":\"Guernsey hat einige der wundersch\u00f6nsten Abschnitte wei\u00dfen Sandes, glitzernden Meeres und Kieselbuchten\",\"breadcrumb\":{\"@id\":\"https:\/\/www.urlaubcornwall.de\/blog\/wunderschoene-straende-auf-guernsey-kanalinseln\/#breadcrumb\"},\"inLanguage\":\"en-US\",\"potentialAction\":[{\"@type\":\"ReadAction\",\"target\":[\"https:\/\/www.urlaubcornwall.de\/blog\/wunderschoene-straende-auf-guernsey-kanalinseln\/\"]}]},{\"@type\":\"BreadcrumbList\",\"@id\":\"https:\/\/www.urlaubcornwall.de\/blog\/wunderschoene-straende-auf-guernsey-kanalinseln\/#breadcrumb\",\"itemListElement\":[{\"@type\":\"ListItem\",\"position\":1,\"name\":\"Home\",\"item\":\"https:\/\/www.urlaubcornwall.de\/blog\/\"},{\"@type\":\"ListItem\",\"position\":2,\"name\":\"Wundersch\u00f6ne Str\u00e4nde auf Guernsey &#8211; Kanalinseln\"}]}]}<\/script>\n<!-- \/ Yoast SEO plugin. -->","yoast_head_json":{"title":"Wundersch\u00f6ne Str\u00e4nde auf Guernsey - Kanalinseln - Urlaub &amp; Reisen","description":"Guernsey hat einige der wundersch\u00f6nsten Abschnitte wei\u00dfen Sandes, glitzernden Meeres und Kieselbuchten","robots":{"index":"index","follow":"follow","max-snippet":"max-snippet:-1","max-image-preview":"max-image-preview:large","max-video-preview":"max-video-preview:-1"},"canonical":"https:\/\/www.urlaubcornwall.de\/blog\/wunderschoene-straende-auf-guernsey-kanalinseln\/","og_locale":"en_US","og_type":"article","og_title":"Wundersch\u00f6ne Str\u00e4nde auf Guernsey - Kanalinseln - Urlaub &amp; Reisen","og_description":"Guernsey hat einige der wundersch\u00f6nsten Abschnitte wei\u00dfen Sandes, glitzernden Meeres und Kieselbuchten","og_url":"https:\/\/www.urlaubcornwall.de\/blog\/wunderschoene-straende-auf-guernsey-kanalinseln\/","og_site_name":"Urlaub &amp; Reisen","article_modified_time":"2024-05-30T14:42:13+00:00","twitter_card":"summary","twitter_misc":{"Est. reading time":"2 minutes"},"schema":{"@context":"https:\/\/schema.org","@graph":[{"@type":"WebSite","@id":"https:\/\/www.urlaubcornwall.de\/blog\/#website","url":"https:\/\/www.urlaubcornwall.de\/blog\/","name":"Urlaub &amp; Reisen","description":"Urlaub, Reisen, Cornwall und S\u00fcdengland: eine perfekte Kombination","potentialAction":[{"@type":"SearchAction","target":{"@type":"EntryPoint","urlTemplate":"https:\/\/www.urlaubcornwall.de\/blog\/?s={search_term_string}"},"query-input":"required name=search_term_string"}],"inLanguage":"en-US"},{"@type":"WebPage","@id":"https:\/\/www.urlaubcornwall.de\/blog\/wunderschoene-straende-auf-guernsey-kanalinseln\/","url":"https:\/\/www.urlaubcornwall.de\/blog\/wunderschoene-straende-auf-guernsey-kanalinseln\/","name":"Wundersch\u00f6ne Str\u00e4nde auf Guernsey - Kanalinseln - Urlaub &amp; Reisen","isPartOf":{"@id":"https:\/\/www.urlaubcornwall.de\/blog\/#website"},"datePublished":"2018-09-06T08:15:26+00:00","dateModified":"2024-05-30T14:42:13+00:00","description":"Guernsey hat einige der wundersch\u00f6nsten Abschnitte wei\u00dfen Sandes, glitzernden Meeres und Kieselbuchten","breadcrumb":{"@id":"https:\/\/www.urlaubcornwall.de\/blog\/wunderschoene-straende-auf-guernsey-kanalinseln\/#breadcrumb"},"inLanguage":"en-US","potentialAction":[{"@type":"ReadAction","target":["https:\/\/www.urlaubcornwall.de\/blog\/wunderschoene-straende-auf-guernsey-kanalinseln\/"]}]},{"@type":"BreadcrumbList","@id":"https:\/\/www.urlaubcornwall.de\/blog\/wunderschoene-straende-auf-guernsey-kanalinseln\/#breadcrumb","itemListElement":[{"@type":"ListItem","position":1,"name":"Home","item":"https:\/\/www.urlaubcornwall.de\/blog\/"},{"@type":"ListItem","position":2,"name":"Wundersch\u00f6ne Str\u00e4nde auf Guernsey &#8211; Kanalinseln"}]}]}},"_links":{"self":[{"href":"https:\/\/www.urlaubcornwall.de\/blog\/wp-json\/wp\/v2\/pages\/34258"}],"collection":[{"href":"https:\/\/www.urlaubcornwall.de\/blog\/wp-json\/wp\/v2\/pages"}],"about":[{"href":"https:\/\/www.urlaubcornwall.de\/blog\/wp-json\/wp\/v2\/types\/page"}],"author":[{"embeddable":true,"href":"https:\/\/www.urlaubcornwall.de\/blog\/wp-json\/wp\/v2\/users\/1"}],"replies":[{"embeddable":true,"href":"https:\/\/www.urlaubcornwall.de\/blog\/wp-json\/wp\/v2\/comments?post=34258"}],"version-history":[{"count":10,"href":"https:\/\/www.urlaubcornwall.de\/blog\/wp-json\/wp\/v2\/pages\/34258\/revisions"}],"predecessor-version":[{"id":51122,"href":"https:\/\/www.urlaubcornwall.de\/blog\/wp-json\/wp\/v2\/pages\/34258\/revisions\/51122"}],"wp:attachment":[{"href":"https:\/\/www.urlaubcornwall.de\/blog\/wp-json\/wp\/v2\/media?parent=34258"}],"curies":[{"name":"wp","href":"https:\/\/api.w.org\/{rel}","templated":true}]}}