{"id":34256,"date":"2018-09-06T07:58:08","date_gmt":"2018-09-06T07:58:08","guid":{"rendered":"https:\/\/www.urlaubcornwall.de\/blog\/?page_id=34256"},"modified":"2018-11-29T14:05:37","modified_gmt":"2018-11-29T14:05:37","slug":"urlaub-guernsey-mit-hund-hundefreundliche-attraktionen","status":"publish","type":"page","link":"https:\/\/www.urlaubcornwall.de\/blog\/urlaub-guernsey-mit-hund-hundefreundliche-attraktionen\/","title":{"rendered":"Urlaub Guernsey mit Hund \u2013 hundefreundliche Attraktionen"},"content":{"rendered":"<p><img loading=\"lazy\" class=\"aligncenter size-full wp-image-34188\" src=\"https:\/\/www.urlaubcornwall.de\/blog\/wp-content\/uploads\/2018\/08\/guernsey-urlaub-meer-strand.jpg\" alt=\"Urlaub Guernsey mit Hund\" width=\"749\" height=\"398\" srcset=\"https:\/\/www.urlaubcornwall.de\/blog\/wp-content\/uploads\/2018\/08\/guernsey-urlaub-meer-strand.jpg 749w, https:\/\/www.urlaubcornwall.de\/blog\/wp-content\/uploads\/2018\/08\/guernsey-urlaub-meer-strand-300x159.jpg 300w\" sizes=\"(max-width: 749px) 100vw, 749px\" \/><br \/>\nDie meisten von Guernseys Str\u00e4nden sind w\u00e4hrend der Sommermonate hundefreundlich. Die Str\u00e4nde, an denen Hunde zwischen dem 1. Mai und 30. September untersagt sind, sind Fermain, Petit Bot, L&#8217;Er\u00e9e, Vazon (n\u00f6rdliches Ende), Cobo, Port Soif, L&#8217;Ancresse und Pembroke. Hunde sind das ganze Jahr \u00fcber untersagt auf der Insel Lihou und dem Lihou Steg. Um Ihren Hund aus einem EU-Land mit nach Guernsey zu bringen, brauchen Sie einen Tierausweis.<\/p>\n<p>Str\u00e4nde, an denen Hunde gestattet sind:<\/p>\n<p>1. Bordeaux Harbour<\/p>\n<p>2. Grandes Rocques<\/p>\n<p>3. Havelet Bay<\/p>\n<p>4. Saint&#8217;s Bay<\/p>\n<p>Str\u00e4nde, an denen Hunde m\u00f6glicherweise mit Einschr\u00e4nkungen gestattet sind:<\/p>\n<p>5.Belvoir Bay<\/p>\n<p>6.Cobo Beach<\/p>\n<p>7.Fermain<\/p>\n<p>8.L&#8217;Eree<\/p>\n<p>9.Ladies Bay<\/p>\n<p>10.Pembroke Bay<\/p>\n<p>11.Petit Bot Bay<\/p>\n<p>12.Port Soif Bay<\/p>\n<p>Tierfreundliche Unterkunft in Guernsey<\/p>\n<p>Unterk\u00fcnfte in Guernsey, die Haustiere erlauben.<\/p>\n","protected":false},"excerpt":{"rendered":"<p>Die meisten von Guernseys Str\u00e4nden sind w\u00e4hrend der Sommermonate hundefreundlich. Die Str\u00e4nde, an denen Hunde zwischen dem 1. Mai und 30. September untersagt sind, sind Fermain, Petit Bot, L&#8217;Er\u00e9e, Vazon (n\u00f6rdliches Ende), Cobo, Port Soif, L&#8217;Ancresse und Pembroke. Hunde sind das ganze Jahr \u00fcber untersagt auf der Insel Lihou und dem Lihou Steg. Um Ihren [&hellip;]<\/p>\n","protected":false},"author":1,"featured_media":0,"parent":0,"menu_order":0,"comment_status":"closed","ping_status":"closed","template":"single-four.php","meta":[],"acf":[],"yoast_head":"<!-- This site is optimized with the Yoast SEO plugin v19.4 - https:\/\/yoast.com\/wordpress\/plugins\/seo\/ -->\n<title>Urlaub Guernsey mit Hund \u2013 hundefreundliche Attraktionen - Urlaub &amp; Reisen<\/title>\n<meta name=\"robots\" content=\"index, follow, max-snippet:-1, max-image-preview:large, max-video-preview:-1\" \/>\n<link rel=\"canonical\" href=\"https:\/\/www.urlaubcornwall.de\/blog\/urlaub-guernsey-mit-hund-hundefreundliche-attraktionen\/\" \/>\n<meta property=\"og:locale\" content=\"en_US\" \/>\n<meta property=\"og:type\" content=\"article\" \/>\n<meta property=\"og:title\" content=\"Urlaub Guernsey mit Hund \u2013 hundefreundliche Attraktionen - Urlaub &amp; Reisen\" \/>\n<meta property=\"og:description\" content=\"Die meisten von Guernseys Str\u00e4nden sind w\u00e4hrend der Sommermonate hundefreundlich. Die Str\u00e4nde, an denen Hunde zwischen dem 1. Mai und 30. September untersagt sind, sind Fermain, Petit Bot, L&#8217;Er\u00e9e, Vazon (n\u00f6rdliches Ende), Cobo, Port Soif, L&#8217;Ancresse und Pembroke. Hunde sind das ganze Jahr \u00fcber untersagt auf der Insel Lihou und dem Lihou Steg. Um Ihren [&hellip;]\" \/>\n<meta property=\"og:url\" content=\"https:\/\/www.urlaubcornwall.de\/blog\/urlaub-guernsey-mit-hund-hundefreundliche-attraktionen\/\" \/>\n<meta property=\"og:site_name\" content=\"Urlaub &amp; Reisen\" \/>\n<meta property=\"article:modified_time\" content=\"2018-11-29T14:05:37+00:00\" \/>\n<meta property=\"og:image\" content=\"https:\/\/www.urlaubcornwall.de\/blog\/wp-content\/uploads\/2018\/08\/guernsey-urlaub-meer-strand.jpg\" \/>\n<meta name=\"twitter:card\" content=\"summary\" \/>\n<meta name=\"twitter:label1\" content=\"Est. reading time\" \/>\n\t<meta name=\"twitter:data1\" content=\"1 minute\" \/>\n<script type=\"application\/ld+json\" class=\"yoast-schema-graph\">{\"@context\":\"https:\/\/schema.org\",\"@graph\":[{\"@type\":\"WebSite\",\"@id\":\"https:\/\/www.urlaubcornwall.de\/blog\/#website\",\"url\":\"https:\/\/www.urlaubcornwall.de\/blog\/\",\"name\":\"Urlaub &amp; Reisen\",\"description\":\"Urlaub, Reisen, Cornwall und S\u00fcdengland: eine perfekte Kombination\",\"potentialAction\":[{\"@type\":\"SearchAction\",\"target\":{\"@type\":\"EntryPoint\",\"urlTemplate\":\"https:\/\/www.urlaubcornwall.de\/blog\/?s={search_term_string}\"},\"query-input\":\"required name=search_term_string\"}],\"inLanguage\":\"en-US\"},{\"@type\":\"WebPage\",\"@id\":\"https:\/\/www.urlaubcornwall.de\/blog\/urlaub-guernsey-mit-hund-hundefreundliche-attraktionen\/\",\"url\":\"https:\/\/www.urlaubcornwall.de\/blog\/urlaub-guernsey-mit-hund-hundefreundliche-attraktionen\/\",\"name\":\"Urlaub Guernsey mit Hund \u2013 hundefreundliche Attraktionen - Urlaub &amp; Reisen\",\"isPartOf\":{\"@id\":\"https:\/\/www.urlaubcornwall.de\/blog\/#website\"},\"datePublished\":\"2018-09-06T07:58:08+00:00\",\"dateModified\":\"2018-11-29T14:05:37+00:00\",\"breadcrumb\":{\"@id\":\"https:\/\/www.urlaubcornwall.de\/blog\/urlaub-guernsey-mit-hund-hundefreundliche-attraktionen\/#breadcrumb\"},\"inLanguage\":\"en-US\",\"potentialAction\":[{\"@type\":\"ReadAction\",\"target\":[\"https:\/\/www.urlaubcornwall.de\/blog\/urlaub-guernsey-mit-hund-hundefreundliche-attraktionen\/\"]}]},{\"@type\":\"BreadcrumbList\",\"@id\":\"https:\/\/www.urlaubcornwall.de\/blog\/urlaub-guernsey-mit-hund-hundefreundliche-attraktionen\/#breadcrumb\",\"itemListElement\":[{\"@type\":\"ListItem\",\"position\":1,\"name\":\"Home\",\"item\":\"https:\/\/www.urlaubcornwall.de\/blog\/\"},{\"@type\":\"ListItem\",\"position\":2,\"name\":\"Urlaub Guernsey mit Hund \u2013 hundefreundliche Attraktionen\"}]}]}<\/script>\n<!-- \/ Yoast SEO plugin. -->","yoast_head_json":{"title":"Urlaub Guernsey mit Hund \u2013 hundefreundliche Attraktionen - Urlaub &amp; Reisen","robots":{"index":"index","follow":"follow","max-snippet":"max-snippet:-1","max-image-preview":"max-image-preview:large","max-video-preview":"max-video-preview:-1"},"canonical":"https:\/\/www.urlaubcornwall.de\/blog\/urlaub-guernsey-mit-hund-hundefreundliche-attraktionen\/","og_locale":"en_US","og_type":"article","og_title":"Urlaub Guernsey mit Hund \u2013 hundefreundliche Attraktionen - Urlaub &amp; Reisen","og_description":"Die meisten von Guernseys Str\u00e4nden sind w\u00e4hrend der Sommermonate hundefreundlich. Die Str\u00e4nde, an denen Hunde zwischen dem 1. Mai und 30. September untersagt sind, sind Fermain, Petit Bot, L&#8217;Er\u00e9e, Vazon (n\u00f6rdliches Ende), Cobo, Port Soif, L&#8217;Ancresse und Pembroke. Hunde sind das ganze Jahr \u00fcber untersagt auf der Insel Lihou und dem Lihou Steg. Um Ihren [&hellip;]","og_url":"https:\/\/www.urlaubcornwall.de\/blog\/urlaub-guernsey-mit-hund-hundefreundliche-attraktionen\/","og_site_name":"Urlaub &amp; Reisen","article_modified_time":"2018-11-29T14:05:37+00:00","og_image":[{"url":"https:\/\/www.urlaubcornwall.de\/blog\/wp-content\/uploads\/2018\/08\/guernsey-urlaub-meer-strand.jpg"}],"twitter_card":"summary","twitter_misc":{"Est. reading time":"1 minute"},"schema":{"@context":"https:\/\/schema.org","@graph":[{"@type":"WebSite","@id":"https:\/\/www.urlaubcornwall.de\/blog\/#website","url":"https:\/\/www.urlaubcornwall.de\/blog\/","name":"Urlaub &amp; Reisen","description":"Urlaub, Reisen, Cornwall und S\u00fcdengland: eine perfekte Kombination","potentialAction":[{"@type":"SearchAction","target":{"@type":"EntryPoint","urlTemplate":"https:\/\/www.urlaubcornwall.de\/blog\/?s={search_term_string}"},"query-input":"required name=search_term_string"}],"inLanguage":"en-US"},{"@type":"WebPage","@id":"https:\/\/www.urlaubcornwall.de\/blog\/urlaub-guernsey-mit-hund-hundefreundliche-attraktionen\/","url":"https:\/\/www.urlaubcornwall.de\/blog\/urlaub-guernsey-mit-hund-hundefreundliche-attraktionen\/","name":"Urlaub Guernsey mit Hund \u2013 hundefreundliche Attraktionen - Urlaub &amp; Reisen","isPartOf":{"@id":"https:\/\/www.urlaubcornwall.de\/blog\/#website"},"datePublished":"2018-09-06T07:58:08+00:00","dateModified":"2018-11-29T14:05:37+00:00","breadcrumb":{"@id":"https:\/\/www.urlaubcornwall.de\/blog\/urlaub-guernsey-mit-hund-hundefreundliche-attraktionen\/#breadcrumb"},"inLanguage":"en-US","potentialAction":[{"@type":"ReadAction","target":["https:\/\/www.urlaubcornwall.de\/blog\/urlaub-guernsey-mit-hund-hundefreundliche-attraktionen\/"]}]},{"@type":"BreadcrumbList","@id":"https:\/\/www.urlaubcornwall.de\/blog\/urlaub-guernsey-mit-hund-hundefreundliche-attraktionen\/#breadcrumb","itemListElement":[{"@type":"ListItem","position":1,"name":"Home","item":"https:\/\/www.urlaubcornwall.de\/blog\/"},{"@type":"ListItem","position":2,"name":"Urlaub Guernsey mit Hund \u2013 hundefreundliche Attraktionen"}]}]}},"_links":{"self":[{"href":"https:\/\/www.urlaubcornwall.de\/blog\/wp-json\/wp\/v2\/pages\/34256"}],"collection":[{"href":"https:\/\/www.urlaubcornwall.de\/blog\/wp-json\/wp\/v2\/pages"}],"about":[{"href":"https:\/\/www.urlaubcornwall.de\/blog\/wp-json\/wp\/v2\/types\/page"}],"author":[{"embeddable":true,"href":"https:\/\/www.urlaubcornwall.de\/blog\/wp-json\/wp\/v2\/users\/1"}],"replies":[{"embeddable":true,"href":"https:\/\/www.urlaubcornwall.de\/blog\/wp-json\/wp\/v2\/comments?post=34256"}],"version-history":[{"count":1,"href":"https:\/\/www.urlaubcornwall.de\/blog\/wp-json\/wp\/v2\/pages\/34256\/revisions"}],"predecessor-version":[{"id":34257,"href":"https:\/\/www.urlaubcornwall.de\/blog\/wp-json\/wp\/v2\/pages\/34256\/revisions\/34257"}],"wp:attachment":[{"href":"https:\/\/www.urlaubcornwall.de\/blog\/wp-json\/wp\/v2\/media?parent=34256"}],"curies":[{"name":"wp","href":"https:\/\/api.w.org\/{rel}","templated":true}]}}