{"id":34197,"date":"2018-08-28T08:47:55","date_gmt":"2018-08-28T08:47:55","guid":{"rendered":"https:\/\/www.urlaubcornwall.de\/blog\/?page_id=34197"},"modified":"2022-11-23T12:28:43","modified_gmt":"2022-11-23T12:28:43","slug":"wunderschoene-gaerten-auf-jersey-urlaub-kanalinseln","status":"publish","type":"page","link":"https:\/\/www.urlaubcornwall.de\/blog\/wunderschoene-gaerten-auf-jersey-urlaub-kanalinseln\/","title":{"rendered":"Wundersch\u00f6ne G\u00e4rten auf Jersey \u2013 Urlaub Kanalinseln"},"content":{"rendered":"<p><a href=\"https:\/\/www.urlaubcornwall.de\/reiseziel\/kanalinseln\/jersey.php\">Urlaubstipps f\u00fcr Ihren Jersey<\/a> besuch \u2013 hier sind unsere Lieblingsg\u00e4rten.<\/p>\n<p><a href=\"http:\/\/www.judithqueree.com\">Judith Querees Garten<\/a>, St Ouen, ist ein preisgekr\u00f6nter Garten mit vielen seltenen und ungew\u00f6hnlichen Pflanzen, die meisten davon Kr\u00e4uterstauden aus der ganzen Welt, die &nbsp;organisch gen\u00e4hrt werden. Der Garten ist von Mai \u2013 September mit Vorbuchung dienstags, mittwochs und donnerstags ge\u00f6ffnet. Er ist nicht geeignet f\u00fcr Kleinkinder.<\/p>\n<p>Die botanischen G\u00e4rten bei <a href=\"http:\/\/www.samaresmanor.com\">Samares Manor, St Clement<\/a>, befinden sich in Privatbesitz von Seigneur de Samar\u00e9s. Diese friedvollen und ruhigen G\u00e4rten sind in ihrem Stil ganz unterschiedlich und beinhalten einen bekannten Kr\u00e4utergarten und Japanischen Garten. Au\u00dferdem gibt es das Herrenhaus und Museum l\u00e4ndlichen Lebens, die der \u00d6ffentlichkeit zug\u00e4nglich sind. Sie sind von Ende M\u00e4rz-Oktober t\u00e4glich ge\u00f6ffnet. Hunde sind nicht gestattet.<\/p>\n","protected":false},"excerpt":{"rendered":"<p>Urlaubstipps f\u00fcr Ihren Jersey besuch \u2013 hier sind unsere Lieblingsg\u00e4rten. Judith Querees Garten, St Ouen, ist ein preisgekr\u00f6nter Garten mit vielen seltenen und ungew\u00f6hnlichen Pflanzen, die meisten davon Kr\u00e4uterstauden aus der ganzen Welt, die &nbsp;organisch gen\u00e4hrt werden. Der Garten ist von Mai \u2013 September mit Vorbuchung dienstags, mittwochs und donnerstags ge\u00f6ffnet. Er ist nicht geeignet [&hellip;]<\/p>\n","protected":false},"author":1,"featured_media":0,"parent":0,"menu_order":0,"comment_status":"closed","ping_status":"closed","template":"page-products.php","meta":[],"acf":[],"yoast_head":"<!-- This site is optimized with the Yoast SEO plugin v19.4 - https:\/\/yoast.com\/wordpress\/plugins\/seo\/ -->\n<title>Wundersch\u00f6ne G\u00e4rten auf Jersey \u2013 Urlaub Kanalinseln - Urlaub &amp; Reisen<\/title>\n<meta name=\"description\" content=\"Urlaubstipps f\u00fcr Ihren Jersey besuch \u2013 hier sind unsere Lieblingsg\u00e4rten. Judith Querees Garten, St Ouen\" \/>\n<meta name=\"robots\" content=\"index, follow, max-snippet:-1, max-image-preview:large, max-video-preview:-1\" \/>\n<link rel=\"canonical\" href=\"https:\/\/www.urlaubcornwall.de\/blog\/wunderschoene-gaerten-auf-jersey-urlaub-kanalinseln\/\" \/>\n<meta property=\"og:locale\" content=\"en_US\" \/>\n<meta property=\"og:type\" content=\"article\" \/>\n<meta property=\"og:title\" content=\"Wundersch\u00f6ne G\u00e4rten auf Jersey \u2013 Urlaub Kanalinseln - Urlaub &amp; Reisen\" \/>\n<meta property=\"og:description\" content=\"Urlaubstipps f\u00fcr Ihren Jersey besuch \u2013 hier sind unsere Lieblingsg\u00e4rten. Judith Querees Garten, St Ouen\" \/>\n<meta property=\"og:url\" content=\"https:\/\/www.urlaubcornwall.de\/blog\/wunderschoene-gaerten-auf-jersey-urlaub-kanalinseln\/\" \/>\n<meta property=\"og:site_name\" content=\"Urlaub &amp; Reisen\" \/>\n<meta property=\"article:modified_time\" content=\"2022-11-23T12:28:43+00:00\" \/>\n<meta name=\"twitter:card\" content=\"summary\" \/>\n<meta name=\"twitter:label1\" content=\"Est. reading time\" \/>\n\t<meta name=\"twitter:data1\" content=\"1 minute\" \/>\n<script type=\"application\/ld+json\" class=\"yoast-schema-graph\">{\"@context\":\"https:\/\/schema.org\",\"@graph\":[{\"@type\":\"WebSite\",\"@id\":\"https:\/\/www.urlaubcornwall.de\/blog\/#website\",\"url\":\"https:\/\/www.urlaubcornwall.de\/blog\/\",\"name\":\"Urlaub &amp; Reisen\",\"description\":\"Urlaub, Reisen, Cornwall und S\u00fcdengland: eine perfekte Kombination\",\"potentialAction\":[{\"@type\":\"SearchAction\",\"target\":{\"@type\":\"EntryPoint\",\"urlTemplate\":\"https:\/\/www.urlaubcornwall.de\/blog\/?s={search_term_string}\"},\"query-input\":\"required name=search_term_string\"}],\"inLanguage\":\"en-US\"},{\"@type\":\"WebPage\",\"@id\":\"https:\/\/www.urlaubcornwall.de\/blog\/wunderschoene-gaerten-auf-jersey-urlaub-kanalinseln\/\",\"url\":\"https:\/\/www.urlaubcornwall.de\/blog\/wunderschoene-gaerten-auf-jersey-urlaub-kanalinseln\/\",\"name\":\"Wundersch\u00f6ne G\u00e4rten auf Jersey \u2013 Urlaub Kanalinseln - Urlaub &amp; Reisen\",\"isPartOf\":{\"@id\":\"https:\/\/www.urlaubcornwall.de\/blog\/#website\"},\"datePublished\":\"2018-08-28T08:47:55+00:00\",\"dateModified\":\"2022-11-23T12:28:43+00:00\",\"description\":\"Urlaubstipps f\u00fcr Ihren Jersey besuch \u2013 hier sind unsere Lieblingsg\u00e4rten. Judith Querees Garten, St Ouen\",\"breadcrumb\":{\"@id\":\"https:\/\/www.urlaubcornwall.de\/blog\/wunderschoene-gaerten-auf-jersey-urlaub-kanalinseln\/#breadcrumb\"},\"inLanguage\":\"en-US\",\"potentialAction\":[{\"@type\":\"ReadAction\",\"target\":[\"https:\/\/www.urlaubcornwall.de\/blog\/wunderschoene-gaerten-auf-jersey-urlaub-kanalinseln\/\"]}]},{\"@type\":\"BreadcrumbList\",\"@id\":\"https:\/\/www.urlaubcornwall.de\/blog\/wunderschoene-gaerten-auf-jersey-urlaub-kanalinseln\/#breadcrumb\",\"itemListElement\":[{\"@type\":\"ListItem\",\"position\":1,\"name\":\"Home\",\"item\":\"https:\/\/www.urlaubcornwall.de\/blog\/\"},{\"@type\":\"ListItem\",\"position\":2,\"name\":\"Wundersch\u00f6ne G\u00e4rten auf Jersey \u2013 Urlaub Kanalinseln\"}]}]}<\/script>\n<!-- \/ Yoast SEO plugin. -->","yoast_head_json":{"title":"Wundersch\u00f6ne G\u00e4rten auf Jersey \u2013 Urlaub Kanalinseln - Urlaub &amp; Reisen","description":"Urlaubstipps f\u00fcr Ihren Jersey besuch \u2013 hier sind unsere Lieblingsg\u00e4rten. Judith Querees Garten, St Ouen","robots":{"index":"index","follow":"follow","max-snippet":"max-snippet:-1","max-image-preview":"max-image-preview:large","max-video-preview":"max-video-preview:-1"},"canonical":"https:\/\/www.urlaubcornwall.de\/blog\/wunderschoene-gaerten-auf-jersey-urlaub-kanalinseln\/","og_locale":"en_US","og_type":"article","og_title":"Wundersch\u00f6ne G\u00e4rten auf Jersey \u2013 Urlaub Kanalinseln - Urlaub &amp; Reisen","og_description":"Urlaubstipps f\u00fcr Ihren Jersey besuch \u2013 hier sind unsere Lieblingsg\u00e4rten. Judith Querees Garten, St Ouen","og_url":"https:\/\/www.urlaubcornwall.de\/blog\/wunderschoene-gaerten-auf-jersey-urlaub-kanalinseln\/","og_site_name":"Urlaub &amp; Reisen","article_modified_time":"2022-11-23T12:28:43+00:00","twitter_card":"summary","twitter_misc":{"Est. reading time":"1 minute"},"schema":{"@context":"https:\/\/schema.org","@graph":[{"@type":"WebSite","@id":"https:\/\/www.urlaubcornwall.de\/blog\/#website","url":"https:\/\/www.urlaubcornwall.de\/blog\/","name":"Urlaub &amp; Reisen","description":"Urlaub, Reisen, Cornwall und S\u00fcdengland: eine perfekte Kombination","potentialAction":[{"@type":"SearchAction","target":{"@type":"EntryPoint","urlTemplate":"https:\/\/www.urlaubcornwall.de\/blog\/?s={search_term_string}"},"query-input":"required name=search_term_string"}],"inLanguage":"en-US"},{"@type":"WebPage","@id":"https:\/\/www.urlaubcornwall.de\/blog\/wunderschoene-gaerten-auf-jersey-urlaub-kanalinseln\/","url":"https:\/\/www.urlaubcornwall.de\/blog\/wunderschoene-gaerten-auf-jersey-urlaub-kanalinseln\/","name":"Wundersch\u00f6ne G\u00e4rten auf Jersey \u2013 Urlaub Kanalinseln - Urlaub &amp; Reisen","isPartOf":{"@id":"https:\/\/www.urlaubcornwall.de\/blog\/#website"},"datePublished":"2018-08-28T08:47:55+00:00","dateModified":"2022-11-23T12:28:43+00:00","description":"Urlaubstipps f\u00fcr Ihren Jersey besuch \u2013 hier sind unsere Lieblingsg\u00e4rten. Judith Querees Garten, St Ouen","breadcrumb":{"@id":"https:\/\/www.urlaubcornwall.de\/blog\/wunderschoene-gaerten-auf-jersey-urlaub-kanalinseln\/#breadcrumb"},"inLanguage":"en-US","potentialAction":[{"@type":"ReadAction","target":["https:\/\/www.urlaubcornwall.de\/blog\/wunderschoene-gaerten-auf-jersey-urlaub-kanalinseln\/"]}]},{"@type":"BreadcrumbList","@id":"https:\/\/www.urlaubcornwall.de\/blog\/wunderschoene-gaerten-auf-jersey-urlaub-kanalinseln\/#breadcrumb","itemListElement":[{"@type":"ListItem","position":1,"name":"Home","item":"https:\/\/www.urlaubcornwall.de\/blog\/"},{"@type":"ListItem","position":2,"name":"Wundersch\u00f6ne G\u00e4rten auf Jersey \u2013 Urlaub Kanalinseln"}]}]}},"_links":{"self":[{"href":"https:\/\/www.urlaubcornwall.de\/blog\/wp-json\/wp\/v2\/pages\/34197"}],"collection":[{"href":"https:\/\/www.urlaubcornwall.de\/blog\/wp-json\/wp\/v2\/pages"}],"about":[{"href":"https:\/\/www.urlaubcornwall.de\/blog\/wp-json\/wp\/v2\/types\/page"}],"author":[{"embeddable":true,"href":"https:\/\/www.urlaubcornwall.de\/blog\/wp-json\/wp\/v2\/users\/1"}],"replies":[{"embeddable":true,"href":"https:\/\/www.urlaubcornwall.de\/blog\/wp-json\/wp\/v2\/comments?post=34197"}],"version-history":[{"count":12,"href":"https:\/\/www.urlaubcornwall.de\/blog\/wp-json\/wp\/v2\/pages\/34197\/revisions"}],"predecessor-version":[{"id":45396,"href":"https:\/\/www.urlaubcornwall.de\/blog\/wp-json\/wp\/v2\/pages\/34197\/revisions\/45396"}],"wp:attachment":[{"href":"https:\/\/www.urlaubcornwall.de\/blog\/wp-json\/wp\/v2\/media?parent=34197"}],"curies":[{"name":"wp","href":"https:\/\/api.w.org\/{rel}","templated":true}]}}