{"id":34191,"date":"2018-08-24T13:29:10","date_gmt":"2018-08-24T13:29:10","guid":{"rendered":"https:\/\/www.urlaubcornwall.de\/blog\/?page_id=34191"},"modified":"2021-11-08T10:36:51","modified_gmt":"2021-11-08T10:36:51","slug":"urlaub-kanalinseln-mit-hund-nuetzliche-information","status":"publish","type":"page","link":"https:\/\/www.urlaubcornwall.de\/blog\/urlaub-kanalinseln-mit-hund-nuetzliche-information\/","title":{"rendered":"Urlaub Kanalinseln mit Hund &#8211; N\u00fctzliche Information."},"content":{"rendered":"<p><a href=\"https:\/\/www.urlaubcornwall.de\/blog\/wp-content\/uploads\/2018\/02\/rundreise-mit-hund-england.jpg\"><img loading=\"lazy\" class=\"alignnone size-full wp-image-32383\" src=\"https:\/\/www.urlaubcornwall.de\/blog\/wp-content\/uploads\/2018\/02\/rundreise-mit-hund-england.jpg\" alt=\"urlaub kanalinseln mit hund\" width=\"748\" height=\"399\"\/><\/a><br \/>\nN\u00fctzliche Information, wenn Sie planen, einen Hund mit in den <a href=\"https:\/\/www.urlaubcornwall.de\/reiseziel\/kanalinseln\/\">Urlaub auf die Kanalinseln <\/a>zu bringen. Die Kanalinseln eignen sich perfekt f\u00fcr Urlaub mit Hund. Sie haben meilenlange Spazierm\u00f6glichkeiten an Str\u00e4nden, K\u00fcstenpfaden und l\u00e4ndlichen Pfaden. Doch bevor Sie Ihren Hund mitbringen, gibt es einige wichtige Regeln zu beachten.<\/p>\n<p>Damit Sie Ihr Haustier aus einem EU Land nach Jersey mitbringen k\u00f6nnen, m\u00fcssen Sie in der Lage sein, die folgenden Fragen mit Ja beantworten zu k\u00f6nnen:<\/p>\n<p>1 \u2013 Hat Ihr Tier einen Mikrochip?<\/p>\n<p>2 \u2013Ist Ihr Tier auf dem j\u00fcngsten Stand bez\u00fcglich der Tollwutimpfung?<\/p>\n<p>3 \u2013 War Ihr Tier zum Zeitpunkt der Tollwutimpfung mindestens 12 Wochen alt?<\/p>\n<p>4 \u2013 Wurde Ihr Tier geimpft, nachdem der Mikrochip eingesetzt wurde?<\/p>\n<p>5- Haben Sie einen EU Tierausweis oder ein offizielles tier\u00e4rztliches Gesundheitszertifikat von Ihrem Tierarzt, das oben Genanntes zertifiziert?<\/p>\n<p>6 \u2013 Sind 21 Tage vergangen, seit Ihr Tier geimpft wurde?<\/p>\n<p>7 \u2013 Wurde Ihr Hund einen bis f\u00fcnf Tage vor der geplanten Ankunft auf Spulw\u00fcrmer hin behandelt?<\/p>\n<p>8- Reist Ihr Tier mit einem zugelassenen Transportunternehmen nach Jersey?<\/p>\n<p style=\"text-align: center;\"><a class=\"tidycta\" href=\"https:\/\/www.urlaubcornwall.de\/blog\/spezialist-reisen-kanalinseln\/\">Urlaubsinspiration &#8211; zu den Kanalinseln Angeboten<\/a><\/p>\n<p><strong>Suche Hotels mit Hund<\/strong><\/p>\n<p><ins class=\"bookingaff\" data-aid=\"1699926\" data-target_aid=\"1699926\" data-prod=\"map\" data-width=\"100%\" data-height=\"590\" data-lang=\"ualng\" data-dest_id=\"0\" data-dest_type=\"landmark\" data-latitude=\"49.1805019\" data-longitude=\"-2.103233\" data-landmark_name=\" Hotels &amp; Ferienh\u00e4user auf den Kanalinseln\" data-mwhsb=\"1\"><br \/>\n<!-- Anything inside will go away once widget is loaded. --><br \/>\n<a href=\"\/\/www.booking.com?aid=1699926\" rel=\"nofollow\">Booking.com<\/a><br \/>\n<\/ins><br \/>\n<script type=\"text\/javascript\">\n    (function(d, sc, u) {\n      var s = d.createElement(sc), p = d.getElementsByTagName(sc)[0];\n      s.type = 'text\/javascript';\n      s.async = true;\n      s.src = u + '?v=' + (+new Date());\n      p.parentNode.insertBefore(s,p);\n      })(document, 'script', '\/\/aff.bstatic.com\/static\/affiliate_base\/js\/flexiproduct.js');\n<\/script><\/p>\n<p style=\"text-align: center;\"><a class=\"tidycta\" href=\"https:\/\/www.urlaubcornwall.de\/reiseziel\/kanalinseln\/\">Urlaub auf den Kanalinseln<\/a><\/p>\n","protected":false},"excerpt":{"rendered":"<p>N\u00fctzliche Information, wenn Sie planen, einen Hund mit in den Urlaub auf die Kanalinseln zu bringen. Die Kanalinseln eignen sich perfekt f\u00fcr Urlaub mit Hund. Sie haben meilenlange Spazierm\u00f6glichkeiten an Str\u00e4nden, K\u00fcstenpfaden und l\u00e4ndlichen Pfaden. Doch bevor Sie Ihren Hund mitbringen, gibt es einige wichtige Regeln zu beachten. Damit Sie Ihr Haustier aus einem EU [&hellip;]<\/p>\n","protected":false},"author":1,"featured_media":0,"parent":0,"menu_order":0,"comment_status":"closed","ping_status":"closed","template":"single-four.php","meta":[],"acf":[],"yoast_head":"<!-- This site is optimized with the Yoast SEO plugin v19.4 - https:\/\/yoast.com\/wordpress\/plugins\/seo\/ -->\n<title>Urlaub Kanalinseln mit Hund - N\u00fctzliche Information. - Urlaub &amp; Reisen<\/title>\n<meta name=\"robots\" content=\"index, follow, max-snippet:-1, max-image-preview:large, max-video-preview:-1\" \/>\n<link rel=\"canonical\" href=\"https:\/\/www.urlaubcornwall.de\/blog\/urlaub-kanalinseln-mit-hund-nuetzliche-information\/\" \/>\n<meta property=\"og:locale\" content=\"en_US\" \/>\n<meta property=\"og:type\" content=\"article\" \/>\n<meta property=\"og:title\" content=\"Urlaub Kanalinseln mit Hund - N\u00fctzliche Information. - Urlaub &amp; Reisen\" \/>\n<meta property=\"og:description\" content=\"N\u00fctzliche Information, wenn Sie planen, einen Hund mit in den Urlaub auf die Kanalinseln zu bringen. Die Kanalinseln eignen sich perfekt f\u00fcr Urlaub mit Hund. Sie haben meilenlange Spazierm\u00f6glichkeiten an Str\u00e4nden, K\u00fcstenpfaden und l\u00e4ndlichen Pfaden. Doch bevor Sie Ihren Hund mitbringen, gibt es einige wichtige Regeln zu beachten. Damit Sie Ihr Haustier aus einem EU [&hellip;]\" \/>\n<meta property=\"og:url\" content=\"https:\/\/www.urlaubcornwall.de\/blog\/urlaub-kanalinseln-mit-hund-nuetzliche-information\/\" \/>\n<meta property=\"og:site_name\" content=\"Urlaub &amp; Reisen\" \/>\n<meta property=\"article:modified_time\" content=\"2021-11-08T10:36:51+00:00\" \/>\n<meta property=\"og:image\" content=\"https:\/\/www.urlaubcornwall.de\/blog\/wp-content\/uploads\/2018\/02\/rundreise-mit-hund-england.jpg\" \/>\n<meta name=\"twitter:card\" content=\"summary\" \/>\n<meta name=\"twitter:label1\" content=\"Est. reading time\" \/>\n\t<meta name=\"twitter:data1\" content=\"1 minute\" \/>\n<script type=\"application\/ld+json\" class=\"yoast-schema-graph\">{\"@context\":\"https:\/\/schema.org\",\"@graph\":[{\"@type\":\"WebSite\",\"@id\":\"https:\/\/www.urlaubcornwall.de\/blog\/#website\",\"url\":\"https:\/\/www.urlaubcornwall.de\/blog\/\",\"name\":\"Urlaub &amp; Reisen\",\"description\":\"Urlaub, Reisen, Cornwall und S\u00fcdengland: eine perfekte Kombination\",\"potentialAction\":[{\"@type\":\"SearchAction\",\"target\":{\"@type\":\"EntryPoint\",\"urlTemplate\":\"https:\/\/www.urlaubcornwall.de\/blog\/?s={search_term_string}\"},\"query-input\":\"required name=search_term_string\"}],\"inLanguage\":\"en-US\"},{\"@type\":\"WebPage\",\"@id\":\"https:\/\/www.urlaubcornwall.de\/blog\/urlaub-kanalinseln-mit-hund-nuetzliche-information\/\",\"url\":\"https:\/\/www.urlaubcornwall.de\/blog\/urlaub-kanalinseln-mit-hund-nuetzliche-information\/\",\"name\":\"Urlaub Kanalinseln mit Hund - N\u00fctzliche Information. - Urlaub &amp; Reisen\",\"isPartOf\":{\"@id\":\"https:\/\/www.urlaubcornwall.de\/blog\/#website\"},\"datePublished\":\"2018-08-24T13:29:10+00:00\",\"dateModified\":\"2021-11-08T10:36:51+00:00\",\"breadcrumb\":{\"@id\":\"https:\/\/www.urlaubcornwall.de\/blog\/urlaub-kanalinseln-mit-hund-nuetzliche-information\/#breadcrumb\"},\"inLanguage\":\"en-US\",\"potentialAction\":[{\"@type\":\"ReadAction\",\"target\":[\"https:\/\/www.urlaubcornwall.de\/blog\/urlaub-kanalinseln-mit-hund-nuetzliche-information\/\"]}]},{\"@type\":\"BreadcrumbList\",\"@id\":\"https:\/\/www.urlaubcornwall.de\/blog\/urlaub-kanalinseln-mit-hund-nuetzliche-information\/#breadcrumb\",\"itemListElement\":[{\"@type\":\"ListItem\",\"position\":1,\"name\":\"Home\",\"item\":\"https:\/\/www.urlaubcornwall.de\/blog\/\"},{\"@type\":\"ListItem\",\"position\":2,\"name\":\"Urlaub Kanalinseln mit Hund &#8211; N\u00fctzliche Information.\"}]}]}<\/script>\n<!-- \/ Yoast SEO plugin. -->","yoast_head_json":{"title":"Urlaub Kanalinseln mit Hund - N\u00fctzliche Information. - Urlaub &amp; Reisen","robots":{"index":"index","follow":"follow","max-snippet":"max-snippet:-1","max-image-preview":"max-image-preview:large","max-video-preview":"max-video-preview:-1"},"canonical":"https:\/\/www.urlaubcornwall.de\/blog\/urlaub-kanalinseln-mit-hund-nuetzliche-information\/","og_locale":"en_US","og_type":"article","og_title":"Urlaub Kanalinseln mit Hund - N\u00fctzliche Information. - Urlaub &amp; Reisen","og_description":"N\u00fctzliche Information, wenn Sie planen, einen Hund mit in den Urlaub auf die Kanalinseln zu bringen. Die Kanalinseln eignen sich perfekt f\u00fcr Urlaub mit Hund. Sie haben meilenlange Spazierm\u00f6glichkeiten an Str\u00e4nden, K\u00fcstenpfaden und l\u00e4ndlichen Pfaden. Doch bevor Sie Ihren Hund mitbringen, gibt es einige wichtige Regeln zu beachten. Damit Sie Ihr Haustier aus einem EU [&hellip;]","og_url":"https:\/\/www.urlaubcornwall.de\/blog\/urlaub-kanalinseln-mit-hund-nuetzliche-information\/","og_site_name":"Urlaub &amp; Reisen","article_modified_time":"2021-11-08T10:36:51+00:00","og_image":[{"url":"https:\/\/www.urlaubcornwall.de\/blog\/wp-content\/uploads\/2018\/02\/rundreise-mit-hund-england.jpg"}],"twitter_card":"summary","twitter_misc":{"Est. reading time":"1 minute"},"schema":{"@context":"https:\/\/schema.org","@graph":[{"@type":"WebSite","@id":"https:\/\/www.urlaubcornwall.de\/blog\/#website","url":"https:\/\/www.urlaubcornwall.de\/blog\/","name":"Urlaub &amp; Reisen","description":"Urlaub, Reisen, Cornwall und S\u00fcdengland: eine perfekte Kombination","potentialAction":[{"@type":"SearchAction","target":{"@type":"EntryPoint","urlTemplate":"https:\/\/www.urlaubcornwall.de\/blog\/?s={search_term_string}"},"query-input":"required name=search_term_string"}],"inLanguage":"en-US"},{"@type":"WebPage","@id":"https:\/\/www.urlaubcornwall.de\/blog\/urlaub-kanalinseln-mit-hund-nuetzliche-information\/","url":"https:\/\/www.urlaubcornwall.de\/blog\/urlaub-kanalinseln-mit-hund-nuetzliche-information\/","name":"Urlaub Kanalinseln mit Hund - N\u00fctzliche Information. - Urlaub &amp; Reisen","isPartOf":{"@id":"https:\/\/www.urlaubcornwall.de\/blog\/#website"},"datePublished":"2018-08-24T13:29:10+00:00","dateModified":"2021-11-08T10:36:51+00:00","breadcrumb":{"@id":"https:\/\/www.urlaubcornwall.de\/blog\/urlaub-kanalinseln-mit-hund-nuetzliche-information\/#breadcrumb"},"inLanguage":"en-US","potentialAction":[{"@type":"ReadAction","target":["https:\/\/www.urlaubcornwall.de\/blog\/urlaub-kanalinseln-mit-hund-nuetzliche-information\/"]}]},{"@type":"BreadcrumbList","@id":"https:\/\/www.urlaubcornwall.de\/blog\/urlaub-kanalinseln-mit-hund-nuetzliche-information\/#breadcrumb","itemListElement":[{"@type":"ListItem","position":1,"name":"Home","item":"https:\/\/www.urlaubcornwall.de\/blog\/"},{"@type":"ListItem","position":2,"name":"Urlaub Kanalinseln mit Hund &#8211; N\u00fctzliche Information."}]}]}},"_links":{"self":[{"href":"https:\/\/www.urlaubcornwall.de\/blog\/wp-json\/wp\/v2\/pages\/34191"}],"collection":[{"href":"https:\/\/www.urlaubcornwall.de\/blog\/wp-json\/wp\/v2\/pages"}],"about":[{"href":"https:\/\/www.urlaubcornwall.de\/blog\/wp-json\/wp\/v2\/types\/page"}],"author":[{"embeddable":true,"href":"https:\/\/www.urlaubcornwall.de\/blog\/wp-json\/wp\/v2\/users\/1"}],"replies":[{"embeddable":true,"href":"https:\/\/www.urlaubcornwall.de\/blog\/wp-json\/wp\/v2\/comments?post=34191"}],"version-history":[{"count":7,"href":"https:\/\/www.urlaubcornwall.de\/blog\/wp-json\/wp\/v2\/pages\/34191\/revisions"}],"predecessor-version":[{"id":43836,"href":"https:\/\/www.urlaubcornwall.de\/blog\/wp-json\/wp\/v2\/pages\/34191\/revisions\/43836"}],"wp:attachment":[{"href":"https:\/\/www.urlaubcornwall.de\/blog\/wp-json\/wp\/v2\/media?parent=34191"}],"curies":[{"name":"wp","href":"https:\/\/api.w.org\/{rel}","templated":true}]}}