{"id":34187,"date":"2018-08-24T13:01:54","date_gmt":"2018-08-24T13:01:54","guid":{"rendered":"https:\/\/www.urlaubcornwall.de\/blog\/?page_id=34187"},"modified":"2019-02-15T15:43:37","modified_gmt":"2019-02-15T15:43:37","slug":"urlaub-jersey-mit-hund-hundefreundliche-attraktionen-auf-den-kanalinseln","status":"publish","type":"page","link":"https:\/\/www.urlaubcornwall.de\/blog\/urlaub-jersey-mit-hund-hundefreundliche-attraktionen-auf-den-kanalinseln\/","title":{"rendered":"Urlaub Jersey mit Hund \u2013 hundefreundliche Attraktionen auf den Kanalinseln"},"content":{"rendered":"<p><a href=\"https:\/\/www.urlaubcornwall.de\/blog\/wp-content\/uploads\/2018\/08\/guernsey-urlaub-meer-strand.jpg\"><img loading=\"lazy\" class=\"alignnone size-full wp-image-34188\" src=\"https:\/\/www.urlaubcornwall.de\/blog\/wp-content\/uploads\/2018\/08\/guernsey-urlaub-meer-strand.jpg\" alt=\"jersey urlaub mit hund meer strand\" width=\"749\" height=\"398\" srcset=\"https:\/\/www.urlaubcornwall.de\/blog\/wp-content\/uploads\/2018\/08\/guernsey-urlaub-meer-strand.jpg 749w, https:\/\/www.urlaubcornwall.de\/blog\/wp-content\/uploads\/2018\/08\/guernsey-urlaub-meer-strand-300x159.jpg 300w\" sizes=\"(max-width: 749px) 100vw, 749px\" \/><\/a><br \/>\nMit meilenweiten Sandstr\u00e4nden, die es zu erkunden gibt, sowie l\u00e4ndliche Pfade zum Spazierengehen, ist <a href=\"https:\/\/www.urlaubcornwall.de\/reiseziel\/kanalinseln\/jersey.php\">Jersey<\/a> ein gro\u00dfartiger Ort, um Ihren Hund mit in den Urlaub zu nehmen.<\/p>\n<p><strong>Hier sind die Str\u00e4nde, an denen Hunde erlaubt sind<\/strong><\/p>\n<p>1. Greve de Lecq<\/p>\n<p>2. Le Braye (St Ouens Bay)<\/p>\n<p>3. Portelet Bay<\/p>\n<p>4. Rozel<\/p>\n<p>5. St. Ouens Bay<\/p>\n<p>An einigen Str\u00e4nden sind Hunde w\u00e4hrend bestimmter Jahreszeiten nicht gestattet:<\/p>\n<p>6. Archirondel<\/p>\n<p>7. Beauport<\/p>\n<p>8. Bonne Nuit (Beach Cafe ist ebenfalls hundefreundlich)<\/p>\n<p>9. Bouley Bay<\/p>\n<p>10. Green Island<\/p>\n<p>11. Grouville<\/p>\n<p>12. Havre des Pas<\/p>\n<p>13. La Haule<\/p>\n<p>14. Plemont<\/p>\n<p>15. St Brelade\u2019s Bay<\/p>\n<p>Das Saisonverbot besteht von 10.30Uhr \u2013 18.00 Uhr zwischen dem 1. Mai \u2013 30. September (einschlie\u00dflich). Bitte beachten Sie, dass es gegen das Gesetz verst\u00f6\u00dft, Hunde mit an diese Str\u00e4nde zu bringen, es sei denn, sie sind angeleint.<\/p>\n<p><a href=\"https:\/\/www.urlaubcornwall.de\/blog\/urlaub-kanalinseln-mit-hund-nuetzliche-information\/\">N\u00fctzliche Information, wenn Sie planen, einen Hund mit in den Urlaub auf die Kanalinseln zu bringen.<\/a><\/p>\n<h2><strong>Hundefreundliche Unterkunft in Jersey &#8211; die Haustiere erlaubt.<\/strong><\/h2>\n<p><ins class=\"bookingaff\" data-aid=\"1699926\" data-target_aid=\"1699926\" data-prod=\"map\" data-width=\"100%\" data-height=\"590\" data-lang=\"ualng\" data-dest_id=\"0\" data-dest_type=\"landmark\" data-latitude=\"49.1805019\" data-longitude=\"-2.103233\" data-landmark_name=\" Hotels &amp; Ferienh\u00e4user auf den Kanalinseln\" data-mwhsb=\"1\"><br \/>\n<!-- Anything inside will go away once widget is loaded. --><br \/>\n<a href=\"\/\/www.booking.com?aid=1699926\" rel=\"nofollow\">Booking.com<\/a><br \/>\n<\/ins><br \/>\n<script type=\"text\/javascript\">\n    (function(d, sc, u) {\n      var s = d.createElement(sc), p = d.getElementsByTagName(sc)[0];\n      s.type = 'text\/javascript';\n      s.async = true;\n      s.src = u + '?v=' + (+new Date());\n      p.parentNode.insertBefore(s,p);\n      })(document, 'script', '\/\/aff.bstatic.com\/static\/affiliate_base\/js\/flexiproduct.js');\n<\/script><\/p>\n<p style=\"text-align: center;\"><a class=\"tidycta\" href=\"https:\/\/www.urlaubcornwall.de\/reiseziel\/kanalinseln\/\">Urlaub auf den Kanalinseln<\/a><\/p>\n","protected":false},"excerpt":{"rendered":"<p>Mit meilenweiten Sandstr\u00e4nden, die es zu erkunden gibt, sowie l\u00e4ndliche Pfade zum Spazierengehen, ist Jersey ein gro\u00dfartiger Ort, um Ihren Hund mit in den Urlaub zu nehmen. Hier sind die Str\u00e4nde, an denen Hunde erlaubt sind 1. Greve de Lecq 2. Le Braye (St Ouens Bay) 3. Portelet Bay 4. Rozel 5. St. Ouens Bay [&hellip;]<\/p>\n","protected":false},"author":1,"featured_media":0,"parent":0,"menu_order":0,"comment_status":"closed","ping_status":"closed","template":"single-four.php","meta":[],"acf":[],"yoast_head":"<!-- This site is optimized with the Yoast SEO plugin v19.4 - https:\/\/yoast.com\/wordpress\/plugins\/seo\/ -->\n<title>Urlaub Jersey mit Hund \u2013 hundefreundliche Attraktionen auf den Kanalinseln - Urlaub &amp; Reisen<\/title>\n<meta name=\"robots\" content=\"index, follow, max-snippet:-1, max-image-preview:large, max-video-preview:-1\" \/>\n<link rel=\"canonical\" href=\"https:\/\/www.urlaubcornwall.de\/blog\/urlaub-jersey-mit-hund-hundefreundliche-attraktionen-auf-den-kanalinseln\/\" \/>\n<meta property=\"og:locale\" content=\"en_US\" \/>\n<meta property=\"og:type\" content=\"article\" \/>\n<meta property=\"og:title\" content=\"Urlaub Jersey mit Hund \u2013 hundefreundliche Attraktionen auf den Kanalinseln - Urlaub &amp; Reisen\" \/>\n<meta property=\"og:description\" content=\"Mit meilenweiten Sandstr\u00e4nden, die es zu erkunden gibt, sowie l\u00e4ndliche Pfade zum Spazierengehen, ist Jersey ein gro\u00dfartiger Ort, um Ihren Hund mit in den Urlaub zu nehmen. Hier sind die Str\u00e4nde, an denen Hunde erlaubt sind 1. Greve de Lecq 2. Le Braye (St Ouens Bay) 3. Portelet Bay 4. Rozel 5. St. Ouens Bay [&hellip;]\" \/>\n<meta property=\"og:url\" content=\"https:\/\/www.urlaubcornwall.de\/blog\/urlaub-jersey-mit-hund-hundefreundliche-attraktionen-auf-den-kanalinseln\/\" \/>\n<meta property=\"og:site_name\" content=\"Urlaub &amp; Reisen\" \/>\n<meta property=\"article:modified_time\" content=\"2019-02-15T15:43:37+00:00\" \/>\n<meta property=\"og:image\" content=\"https:\/\/www.urlaubcornwall.de\/blog\/wp-content\/uploads\/2018\/08\/guernsey-urlaub-meer-strand.jpg\" \/>\n<meta name=\"twitter:card\" content=\"summary\" \/>\n<meta name=\"twitter:label1\" content=\"Est. reading time\" \/>\n\t<meta name=\"twitter:data1\" content=\"1 minute\" \/>\n<script type=\"application\/ld+json\" class=\"yoast-schema-graph\">{\"@context\":\"https:\/\/schema.org\",\"@graph\":[{\"@type\":\"WebSite\",\"@id\":\"https:\/\/www.urlaubcornwall.de\/blog\/#website\",\"url\":\"https:\/\/www.urlaubcornwall.de\/blog\/\",\"name\":\"Urlaub &amp; Reisen\",\"description\":\"Urlaub, Reisen, Cornwall und S\u00fcdengland: eine perfekte Kombination\",\"potentialAction\":[{\"@type\":\"SearchAction\",\"target\":{\"@type\":\"EntryPoint\",\"urlTemplate\":\"https:\/\/www.urlaubcornwall.de\/blog\/?s={search_term_string}\"},\"query-input\":\"required name=search_term_string\"}],\"inLanguage\":\"en-US\"},{\"@type\":\"WebPage\",\"@id\":\"https:\/\/www.urlaubcornwall.de\/blog\/urlaub-jersey-mit-hund-hundefreundliche-attraktionen-auf-den-kanalinseln\/\",\"url\":\"https:\/\/www.urlaubcornwall.de\/blog\/urlaub-jersey-mit-hund-hundefreundliche-attraktionen-auf-den-kanalinseln\/\",\"name\":\"Urlaub Jersey mit Hund \u2013 hundefreundliche Attraktionen auf den Kanalinseln - Urlaub &amp; Reisen\",\"isPartOf\":{\"@id\":\"https:\/\/www.urlaubcornwall.de\/blog\/#website\"},\"datePublished\":\"2018-08-24T13:01:54+00:00\",\"dateModified\":\"2019-02-15T15:43:37+00:00\",\"breadcrumb\":{\"@id\":\"https:\/\/www.urlaubcornwall.de\/blog\/urlaub-jersey-mit-hund-hundefreundliche-attraktionen-auf-den-kanalinseln\/#breadcrumb\"},\"inLanguage\":\"en-US\",\"potentialAction\":[{\"@type\":\"ReadAction\",\"target\":[\"https:\/\/www.urlaubcornwall.de\/blog\/urlaub-jersey-mit-hund-hundefreundliche-attraktionen-auf-den-kanalinseln\/\"]}]},{\"@type\":\"BreadcrumbList\",\"@id\":\"https:\/\/www.urlaubcornwall.de\/blog\/urlaub-jersey-mit-hund-hundefreundliche-attraktionen-auf-den-kanalinseln\/#breadcrumb\",\"itemListElement\":[{\"@type\":\"ListItem\",\"position\":1,\"name\":\"Home\",\"item\":\"https:\/\/www.urlaubcornwall.de\/blog\/\"},{\"@type\":\"ListItem\",\"position\":2,\"name\":\"Urlaub Jersey mit Hund \u2013 hundefreundliche Attraktionen auf den Kanalinseln\"}]}]}<\/script>\n<!-- \/ Yoast SEO plugin. -->","yoast_head_json":{"title":"Urlaub Jersey mit Hund \u2013 hundefreundliche Attraktionen auf den Kanalinseln - Urlaub &amp; Reisen","robots":{"index":"index","follow":"follow","max-snippet":"max-snippet:-1","max-image-preview":"max-image-preview:large","max-video-preview":"max-video-preview:-1"},"canonical":"https:\/\/www.urlaubcornwall.de\/blog\/urlaub-jersey-mit-hund-hundefreundliche-attraktionen-auf-den-kanalinseln\/","og_locale":"en_US","og_type":"article","og_title":"Urlaub Jersey mit Hund \u2013 hundefreundliche Attraktionen auf den Kanalinseln - Urlaub &amp; Reisen","og_description":"Mit meilenweiten Sandstr\u00e4nden, die es zu erkunden gibt, sowie l\u00e4ndliche Pfade zum Spazierengehen, ist Jersey ein gro\u00dfartiger Ort, um Ihren Hund mit in den Urlaub zu nehmen. Hier sind die Str\u00e4nde, an denen Hunde erlaubt sind 1. Greve de Lecq 2. Le Braye (St Ouens Bay) 3. Portelet Bay 4. Rozel 5. St. Ouens Bay [&hellip;]","og_url":"https:\/\/www.urlaubcornwall.de\/blog\/urlaub-jersey-mit-hund-hundefreundliche-attraktionen-auf-den-kanalinseln\/","og_site_name":"Urlaub &amp; Reisen","article_modified_time":"2019-02-15T15:43:37+00:00","og_image":[{"url":"https:\/\/www.urlaubcornwall.de\/blog\/wp-content\/uploads\/2018\/08\/guernsey-urlaub-meer-strand.jpg"}],"twitter_card":"summary","twitter_misc":{"Est. reading time":"1 minute"},"schema":{"@context":"https:\/\/schema.org","@graph":[{"@type":"WebSite","@id":"https:\/\/www.urlaubcornwall.de\/blog\/#website","url":"https:\/\/www.urlaubcornwall.de\/blog\/","name":"Urlaub &amp; Reisen","description":"Urlaub, Reisen, Cornwall und S\u00fcdengland: eine perfekte Kombination","potentialAction":[{"@type":"SearchAction","target":{"@type":"EntryPoint","urlTemplate":"https:\/\/www.urlaubcornwall.de\/blog\/?s={search_term_string}"},"query-input":"required name=search_term_string"}],"inLanguage":"en-US"},{"@type":"WebPage","@id":"https:\/\/www.urlaubcornwall.de\/blog\/urlaub-jersey-mit-hund-hundefreundliche-attraktionen-auf-den-kanalinseln\/","url":"https:\/\/www.urlaubcornwall.de\/blog\/urlaub-jersey-mit-hund-hundefreundliche-attraktionen-auf-den-kanalinseln\/","name":"Urlaub Jersey mit Hund \u2013 hundefreundliche Attraktionen auf den Kanalinseln - Urlaub &amp; Reisen","isPartOf":{"@id":"https:\/\/www.urlaubcornwall.de\/blog\/#website"},"datePublished":"2018-08-24T13:01:54+00:00","dateModified":"2019-02-15T15:43:37+00:00","breadcrumb":{"@id":"https:\/\/www.urlaubcornwall.de\/blog\/urlaub-jersey-mit-hund-hundefreundliche-attraktionen-auf-den-kanalinseln\/#breadcrumb"},"inLanguage":"en-US","potentialAction":[{"@type":"ReadAction","target":["https:\/\/www.urlaubcornwall.de\/blog\/urlaub-jersey-mit-hund-hundefreundliche-attraktionen-auf-den-kanalinseln\/"]}]},{"@type":"BreadcrumbList","@id":"https:\/\/www.urlaubcornwall.de\/blog\/urlaub-jersey-mit-hund-hundefreundliche-attraktionen-auf-den-kanalinseln\/#breadcrumb","itemListElement":[{"@type":"ListItem","position":1,"name":"Home","item":"https:\/\/www.urlaubcornwall.de\/blog\/"},{"@type":"ListItem","position":2,"name":"Urlaub Jersey mit Hund \u2013 hundefreundliche Attraktionen auf den Kanalinseln"}]}]}},"_links":{"self":[{"href":"https:\/\/www.urlaubcornwall.de\/blog\/wp-json\/wp\/v2\/pages\/34187"}],"collection":[{"href":"https:\/\/www.urlaubcornwall.de\/blog\/wp-json\/wp\/v2\/pages"}],"about":[{"href":"https:\/\/www.urlaubcornwall.de\/blog\/wp-json\/wp\/v2\/types\/page"}],"author":[{"embeddable":true,"href":"https:\/\/www.urlaubcornwall.de\/blog\/wp-json\/wp\/v2\/users\/1"}],"replies":[{"embeddable":true,"href":"https:\/\/www.urlaubcornwall.de\/blog\/wp-json\/wp\/v2\/comments?post=34187"}],"version-history":[{"count":5,"href":"https:\/\/www.urlaubcornwall.de\/blog\/wp-json\/wp\/v2\/pages\/34187\/revisions"}],"predecessor-version":[{"id":36213,"href":"https:\/\/www.urlaubcornwall.de\/blog\/wp-json\/wp\/v2\/pages\/34187\/revisions\/36213"}],"wp:attachment":[{"href":"https:\/\/www.urlaubcornwall.de\/blog\/wp-json\/wp\/v2\/media?parent=34187"}],"curies":[{"name":"wp","href":"https:\/\/api.w.org\/{rel}","templated":true}]}}