{"id":34183,"date":"2018-08-24T12:42:15","date_gmt":"2018-08-24T12:42:15","guid":{"rendered":"https:\/\/www.urlaubcornwall.de\/blog\/?page_id=34183"},"modified":"2024-05-30T10:12:55","modified_gmt":"2024-05-30T10:12:55","slug":"familienurlaub-auf-jersey-unsere-top-tipps-mit-kindern","status":"publish","type":"page","link":"https:\/\/www.urlaubcornwall.de\/blog\/familienurlaub-auf-jersey-unsere-top-tipps-mit-kindern\/","title":{"rendered":"Familienurlaub auf Jersey \u2013 unsere Top Tipps mit Kindern auf den Kanalinseln"},"content":{"rendered":"<p><a href=\"https:\/\/www.urlaubcornwall.de\/reiseziel\/kanalinseln\/\">Die Kanalinseln sind perfekt f\u00fcr Urlaub mit Kindern<\/a> jeder Altersstufe, und Jersey bietet so viel zu tun, sowie besuchenswerte Orte. Hier sind unsere beliebtesten familienfreundlichen Aktivit\u00e4ten.<\/p>\n<p>Elizabeth Castle, St Aubins Bay, ist der perfekte Ort, den Tag damit zu verbringen, etwas zur <a href=\"https:\/\/www.urlaubcornwall.de\/reiseziel\/kanalinseln\/jersey.php\">Geschichte Jerseys<\/a> zu lernen. Die Burg, die Jersey mehr als 300 Jahre verteidigt hat, ist auf einem felsigen Inselchen in der St Aubins Bay erbaut. Sie ist bei Ebbe zu Fu\u00df erreichbar, und bei Flut fahren Passagierf\u00e4hren hin\u00fcber zur Burg. Von der Elizabeth Burg aus haben Sie atemberaubenden Blick um die Bucht herum und entlang der S\u00fcdk\u00fcste von Jersey. Die Burg ist von M\u00e4rz-November ge\u00f6ffnet. Hunde sind nicht erlaubt.<\/p>\n<p>Der <a href=\"https:\/\/www.durrell.org\/wildlife\/visit\/\">Jersey Zoo<\/a> befindet sich direkt n\u00f6rdlich von St Helier. Vor 50 Jahren wurde er als der allererste Naturschutzzoo gegr\u00fcndet. Heute ist dieses Tierparadies der Ort schlechthin, um einige der unglaublichsten Kreaturen der Welt zu entdecken. Der Jersey Zoo ist t\u00e4glich au\u00dfer am Weihnachtstag ge\u00f6ffnet.<\/p>\n<p style=\"text-align: center;\"><a class=\"tidycta\" href=\"https:\/\/www.urlaubcornwall.de\/blog\/spezialist-reisen-kanalinseln\/\">Urlaubsinspiration &#8211; zu den Kanalinseln Angeboten<\/a><\/p>\n<p>Das Maritime Museum befindet sich an St Heliers historischem Hafen. Hier k\u00f6nnen Sie in diesem einzigartigen interaktiven Museum alles zur maritimen Geschichte Jerseys erfahren, wo Sie die Ausstellungsst\u00fccke sehen, ber\u00fchren, h\u00f6ren und sogar riechen k\u00f6nnen. Es ist vom 2. Januar bis Mitte Dezember ge\u00f6ffnet. Kinder bis zu 6 Jahren haben freien Eintritt.<\/p>\n<p>Mont Orgueil Castle, Gorey, ist eines der weltfeinsten Beispiele einer mittelalterlichen Burg. Sie \u00fcberragt seit mehr als 800 Jahren das wundersch\u00f6ne Fischerdorf Gorey und war Zeuge vieler Schl\u00fcsselmomente, die die Geschichte Jerseys formten. Von den Zinnen und T\u00fcrmen aus haben Sie fantastischen Blick hin\u00fcber nach Frankreich. Die Burg ist das ganze Jahr ge\u00f6ffnet, au\u00dfer an Weihnachten und Neujahr. Kinder unter 6 Jahren haben freien Eintritt. Hunde sind nicht erlaubt.<\/p>\n<p>Die Jersey Lavendelfarm, St Brelade, ist ein Bauernhof, der Lavendel anbaut. W\u00e4hrend der Erntezeit wird die Lavendelernte verarbeitet, das \u00d6l extrahiert und dazu benutzt, eine Reihe duftender Jersey Lavendelprodukte herzustellen. Sie k\u00f6nnen die Destilliere besuchen und etwas zum gesamten Prozess lernen, in den wundersch\u00f6nen G\u00e4rten herumspazieren, und die Kinder k\u00f6nnen sich am Naturlehrpfad um den Hof herum erfreuen. Die Jersey Lavendelfarm ist von Mai \u2013 September t\u00e4glich au\u00dfer montags ge\u00f6ffnet. Kinder unter 14 Jahren haben freien Eintritt. Hunde sind willkommen, m\u00fcssen jedoch angeleint bleiben.<\/p>\n","protected":false},"excerpt":{"rendered":"<p>Die Kanalinseln sind perfekt f\u00fcr Urlaub mit Kindern jeder Altersstufe, und Jersey bietet so viel zu tun, sowie besuchenswerte Orte. Hier sind unsere beliebtesten familienfreundlichen Aktivit\u00e4ten. Elizabeth Castle, St Aubins Bay, ist der perfekte Ort, den Tag damit zu verbringen, etwas zur Geschichte Jerseys zu lernen. Die Burg, die Jersey mehr als 300 Jahre verteidigt [&hellip;]<\/p>\n","protected":false},"author":1,"featured_media":0,"parent":0,"menu_order":0,"comment_status":"closed","ping_status":"closed","template":"page-products.php","meta":[],"acf":[],"yoast_head":"<!-- This site is optimized with the Yoast SEO plugin v19.4 - https:\/\/yoast.com\/wordpress\/plugins\/seo\/ -->\n<title>Familienurlaub auf Jersey \u2013 unsere Top Tipps mit Kindern auf den Kanalinseln - Urlaub &amp; Reisen<\/title>\n<meta name=\"description\" content=\"Die Kanalinseln sind perfekt f\u00fcr Urlaub mit Kindernjeder Altersstufe, und Jersey bietet so viel zu tun, sowie besuchenswerte Orte\" \/>\n<meta name=\"robots\" content=\"index, follow, max-snippet:-1, max-image-preview:large, max-video-preview:-1\" \/>\n<link rel=\"canonical\" href=\"https:\/\/www.urlaubcornwall.de\/blog\/familienurlaub-auf-jersey-unsere-top-tipps-mit-kindern\/\" \/>\n<meta property=\"og:locale\" content=\"en_US\" \/>\n<meta property=\"og:type\" content=\"article\" \/>\n<meta property=\"og:title\" content=\"Familienurlaub auf Jersey \u2013 unsere Top Tipps mit Kindern auf den Kanalinseln - Urlaub &amp; Reisen\" \/>\n<meta property=\"og:description\" content=\"Die Kanalinseln sind perfekt f\u00fcr Urlaub mit Kindernjeder Altersstufe, und Jersey bietet so viel zu tun, sowie besuchenswerte Orte\" \/>\n<meta property=\"og:url\" content=\"https:\/\/www.urlaubcornwall.de\/blog\/familienurlaub-auf-jersey-unsere-top-tipps-mit-kindern\/\" \/>\n<meta property=\"og:site_name\" content=\"Urlaub &amp; Reisen\" \/>\n<meta property=\"article:modified_time\" content=\"2024-05-30T10:12:55+00:00\" \/>\n<meta name=\"twitter:card\" content=\"summary\" \/>\n<meta name=\"twitter:label1\" content=\"Est. reading time\" \/>\n\t<meta name=\"twitter:data1\" content=\"2 minutes\" \/>\n<script type=\"application\/ld+json\" class=\"yoast-schema-graph\">{\"@context\":\"https:\/\/schema.org\",\"@graph\":[{\"@type\":\"WebSite\",\"@id\":\"https:\/\/www.urlaubcornwall.de\/blog\/#website\",\"url\":\"https:\/\/www.urlaubcornwall.de\/blog\/\",\"name\":\"Urlaub &amp; Reisen\",\"description\":\"Urlaub, Reisen, Cornwall und S\u00fcdengland: eine perfekte Kombination\",\"potentialAction\":[{\"@type\":\"SearchAction\",\"target\":{\"@type\":\"EntryPoint\",\"urlTemplate\":\"https:\/\/www.urlaubcornwall.de\/blog\/?s={search_term_string}\"},\"query-input\":\"required name=search_term_string\"}],\"inLanguage\":\"en-US\"},{\"@type\":\"WebPage\",\"@id\":\"https:\/\/www.urlaubcornwall.de\/blog\/familienurlaub-auf-jersey-unsere-top-tipps-mit-kindern\/\",\"url\":\"https:\/\/www.urlaubcornwall.de\/blog\/familienurlaub-auf-jersey-unsere-top-tipps-mit-kindern\/\",\"name\":\"Familienurlaub auf Jersey \u2013 unsere Top Tipps mit Kindern auf den Kanalinseln - Urlaub &amp; Reisen\",\"isPartOf\":{\"@id\":\"https:\/\/www.urlaubcornwall.de\/blog\/#website\"},\"datePublished\":\"2018-08-24T12:42:15+00:00\",\"dateModified\":\"2024-05-30T10:12:55+00:00\",\"description\":\"Die Kanalinseln sind perfekt f\u00fcr Urlaub mit Kindernjeder Altersstufe, und Jersey bietet so viel zu tun, sowie besuchenswerte Orte\",\"breadcrumb\":{\"@id\":\"https:\/\/www.urlaubcornwall.de\/blog\/familienurlaub-auf-jersey-unsere-top-tipps-mit-kindern\/#breadcrumb\"},\"inLanguage\":\"en-US\",\"potentialAction\":[{\"@type\":\"ReadAction\",\"target\":[\"https:\/\/www.urlaubcornwall.de\/blog\/familienurlaub-auf-jersey-unsere-top-tipps-mit-kindern\/\"]}]},{\"@type\":\"BreadcrumbList\",\"@id\":\"https:\/\/www.urlaubcornwall.de\/blog\/familienurlaub-auf-jersey-unsere-top-tipps-mit-kindern\/#breadcrumb\",\"itemListElement\":[{\"@type\":\"ListItem\",\"position\":1,\"name\":\"Home\",\"item\":\"https:\/\/www.urlaubcornwall.de\/blog\/\"},{\"@type\":\"ListItem\",\"position\":2,\"name\":\"Familienurlaub auf Jersey \u2013 unsere Top Tipps mit Kindern auf den Kanalinseln\"}]}]}<\/script>\n<!-- \/ Yoast SEO plugin. -->","yoast_head_json":{"title":"Familienurlaub auf Jersey \u2013 unsere Top Tipps mit Kindern auf den Kanalinseln - Urlaub &amp; Reisen","description":"Die Kanalinseln sind perfekt f\u00fcr Urlaub mit Kindernjeder Altersstufe, und Jersey bietet so viel zu tun, sowie besuchenswerte Orte","robots":{"index":"index","follow":"follow","max-snippet":"max-snippet:-1","max-image-preview":"max-image-preview:large","max-video-preview":"max-video-preview:-1"},"canonical":"https:\/\/www.urlaubcornwall.de\/blog\/familienurlaub-auf-jersey-unsere-top-tipps-mit-kindern\/","og_locale":"en_US","og_type":"article","og_title":"Familienurlaub auf Jersey \u2013 unsere Top Tipps mit Kindern auf den Kanalinseln - Urlaub &amp; Reisen","og_description":"Die Kanalinseln sind perfekt f\u00fcr Urlaub mit Kindernjeder Altersstufe, und Jersey bietet so viel zu tun, sowie besuchenswerte Orte","og_url":"https:\/\/www.urlaubcornwall.de\/blog\/familienurlaub-auf-jersey-unsere-top-tipps-mit-kindern\/","og_site_name":"Urlaub &amp; Reisen","article_modified_time":"2024-05-30T10:12:55+00:00","twitter_card":"summary","twitter_misc":{"Est. reading time":"2 minutes"},"schema":{"@context":"https:\/\/schema.org","@graph":[{"@type":"WebSite","@id":"https:\/\/www.urlaubcornwall.de\/blog\/#website","url":"https:\/\/www.urlaubcornwall.de\/blog\/","name":"Urlaub &amp; Reisen","description":"Urlaub, Reisen, Cornwall und S\u00fcdengland: eine perfekte Kombination","potentialAction":[{"@type":"SearchAction","target":{"@type":"EntryPoint","urlTemplate":"https:\/\/www.urlaubcornwall.de\/blog\/?s={search_term_string}"},"query-input":"required name=search_term_string"}],"inLanguage":"en-US"},{"@type":"WebPage","@id":"https:\/\/www.urlaubcornwall.de\/blog\/familienurlaub-auf-jersey-unsere-top-tipps-mit-kindern\/","url":"https:\/\/www.urlaubcornwall.de\/blog\/familienurlaub-auf-jersey-unsere-top-tipps-mit-kindern\/","name":"Familienurlaub auf Jersey \u2013 unsere Top Tipps mit Kindern auf den Kanalinseln - Urlaub &amp; Reisen","isPartOf":{"@id":"https:\/\/www.urlaubcornwall.de\/blog\/#website"},"datePublished":"2018-08-24T12:42:15+00:00","dateModified":"2024-05-30T10:12:55+00:00","description":"Die Kanalinseln sind perfekt f\u00fcr Urlaub mit Kindernjeder Altersstufe, und Jersey bietet so viel zu tun, sowie besuchenswerte Orte","breadcrumb":{"@id":"https:\/\/www.urlaubcornwall.de\/blog\/familienurlaub-auf-jersey-unsere-top-tipps-mit-kindern\/#breadcrumb"},"inLanguage":"en-US","potentialAction":[{"@type":"ReadAction","target":["https:\/\/www.urlaubcornwall.de\/blog\/familienurlaub-auf-jersey-unsere-top-tipps-mit-kindern\/"]}]},{"@type":"BreadcrumbList","@id":"https:\/\/www.urlaubcornwall.de\/blog\/familienurlaub-auf-jersey-unsere-top-tipps-mit-kindern\/#breadcrumb","itemListElement":[{"@type":"ListItem","position":1,"name":"Home","item":"https:\/\/www.urlaubcornwall.de\/blog\/"},{"@type":"ListItem","position":2,"name":"Familienurlaub auf Jersey \u2013 unsere Top Tipps mit Kindern auf den Kanalinseln"}]}]}},"_links":{"self":[{"href":"https:\/\/www.urlaubcornwall.de\/blog\/wp-json\/wp\/v2\/pages\/34183"}],"collection":[{"href":"https:\/\/www.urlaubcornwall.de\/blog\/wp-json\/wp\/v2\/pages"}],"about":[{"href":"https:\/\/www.urlaubcornwall.de\/blog\/wp-json\/wp\/v2\/types\/page"}],"author":[{"embeddable":true,"href":"https:\/\/www.urlaubcornwall.de\/blog\/wp-json\/wp\/v2\/users\/1"}],"replies":[{"embeddable":true,"href":"https:\/\/www.urlaubcornwall.de\/blog\/wp-json\/wp\/v2\/comments?post=34183"}],"version-history":[{"count":15,"href":"https:\/\/www.urlaubcornwall.de\/blog\/wp-json\/wp\/v2\/pages\/34183\/revisions"}],"predecessor-version":[{"id":50909,"href":"https:\/\/www.urlaubcornwall.de\/blog\/wp-json\/wp\/v2\/pages\/34183\/revisions\/50909"}],"wp:attachment":[{"href":"https:\/\/www.urlaubcornwall.de\/blog\/wp-json\/wp\/v2\/media?parent=34183"}],"curies":[{"name":"wp","href":"https:\/\/api.w.org\/{rel}","templated":true}]}}