{"id":34163,"date":"2018-08-18T15:40:51","date_gmt":"2018-08-18T15:40:51","guid":{"rendered":"https:\/\/www.urlaubcornwall.de\/blog\/?page_id=34163"},"modified":"2018-08-18T15:40:51","modified_gmt":"2018-08-18T15:40:51","slug":"entdecken-sie-die-herrlichen-landschaften-der-scilly-inseln-und-ihr-faszinierendes-tierleben","status":"publish","type":"page","link":"https:\/\/www.urlaubcornwall.de\/blog\/entdecken-sie-die-herrlichen-landschaften-der-scilly-inseln-und-ihr-faszinierendes-tierleben\/","title":{"rendered":"Entdecken Sie die herrlichen Landschaften der Scilly Inseln und ihr faszinierendes Tierleben"},"content":{"rendered":"<p><img loading=\"lazy\" class=\"aligncenter size-full wp-image-34164\" src=\"https:\/\/www.urlaubcornwall.de\/blog\/wp-content\/uploads\/2018\/08\/die-herrlichen-Landschaften-der-Scilly-Inseln-und-ihr-faszinierendes-Tierleben.jpg\" alt=\"die herrlichen Landschaften der Scilly Inseln und ihr faszinierendes Tierleben\" width=\"748\" height=\"476\" srcset=\"https:\/\/www.urlaubcornwall.de\/blog\/wp-content\/uploads\/2018\/08\/die-herrlichen-Landschaften-der-Scilly-Inseln-und-ihr-faszinierendes-Tierleben.jpg 748w, https:\/\/www.urlaubcornwall.de\/blog\/wp-content\/uploads\/2018\/08\/die-herrlichen-Landschaften-der-Scilly-Inseln-und-ihr-faszinierendes-Tierleben-300x191.jpg 300w\" sizes=\"(max-width: 748px) 100vw, 748px\" \/><br \/>\nDie Landschaften der <a href=\"https:\/\/www.urlaubcornwall.de\/Scilly-Inseln.php\">Scilly Inseln<\/a>, die so ganz anders sind im Vergleich zum Rest Englands, sind eines der gro\u00dfartigsten Kennzeichen; das Tierleben und die Lebensr\u00e4ume, die hier gedeihen, lassen die Inseln zu einem wahrhaft faszinierendem Ort werden, der zu jeder Jahreszeit besuchenswert ist.<\/p>\n<p>Die Scilly Inseln sind seit 1975 Gebiet hervorragender Natursch\u00f6nheit (AONB) und das kleinste AONB Gebiet im UK. Dieses Gebiet ist insofern ungew\u00f6hnlich als es den gesamten Archipel umfasst, einschlie\u00dflich der unbewohnten Inseln und Felsen.<\/p>\n<p>Die Inseln bieten eine Reichtum an kontrastreicher Landschaften, von denen ein gro\u00dfer Prozentsatz vom Isles of Scilly Wildlife Trust gemanagt und in Stand gehalten wird, einem gemeinn\u00fctzigem Verein vor Ort. Harte, zerkl\u00fcftete Granitpfeiler in unterschiedlichen Grau- und Pinkt\u00f6nen; von Wind und Meer geformtes Heideland mit seinem violetten und gelben Glanz w\u00e4hrend der sp\u00e4ten Sommermonate; kleine dichte Waldgebiete alter Ulmen finden Sie in gesch\u00fctzten Pl\u00e4tzen; landwirtschaftliche Felder, die von Trockenmauern und Klebsamenhecken umgeben sind, bepflanzt mit Reihen duftender Narzissen, die die dunkelsten Wintermorgen erhellen; und die Geschichte der Inseln, die in den vielen arch\u00e4ologischen St\u00e4tten zum Leben erwacht.<\/p>\n<p><img loading=\"lazy\" class=\"aligncenter size-full wp-image-34165\" src=\"https:\/\/www.urlaubcornwall.de\/blog\/wp-content\/uploads\/2018\/08\/garten-scilly-isles-urlaub.jpg\" alt=\"garten scilly isles urlaub\" width=\"748\" height=\"451\"\/><br \/>\nDiese Landschaften und Meeresumwelten k\u00f6nnen eine Vielfalt an Emotionen hervorrufen, die vertieft und erh\u00f6ht werden durch die breite Vielfalt an Pflanzen, Tieren, Vogel- und Meeresleben, denen Sie w\u00e4hrend Ihres Aufenthalts unweigerlich begegnen werden.<\/p>\n<p>Das Tierleben auf den Inseln ist im Allgemeinen freundlicher und daher eher sichtbar als die Verwandten auf dem Festland; Drosseln und Sperlinge \u00fcberlegen nicht zweimal, sich zum Essen einzuladen, falls Sie ein Picknick machen. Machen Sie eine Bootsfahrt, und sehr wahrscheinlich finden Sie atlantische Seehunde, Papageientaucher und vielleicht sogar Delfine.<\/p>\n<p>Wir haben sogar einige Bewohner, die Sie in anderen Teilen des UK kaum jemals finden, geschweige denn sehen k\u00f6nnen, das entz\u00fcckendste Exemplar ist sicherlich die kleine wei\u00dfzahnige Spitzmaus, die h\u00e4ufig, wenn nicht zu sehen, so zu h\u00f6ren ist, wenn Sie die K\u00fcstenpfade oder \u00fcber die R\u00e4nder der Str\u00e4nde klettert.<\/p>\n<p>Die Scilly Inseln r\u00fchmen sich auch einer Reihe seltener Pflanzenarten, einschlie\u00dflich der Natternzungenfarne, Zwergstiefm\u00fctterchen und des orangenen Hornklees.<\/p>\n<p>Lediglich 40km vor der K\u00fcste Cornwalls gelegen, bieten die Inseln eine einzigartige Urlaubserfahrung. Wir haben den einzigen <a href=\"https:\/\/www.urlaubcornwall.de\/Scilly-Inseln\/reiseservice.php\">deutsch sprechenden Reiseservice der Scilly Inseln<\/a>.<\/p>\n","protected":false},"excerpt":{"rendered":"<p>Die Landschaften der Scilly Inseln, die so ganz anders sind im Vergleich zum Rest Englands, sind eines der gro\u00dfartigsten Kennzeichen; das Tierleben und die Lebensr\u00e4ume, die hier gedeihen, lassen die Inseln zu einem wahrhaft faszinierendem Ort werden, der zu jeder Jahreszeit besuchenswert ist. Die Scilly Inseln sind seit 1975 Gebiet hervorragender Natursch\u00f6nheit (AONB) und das [&hellip;]<\/p>\n","protected":false},"author":1,"featured_media":0,"parent":0,"menu_order":0,"comment_status":"closed","ping_status":"closed","template":"single-four.php","meta":[],"acf":[],"yoast_head":"<!-- This site is optimized with the Yoast SEO plugin v19.4 - https:\/\/yoast.com\/wordpress\/plugins\/seo\/ -->\n<title>Entdecken Sie die herrlichen Landschaften der Scilly Inseln und ihr faszinierendes Tierleben - Urlaub &amp; Reisen<\/title>\n<meta name=\"robots\" content=\"index, follow, max-snippet:-1, max-image-preview:large, max-video-preview:-1\" \/>\n<link rel=\"canonical\" href=\"https:\/\/www.urlaubcornwall.de\/blog\/entdecken-sie-die-herrlichen-landschaften-der-scilly-inseln-und-ihr-faszinierendes-tierleben\/\" \/>\n<meta property=\"og:locale\" content=\"en_US\" \/>\n<meta property=\"og:type\" content=\"article\" \/>\n<meta property=\"og:title\" content=\"Entdecken Sie die herrlichen Landschaften der Scilly Inseln und ihr faszinierendes Tierleben - Urlaub &amp; Reisen\" \/>\n<meta property=\"og:description\" content=\"Die Landschaften der Scilly Inseln, die so ganz anders sind im Vergleich zum Rest Englands, sind eines der gro\u00dfartigsten Kennzeichen; das Tierleben und die Lebensr\u00e4ume, die hier gedeihen, lassen die Inseln zu einem wahrhaft faszinierendem Ort werden, der zu jeder Jahreszeit besuchenswert ist. Die Scilly Inseln sind seit 1975 Gebiet hervorragender Natursch\u00f6nheit (AONB) und das [&hellip;]\" \/>\n<meta property=\"og:url\" content=\"https:\/\/www.urlaubcornwall.de\/blog\/entdecken-sie-die-herrlichen-landschaften-der-scilly-inseln-und-ihr-faszinierendes-tierleben\/\" \/>\n<meta property=\"og:site_name\" content=\"Urlaub &amp; Reisen\" \/>\n<meta property=\"og:image\" content=\"https:\/\/www.urlaubcornwall.de\/blog\/wp-content\/uploads\/2018\/08\/die-herrlichen-Landschaften-der-Scilly-Inseln-und-ihr-faszinierendes-Tierleben.jpg\" \/>\n<meta name=\"twitter:card\" content=\"summary\" \/>\n<meta name=\"twitter:label1\" content=\"Est. reading time\" \/>\n\t<meta name=\"twitter:data1\" content=\"2 minutes\" \/>\n<script type=\"application\/ld+json\" class=\"yoast-schema-graph\">{\"@context\":\"https:\/\/schema.org\",\"@graph\":[{\"@type\":\"WebSite\",\"@id\":\"https:\/\/www.urlaubcornwall.de\/blog\/#website\",\"url\":\"https:\/\/www.urlaubcornwall.de\/blog\/\",\"name\":\"Urlaub &amp; Reisen\",\"description\":\"Urlaub, Reisen, Cornwall und S\u00fcdengland: eine perfekte Kombination\",\"potentialAction\":[{\"@type\":\"SearchAction\",\"target\":{\"@type\":\"EntryPoint\",\"urlTemplate\":\"https:\/\/www.urlaubcornwall.de\/blog\/?s={search_term_string}\"},\"query-input\":\"required name=search_term_string\"}],\"inLanguage\":\"en-US\"},{\"@type\":\"WebPage\",\"@id\":\"https:\/\/www.urlaubcornwall.de\/blog\/entdecken-sie-die-herrlichen-landschaften-der-scilly-inseln-und-ihr-faszinierendes-tierleben\/\",\"url\":\"https:\/\/www.urlaubcornwall.de\/blog\/entdecken-sie-die-herrlichen-landschaften-der-scilly-inseln-und-ihr-faszinierendes-tierleben\/\",\"name\":\"Entdecken Sie die herrlichen Landschaften der Scilly Inseln und ihr faszinierendes Tierleben - Urlaub &amp; Reisen\",\"isPartOf\":{\"@id\":\"https:\/\/www.urlaubcornwall.de\/blog\/#website\"},\"datePublished\":\"2018-08-18T15:40:51+00:00\",\"dateModified\":\"2018-08-18T15:40:51+00:00\",\"breadcrumb\":{\"@id\":\"https:\/\/www.urlaubcornwall.de\/blog\/entdecken-sie-die-herrlichen-landschaften-der-scilly-inseln-und-ihr-faszinierendes-tierleben\/#breadcrumb\"},\"inLanguage\":\"en-US\",\"potentialAction\":[{\"@type\":\"ReadAction\",\"target\":[\"https:\/\/www.urlaubcornwall.de\/blog\/entdecken-sie-die-herrlichen-landschaften-der-scilly-inseln-und-ihr-faszinierendes-tierleben\/\"]}]},{\"@type\":\"BreadcrumbList\",\"@id\":\"https:\/\/www.urlaubcornwall.de\/blog\/entdecken-sie-die-herrlichen-landschaften-der-scilly-inseln-und-ihr-faszinierendes-tierleben\/#breadcrumb\",\"itemListElement\":[{\"@type\":\"ListItem\",\"position\":1,\"name\":\"Home\",\"item\":\"https:\/\/www.urlaubcornwall.de\/blog\/\"},{\"@type\":\"ListItem\",\"position\":2,\"name\":\"Entdecken Sie die herrlichen Landschaften der Scilly Inseln und ihr faszinierendes Tierleben\"}]}]}<\/script>\n<!-- \/ Yoast SEO plugin. -->","yoast_head_json":{"title":"Entdecken Sie die herrlichen Landschaften der Scilly Inseln und ihr faszinierendes Tierleben - Urlaub &amp; Reisen","robots":{"index":"index","follow":"follow","max-snippet":"max-snippet:-1","max-image-preview":"max-image-preview:large","max-video-preview":"max-video-preview:-1"},"canonical":"https:\/\/www.urlaubcornwall.de\/blog\/entdecken-sie-die-herrlichen-landschaften-der-scilly-inseln-und-ihr-faszinierendes-tierleben\/","og_locale":"en_US","og_type":"article","og_title":"Entdecken Sie die herrlichen Landschaften der Scilly Inseln und ihr faszinierendes Tierleben - Urlaub &amp; Reisen","og_description":"Die Landschaften der Scilly Inseln, die so ganz anders sind im Vergleich zum Rest Englands, sind eines der gro\u00dfartigsten Kennzeichen; das Tierleben und die Lebensr\u00e4ume, die hier gedeihen, lassen die Inseln zu einem wahrhaft faszinierendem Ort werden, der zu jeder Jahreszeit besuchenswert ist. Die Scilly Inseln sind seit 1975 Gebiet hervorragender Natursch\u00f6nheit (AONB) und das [&hellip;]","og_url":"https:\/\/www.urlaubcornwall.de\/blog\/entdecken-sie-die-herrlichen-landschaften-der-scilly-inseln-und-ihr-faszinierendes-tierleben\/","og_site_name":"Urlaub &amp; Reisen","og_image":[{"url":"https:\/\/www.urlaubcornwall.de\/blog\/wp-content\/uploads\/2018\/08\/die-herrlichen-Landschaften-der-Scilly-Inseln-und-ihr-faszinierendes-Tierleben.jpg"}],"twitter_card":"summary","twitter_misc":{"Est. reading time":"2 minutes"},"schema":{"@context":"https:\/\/schema.org","@graph":[{"@type":"WebSite","@id":"https:\/\/www.urlaubcornwall.de\/blog\/#website","url":"https:\/\/www.urlaubcornwall.de\/blog\/","name":"Urlaub &amp; Reisen","description":"Urlaub, Reisen, Cornwall und S\u00fcdengland: eine perfekte Kombination","potentialAction":[{"@type":"SearchAction","target":{"@type":"EntryPoint","urlTemplate":"https:\/\/www.urlaubcornwall.de\/blog\/?s={search_term_string}"},"query-input":"required name=search_term_string"}],"inLanguage":"en-US"},{"@type":"WebPage","@id":"https:\/\/www.urlaubcornwall.de\/blog\/entdecken-sie-die-herrlichen-landschaften-der-scilly-inseln-und-ihr-faszinierendes-tierleben\/","url":"https:\/\/www.urlaubcornwall.de\/blog\/entdecken-sie-die-herrlichen-landschaften-der-scilly-inseln-und-ihr-faszinierendes-tierleben\/","name":"Entdecken Sie die herrlichen Landschaften der Scilly Inseln und ihr faszinierendes Tierleben - Urlaub &amp; Reisen","isPartOf":{"@id":"https:\/\/www.urlaubcornwall.de\/blog\/#website"},"datePublished":"2018-08-18T15:40:51+00:00","dateModified":"2018-08-18T15:40:51+00:00","breadcrumb":{"@id":"https:\/\/www.urlaubcornwall.de\/blog\/entdecken-sie-die-herrlichen-landschaften-der-scilly-inseln-und-ihr-faszinierendes-tierleben\/#breadcrumb"},"inLanguage":"en-US","potentialAction":[{"@type":"ReadAction","target":["https:\/\/www.urlaubcornwall.de\/blog\/entdecken-sie-die-herrlichen-landschaften-der-scilly-inseln-und-ihr-faszinierendes-tierleben\/"]}]},{"@type":"BreadcrumbList","@id":"https:\/\/www.urlaubcornwall.de\/blog\/entdecken-sie-die-herrlichen-landschaften-der-scilly-inseln-und-ihr-faszinierendes-tierleben\/#breadcrumb","itemListElement":[{"@type":"ListItem","position":1,"name":"Home","item":"https:\/\/www.urlaubcornwall.de\/blog\/"},{"@type":"ListItem","position":2,"name":"Entdecken Sie die herrlichen Landschaften der Scilly Inseln und ihr faszinierendes Tierleben"}]}]}},"_links":{"self":[{"href":"https:\/\/www.urlaubcornwall.de\/blog\/wp-json\/wp\/v2\/pages\/34163"}],"collection":[{"href":"https:\/\/www.urlaubcornwall.de\/blog\/wp-json\/wp\/v2\/pages"}],"about":[{"href":"https:\/\/www.urlaubcornwall.de\/blog\/wp-json\/wp\/v2\/types\/page"}],"author":[{"embeddable":true,"href":"https:\/\/www.urlaubcornwall.de\/blog\/wp-json\/wp\/v2\/users\/1"}],"replies":[{"embeddable":true,"href":"https:\/\/www.urlaubcornwall.de\/blog\/wp-json\/wp\/v2\/comments?post=34163"}],"version-history":[{"count":1,"href":"https:\/\/www.urlaubcornwall.de\/blog\/wp-json\/wp\/v2\/pages\/34163\/revisions"}],"predecessor-version":[{"id":34166,"href":"https:\/\/www.urlaubcornwall.de\/blog\/wp-json\/wp\/v2\/pages\/34163\/revisions\/34166"}],"wp:attachment":[{"href":"https:\/\/www.urlaubcornwall.de\/blog\/wp-json\/wp\/v2\/media?parent=34163"}],"curies":[{"name":"wp","href":"https:\/\/api.w.org\/{rel}","templated":true}]}}