{"id":34156,"date":"2018-08-18T15:15:05","date_gmt":"2018-08-18T15:15:05","guid":{"rendered":"https:\/\/www.urlaubcornwall.de\/blog\/?page_id=34156"},"modified":"2020-06-23T10:28:31","modified_gmt":"2020-06-23T10:28:31","slug":"das-kulturelle-erbe-der-scilly-inseln","status":"publish","type":"page","link":"https:\/\/www.urlaubcornwall.de\/blog\/das-kulturelle-erbe-der-scilly-inseln\/","title":{"rendered":"Das kulturelle Erbe der Scilly Inseln"},"content":{"rendered":"<p><img loading=\"lazy\" class=\"aligncenter size-full wp-image-34160\" src=\"https:\/\/www.urlaubcornwall.de\/blog\/wp-content\/uploads\/2018\/08\/Das-kulturelle-Erbe-der-Scilly-Inseln.jpg\" alt=\"Das kulturelle Erbe der Scilly Inseln\" width=\"748\" height=\"404\"\/><br \/>\nDas kulturelle Erbe der Scilly Inseln dreht sich ums Meer, etwas, worauf s\u00e4mtliche \u201aScillonian\u2018 Familien stolz sind. Neben dem Tourismus, der nun zum gr\u00f6\u00dften Teil die Wirtschaft ausmacht, befindet sich das tats\u00e4chliche Erbe in traditionellen Zeitvertreiben wie Bauernwirtschaft, Fischerei und Rudern \u2013 allesamt florieren sie noch heute auf den Inseln.<\/p>\n<p>Blumenanbau floriert auf s\u00e4mtlichen <a href=\"https:\/\/www.urlaubcornwall.de\/Scilly-Inseln.php\">Scilly Inseln<\/a>. Die Inseln bauen Narzissen, Osterglocken und duftende Nelken an, um nur ein paar zu nennen, die dann verteilt und \/ oder per Postauftrag auf dem Festland verkauft werden. Das lebendige Flickwerk von gelben und wei\u00dfen Feldern, die von Oktober an zum Leben erwachen, ist sehenswert. Einige Bauern haben sich auch darauf spezialisiert, Kr\u00e4uter f\u00fcr essentielle \u00d6le anzubauen, sowie darauf, kleine Herden von freilebenden Rind- und Milchk\u00fchen zu halten. Vielleicht entdecken Sie sogar ein paar Schafe und Schweine!<\/p>\n<div class=\"snippet\"> <a class=\"featured-item\" href=\"https:\/\/www.urlaubcornwall.de\/Scilly-Inseln.php\"> <span class=\"image-holder\" style=\"background-image: url('https:\/\/www.urlaubcornwall.de\/blog\/wp-content\/uploads\/2018\/12\/urlaub_isles_scilly_cornwall.jpg');\"><\/span> <span class=\"featured-content\"> \n<h2 class=\"featured-title\">Urlaub auf den Isles of Scilly <\/h2>\n<p class=\"featured-body\">Die Scilly-Inseln sind Cornwalls bestgeh\u00fctetes Geheimnis; aufgrund ihres milden Klimas, der perfekten Sandstr\u00e4nde und dem t\u00fcrkisblauen Meer werden sie auch die gl\u00fccklichen Inseln (Fortunate Isles) genannt. . &#8230;<\/p>\n<\/span> <span class=\"featured-link-holder\"> <span class=\"featured-extra-info\"> \n<p>Der <strong>EINZIGE<\/strong> Deutsch sprechende Reiseservice f\u00fcr Scilly<\/p>\n<\/span> \n<p class=\"featured-link\">Details<\/p>\n<\/span> <\/a><\/div>\n<p>Alle Scillonians haben w\u00e4hrend des Sommers starke Verbindungen zum Meer; Fischer vor Ort holen ihren Fang ein mit den feinsten Schalentieren, Hummer, Langusten und Krabben. Weitere Fischarten wie John Dory, Scholle und Makrelen werden ebenso hier gefangen und entz\u00fccken die Inselk\u00f6che, die aus diesen k\u00f6stlichen F\u00e4ngen das Beste machen. Sie k\u00f6nnen teilhaben: vom Angeln am Ufer angefangen bis hin zu organisierten Angelbootstouren. Nehmen Sie doch die Gelegenheit wahr, Ihr eigenes Essen zu fangen!<\/p>\n<p><img loading=\"lazy\" class=\"aligncenter size-full wp-image-34159\" src=\"https:\/\/www.urlaubcornwall.de\/blog\/wp-content\/uploads\/2018\/08\/gig-boat-racing-scilly-inseln-isles.jpg\" alt=\"gig boat racing scilly inseln isles\" width=\"749\" height=\"398\" srcset=\"https:\/\/www.urlaubcornwall.de\/blog\/wp-content\/uploads\/2018\/08\/gig-boat-racing-scilly-inseln-isles.jpg 749w, https:\/\/www.urlaubcornwall.de\/blog\/wp-content\/uploads\/2018\/08\/gig-boat-racing-scilly-inseln-isles-300x159.jpg 300w\" sizes=\"(max-width: 749px) 100vw, 749px\" \/><br \/>\nDas Rudern in Ruderbooten ist auf den Scilly Inseln eine Wettkampfsportart. Die Tradition der Vergangenheit, als Bootsm\u00e4nner gr\u00f6\u00dfere Boote durch die gef\u00e4hrlichen Gew\u00e4sser leiteten, wird weitergef\u00fchrt; die Inselbewohner haben jede Woche w\u00e4hrend des Sommers Ruderbootsrennen; Frauen mittwochs abends und M\u00e4nner freitags abends. Im Mai jeden Jahres finden auf den Scilly Inseln die Weltrudermeisterschaften statt, und mehr als 130 Besatzungsmitglieder und ihre Ruderboote landen auf den Inseln.<\/p>\n<p>Mit UrlaubCorwall k\u00f6nnen Sie <a href=\"https:\/\/www.urlaubcornwall.de\/Scilly-Inseln.php\">wahrhaft einzigartigen Urlaub auf den Inseln verbringen<\/a>, den Sie ewig in Erinnerung behalten werden.<\/p>\n<h2 style=\"text-align: center;\">Unser Rundreisenservice<\/h2>\n<p>UrlaubCornwall, mit Firmensitz in Cornwall und selbst h\u00e4ufig Besucher der <a href=\"http:\/\/www.urlaubcornwall.de\/Scilly-Inseln.php\">Scilly Inseln<\/a>, hat eine einzigartige Sammlung handverlesener, pers\u00f6nlich inspizierter Hotels und B&amp;Bs in dieser atemberaubenden Inselwelt zusammengestellt.<\/p>\n<p style=\"text-align: center;\"><a class=\"tidycta\" href=\"http:\/\/www.urlaubcornwall.de\/anfrage.php?tourcode=Urlaub Scilly-Inseln\">Urlaub Scilly-Inseln Anfrage<\/a><\/p>\n<p>Wir bieten den <strong>EINZIGEN<\/strong> Deutsch sprechenden <a href=\"http:\/\/www.urlaubcornwall.de\/anfrage.php?tourcode=Scilly Inseln\">Reiseservice<\/a> f\u00fcr die Inseln und k\u00f6nnen einen Urlaub f\u00fcr Sie kreieren, einschlie\u00dflich Unterkunft, Fl\u00fcgen, Transfers und Autovermietung. Genie\u00dfen Sie einen Urlaub hier oder binden Sie die Inseln als Teil einer Rundreise durch Cornwall mit ein.<\/p>\n","protected":false},"excerpt":{"rendered":"<p>Das kulturelle Erbe der Scilly Inseln dreht sich ums Meer, etwas, worauf s\u00e4mtliche \u201aScillonian\u2018 Familien stolz sind. Neben dem Tourismus, der nun zum gr\u00f6\u00dften Teil die Wirtschaft ausmacht, befindet sich das tats\u00e4chliche Erbe in traditionellen Zeitvertreiben wie Bauernwirtschaft, Fischerei und Rudern \u2013 allesamt florieren sie noch heute auf den Inseln. Blumenanbau floriert auf s\u00e4mtlichen Scilly [&hellip;]<\/p>\n","protected":false},"author":1,"featured_media":0,"parent":0,"menu_order":0,"comment_status":"closed","ping_status":"closed","template":"single-four.php","meta":[],"acf":[],"yoast_head":"<!-- This site is optimized with the Yoast SEO plugin v19.4 - https:\/\/yoast.com\/wordpress\/plugins\/seo\/ -->\n<title>Das kulturelle Erbe der Scilly Inseln - Urlaub &amp; Reisen<\/title>\n<meta name=\"robots\" content=\"index, follow, max-snippet:-1, max-image-preview:large, max-video-preview:-1\" \/>\n<link rel=\"canonical\" href=\"https:\/\/www.urlaubcornwall.de\/blog\/das-kulturelle-erbe-der-scilly-inseln\/\" \/>\n<meta property=\"og:locale\" content=\"en_US\" \/>\n<meta property=\"og:type\" content=\"article\" \/>\n<meta property=\"og:title\" content=\"Das kulturelle Erbe der Scilly Inseln - Urlaub &amp; Reisen\" \/>\n<meta property=\"og:description\" content=\"Das kulturelle Erbe der Scilly Inseln dreht sich ums Meer, etwas, worauf s\u00e4mtliche \u201aScillonian\u2018 Familien stolz sind. Neben dem Tourismus, der nun zum gr\u00f6\u00dften Teil die Wirtschaft ausmacht, befindet sich das tats\u00e4chliche Erbe in traditionellen Zeitvertreiben wie Bauernwirtschaft, Fischerei und Rudern \u2013 allesamt florieren sie noch heute auf den Inseln. Blumenanbau floriert auf s\u00e4mtlichen Scilly [&hellip;]\" \/>\n<meta property=\"og:url\" content=\"https:\/\/www.urlaubcornwall.de\/blog\/das-kulturelle-erbe-der-scilly-inseln\/\" \/>\n<meta property=\"og:site_name\" content=\"Urlaub &amp; Reisen\" \/>\n<meta property=\"article:modified_time\" content=\"2020-06-23T10:28:31+00:00\" \/>\n<meta property=\"og:image\" content=\"https:\/\/www.urlaubcornwall.de\/blog\/wp-content\/uploads\/2018\/08\/Das-kulturelle-Erbe-der-Scilly-Inseln.jpg\" \/>\n<meta name=\"twitter:card\" content=\"summary\" \/>\n<meta name=\"twitter:label1\" content=\"Est. reading time\" \/>\n\t<meta name=\"twitter:data1\" content=\"2 minutes\" \/>\n<script type=\"application\/ld+json\" class=\"yoast-schema-graph\">{\"@context\":\"https:\/\/schema.org\",\"@graph\":[{\"@type\":\"WebSite\",\"@id\":\"https:\/\/www.urlaubcornwall.de\/blog\/#website\",\"url\":\"https:\/\/www.urlaubcornwall.de\/blog\/\",\"name\":\"Urlaub &amp; Reisen\",\"description\":\"Urlaub, Reisen, Cornwall und S\u00fcdengland: eine perfekte Kombination\",\"potentialAction\":[{\"@type\":\"SearchAction\",\"target\":{\"@type\":\"EntryPoint\",\"urlTemplate\":\"https:\/\/www.urlaubcornwall.de\/blog\/?s={search_term_string}\"},\"query-input\":\"required name=search_term_string\"}],\"inLanguage\":\"en-US\"},{\"@type\":\"WebPage\",\"@id\":\"https:\/\/www.urlaubcornwall.de\/blog\/das-kulturelle-erbe-der-scilly-inseln\/\",\"url\":\"https:\/\/www.urlaubcornwall.de\/blog\/das-kulturelle-erbe-der-scilly-inseln\/\",\"name\":\"Das kulturelle Erbe der Scilly Inseln - Urlaub &amp; Reisen\",\"isPartOf\":{\"@id\":\"https:\/\/www.urlaubcornwall.de\/blog\/#website\"},\"datePublished\":\"2018-08-18T15:15:05+00:00\",\"dateModified\":\"2020-06-23T10:28:31+00:00\",\"breadcrumb\":{\"@id\":\"https:\/\/www.urlaubcornwall.de\/blog\/das-kulturelle-erbe-der-scilly-inseln\/#breadcrumb\"},\"inLanguage\":\"en-US\",\"potentialAction\":[{\"@type\":\"ReadAction\",\"target\":[\"https:\/\/www.urlaubcornwall.de\/blog\/das-kulturelle-erbe-der-scilly-inseln\/\"]}]},{\"@type\":\"BreadcrumbList\",\"@id\":\"https:\/\/www.urlaubcornwall.de\/blog\/das-kulturelle-erbe-der-scilly-inseln\/#breadcrumb\",\"itemListElement\":[{\"@type\":\"ListItem\",\"position\":1,\"name\":\"Home\",\"item\":\"https:\/\/www.urlaubcornwall.de\/blog\/\"},{\"@type\":\"ListItem\",\"position\":2,\"name\":\"Das kulturelle Erbe der Scilly Inseln\"}]}]}<\/script>\n<!-- \/ Yoast SEO plugin. -->","yoast_head_json":{"title":"Das kulturelle Erbe der Scilly Inseln - Urlaub &amp; Reisen","robots":{"index":"index","follow":"follow","max-snippet":"max-snippet:-1","max-image-preview":"max-image-preview:large","max-video-preview":"max-video-preview:-1"},"canonical":"https:\/\/www.urlaubcornwall.de\/blog\/das-kulturelle-erbe-der-scilly-inseln\/","og_locale":"en_US","og_type":"article","og_title":"Das kulturelle Erbe der Scilly Inseln - Urlaub &amp; Reisen","og_description":"Das kulturelle Erbe der Scilly Inseln dreht sich ums Meer, etwas, worauf s\u00e4mtliche \u201aScillonian\u2018 Familien stolz sind. Neben dem Tourismus, der nun zum gr\u00f6\u00dften Teil die Wirtschaft ausmacht, befindet sich das tats\u00e4chliche Erbe in traditionellen Zeitvertreiben wie Bauernwirtschaft, Fischerei und Rudern \u2013 allesamt florieren sie noch heute auf den Inseln. Blumenanbau floriert auf s\u00e4mtlichen Scilly [&hellip;]","og_url":"https:\/\/www.urlaubcornwall.de\/blog\/das-kulturelle-erbe-der-scilly-inseln\/","og_site_name":"Urlaub &amp; Reisen","article_modified_time":"2020-06-23T10:28:31+00:00","og_image":[{"url":"https:\/\/www.urlaubcornwall.de\/blog\/wp-content\/uploads\/2018\/08\/Das-kulturelle-Erbe-der-Scilly-Inseln.jpg"}],"twitter_card":"summary","twitter_misc":{"Est. reading time":"2 minutes"},"schema":{"@context":"https:\/\/schema.org","@graph":[{"@type":"WebSite","@id":"https:\/\/www.urlaubcornwall.de\/blog\/#website","url":"https:\/\/www.urlaubcornwall.de\/blog\/","name":"Urlaub &amp; Reisen","description":"Urlaub, Reisen, Cornwall und S\u00fcdengland: eine perfekte Kombination","potentialAction":[{"@type":"SearchAction","target":{"@type":"EntryPoint","urlTemplate":"https:\/\/www.urlaubcornwall.de\/blog\/?s={search_term_string}"},"query-input":"required name=search_term_string"}],"inLanguage":"en-US"},{"@type":"WebPage","@id":"https:\/\/www.urlaubcornwall.de\/blog\/das-kulturelle-erbe-der-scilly-inseln\/","url":"https:\/\/www.urlaubcornwall.de\/blog\/das-kulturelle-erbe-der-scilly-inseln\/","name":"Das kulturelle Erbe der Scilly Inseln - Urlaub &amp; Reisen","isPartOf":{"@id":"https:\/\/www.urlaubcornwall.de\/blog\/#website"},"datePublished":"2018-08-18T15:15:05+00:00","dateModified":"2020-06-23T10:28:31+00:00","breadcrumb":{"@id":"https:\/\/www.urlaubcornwall.de\/blog\/das-kulturelle-erbe-der-scilly-inseln\/#breadcrumb"},"inLanguage":"en-US","potentialAction":[{"@type":"ReadAction","target":["https:\/\/www.urlaubcornwall.de\/blog\/das-kulturelle-erbe-der-scilly-inseln\/"]}]},{"@type":"BreadcrumbList","@id":"https:\/\/www.urlaubcornwall.de\/blog\/das-kulturelle-erbe-der-scilly-inseln\/#breadcrumb","itemListElement":[{"@type":"ListItem","position":1,"name":"Home","item":"https:\/\/www.urlaubcornwall.de\/blog\/"},{"@type":"ListItem","position":2,"name":"Das kulturelle Erbe der Scilly Inseln"}]}]}},"_links":{"self":[{"href":"https:\/\/www.urlaubcornwall.de\/blog\/wp-json\/wp\/v2\/pages\/34156"}],"collection":[{"href":"https:\/\/www.urlaubcornwall.de\/blog\/wp-json\/wp\/v2\/pages"}],"about":[{"href":"https:\/\/www.urlaubcornwall.de\/blog\/wp-json\/wp\/v2\/types\/page"}],"author":[{"embeddable":true,"href":"https:\/\/www.urlaubcornwall.de\/blog\/wp-json\/wp\/v2\/users\/1"}],"replies":[{"embeddable":true,"href":"https:\/\/www.urlaubcornwall.de\/blog\/wp-json\/wp\/v2\/comments?post=34156"}],"version-history":[{"count":8,"href":"https:\/\/www.urlaubcornwall.de\/blog\/wp-json\/wp\/v2\/pages\/34156\/revisions"}],"predecessor-version":[{"id":40591,"href":"https:\/\/www.urlaubcornwall.de\/blog\/wp-json\/wp\/v2\/pages\/34156\/revisions\/40591"}],"wp:attachment":[{"href":"https:\/\/www.urlaubcornwall.de\/blog\/wp-json\/wp\/v2\/media?parent=34156"}],"curies":[{"name":"wp","href":"https:\/\/api.w.org\/{rel}","templated":true}]}}