{"id":34152,"date":"2018-08-17T08:36:41","date_gmt":"2018-08-17T08:36:41","guid":{"rendered":"https:\/\/www.urlaubcornwall.de\/blog\/?page_id=34152"},"modified":"2021-12-09T14:20:27","modified_gmt":"2021-12-09T14:20:27","slug":"scilly-inseln-cornwalls-einzigartige-wanderurlaubsregion","status":"publish","type":"page","link":"https:\/\/www.urlaubcornwall.de\/blog\/scilly-inseln-cornwalls-einzigartige-wanderurlaubsregion\/","title":{"rendered":"Wandern auf den Isles of Scilly \u2013 Cornwalls einzigartige Wanderurlaubsregion"},"content":{"rendered":"<p><img loading=\"lazy\" class=\"aligncenter size-full wp-image-34153\" src=\"https:\/\/www.urlaubcornwall.de\/blog\/wp-content\/uploads\/2018\/08\/wanderurlaub-scilly-inseln-isles.jpg\" alt=\"wanderurlaub scilly inseln isles\" width=\"749\" height=\"489\" srcset=\"https:\/\/www.urlaubcornwall.de\/blog\/wp-content\/uploads\/2018\/08\/wanderurlaub-scilly-inseln-isles.jpg 749w, https:\/\/www.urlaubcornwall.de\/blog\/wp-content\/uploads\/2018\/08\/wanderurlaub-scilly-inseln-isles-300x196.jpg 300w\" sizes=\"(max-width: 749px) 100vw, 749px\" \/><\/p>\n<p>Die <a href=\"https:\/\/www.urlaubcornwall.de\/Scilly-Inseln.php\">Isles of Scilly<\/a> bieten eine ganz bestimmte Lebensqualit\u00e4t \u2013 einfacher, freundlicher und friedvoller. Es ist eine Qualit\u00e4t, die in anderen Teilen Englands l\u00e4ngst verlorengegangen ist. Die beste M\u00f6glichkeit, dies zu entdecken, ist es, die K\u00fcstenpfade und Wanderwege entlangzuwandern.<\/p>\n<p>Menschen kommen das ganze Jahr \u00fcber zu den Scilly Inseln, um deren Wildheit zu Fu\u00df zu erkunden. Und das ist kein Wunder. Der gesamte Archipel wurde zum Gebiet besonderer Natursch\u00f6nheit auserkoren. Es gibt allein auf St. Marys viele Naturpfade und Wanderungen, w\u00e4hrend all die die anderen kleineren Inseln fantastische M\u00f6glichkeiten bieten, ihrer L\u00e4nge und Breite entlangzuwandern. Ob Sie nun schlendern, wandern oder krabbeln, so finden Sie vielf\u00e4ltige K\u00fcsten- und l\u00e4ndliche Landschaften, exotisches Tierleben und an jeder Ecke der Scilly Inseln historische Monumente. Von Oktober bis M\u00e4rz erwachen die Felder mit einer Schau und dem Geruch von duftenden Narzissen, die auf der Insel angebaut werden, zu neuem Leben.<\/p>\n<p><script async src=\"https:\/\/pagead2.googlesyndication.com\/pagead\/js\/adsbygoogle.js?client=ca-pub-3901089389175725\"\n     crossorigin=\"anonymous\"><\/script><br \/>\n<!-- New UC --><br \/>\n<ins class=\"adsbygoogle\"\n     style=\"display:block\"\n     data-ad-client=\"ca-pub-3901089389175725\"\n     data-ad-slot=\"8080314818\"\n     data-ad-format=\"auto\"\n     data-full-width-responsive=\"true\"><\/ins><br \/>\n<script>\n     (adsbygoogle = window.adsbygoogle || []).push({});\n<\/script><\/p>\n<p>Um Wanderurlaub auf den Inseln zu genie\u00dfen, bieten wir ein komplettes gef\u00fchrtes Wanderpaket an, das die Scilly Inseln beinhaltet, sowie die H\u00f6hepunkte des Festlandes Cornwall.<\/p>\n<h2>Suche Hotels auf den Scilly Inseln\n<p><ins class=\"bookingaff\" data-aid=\"1713971\" data-target_aid=\"1713971\" data-prod=\"nsb\" data-width=\"100%\" data-height=\"auto\" data-dest_id=\"2738\" data-dest_type=\"region\"><br \/>\n    <!-- Anything inside will go away once widget is loaded. --><br \/>\n        <a href=\"\/\/www.booking.com?aid=1713971\"rel=\"nofollow\">Booking.com<\/a><br \/>\n<\/ins><br \/>\n<script type=\"text\/javascript\">\n    (function(d, sc, u) {\n      var s = d.createElement(sc), p = d.getElementsByTagName(sc)[0];\n      s.type = 'text\/javascript';\n      s.async = true;\n      s.src = u + '?v=' + (+new Date());\n      p.parentNode.insertBefore(s,p);\n      })(document, 'script', '\/\/aff.bstatic.com\/static\/affiliate_base\/js\/flexiproduct.js');\n<\/script><\/p>\n<\/h2>","protected":false},"excerpt":{"rendered":"<p>Die Isles of Scilly bieten eine ganz bestimmte Lebensqualit\u00e4t \u2013 einfacher, freundlicher und friedvoller. Es ist eine Qualit\u00e4t, die in anderen Teilen Englands l\u00e4ngst verlorengegangen ist. Die beste M\u00f6glichkeit, dies zu entdecken, ist es, die K\u00fcstenpfade und Wanderwege entlangzuwandern. Menschen kommen das ganze Jahr \u00fcber zu den Scilly Inseln, um deren Wildheit zu Fu\u00df zu [&hellip;]<\/p>\n","protected":false},"author":1,"featured_media":0,"parent":0,"menu_order":0,"comment_status":"closed","ping_status":"closed","template":"single-four.php","meta":[],"acf":[],"yoast_head":"<!-- This site is optimized with the Yoast SEO plugin v19.4 - https:\/\/yoast.com\/wordpress\/plugins\/seo\/ -->\n<title>Wandern auf den Isles of Scilly \u2013 Cornwalls einzigartige Wanderurlaubsregion - Urlaub &amp; Reisen<\/title>\n<meta name=\"robots\" content=\"index, follow, max-snippet:-1, max-image-preview:large, max-video-preview:-1\" \/>\n<link rel=\"canonical\" href=\"https:\/\/www.urlaubcornwall.de\/blog\/scilly-inseln-cornwalls-einzigartige-wanderurlaubsregion\/\" \/>\n<meta property=\"og:locale\" content=\"en_US\" \/>\n<meta property=\"og:type\" content=\"article\" \/>\n<meta property=\"og:title\" content=\"Wandern auf den Isles of Scilly \u2013 Cornwalls einzigartige Wanderurlaubsregion - Urlaub &amp; Reisen\" \/>\n<meta property=\"og:description\" content=\"Die Isles of Scilly bieten eine ganz bestimmte Lebensqualit\u00e4t \u2013 einfacher, freundlicher und friedvoller. Es ist eine Qualit\u00e4t, die in anderen Teilen Englands l\u00e4ngst verlorengegangen ist. Die beste M\u00f6glichkeit, dies zu entdecken, ist es, die K\u00fcstenpfade und Wanderwege entlangzuwandern. Menschen kommen das ganze Jahr \u00fcber zu den Scilly Inseln, um deren Wildheit zu Fu\u00df zu [&hellip;]\" \/>\n<meta property=\"og:url\" content=\"https:\/\/www.urlaubcornwall.de\/blog\/scilly-inseln-cornwalls-einzigartige-wanderurlaubsregion\/\" \/>\n<meta property=\"og:site_name\" content=\"Urlaub &amp; Reisen\" \/>\n<meta property=\"article:modified_time\" content=\"2021-12-09T14:20:27+00:00\" \/>\n<meta property=\"og:image\" content=\"https:\/\/www.urlaubcornwall.de\/blog\/wp-content\/uploads\/2018\/08\/wanderurlaub-scilly-inseln-isles.jpg\" \/>\n<meta name=\"twitter:card\" content=\"summary\" \/>\n<meta name=\"twitter:label1\" content=\"Est. reading time\" \/>\n\t<meta name=\"twitter:data1\" content=\"1 minute\" \/>\n<script type=\"application\/ld+json\" class=\"yoast-schema-graph\">{\"@context\":\"https:\/\/schema.org\",\"@graph\":[{\"@type\":\"WebSite\",\"@id\":\"https:\/\/www.urlaubcornwall.de\/blog\/#website\",\"url\":\"https:\/\/www.urlaubcornwall.de\/blog\/\",\"name\":\"Urlaub &amp; Reisen\",\"description\":\"Urlaub, Reisen, Cornwall und S\u00fcdengland: eine perfekte Kombination\",\"potentialAction\":[{\"@type\":\"SearchAction\",\"target\":{\"@type\":\"EntryPoint\",\"urlTemplate\":\"https:\/\/www.urlaubcornwall.de\/blog\/?s={search_term_string}\"},\"query-input\":\"required name=search_term_string\"}],\"inLanguage\":\"en-US\"},{\"@type\":\"WebPage\",\"@id\":\"https:\/\/www.urlaubcornwall.de\/blog\/scilly-inseln-cornwalls-einzigartige-wanderurlaubsregion\/\",\"url\":\"https:\/\/www.urlaubcornwall.de\/blog\/scilly-inseln-cornwalls-einzigartige-wanderurlaubsregion\/\",\"name\":\"Wandern auf den Isles of Scilly \u2013 Cornwalls einzigartige Wanderurlaubsregion - Urlaub &amp; Reisen\",\"isPartOf\":{\"@id\":\"https:\/\/www.urlaubcornwall.de\/blog\/#website\"},\"datePublished\":\"2018-08-17T08:36:41+00:00\",\"dateModified\":\"2021-12-09T14:20:27+00:00\",\"breadcrumb\":{\"@id\":\"https:\/\/www.urlaubcornwall.de\/blog\/scilly-inseln-cornwalls-einzigartige-wanderurlaubsregion\/#breadcrumb\"},\"inLanguage\":\"en-US\",\"potentialAction\":[{\"@type\":\"ReadAction\",\"target\":[\"https:\/\/www.urlaubcornwall.de\/blog\/scilly-inseln-cornwalls-einzigartige-wanderurlaubsregion\/\"]}]},{\"@type\":\"BreadcrumbList\",\"@id\":\"https:\/\/www.urlaubcornwall.de\/blog\/scilly-inseln-cornwalls-einzigartige-wanderurlaubsregion\/#breadcrumb\",\"itemListElement\":[{\"@type\":\"ListItem\",\"position\":1,\"name\":\"Home\",\"item\":\"https:\/\/www.urlaubcornwall.de\/blog\/\"},{\"@type\":\"ListItem\",\"position\":2,\"name\":\"Wandern auf den Isles of Scilly \u2013 Cornwalls einzigartige Wanderurlaubsregion\"}]}]}<\/script>\n<!-- \/ Yoast SEO plugin. -->","yoast_head_json":{"title":"Wandern auf den Isles of Scilly \u2013 Cornwalls einzigartige Wanderurlaubsregion - Urlaub &amp; Reisen","robots":{"index":"index","follow":"follow","max-snippet":"max-snippet:-1","max-image-preview":"max-image-preview:large","max-video-preview":"max-video-preview:-1"},"canonical":"https:\/\/www.urlaubcornwall.de\/blog\/scilly-inseln-cornwalls-einzigartige-wanderurlaubsregion\/","og_locale":"en_US","og_type":"article","og_title":"Wandern auf den Isles of Scilly \u2013 Cornwalls einzigartige Wanderurlaubsregion - Urlaub &amp; Reisen","og_description":"Die Isles of Scilly bieten eine ganz bestimmte Lebensqualit\u00e4t \u2013 einfacher, freundlicher und friedvoller. Es ist eine Qualit\u00e4t, die in anderen Teilen Englands l\u00e4ngst verlorengegangen ist. Die beste M\u00f6glichkeit, dies zu entdecken, ist es, die K\u00fcstenpfade und Wanderwege entlangzuwandern. Menschen kommen das ganze Jahr \u00fcber zu den Scilly Inseln, um deren Wildheit zu Fu\u00df zu [&hellip;]","og_url":"https:\/\/www.urlaubcornwall.de\/blog\/scilly-inseln-cornwalls-einzigartige-wanderurlaubsregion\/","og_site_name":"Urlaub &amp; Reisen","article_modified_time":"2021-12-09T14:20:27+00:00","og_image":[{"url":"https:\/\/www.urlaubcornwall.de\/blog\/wp-content\/uploads\/2018\/08\/wanderurlaub-scilly-inseln-isles.jpg"}],"twitter_card":"summary","twitter_misc":{"Est. reading time":"1 minute"},"schema":{"@context":"https:\/\/schema.org","@graph":[{"@type":"WebSite","@id":"https:\/\/www.urlaubcornwall.de\/blog\/#website","url":"https:\/\/www.urlaubcornwall.de\/blog\/","name":"Urlaub &amp; Reisen","description":"Urlaub, Reisen, Cornwall und S\u00fcdengland: eine perfekte Kombination","potentialAction":[{"@type":"SearchAction","target":{"@type":"EntryPoint","urlTemplate":"https:\/\/www.urlaubcornwall.de\/blog\/?s={search_term_string}"},"query-input":"required name=search_term_string"}],"inLanguage":"en-US"},{"@type":"WebPage","@id":"https:\/\/www.urlaubcornwall.de\/blog\/scilly-inseln-cornwalls-einzigartige-wanderurlaubsregion\/","url":"https:\/\/www.urlaubcornwall.de\/blog\/scilly-inseln-cornwalls-einzigartige-wanderurlaubsregion\/","name":"Wandern auf den Isles of Scilly \u2013 Cornwalls einzigartige Wanderurlaubsregion - Urlaub &amp; Reisen","isPartOf":{"@id":"https:\/\/www.urlaubcornwall.de\/blog\/#website"},"datePublished":"2018-08-17T08:36:41+00:00","dateModified":"2021-12-09T14:20:27+00:00","breadcrumb":{"@id":"https:\/\/www.urlaubcornwall.de\/blog\/scilly-inseln-cornwalls-einzigartige-wanderurlaubsregion\/#breadcrumb"},"inLanguage":"en-US","potentialAction":[{"@type":"ReadAction","target":["https:\/\/www.urlaubcornwall.de\/blog\/scilly-inseln-cornwalls-einzigartige-wanderurlaubsregion\/"]}]},{"@type":"BreadcrumbList","@id":"https:\/\/www.urlaubcornwall.de\/blog\/scilly-inseln-cornwalls-einzigartige-wanderurlaubsregion\/#breadcrumb","itemListElement":[{"@type":"ListItem","position":1,"name":"Home","item":"https:\/\/www.urlaubcornwall.de\/blog\/"},{"@type":"ListItem","position":2,"name":"Wandern auf den Isles of Scilly \u2013 Cornwalls einzigartige Wanderurlaubsregion"}]}]}},"_links":{"self":[{"href":"https:\/\/www.urlaubcornwall.de\/blog\/wp-json\/wp\/v2\/pages\/34152"}],"collection":[{"href":"https:\/\/www.urlaubcornwall.de\/blog\/wp-json\/wp\/v2\/pages"}],"about":[{"href":"https:\/\/www.urlaubcornwall.de\/blog\/wp-json\/wp\/v2\/types\/page"}],"author":[{"embeddable":true,"href":"https:\/\/www.urlaubcornwall.de\/blog\/wp-json\/wp\/v2\/users\/1"}],"replies":[{"embeddable":true,"href":"https:\/\/www.urlaubcornwall.de\/blog\/wp-json\/wp\/v2\/comments?post=34152"}],"version-history":[{"count":9,"href":"https:\/\/www.urlaubcornwall.de\/blog\/wp-json\/wp\/v2\/pages\/34152\/revisions"}],"predecessor-version":[{"id":44346,"href":"https:\/\/www.urlaubcornwall.de\/blog\/wp-json\/wp\/v2\/pages\/34152\/revisions\/44346"}],"wp:attachment":[{"href":"https:\/\/www.urlaubcornwall.de\/blog\/wp-json\/wp\/v2\/media?parent=34152"}],"curies":[{"name":"wp","href":"https:\/\/api.w.org\/{rel}","templated":true}]}}