{"id":34138,"date":"2018-09-10T07:54:40","date_gmt":"2018-09-10T07:54:40","guid":{"rendered":"https:\/\/www.urlaubcornwall.de\/blog\/?page_id=34138"},"modified":"2024-05-30T14:40:31","modified_gmt":"2024-05-30T14:40:31","slug":"luxus-boutique-hotel-am-meer-in-newquay","status":"publish","type":"page","link":"https:\/\/www.urlaubcornwall.de\/blog\/luxus-boutique-hotel-am-meer-in-newquay\/","title":{"rendered":"Luxus Boutique-Hotel am Meer in Newquay &#8211; Lewinnick Lodge"},"content":{"rendered":"<p><a href=\"https:\/\/www.urlaubcornwall.de\/blog\/wp-content\/uploads\/2024\/03\/Fistral-strand.jpg\"><img loading=\"lazy\" src=\"https:\/\/www.urlaubcornwall.de\/blog\/wp-content\/uploads\/2024\/03\/Fistral-strand.jpg\" alt=\"Fistral strand\" width=\"750\" height=\"482\" class=\"alignnone size-full wp-image-47783\" srcset=\"https:\/\/www.urlaubcornwall.de\/blog\/wp-content\/uploads\/2024\/03\/Fistral-strand.jpg 750w, https:\/\/www.urlaubcornwall.de\/blog\/wp-content\/uploads\/2024\/03\/Fistral-strand-300x193.jpg 300w\" sizes=\"(max-width: 750px) 100vw, 750px\" \/><\/a><br \/>\nDie Lage in dieser Unterkunft ist auch eine der besten in Newquay! Restaurant,Sonnenterrasse, Parkpl\u00e4tze inbegriffen, WLAN inklusive, Haustiere sind nicht gestattet.<\/p>\n<p>Diese Unterkunft ist 4 Gehminuten vom Strand entfernt. Dieses <a href=\"https:\/\/www.urlaubcornwall.de\/blog\/handverlesene-boutique-hotels-in-cornwall-devon\/\">Boutique-Hotel<\/a> erwartet Sie mit einer spektakul\u00e4ren Aussicht auf den Atlantik oberhalb der Klippen von Pentire Headland. Freuen Sie sich auf Designer-Zimmern und eine modernes Restaurant. Zum ber\u00fchmten Strand Fistral Beach gelangen Sie schon nach 5 Autominuten.<\/p>\n<p>Alle Zimmer der Lewinnick Lodge sind elegant und hell. Jedes bietet Ihnen eine herrliche Aussicht, 1 luxuri\u00f6ses Kingsize-Bett, strahlend wei\u00dfe Bettw\u00e4sche sowie ein modernes Bad mit Dusche und Bio-Pflegeprodukten. Ein DAB-Radio mit Bluetooth-Lautsprechern sowie ein Flachbild-TV mit den neuesten Movies-on-Demand z\u00e4hlen zur weiteren Ausstattung&#8230;&#8230;<\/p>\n<p style=\"text-align: center;\"><a class=\"tidycta\" href=\"https:\/\/www.booking.com\/hotel\/gb\/the-lewinnick-lodge.en.html?aid=1320750&amp;no_rooms=1&amp;group_adults=2&amp;room1=A%2CA\" rel=\"nofollow\">Verf\u00fcgbarkeit pr\u00fcfen und buchen.<\/a><\/p>\n<p><ins class=\"bookingaff\" data-aid=\"1700636\" data-target_aid=\"1700636\" data-prod=\"map\" data-width=\"100%\" data-height=\"590\" data-lang=\"ualng\" data-dest_id=\"0\" data-dest_type=\"landmark\" data-latitude=\"50.415497\" data-longitude=\"-5.073719\" data-mwhsb=\"1\"><br \/>\n    <!-- Anything inside will go away once widget is loaded. --><br \/>\n        <a href=\"\/\/www.booking.com?aid=1700636\"rel=\"nofollow\">Booking.com<\/a><br \/>\n<\/ins><br \/>\n<script type=\"text\/javascript\">\n    (function(d, sc, u) {\n      var s = d.createElement(sc), p = d.getElementsByTagName(sc)[0];\n      s.type = 'text\/javascript';\n      s.async = true;\n      s.src = u + '?v=' + (+new Date());\n      p.parentNode.insertBefore(s,p);\n      })(document, 'script', '\/\/aff.bstatic.com\/static\/affiliate_base\/js\/flexiproduct.js');\n<\/script><\/p>\n<p style=\"text-align: center;\"><b><a class=\"tidycta\" href=\"https:\/\/www.urlaubcornwall.de\/hotels.php\">Suche Hotels in Cornwall<\/a><\/b><\/p>\n<p style=\"text-align: left;\"><a href=\"http:\/\/www.urlaubcornwall.de\/\">UrlaubCornwall.de<\/a> ist ein in Cornwall ans\u00e4ssiges Unternehmen k\u00f6nnen wir uns mit 20 Jahren Erfahrung in der Organisation von Rundreisen durch S\u00fcdwest und S\u00fcdengland r\u00fchmen. Um Cornwall in Ihre Rundreise durch S\u00fcdengland mit einzugliedern, stellen Sie Ihre <a href=\"http:\/\/www.urlaubcornwall.de\/anfrage.php\">Anfrage<\/a> hier oder w\u00e4hlen Sie ein Ferienhaus aus unserer besten Auswahl handverlesener und inspizierter H\u00e4user aus.<\/p>\n","protected":false},"excerpt":{"rendered":"<p>Die Lage in dieser Unterkunft ist auch eine der besten in Newquay! Restaurant,Sonnenterrasse, Parkpl\u00e4tze inbegriffen, WLAN inklusive, Haustiere sind nicht gestattet. Diese Unterkunft ist 4 Gehminuten vom Strand entfernt. Dieses Boutique-Hotel erwartet Sie mit einer spektakul\u00e4ren Aussicht auf den Atlantik oberhalb der Klippen von Pentire Headland. Freuen Sie sich auf Designer-Zimmern und eine modernes Restaurant. [&hellip;]<\/p>\n","protected":false},"author":1,"featured_media":0,"parent":0,"menu_order":0,"comment_status":"closed","ping_status":"closed","template":"single-four.php","meta":[],"acf":[],"yoast_head":"<!-- This site is optimized with the Yoast SEO plugin v19.4 - https:\/\/yoast.com\/wordpress\/plugins\/seo\/ -->\n<title>Luxus Boutique-Hotel am Meer in Newquay - Lewinnick Lodge - Urlaub &amp; Reisen<\/title>\n<meta name=\"robots\" content=\"index, follow, max-snippet:-1, max-image-preview:large, max-video-preview:-1\" \/>\n<link rel=\"canonical\" href=\"https:\/\/www.urlaubcornwall.de\/blog\/luxus-boutique-hotel-am-meer-in-newquay\/\" \/>\n<meta property=\"og:locale\" content=\"en_US\" \/>\n<meta property=\"og:type\" content=\"article\" \/>\n<meta property=\"og:title\" content=\"Luxus Boutique-Hotel am Meer in Newquay - Lewinnick Lodge - Urlaub &amp; Reisen\" \/>\n<meta property=\"og:description\" content=\"Die Lage in dieser Unterkunft ist auch eine der besten in Newquay! Restaurant,Sonnenterrasse, Parkpl\u00e4tze inbegriffen, WLAN inklusive, Haustiere sind nicht gestattet. Diese Unterkunft ist 4 Gehminuten vom Strand entfernt. Dieses Boutique-Hotel erwartet Sie mit einer spektakul\u00e4ren Aussicht auf den Atlantik oberhalb der Klippen von Pentire Headland. Freuen Sie sich auf Designer-Zimmern und eine modernes Restaurant. [&hellip;]\" \/>\n<meta property=\"og:url\" content=\"https:\/\/www.urlaubcornwall.de\/blog\/luxus-boutique-hotel-am-meer-in-newquay\/\" \/>\n<meta property=\"og:site_name\" content=\"Urlaub &amp; Reisen\" \/>\n<meta property=\"article:modified_time\" content=\"2024-05-30T14:40:31+00:00\" \/>\n<meta property=\"og:image\" content=\"https:\/\/www.urlaubcornwall.de\/blog\/wp-content\/uploads\/2024\/03\/Fistral-strand.jpg\" \/>\n<meta name=\"twitter:card\" content=\"summary\" \/>\n<meta name=\"twitter:label1\" content=\"Est. reading time\" \/>\n\t<meta name=\"twitter:data1\" content=\"2 minutes\" \/>\n<script type=\"application\/ld+json\" class=\"yoast-schema-graph\">{\"@context\":\"https:\/\/schema.org\",\"@graph\":[{\"@type\":\"WebSite\",\"@id\":\"https:\/\/www.urlaubcornwall.de\/blog\/#website\",\"url\":\"https:\/\/www.urlaubcornwall.de\/blog\/\",\"name\":\"Urlaub &amp; Reisen\",\"description\":\"Urlaub, Reisen, Cornwall und S\u00fcdengland: eine perfekte Kombination\",\"potentialAction\":[{\"@type\":\"SearchAction\",\"target\":{\"@type\":\"EntryPoint\",\"urlTemplate\":\"https:\/\/www.urlaubcornwall.de\/blog\/?s={search_term_string}\"},\"query-input\":\"required name=search_term_string\"}],\"inLanguage\":\"en-US\"},{\"@type\":\"WebPage\",\"@id\":\"https:\/\/www.urlaubcornwall.de\/blog\/luxus-boutique-hotel-am-meer-in-newquay\/\",\"url\":\"https:\/\/www.urlaubcornwall.de\/blog\/luxus-boutique-hotel-am-meer-in-newquay\/\",\"name\":\"Luxus Boutique-Hotel am Meer in Newquay - Lewinnick Lodge - Urlaub &amp; Reisen\",\"isPartOf\":{\"@id\":\"https:\/\/www.urlaubcornwall.de\/blog\/#website\"},\"datePublished\":\"2018-09-10T07:54:40+00:00\",\"dateModified\":\"2024-05-30T14:40:31+00:00\",\"breadcrumb\":{\"@id\":\"https:\/\/www.urlaubcornwall.de\/blog\/luxus-boutique-hotel-am-meer-in-newquay\/#breadcrumb\"},\"inLanguage\":\"en-US\",\"potentialAction\":[{\"@type\":\"ReadAction\",\"target\":[\"https:\/\/www.urlaubcornwall.de\/blog\/luxus-boutique-hotel-am-meer-in-newquay\/\"]}]},{\"@type\":\"BreadcrumbList\",\"@id\":\"https:\/\/www.urlaubcornwall.de\/blog\/luxus-boutique-hotel-am-meer-in-newquay\/#breadcrumb\",\"itemListElement\":[{\"@type\":\"ListItem\",\"position\":1,\"name\":\"Home\",\"item\":\"https:\/\/www.urlaubcornwall.de\/blog\/\"},{\"@type\":\"ListItem\",\"position\":2,\"name\":\"Luxus Boutique-Hotel am Meer in Newquay &#8211; Lewinnick Lodge\"}]}]}<\/script>\n<!-- \/ Yoast SEO plugin. -->","yoast_head_json":{"title":"Luxus Boutique-Hotel am Meer in Newquay - Lewinnick Lodge - Urlaub &amp; Reisen","robots":{"index":"index","follow":"follow","max-snippet":"max-snippet:-1","max-image-preview":"max-image-preview:large","max-video-preview":"max-video-preview:-1"},"canonical":"https:\/\/www.urlaubcornwall.de\/blog\/luxus-boutique-hotel-am-meer-in-newquay\/","og_locale":"en_US","og_type":"article","og_title":"Luxus Boutique-Hotel am Meer in Newquay - Lewinnick Lodge - Urlaub &amp; Reisen","og_description":"Die Lage in dieser Unterkunft ist auch eine der besten in Newquay! Restaurant,Sonnenterrasse, Parkpl\u00e4tze inbegriffen, WLAN inklusive, Haustiere sind nicht gestattet. Diese Unterkunft ist 4 Gehminuten vom Strand entfernt. Dieses Boutique-Hotel erwartet Sie mit einer spektakul\u00e4ren Aussicht auf den Atlantik oberhalb der Klippen von Pentire Headland. Freuen Sie sich auf Designer-Zimmern und eine modernes Restaurant. [&hellip;]","og_url":"https:\/\/www.urlaubcornwall.de\/blog\/luxus-boutique-hotel-am-meer-in-newquay\/","og_site_name":"Urlaub &amp; Reisen","article_modified_time":"2024-05-30T14:40:31+00:00","og_image":[{"url":"https:\/\/www.urlaubcornwall.de\/blog\/wp-content\/uploads\/2024\/03\/Fistral-strand.jpg"}],"twitter_card":"summary","twitter_misc":{"Est. reading time":"2 minutes"},"schema":{"@context":"https:\/\/schema.org","@graph":[{"@type":"WebSite","@id":"https:\/\/www.urlaubcornwall.de\/blog\/#website","url":"https:\/\/www.urlaubcornwall.de\/blog\/","name":"Urlaub &amp; Reisen","description":"Urlaub, Reisen, Cornwall und S\u00fcdengland: eine perfekte Kombination","potentialAction":[{"@type":"SearchAction","target":{"@type":"EntryPoint","urlTemplate":"https:\/\/www.urlaubcornwall.de\/blog\/?s={search_term_string}"},"query-input":"required name=search_term_string"}],"inLanguage":"en-US"},{"@type":"WebPage","@id":"https:\/\/www.urlaubcornwall.de\/blog\/luxus-boutique-hotel-am-meer-in-newquay\/","url":"https:\/\/www.urlaubcornwall.de\/blog\/luxus-boutique-hotel-am-meer-in-newquay\/","name":"Luxus Boutique-Hotel am Meer in Newquay - Lewinnick Lodge - Urlaub &amp; Reisen","isPartOf":{"@id":"https:\/\/www.urlaubcornwall.de\/blog\/#website"},"datePublished":"2018-09-10T07:54:40+00:00","dateModified":"2024-05-30T14:40:31+00:00","breadcrumb":{"@id":"https:\/\/www.urlaubcornwall.de\/blog\/luxus-boutique-hotel-am-meer-in-newquay\/#breadcrumb"},"inLanguage":"en-US","potentialAction":[{"@type":"ReadAction","target":["https:\/\/www.urlaubcornwall.de\/blog\/luxus-boutique-hotel-am-meer-in-newquay\/"]}]},{"@type":"BreadcrumbList","@id":"https:\/\/www.urlaubcornwall.de\/blog\/luxus-boutique-hotel-am-meer-in-newquay\/#breadcrumb","itemListElement":[{"@type":"ListItem","position":1,"name":"Home","item":"https:\/\/www.urlaubcornwall.de\/blog\/"},{"@type":"ListItem","position":2,"name":"Luxus Boutique-Hotel am Meer in Newquay &#8211; Lewinnick Lodge"}]}]}},"_links":{"self":[{"href":"https:\/\/www.urlaubcornwall.de\/blog\/wp-json\/wp\/v2\/pages\/34138"}],"collection":[{"href":"https:\/\/www.urlaubcornwall.de\/blog\/wp-json\/wp\/v2\/pages"}],"about":[{"href":"https:\/\/www.urlaubcornwall.de\/blog\/wp-json\/wp\/v2\/types\/page"}],"author":[{"embeddable":true,"href":"https:\/\/www.urlaubcornwall.de\/blog\/wp-json\/wp\/v2\/users\/1"}],"replies":[{"embeddable":true,"href":"https:\/\/www.urlaubcornwall.de\/blog\/wp-json\/wp\/v2\/comments?post=34138"}],"version-history":[{"count":7,"href":"https:\/\/www.urlaubcornwall.de\/blog\/wp-json\/wp\/v2\/pages\/34138\/revisions"}],"predecessor-version":[{"id":51119,"href":"https:\/\/www.urlaubcornwall.de\/blog\/wp-json\/wp\/v2\/pages\/34138\/revisions\/51119"}],"wp:attachment":[{"href":"https:\/\/www.urlaubcornwall.de\/blog\/wp-json\/wp\/v2\/media?parent=34138"}],"curies":[{"name":"wp","href":"https:\/\/api.w.org\/{rel}","templated":true}]}}