{"id":34122,"date":"2018-08-06T09:40:41","date_gmt":"2018-08-06T09:40:41","guid":{"rendered":"https:\/\/www.urlaubcornwall.de\/blog\/?page_id=34122"},"modified":"2024-05-30T14:36:41","modified_gmt":"2024-05-30T14:36:41","slug":"urlaub-im-lake-district-mit-hund-hundefreundliche-attraktionen","status":"publish","type":"page","link":"https:\/\/www.urlaubcornwall.de\/blog\/urlaub-im-lake-district-mit-hund-hundefreundliche-attraktionen\/","title":{"rendered":"Urlaub im Lake District mit Hund &#8211; Hundefreundliche Attraktionen"},"content":{"rendered":"<p><a href=\"https:\/\/www.urlaubcornwall.de\/blog\/wp-content\/uploads\/2024\/03\/lake-district.jpg\"><img loading=\"lazy\" src=\"https:\/\/www.urlaubcornwall.de\/blog\/wp-content\/uploads\/2024\/03\/lake-district.jpg\" alt=\"lake district\" width=\"750\" height=\"422\" class=\"alignnone size-full wp-image-47806\" srcset=\"https:\/\/www.urlaubcornwall.de\/blog\/wp-content\/uploads\/2024\/03\/lake-district.jpg 750w, https:\/\/www.urlaubcornwall.de\/blog\/wp-content\/uploads\/2024\/03\/lake-district-300x169.jpg 300w\" sizes=\"(max-width: 750px) 100vw, 750px\" \/><\/a><br \/>\n<a href=\"https:\/\/www.urlaubcornwall.de\/reiseziel\/lake-district-nationalpark.php\">Der Lake District ist einer der besten Orte im Gro\u00dfbritannien<\/a>, wo Sie Ihren Hund mit in den Urlaub nehmen k\u00f6nnen. Neben all den wundervollen Wanderwegen durch die Landschaft gibt es jede Menge hundefreundlicher Unterkunft und besuchenswerte Attraktionen.<\/p>\n<p>Die <a href=\"https:\/\/www.urlaubcornwall.de\/blog\/windermere-seen-im-lake-district\/\">Windermere Lake<\/a> Cruises hei\u00dfen Hunde kostenfrei auf den Dampfschiffen willkommen. Kein Urlaub im Lake Distrikt w\u00e4re komplett ohne eine Schifffahrt, und Ihre Hunde d\u00fcrfen Sie dabei gerne begleiten.<\/p>\n<p>Eine Fahrt mit der Dampfeisenbahn der Lakeside und Haverthwaite Railway ist ebenfalls f\u00fcr Hunde kostenfrei. Die 5,6km lange Fahrt entlang Windermere ist eine gro\u00dfartige M\u00f6glichkeit, die Landschaft zu genie\u00dfen, und Sie k\u00f6nnen ein Ticket kaufen, das Zug und Dampfboot verbindet, wobei Hunde auf beiden kostenfrei reisen.<\/p>\n<p>Lowther Castle bei Penrith ist ein faszinierendes Schloss, das ins Jahr 1806 zur\u00fcckreicht und sich in einem Gebiet von mehr als 52Hektar versteckter G\u00e4rten und ruhigen Waldes befindet. Angeleinte Hunde sind auf dem Grundst\u00fcck und an spezifischen Tischen im Caf\u00e9 gestattet.<br \/>\nMuncaster Castle bei Ravenglass im s\u00fcdwestlichen Zipfel des <a href=\"https:\/\/www.urlaubcornwall.de\/blog\/schoensten-seen-im-lake-distrikt\/\">Lake Distrikt<\/a> hei\u00dft angeleinte Hunde kostenfrei willkommen in den 28 Hektar Waldgebiet und G\u00e4rten. Hunde sind nicht erlaubt im Schloss, dem alten Rosengarten oder im Greifvogel- und Eulenzentrum, doch k\u00f6nnen sie die nachmitt\u00e4gliche Schau der Greifv\u00f6gel mit Ihnen von einem besonderen Ausblicksbereich aus genie\u00dfen. Sie sind willkommen, mit Ihnen drau\u00dfen am Hauptcaf\u00e9 und innen im Owl Garden Teehaus zu sitzen.<\/p>\n<p>Der Grizedale Forest eignet sich hervorragend f\u00fcr einen Spaziergang mit Ihrem Hund; es gibt jede Menge Wege f\u00fcr s\u00e4mtliche Altersstufen und F\u00e4higkeiten. Der Wald ist bekannt aufgrund seiner Skulpturen, wobei ungef\u00e4hr 40 entlang der Pfade zu sehen sind. Ihr Hund ist willkommen, Sie ins Grizedale Caf\u00e9 zu begleiten.<\/p>\n<p style=\"text-align: center;\"><a class=\"tidycta\" href=\"https:\/\/www.urlaubcornwall.de\/reiseziel\/lake-district-nationalpark.php\">Urlaub im Lake District<\/a><\/p>\n","protected":false},"excerpt":{"rendered":"<p>Der Lake District ist einer der besten Orte im Gro\u00dfbritannien, wo Sie Ihren Hund mit in den Urlaub nehmen k\u00f6nnen. Neben all den wundervollen Wanderwegen durch die Landschaft gibt es jede Menge hundefreundlicher Unterkunft und besuchenswerte Attraktionen. Die Windermere Lake Cruises hei\u00dfen Hunde kostenfrei auf den Dampfschiffen willkommen. Kein Urlaub im Lake Distrikt w\u00e4re komplett [&hellip;]<\/p>\n","protected":false},"author":1,"featured_media":0,"parent":0,"menu_order":0,"comment_status":"closed","ping_status":"closed","template":"single-four.php","meta":[],"acf":[],"yoast_head":"<!-- This site is optimized with the Yoast SEO plugin v19.4 - https:\/\/yoast.com\/wordpress\/plugins\/seo\/ -->\n<title>Urlaub im Lake District mit Hund - Hundefreundliche Attraktionen - Urlaub &amp; Reisen<\/title>\n<meta name=\"robots\" content=\"index, follow, max-snippet:-1, max-image-preview:large, max-video-preview:-1\" \/>\n<link rel=\"canonical\" href=\"https:\/\/www.urlaubcornwall.de\/blog\/urlaub-im-lake-district-mit-hund-hundefreundliche-attraktionen\/\" \/>\n<meta property=\"og:locale\" content=\"en_US\" \/>\n<meta property=\"og:type\" content=\"article\" \/>\n<meta property=\"og:title\" content=\"Urlaub im Lake District mit Hund - Hundefreundliche Attraktionen - Urlaub &amp; Reisen\" \/>\n<meta property=\"og:description\" content=\"Der Lake District ist einer der besten Orte im Gro\u00dfbritannien, wo Sie Ihren Hund mit in den Urlaub nehmen k\u00f6nnen. Neben all den wundervollen Wanderwegen durch die Landschaft gibt es jede Menge hundefreundlicher Unterkunft und besuchenswerte Attraktionen. Die Windermere Lake Cruises hei\u00dfen Hunde kostenfrei auf den Dampfschiffen willkommen. Kein Urlaub im Lake Distrikt w\u00e4re komplett [&hellip;]\" \/>\n<meta property=\"og:url\" content=\"https:\/\/www.urlaubcornwall.de\/blog\/urlaub-im-lake-district-mit-hund-hundefreundliche-attraktionen\/\" \/>\n<meta property=\"og:site_name\" content=\"Urlaub &amp; Reisen\" \/>\n<meta property=\"article:modified_time\" content=\"2024-05-30T14:36:41+00:00\" \/>\n<meta property=\"og:image\" content=\"https:\/\/www.urlaubcornwall.de\/blog\/wp-content\/uploads\/2024\/03\/lake-district.jpg\" \/>\n<meta name=\"twitter:card\" content=\"summary\" \/>\n<meta name=\"twitter:label1\" content=\"Est. reading time\" \/>\n\t<meta name=\"twitter:data1\" content=\"2 minutes\" \/>\n<script type=\"application\/ld+json\" class=\"yoast-schema-graph\">{\"@context\":\"https:\/\/schema.org\",\"@graph\":[{\"@type\":\"WebSite\",\"@id\":\"https:\/\/www.urlaubcornwall.de\/blog\/#website\",\"url\":\"https:\/\/www.urlaubcornwall.de\/blog\/\",\"name\":\"Urlaub &amp; Reisen\",\"description\":\"Urlaub, Reisen, Cornwall und S\u00fcdengland: eine perfekte Kombination\",\"potentialAction\":[{\"@type\":\"SearchAction\",\"target\":{\"@type\":\"EntryPoint\",\"urlTemplate\":\"https:\/\/www.urlaubcornwall.de\/blog\/?s={search_term_string}\"},\"query-input\":\"required name=search_term_string\"}],\"inLanguage\":\"en-US\"},{\"@type\":\"WebPage\",\"@id\":\"https:\/\/www.urlaubcornwall.de\/blog\/urlaub-im-lake-district-mit-hund-hundefreundliche-attraktionen\/\",\"url\":\"https:\/\/www.urlaubcornwall.de\/blog\/urlaub-im-lake-district-mit-hund-hundefreundliche-attraktionen\/\",\"name\":\"Urlaub im Lake District mit Hund - Hundefreundliche Attraktionen - Urlaub &amp; Reisen\",\"isPartOf\":{\"@id\":\"https:\/\/www.urlaubcornwall.de\/blog\/#website\"},\"datePublished\":\"2018-08-06T09:40:41+00:00\",\"dateModified\":\"2024-05-30T14:36:41+00:00\",\"breadcrumb\":{\"@id\":\"https:\/\/www.urlaubcornwall.de\/blog\/urlaub-im-lake-district-mit-hund-hundefreundliche-attraktionen\/#breadcrumb\"},\"inLanguage\":\"en-US\",\"potentialAction\":[{\"@type\":\"ReadAction\",\"target\":[\"https:\/\/www.urlaubcornwall.de\/blog\/urlaub-im-lake-district-mit-hund-hundefreundliche-attraktionen\/\"]}]},{\"@type\":\"BreadcrumbList\",\"@id\":\"https:\/\/www.urlaubcornwall.de\/blog\/urlaub-im-lake-district-mit-hund-hundefreundliche-attraktionen\/#breadcrumb\",\"itemListElement\":[{\"@type\":\"ListItem\",\"position\":1,\"name\":\"Home\",\"item\":\"https:\/\/www.urlaubcornwall.de\/blog\/\"},{\"@type\":\"ListItem\",\"position\":2,\"name\":\"Urlaub im Lake District mit Hund &#8211; Hundefreundliche Attraktionen\"}]}]}<\/script>\n<!-- \/ Yoast SEO plugin. -->","yoast_head_json":{"title":"Urlaub im Lake District mit Hund - Hundefreundliche Attraktionen - Urlaub &amp; Reisen","robots":{"index":"index","follow":"follow","max-snippet":"max-snippet:-1","max-image-preview":"max-image-preview:large","max-video-preview":"max-video-preview:-1"},"canonical":"https:\/\/www.urlaubcornwall.de\/blog\/urlaub-im-lake-district-mit-hund-hundefreundliche-attraktionen\/","og_locale":"en_US","og_type":"article","og_title":"Urlaub im Lake District mit Hund - Hundefreundliche Attraktionen - Urlaub &amp; Reisen","og_description":"Der Lake District ist einer der besten Orte im Gro\u00dfbritannien, wo Sie Ihren Hund mit in den Urlaub nehmen k\u00f6nnen. Neben all den wundervollen Wanderwegen durch die Landschaft gibt es jede Menge hundefreundlicher Unterkunft und besuchenswerte Attraktionen. Die Windermere Lake Cruises hei\u00dfen Hunde kostenfrei auf den Dampfschiffen willkommen. Kein Urlaub im Lake Distrikt w\u00e4re komplett [&hellip;]","og_url":"https:\/\/www.urlaubcornwall.de\/blog\/urlaub-im-lake-district-mit-hund-hundefreundliche-attraktionen\/","og_site_name":"Urlaub &amp; Reisen","article_modified_time":"2024-05-30T14:36:41+00:00","og_image":[{"url":"https:\/\/www.urlaubcornwall.de\/blog\/wp-content\/uploads\/2024\/03\/lake-district.jpg"}],"twitter_card":"summary","twitter_misc":{"Est. reading time":"2 minutes"},"schema":{"@context":"https:\/\/schema.org","@graph":[{"@type":"WebSite","@id":"https:\/\/www.urlaubcornwall.de\/blog\/#website","url":"https:\/\/www.urlaubcornwall.de\/blog\/","name":"Urlaub &amp; Reisen","description":"Urlaub, Reisen, Cornwall und S\u00fcdengland: eine perfekte Kombination","potentialAction":[{"@type":"SearchAction","target":{"@type":"EntryPoint","urlTemplate":"https:\/\/www.urlaubcornwall.de\/blog\/?s={search_term_string}"},"query-input":"required name=search_term_string"}],"inLanguage":"en-US"},{"@type":"WebPage","@id":"https:\/\/www.urlaubcornwall.de\/blog\/urlaub-im-lake-district-mit-hund-hundefreundliche-attraktionen\/","url":"https:\/\/www.urlaubcornwall.de\/blog\/urlaub-im-lake-district-mit-hund-hundefreundliche-attraktionen\/","name":"Urlaub im Lake District mit Hund - Hundefreundliche Attraktionen - Urlaub &amp; Reisen","isPartOf":{"@id":"https:\/\/www.urlaubcornwall.de\/blog\/#website"},"datePublished":"2018-08-06T09:40:41+00:00","dateModified":"2024-05-30T14:36:41+00:00","breadcrumb":{"@id":"https:\/\/www.urlaubcornwall.de\/blog\/urlaub-im-lake-district-mit-hund-hundefreundliche-attraktionen\/#breadcrumb"},"inLanguage":"en-US","potentialAction":[{"@type":"ReadAction","target":["https:\/\/www.urlaubcornwall.de\/blog\/urlaub-im-lake-district-mit-hund-hundefreundliche-attraktionen\/"]}]},{"@type":"BreadcrumbList","@id":"https:\/\/www.urlaubcornwall.de\/blog\/urlaub-im-lake-district-mit-hund-hundefreundliche-attraktionen\/#breadcrumb","itemListElement":[{"@type":"ListItem","position":1,"name":"Home","item":"https:\/\/www.urlaubcornwall.de\/blog\/"},{"@type":"ListItem","position":2,"name":"Urlaub im Lake District mit Hund &#8211; Hundefreundliche Attraktionen"}]}]}},"_links":{"self":[{"href":"https:\/\/www.urlaubcornwall.de\/blog\/wp-json\/wp\/v2\/pages\/34122"}],"collection":[{"href":"https:\/\/www.urlaubcornwall.de\/blog\/wp-json\/wp\/v2\/pages"}],"about":[{"href":"https:\/\/www.urlaubcornwall.de\/blog\/wp-json\/wp\/v2\/types\/page"}],"author":[{"embeddable":true,"href":"https:\/\/www.urlaubcornwall.de\/blog\/wp-json\/wp\/v2\/users\/1"}],"replies":[{"embeddable":true,"href":"https:\/\/www.urlaubcornwall.de\/blog\/wp-json\/wp\/v2\/comments?post=34122"}],"version-history":[{"count":3,"href":"https:\/\/www.urlaubcornwall.de\/blog\/wp-json\/wp\/v2\/pages\/34122\/revisions"}],"predecessor-version":[{"id":51113,"href":"https:\/\/www.urlaubcornwall.de\/blog\/wp-json\/wp\/v2\/pages\/34122\/revisions\/51113"}],"wp:attachment":[{"href":"https:\/\/www.urlaubcornwall.de\/blog\/wp-json\/wp\/v2\/media?parent=34122"}],"curies":[{"name":"wp","href":"https:\/\/api.w.org\/{rel}","templated":true}]}}