{"id":34080,"date":"2018-07-30T11:20:10","date_gmt":"2018-07-30T11:20:10","guid":{"rendered":"https:\/\/www.urlaubcornwall.de\/blog\/?page_id=34080"},"modified":"2024-05-28T14:59:41","modified_gmt":"2024-05-28T14:59:41","slug":"wunderschoene-gaerten-gartenreise-in-cornwall","status":"publish","type":"page","link":"https:\/\/www.urlaubcornwall.de\/blog\/wunderschoene-gaerten-gartenreise-in-cornwall\/","title":{"rendered":"Wundersch\u00f6ne G\u00e4rten &#038; Gartenreise in Cornwall"},"content":{"rendered":"<p><img loading=\"lazy\" class=\"aligncenter size-full wp-image-50491\" src=\"https:\/\/www.urlaubcornwall.de\/blog\/wp-content\/uploads\/2024\/05\/sommer-trebah.jpg\" alt=\"sommer trebah\" width=\"750\" height=\"659\" srcset=\"https:\/\/www.urlaubcornwall.de\/blog\/wp-content\/uploads\/2024\/05\/sommer-trebah.jpg 750w, https:\/\/www.urlaubcornwall.de\/blog\/wp-content\/uploads\/2024\/05\/sommer-trebah-300x264.jpg 300w\" sizes=\"(max-width: 750px) 100vw, 750px\" \/><\/p>\n<p>Mit funkelndem Meer, hellem Licht und felsigen Buchten ist <a href=\"https:\/\/www.urlaubcornwall.de\/reiseziel\/cornwall.php\">Cornwall<\/a> eine Region, die vom Golfstrom profitiert. Viele der G\u00e4rten hier sind subtropisch, da sie nur selten von strengem Frost betroffen sind. Eine bei Weitem breitere Vielfalt an Pflanzen gedeiht in Cornwall als in anderen Teilen des UK.<\/p>\n<p>1. <a href=\"http:\/\/www.trebahgarden.co.uk\"rel=\"nofollow\">Trebah Garten bei Falmouth<\/a> ist ein subtropischer Garten mit eigenem Strand. Dieser wundersch\u00f6ne Garten befindet sich in einem Tal und ist voller exotischer Pflanzen mit mehr als 6km langen Spazierwegen, einschlie\u00dflich eines wundervollen Weges durch die riesigen \u2018Mammutblattgew\u00e4chse\u2019. Trebah ist das ganze Jahr \u00fcber ge\u00f6ffnet, und angeleinte Hunde sind erlaubt.<\/p>\n<p>2. <a href=\"https:\/\/www.urlaubcornwall.de\/blog\/trewidden-gardens-einer-der-grossartigen-gaerten-cornwalls\/\">Trewidden bei Penzance<\/a> ist ein weiterer von Cornwalls exotischen G\u00e4rten, innerhalb von mehr als 6 Hektar Land gelegen. Der Garten, der zur\u00fcckreicht in die 1800er ist bekannt f\u00fcr seine Kamelien, Rhododendren und seinen Baumfarndell, der einer der gr\u00f6\u00dften in Europa ist. Ge\u00f6ffnet 7 Tage die Woche von Februar bis September.<\/p>\n<p>3. Nirgendwo in Cornwall gibt es exotischere Pflanzen als im <a href=\"http:\/\/www.edenproject.com\"rel=\"nofollow\">Eden Projekt, St Austell<\/a>. Die enormen Biome bedecken einen alten Tonsteinbruch und sind voller Pflanzen aus der ganzen Welt.<\/p>\n<p>4. <a href=\"http:\/\/www.nationaltrust.org\/glendurgan-garden\"rel=\"nofollow\">Glendurgan Garten<\/a> an den Ufern des Flusses Helford ist ein weiterer von Cornwalls subtropischen G\u00e4rten, in einem Tal gelegen, das hinunter verl\u00e4uft zum Strand bei Durgan. Der Garten ist bekannt f\u00fcr sein 180 Jahre altes Lorbeerlabyrinth. Glendurgan befindet sich im Besitz des National Trust und ist von Februar \u2013 Oktober ge\u00f6ffnet.<\/p>\n<p>5. St Michael\u2019s Mount, <a href=\"https:\/\/www.urlaubcornwall.de\/blog\/das-st-michaels-mount-die-ikonische-attraktion-in-westcornwall\/\">die ikonische felsige Insel der Mounts Bay vor der K\u00fcste Cornwalls<\/a> hat ein malerisches Schloss, das von subtropischen G\u00e4rten umgeben ist. Die Insel ist das Zuhause der Familie St Aubyn und wird vom National Trust gemanagt. Pr\u00fcfen Sie die Website bez\u00fcglich der \u00d6ffnungszeiten und Details zu den Gezeiten.<\/p>\n<p>6. Bei den <a href=\"https:\/\/www.urlaubcornwall.de\/blog\/lamorran-ein-mediterraner-garten-an-cornwalls-suedkueste\/\">Lamorran Gardens<\/a> handelt es sich um eine beschauliche subtropische Gartenanlage in St Mawes auf der Halbinsel Roseland in einer der sch\u00f6nsten Gegenden Cornwalls. Dieser ungew\u00f6hnliche und pers\u00f6nlich gestaltete Garten wurde im Stil der G\u00e4rten aus dem 19. und fr\u00fchen 20.<\/p>\n<p style=\"text-align: center;\"><a class=\"tidycta\" href=\"https:\/\/www.urlaubcornwall.de\/gartenreise.php\">Gartenreisen in England<\/a><\/p>\n","protected":false},"excerpt":{"rendered":"<p>Mit funkelndem Meer, hellem Licht und felsigen Buchten ist Cornwall eine Region, die vom Golfstrom profitiert. Viele der G\u00e4rten hier sind subtropisch, da sie nur selten von strengem Frost betroffen sind. Eine bei Weitem breitere Vielfalt an Pflanzen gedeiht in Cornwall als in anderen Teilen des UK. 1. Trebah Garten bei Falmouth ist ein subtropischer [&hellip;]<\/p>\n","protected":false},"author":1,"featured_media":0,"parent":0,"menu_order":0,"comment_status":"closed","ping_status":"closed","template":"single-four.php","meta":[],"acf":[],"yoast_head":"<!-- This site is optimized with the Yoast SEO plugin v19.4 - https:\/\/yoast.com\/wordpress\/plugins\/seo\/ -->\n<title>Wundersch\u00f6ne G\u00e4rten &amp; Gartenreise in Cornwall - Urlaub &amp; Reisen<\/title>\n<meta name=\"robots\" content=\"index, follow, max-snippet:-1, max-image-preview:large, max-video-preview:-1\" \/>\n<link rel=\"canonical\" href=\"https:\/\/www.urlaubcornwall.de\/blog\/wunderschoene-gaerten-gartenreise-in-cornwall\/\" \/>\n<meta property=\"og:locale\" content=\"en_US\" \/>\n<meta property=\"og:type\" content=\"article\" \/>\n<meta property=\"og:title\" content=\"Wundersch\u00f6ne G\u00e4rten &amp; Gartenreise in Cornwall - Urlaub &amp; Reisen\" \/>\n<meta property=\"og:description\" content=\"Mit funkelndem Meer, hellem Licht und felsigen Buchten ist Cornwall eine Region, die vom Golfstrom profitiert. Viele der G\u00e4rten hier sind subtropisch, da sie nur selten von strengem Frost betroffen sind. Eine bei Weitem breitere Vielfalt an Pflanzen gedeiht in Cornwall als in anderen Teilen des UK. 1. Trebah Garten bei Falmouth ist ein subtropischer [&hellip;]\" \/>\n<meta property=\"og:url\" content=\"https:\/\/www.urlaubcornwall.de\/blog\/wunderschoene-gaerten-gartenreise-in-cornwall\/\" \/>\n<meta property=\"og:site_name\" content=\"Urlaub &amp; Reisen\" \/>\n<meta property=\"article:modified_time\" content=\"2024-05-28T14:59:41+00:00\" \/>\n<meta property=\"og:image\" content=\"https:\/\/www.urlaubcornwall.de\/blog\/wp-content\/uploads\/2024\/05\/sommer-trebah.jpg\" \/>\n<meta name=\"twitter:card\" content=\"summary\" \/>\n<meta name=\"twitter:label1\" content=\"Est. reading time\" \/>\n\t<meta name=\"twitter:data1\" content=\"2 minutes\" \/>\n<script type=\"application\/ld+json\" class=\"yoast-schema-graph\">{\"@context\":\"https:\/\/schema.org\",\"@graph\":[{\"@type\":\"WebSite\",\"@id\":\"https:\/\/www.urlaubcornwall.de\/blog\/#website\",\"url\":\"https:\/\/www.urlaubcornwall.de\/blog\/\",\"name\":\"Urlaub &amp; Reisen\",\"description\":\"Urlaub, Reisen, Cornwall und S\u00fcdengland: eine perfekte Kombination\",\"potentialAction\":[{\"@type\":\"SearchAction\",\"target\":{\"@type\":\"EntryPoint\",\"urlTemplate\":\"https:\/\/www.urlaubcornwall.de\/blog\/?s={search_term_string}\"},\"query-input\":\"required name=search_term_string\"}],\"inLanguage\":\"en-US\"},{\"@type\":\"WebPage\",\"@id\":\"https:\/\/www.urlaubcornwall.de\/blog\/wunderschoene-gaerten-gartenreise-in-cornwall\/\",\"url\":\"https:\/\/www.urlaubcornwall.de\/blog\/wunderschoene-gaerten-gartenreise-in-cornwall\/\",\"name\":\"Wundersch\u00f6ne G\u00e4rten & Gartenreise in Cornwall - Urlaub &amp; Reisen\",\"isPartOf\":{\"@id\":\"https:\/\/www.urlaubcornwall.de\/blog\/#website\"},\"datePublished\":\"2018-07-30T11:20:10+00:00\",\"dateModified\":\"2024-05-28T14:59:41+00:00\",\"breadcrumb\":{\"@id\":\"https:\/\/www.urlaubcornwall.de\/blog\/wunderschoene-gaerten-gartenreise-in-cornwall\/#breadcrumb\"},\"inLanguage\":\"en-US\",\"potentialAction\":[{\"@type\":\"ReadAction\",\"target\":[\"https:\/\/www.urlaubcornwall.de\/blog\/wunderschoene-gaerten-gartenreise-in-cornwall\/\"]}]},{\"@type\":\"BreadcrumbList\",\"@id\":\"https:\/\/www.urlaubcornwall.de\/blog\/wunderschoene-gaerten-gartenreise-in-cornwall\/#breadcrumb\",\"itemListElement\":[{\"@type\":\"ListItem\",\"position\":1,\"name\":\"Home\",\"item\":\"https:\/\/www.urlaubcornwall.de\/blog\/\"},{\"@type\":\"ListItem\",\"position\":2,\"name\":\"Wundersch\u00f6ne G\u00e4rten &#038; Gartenreise in Cornwall\"}]}]}<\/script>\n<!-- \/ Yoast SEO plugin. -->","yoast_head_json":{"title":"Wundersch\u00f6ne G\u00e4rten & Gartenreise in Cornwall - Urlaub &amp; Reisen","robots":{"index":"index","follow":"follow","max-snippet":"max-snippet:-1","max-image-preview":"max-image-preview:large","max-video-preview":"max-video-preview:-1"},"canonical":"https:\/\/www.urlaubcornwall.de\/blog\/wunderschoene-gaerten-gartenreise-in-cornwall\/","og_locale":"en_US","og_type":"article","og_title":"Wundersch\u00f6ne G\u00e4rten & Gartenreise in Cornwall - Urlaub &amp; Reisen","og_description":"Mit funkelndem Meer, hellem Licht und felsigen Buchten ist Cornwall eine Region, die vom Golfstrom profitiert. Viele der G\u00e4rten hier sind subtropisch, da sie nur selten von strengem Frost betroffen sind. Eine bei Weitem breitere Vielfalt an Pflanzen gedeiht in Cornwall als in anderen Teilen des UK. 1. Trebah Garten bei Falmouth ist ein subtropischer [&hellip;]","og_url":"https:\/\/www.urlaubcornwall.de\/blog\/wunderschoene-gaerten-gartenreise-in-cornwall\/","og_site_name":"Urlaub &amp; Reisen","article_modified_time":"2024-05-28T14:59:41+00:00","og_image":[{"url":"https:\/\/www.urlaubcornwall.de\/blog\/wp-content\/uploads\/2024\/05\/sommer-trebah.jpg"}],"twitter_card":"summary","twitter_misc":{"Est. reading time":"2 minutes"},"schema":{"@context":"https:\/\/schema.org","@graph":[{"@type":"WebSite","@id":"https:\/\/www.urlaubcornwall.de\/blog\/#website","url":"https:\/\/www.urlaubcornwall.de\/blog\/","name":"Urlaub &amp; Reisen","description":"Urlaub, Reisen, Cornwall und S\u00fcdengland: eine perfekte Kombination","potentialAction":[{"@type":"SearchAction","target":{"@type":"EntryPoint","urlTemplate":"https:\/\/www.urlaubcornwall.de\/blog\/?s={search_term_string}"},"query-input":"required name=search_term_string"}],"inLanguage":"en-US"},{"@type":"WebPage","@id":"https:\/\/www.urlaubcornwall.de\/blog\/wunderschoene-gaerten-gartenreise-in-cornwall\/","url":"https:\/\/www.urlaubcornwall.de\/blog\/wunderschoene-gaerten-gartenreise-in-cornwall\/","name":"Wundersch\u00f6ne G\u00e4rten & Gartenreise in Cornwall - Urlaub &amp; Reisen","isPartOf":{"@id":"https:\/\/www.urlaubcornwall.de\/blog\/#website"},"datePublished":"2018-07-30T11:20:10+00:00","dateModified":"2024-05-28T14:59:41+00:00","breadcrumb":{"@id":"https:\/\/www.urlaubcornwall.de\/blog\/wunderschoene-gaerten-gartenreise-in-cornwall\/#breadcrumb"},"inLanguage":"en-US","potentialAction":[{"@type":"ReadAction","target":["https:\/\/www.urlaubcornwall.de\/blog\/wunderschoene-gaerten-gartenreise-in-cornwall\/"]}]},{"@type":"BreadcrumbList","@id":"https:\/\/www.urlaubcornwall.de\/blog\/wunderschoene-gaerten-gartenreise-in-cornwall\/#breadcrumb","itemListElement":[{"@type":"ListItem","position":1,"name":"Home","item":"https:\/\/www.urlaubcornwall.de\/blog\/"},{"@type":"ListItem","position":2,"name":"Wundersch\u00f6ne G\u00e4rten &#038; Gartenreise in Cornwall"}]}]}},"_links":{"self":[{"href":"https:\/\/www.urlaubcornwall.de\/blog\/wp-json\/wp\/v2\/pages\/34080"}],"collection":[{"href":"https:\/\/www.urlaubcornwall.de\/blog\/wp-json\/wp\/v2\/pages"}],"about":[{"href":"https:\/\/www.urlaubcornwall.de\/blog\/wp-json\/wp\/v2\/types\/page"}],"author":[{"embeddable":true,"href":"https:\/\/www.urlaubcornwall.de\/blog\/wp-json\/wp\/v2\/users\/1"}],"replies":[{"embeddable":true,"href":"https:\/\/www.urlaubcornwall.de\/blog\/wp-json\/wp\/v2\/comments?post=34080"}],"version-history":[{"count":8,"href":"https:\/\/www.urlaubcornwall.de\/blog\/wp-json\/wp\/v2\/pages\/34080\/revisions"}],"predecessor-version":[{"id":39261,"href":"https:\/\/www.urlaubcornwall.de\/blog\/wp-json\/wp\/v2\/pages\/34080\/revisions\/39261"}],"wp:attachment":[{"href":"https:\/\/www.urlaubcornwall.de\/blog\/wp-json\/wp\/v2\/media?parent=34080"}],"curies":[{"name":"wp","href":"https:\/\/api.w.org\/{rel}","templated":true}]}}