{"id":34074,"date":"2018-07-30T10:54:30","date_gmt":"2018-07-30T10:54:30","guid":{"rendered":"https:\/\/www.urlaubcornwall.de\/blog\/?page_id=34074"},"modified":"2024-05-28T13:04:09","modified_gmt":"2024-05-28T13:04:09","slug":"wunderschoene-gaerten-in-kent","status":"publish","type":"page","link":"https:\/\/www.urlaubcornwall.de\/blog\/wunderschoene-gaerten-in-kent\/","title":{"rendered":"Wundersch\u00f6ne G\u00e4rten in Kent"},"content":{"rendered":"<p><a href=\"https:\/\/www.urlaubcornwall.de\/blog\/wp-content\/uploads\/2024\/03\/sissinghirst.jpg\"><img loading=\"lazy\" src=\"https:\/\/www.urlaubcornwall.de\/blog\/wp-content\/uploads\/2024\/03\/sissinghirst.jpg\" alt=\"sissinghirst\" width=\"750\" height=\"563\" class=\"alignnone size-full wp-image-47832\" srcset=\"https:\/\/www.urlaubcornwall.de\/blog\/wp-content\/uploads\/2024\/03\/sissinghirst.jpg 750w, https:\/\/www.urlaubcornwall.de\/blog\/wp-content\/uploads\/2024\/03\/sissinghirst-300x225.jpg 300w\" sizes=\"(max-width: 750px) 100vw, 750px\" \/><\/a><\/p>\n<p>Kent ist aufgrund seiner F\u00fclle an Obst- und Hopfeng\u00e4rten bekannt als der \u2018<a href=\"https:\/\/www.urlaubcornwall.de\/reiseziel\/kent.php\">Garten Englands<\/a>\u2019. In Kent finden Sie auch einige der ber\u00fchmtesten H\u00e4user und G\u00e4rten des Gro\u00dfbritannien.<\/p>\n<p>1. Der <a href=\"http:\/\/www.holepark.com\"rel=\"nofollow\">Hole Parkgarten<\/a> an der Grenze zwischen Kent und Sussex bei Cranbrook ist einer der bestgeh\u00fcteten Geheimnisse der \u2018G\u00e4rten Englands\u2019. Dieser 6 Hektar gro\u00dfe Garten ist zu jeder Jahreszeit ein sehenswerter Garten mit wundersch\u00f6ner F\u00e4rbung im Fr\u00fchling durch Glockenblumen und Rhododendren, gefolgt von den Glyzinien und Kr\u00e4uterblumenbeeten. Der Garten ist auch bekannt f\u00fcr seine extensiven Formschnitte. Ge\u00f6ffnet von April \u2013 Oktober.<\/p>\n<p>2. Nicht weit entfernt von Sevenoaks befindet sich der <a href=\"http:\/\/www.greatcompgarden.co.uk\"rel=\"nofollow\">Great Comp Garten<\/a>, ein verstecktes Juwel eines Gartens, der eine Villa aus dem fr\u00fchen 17. Jahrhundert umgibt. Dieser au\u00dferordentlich sch\u00f6ne, 2,8 Hektar gro\u00dfe Garten hat ausladende Rasenfl\u00e4chen, sich dahin windende Waldgebietspfade und eine weite Bannbreite an Pflanzen, die das ganze Jahr \u00fcber bl\u00fchen. Ge\u00f6ffnet von April-Oktober.<\/p>\n<p>3. <a href=\"http:\/\/www.goodnesstoneparkgardens.co.uk\"rel=\"nofollow\">Goodnestone Parkgarten<\/a> ist ein friedvoller und romantischer Garten, der versteckt liegt in der l\u00e4ndlichen Gegend Kents bei Canterbury. Das Haus war einst das Zuhause von Jane Austens Bruder, und Sie k\u00f6nnen entlang des Serpentine Walk aus dem 18. Jahrhundert in ihren Fu\u00dfstapfen gehen. Der Garten ist das ganze Jahr \u00fcber entz\u00fcckend mit einem Mauergarten, einem Waldgarten, einem Parterre und Terrassen, sowie einigen herrlichen alten B\u00e4umen. Der Garten ist von Ostern bis Ende September ge\u00f6ffnet.<\/p>\n<p>4. Der <a href=\"http:\/\/www.the-salutation.com\"rel=\"nofollow\">Salutation Garten<\/a>, Sandwich, ist ein Paradies f\u00fcr Pflanzenliebhaber, das 1912 von Sir Edward Lutyens designt wurde. Der 1,5 Hektar gro\u00dfe Garten ist aufgeteilt in symmetrische \u2018R\u00e4ume\u2018, jeder davon mit einem eigenen Thema. Der Garten ist das ganze Jahr \u00fcber ge\u00f6ffnet.<\/p>\n<p>5. <a href=\"http:\/\/www.greatdixter.co.uk\"rel=\"nofollow\">Great Dixter Garten<\/a> befindet sich direkt \u00fcber der Grenze in Ostsussex und wurde urspr\u00fcnglich designt von Sir Edward Lutyens und gilt als einer der besten G\u00e4rten Englands. Der Garten hat gemischte Begrenzungen, eine Wildblumenwiese und einen Obstgarten. Ge\u00f6ffnet von M\u00e4rz &#8211; Oktober.<\/p>\n<p style=\"text-align: center;\"><a class=\"tidycta\" href=\"https:\/\/www.urlaubcornwall.de\/gartenreise.php\">Gartenreisen in England<\/a><\/p>\n","protected":false},"excerpt":{"rendered":"<p>Kent ist aufgrund seiner F\u00fclle an Obst- und Hopfeng\u00e4rten bekannt als der \u2018Garten Englands\u2019. In Kent finden Sie auch einige der ber\u00fchmtesten H\u00e4user und G\u00e4rten des Gro\u00dfbritannien. 1. Der Hole Parkgarten an der Grenze zwischen Kent und Sussex bei Cranbrook ist einer der bestgeh\u00fcteten Geheimnisse der \u2018G\u00e4rten Englands\u2019. Dieser 6 Hektar gro\u00dfe Garten ist zu [&hellip;]<\/p>\n","protected":false},"author":1,"featured_media":0,"parent":0,"menu_order":0,"comment_status":"closed","ping_status":"closed","template":"single-four.php","meta":[],"acf":[],"yoast_head":"<!-- This site is optimized with the Yoast SEO plugin v19.4 - https:\/\/yoast.com\/wordpress\/plugins\/seo\/ -->\n<title>Wundersch\u00f6ne G\u00e4rten in Kent - Urlaub &amp; Reisen<\/title>\n<meta name=\"robots\" content=\"index, follow, max-snippet:-1, max-image-preview:large, max-video-preview:-1\" \/>\n<link rel=\"canonical\" href=\"https:\/\/www.urlaubcornwall.de\/blog\/wunderschoene-gaerten-in-kent\/\" \/>\n<meta property=\"og:locale\" content=\"en_US\" \/>\n<meta property=\"og:type\" content=\"article\" \/>\n<meta property=\"og:title\" content=\"Wundersch\u00f6ne G\u00e4rten in Kent - Urlaub &amp; Reisen\" \/>\n<meta property=\"og:description\" content=\"Kent ist aufgrund seiner F\u00fclle an Obst- und Hopfeng\u00e4rten bekannt als der \u2018Garten Englands\u2019. In Kent finden Sie auch einige der ber\u00fchmtesten H\u00e4user und G\u00e4rten des Gro\u00dfbritannien. 1. Der Hole Parkgarten an der Grenze zwischen Kent und Sussex bei Cranbrook ist einer der bestgeh\u00fcteten Geheimnisse der \u2018G\u00e4rten Englands\u2019. Dieser 6 Hektar gro\u00dfe Garten ist zu [&hellip;]\" \/>\n<meta property=\"og:url\" content=\"https:\/\/www.urlaubcornwall.de\/blog\/wunderschoene-gaerten-in-kent\/\" \/>\n<meta property=\"og:site_name\" content=\"Urlaub &amp; Reisen\" \/>\n<meta property=\"article:modified_time\" content=\"2024-05-28T13:04:09+00:00\" \/>\n<meta property=\"og:image\" content=\"https:\/\/www.urlaubcornwall.de\/blog\/wp-content\/uploads\/2024\/03\/sissinghirst.jpg\" \/>\n<meta name=\"twitter:card\" content=\"summary\" \/>\n<meta name=\"twitter:label1\" content=\"Est. reading time\" \/>\n\t<meta name=\"twitter:data1\" content=\"2 minutes\" \/>\n<script type=\"application\/ld+json\" class=\"yoast-schema-graph\">{\"@context\":\"https:\/\/schema.org\",\"@graph\":[{\"@type\":\"WebSite\",\"@id\":\"https:\/\/www.urlaubcornwall.de\/blog\/#website\",\"url\":\"https:\/\/www.urlaubcornwall.de\/blog\/\",\"name\":\"Urlaub &amp; Reisen\",\"description\":\"Urlaub, Reisen, Cornwall und S\u00fcdengland: eine perfekte Kombination\",\"potentialAction\":[{\"@type\":\"SearchAction\",\"target\":{\"@type\":\"EntryPoint\",\"urlTemplate\":\"https:\/\/www.urlaubcornwall.de\/blog\/?s={search_term_string}\"},\"query-input\":\"required name=search_term_string\"}],\"inLanguage\":\"en-US\"},{\"@type\":\"WebPage\",\"@id\":\"https:\/\/www.urlaubcornwall.de\/blog\/wunderschoene-gaerten-in-kent\/\",\"url\":\"https:\/\/www.urlaubcornwall.de\/blog\/wunderschoene-gaerten-in-kent\/\",\"name\":\"Wundersch\u00f6ne G\u00e4rten in Kent - Urlaub &amp; Reisen\",\"isPartOf\":{\"@id\":\"https:\/\/www.urlaubcornwall.de\/blog\/#website\"},\"datePublished\":\"2018-07-30T10:54:30+00:00\",\"dateModified\":\"2024-05-28T13:04:09+00:00\",\"breadcrumb\":{\"@id\":\"https:\/\/www.urlaubcornwall.de\/blog\/wunderschoene-gaerten-in-kent\/#breadcrumb\"},\"inLanguage\":\"en-US\",\"potentialAction\":[{\"@type\":\"ReadAction\",\"target\":[\"https:\/\/www.urlaubcornwall.de\/blog\/wunderschoene-gaerten-in-kent\/\"]}]},{\"@type\":\"BreadcrumbList\",\"@id\":\"https:\/\/www.urlaubcornwall.de\/blog\/wunderschoene-gaerten-in-kent\/#breadcrumb\",\"itemListElement\":[{\"@type\":\"ListItem\",\"position\":1,\"name\":\"Home\",\"item\":\"https:\/\/www.urlaubcornwall.de\/blog\/\"},{\"@type\":\"ListItem\",\"position\":2,\"name\":\"Wundersch\u00f6ne G\u00e4rten in Kent\"}]}]}<\/script>\n<!-- \/ Yoast SEO plugin. -->","yoast_head_json":{"title":"Wundersch\u00f6ne G\u00e4rten in Kent - Urlaub &amp; Reisen","robots":{"index":"index","follow":"follow","max-snippet":"max-snippet:-1","max-image-preview":"max-image-preview:large","max-video-preview":"max-video-preview:-1"},"canonical":"https:\/\/www.urlaubcornwall.de\/blog\/wunderschoene-gaerten-in-kent\/","og_locale":"en_US","og_type":"article","og_title":"Wundersch\u00f6ne G\u00e4rten in Kent - Urlaub &amp; Reisen","og_description":"Kent ist aufgrund seiner F\u00fclle an Obst- und Hopfeng\u00e4rten bekannt als der \u2018Garten Englands\u2019. In Kent finden Sie auch einige der ber\u00fchmtesten H\u00e4user und G\u00e4rten des Gro\u00dfbritannien. 1. Der Hole Parkgarten an der Grenze zwischen Kent und Sussex bei Cranbrook ist einer der bestgeh\u00fcteten Geheimnisse der \u2018G\u00e4rten Englands\u2019. Dieser 6 Hektar gro\u00dfe Garten ist zu [&hellip;]","og_url":"https:\/\/www.urlaubcornwall.de\/blog\/wunderschoene-gaerten-in-kent\/","og_site_name":"Urlaub &amp; Reisen","article_modified_time":"2024-05-28T13:04:09+00:00","og_image":[{"url":"https:\/\/www.urlaubcornwall.de\/blog\/wp-content\/uploads\/2024\/03\/sissinghirst.jpg"}],"twitter_card":"summary","twitter_misc":{"Est. reading time":"2 minutes"},"schema":{"@context":"https:\/\/schema.org","@graph":[{"@type":"WebSite","@id":"https:\/\/www.urlaubcornwall.de\/blog\/#website","url":"https:\/\/www.urlaubcornwall.de\/blog\/","name":"Urlaub &amp; Reisen","description":"Urlaub, Reisen, Cornwall und S\u00fcdengland: eine perfekte Kombination","potentialAction":[{"@type":"SearchAction","target":{"@type":"EntryPoint","urlTemplate":"https:\/\/www.urlaubcornwall.de\/blog\/?s={search_term_string}"},"query-input":"required name=search_term_string"}],"inLanguage":"en-US"},{"@type":"WebPage","@id":"https:\/\/www.urlaubcornwall.de\/blog\/wunderschoene-gaerten-in-kent\/","url":"https:\/\/www.urlaubcornwall.de\/blog\/wunderschoene-gaerten-in-kent\/","name":"Wundersch\u00f6ne G\u00e4rten in Kent - Urlaub &amp; Reisen","isPartOf":{"@id":"https:\/\/www.urlaubcornwall.de\/blog\/#website"},"datePublished":"2018-07-30T10:54:30+00:00","dateModified":"2024-05-28T13:04:09+00:00","breadcrumb":{"@id":"https:\/\/www.urlaubcornwall.de\/blog\/wunderschoene-gaerten-in-kent\/#breadcrumb"},"inLanguage":"en-US","potentialAction":[{"@type":"ReadAction","target":["https:\/\/www.urlaubcornwall.de\/blog\/wunderschoene-gaerten-in-kent\/"]}]},{"@type":"BreadcrumbList","@id":"https:\/\/www.urlaubcornwall.de\/blog\/wunderschoene-gaerten-in-kent\/#breadcrumb","itemListElement":[{"@type":"ListItem","position":1,"name":"Home","item":"https:\/\/www.urlaubcornwall.de\/blog\/"},{"@type":"ListItem","position":2,"name":"Wundersch\u00f6ne G\u00e4rten in Kent"}]}]}},"_links":{"self":[{"href":"https:\/\/www.urlaubcornwall.de\/blog\/wp-json\/wp\/v2\/pages\/34074"}],"collection":[{"href":"https:\/\/www.urlaubcornwall.de\/blog\/wp-json\/wp\/v2\/pages"}],"about":[{"href":"https:\/\/www.urlaubcornwall.de\/blog\/wp-json\/wp\/v2\/types\/page"}],"author":[{"embeddable":true,"href":"https:\/\/www.urlaubcornwall.de\/blog\/wp-json\/wp\/v2\/users\/1"}],"replies":[{"embeddable":true,"href":"https:\/\/www.urlaubcornwall.de\/blog\/wp-json\/wp\/v2\/comments?post=34074"}],"version-history":[{"count":6,"href":"https:\/\/www.urlaubcornwall.de\/blog\/wp-json\/wp\/v2\/pages\/34074\/revisions"}],"predecessor-version":[{"id":50396,"href":"https:\/\/www.urlaubcornwall.de\/blog\/wp-json\/wp\/v2\/pages\/34074\/revisions\/50396"}],"wp:attachment":[{"href":"https:\/\/www.urlaubcornwall.de\/blog\/wp-json\/wp\/v2\/media?parent=34074"}],"curies":[{"name":"wp","href":"https:\/\/api.w.org\/{rel}","templated":true}]}}