{"id":34071,"date":"2018-07-30T10:36:56","date_gmt":"2018-07-30T10:36:56","guid":{"rendered":"https:\/\/www.urlaubcornwall.de\/blog\/?page_id=34071"},"modified":"2024-05-30T14:37:22","modified_gmt":"2024-05-30T14:37:22","slug":"wunderschoene-gaerten-in-yorkshire-dales","status":"publish","type":"page","link":"https:\/\/www.urlaubcornwall.de\/blog\/wunderschoene-gaerten-in-yorkshire-dales\/","title":{"rendered":"Wundersch\u00f6ne G\u00e4rten in Yorkshire &#038; Dales"},"content":{"rendered":"<p><a href=\"https:\/\/www.urlaubcornwall.de\/blog\/wp-content\/uploads\/2024\/03\/Masgeschneiderte-Gartentouren-fur-Gruppen-cornwall-england.jpg\"><img loading=\"lazy\" src=\"https:\/\/www.urlaubcornwall.de\/blog\/wp-content\/uploads\/2024\/03\/Masgeschneiderte-Gartentouren-fur-Gruppen-cornwall-england.jpg\" alt=\"\" width=\"745\" height=\"468\" class=\"alignnone size-full wp-image-48102\" srcset=\"https:\/\/www.urlaubcornwall.de\/blog\/wp-content\/uploads\/2024\/03\/Masgeschneiderte-Gartentouren-fur-Gruppen-cornwall-england.jpg 745w, https:\/\/www.urlaubcornwall.de\/blog\/wp-content\/uploads\/2024\/03\/Masgeschneiderte-Gartentouren-fur-Gruppen-cornwall-england-300x188.jpg 300w\" sizes=\"(max-width: 745px) 100vw, 745px\" \/><\/a><br \/>\nDie gr\u00f6\u00dfte Grafschaft des UK ist Yorkshire; eine Grafschaft voller Kontraste mit h\u00fcgeligen T\u00e4lern im Westen, wildem und zerkl\u00fcftetem Moorgebiet, das hinunterreicht zur Ostk\u00fcste, einer wundersch\u00f6nen K\u00fcste und Industriest\u00e4dten im S\u00fcden, die tief in der Geschichte verankert sind.<\/p>\n<p>1. <a href=\"http:\/\/www.castlehoward.co.uk\"rel=\"nofollow\">Castle Howard<\/a> ist eines der eindrucksvollsten H\u00e4user in Yorkshire. Es war mehr als 300 Jahre lang das Zuhause der Familie Howard, designt von John Vanbrugh, und seine Fertigstellung nahm mehr als 100 Jahre in Anspruch. Garten und Parkgebiet umfassen ein Gebiet von mehr als 400 Hektar und sind ein Paradies der Ruhe und des Friedens mit weitreichenden Spazierwegen durch Waldgebiet, mit Tempeln, Seen und Font\u00e4nen. Castle Howard ist bekannt f\u00fcr seine jahreszeitliche Schau an Narzissen, Rhododendren, Glockenblumen, Rosen und seiner Herbstfarben. Es ist das ganze Jahr \u00fcber t\u00e4glich ge\u00f6ffnet.<\/p>\n<p>2. <a href=\"http:\/\/www.harewood.org\"rel=\"nofollow\">Harewood House<\/a>, Harewood, verf\u00fcgt \u00fcber mehr als 40 Hektar Garten, der vom ber\u00fchmten Lancelot \u2018Capability\u2019 Brown gestaltet wurde. Der herrliche Garten ist gef\u00fcllt mit einer Variation an Pflanzen aus der ganzen Welt; es gibt einen Seegarten, einen Himalaya Garten und einen Mauergarten. Von M\u00e4rz bis November t\u00e4glich ge\u00f6ffnet.<\/p>\n<p>3. In der unmittelbaren N\u00e4he der Stadt Sheffield, wurde der botanische Garten <a href=\"http:\/\/www.sbg.org.uk\"rel=\"nofollow\">Sheffield Botanical<\/a> im Jahre 1836 er\u00f6ffnet und bedeckt 7,6 Hektar. Der Garten wird von English Heritage aufgef\u00fchrt als St\u00e4tte von Grad II von speziellem historischem und architektonischem Interesse. Im Grad II Glaspavillon befindet sich eine wundervolle Sammlung an Pflanzen aus der ganzen Welt. Der Garten ist eintrittsfrei und das ganze Jahr \u00fcber ge\u00f6ffnet.<\/p>\n<p>4.<a href=\"http:\/\/www.newbyhall.com\"rel=\"nofollow\"> Newby Hall, Boroughbridge<\/a>, wurde in den 1620ern von Sir Christopher Wren erbaut. Der preisgekr\u00f6nte Garten wurde in den 1920ern gestaltet und hat sich im Laufe der Zeit vergr\u00f6\u00dfert. Es gibt einen Rosengarten, die nationale Sammlung an \u2018Hartriegel\u2019, einen Wassergarten, Kr\u00e4utergarten, tropischen Garten und eine wundervoll geschwungene Pergola mit einer herrlichen Schau an \u2018Goldregen\u2019, der zwischen dem sp\u00e4ten Mai und fr\u00fchen Juni am besten ist. Ge\u00f6ffnet von Ende M\u00e4rz bis Ende Oktober.<\/p>\n<p>5. Bei den atmosph\u00e4rischen <a href=\"https:\/\/www.nationaltrust.org.uk\/fountains-abbey-and-studley-royal-water-garden\/trails\/studley-park-water-gardens-and-abbey\"rel=\"nofollow\">Ruinen von Fountains Abbey<\/a>, Ripon, befindet sich in einem abgeschiedenen Tal der Studley Wassergarten. Dieser atemberaubende und ruhige Garten wurde im 18. Jahrhundert designt mit spiegelglatten Teichen, Wasserf\u00e4llen, Statuen und Verr\u00fccktheiten, sowie dem \u2018The Surprise View\u2019, auch bekannt als \u2018Anne Boleyn\u2019s Seat\u2019, von wo aus Sie einen erstaunlichen Blick auf die Abtei in der Ferne haben. Wassergarten und Abtei befinden sich im Besitz des National Trust und sind das ganze Jahr \u00fcber ge\u00f6ffnet.<\/p>\n<p style=\"text-align: center;\"><a class=\"tidycta\" href=\"https:\/\/www.urlaubcornwall.de\/gartenreise.php\">Gartenreisen in England<\/a><\/p>\n","protected":false},"excerpt":{"rendered":"<p>Die gr\u00f6\u00dfte Grafschaft des UK ist Yorkshire; eine Grafschaft voller Kontraste mit h\u00fcgeligen T\u00e4lern im Westen, wildem und zerkl\u00fcftetem Moorgebiet, das hinunterreicht zur Ostk\u00fcste, einer wundersch\u00f6nen K\u00fcste und Industriest\u00e4dten im S\u00fcden, die tief in der Geschichte verankert sind. 1. Castle Howard ist eines der eindrucksvollsten H\u00e4user in Yorkshire. Es war mehr als 300 Jahre lang [&hellip;]<\/p>\n","protected":false},"author":1,"featured_media":0,"parent":0,"menu_order":0,"comment_status":"closed","ping_status":"closed","template":"single-four.php","meta":[],"acf":[],"yoast_head":"<!-- This site is optimized with the Yoast SEO plugin v19.4 - https:\/\/yoast.com\/wordpress\/plugins\/seo\/ -->\n<title>Wundersch\u00f6ne G\u00e4rten in Yorkshire &amp; Dales - Urlaub &amp; Reisen<\/title>\n<meta name=\"robots\" content=\"index, follow, max-snippet:-1, max-image-preview:large, max-video-preview:-1\" \/>\n<link rel=\"canonical\" href=\"https:\/\/www.urlaubcornwall.de\/blog\/wunderschoene-gaerten-in-yorkshire-dales\/\" \/>\n<meta property=\"og:locale\" content=\"en_US\" \/>\n<meta property=\"og:type\" content=\"article\" \/>\n<meta property=\"og:title\" content=\"Wundersch\u00f6ne G\u00e4rten in Yorkshire &amp; Dales - Urlaub &amp; Reisen\" \/>\n<meta property=\"og:description\" content=\"Die gr\u00f6\u00dfte Grafschaft des UK ist Yorkshire; eine Grafschaft voller Kontraste mit h\u00fcgeligen T\u00e4lern im Westen, wildem und zerkl\u00fcftetem Moorgebiet, das hinunterreicht zur Ostk\u00fcste, einer wundersch\u00f6nen K\u00fcste und Industriest\u00e4dten im S\u00fcden, die tief in der Geschichte verankert sind. 1. Castle Howard ist eines der eindrucksvollsten H\u00e4user in Yorkshire. Es war mehr als 300 Jahre lang [&hellip;]\" \/>\n<meta property=\"og:url\" content=\"https:\/\/www.urlaubcornwall.de\/blog\/wunderschoene-gaerten-in-yorkshire-dales\/\" \/>\n<meta property=\"og:site_name\" content=\"Urlaub &amp; Reisen\" \/>\n<meta property=\"article:modified_time\" content=\"2024-05-30T14:37:22+00:00\" \/>\n<meta property=\"og:image\" content=\"https:\/\/www.urlaubcornwall.de\/blog\/wp-content\/uploads\/2024\/03\/Masgeschneiderte-Gartentouren-fur-Gruppen-cornwall-england.jpg\" \/>\n<meta name=\"twitter:card\" content=\"summary\" \/>\n<meta name=\"twitter:label1\" content=\"Est. reading time\" \/>\n\t<meta name=\"twitter:data1\" content=\"2 minutes\" \/>\n<script type=\"application\/ld+json\" class=\"yoast-schema-graph\">{\"@context\":\"https:\/\/schema.org\",\"@graph\":[{\"@type\":\"WebSite\",\"@id\":\"https:\/\/www.urlaubcornwall.de\/blog\/#website\",\"url\":\"https:\/\/www.urlaubcornwall.de\/blog\/\",\"name\":\"Urlaub &amp; Reisen\",\"description\":\"Urlaub, Reisen, Cornwall und S\u00fcdengland: eine perfekte Kombination\",\"potentialAction\":[{\"@type\":\"SearchAction\",\"target\":{\"@type\":\"EntryPoint\",\"urlTemplate\":\"https:\/\/www.urlaubcornwall.de\/blog\/?s={search_term_string}\"},\"query-input\":\"required name=search_term_string\"}],\"inLanguage\":\"en-US\"},{\"@type\":\"WebPage\",\"@id\":\"https:\/\/www.urlaubcornwall.de\/blog\/wunderschoene-gaerten-in-yorkshire-dales\/\",\"url\":\"https:\/\/www.urlaubcornwall.de\/blog\/wunderschoene-gaerten-in-yorkshire-dales\/\",\"name\":\"Wundersch\u00f6ne G\u00e4rten in Yorkshire & Dales - Urlaub &amp; Reisen\",\"isPartOf\":{\"@id\":\"https:\/\/www.urlaubcornwall.de\/blog\/#website\"},\"datePublished\":\"2018-07-30T10:36:56+00:00\",\"dateModified\":\"2024-05-30T14:37:22+00:00\",\"breadcrumb\":{\"@id\":\"https:\/\/www.urlaubcornwall.de\/blog\/wunderschoene-gaerten-in-yorkshire-dales\/#breadcrumb\"},\"inLanguage\":\"en-US\",\"potentialAction\":[{\"@type\":\"ReadAction\",\"target\":[\"https:\/\/www.urlaubcornwall.de\/blog\/wunderschoene-gaerten-in-yorkshire-dales\/\"]}]},{\"@type\":\"BreadcrumbList\",\"@id\":\"https:\/\/www.urlaubcornwall.de\/blog\/wunderschoene-gaerten-in-yorkshire-dales\/#breadcrumb\",\"itemListElement\":[{\"@type\":\"ListItem\",\"position\":1,\"name\":\"Home\",\"item\":\"https:\/\/www.urlaubcornwall.de\/blog\/\"},{\"@type\":\"ListItem\",\"position\":2,\"name\":\"Wundersch\u00f6ne G\u00e4rten in Yorkshire &#038; Dales\"}]}]}<\/script>\n<!-- \/ Yoast SEO plugin. -->","yoast_head_json":{"title":"Wundersch\u00f6ne G\u00e4rten in Yorkshire & Dales - Urlaub &amp; Reisen","robots":{"index":"index","follow":"follow","max-snippet":"max-snippet:-1","max-image-preview":"max-image-preview:large","max-video-preview":"max-video-preview:-1"},"canonical":"https:\/\/www.urlaubcornwall.de\/blog\/wunderschoene-gaerten-in-yorkshire-dales\/","og_locale":"en_US","og_type":"article","og_title":"Wundersch\u00f6ne G\u00e4rten in Yorkshire & Dales - Urlaub &amp; Reisen","og_description":"Die gr\u00f6\u00dfte Grafschaft des UK ist Yorkshire; eine Grafschaft voller Kontraste mit h\u00fcgeligen T\u00e4lern im Westen, wildem und zerkl\u00fcftetem Moorgebiet, das hinunterreicht zur Ostk\u00fcste, einer wundersch\u00f6nen K\u00fcste und Industriest\u00e4dten im S\u00fcden, die tief in der Geschichte verankert sind. 1. Castle Howard ist eines der eindrucksvollsten H\u00e4user in Yorkshire. Es war mehr als 300 Jahre lang [&hellip;]","og_url":"https:\/\/www.urlaubcornwall.de\/blog\/wunderschoene-gaerten-in-yorkshire-dales\/","og_site_name":"Urlaub &amp; Reisen","article_modified_time":"2024-05-30T14:37:22+00:00","og_image":[{"url":"https:\/\/www.urlaubcornwall.de\/blog\/wp-content\/uploads\/2024\/03\/Masgeschneiderte-Gartentouren-fur-Gruppen-cornwall-england.jpg"}],"twitter_card":"summary","twitter_misc":{"Est. reading time":"2 minutes"},"schema":{"@context":"https:\/\/schema.org","@graph":[{"@type":"WebSite","@id":"https:\/\/www.urlaubcornwall.de\/blog\/#website","url":"https:\/\/www.urlaubcornwall.de\/blog\/","name":"Urlaub &amp; Reisen","description":"Urlaub, Reisen, Cornwall und S\u00fcdengland: eine perfekte Kombination","potentialAction":[{"@type":"SearchAction","target":{"@type":"EntryPoint","urlTemplate":"https:\/\/www.urlaubcornwall.de\/blog\/?s={search_term_string}"},"query-input":"required name=search_term_string"}],"inLanguage":"en-US"},{"@type":"WebPage","@id":"https:\/\/www.urlaubcornwall.de\/blog\/wunderschoene-gaerten-in-yorkshire-dales\/","url":"https:\/\/www.urlaubcornwall.de\/blog\/wunderschoene-gaerten-in-yorkshire-dales\/","name":"Wundersch\u00f6ne G\u00e4rten in Yorkshire & Dales - Urlaub &amp; Reisen","isPartOf":{"@id":"https:\/\/www.urlaubcornwall.de\/blog\/#website"},"datePublished":"2018-07-30T10:36:56+00:00","dateModified":"2024-05-30T14:37:22+00:00","breadcrumb":{"@id":"https:\/\/www.urlaubcornwall.de\/blog\/wunderschoene-gaerten-in-yorkshire-dales\/#breadcrumb"},"inLanguage":"en-US","potentialAction":[{"@type":"ReadAction","target":["https:\/\/www.urlaubcornwall.de\/blog\/wunderschoene-gaerten-in-yorkshire-dales\/"]}]},{"@type":"BreadcrumbList","@id":"https:\/\/www.urlaubcornwall.de\/blog\/wunderschoene-gaerten-in-yorkshire-dales\/#breadcrumb","itemListElement":[{"@type":"ListItem","position":1,"name":"Home","item":"https:\/\/www.urlaubcornwall.de\/blog\/"},{"@type":"ListItem","position":2,"name":"Wundersch\u00f6ne G\u00e4rten in Yorkshire &#038; Dales"}]}]}},"_links":{"self":[{"href":"https:\/\/www.urlaubcornwall.de\/blog\/wp-json\/wp\/v2\/pages\/34071"}],"collection":[{"href":"https:\/\/www.urlaubcornwall.de\/blog\/wp-json\/wp\/v2\/pages"}],"about":[{"href":"https:\/\/www.urlaubcornwall.de\/blog\/wp-json\/wp\/v2\/types\/page"}],"author":[{"embeddable":true,"href":"https:\/\/www.urlaubcornwall.de\/blog\/wp-json\/wp\/v2\/users\/1"}],"replies":[{"embeddable":true,"href":"https:\/\/www.urlaubcornwall.de\/blog\/wp-json\/wp\/v2\/comments?post=34071"}],"version-history":[{"count":4,"href":"https:\/\/www.urlaubcornwall.de\/blog\/wp-json\/wp\/v2\/pages\/34071\/revisions"}],"predecessor-version":[{"id":51114,"href":"https:\/\/www.urlaubcornwall.de\/blog\/wp-json\/wp\/v2\/pages\/34071\/revisions\/51114"}],"wp:attachment":[{"href":"https:\/\/www.urlaubcornwall.de\/blog\/wp-json\/wp\/v2\/media?parent=34071"}],"curies":[{"name":"wp","href":"https:\/\/api.w.org\/{rel}","templated":true}]}}