{"id":34066,"date":"2018-07-30T09:56:44","date_gmt":"2018-07-30T09:56:44","guid":{"rendered":"https:\/\/www.urlaubcornwall.de\/blog\/?page_id=34066"},"modified":"2024-05-28T13:03:33","modified_gmt":"2024-05-28T13:03:33","slug":"schoensten-gaerten-in-lake-district","status":"publish","type":"page","link":"https:\/\/www.urlaubcornwall.de\/blog\/schoensten-gaerten-in-lake-district\/","title":{"rendered":"Sch\u00f6nsten G\u00e4rten in Lake District"},"content":{"rendered":"<p><a href=\"https:\/\/www.urlaubcornwall.de\/blog\/wp-content\/uploads\/2024\/03\/lake-district.jpg\"><img loading=\"lazy\" src=\"https:\/\/www.urlaubcornwall.de\/blog\/wp-content\/uploads\/2024\/03\/lake-district.jpg\" alt=\"lake district\" width=\"750\" height=\"422\" class=\"alignnone size-full wp-image-47806\" srcset=\"https:\/\/www.urlaubcornwall.de\/blog\/wp-content\/uploads\/2024\/03\/lake-district.jpg 750w, https:\/\/www.urlaubcornwall.de\/blog\/wp-content\/uploads\/2024\/03\/lake-district-300x169.jpg 300w\" sizes=\"(max-width: 750px) 100vw, 750px\" \/><\/a><\/p>\n<p>Der <a href=\"https:\/\/www.urlaubcornwall.de\/reiseziel\/lake-district-nationalpark.php\">Lake Distrikt ist reich an geschichtlichem Erbe und Kultur<\/a>, sowie unber\u00fchrter Landschaft mit atemberaubendem Blick. Es gibt in der Region viele faszinierende Orte, einschlie\u00dflich einen der bemerkenswertesten Formschnittg\u00e4rten des UK.<\/p>\n<p>1. <a href=\"http:\/\/www.levenshall.co.uk\">Levens Hall<\/a> befindet sich 8km s\u00fcdlich von Kendal, und der Garten ist voller magischer Formen, die \u00fcber Jahrhunderte hinweg geschaffen wurden. Es gibt mehr als 100 Einzelteile, die gem\u00e4\u00df eines individuellen Designs geschnitten wurden, einschlie\u00dflich Schachfiguren und Pfauen. Der Garten ist von April bis Oktober sonntags \u2013 donnerstags ge\u00f6ffnet.<\/p>\n<p>2. <a href=\"http:\/\/www.holker.co.uk\">Holker Hall und Garten<\/a>, Grange-over-Sands, in der N\u00e4he der Morecombe Bucht, umfasst mehr als 80 Hektar klassischer Parkanlage des 18. Jahrhunderts, wundersch\u00f6n gepflegte Terrassen, einen ummauerten Kr\u00e4utergarten, sowie Waldgebiet mit der nationalen Pflanzensammlung an \u2018Storaxbaumgew\u00e4chsen\u2019. &nbsp;Der Garten ist von &nbsp;April- Oktober mittwochs \u2013 sonntags, sowie an Feiertagsmontagen ge\u00f6ffnet. holker.co.uk<\/p>\n<p>3. <a href=\"http:\/\/www.brantwood.org\"rel=\"nofollow\">Brantwood<\/a> befindet sich an den Ufern von Coniston Water und ist das ehemalige Zuhause von John Ruskin \u2013 dem ber\u00fchmten viktorianischen Kunstkritiker. Er entwarf diesen 8 Hektar gro\u00dfen Garten, der einen Irrgarten beinhaltet von mehr als 250 einheimischen Farnen. Der Garten ist das ganze Jahr \u00fcber ge\u00f6ffnet, und w\u00e4hrend der Hochsaison gibt es gef\u00fchrte Touren.<\/p>\n<p>4. In der N\u00e4he von Penrith befindet sich <a href=\"http:\/\/www.hutton-in-the-forest.co.uk\">Hutton-in-the-Forest<\/a>, das seit 1605 das Zuhause der Fletcher-Vane Familie ist. Der wundersch\u00f6ne Garten beinhaltet einen Mauergarten, Formschnitte und Terrassen. Er ist von M\u00e4rz bis Oktober am Mittwoch, Donnerstag, Sonntag und an Feiertagsmontagen ge\u00f6ffnet.<\/p>\n<p>5. <a href=\"http:\/\/www.yewbarrowhouse.co.uk\">Yewbarrow Hausgarten<\/a>, Grange-over-Sands, verf\u00fcgt \u00fcber einen weitreichenden Blick \u00fcber die Morecombe Bucht. In dieser gesch\u00fctzten Ecke <a href=\"https:\/\/www.urlaubcornwall.de\/ferienhaeuser-fewos\/eng\/lake-district\/lake-district-luxus-unterkuenfte.html\">Cumbrias<\/a> sind die Wachstumsbedingungen denen in Cornwall sehr \u00e4hnlich. Der Garten hat eine Orangerie, ein Palmenhaus, einen Kr\u00e4utergarten und viele exotische Pflanzen. Pr\u00fcfen Sie deren Website bez\u00fcglich der \u00d6ffnungszeiten.<\/p>\n<p style=\"text-align: center;\"><a class=\"tidycta\" href=\"https:\/\/www.urlaubcornwall.de\/gartenreise.php\">Gartenreisen in England<\/a><\/p>\n","protected":false},"excerpt":{"rendered":"<p>Der Lake Distrikt ist reich an geschichtlichem Erbe und Kultur, sowie unber\u00fchrter Landschaft mit atemberaubendem Blick. Es gibt in der Region viele faszinierende Orte, einschlie\u00dflich einen der bemerkenswertesten Formschnittg\u00e4rten des UK. 1. Levens Hall befindet sich 8km s\u00fcdlich von Kendal, und der Garten ist voller magischer Formen, die \u00fcber Jahrhunderte hinweg geschaffen wurden. Es gibt [&hellip;]<\/p>\n","protected":false},"author":1,"featured_media":0,"parent":0,"menu_order":0,"comment_status":"closed","ping_status":"closed","template":"single-four.php","meta":[],"acf":[],"yoast_head":"<!-- This site is optimized with the Yoast SEO plugin v19.4 - https:\/\/yoast.com\/wordpress\/plugins\/seo\/ -->\n<title>Sch\u00f6nsten G\u00e4rten in Lake District - Urlaub &amp; Reisen<\/title>\n<meta name=\"robots\" content=\"index, follow, max-snippet:-1, max-image-preview:large, max-video-preview:-1\" \/>\n<link rel=\"canonical\" href=\"https:\/\/www.urlaubcornwall.de\/blog\/schoensten-gaerten-in-lake-district\/\" \/>\n<meta property=\"og:locale\" content=\"en_US\" \/>\n<meta property=\"og:type\" content=\"article\" \/>\n<meta property=\"og:title\" content=\"Sch\u00f6nsten G\u00e4rten in Lake District - Urlaub &amp; Reisen\" \/>\n<meta property=\"og:description\" content=\"Der Lake Distrikt ist reich an geschichtlichem Erbe und Kultur, sowie unber\u00fchrter Landschaft mit atemberaubendem Blick. Es gibt in der Region viele faszinierende Orte, einschlie\u00dflich einen der bemerkenswertesten Formschnittg\u00e4rten des UK. 1. Levens Hall befindet sich 8km s\u00fcdlich von Kendal, und der Garten ist voller magischer Formen, die \u00fcber Jahrhunderte hinweg geschaffen wurden. Es gibt [&hellip;]\" \/>\n<meta property=\"og:url\" content=\"https:\/\/www.urlaubcornwall.de\/blog\/schoensten-gaerten-in-lake-district\/\" \/>\n<meta property=\"og:site_name\" content=\"Urlaub &amp; Reisen\" \/>\n<meta property=\"article:modified_time\" content=\"2024-05-28T13:03:33+00:00\" \/>\n<meta property=\"og:image\" content=\"https:\/\/www.urlaubcornwall.de\/blog\/wp-content\/uploads\/2024\/03\/lake-district.jpg\" \/>\n<meta name=\"twitter:card\" content=\"summary\" \/>\n<meta name=\"twitter:label1\" content=\"Est. reading time\" \/>\n\t<meta name=\"twitter:data1\" content=\"2 minutes\" \/>\n<script type=\"application\/ld+json\" class=\"yoast-schema-graph\">{\"@context\":\"https:\/\/schema.org\",\"@graph\":[{\"@type\":\"WebSite\",\"@id\":\"https:\/\/www.urlaubcornwall.de\/blog\/#website\",\"url\":\"https:\/\/www.urlaubcornwall.de\/blog\/\",\"name\":\"Urlaub &amp; Reisen\",\"description\":\"Urlaub, Reisen, Cornwall und S\u00fcdengland: eine perfekte Kombination\",\"potentialAction\":[{\"@type\":\"SearchAction\",\"target\":{\"@type\":\"EntryPoint\",\"urlTemplate\":\"https:\/\/www.urlaubcornwall.de\/blog\/?s={search_term_string}\"},\"query-input\":\"required name=search_term_string\"}],\"inLanguage\":\"en-US\"},{\"@type\":\"WebPage\",\"@id\":\"https:\/\/www.urlaubcornwall.de\/blog\/schoensten-gaerten-in-lake-district\/\",\"url\":\"https:\/\/www.urlaubcornwall.de\/blog\/schoensten-gaerten-in-lake-district\/\",\"name\":\"Sch\u00f6nsten G\u00e4rten in Lake District - Urlaub &amp; Reisen\",\"isPartOf\":{\"@id\":\"https:\/\/www.urlaubcornwall.de\/blog\/#website\"},\"datePublished\":\"2018-07-30T09:56:44+00:00\",\"dateModified\":\"2024-05-28T13:03:33+00:00\",\"breadcrumb\":{\"@id\":\"https:\/\/www.urlaubcornwall.de\/blog\/schoensten-gaerten-in-lake-district\/#breadcrumb\"},\"inLanguage\":\"en-US\",\"potentialAction\":[{\"@type\":\"ReadAction\",\"target\":[\"https:\/\/www.urlaubcornwall.de\/blog\/schoensten-gaerten-in-lake-district\/\"]}]},{\"@type\":\"BreadcrumbList\",\"@id\":\"https:\/\/www.urlaubcornwall.de\/blog\/schoensten-gaerten-in-lake-district\/#breadcrumb\",\"itemListElement\":[{\"@type\":\"ListItem\",\"position\":1,\"name\":\"Home\",\"item\":\"https:\/\/www.urlaubcornwall.de\/blog\/\"},{\"@type\":\"ListItem\",\"position\":2,\"name\":\"Sch\u00f6nsten G\u00e4rten in Lake District\"}]}]}<\/script>\n<!-- \/ Yoast SEO plugin. -->","yoast_head_json":{"title":"Sch\u00f6nsten G\u00e4rten in Lake District - Urlaub &amp; Reisen","robots":{"index":"index","follow":"follow","max-snippet":"max-snippet:-1","max-image-preview":"max-image-preview:large","max-video-preview":"max-video-preview:-1"},"canonical":"https:\/\/www.urlaubcornwall.de\/blog\/schoensten-gaerten-in-lake-district\/","og_locale":"en_US","og_type":"article","og_title":"Sch\u00f6nsten G\u00e4rten in Lake District - Urlaub &amp; Reisen","og_description":"Der Lake Distrikt ist reich an geschichtlichem Erbe und Kultur, sowie unber\u00fchrter Landschaft mit atemberaubendem Blick. Es gibt in der Region viele faszinierende Orte, einschlie\u00dflich einen der bemerkenswertesten Formschnittg\u00e4rten des UK. 1. Levens Hall befindet sich 8km s\u00fcdlich von Kendal, und der Garten ist voller magischer Formen, die \u00fcber Jahrhunderte hinweg geschaffen wurden. Es gibt [&hellip;]","og_url":"https:\/\/www.urlaubcornwall.de\/blog\/schoensten-gaerten-in-lake-district\/","og_site_name":"Urlaub &amp; Reisen","article_modified_time":"2024-05-28T13:03:33+00:00","og_image":[{"url":"https:\/\/www.urlaubcornwall.de\/blog\/wp-content\/uploads\/2024\/03\/lake-district.jpg"}],"twitter_card":"summary","twitter_misc":{"Est. reading time":"2 minutes"},"schema":{"@context":"https:\/\/schema.org","@graph":[{"@type":"WebSite","@id":"https:\/\/www.urlaubcornwall.de\/blog\/#website","url":"https:\/\/www.urlaubcornwall.de\/blog\/","name":"Urlaub &amp; Reisen","description":"Urlaub, Reisen, Cornwall und S\u00fcdengland: eine perfekte Kombination","potentialAction":[{"@type":"SearchAction","target":{"@type":"EntryPoint","urlTemplate":"https:\/\/www.urlaubcornwall.de\/blog\/?s={search_term_string}"},"query-input":"required name=search_term_string"}],"inLanguage":"en-US"},{"@type":"WebPage","@id":"https:\/\/www.urlaubcornwall.de\/blog\/schoensten-gaerten-in-lake-district\/","url":"https:\/\/www.urlaubcornwall.de\/blog\/schoensten-gaerten-in-lake-district\/","name":"Sch\u00f6nsten G\u00e4rten in Lake District - Urlaub &amp; Reisen","isPartOf":{"@id":"https:\/\/www.urlaubcornwall.de\/blog\/#website"},"datePublished":"2018-07-30T09:56:44+00:00","dateModified":"2024-05-28T13:03:33+00:00","breadcrumb":{"@id":"https:\/\/www.urlaubcornwall.de\/blog\/schoensten-gaerten-in-lake-district\/#breadcrumb"},"inLanguage":"en-US","potentialAction":[{"@type":"ReadAction","target":["https:\/\/www.urlaubcornwall.de\/blog\/schoensten-gaerten-in-lake-district\/"]}]},{"@type":"BreadcrumbList","@id":"https:\/\/www.urlaubcornwall.de\/blog\/schoensten-gaerten-in-lake-district\/#breadcrumb","itemListElement":[{"@type":"ListItem","position":1,"name":"Home","item":"https:\/\/www.urlaubcornwall.de\/blog\/"},{"@type":"ListItem","position":2,"name":"Sch\u00f6nsten G\u00e4rten in Lake District"}]}]}},"_links":{"self":[{"href":"https:\/\/www.urlaubcornwall.de\/blog\/wp-json\/wp\/v2\/pages\/34066"}],"collection":[{"href":"https:\/\/www.urlaubcornwall.de\/blog\/wp-json\/wp\/v2\/pages"}],"about":[{"href":"https:\/\/www.urlaubcornwall.de\/blog\/wp-json\/wp\/v2\/types\/page"}],"author":[{"embeddable":true,"href":"https:\/\/www.urlaubcornwall.de\/blog\/wp-json\/wp\/v2\/users\/1"}],"replies":[{"embeddable":true,"href":"https:\/\/www.urlaubcornwall.de\/blog\/wp-json\/wp\/v2\/comments?post=34066"}],"version-history":[{"count":7,"href":"https:\/\/www.urlaubcornwall.de\/blog\/wp-json\/wp\/v2\/pages\/34066\/revisions"}],"predecessor-version":[{"id":50395,"href":"https:\/\/www.urlaubcornwall.de\/blog\/wp-json\/wp\/v2\/pages\/34066\/revisions\/50395"}],"wp:attachment":[{"href":"https:\/\/www.urlaubcornwall.de\/blog\/wp-json\/wp\/v2\/media?parent=34066"}],"curies":[{"name":"wp","href":"https:\/\/api.w.org\/{rel}","templated":true}]}}