{"id":34059,"date":"2018-07-29T10:43:26","date_gmt":"2018-07-29T10:43:26","guid":{"rendered":"https:\/\/www.urlaubcornwall.de\/blog\/?page_id=34059"},"modified":"2020-09-17T08:09:53","modified_gmt":"2020-09-17T08:09:53","slug":"traditionelle-englische-cottage-gaerten","status":"publish","type":"page","link":"https:\/\/www.urlaubcornwall.de\/blog\/traditionelle-englische-cottage-gaerten\/","title":{"rendered":"Traditionelle englische Cottage G\u00e4rten"},"content":{"rendered":"<p><img loading=\"lazy\" class=\"aligncenter size-full wp-image-34060\" src=\"https:\/\/www.urlaubcornwall.de\/blog\/wp-content\/uploads\/2018\/07\/Traditionelle-englische-Cottage-garten.jpg\" alt=\"Traditionelle englische Cottage garten\" width=\"745\" height=\"498\" srcset=\"https:\/\/www.urlaubcornwall.de\/blog\/wp-content\/uploads\/2018\/07\/Traditionelle-englische-Cottage-garten.jpg 745w, https:\/\/www.urlaubcornwall.de\/blog\/wp-content\/uploads\/2018\/07\/Traditionelle-englische-Cottage-garten-300x201.jpg 300w\" sizes=\"(max-width: 745px) 100vw, 745px\" \/><br \/>\nNichts spiegelt die Sch\u00f6nheit Britanniens so wider wie der <a href=\"https:\/\/www.urlaubcornwall.de\/gartenreise.php\">quintessentielle Cottage-Garten<\/a>. Wir stellen einige der entz\u00fcckendsten Cottageg\u00e4rten vor, die <a href=\"https:\/\/www.urlaubcornwall.de\/reiseziel\/england.php\">England<\/a> zu bieten hat. Aber wie definieren Sie einen Bauerngarten?<\/p>\n<p>Der Cottagegarten ist englischen Ursprungs. Die Geschichte heimeliger und zweckm\u00e4\u00dfiger G\u00e4rten reicht viele Jahrhunderte zur\u00fcck, doch der Cottagegarten wie wir ihn kennen, wurde im England der 1870ern wiedererfunden als Reaktion auf die eher strukturierten herrschaftlichen G\u00e4rten und ihr formales Design. Der Cottagegarten schlie\u00dft sich normalerweise an ein charmantes Haus oder Cottage an, ist in seinem Stil zumeist informell mit traditionellen Materialien und zeigt eine Mischung an Str\u00e4uchern, kleinen B\u00e4umen, Einmalbl\u00fchern, Rosen und Kletterpflanzen mit Kr\u00e4uterbegrenzungen. H\u00e4ufig wird der Garten gepflegt von den Besitzern des Geb\u00e4udes, doch vielleicht mit ein wenig Hilfe der Gesundheit des Besitzers entsprechend.<\/p>\n<p>Ein Cottage-Garten beruht auf Charakter und Charme mehr als auf Struktur und Regeln. Man wei\u00df nie, was einen in einem Cottagegarten erwartet; es k\u00f6nnten verschiedene Gebiete zum Erkunden vorhanden sein, h\u00e4ufig einschlie\u00dflich eines Rasens, eines Wildteiches, einem gut benutzten Gem\u00fcsebeet und Kr\u00e4utergarten, Sitzm\u00f6glichkeiten, sowie einem Gew\u00e4chshaus und einem Aufzuchtsschuppen. Der Cottagegarten zieht stets Naturreichtum an; Schmetterlinge, V\u00f6gel, Insekten und sogar Fr\u00f6sche und Kr\u00f6ten sind zu h\u00f6ren und zu sehen.<\/p>\n<p style=\"text-align: center;\"><a class=\"tidycta\" href=\"https:\/\/www.urlaubcornwall.de\/gartenreise.php\">Gartenreisen in England<\/a><\/p>\n","protected":false},"excerpt":{"rendered":"<p>Nichts spiegelt die Sch\u00f6nheit Britanniens so wider wie der quintessentielle Cottage-Garten. Wir stellen einige der entz\u00fcckendsten Cottageg\u00e4rten vor, die England zu bieten hat. Aber wie definieren Sie einen Bauerngarten? Der Cottagegarten ist englischen Ursprungs. Die Geschichte heimeliger und zweckm\u00e4\u00dfiger G\u00e4rten reicht viele Jahrhunderte zur\u00fcck, doch der Cottagegarten wie wir ihn kennen, wurde im England der [&hellip;]<\/p>\n","protected":false},"author":1,"featured_media":0,"parent":0,"menu_order":0,"comment_status":"closed","ping_status":"closed","template":"single-four.php","meta":[],"acf":[],"yoast_head":"<!-- This site is optimized with the Yoast SEO plugin v19.4 - https:\/\/yoast.com\/wordpress\/plugins\/seo\/ -->\n<title>Traditionelle englische Cottage G\u00e4rten - Urlaub &amp; Reisen<\/title>\n<meta name=\"robots\" content=\"index, follow, max-snippet:-1, max-image-preview:large, max-video-preview:-1\" \/>\n<link rel=\"canonical\" href=\"https:\/\/www.urlaubcornwall.de\/blog\/traditionelle-englische-cottage-gaerten\/\" \/>\n<meta property=\"og:locale\" content=\"en_US\" \/>\n<meta property=\"og:type\" content=\"article\" \/>\n<meta property=\"og:title\" content=\"Traditionelle englische Cottage G\u00e4rten - Urlaub &amp; Reisen\" \/>\n<meta property=\"og:description\" content=\"Nichts spiegelt die Sch\u00f6nheit Britanniens so wider wie der quintessentielle Cottage-Garten. Wir stellen einige der entz\u00fcckendsten Cottageg\u00e4rten vor, die England zu bieten hat. Aber wie definieren Sie einen Bauerngarten? Der Cottagegarten ist englischen Ursprungs. Die Geschichte heimeliger und zweckm\u00e4\u00dfiger G\u00e4rten reicht viele Jahrhunderte zur\u00fcck, doch der Cottagegarten wie wir ihn kennen, wurde im England der [&hellip;]\" \/>\n<meta property=\"og:url\" content=\"https:\/\/www.urlaubcornwall.de\/blog\/traditionelle-englische-cottage-gaerten\/\" \/>\n<meta property=\"og:site_name\" content=\"Urlaub &amp; Reisen\" \/>\n<meta property=\"article:modified_time\" content=\"2020-09-17T08:09:53+00:00\" \/>\n<meta property=\"og:image\" content=\"https:\/\/www.urlaubcornwall.de\/blog\/wp-content\/uploads\/2018\/07\/Traditionelle-englische-Cottage-garten.jpg\" \/>\n<meta name=\"twitter:card\" content=\"summary\" \/>\n<meta name=\"twitter:label1\" content=\"Est. reading time\" \/>\n\t<meta name=\"twitter:data1\" content=\"1 minute\" \/>\n<script type=\"application\/ld+json\" class=\"yoast-schema-graph\">{\"@context\":\"https:\/\/schema.org\",\"@graph\":[{\"@type\":\"WebSite\",\"@id\":\"https:\/\/www.urlaubcornwall.de\/blog\/#website\",\"url\":\"https:\/\/www.urlaubcornwall.de\/blog\/\",\"name\":\"Urlaub &amp; Reisen\",\"description\":\"Urlaub, Reisen, Cornwall und S\u00fcdengland: eine perfekte Kombination\",\"potentialAction\":[{\"@type\":\"SearchAction\",\"target\":{\"@type\":\"EntryPoint\",\"urlTemplate\":\"https:\/\/www.urlaubcornwall.de\/blog\/?s={search_term_string}\"},\"query-input\":\"required name=search_term_string\"}],\"inLanguage\":\"en-US\"},{\"@type\":\"WebPage\",\"@id\":\"https:\/\/www.urlaubcornwall.de\/blog\/traditionelle-englische-cottage-gaerten\/\",\"url\":\"https:\/\/www.urlaubcornwall.de\/blog\/traditionelle-englische-cottage-gaerten\/\",\"name\":\"Traditionelle englische Cottage G\u00e4rten - Urlaub &amp; Reisen\",\"isPartOf\":{\"@id\":\"https:\/\/www.urlaubcornwall.de\/blog\/#website\"},\"datePublished\":\"2018-07-29T10:43:26+00:00\",\"dateModified\":\"2020-09-17T08:09:53+00:00\",\"breadcrumb\":{\"@id\":\"https:\/\/www.urlaubcornwall.de\/blog\/traditionelle-englische-cottage-gaerten\/#breadcrumb\"},\"inLanguage\":\"en-US\",\"potentialAction\":[{\"@type\":\"ReadAction\",\"target\":[\"https:\/\/www.urlaubcornwall.de\/blog\/traditionelle-englische-cottage-gaerten\/\"]}]},{\"@type\":\"BreadcrumbList\",\"@id\":\"https:\/\/www.urlaubcornwall.de\/blog\/traditionelle-englische-cottage-gaerten\/#breadcrumb\",\"itemListElement\":[{\"@type\":\"ListItem\",\"position\":1,\"name\":\"Home\",\"item\":\"https:\/\/www.urlaubcornwall.de\/blog\/\"},{\"@type\":\"ListItem\",\"position\":2,\"name\":\"Traditionelle englische Cottage G\u00e4rten\"}]}]}<\/script>\n<!-- \/ Yoast SEO plugin. -->","yoast_head_json":{"title":"Traditionelle englische Cottage G\u00e4rten - Urlaub &amp; Reisen","robots":{"index":"index","follow":"follow","max-snippet":"max-snippet:-1","max-image-preview":"max-image-preview:large","max-video-preview":"max-video-preview:-1"},"canonical":"https:\/\/www.urlaubcornwall.de\/blog\/traditionelle-englische-cottage-gaerten\/","og_locale":"en_US","og_type":"article","og_title":"Traditionelle englische Cottage G\u00e4rten - Urlaub &amp; Reisen","og_description":"Nichts spiegelt die Sch\u00f6nheit Britanniens so wider wie der quintessentielle Cottage-Garten. Wir stellen einige der entz\u00fcckendsten Cottageg\u00e4rten vor, die England zu bieten hat. Aber wie definieren Sie einen Bauerngarten? Der Cottagegarten ist englischen Ursprungs. Die Geschichte heimeliger und zweckm\u00e4\u00dfiger G\u00e4rten reicht viele Jahrhunderte zur\u00fcck, doch der Cottagegarten wie wir ihn kennen, wurde im England der [&hellip;]","og_url":"https:\/\/www.urlaubcornwall.de\/blog\/traditionelle-englische-cottage-gaerten\/","og_site_name":"Urlaub &amp; Reisen","article_modified_time":"2020-09-17T08:09:53+00:00","og_image":[{"url":"https:\/\/www.urlaubcornwall.de\/blog\/wp-content\/uploads\/2018\/07\/Traditionelle-englische-Cottage-garten.jpg"}],"twitter_card":"summary","twitter_misc":{"Est. reading time":"1 minute"},"schema":{"@context":"https:\/\/schema.org","@graph":[{"@type":"WebSite","@id":"https:\/\/www.urlaubcornwall.de\/blog\/#website","url":"https:\/\/www.urlaubcornwall.de\/blog\/","name":"Urlaub &amp; Reisen","description":"Urlaub, Reisen, Cornwall und S\u00fcdengland: eine perfekte Kombination","potentialAction":[{"@type":"SearchAction","target":{"@type":"EntryPoint","urlTemplate":"https:\/\/www.urlaubcornwall.de\/blog\/?s={search_term_string}"},"query-input":"required name=search_term_string"}],"inLanguage":"en-US"},{"@type":"WebPage","@id":"https:\/\/www.urlaubcornwall.de\/blog\/traditionelle-englische-cottage-gaerten\/","url":"https:\/\/www.urlaubcornwall.de\/blog\/traditionelle-englische-cottage-gaerten\/","name":"Traditionelle englische Cottage G\u00e4rten - Urlaub &amp; Reisen","isPartOf":{"@id":"https:\/\/www.urlaubcornwall.de\/blog\/#website"},"datePublished":"2018-07-29T10:43:26+00:00","dateModified":"2020-09-17T08:09:53+00:00","breadcrumb":{"@id":"https:\/\/www.urlaubcornwall.de\/blog\/traditionelle-englische-cottage-gaerten\/#breadcrumb"},"inLanguage":"en-US","potentialAction":[{"@type":"ReadAction","target":["https:\/\/www.urlaubcornwall.de\/blog\/traditionelle-englische-cottage-gaerten\/"]}]},{"@type":"BreadcrumbList","@id":"https:\/\/www.urlaubcornwall.de\/blog\/traditionelle-englische-cottage-gaerten\/#breadcrumb","itemListElement":[{"@type":"ListItem","position":1,"name":"Home","item":"https:\/\/www.urlaubcornwall.de\/blog\/"},{"@type":"ListItem","position":2,"name":"Traditionelle englische Cottage G\u00e4rten"}]}]}},"_links":{"self":[{"href":"https:\/\/www.urlaubcornwall.de\/blog\/wp-json\/wp\/v2\/pages\/34059"}],"collection":[{"href":"https:\/\/www.urlaubcornwall.de\/blog\/wp-json\/wp\/v2\/pages"}],"about":[{"href":"https:\/\/www.urlaubcornwall.de\/blog\/wp-json\/wp\/v2\/types\/page"}],"author":[{"embeddable":true,"href":"https:\/\/www.urlaubcornwall.de\/blog\/wp-json\/wp\/v2\/users\/1"}],"replies":[{"embeddable":true,"href":"https:\/\/www.urlaubcornwall.de\/blog\/wp-json\/wp\/v2\/comments?post=34059"}],"version-history":[{"count":6,"href":"https:\/\/www.urlaubcornwall.de\/blog\/wp-json\/wp\/v2\/pages\/34059\/revisions"}],"predecessor-version":[{"id":40717,"href":"https:\/\/www.urlaubcornwall.de\/blog\/wp-json\/wp\/v2\/pages\/34059\/revisions\/40717"}],"wp:attachment":[{"href":"https:\/\/www.urlaubcornwall.de\/blog\/wp-json\/wp\/v2\/media?parent=34059"}],"curies":[{"name":"wp","href":"https:\/\/api.w.org\/{rel}","templated":true}]}}