{"id":34054,"date":"2018-07-29T10:22:24","date_gmt":"2018-07-29T10:22:24","guid":{"rendered":"https:\/\/www.urlaubcornwall.de\/blog\/?page_id=34054"},"modified":"2018-07-30T07:24:25","modified_gmt":"2018-07-30T07:24:25","slug":"massgeschneiderte-gartentouren-gartenreisen-fuer-gruppen-england","status":"publish","type":"page","link":"https:\/\/www.urlaubcornwall.de\/blog\/massgeschneiderte-gartentouren-gartenreisen-fuer-gruppen-england\/","title":{"rendered":"Ma\u00dfgeschneiderte Gartenreisen f\u00fcr Gruppen in England"},"content":{"rendered":"<p><img loading=\"lazy\" class=\"aligncenter size-full wp-image-34056\" src=\"https:\/\/www.urlaubcornwall.de\/blog\/wp-content\/uploads\/2018\/07\/Ma\u00dfgeschneiderte-Gartentouren-f\u00fcr-Gruppen-cornwall-england.jpg\" alt=\"Ma\u00dfgeschneiderte Gartentouren f\u00fcr Gruppen cornwall england\" width=\"745\" height=\"468\" srcset=\"https:\/\/www.urlaubcornwall.de\/blog\/wp-content\/uploads\/2018\/07\/Ma\u00dfgeschneiderte-Gartentouren-f\u00fcr-Gruppen-cornwall-england.jpg 745w, https:\/\/www.urlaubcornwall.de\/blog\/wp-content\/uploads\/2018\/07\/Ma\u00dfgeschneiderte-Gartentouren-f\u00fcr-Gruppen-cornwall-england-300x188.jpg 300w\" sizes=\"(max-width: 745px) 100vw, 745px\" \/><\/p>\n<p>Es w\u00fcrde uns freuen, wenn wir Ihnen f\u00fcr <a href=\"https:\/\/www.urlaubcornwall.de\/massgeschneiderte-gruppenreisen-und-touren.php\">Ihre Gruppe von 10 oder mehr Personen eine einzigartige Gartentour<\/a> zusammenstellen k\u00f6nnten. Wir haben ein ausgezeichnetes Wissen bez\u00fcglich britischer und europ\u00e4ischer G\u00e4rten und k\u00f6nnen das Programm Ihren Bed\u00fcrfnissen entsprechend zuschneiden.<\/p>\n<p>Wir benutzen vertrauensw\u00fcrdige Firmen f\u00fcr Transport, Hotels und Gartenbesuche, und mit vielen davon arbeiten wir seit vielen Jahren zusammen. Wir k\u00f6nnen private Gartenbesuche organisieren, die Ihnen einen exklusiven Blick hinter die Kulissen gew\u00e4hren.<\/p>\n<p>Im Laufe der Jahre haben wir einzigartige Gartentouren f\u00fcr eine Vielfalt an Gruppen designt und aufgebaut. Hier sind lediglich ein paar der Touren, die wir organisiert haben:<\/p>\n<p>\u2022 eine historische Tour britischer G\u00e4rten f\u00fcr die \u2018college alumni association\u2018<\/p>\n<p>\u2022 Fr\u00fchlingsgartentouren f\u00fcr eine Rhododendron Society<\/p>\n<p>\u2022 private britische Gartentouren f\u00fcr Gartenklubs aus Deutschland, \u00d6sterreich und der Schweiz<\/p>\n<p>Sehr gerne beraten wir bez\u00fcglich s\u00e4mtlicher Aspekte einer ma\u00dfgeschneiderten Gartentour. Z\u00f6gern Sie also nicht, uns zu kontaktieren, um Ihre Bed\u00fcrfnisse zu diskutieren.<\/p>\n<p style=\"text-align: center;\"><a class=\"tidycta\" href=\"https:\/\/www.urlaubcornwall.de\/gruppenanfrage.php\">Gruppenanfrage<\/a><\/p>\n","protected":false},"excerpt":{"rendered":"<p>Es w\u00fcrde uns freuen, wenn wir Ihnen f\u00fcr Ihre Gruppe von 10 oder mehr Personen eine einzigartige Gartentour zusammenstellen k\u00f6nnten. Wir haben ein ausgezeichnetes Wissen bez\u00fcglich britischer und europ\u00e4ischer G\u00e4rten und k\u00f6nnen das Programm Ihren Bed\u00fcrfnissen entsprechend zuschneiden. Wir benutzen vertrauensw\u00fcrdige Firmen f\u00fcr Transport, Hotels und Gartenbesuche, und mit vielen davon arbeiten wir seit vielen [&hellip;]<\/p>\n","protected":false},"author":1,"featured_media":0,"parent":0,"menu_order":0,"comment_status":"closed","ping_status":"closed","template":"single-four.php","meta":[],"acf":[],"yoast_head":"<!-- This site is optimized with the Yoast SEO plugin v19.4 - https:\/\/yoast.com\/wordpress\/plugins\/seo\/ -->\n<title>Ma\u00dfgeschneiderte Gartenreisen f\u00fcr Gruppen in England - Urlaub &amp; Reisen<\/title>\n<meta name=\"robots\" content=\"index, follow, max-snippet:-1, max-image-preview:large, max-video-preview:-1\" \/>\n<link rel=\"canonical\" href=\"https:\/\/www.urlaubcornwall.de\/blog\/massgeschneiderte-gartentouren-gartenreisen-fuer-gruppen-england\/\" \/>\n<meta property=\"og:locale\" content=\"en_US\" \/>\n<meta property=\"og:type\" content=\"article\" \/>\n<meta property=\"og:title\" content=\"Ma\u00dfgeschneiderte Gartenreisen f\u00fcr Gruppen in England - Urlaub &amp; Reisen\" \/>\n<meta property=\"og:description\" content=\"Es w\u00fcrde uns freuen, wenn wir Ihnen f\u00fcr Ihre Gruppe von 10 oder mehr Personen eine einzigartige Gartentour zusammenstellen k\u00f6nnten. Wir haben ein ausgezeichnetes Wissen bez\u00fcglich britischer und europ\u00e4ischer G\u00e4rten und k\u00f6nnen das Programm Ihren Bed\u00fcrfnissen entsprechend zuschneiden. Wir benutzen vertrauensw\u00fcrdige Firmen f\u00fcr Transport, Hotels und Gartenbesuche, und mit vielen davon arbeiten wir seit vielen [&hellip;]\" \/>\n<meta property=\"og:url\" content=\"https:\/\/www.urlaubcornwall.de\/blog\/massgeschneiderte-gartentouren-gartenreisen-fuer-gruppen-england\/\" \/>\n<meta property=\"og:site_name\" content=\"Urlaub &amp; Reisen\" \/>\n<meta property=\"article:modified_time\" content=\"2018-07-30T07:24:25+00:00\" \/>\n<meta property=\"og:image\" content=\"https:\/\/www.urlaubcornwall.de\/blog\/wp-content\/uploads\/2018\/07\/Ma\u00dfgeschneiderte-Gartentouren-f\u00fcr-Gruppen-cornwall-england.jpg\" \/>\n<meta name=\"twitter:card\" content=\"summary\" \/>\n<meta name=\"twitter:label1\" content=\"Est. reading time\" \/>\n\t<meta name=\"twitter:data1\" content=\"1 minute\" \/>\n<script type=\"application\/ld+json\" class=\"yoast-schema-graph\">{\"@context\":\"https:\/\/schema.org\",\"@graph\":[{\"@type\":\"WebSite\",\"@id\":\"https:\/\/www.urlaubcornwall.de\/blog\/#website\",\"url\":\"https:\/\/www.urlaubcornwall.de\/blog\/\",\"name\":\"Urlaub &amp; Reisen\",\"description\":\"Urlaub, Reisen, Cornwall und S\u00fcdengland: eine perfekte Kombination\",\"potentialAction\":[{\"@type\":\"SearchAction\",\"target\":{\"@type\":\"EntryPoint\",\"urlTemplate\":\"https:\/\/www.urlaubcornwall.de\/blog\/?s={search_term_string}\"},\"query-input\":\"required name=search_term_string\"}],\"inLanguage\":\"en-US\"},{\"@type\":\"WebPage\",\"@id\":\"https:\/\/www.urlaubcornwall.de\/blog\/massgeschneiderte-gartentouren-gartenreisen-fuer-gruppen-england\/\",\"url\":\"https:\/\/www.urlaubcornwall.de\/blog\/massgeschneiderte-gartentouren-gartenreisen-fuer-gruppen-england\/\",\"name\":\"Ma\u00dfgeschneiderte Gartenreisen f\u00fcr Gruppen in England - Urlaub &amp; Reisen\",\"isPartOf\":{\"@id\":\"https:\/\/www.urlaubcornwall.de\/blog\/#website\"},\"datePublished\":\"2018-07-29T10:22:24+00:00\",\"dateModified\":\"2018-07-30T07:24:25+00:00\",\"breadcrumb\":{\"@id\":\"https:\/\/www.urlaubcornwall.de\/blog\/massgeschneiderte-gartentouren-gartenreisen-fuer-gruppen-england\/#breadcrumb\"},\"inLanguage\":\"en-US\",\"potentialAction\":[{\"@type\":\"ReadAction\",\"target\":[\"https:\/\/www.urlaubcornwall.de\/blog\/massgeschneiderte-gartentouren-gartenreisen-fuer-gruppen-england\/\"]}]},{\"@type\":\"BreadcrumbList\",\"@id\":\"https:\/\/www.urlaubcornwall.de\/blog\/massgeschneiderte-gartentouren-gartenreisen-fuer-gruppen-england\/#breadcrumb\",\"itemListElement\":[{\"@type\":\"ListItem\",\"position\":1,\"name\":\"Home\",\"item\":\"https:\/\/www.urlaubcornwall.de\/blog\/\"},{\"@type\":\"ListItem\",\"position\":2,\"name\":\"Ma\u00dfgeschneiderte Gartenreisen f\u00fcr Gruppen in England\"}]}]}<\/script>\n<!-- \/ Yoast SEO plugin. -->","yoast_head_json":{"title":"Ma\u00dfgeschneiderte Gartenreisen f\u00fcr Gruppen in England - Urlaub &amp; Reisen","robots":{"index":"index","follow":"follow","max-snippet":"max-snippet:-1","max-image-preview":"max-image-preview:large","max-video-preview":"max-video-preview:-1"},"canonical":"https:\/\/www.urlaubcornwall.de\/blog\/massgeschneiderte-gartentouren-gartenreisen-fuer-gruppen-england\/","og_locale":"en_US","og_type":"article","og_title":"Ma\u00dfgeschneiderte Gartenreisen f\u00fcr Gruppen in England - Urlaub &amp; Reisen","og_description":"Es w\u00fcrde uns freuen, wenn wir Ihnen f\u00fcr Ihre Gruppe von 10 oder mehr Personen eine einzigartige Gartentour zusammenstellen k\u00f6nnten. Wir haben ein ausgezeichnetes Wissen bez\u00fcglich britischer und europ\u00e4ischer G\u00e4rten und k\u00f6nnen das Programm Ihren Bed\u00fcrfnissen entsprechend zuschneiden. Wir benutzen vertrauensw\u00fcrdige Firmen f\u00fcr Transport, Hotels und Gartenbesuche, und mit vielen davon arbeiten wir seit vielen [&hellip;]","og_url":"https:\/\/www.urlaubcornwall.de\/blog\/massgeschneiderte-gartentouren-gartenreisen-fuer-gruppen-england\/","og_site_name":"Urlaub &amp; Reisen","article_modified_time":"2018-07-30T07:24:25+00:00","og_image":[{"url":"https:\/\/www.urlaubcornwall.de\/blog\/wp-content\/uploads\/2018\/07\/Ma\u00dfgeschneiderte-Gartentouren-f\u00fcr-Gruppen-cornwall-england.jpg"}],"twitter_card":"summary","twitter_misc":{"Est. reading time":"1 minute"},"schema":{"@context":"https:\/\/schema.org","@graph":[{"@type":"WebSite","@id":"https:\/\/www.urlaubcornwall.de\/blog\/#website","url":"https:\/\/www.urlaubcornwall.de\/blog\/","name":"Urlaub &amp; Reisen","description":"Urlaub, Reisen, Cornwall und S\u00fcdengland: eine perfekte Kombination","potentialAction":[{"@type":"SearchAction","target":{"@type":"EntryPoint","urlTemplate":"https:\/\/www.urlaubcornwall.de\/blog\/?s={search_term_string}"},"query-input":"required name=search_term_string"}],"inLanguage":"en-US"},{"@type":"WebPage","@id":"https:\/\/www.urlaubcornwall.de\/blog\/massgeschneiderte-gartentouren-gartenreisen-fuer-gruppen-england\/","url":"https:\/\/www.urlaubcornwall.de\/blog\/massgeschneiderte-gartentouren-gartenreisen-fuer-gruppen-england\/","name":"Ma\u00dfgeschneiderte Gartenreisen f\u00fcr Gruppen in England - Urlaub &amp; Reisen","isPartOf":{"@id":"https:\/\/www.urlaubcornwall.de\/blog\/#website"},"datePublished":"2018-07-29T10:22:24+00:00","dateModified":"2018-07-30T07:24:25+00:00","breadcrumb":{"@id":"https:\/\/www.urlaubcornwall.de\/blog\/massgeschneiderte-gartentouren-gartenreisen-fuer-gruppen-england\/#breadcrumb"},"inLanguage":"en-US","potentialAction":[{"@type":"ReadAction","target":["https:\/\/www.urlaubcornwall.de\/blog\/massgeschneiderte-gartentouren-gartenreisen-fuer-gruppen-england\/"]}]},{"@type":"BreadcrumbList","@id":"https:\/\/www.urlaubcornwall.de\/blog\/massgeschneiderte-gartentouren-gartenreisen-fuer-gruppen-england\/#breadcrumb","itemListElement":[{"@type":"ListItem","position":1,"name":"Home","item":"https:\/\/www.urlaubcornwall.de\/blog\/"},{"@type":"ListItem","position":2,"name":"Ma\u00dfgeschneiderte Gartenreisen f\u00fcr Gruppen in England"}]}]}},"_links":{"self":[{"href":"https:\/\/www.urlaubcornwall.de\/blog\/wp-json\/wp\/v2\/pages\/34054"}],"collection":[{"href":"https:\/\/www.urlaubcornwall.de\/blog\/wp-json\/wp\/v2\/pages"}],"about":[{"href":"https:\/\/www.urlaubcornwall.de\/blog\/wp-json\/wp\/v2\/types\/page"}],"author":[{"embeddable":true,"href":"https:\/\/www.urlaubcornwall.de\/blog\/wp-json\/wp\/v2\/users\/1"}],"replies":[{"embeddable":true,"href":"https:\/\/www.urlaubcornwall.de\/blog\/wp-json\/wp\/v2\/comments?post=34054"}],"version-history":[{"count":3,"href":"https:\/\/www.urlaubcornwall.de\/blog\/wp-json\/wp\/v2\/pages\/34054\/revisions"}],"predecessor-version":[{"id":34063,"href":"https:\/\/www.urlaubcornwall.de\/blog\/wp-json\/wp\/v2\/pages\/34054\/revisions\/34063"}],"wp:attachment":[{"href":"https:\/\/www.urlaubcornwall.de\/blog\/wp-json\/wp\/v2\/media?parent=34054"}],"curies":[{"name":"wp","href":"https:\/\/api.w.org\/{rel}","templated":true}]}}