{"id":34051,"date":"2018-07-29T10:09:38","date_gmt":"2018-07-29T10:09:38","guid":{"rendered":"https:\/\/www.urlaubcornwall.de\/blog\/?page_id=34051"},"modified":"2018-08-01T13:28:18","modified_gmt":"2018-08-01T13:28:18","slug":"beste-jahreszeit-fuer-englische-gartenreise","status":"publish","type":"page","link":"https:\/\/www.urlaubcornwall.de\/blog\/beste-jahreszeit-fuer-englische-gartenreise\/","title":{"rendered":"Die beste Jahreszeit f\u00fcr eine englische Gartenreise"},"content":{"rendered":"<p><img loading=\"lazy\" class=\"aligncenter size-full wp-image-33998\" src=\"https:\/\/www.urlaubcornwall.de\/blog\/wp-content\/uploads\/2018\/07\/mottisfont-abbey-garten.jpg\" alt=\"beste resieszeit f\u00fcr eine englische Gartentour\" width=\"749\" height=\"560\" srcset=\"https:\/\/www.urlaubcornwall.de\/blog\/wp-content\/uploads\/2018\/07\/mottisfont-abbey-garten.jpg 747w, https:\/\/www.urlaubcornwall.de\/blog\/wp-content\/uploads\/2018\/07\/mottisfont-abbey-garten-300x225.jpg 300w\" sizes=\"(max-width: 749px) 100vw, 749px\" \/><br \/>\nUnserer Erfahrung entsprechend, ist die beste Reisezeit f\u00fcr eine englische Gartentour Juni, Juli und September. Hier finden Sie, mittels eines monatlichen F\u00fchrers, der Ihnen bei der Entscheidung helfen kann, wie Sie englische G\u00e4rten die gesamten Sommermonate hindurch genie\u00dfen k\u00f6nnen.<\/p>\n<p><strong>April&nbsp;<\/strong> w\u00e4re der erste Monat, den ich f\u00fcr Gartenbesuche in Erw\u00e4gung ziehen w\u00fcrde, und selbst dann kann es zu fr\u00fch sein, falls wir einen kalten Fr\u00fchling hatten.<\/p>\n<p><strong>Mai<\/strong>&nbsp; wegen der Azaleen in jenen G\u00e4rten mit sauren B\u00f6den. Winterharte Staudenbegrenzungen werden Bl\u00e4tter entwickeln, und ein paar Pflanzen beginnen zu bl\u00fchen, wie Geranien, Pfingstrosen und Akeleien.<\/p>\n<p><strong>Mitte Juni <\/strong>und in den Juli&nbsp; hinein aufgrund der Rosen. Ganzj\u00e4hrige Staudenbegrenzungen kommen in Gang mit einer breiten Variation bl\u00fchender Pflanzen. Bl\u00fchende Str\u00e4ucher wie Pfeifenstr\u00e4ucher befinden sich ebenfalls in voller Bl\u00fcte. Dies ist auch eine gute Zeit, um private G\u00e4rten, gro\u00dfe und kleine, zu besuchen, die Mitglieder des Nationalen Gartenschemas sind, und die normalerweise der \u00d6ffentlichkeit nicht zug\u00e4nglich sind.<\/p>\n<p><strong>Juli<\/strong> ist die Besuchszeit schlechthin, wenn Sie englische Ganzjahresstrauchbegrenzungen zu ihrer Bestzeit sehen m\u00f6chten.<\/p>\n<p><strong>August<\/strong>&nbsp; hat noch immer eine Menge an Farben vom Juli, kann jedoch ein bisschen fade und ausgetrocknet sein, wenn wir hei\u00dfes Wetter haben &#8211; verglichen mit der meines Erachtens vollen Pracht im Juni\/Juli. August ist auch im UK Sommerferienzeit, und G\u00e4rten k\u00f6nnen voller sein als zu anderen Zeiten.<\/p>\n<p><strong>September<\/strong> ist einer meiner Lieblingsmonate f\u00fcr Gartenbesuche, da die Sp\u00e4tbl\u00fcher wie Astern, Rudbeckien, Dahlien usw. das sp\u00e4tjahreszeitliche Orange, Gelb und tiefe Rott\u00f6ne produzieren, die wir mit dem Beginn des Herbstes in Verbindung bringen. Es ist auch eine sehr gute Zeit f\u00fcr Ziergr\u00e4ser. Das Wetter im fr\u00fchen September kann sehr mild und ruhig sein, und G\u00e4rten sind im Allgemeinen ruhiger.<\/p>\n<p><strong>Oktober &#8211;<\/strong> Der letzte Zeitpunkt, den ich vorschlagen w\u00fcrde, um G\u00e4rten zu besuchen, w\u00e4re Mitte Oktober. Farbe vom September ist noch vorhanden, und einige der B\u00e4ume entwickeln Herbstfarben, doch mit den Stauden ist es nun nahezu vorbei; Bl\u00e4tter und Bl\u00fcten werden braun, und die G\u00e4rten kommen langsam zur Winterruhe.<\/p>\n<p style=\"text-align: center;\"><a class=\"tidycta\" href=\"https:\/\/www.urlaubcornwall.de\/gartenreise.php\">Gartenreisen in England<\/a><\/p>\n","protected":false},"excerpt":{"rendered":"<p>Unserer Erfahrung entsprechend, ist die beste Reisezeit f\u00fcr eine englische Gartentour Juni, Juli und September. Hier finden Sie, mittels eines monatlichen F\u00fchrers, der Ihnen bei der Entscheidung helfen kann, wie Sie englische G\u00e4rten die gesamten Sommermonate hindurch genie\u00dfen k\u00f6nnen. April&nbsp; w\u00e4re der erste Monat, den ich f\u00fcr Gartenbesuche in Erw\u00e4gung ziehen w\u00fcrde, und selbst dann [&hellip;]<\/p>\n","protected":false},"author":1,"featured_media":0,"parent":0,"menu_order":0,"comment_status":"closed","ping_status":"closed","template":"single-four.php","meta":[],"acf":[],"yoast_head":"<!-- This site is optimized with the Yoast SEO plugin v19.4 - https:\/\/yoast.com\/wordpress\/plugins\/seo\/ -->\n<title>Die beste Jahreszeit f\u00fcr eine englische Gartenreise - Urlaub &amp; Reisen<\/title>\n<meta name=\"robots\" content=\"index, follow, max-snippet:-1, max-image-preview:large, max-video-preview:-1\" \/>\n<link rel=\"canonical\" href=\"https:\/\/www.urlaubcornwall.de\/blog\/beste-jahreszeit-fuer-englische-gartenreise\/\" \/>\n<meta property=\"og:locale\" content=\"en_US\" \/>\n<meta property=\"og:type\" content=\"article\" \/>\n<meta property=\"og:title\" content=\"Die beste Jahreszeit f\u00fcr eine englische Gartenreise - Urlaub &amp; Reisen\" \/>\n<meta property=\"og:description\" content=\"Unserer Erfahrung entsprechend, ist die beste Reisezeit f\u00fcr eine englische Gartentour Juni, Juli und September. Hier finden Sie, mittels eines monatlichen F\u00fchrers, der Ihnen bei der Entscheidung helfen kann, wie Sie englische G\u00e4rten die gesamten Sommermonate hindurch genie\u00dfen k\u00f6nnen. April&nbsp; w\u00e4re der erste Monat, den ich f\u00fcr Gartenbesuche in Erw\u00e4gung ziehen w\u00fcrde, und selbst dann [&hellip;]\" \/>\n<meta property=\"og:url\" content=\"https:\/\/www.urlaubcornwall.de\/blog\/beste-jahreszeit-fuer-englische-gartenreise\/\" \/>\n<meta property=\"og:site_name\" content=\"Urlaub &amp; Reisen\" \/>\n<meta property=\"article:modified_time\" content=\"2018-08-01T13:28:18+00:00\" \/>\n<meta property=\"og:image\" content=\"https:\/\/www.urlaubcornwall.de\/blog\/wp-content\/uploads\/2018\/07\/mottisfont-abbey-garten.jpg\" \/>\n<meta name=\"twitter:card\" content=\"summary\" \/>\n<meta name=\"twitter:label1\" content=\"Est. reading time\" \/>\n\t<meta name=\"twitter:data1\" content=\"2 minutes\" \/>\n<script type=\"application\/ld+json\" class=\"yoast-schema-graph\">{\"@context\":\"https:\/\/schema.org\",\"@graph\":[{\"@type\":\"WebSite\",\"@id\":\"https:\/\/www.urlaubcornwall.de\/blog\/#website\",\"url\":\"https:\/\/www.urlaubcornwall.de\/blog\/\",\"name\":\"Urlaub &amp; Reisen\",\"description\":\"Urlaub, Reisen, Cornwall und S\u00fcdengland: eine perfekte Kombination\",\"potentialAction\":[{\"@type\":\"SearchAction\",\"target\":{\"@type\":\"EntryPoint\",\"urlTemplate\":\"https:\/\/www.urlaubcornwall.de\/blog\/?s={search_term_string}\"},\"query-input\":\"required name=search_term_string\"}],\"inLanguage\":\"en-US\"},{\"@type\":\"WebPage\",\"@id\":\"https:\/\/www.urlaubcornwall.de\/blog\/beste-jahreszeit-fuer-englische-gartenreise\/\",\"url\":\"https:\/\/www.urlaubcornwall.de\/blog\/beste-jahreszeit-fuer-englische-gartenreise\/\",\"name\":\"Die beste Jahreszeit f\u00fcr eine englische Gartenreise - Urlaub &amp; Reisen\",\"isPartOf\":{\"@id\":\"https:\/\/www.urlaubcornwall.de\/blog\/#website\"},\"datePublished\":\"2018-07-29T10:09:38+00:00\",\"dateModified\":\"2018-08-01T13:28:18+00:00\",\"breadcrumb\":{\"@id\":\"https:\/\/www.urlaubcornwall.de\/blog\/beste-jahreszeit-fuer-englische-gartenreise\/#breadcrumb\"},\"inLanguage\":\"en-US\",\"potentialAction\":[{\"@type\":\"ReadAction\",\"target\":[\"https:\/\/www.urlaubcornwall.de\/blog\/beste-jahreszeit-fuer-englische-gartenreise\/\"]}]},{\"@type\":\"BreadcrumbList\",\"@id\":\"https:\/\/www.urlaubcornwall.de\/blog\/beste-jahreszeit-fuer-englische-gartenreise\/#breadcrumb\",\"itemListElement\":[{\"@type\":\"ListItem\",\"position\":1,\"name\":\"Home\",\"item\":\"https:\/\/www.urlaubcornwall.de\/blog\/\"},{\"@type\":\"ListItem\",\"position\":2,\"name\":\"Die beste Jahreszeit f\u00fcr eine englische Gartenreise\"}]}]}<\/script>\n<!-- \/ Yoast SEO plugin. -->","yoast_head_json":{"title":"Die beste Jahreszeit f\u00fcr eine englische Gartenreise - Urlaub &amp; Reisen","robots":{"index":"index","follow":"follow","max-snippet":"max-snippet:-1","max-image-preview":"max-image-preview:large","max-video-preview":"max-video-preview:-1"},"canonical":"https:\/\/www.urlaubcornwall.de\/blog\/beste-jahreszeit-fuer-englische-gartenreise\/","og_locale":"en_US","og_type":"article","og_title":"Die beste Jahreszeit f\u00fcr eine englische Gartenreise - Urlaub &amp; Reisen","og_description":"Unserer Erfahrung entsprechend, ist die beste Reisezeit f\u00fcr eine englische Gartentour Juni, Juli und September. Hier finden Sie, mittels eines monatlichen F\u00fchrers, der Ihnen bei der Entscheidung helfen kann, wie Sie englische G\u00e4rten die gesamten Sommermonate hindurch genie\u00dfen k\u00f6nnen. April&nbsp; w\u00e4re der erste Monat, den ich f\u00fcr Gartenbesuche in Erw\u00e4gung ziehen w\u00fcrde, und selbst dann [&hellip;]","og_url":"https:\/\/www.urlaubcornwall.de\/blog\/beste-jahreszeit-fuer-englische-gartenreise\/","og_site_name":"Urlaub &amp; Reisen","article_modified_time":"2018-08-01T13:28:18+00:00","og_image":[{"url":"https:\/\/www.urlaubcornwall.de\/blog\/wp-content\/uploads\/2018\/07\/mottisfont-abbey-garten.jpg"}],"twitter_card":"summary","twitter_misc":{"Est. reading time":"2 minutes"},"schema":{"@context":"https:\/\/schema.org","@graph":[{"@type":"WebSite","@id":"https:\/\/www.urlaubcornwall.de\/blog\/#website","url":"https:\/\/www.urlaubcornwall.de\/blog\/","name":"Urlaub &amp; Reisen","description":"Urlaub, Reisen, Cornwall und S\u00fcdengland: eine perfekte Kombination","potentialAction":[{"@type":"SearchAction","target":{"@type":"EntryPoint","urlTemplate":"https:\/\/www.urlaubcornwall.de\/blog\/?s={search_term_string}"},"query-input":"required name=search_term_string"}],"inLanguage":"en-US"},{"@type":"WebPage","@id":"https:\/\/www.urlaubcornwall.de\/blog\/beste-jahreszeit-fuer-englische-gartenreise\/","url":"https:\/\/www.urlaubcornwall.de\/blog\/beste-jahreszeit-fuer-englische-gartenreise\/","name":"Die beste Jahreszeit f\u00fcr eine englische Gartenreise - Urlaub &amp; Reisen","isPartOf":{"@id":"https:\/\/www.urlaubcornwall.de\/blog\/#website"},"datePublished":"2018-07-29T10:09:38+00:00","dateModified":"2018-08-01T13:28:18+00:00","breadcrumb":{"@id":"https:\/\/www.urlaubcornwall.de\/blog\/beste-jahreszeit-fuer-englische-gartenreise\/#breadcrumb"},"inLanguage":"en-US","potentialAction":[{"@type":"ReadAction","target":["https:\/\/www.urlaubcornwall.de\/blog\/beste-jahreszeit-fuer-englische-gartenreise\/"]}]},{"@type":"BreadcrumbList","@id":"https:\/\/www.urlaubcornwall.de\/blog\/beste-jahreszeit-fuer-englische-gartenreise\/#breadcrumb","itemListElement":[{"@type":"ListItem","position":1,"name":"Home","item":"https:\/\/www.urlaubcornwall.de\/blog\/"},{"@type":"ListItem","position":2,"name":"Die beste Jahreszeit f\u00fcr eine englische Gartenreise"}]}]}},"_links":{"self":[{"href":"https:\/\/www.urlaubcornwall.de\/blog\/wp-json\/wp\/v2\/pages\/34051"}],"collection":[{"href":"https:\/\/www.urlaubcornwall.de\/blog\/wp-json\/wp\/v2\/pages"}],"about":[{"href":"https:\/\/www.urlaubcornwall.de\/blog\/wp-json\/wp\/v2\/types\/page"}],"author":[{"embeddable":true,"href":"https:\/\/www.urlaubcornwall.de\/blog\/wp-json\/wp\/v2\/users\/1"}],"replies":[{"embeddable":true,"href":"https:\/\/www.urlaubcornwall.de\/blog\/wp-json\/wp\/v2\/comments?post=34051"}],"version-history":[{"count":4,"href":"https:\/\/www.urlaubcornwall.de\/blog\/wp-json\/wp\/v2\/pages\/34051\/revisions"}],"predecessor-version":[{"id":34099,"href":"https:\/\/www.urlaubcornwall.de\/blog\/wp-json\/wp\/v2\/pages\/34051\/revisions\/34099"}],"wp:attachment":[{"href":"https:\/\/www.urlaubcornwall.de\/blog\/wp-json\/wp\/v2\/media?parent=34051"}],"curies":[{"name":"wp","href":"https:\/\/api.w.org\/{rel}","templated":true}]}}