{"id":34011,"date":"2018-07-23T11:25:53","date_gmt":"2018-07-23T11:25:53","guid":{"rendered":"https:\/\/www.urlaubcornwall.de\/blog\/?page_id=34011"},"modified":"2024-05-30T14:01:13","modified_gmt":"2024-05-30T14:01:13","slug":"die-wunderschoensten-englischen-rosen","status":"publish","type":"page","link":"https:\/\/www.urlaubcornwall.de\/blog\/die-wunderschoensten-englischen-rosen\/","title":{"rendered":"Die wundersch\u00f6nsten englischen Rosen"},"content":{"rendered":"<p><a href=\"https:\/\/www.urlaubcornwall.de\/blog\/wp-content\/uploads\/2018\/07\/mottisfont-abbey-garten-rose.jpg\"><img loading=\"lazy\" class=\"alignnone size-full wp-image-34026\" src=\"https:\/\/www.urlaubcornwall.de\/blog\/wp-content\/uploads\/2018\/07\/mottisfont-abbey-garten-rose.jpg\" alt=\"mottisfont abbey garten rose\" width=\"747\" height=\"395\" srcset=\"https:\/\/www.urlaubcornwall.de\/blog\/wp-content\/uploads\/2018\/07\/mottisfont-abbey-garten-rose.jpg 747w, https:\/\/www.urlaubcornwall.de\/blog\/wp-content\/uploads\/2018\/07\/mottisfont-abbey-garten-rose-300x159.jpg 300w\" sizes=\"(max-width: 747px) 100vw, 747px\" \/><\/a><\/p>\n<p>Kein Garten w\u00e4re komplett ohne Rosen. Es gibt so viele verschiedene Variationen und Farben; einige duften und manche auch nicht. Rosen sind Englands beliebteste Gartenblume; es gibt eine Rose f\u00fcr jede Gelegenheit und jeden Garten. Am besten besucht man G\u00e4rten, die sich auf Rosen spezialisiert haben, im Juni und Juli.<\/p>\n<p>Es gibt w\u00e4hrend Ihres Urlaubs oder <a href=\"https:\/\/www.urlaubcornwall.de\/rundreisenservice.php\">Ihrer Rundreise in England<\/a> so viele G\u00e4rten zu erkunden. Damit wir Ihnen eine pers\u00f6nliche Rundreise zusammenstellen k\u00f6nnen, w\u00e4hrend der Sie diese und weitere wundervolle G\u00e4rten in S\u00fcdengland besuchen k\u00f6nnen, <a href=\"https:\/\/www.urlaubcornwall.de\/reisebuchung.php\">schicken Sie uns bitte hier eine Nachfrage.<\/a><\/p>\n<p>Hier sind ein paar der duftendsten Variationen, nach denen Sie Ausschau halten k\u00f6nnen.<\/p>\n<p><strong>Boscobel<\/strong> \u2013 Diese schnell wachsende englische Buschrose hat rote Knospen, die sich zu pinken Rosetten \u00f6ffnen mit Nuancen von Koralle, Pfirsich und Lila. Diese stark duftende Rose wurde benannt nach dem Boscobel Haus in Shropshire, wo sich K\u00f6nig Charles II im k\u00f6niglichen Eichbaum versteckte, um Oliver Cromwell zu entkommen, nachdem er in der Schlacht von Worcester im Jahre 1651 besiegt wurde.<\/p>\n<p><strong>De Rescht<\/strong> \u2013 Eine wundersch\u00f6ne Rose mit magentafarbenen Bl\u00fcten, die zur\u00fcckreicht ins 19. Jahrhundert. Sie soll in einem persischen (heute Iran) Garten entdeckt worden sein und wurde benannt nach einer Stadt in Persien und im 20. Jahrhundert ins UK zur\u00fcckgebracht. Es ist eine stark duftende Rose, die w\u00e4hrend des Sommers mehr als einmal bl\u00fcht.<\/p>\n<p><strong>Jude the Obscure<\/strong> \u2013 benannt nach Thomas Hardys umstrittener Novelle, von der eine Ausgabe vom Bischof von Wakefield verbrannt wurde. Diese wundersch\u00f6ne Rose mit weichen, pfirsichgoldenen Bl\u00fctenbl\u00e4ttern riecht so gut wie sie aussieht.<\/p>\n<p><strong>Madame Alfred Carriere<\/strong> \u2013 Eine wundersch\u00f6ne Kletterrose mit duftenden wei\u00dfen Bl\u00fcten mit einem Hauch von blassem Pink und Gelb. Die Rose wurde erstmals 1879 in Frankreich angebaut; es war die erste Kletterrose, die in den 1930ern bei <a href=\"https:\/\/www.urlaubcornwall.de\/ferienhaeuser-fewos\/eng\/kent\/sissinghurst.html\">Sissinghurst<\/a> gepflanzt wurde, und sie bedeckt heute noch immer die Mauern des South Cottage.<\/p>\n<p><strong>Munstead Wood<\/strong> \u2013 Diese Rose ist benannt nach einem der ber\u00fchmtesten G\u00e4rten in England, der Gertrude Jekyll geh\u00f6rte, der ber\u00fchmten britischen Gartendesignerin. Die Bl\u00fcten sind von sehr tiefem samtigem Karmesinrot mit heller gef\u00e4rbten \u00e4u\u00dferen Bl\u00fcten. Die herrlichen Blumen riechen nach Damaszenerpflaumen.<\/p>\n<p><strong>Fragrant Cloud<\/strong> \u2013 eine wundersch\u00f6ne Rose mit korallenroten Bl\u00fcten und s\u00fc\u00dfem Duft, die im Jahre 1981 zur weltbeliebtesten Rose gew\u00e4hlt wurde.<\/p>\n<p><strong>Desprez a Fleur Jaune <\/strong>\u2013 Eine wundersch\u00f6ne Kletterrose au\u00dferordentlicher Sch\u00f6nheit mit warmgelben Doppelbl\u00fcten, die Schattierungen in Pink, Aprikot und Creme haben. Sie bl\u00fcht bis sp\u00e4t in den Herbst hinein, und die Bl\u00fcten duften nach Erdbeeren.<\/p>\n<p><strong>Zephirine Drouhin<\/strong> \u2013 Diese wundervoll duftende, dornenlose Kletterrose hat tief rosafarbene Bl\u00fcten, die einen starken Zitrusduft haben.<\/p>\n<p><strong>Jacques Cartier<\/strong> \u2013 Eine wundersch\u00f6ne, weich pinkfarbene Rose, deren Bl\u00fcten aus vielen Bl\u00fctenbl\u00e4ttern bestehen. Sie eignet sich perfekt f\u00fcr jeden englischen Cottagegarten und hat einen wundervollen s\u00fc\u00dfen Duft.<\/p>\n<p><strong>The Poet\u2019s Wife<\/strong> \u2013 Diese englische Buschrose hat sonnengelbe Bl\u00fcten, die wundersch\u00f6n geformt sind. Sie wurde erstmals im Jahre 2014 angebaut und hat einen erstaunlich vollen Duft von Pfirsichen und Zitronen.<\/p>\n<p><a href=\"https:\/\/www.urlaubcornwall.de\/blog\/die-wunderschoensten-englischen-rosengaerten-gartenreisen\/\">Die wundersch\u00f6nsten englischen Roseng\u00e4rten in England &gt;<\/a><\/p>\n<p style=\"text-align: center;\"><a class=\"tidycta\" href=\"https:\/\/www.urlaubcornwall.de\/gartenreise.php\">Gartenreisen in England<\/a><\/p>\n","protected":false},"excerpt":{"rendered":"<p>Kein Garten w\u00e4re komplett ohne Rosen. Es gibt so viele verschiedene Variationen und Farben; einige duften und manche auch nicht. Rosen sind Englands beliebteste Gartenblume; es gibt eine Rose f\u00fcr jede Gelegenheit und jeden Garten. Am besten besucht man G\u00e4rten, die sich auf Rosen spezialisiert haben, im Juni und Juli. Es gibt w\u00e4hrend Ihres Urlaubs [&hellip;]<\/p>\n","protected":false},"author":1,"featured_media":0,"parent":0,"menu_order":0,"comment_status":"closed","ping_status":"closed","template":"single-four.php","meta":[],"acf":[],"yoast_head":"<!-- This site is optimized with the Yoast SEO plugin v19.4 - https:\/\/yoast.com\/wordpress\/plugins\/seo\/ -->\n<title>Die wundersch\u00f6nsten englischen Rosen - Urlaub &amp; Reisen<\/title>\n<meta name=\"robots\" content=\"index, follow, max-snippet:-1, max-image-preview:large, max-video-preview:-1\" \/>\n<link rel=\"canonical\" href=\"https:\/\/www.urlaubcornwall.de\/blog\/die-wunderschoensten-englischen-rosen\/\" \/>\n<meta property=\"og:locale\" content=\"en_US\" \/>\n<meta property=\"og:type\" content=\"article\" \/>\n<meta property=\"og:title\" content=\"Die wundersch\u00f6nsten englischen Rosen - Urlaub &amp; Reisen\" \/>\n<meta property=\"og:description\" content=\"Kein Garten w\u00e4re komplett ohne Rosen. Es gibt so viele verschiedene Variationen und Farben; einige duften und manche auch nicht. Rosen sind Englands beliebteste Gartenblume; es gibt eine Rose f\u00fcr jede Gelegenheit und jeden Garten. Am besten besucht man G\u00e4rten, die sich auf Rosen spezialisiert haben, im Juni und Juli. Es gibt w\u00e4hrend Ihres Urlaubs [&hellip;]\" \/>\n<meta property=\"og:url\" content=\"https:\/\/www.urlaubcornwall.de\/blog\/die-wunderschoensten-englischen-rosen\/\" \/>\n<meta property=\"og:site_name\" content=\"Urlaub &amp; Reisen\" \/>\n<meta property=\"article:modified_time\" content=\"2024-05-30T14:01:13+00:00\" \/>\n<meta property=\"og:image\" content=\"https:\/\/www.urlaubcornwall.de\/blog\/wp-content\/uploads\/2018\/07\/mottisfont-abbey-garten-rose.jpg\" \/>\n<meta name=\"twitter:card\" content=\"summary\" \/>\n<meta name=\"twitter:label1\" content=\"Est. reading time\" \/>\n\t<meta name=\"twitter:data1\" content=\"5 minutes\" \/>\n<script type=\"application\/ld+json\" class=\"yoast-schema-graph\">{\"@context\":\"https:\/\/schema.org\",\"@graph\":[{\"@type\":\"WebSite\",\"@id\":\"https:\/\/www.urlaubcornwall.de\/blog\/#website\",\"url\":\"https:\/\/www.urlaubcornwall.de\/blog\/\",\"name\":\"Urlaub &amp; Reisen\",\"description\":\"Urlaub, Reisen, Cornwall und S\u00fcdengland: eine perfekte Kombination\",\"potentialAction\":[{\"@type\":\"SearchAction\",\"target\":{\"@type\":\"EntryPoint\",\"urlTemplate\":\"https:\/\/www.urlaubcornwall.de\/blog\/?s={search_term_string}\"},\"query-input\":\"required name=search_term_string\"}],\"inLanguage\":\"en-US\"},{\"@type\":\"WebPage\",\"@id\":\"https:\/\/www.urlaubcornwall.de\/blog\/die-wunderschoensten-englischen-rosen\/\",\"url\":\"https:\/\/www.urlaubcornwall.de\/blog\/die-wunderschoensten-englischen-rosen\/\",\"name\":\"Die wundersch\u00f6nsten englischen Rosen - Urlaub &amp; Reisen\",\"isPartOf\":{\"@id\":\"https:\/\/www.urlaubcornwall.de\/blog\/#website\"},\"datePublished\":\"2018-07-23T11:25:53+00:00\",\"dateModified\":\"2024-05-30T14:01:13+00:00\",\"breadcrumb\":{\"@id\":\"https:\/\/www.urlaubcornwall.de\/blog\/die-wunderschoensten-englischen-rosen\/#breadcrumb\"},\"inLanguage\":\"en-US\",\"potentialAction\":[{\"@type\":\"ReadAction\",\"target\":[\"https:\/\/www.urlaubcornwall.de\/blog\/die-wunderschoensten-englischen-rosen\/\"]}]},{\"@type\":\"BreadcrumbList\",\"@id\":\"https:\/\/www.urlaubcornwall.de\/blog\/die-wunderschoensten-englischen-rosen\/#breadcrumb\",\"itemListElement\":[{\"@type\":\"ListItem\",\"position\":1,\"name\":\"Home\",\"item\":\"https:\/\/www.urlaubcornwall.de\/blog\/\"},{\"@type\":\"ListItem\",\"position\":2,\"name\":\"Die wundersch\u00f6nsten englischen Rosen\"}]}]}<\/script>\n<!-- \/ Yoast SEO plugin. -->","yoast_head_json":{"title":"Die wundersch\u00f6nsten englischen Rosen - Urlaub &amp; Reisen","robots":{"index":"index","follow":"follow","max-snippet":"max-snippet:-1","max-image-preview":"max-image-preview:large","max-video-preview":"max-video-preview:-1"},"canonical":"https:\/\/www.urlaubcornwall.de\/blog\/die-wunderschoensten-englischen-rosen\/","og_locale":"en_US","og_type":"article","og_title":"Die wundersch\u00f6nsten englischen Rosen - Urlaub &amp; Reisen","og_description":"Kein Garten w\u00e4re komplett ohne Rosen. Es gibt so viele verschiedene Variationen und Farben; einige duften und manche auch nicht. Rosen sind Englands beliebteste Gartenblume; es gibt eine Rose f\u00fcr jede Gelegenheit und jeden Garten. Am besten besucht man G\u00e4rten, die sich auf Rosen spezialisiert haben, im Juni und Juli. Es gibt w\u00e4hrend Ihres Urlaubs [&hellip;]","og_url":"https:\/\/www.urlaubcornwall.de\/blog\/die-wunderschoensten-englischen-rosen\/","og_site_name":"Urlaub &amp; Reisen","article_modified_time":"2024-05-30T14:01:13+00:00","og_image":[{"url":"https:\/\/www.urlaubcornwall.de\/blog\/wp-content\/uploads\/2018\/07\/mottisfont-abbey-garten-rose.jpg"}],"twitter_card":"summary","twitter_misc":{"Est. reading time":"5 minutes"},"schema":{"@context":"https:\/\/schema.org","@graph":[{"@type":"WebSite","@id":"https:\/\/www.urlaubcornwall.de\/blog\/#website","url":"https:\/\/www.urlaubcornwall.de\/blog\/","name":"Urlaub &amp; Reisen","description":"Urlaub, Reisen, Cornwall und S\u00fcdengland: eine perfekte Kombination","potentialAction":[{"@type":"SearchAction","target":{"@type":"EntryPoint","urlTemplate":"https:\/\/www.urlaubcornwall.de\/blog\/?s={search_term_string}"},"query-input":"required name=search_term_string"}],"inLanguage":"en-US"},{"@type":"WebPage","@id":"https:\/\/www.urlaubcornwall.de\/blog\/die-wunderschoensten-englischen-rosen\/","url":"https:\/\/www.urlaubcornwall.de\/blog\/die-wunderschoensten-englischen-rosen\/","name":"Die wundersch\u00f6nsten englischen Rosen - Urlaub &amp; Reisen","isPartOf":{"@id":"https:\/\/www.urlaubcornwall.de\/blog\/#website"},"datePublished":"2018-07-23T11:25:53+00:00","dateModified":"2024-05-30T14:01:13+00:00","breadcrumb":{"@id":"https:\/\/www.urlaubcornwall.de\/blog\/die-wunderschoensten-englischen-rosen\/#breadcrumb"},"inLanguage":"en-US","potentialAction":[{"@type":"ReadAction","target":["https:\/\/www.urlaubcornwall.de\/blog\/die-wunderschoensten-englischen-rosen\/"]}]},{"@type":"BreadcrumbList","@id":"https:\/\/www.urlaubcornwall.de\/blog\/die-wunderschoensten-englischen-rosen\/#breadcrumb","itemListElement":[{"@type":"ListItem","position":1,"name":"Home","item":"https:\/\/www.urlaubcornwall.de\/blog\/"},{"@type":"ListItem","position":2,"name":"Die wundersch\u00f6nsten englischen Rosen"}]}]}},"_links":{"self":[{"href":"https:\/\/www.urlaubcornwall.de\/blog\/wp-json\/wp\/v2\/pages\/34011"}],"collection":[{"href":"https:\/\/www.urlaubcornwall.de\/blog\/wp-json\/wp\/v2\/pages"}],"about":[{"href":"https:\/\/www.urlaubcornwall.de\/blog\/wp-json\/wp\/v2\/types\/page"}],"author":[{"embeddable":true,"href":"https:\/\/www.urlaubcornwall.de\/blog\/wp-json\/wp\/v2\/users\/1"}],"replies":[{"embeddable":true,"href":"https:\/\/www.urlaubcornwall.de\/blog\/wp-json\/wp\/v2\/comments?post=34011"}],"version-history":[{"count":7,"href":"https:\/\/www.urlaubcornwall.de\/blog\/wp-json\/wp\/v2\/pages\/34011\/revisions"}],"predecessor-version":[{"id":51093,"href":"https:\/\/www.urlaubcornwall.de\/blog\/wp-json\/wp\/v2\/pages\/34011\/revisions\/51093"}],"wp:attachment":[{"href":"https:\/\/www.urlaubcornwall.de\/blog\/wp-json\/wp\/v2\/media?parent=34011"}],"curies":[{"name":"wp","href":"https:\/\/api.w.org\/{rel}","templated":true}]}}