{"id":34006,"date":"2018-07-23T08:24:14","date_gmt":"2018-07-23T08:24:14","guid":{"rendered":"https:\/\/www.urlaubcornwall.de\/blog\/?page_id=34006"},"modified":"2026-01-06T14:13:49","modified_gmt":"2026-01-06T14:13:49","slug":"die-besten-straende-und-kuesten-orte-in-der-naehe-london","status":"publish","type":"page","link":"https:\/\/www.urlaubcornwall.de\/blog\/die-besten-straende-und-kuesten-orte-in-der-naehe-london\/","title":{"rendered":"Die besten Str\u00e4nde und K\u00fcsten-Orte in der N\u00e4he London"},"content":{"rendered":"<p>England &nbsp;ist zu Recht bekannt f\u00fcr seine vielf\u00e4ltige und <a href=\"https:\/\/www.urlaubcornwall.de\/reiseziel\/suedkueste-england.php\">wundersch\u00f6ne K\u00fcste<\/a>, und einige seiner besten Str\u00e4nde befinden sich im Umkreis von zwei Stunden von London entfernt. Sie k\u00f6nnen die frische Meeresluft einatmen, traditionellen \u201cfish and chips\u201d genie\u00dfen und an einem dieser feinen Str\u00e4nde Ihre Zehen ins Meer tauchen. Genie\u00dfen Sie Ihren englischen Urlaub am Meer in einem von mehr als 300 handverlesenen <a href=\"https:\/\/www.urlaubcornwall.de\/ferienhaeuser\/suedengland-am-meer.php\">Ferienh\u00e4usern am Meer<\/a>.<\/p>\n<p style=\"text-align: center;\"><strong>Unser Top 7<\/strong><\/p>\n<p style=\"text-align: center;\">\n\t\t<strong><br \/>\n\t\t\t<a href=\"#brighton\" title=\"Brighton\">Brighton<\/a> |<br \/>\n\t\t\t<a href=\"#eastbourne\" title=\"Eastbourne\">Eastbourne<\/a> |<br \/>\n\t\t\t<a href=\"#whitstable\" title=\"Whitstable\">Whitstable<\/a> |<br \/>\n\t\t\t<a href=\"#margate\" title=\"Margate\">Margate<\/a> |<br \/>\n\t\t\t<a href=\"#westwittering\" title=\"West Wittering\">West Wittering<\/a> |<br \/>\n                        <a href=\"#cambersands\" title=\"Camber Sands\">Camber Sands<\/a> |<br \/>\n\t\t\t<a href=\"#bournemouth\" title=\"Bournemouth\">Bournemouth<\/a><br \/>\n\t\t<\/strong>\n\t<\/p>\n<p><img loading=\"lazy\" class=\"aligncenter size-full wp-image-33960\" src=\"https:\/\/www.urlaubcornwall.de\/blog\/wp-content\/uploads\/2018\/07\/urlaub-brighton-am-meer.jpg\" alt=\"urlaub brighton am meer\" width=\"748\" height=\"390\"\/><\/p>\n<h2 id=\"brighton\">Brighton &#8211; \u201eLondon am Meer\u201c<\/h2>\n<p><a href=\"https:\/\/www.urlaubcornwall.de\/blog\/urlaub-in-brighton-sussex-sehenswuerdigkeiten-unterkunft-und-geschichte\/\">Englands coolste K\u00fcstenstadt<\/a> ist eine eklektische Mischung pr\u00e4chtiger Regentschaftspl\u00e4tze, engen G\u00e4sschen mit kleinen Boutiquen, traditionellen \u201efish and chips\u201c Gesch\u00e4ften und einer lebendigen Klubszene. Das Gebiet des Stadtzentrums ist gepr\u00e4gt vom indisch inspirierten K\u00f6niglichen Pavillon, der f\u00fcr George V erbaut wurde, sowie einem Pier mit traditionellen Karussellen, das Wahrzeichen ist.<\/p>\n<p>Machen Sie einen Spaziergang am Strand zum British Airways i360 Turm mit seinem Panoramablick \u00fcber die K\u00fcste von Sussex und dar\u00fcber hinaus und verbringen Sie Zeit damit, die Str\u00e4\u00dfchen zu erkunden, ein betriebsames Netz an Stra\u00dfen mit Brightons besten Gesch\u00e4ften, Caf\u00e9s und Bars.<\/p>\n<p><strong>So gelangen Sie dorthin: <\/strong>Von Zentrallondon aus k\u00f6nnen Sie mit dem Auto in ungef\u00e4hr 2 Stunden an Brightons Ufer sein. Direktz\u00fcge fahren sowohl von <a href=\"https:\/\/www.urlaubcornwall.de\/blog\/ferienhaeuser-in-der-naehe-von-london\/\">London<\/a> Victoria als auch London Bridge aus, und die Fahrt betr\u00e4gt zwischen 55 Minuten und 1 Stunde. Der Strand befindet sich einen ungef\u00e4hr 10min\u00fctigen Spaziergang vom Bahnhof aus.<\/p>\n<p><strong>Unterk\u00fcnfte in Brighton<\/strong> &#8211; <a href=\"https:\/\/www.urlaubcornwall.de\/ferienhaeuser-fewos\/eng\/sussex\/brighton.html\">Ferienh\u00e4user, Ferienwohnungen &#038; Cottages<\/a><\/p>\n<h2 id=\"eastbourne\">Eastbourne, Ost Sussex<\/h2>\n<p>Eastbourne hat eine feine, nahezu 5km lange Promenade mit feinen viktorianischen Geb\u00e4uden entlang der Promenade. Die Stadt verdankt ihre Existenz dem 7. Herzog von Devonshire, der die Stadt in den 1850ern entwickelte. Es ist der zweitgr\u00f6\u00dfte Badeort von <a href=\"https:\/\/www.urlaubcornwall.de\/blog\/reiseziel-sussex\/\">Sussex<\/a> neben <a href=\"https:\/\/www.urlaubcornwall.de\/blog\/urlaub-in-brighton-sussex-sehenswuerdigkeiten-unterkunft-und-geschichte\/\">Brighton<\/a> und hat f\u00fcr Jedermann etwas zu bieten.<\/p>\n<p>Beachy Head bei Eastbourne ist die h\u00f6chste Kalkklippe Britanniens mit bis zu 162 Metern \u00fcber dem Meeresspiegel. An einem klaren Tag k\u00f6nnen Sie bis nach Dungeness im Osten und der Isle of Wight im Westen sehen. Der Klippenrand ist uneingez\u00e4unt, insofern ist Vorsicht beim Wandern angesagt. Unterhalb der Klippe befindet sich ein rot-wei\u00dfer Leuchtturm, und mit seinen 43m wirkt er im Vergleich zu Beachy Head wie ein Zwerg.<\/p>\n<p><strong>So gelangen Sie dorthin: <\/strong>Von Zentrallondon aus k\u00f6nnen Sie mit dem Auto in etwas mehr als 2 Stunden an&nbsp; Eastbournes Ufer sein. Direktz\u00fcge fahren sowohl von <a href=\"https:\/\/www.urlaubcornwall.de\/blog\/ferienhaeuser-in-der-naehe-von-london\/\">London<\/a> Victoria als auch London Bridge aus, und die Fahrt betr\u00e4gt zwischen 55 Minuten und 1 Stunde.&nbsp;Der Strand befindet sich einen ungef\u00e4hr 10min\u00fctigen Spaziergang vom Bahnhof aus.<\/p>\n<p><strong>Unterk\u00fcnfte in Eastbourne<\/strong> &#8211; <a href=\"https:\/\/www.urlaubcornwall.de\/ferienhaeuser-fewos\/eng\/sussex\/eastbourne.html\">Ferienh\u00e4user, Ferienwohnungen &#038; Cottages<\/a><\/p>\n<p><a href=\"https:\/\/www.urlaubcornwall.de\/blog\/wp-content\/uploads\/2024\/05\/whitstable.jpg\"><img loading=\"lazy\" src=\"https:\/\/www.urlaubcornwall.de\/blog\/wp-content\/uploads\/2024\/05\/whitstable.jpg\" alt=\"whitstable\" width=\"750\" height=\"512\" class=\"alignnone size-full wp-image-51094\" srcset=\"https:\/\/www.urlaubcornwall.de\/blog\/wp-content\/uploads\/2024\/05\/whitstable.jpg 750w, https:\/\/www.urlaubcornwall.de\/blog\/wp-content\/uploads\/2024\/05\/whitstable-300x205.jpg 300w\" sizes=\"(max-width: 750px) 100vw, 750px\" \/><\/a><\/p>\n<h2 id=\"whitstable\">Whitstable, Kent<\/h2>\n<p>Dieser Hotspot an der K\u00fcste in Nord-Kent ist ein h\u00fcbscher K\u00fcstenurlaubsort mit langen Kieselstr\u00e4nden und Wetterh\u00e4uschen und bunten Strandh\u00fctten im Hintergrund. Machen Sie einen Spaziergang in der Brise entlang der Uferpromenade, bevor Sie die pastellfarbenen Geschenkel\u00e4den, Caf\u00e9s und Delikatessengesch\u00e4fte erkunden, die sich entlang der altmodischen Hauptstra\u00dfe befinden. Bei Whitstable werden seit r\u00f6mischen Zeiten Austern geerntet. Gehen Sie also nicht, ohne einige in einem der vielen gro\u00dfartigen Restaurants probiert zu haben, wie der <a href=\"http:\/\/whitstableoystercompany.com\/\">Whitsable Oyster Company<\/a>. Aktive Menschen k\u00f6nnen sich ein Rad leihen und loslegen auf dem <a href=\"https:\/\/www.sustrans.org.uk\/ncn\/map\/route\/crab-winkle-way\">Crab &amp; Winkle Way<\/a>, einem 7 Meilen langen Radweg, der Whitstable mit der alten Stadt Canterbury und ihrer als Weltkulturerbe aufgef\u00fchrten Kathedrale verbindet.<\/p>\n<div class=\"snippet\"> <a class=\"featured-item\" href=\"https:\/\/www.urlaubcornwall.de\/ferienhaeuser\/suedengland.php\"> <span class=\"image-holder\" style=\"background-image: url('https:\/\/www.urlaubcornwall.de\/blog\/wp-content\/uploads\/2018\/11\/landhaus-cornwall-1.jpg');\"><\/span> <span class=\"featured-content\"> \n<h2 class=\"featured-title\">Ferienh\u00e4user in England am Meer<\/h2>\n<p class=\"featured-body\">Bei uns finden Sie Ferienh\u00e4user zum Verlieben &#8211; so einfach ist das! Dank seiner langen Geschichte, der reizvollen Landschaften und seinen vielen Attraktionen ist S\u00fcdengland ein wahres Mekka f\u00fcr Urlauber. F\u00fcr Familien und Paare ist die Reise durch Kent, den Garten Englands, die Sussex Downs, die uralten Grafschaften von Hampshire und Dorset&#8230;.<\/p><\/span> <span class=\"featured-link-holder\"> <span class=\"featured-extra-info\"> \n<p>F\u00fcr Paare, Familien &#038; Gruppen<\/p>\n<\/span> \n<p class=\"featured-link\">DETAILS<\/p>\n<\/span> <\/a><\/div>\n<p><strong>Und so gelangen Sie dorthin:<\/strong> Whitstable befindet sich eine weniger als 2st\u00fcndige Autofahrt von London entfernt. Die schnellsten Z\u00fcge fahren direkt entweder vom St Pancras Bahnhof (1 Stunde und 15 Minuten) oder von der Victoria Station aus (1 Stunde und 25 Minuten). Der Strand befindet sich einen ca. 15min\u00fctigen Spaziergang vom Bahnhof aus.<\/p>\n<p><strong>Unterk\u00fcnfte in Whitstable<\/strong> &#8211; <a href=\"https:\/\/www.urlaubcornwall.de\/ferienhaeuser-fewos\/eng\/kent\/whitstable.html\">Ferienh\u00e4user, Ferienwohnungen &#038; Cottages<\/a><\/p>\n<p><img loading=\"lazy\" class=\"aligncenter size-full wp-image-24589\" src=\"https:\/\/www.urlaubcornwall.de\/blog\/wp-content\/uploads\/2016\/06\/margate-strand.jpg\" alt=\"margate-strand-hotels-am meer\" width=\"749\" height=\"404\"\/><\/p>\n<h2 id=\"margate\">Margate, Kent<\/h2>\n<p>Seit mehr als 200 Jahren zieht <a href=\"https:\/\/www.urlaubcornwall.de\/blog\/margate-kent-unterkunft-sehenswuerdigkeiten-und-geschichte\/\">Margate Urlauber<\/a> an seinen herrlichen sichelf\u00f6rmigen Sandstrand an. Diese zeitlose englische Stadt am Meer an der K\u00fcste Kents kombiniert den Charme der guten alten Welt mit der Kultur des 21. Jahrhunderts. Vor dem Zeitalter der Eisenbahn kamen Londoner auf dem Seewege nach Margate, auf Dampfbooten, die am Steinsteg anlegten, der als Margate Pier bekannt ist und 1815 erbaut wurde.<\/p>\n<p>Die Turner Contemporary ist die f\u00fchrende Kunstgalerie im S\u00fcdosten Englands. Sie wurde 2011 er\u00f6ffnet, und inspiriert von JMW Turner pr\u00e4sentiert die Galerie zeitgen\u00f6ssische und historische Kunst in herrlicher Lage am Meer. Die Galerie befindet sich an der Promenade von Margate, genau dort, wo Turner wohnte, als er die Stadt besuchte. Der Eintritt ist frei.<\/p>\n<p>Dreamland war der urspr\u00fcngliche Vergn\u00fcgungspark des UK und wurde 2015 wiederer\u00f6ffnet, nachdem es stilvoll restauriert und nachgebildet wurde. Es gibt Retro-Kirmesfahrgesch\u00e4fte, klassische Diashows und s\u00e4mtliche Freuden eines britischen Urlaubs am Meer.<\/p>\n<p><strong>So gelangen Sie dorthin: <\/strong>Direktz\u00fcge nach Margate fahren vom St Pancras Bahnhof aus, und die Fahrt dauert ungef\u00e4hr 90 Minuten. Der Strand befindet sich einen ca. 5min\u00fctigen Spaziergang vom Bahnhof aus. Margate ist ungef\u00e4hr 2 Autostunden von London entfernt.<\/p>\n<p><strong>Unterk\u00fcnfte in Margate<\/strong> &#8211; <a href=\"https:\/\/www.urlaubcornwall.de\/ferienhaeuser-fewos\/eng\/kent\/margate.html\">Ferienh\u00e4user, Ferienwohnungen &#038; Cottages<\/a><\/p>\n<h2 id=\"westwittering\">West Wittering, West Sussex<\/h2>\n<p>In einem Gebiet besonderer Natursch\u00f6nheit an <a href=\"https:\/\/www.urlaubcornwall.de\/reiseziel\/sussex.php\">Englands S\u00fcdk\u00fcste in Sussex<\/a> gelegen, ist West Wittering ein ausgedehnter Sandstrand mit Blick \u00fcber den Chichester Hafen. Mit seiner blauen Flagge als Auszeichnung f\u00fcr seinen sauberen Strand und sicheres Badewasser ist er einer der feinsten Str\u00e4nde des Landes und zieht das ganze Jahr \u00fcber Tagesausfl\u00fcgler an. Familien str\u00f6men hierher, um an den grasbewachsenen Ufern zu picknicken und in den niederen Lagunen bei Ebbe herumzuplanschen.<\/p>\n<p>Der Strand ist bei Wind- und Drachensurfern beliebt, es gibt direkt am Strand eine H\u00fctte, wo Sie Ausr\u00fcstung mieten oder Unterrichtsstunden buchen k\u00f6nnen; versuchen Sie es also. Es gibt ein kleines Caf\u00e9, das Speiseeis und Tee serviert, jedoch im Winter nur an Wochenenden ge\u00f6ffnet hat. Die <a href=\"https:\/\/www.urlaubcornwall.de\/blog\/urlaub-in-chichester-sussex-sehenswuerdigkeiten-unterkunft-und-geschichte\/\">h\u00fcbsche georgianische Marktstadt Chichester <\/a>befindet sich weniger als 10 Meilen entfernt und ist ein beliebtes Einkaufsziel mit einer Menge Einzelh\u00e4ndlern.<\/p>\n<p><strong>So gelangen Sie dorthin:<\/strong> West Wittering liegt ungef\u00e4hr 2 Autostunden von London entfernt. Direktz\u00fcge nach Chichester fahren von der Victoria Station aus und brauchen ungef\u00e4hr 90 Minuten.<\/p>\n<p><strong>Unterk\u00fcnfte in Sussex am Meer<\/strong> &#8211; <a href=\"https:\/\/www.urlaubcornwall.de\/ferienhaeuser-fewos\/eng\/sussex\/sussex-am-meer.html\">Ferienh\u00e4user, Ferienwohnungen &#038; Cottages<\/a><\/p>\n<p><img loading=\"lazy\" class=\"aligncenter size-full wp-image-47888\" src=\"https:\/\/www.urlaubcornwall.de\/blog\/wp-content\/uploads\/2024\/03\/camber-sands.jpg\" alt=\"camber sands\" width=\"750\" height=\"563\" srcset=\"https:\/\/www.urlaubcornwall.de\/blog\/wp-content\/uploads\/2024\/03\/camber-sands.jpg 750w, https:\/\/www.urlaubcornwall.de\/blog\/wp-content\/uploads\/2024\/03\/camber-sands-300x225.jpg 300w\" sizes=\"(max-width: 750px) 100vw, 750px\" \/><\/p>\n<h2 id=\"cambersands\">Camber Sands, Ost-Sussex<\/h2>\n<p>Mit imposanten Sandd\u00fcnen im Hintergrund ist Camber Sands ein riesiger Strand, wo sich der weich goldene Sand&nbsp;\u00fcber ungef\u00e4hr 7 Meilen erstreckt. Die niedrigen Gew\u00e4sser sind ideal zum Paddeln und die Bedingungen perfekt zum Windsurfen, Kitesurfen und Segeln. Schauen Sie die Gezeiten nach, bevor Sie dorthin fahren, wenn Sie schwimmen wollen; bei Ebbe k\u00f6nnen Sie einen Kilometer lang wandern, um den Wasserrand zu erreichen. <\/p>\n<div class=\"snippet\"> <a class=\"featured-item\" href=\" https:\/\/www.urlaubcornwall.de\/rundreisen\/cornwall-suedengland.php\"> <span class=\"image-holder\" style=\"background-image: url(' https:\/\/www.urlaubcornwall.de\/blog\/wp-content\/uploads\/2018\/11\/rundreise-cornwall.jpg ');\"><\/span> <span class=\"featured-content\"> \n<h2 class=\"featured-title\">Individuelle Rundreise in Cornwall &#038; S\u00fcdengland<\/h2>\n<p class=\"featured-body\"> Bei dieser Cornwall Rundreise entdecken Sie die H\u00f6hepunkte S\u00fcdenglands. Kultur, Geschichte, Landschaft und heutiges Leben werden Sie hierbei kennenlernen&#8230;<\/p>\n<\/span> <span class=\"featured-link-holder\"> <span class=\"featured-extra-info\"> \n<p>Urlaub im eigenen Schritttempo<\/p>\n<\/span> \n<p class=\"featured-link\">DETAILS<\/p>\n<\/span> <\/a><\/div>\n<p>Die Sandd\u00fcnen bieten nat\u00fcrlichen Wohnraum f\u00fcr eine Vielzahl an Tieren und Pflanzen, und ein gro\u00dfer Abschnitt gilt als Naturreservat. Der Strand befindet sich ungef\u00e4hr 4 Meilen von <a href=\"https:\/\/www.urlaubcornwall.de\/blog\/urlaub-in-rye-sussex-sehenswuerdigkeiten-unterkunft-und-geschichte\/\">Rye<\/a> entfernt, einer urigen mittelalterlichen Stadt auf dem H\u00fcgel mit einer Burg des 13. Jahrhunderts und gepflasterten Gassen mit schiefen H\u00e4usern.<\/p>\n<p><strong>So gelangen Sie dorthin:<\/strong> Camber Sands befindet sich ungef\u00e4hr 2 Autostunden von London entfernt. Z\u00fcge \u00fcber Ashford International fahren vom St Pancras Bahnhof aus und brauchen ungef\u00e4hr eine Stunde. Ein regelm\u00e4\u00dfig verkehrender Busservice verl\u00e4uft vom Stadtzentrum zum Strand.<\/p>\n<p><strong>Unterk\u00fcnfte in Camber Sands<\/strong> &#8211; <a href=\"https:\/\/www.urlaubcornwall.de\/ferienhaeuser-fewos\/eng\/sussex\/camber.html\">Ferienh\u00e4user, Ferienwohnungen &#038; Cottages<\/a><\/p>\n<p><a href=\"https:\/\/www.urlaubcornwall.de\/blog\/wp-content\/uploads\/2024\/05\/bournemouth-dorset.jpg\"><img loading=\"lazy\" src=\"https:\/\/www.urlaubcornwall.de\/blog\/wp-content\/uploads\/2024\/05\/bournemouth-dorset.jpg\" alt=\"bournemouth dorset\" width=\"750\" height=\"500\" class=\"alignnone size-full wp-image-50455\" srcset=\"https:\/\/www.urlaubcornwall.de\/blog\/wp-content\/uploads\/2024\/05\/bournemouth-dorset.jpg 750w, https:\/\/www.urlaubcornwall.de\/blog\/wp-content\/uploads\/2024\/05\/bournemouth-dorset-300x200.jpg 300w\" sizes=\"(max-width: 750px) 100vw, 750px\" \/><\/a><\/p>\n<h2 id=\"Bournemouth\">Bournemouth, Dorset<\/h2>\n<p><a href=\"https:\/\/www.urlaubcornwall.de\/blog\/urlaub-bournemouth-unterkunft-sehenswuerdigkeiten-und-geschichte\/\">Bournemouths<\/a> sieben Meilen langer Abschnitt weichen goldenen Sandes zieht das ganze Jahr \u00fcber Sonnenhungrige, Spa\u00df liebende Familien und Fans der Wassersportarten an. Dieser Urlaubsort an der S\u00fcdk\u00fcste gewann im 18. Jahrhundert zunehmend an Beliebtheit, als reiche Viktorianer und Mitglieder der k\u00f6niglichen Familie hierher str\u00f6mten, um die heilsamen Vorz\u00fcge des Meeres zu nutzen. Es gibt jede Menge viktorianischer Architektur, sowie die pr\u00e4chtige \u00fcberdachte Einkaufsarkade im Stadtzentrum.<\/p>\n<p>Das Bournemouth Pier wurde urspr\u00fcnglich 1880 er\u00f6ffnet; es ist 304,8m lang und stellt einen unabdingbaren Teil eines jeden Besuches in Bournemouth dar. Am Ende des Piers befand sich einst ein Theater, doch ist es heute Rock Reef, ein \u00fcberdachtes Kletterzentrum, das auch das erste Pier zum Ufer Zip-Wire der Welt hat.<\/p>\n<p><strong>So gelangen Sie dorthin: <\/strong>Bournemouth befindet sich ungef\u00e4hr 2 Autostunden von London entfernt.&nbsp;Direktz\u00fcge nach Bournemouth fahren von der Waterloo Station aus und brauchen lediglich knapp 2 Stunden. Der Strand befindet sich einen ca. 20min\u00fctigen Spaziergang vom Bahnhof aus.<\/p>\n<p><strong>Unterk\u00fcnfte in Bournemouth<\/strong> &#8211; <a href=\"https:\/\/www.urlaubcornwall.de\/ferienhaeuser-fewos\/eng\/hampshire\/bournemouth.html\">Ferienh\u00e4user, Ferienwohnungen &#038; Cottages<\/a><\/p>\n<p>Wenn Sie in <a href=\"https:\/\/www.urlaubcornwall.de\/ferienhaeuser\/cornwall.php\">Cornwall<\/a> und <a href=\"https:\/\/www.urlaubcornwall.de\/ferienhaeuser\/suedengland.php\">S\u00fcdengland<\/a> kommen und darauf brennen, ins Wasser zu gehen, ist dies die Liste f\u00fcr Sie. Wir haben eine <a href=\"https:\/\/www.urlaubcornwall.de\/blog\/die-besten-schwimmstraende-in-cornwall-suedengland\/\">Liste der besten Schwimmstr\u00e4nde<\/a> zusammengestellt, so dass Sie gleich in Aktion treten k\u00f6nnen.<\/p>\n","protected":false},"excerpt":{"rendered":"<p>England &nbsp;ist zu Recht bekannt f\u00fcr seine vielf\u00e4ltige und wundersch\u00f6ne K\u00fcste, und einige seiner besten Str\u00e4nde befinden sich im Umkreis von zwei Stunden von London entfernt. Sie k\u00f6nnen die frische Meeresluft einatmen, traditionellen \u201cfish and chips\u201d genie\u00dfen und an einem dieser feinen Str\u00e4nde Ihre Zehen ins Meer tauchen. Genie\u00dfen Sie Ihren englischen Urlaub am Meer [&hellip;]<\/p>\n","protected":false},"author":1,"featured_media":0,"parent":0,"menu_order":0,"comment_status":"closed","ping_status":"closed","template":"single-four.php","meta":[],"acf":[],"yoast_head":"<!-- This site is optimized with the Yoast SEO plugin v19.4 - https:\/\/yoast.com\/wordpress\/plugins\/seo\/ -->\n<title>Die besten Str\u00e4nde und K\u00fcsten-Orte in der N\u00e4he London - Urlaub &amp; Reisen<\/title>\n<meta name=\"robots\" content=\"index, follow, max-snippet:-1, max-image-preview:large, max-video-preview:-1\" \/>\n<link rel=\"canonical\" href=\"https:\/\/www.urlaubcornwall.de\/blog\/die-besten-straende-und-kuesten-orte-in-der-naehe-london\/\" \/>\n<meta property=\"og:locale\" content=\"en_US\" \/>\n<meta property=\"og:type\" content=\"article\" \/>\n<meta property=\"og:title\" content=\"Die besten Str\u00e4nde und K\u00fcsten-Orte in der N\u00e4he London - Urlaub &amp; Reisen\" \/>\n<meta property=\"og:description\" content=\"England &nbsp;ist zu Recht bekannt f\u00fcr seine vielf\u00e4ltige und wundersch\u00f6ne K\u00fcste, und einige seiner besten Str\u00e4nde befinden sich im Umkreis von zwei Stunden von London entfernt. Sie k\u00f6nnen die frische Meeresluft einatmen, traditionellen \u201cfish and chips\u201d genie\u00dfen und an einem dieser feinen Str\u00e4nde Ihre Zehen ins Meer tauchen. Genie\u00dfen Sie Ihren englischen Urlaub am Meer [&hellip;]\" \/>\n<meta property=\"og:url\" content=\"https:\/\/www.urlaubcornwall.de\/blog\/die-besten-straende-und-kuesten-orte-in-der-naehe-london\/\" \/>\n<meta property=\"og:site_name\" content=\"Urlaub &amp; Reisen\" \/>\n<meta property=\"article:modified_time\" content=\"2026-01-06T14:13:49+00:00\" \/>\n<meta property=\"og:image\" content=\"https:\/\/www.urlaubcornwall.de\/blog\/wp-content\/uploads\/2018\/07\/urlaub-brighton-am-meer.jpg\" \/>\n<meta name=\"twitter:card\" content=\"summary\" \/>\n<meta name=\"twitter:label1\" content=\"Est. reading time\" \/>\n\t<meta name=\"twitter:data1\" content=\"8 minutes\" \/>\n<script type=\"application\/ld+json\" class=\"yoast-schema-graph\">{\"@context\":\"https:\/\/schema.org\",\"@graph\":[{\"@type\":\"WebSite\",\"@id\":\"https:\/\/www.urlaubcornwall.de\/blog\/#website\",\"url\":\"https:\/\/www.urlaubcornwall.de\/blog\/\",\"name\":\"Urlaub &amp; Reisen\",\"description\":\"Urlaub, Reisen, Cornwall und S\u00fcdengland: eine perfekte Kombination\",\"potentialAction\":[{\"@type\":\"SearchAction\",\"target\":{\"@type\":\"EntryPoint\",\"urlTemplate\":\"https:\/\/www.urlaubcornwall.de\/blog\/?s={search_term_string}\"},\"query-input\":\"required name=search_term_string\"}],\"inLanguage\":\"en-US\"},{\"@type\":\"WebPage\",\"@id\":\"https:\/\/www.urlaubcornwall.de\/blog\/die-besten-straende-und-kuesten-orte-in-der-naehe-london\/\",\"url\":\"https:\/\/www.urlaubcornwall.de\/blog\/die-besten-straende-und-kuesten-orte-in-der-naehe-london\/\",\"name\":\"Die besten Str\u00e4nde und K\u00fcsten-Orte in der N\u00e4he London - Urlaub &amp; Reisen\",\"isPartOf\":{\"@id\":\"https:\/\/www.urlaubcornwall.de\/blog\/#website\"},\"datePublished\":\"2018-07-23T08:24:14+00:00\",\"dateModified\":\"2026-01-06T14:13:49+00:00\",\"breadcrumb\":{\"@id\":\"https:\/\/www.urlaubcornwall.de\/blog\/die-besten-straende-und-kuesten-orte-in-der-naehe-london\/#breadcrumb\"},\"inLanguage\":\"en-US\",\"potentialAction\":[{\"@type\":\"ReadAction\",\"target\":[\"https:\/\/www.urlaubcornwall.de\/blog\/die-besten-straende-und-kuesten-orte-in-der-naehe-london\/\"]}]},{\"@type\":\"BreadcrumbList\",\"@id\":\"https:\/\/www.urlaubcornwall.de\/blog\/die-besten-straende-und-kuesten-orte-in-der-naehe-london\/#breadcrumb\",\"itemListElement\":[{\"@type\":\"ListItem\",\"position\":1,\"name\":\"Home\",\"item\":\"https:\/\/www.urlaubcornwall.de\/blog\/\"},{\"@type\":\"ListItem\",\"position\":2,\"name\":\"Die besten Str\u00e4nde und K\u00fcsten-Orte in der N\u00e4he London\"}]}]}<\/script>\n<!-- \/ Yoast SEO plugin. -->","yoast_head_json":{"title":"Die besten Str\u00e4nde und K\u00fcsten-Orte in der N\u00e4he London - Urlaub &amp; Reisen","robots":{"index":"index","follow":"follow","max-snippet":"max-snippet:-1","max-image-preview":"max-image-preview:large","max-video-preview":"max-video-preview:-1"},"canonical":"https:\/\/www.urlaubcornwall.de\/blog\/die-besten-straende-und-kuesten-orte-in-der-naehe-london\/","og_locale":"en_US","og_type":"article","og_title":"Die besten Str\u00e4nde und K\u00fcsten-Orte in der N\u00e4he London - Urlaub &amp; Reisen","og_description":"England &nbsp;ist zu Recht bekannt f\u00fcr seine vielf\u00e4ltige und wundersch\u00f6ne K\u00fcste, und einige seiner besten Str\u00e4nde befinden sich im Umkreis von zwei Stunden von London entfernt. Sie k\u00f6nnen die frische Meeresluft einatmen, traditionellen \u201cfish and chips\u201d genie\u00dfen und an einem dieser feinen Str\u00e4nde Ihre Zehen ins Meer tauchen. Genie\u00dfen Sie Ihren englischen Urlaub am Meer [&hellip;]","og_url":"https:\/\/www.urlaubcornwall.de\/blog\/die-besten-straende-und-kuesten-orte-in-der-naehe-london\/","og_site_name":"Urlaub &amp; Reisen","article_modified_time":"2026-01-06T14:13:49+00:00","og_image":[{"url":"https:\/\/www.urlaubcornwall.de\/blog\/wp-content\/uploads\/2018\/07\/urlaub-brighton-am-meer.jpg"}],"twitter_card":"summary","twitter_misc":{"Est. reading time":"8 minutes"},"schema":{"@context":"https:\/\/schema.org","@graph":[{"@type":"WebSite","@id":"https:\/\/www.urlaubcornwall.de\/blog\/#website","url":"https:\/\/www.urlaubcornwall.de\/blog\/","name":"Urlaub &amp; Reisen","description":"Urlaub, Reisen, Cornwall und S\u00fcdengland: eine perfekte Kombination","potentialAction":[{"@type":"SearchAction","target":{"@type":"EntryPoint","urlTemplate":"https:\/\/www.urlaubcornwall.de\/blog\/?s={search_term_string}"},"query-input":"required name=search_term_string"}],"inLanguage":"en-US"},{"@type":"WebPage","@id":"https:\/\/www.urlaubcornwall.de\/blog\/die-besten-straende-und-kuesten-orte-in-der-naehe-london\/","url":"https:\/\/www.urlaubcornwall.de\/blog\/die-besten-straende-und-kuesten-orte-in-der-naehe-london\/","name":"Die besten Str\u00e4nde und K\u00fcsten-Orte in der N\u00e4he London - Urlaub &amp; Reisen","isPartOf":{"@id":"https:\/\/www.urlaubcornwall.de\/blog\/#website"},"datePublished":"2018-07-23T08:24:14+00:00","dateModified":"2026-01-06T14:13:49+00:00","breadcrumb":{"@id":"https:\/\/www.urlaubcornwall.de\/blog\/die-besten-straende-und-kuesten-orte-in-der-naehe-london\/#breadcrumb"},"inLanguage":"en-US","potentialAction":[{"@type":"ReadAction","target":["https:\/\/www.urlaubcornwall.de\/blog\/die-besten-straende-und-kuesten-orte-in-der-naehe-london\/"]}]},{"@type":"BreadcrumbList","@id":"https:\/\/www.urlaubcornwall.de\/blog\/die-besten-straende-und-kuesten-orte-in-der-naehe-london\/#breadcrumb","itemListElement":[{"@type":"ListItem","position":1,"name":"Home","item":"https:\/\/www.urlaubcornwall.de\/blog\/"},{"@type":"ListItem","position":2,"name":"Die besten Str\u00e4nde und K\u00fcsten-Orte in der N\u00e4he London"}]}]}},"_links":{"self":[{"href":"https:\/\/www.urlaubcornwall.de\/blog\/wp-json\/wp\/v2\/pages\/34006"}],"collection":[{"href":"https:\/\/www.urlaubcornwall.de\/blog\/wp-json\/wp\/v2\/pages"}],"about":[{"href":"https:\/\/www.urlaubcornwall.de\/blog\/wp-json\/wp\/v2\/types\/page"}],"author":[{"embeddable":true,"href":"https:\/\/www.urlaubcornwall.de\/blog\/wp-json\/wp\/v2\/users\/1"}],"replies":[{"embeddable":true,"href":"https:\/\/www.urlaubcornwall.de\/blog\/wp-json\/wp\/v2\/comments?post=34006"}],"version-history":[{"count":21,"href":"https:\/\/www.urlaubcornwall.de\/blog\/wp-json\/wp\/v2\/pages\/34006\/revisions"}],"predecessor-version":[{"id":51968,"href":"https:\/\/www.urlaubcornwall.de\/blog\/wp-json\/wp\/v2\/pages\/34006\/revisions\/51968"}],"wp:attachment":[{"href":"https:\/\/www.urlaubcornwall.de\/blog\/wp-json\/wp\/v2\/media?parent=34006"}],"curies":[{"name":"wp","href":"https:\/\/api.w.org\/{rel}","templated":true}]}}