{"id":34003,"date":"2018-07-23T07:43:53","date_gmt":"2018-07-23T07:43:53","guid":{"rendered":"https:\/\/www.urlaubcornwall.de\/blog\/?page_id=34003"},"modified":"2024-05-28T13:04:57","modified_gmt":"2024-05-28T13:04:57","slug":"gartenreise-in-suedengland-ost-west-sussex","status":"publish","type":"page","link":"https:\/\/www.urlaubcornwall.de\/blog\/gartenreise-in-suedengland-ost-west-sussex\/","title":{"rendered":"Gartenreise in S\u00fcdengland \u2013 Ost &#038; West Sussex"},"content":{"rendered":"<p>Als Gartenliebhaber genie\u00dfen Sie <a href=\"https:\/\/www.urlaubcornwall.de\/rundreisen\/cornwall-suedengland.php\">Urlaub in S\u00fcdengland<\/a> am besten mit einer Rundreise, auf der Sie einige der bekanntesten G\u00e4rten erkunden. Hier finden Sie eine Auswahl in Sussex, einer von <a href=\"https:\/\/www.urlaubcornwall.de\/reiseziel\/england.php\">Englands h\u00fcbschesten Grafschaften<\/a>.<\/p>\n<p><strong>Arundel Schlossgarten<\/strong><\/p>\n<p><img loading=\"lazy\" class=\"aligncenter size-full wp-image-34004\" src=\"https:\/\/www.urlaubcornwall.de\/blog\/wp-content\/uploads\/2018\/07\/individuelle-Gartentour-in-S\u00fcdengland.jpg\" alt=\"individuelle Gartentour in S\u00fcdengland sussex\" width=\"749\" height=\"545\"\/><br \/>\nDer wundersch\u00f6ne Garten des Schlosses Arundel in Westsussex befindet sich in &nbsp;spektakul\u00e4rer Lage zwischen einem Schloss und einer Kathedrale. Die unterschiedlich thematisierten Gartenabschnitte sind wundervoll bepflanzt; der Rosengarten ist in zeitgen\u00f6ssischem Stil bepflanzt, der Kapellengarten mit wei\u00dfen und k\u00fchlen Farbt\u00f6nen; dann gibt es das renovierte viktorianische Pfirsichhaus und das Weingut, wo exotische Fr\u00fcchte und Gem\u00fcsesorten kultiviert werden und den herrlichen \u2018Collector Earl\u2019s Garten\u2019 mit hei\u00dfen subtropischen Begrenzungen und Wildblumen zum Gedenken an den 14. Earl of Arundel, Thomas Howard 1585-1646. Schloss Arundel ist noch immer das Zuhause des Herzogs von Norfolk, dessen Familie seit mehr als 400 Jahren hier lebt. Schloss und Garten sind von Ende M\u00e4rz bis Ende Oktober ge\u00f6ffnet.<\/p>\n<p><strong>Petworth Herrenhaus und Landschaftspark<\/strong><\/p>\n<p><a href=\"https:\/\/www.urlaubcornwall.de\/blog\/wp-content\/uploads\/2024\/03\/Petworth-Park.jpg\"><img loading=\"lazy\" src=\"https:\/\/www.urlaubcornwall.de\/blog\/wp-content\/uploads\/2024\/03\/Petworth-Park.jpg\" alt=\"Petworth Park\" width=\"750\" height=\"429\" class=\"alignnone size-full wp-image-47771\" srcset=\"https:\/\/www.urlaubcornwall.de\/blog\/wp-content\/uploads\/2024\/03\/Petworth-Park.jpg 750w, https:\/\/www.urlaubcornwall.de\/blog\/wp-content\/uploads\/2024\/03\/Petworth-Park-300x172.jpg 300w\" sizes=\"(max-width: 750px) 100vw, 750px\" \/><\/a><\/p>\n<p>Petworth Haus ist eine herrliche Villa des 17. Jahrhunderts in den South Downs und umgeben von 283 Hektar Landschaftsparkgebiet. Die Landschaft erscheint v\u00f6llig nat\u00fcrlich, wurde jedoch in den 1750ern &amp; 60ern designt von Lancelot \u2018Capability\u2019 Brown, und heute lebt hier die gr\u00f6\u00dfte Herde an Damhirschen in England. Es gibt auch einen 12 Hektar gro\u00dfen Waldgarten, der bekannt ist als \u2018Vergn\u00fcgungsgebiet\u2018. Garten und Parkanlage wurden ber\u00fchmt durch den K\u00fcnstler JMW Turner, da sie in so vielen seiner Gem\u00e4lde auftauchten. Villa, Parkanlage und Vergn\u00fcgungsgarten befinden sich im Besitz des National Trust und sind das ganze Jahr \u00fcber ge\u00f6ffnet.<\/p>\n<p>W\u00e4hrend Sie das Gebiet der South Downs in West Sussex besuchen, ist <a href=\"https:\/\/www.urlaubcornwall.de\/blog\/urlaub-in-chichester-sussex-sehenswuerdigkeiten-unterkunft-und-geschichte\/\">Chichester<\/a> an der K\u00fcste ein idealer Aufenthaltsort. Angeschmiegt am Fu\u00dfe der South Downs ist &nbsp;Chichester umgeben von wundersch\u00f6ner Landschaft, Sandstr\u00e4nden, Fischerd\u00f6rfern, historischen Sehensw\u00fcrdigkeiten und Familienattraktionen; das Gebiet hat Familien s\u00e4mtlicher Altersstufen etwas zu bieten. Die Str\u00e4nde bei West Wittering sind weitl\u00e4ufig und sandig, liegen in einem Gebiet besonderer Natursch\u00f6nheit, und der Chichester Hafen ist perfekt zum Segeln, um V\u00f6gel zu beobachten und herumzuspazieren. Goodwood, das bekannt ist f\u00fcr seine Pferderennen, den Motorsport und das wundersch\u00f6ne Goodwood Haus, befindet sich in einer wundervollen Lage lediglich 6km von Chichester entfernt mit atemberaubendem Blick \u00fcber die South Downs.<\/p>\n<p><strong>Bateman\u2019s Haus und Garten<\/strong><\/p>\n<p>In Burwash, Ostsussex, befindet sich Bateman\u2019s, das jakobinische Haus aus dem 17. Jahrhundert, das einst das Zuhause von Rudyard Kipling war. Umgeben von bewaldeter Landschaft der l\u00e4ndlichen Gegend von Sussex ist das Haus zum Gro\u00dfteil so erhalten, wie Kipling es verlie\u00df. Der Garten von Bateman\u2018s wurde f\u00fcr seine Familie und Freunde zum Entspannen und Erkunden designt. Wundersch\u00f6ne Rosen, Wildblumenwiesen, Pfade durch gepflegte Rasenfl\u00e4chen, ein Kr\u00e4utergarten, eine Wasserm\u00fchle und ein Teich machen den Garten von Bateman\u2018s das ganze Jahr \u00fcber zu einem entz\u00fcckenden Ort. Garten und Haus, die sich im Besitz des National Trust befinden, sind das ganze Jahr \u00fcber ge\u00f6ffnet.<\/p>\n<p><a href=\"https:\/\/www.urlaubcornwall.de\/blog\/urlaub-in-eastbourne-sussex-sehenswuerdigkeiten-unterkunft-und-geschichte\/\">Eastbourne an der K\u00fcste von Ostsussex<\/a>, liegt 38km s\u00fcdlich von Bateman\u2018s und ist der perfekte Ort, um Urlaub zu verbringen. Die Stadt hat eine Menge zu bieten mit ihren Str\u00e4nden, der Promenade und dem Pier. Das Ufer hat der gesamten Familie etwas zu bieten. Am Rande der South Downs gelegen mit spektakul\u00e4rer Landschaft entlang der K\u00fcste am ikonischen Beachy Head und dem Seven Sisters Country Park. Es gibt auch h\u00fcbsche D\u00f6rfer wie Alfriston, die es in der l\u00e4ndlichen Umgebung von Sussex zu erkunden gilt.<\/p>\n<p>Damit wir Ihnen eine pers\u00f6nliche Rundreise zusammenstellen k\u00f6nnen, w\u00e4hrend der Sie diese und weitere wundervolle G\u00e4rten in S\u00fcdengland besuchen k\u00f6nnen, <a href=\"https:\/\/www.urlaubcornwall.de\/rundreisenservice.php\">schicken Sie uns bitte hier eine Nachfrage<\/a>.<\/p>\n<p style=\"text-align: center;\"><a class=\"tidycta\" href=\"https:\/\/www.urlaubcornwall.de\/gartenreise.php\">Gartenreisen in England<\/a><\/p>\n","protected":false},"excerpt":{"rendered":"<p>Als Gartenliebhaber genie\u00dfen Sie Urlaub in S\u00fcdengland am besten mit einer Rundreise, auf der Sie einige der bekanntesten G\u00e4rten erkunden. Hier finden Sie eine Auswahl in Sussex, einer von Englands h\u00fcbschesten Grafschaften. Arundel Schlossgarten Der wundersch\u00f6ne Garten des Schlosses Arundel in Westsussex befindet sich in &nbsp;spektakul\u00e4rer Lage zwischen einem Schloss und einer Kathedrale. Die unterschiedlich [&hellip;]<\/p>\n","protected":false},"author":1,"featured_media":0,"parent":0,"menu_order":0,"comment_status":"closed","ping_status":"closed","template":"single-four.php","meta":[],"acf":[],"yoast_head":"<!-- This site is optimized with the Yoast SEO plugin v19.4 - https:\/\/yoast.com\/wordpress\/plugins\/seo\/ -->\n<title>Gartenreise in S\u00fcdengland \u2013 Ost &amp; West Sussex - Urlaub &amp; Reisen<\/title>\n<meta name=\"robots\" content=\"index, follow, max-snippet:-1, max-image-preview:large, max-video-preview:-1\" \/>\n<link rel=\"canonical\" href=\"https:\/\/www.urlaubcornwall.de\/blog\/gartenreise-in-suedengland-ost-west-sussex\/\" \/>\n<meta property=\"og:locale\" content=\"en_US\" \/>\n<meta property=\"og:type\" content=\"article\" \/>\n<meta property=\"og:title\" content=\"Gartenreise in S\u00fcdengland \u2013 Ost &amp; West Sussex - Urlaub &amp; Reisen\" \/>\n<meta property=\"og:description\" content=\"Als Gartenliebhaber genie\u00dfen Sie Urlaub in S\u00fcdengland am besten mit einer Rundreise, auf der Sie einige der bekanntesten G\u00e4rten erkunden. Hier finden Sie eine Auswahl in Sussex, einer von Englands h\u00fcbschesten Grafschaften. Arundel Schlossgarten Der wundersch\u00f6ne Garten des Schlosses Arundel in Westsussex befindet sich in &nbsp;spektakul\u00e4rer Lage zwischen einem Schloss und einer Kathedrale. Die unterschiedlich [&hellip;]\" \/>\n<meta property=\"og:url\" content=\"https:\/\/www.urlaubcornwall.de\/blog\/gartenreise-in-suedengland-ost-west-sussex\/\" \/>\n<meta property=\"og:site_name\" content=\"Urlaub &amp; Reisen\" \/>\n<meta property=\"article:modified_time\" content=\"2024-05-28T13:04:57+00:00\" \/>\n<meta property=\"og:image\" content=\"https:\/\/www.urlaubcornwall.de\/blog\/wp-content\/uploads\/2024\/03\/Petworth-Park.jpg\" \/>\n<meta name=\"twitter:card\" content=\"summary\" \/>\n<meta name=\"twitter:label1\" content=\"Est. reading time\" \/>\n\t<meta name=\"twitter:data1\" content=\"4 minutes\" \/>\n<script type=\"application\/ld+json\" class=\"yoast-schema-graph\">{\"@context\":\"https:\/\/schema.org\",\"@graph\":[{\"@type\":\"WebSite\",\"@id\":\"https:\/\/www.urlaubcornwall.de\/blog\/#website\",\"url\":\"https:\/\/www.urlaubcornwall.de\/blog\/\",\"name\":\"Urlaub &amp; Reisen\",\"description\":\"Urlaub, Reisen, Cornwall und S\u00fcdengland: eine perfekte Kombination\",\"potentialAction\":[{\"@type\":\"SearchAction\",\"target\":{\"@type\":\"EntryPoint\",\"urlTemplate\":\"https:\/\/www.urlaubcornwall.de\/blog\/?s={search_term_string}\"},\"query-input\":\"required name=search_term_string\"}],\"inLanguage\":\"en-US\"},{\"@type\":\"WebPage\",\"@id\":\"https:\/\/www.urlaubcornwall.de\/blog\/gartenreise-in-suedengland-ost-west-sussex\/\",\"url\":\"https:\/\/www.urlaubcornwall.de\/blog\/gartenreise-in-suedengland-ost-west-sussex\/\",\"name\":\"Gartenreise in S\u00fcdengland \u2013 Ost & West Sussex - Urlaub &amp; Reisen\",\"isPartOf\":{\"@id\":\"https:\/\/www.urlaubcornwall.de\/blog\/#website\"},\"datePublished\":\"2018-07-23T07:43:53+00:00\",\"dateModified\":\"2024-05-28T13:04:57+00:00\",\"breadcrumb\":{\"@id\":\"https:\/\/www.urlaubcornwall.de\/blog\/gartenreise-in-suedengland-ost-west-sussex\/#breadcrumb\"},\"inLanguage\":\"en-US\",\"potentialAction\":[{\"@type\":\"ReadAction\",\"target\":[\"https:\/\/www.urlaubcornwall.de\/blog\/gartenreise-in-suedengland-ost-west-sussex\/\"]}]},{\"@type\":\"BreadcrumbList\",\"@id\":\"https:\/\/www.urlaubcornwall.de\/blog\/gartenreise-in-suedengland-ost-west-sussex\/#breadcrumb\",\"itemListElement\":[{\"@type\":\"ListItem\",\"position\":1,\"name\":\"Home\",\"item\":\"https:\/\/www.urlaubcornwall.de\/blog\/\"},{\"@type\":\"ListItem\",\"position\":2,\"name\":\"Gartenreise in S\u00fcdengland \u2013 Ost &#038; West Sussex\"}]}]}<\/script>\n<!-- \/ Yoast SEO plugin. -->","yoast_head_json":{"title":"Gartenreise in S\u00fcdengland \u2013 Ost & West Sussex - Urlaub &amp; Reisen","robots":{"index":"index","follow":"follow","max-snippet":"max-snippet:-1","max-image-preview":"max-image-preview:large","max-video-preview":"max-video-preview:-1"},"canonical":"https:\/\/www.urlaubcornwall.de\/blog\/gartenreise-in-suedengland-ost-west-sussex\/","og_locale":"en_US","og_type":"article","og_title":"Gartenreise in S\u00fcdengland \u2013 Ost & West Sussex - Urlaub &amp; Reisen","og_description":"Als Gartenliebhaber genie\u00dfen Sie Urlaub in S\u00fcdengland am besten mit einer Rundreise, auf der Sie einige der bekanntesten G\u00e4rten erkunden. Hier finden Sie eine Auswahl in Sussex, einer von Englands h\u00fcbschesten Grafschaften. Arundel Schlossgarten Der wundersch\u00f6ne Garten des Schlosses Arundel in Westsussex befindet sich in &nbsp;spektakul\u00e4rer Lage zwischen einem Schloss und einer Kathedrale. Die unterschiedlich [&hellip;]","og_url":"https:\/\/www.urlaubcornwall.de\/blog\/gartenreise-in-suedengland-ost-west-sussex\/","og_site_name":"Urlaub &amp; Reisen","article_modified_time":"2024-05-28T13:04:57+00:00","og_image":[{"url":"https:\/\/www.urlaubcornwall.de\/blog\/wp-content\/uploads\/2024\/03\/Petworth-Park.jpg"}],"twitter_card":"summary","twitter_misc":{"Est. reading time":"4 minutes"},"schema":{"@context":"https:\/\/schema.org","@graph":[{"@type":"WebSite","@id":"https:\/\/www.urlaubcornwall.de\/blog\/#website","url":"https:\/\/www.urlaubcornwall.de\/blog\/","name":"Urlaub &amp; Reisen","description":"Urlaub, Reisen, Cornwall und S\u00fcdengland: eine perfekte Kombination","potentialAction":[{"@type":"SearchAction","target":{"@type":"EntryPoint","urlTemplate":"https:\/\/www.urlaubcornwall.de\/blog\/?s={search_term_string}"},"query-input":"required name=search_term_string"}],"inLanguage":"en-US"},{"@type":"WebPage","@id":"https:\/\/www.urlaubcornwall.de\/blog\/gartenreise-in-suedengland-ost-west-sussex\/","url":"https:\/\/www.urlaubcornwall.de\/blog\/gartenreise-in-suedengland-ost-west-sussex\/","name":"Gartenreise in S\u00fcdengland \u2013 Ost & West Sussex - Urlaub &amp; Reisen","isPartOf":{"@id":"https:\/\/www.urlaubcornwall.de\/blog\/#website"},"datePublished":"2018-07-23T07:43:53+00:00","dateModified":"2024-05-28T13:04:57+00:00","breadcrumb":{"@id":"https:\/\/www.urlaubcornwall.de\/blog\/gartenreise-in-suedengland-ost-west-sussex\/#breadcrumb"},"inLanguage":"en-US","potentialAction":[{"@type":"ReadAction","target":["https:\/\/www.urlaubcornwall.de\/blog\/gartenreise-in-suedengland-ost-west-sussex\/"]}]},{"@type":"BreadcrumbList","@id":"https:\/\/www.urlaubcornwall.de\/blog\/gartenreise-in-suedengland-ost-west-sussex\/#breadcrumb","itemListElement":[{"@type":"ListItem","position":1,"name":"Home","item":"https:\/\/www.urlaubcornwall.de\/blog\/"},{"@type":"ListItem","position":2,"name":"Gartenreise in S\u00fcdengland \u2013 Ost &#038; West Sussex"}]}]}},"_links":{"self":[{"href":"https:\/\/www.urlaubcornwall.de\/blog\/wp-json\/wp\/v2\/pages\/34003"}],"collection":[{"href":"https:\/\/www.urlaubcornwall.de\/blog\/wp-json\/wp\/v2\/pages"}],"about":[{"href":"https:\/\/www.urlaubcornwall.de\/blog\/wp-json\/wp\/v2\/types\/page"}],"author":[{"embeddable":true,"href":"https:\/\/www.urlaubcornwall.de\/blog\/wp-json\/wp\/v2\/users\/1"}],"replies":[{"embeddable":true,"href":"https:\/\/www.urlaubcornwall.de\/blog\/wp-json\/wp\/v2\/comments?post=34003"}],"version-history":[{"count":4,"href":"https:\/\/www.urlaubcornwall.de\/blog\/wp-json\/wp\/v2\/pages\/34003\/revisions"}],"predecessor-version":[{"id":50397,"href":"https:\/\/www.urlaubcornwall.de\/blog\/wp-json\/wp\/v2\/pages\/34003\/revisions\/50397"}],"wp:attachment":[{"href":"https:\/\/www.urlaubcornwall.de\/blog\/wp-json\/wp\/v2\/media?parent=34003"}],"curies":[{"name":"wp","href":"https:\/\/api.w.org\/{rel}","templated":true}]}}