{"id":33997,"date":"2018-07-20T15:00:21","date_gmt":"2018-07-20T15:00:21","guid":{"rendered":"https:\/\/www.urlaubcornwall.de\/blog\/?page_id=33997"},"modified":"2020-01-28T09:15:12","modified_gmt":"2020-01-28T09:15:12","slug":"eine-gartentour-durch-suedengland-sussex-hampshire-bath","status":"publish","type":"page","link":"https:\/\/www.urlaubcornwall.de\/blog\/eine-gartentour-durch-suedengland-sussex-hampshire-bath\/","title":{"rendered":"Eine individuelle Gartenreise durch S\u00fcdengland \u2013 Sussex, Hampshire &#038; Bath."},"content":{"rendered":"<p>Die perfekte Art und Weise, <a href=\"https:\/\/www.urlaubcornwall.de\/rundreisenservice.php\">Urlaub in S\u00fcdengland<\/a> zu genie\u00dfen, ist mit einer Rundreise, auf der Sie einige seiner bekanntesten G\u00e4rten erkunden. Jeder davon hat einen ganz einzigartigen Charakter und eine Geschichte, die von den Familien erz\u00e4hlt, die sie schufen. Damit wir Ihnen eine pers\u00f6nliche Rundreise zusammenstellen k\u00f6nnen, w\u00e4hrend der Sie diese und weitere wundervolle G\u00e4rten in S\u00fcdengland besuchen k\u00f6nnen, <a href=\"https:\/\/www.urlaubcornwall.de\/reisebuchung.php\">schicken Sie uns bitte hier eine Nachfrage.<\/a><\/p>\n<p><strong>Mottisfont Garten<\/strong><\/p>\n<p><img loading=\"lazy\" class=\"aligncenter size-full wp-image-33998\" src=\"https:\/\/www.urlaubcornwall.de\/blog\/wp-content\/uploads\/2018\/07\/mottisfont-abbey-garten.jpg\" alt=\"Gartentour durch S\u00fcdengland mottisfont abbey garten\" width=\"749\" height=\"560\" srcset=\"https:\/\/www.urlaubcornwall.de\/blog\/wp-content\/uploads\/2018\/07\/mottisfont-abbey-garten.jpg 747w, https:\/\/www.urlaubcornwall.de\/blog\/wp-content\/uploads\/2018\/07\/mottisfont-abbey-garten-300x225.jpg 300w\" sizes=\"(max-width: 749px) 100vw, 749px\" \/><br \/>\nMottisfont in <a href=\"https:\/\/www.urlaubcornwall.de\/reiseziel\/hampshire.php\">Hampshire<\/a> ist ein romantisches Haus des 18. Jahrhunderts samt Garten inmitten wundersch\u00f6ner G\u00e4rten am Fluss gelegen. Mit seinen alten B\u00e4umen, h\u00fcgeligen Wiesen, Teppichen von Fr\u00fchlingsblumen und dem weltbekannten Rosengarten ist er das ganze Jahr \u00fcber perfekt f\u00fcr einen Besuch. Wenn Sie jedoch die Rosen sehen m\u00f6chten, besuchen Sie ihn im Juni, da sie nur zu dieser Zeit bl\u00fchen. Haus und Garten befinden sich im Besitz des National Trust und sind das ganze Jahr \u00fcber t\u00e4glich ge\u00f6ffnet.<\/p>\n<p>Winchester befindet sich ungef\u00e4hr 23km von Mottisfont entfernt und ist ein herrlicher Aufenthaltsort, um das wundersch\u00f6ne l\u00e4ndliche Gebiet von Hampshire zu erkunden; urige D\u00f6rfer und wundersch\u00f6ne kleine St\u00e4dte wie Stockbridge, das am malerischen Fluss Test liegt. Winchester hat dem Besucher eine Menge zu bieten mit jeder Menge Gesch\u00e4ften, Caf\u00e9s, der wundersch\u00f6nen mittelalterlichen Kathedrale mit einer mehr als 1000 Jahre alten Geschichte. Au\u00dferdem gibt es Spazierwege entlang des friedvollen Flusses Itchen, der 45km lang durch Hampshire nach Southampton flie\u00dft.<\/p>\n<p><strong>Stourhead<\/strong><\/p>\n<p><img loading=\"lazy\" class=\"aligncenter size-full wp-image-33999\" src=\"https:\/\/www.urlaubcornwall.de\/blog\/wp-content\/uploads\/2018\/07\/Gartentour-durch-S\u00fcdengland-stourhead.jpg\" alt=\"Gartentour durch S\u00fcdengland stourhead\" width=\"749\" height=\"559\"\/><br \/>\nStourhead ist einer der wundersch\u00f6nsten und magischen Landschaftsg\u00e4rten in England. Dieser weltbekannte Garten reicht zur\u00fcck ins Jahr 1740 und hat in seiner Mitte einen herrlichen See. Es gibt hier klassische Tempel, mystische Grotten, hoch aufragende B\u00e4ume und exotische Rhododendren. Hinter dem Landschaftsgarten befinden sich 1072 Hektar Grundst\u00fcck mit Kreidefelsen, Wald und Bauernland, das es zu erkunden gibt. Stourhead House ist eine palladianische Villa mit einer einzigartigen Regentschaftsbibliothek, Chippendale M\u00f6beln und wundervollen Gem\u00e4lden. Der Garten befindet sich im Besitz des National Trust und ist das ganze Jahr \u00fcber ge\u00f6ffnet und das Haus von M\u00e4rz bis Dezember.<\/p>\n<p>Die Stadt Bath befindet sich 37km n\u00f6rdlich von Stourhead und ist eine gro\u00dfartige Ausgangsbasis, um die l\u00e4ndliche Umgebung zu erkunden, die Herrenh\u00e4user und G\u00e4rten. Bath ist ein perfekter Aufenthaltsort, da es dem Besucher so viel in der Stadt selbst zum Anschauen bietet; die r\u00f6mischen B\u00e4der, die Bath Abtei, das Jane Austen Zentrum und Pulteney Bridge, um nur einige der Attraktionen zu nennen. Machen Sie eine Bootsfahrt entlang des Flusses &nbsp;Avon oder den Kennet &amp; Avon Kanal entlang f\u00fcr ein entspannendes und friedvolles Ende Ihrer Tour durch das Gebiet.<\/p>\n<p><strong>Sheffield Park Gardens<\/strong><\/p>\n<p><img loading=\"lazy\" class=\"aligncenter size-full wp-image-34000\" src=\"https:\/\/www.urlaubcornwall.de\/blog\/wp-content\/uploads\/2018\/07\/sheffield-park-garten-herrenhaus-sussex.jpg\" alt=\"sheffield park garten herrenhaus sussex\" width=\"746\" height=\"489\" srcset=\"https:\/\/www.urlaubcornwall.de\/blog\/wp-content\/uploads\/2018\/07\/sheffield-park-garten-herrenhaus-sussex.jpg 746w, https:\/\/www.urlaubcornwall.de\/blog\/wp-content\/uploads\/2018\/07\/sheffield-park-garten-herrenhaus-sussex-300x197.jpg 300w\" sizes=\"(max-width: 746px) 100vw, 746px\" \/><br \/>\nDer Sheffield Parkgarten in <a href=\"https:\/\/www.urlaubcornwall.de\/reiseziel\/sussex.php\">East Sussex<\/a> ist ein wundersch\u00f6ner Landschaftsgarten, der um vier Seen herum gelegen ist mit Pfaden durch bewaldete Gebiete, die ihn umgeben. Der Garten ist mit Wasserf\u00e4llen und Br\u00fccken entz\u00fcckend. Im Fr\u00fchling explodiert er geradezu mit Farben, Narzissen, Glockenblumen, und die Rhododendren und Azaleen sind im Sommer pr\u00e4chtig. Im Sommer wird der Garten lebendig mit Libellen und Eisv\u00f6geln, die \u00fcber die mit Wasserlilien bedeckten Seen fliegen. Der Garten ist auch bekannt aufgrund seiner Herbstfarben, wenn die Bl\u00e4tter der riesigen Sammlung an B\u00e4umen und Str\u00e4uchern sich in wundersch\u00f6ne Herbstt\u00f6ne f\u00e4rben. Der Garten befindet sich im Besitz des National Trust und ist das ganze Jahr \u00fcber t\u00e4glich ge\u00f6ffnet.<\/p>\n<p>Brighton ist zu jeder Jahreszeit ein idealer Aufenthaltsort und lediglich 28km vom Sheffield Parkgarten entfernt. Neben dem Gartenbesuch k\u00f6nnen Sie auch die h\u00fcbschen D\u00f6rfer der South Downs erkunden, in einer der Dorfkneipen essen und entlang eines Abschnittes des South Downs Way bei Ditchling wandern. Zur\u00fcck in Brighton gibt es eine Menge zu tun; erkunden Sie die Gassen mit ihren urigen Gesch\u00e4ften, spazieren Sie der Promenade und das Pier entlang mit Panoramablick \u00fcber das gesamte Gebiet, besteigen Sie die British Airways 360i, um Ihrem Aufenthalt in Brighton ein unvergessliches Ende zu bereiten.<\/p>\n<p style=\"text-align: center;\"><a class=\"tidycta\" href=\"https:\/\/www.urlaubcornwall.de\/gartenreise.php\">Gartenreisen in England<\/a><\/p>\n","protected":false},"excerpt":{"rendered":"<p>Die perfekte Art und Weise, Urlaub in S\u00fcdengland zu genie\u00dfen, ist mit einer Rundreise, auf der Sie einige seiner bekanntesten G\u00e4rten erkunden. Jeder davon hat einen ganz einzigartigen Charakter und eine Geschichte, die von den Familien erz\u00e4hlt, die sie schufen. Damit wir Ihnen eine pers\u00f6nliche Rundreise zusammenstellen k\u00f6nnen, w\u00e4hrend der Sie diese und weitere wundervolle [&hellip;]<\/p>\n","protected":false},"author":1,"featured_media":0,"parent":0,"menu_order":0,"comment_status":"closed","ping_status":"closed","template":"single-four.php","meta":[],"acf":[],"yoast_head":"<!-- This site is optimized with the Yoast SEO plugin v19.4 - https:\/\/yoast.com\/wordpress\/plugins\/seo\/ -->\n<title>Eine individuelle Gartenreise durch S\u00fcdengland \u2013 Sussex, Hampshire &amp; Bath. - Urlaub &amp; Reisen<\/title>\n<meta name=\"robots\" content=\"index, follow, max-snippet:-1, max-image-preview:large, max-video-preview:-1\" \/>\n<link rel=\"canonical\" href=\"https:\/\/www.urlaubcornwall.de\/blog\/eine-gartentour-durch-suedengland-sussex-hampshire-bath\/\" \/>\n<meta property=\"og:locale\" content=\"en_US\" \/>\n<meta property=\"og:type\" content=\"article\" \/>\n<meta property=\"og:title\" content=\"Eine individuelle Gartenreise durch S\u00fcdengland \u2013 Sussex, Hampshire &amp; Bath. - Urlaub &amp; Reisen\" \/>\n<meta property=\"og:description\" content=\"Die perfekte Art und Weise, Urlaub in S\u00fcdengland zu genie\u00dfen, ist mit einer Rundreise, auf der Sie einige seiner bekanntesten G\u00e4rten erkunden. Jeder davon hat einen ganz einzigartigen Charakter und eine Geschichte, die von den Familien erz\u00e4hlt, die sie schufen. Damit wir Ihnen eine pers\u00f6nliche Rundreise zusammenstellen k\u00f6nnen, w\u00e4hrend der Sie diese und weitere wundervolle [&hellip;]\" \/>\n<meta property=\"og:url\" content=\"https:\/\/www.urlaubcornwall.de\/blog\/eine-gartentour-durch-suedengland-sussex-hampshire-bath\/\" \/>\n<meta property=\"og:site_name\" content=\"Urlaub &amp; Reisen\" \/>\n<meta property=\"article:modified_time\" content=\"2020-01-28T09:15:12+00:00\" \/>\n<meta property=\"og:image\" content=\"https:\/\/www.urlaubcornwall.de\/blog\/wp-content\/uploads\/2018\/07\/mottisfont-abbey-garten.jpg\" \/>\n<meta name=\"twitter:card\" content=\"summary\" \/>\n<meta name=\"twitter:label1\" content=\"Est. reading time\" \/>\n\t<meta name=\"twitter:data1\" content=\"3 minutes\" \/>\n<script type=\"application\/ld+json\" class=\"yoast-schema-graph\">{\"@context\":\"https:\/\/schema.org\",\"@graph\":[{\"@type\":\"WebSite\",\"@id\":\"https:\/\/www.urlaubcornwall.de\/blog\/#website\",\"url\":\"https:\/\/www.urlaubcornwall.de\/blog\/\",\"name\":\"Urlaub &amp; Reisen\",\"description\":\"Urlaub, Reisen, Cornwall und S\u00fcdengland: eine perfekte Kombination\",\"potentialAction\":[{\"@type\":\"SearchAction\",\"target\":{\"@type\":\"EntryPoint\",\"urlTemplate\":\"https:\/\/www.urlaubcornwall.de\/blog\/?s={search_term_string}\"},\"query-input\":\"required name=search_term_string\"}],\"inLanguage\":\"en-US\"},{\"@type\":\"WebPage\",\"@id\":\"https:\/\/www.urlaubcornwall.de\/blog\/eine-gartentour-durch-suedengland-sussex-hampshire-bath\/\",\"url\":\"https:\/\/www.urlaubcornwall.de\/blog\/eine-gartentour-durch-suedengland-sussex-hampshire-bath\/\",\"name\":\"Eine individuelle Gartenreise durch S\u00fcdengland \u2013 Sussex, Hampshire & Bath. - Urlaub &amp; Reisen\",\"isPartOf\":{\"@id\":\"https:\/\/www.urlaubcornwall.de\/blog\/#website\"},\"datePublished\":\"2018-07-20T15:00:21+00:00\",\"dateModified\":\"2020-01-28T09:15:12+00:00\",\"breadcrumb\":{\"@id\":\"https:\/\/www.urlaubcornwall.de\/blog\/eine-gartentour-durch-suedengland-sussex-hampshire-bath\/#breadcrumb\"},\"inLanguage\":\"en-US\",\"potentialAction\":[{\"@type\":\"ReadAction\",\"target\":[\"https:\/\/www.urlaubcornwall.de\/blog\/eine-gartentour-durch-suedengland-sussex-hampshire-bath\/\"]}]},{\"@type\":\"BreadcrumbList\",\"@id\":\"https:\/\/www.urlaubcornwall.de\/blog\/eine-gartentour-durch-suedengland-sussex-hampshire-bath\/#breadcrumb\",\"itemListElement\":[{\"@type\":\"ListItem\",\"position\":1,\"name\":\"Home\",\"item\":\"https:\/\/www.urlaubcornwall.de\/blog\/\"},{\"@type\":\"ListItem\",\"position\":2,\"name\":\"Eine individuelle Gartenreise durch S\u00fcdengland \u2013 Sussex, Hampshire &#038; Bath.\"}]}]}<\/script>\n<!-- \/ Yoast SEO plugin. -->","yoast_head_json":{"title":"Eine individuelle Gartenreise durch S\u00fcdengland \u2013 Sussex, Hampshire & Bath. - Urlaub &amp; Reisen","robots":{"index":"index","follow":"follow","max-snippet":"max-snippet:-1","max-image-preview":"max-image-preview:large","max-video-preview":"max-video-preview:-1"},"canonical":"https:\/\/www.urlaubcornwall.de\/blog\/eine-gartentour-durch-suedengland-sussex-hampshire-bath\/","og_locale":"en_US","og_type":"article","og_title":"Eine individuelle Gartenreise durch S\u00fcdengland \u2013 Sussex, Hampshire & Bath. - Urlaub &amp; Reisen","og_description":"Die perfekte Art und Weise, Urlaub in S\u00fcdengland zu genie\u00dfen, ist mit einer Rundreise, auf der Sie einige seiner bekanntesten G\u00e4rten erkunden. Jeder davon hat einen ganz einzigartigen Charakter und eine Geschichte, die von den Familien erz\u00e4hlt, die sie schufen. Damit wir Ihnen eine pers\u00f6nliche Rundreise zusammenstellen k\u00f6nnen, w\u00e4hrend der Sie diese und weitere wundervolle [&hellip;]","og_url":"https:\/\/www.urlaubcornwall.de\/blog\/eine-gartentour-durch-suedengland-sussex-hampshire-bath\/","og_site_name":"Urlaub &amp; Reisen","article_modified_time":"2020-01-28T09:15:12+00:00","og_image":[{"url":"https:\/\/www.urlaubcornwall.de\/blog\/wp-content\/uploads\/2018\/07\/mottisfont-abbey-garten.jpg"}],"twitter_card":"summary","twitter_misc":{"Est. reading time":"3 minutes"},"schema":{"@context":"https:\/\/schema.org","@graph":[{"@type":"WebSite","@id":"https:\/\/www.urlaubcornwall.de\/blog\/#website","url":"https:\/\/www.urlaubcornwall.de\/blog\/","name":"Urlaub &amp; Reisen","description":"Urlaub, Reisen, Cornwall und S\u00fcdengland: eine perfekte Kombination","potentialAction":[{"@type":"SearchAction","target":{"@type":"EntryPoint","urlTemplate":"https:\/\/www.urlaubcornwall.de\/blog\/?s={search_term_string}"},"query-input":"required name=search_term_string"}],"inLanguage":"en-US"},{"@type":"WebPage","@id":"https:\/\/www.urlaubcornwall.de\/blog\/eine-gartentour-durch-suedengland-sussex-hampshire-bath\/","url":"https:\/\/www.urlaubcornwall.de\/blog\/eine-gartentour-durch-suedengland-sussex-hampshire-bath\/","name":"Eine individuelle Gartenreise durch S\u00fcdengland \u2013 Sussex, Hampshire & Bath. - Urlaub &amp; Reisen","isPartOf":{"@id":"https:\/\/www.urlaubcornwall.de\/blog\/#website"},"datePublished":"2018-07-20T15:00:21+00:00","dateModified":"2020-01-28T09:15:12+00:00","breadcrumb":{"@id":"https:\/\/www.urlaubcornwall.de\/blog\/eine-gartentour-durch-suedengland-sussex-hampshire-bath\/#breadcrumb"},"inLanguage":"en-US","potentialAction":[{"@type":"ReadAction","target":["https:\/\/www.urlaubcornwall.de\/blog\/eine-gartentour-durch-suedengland-sussex-hampshire-bath\/"]}]},{"@type":"BreadcrumbList","@id":"https:\/\/www.urlaubcornwall.de\/blog\/eine-gartentour-durch-suedengland-sussex-hampshire-bath\/#breadcrumb","itemListElement":[{"@type":"ListItem","position":1,"name":"Home","item":"https:\/\/www.urlaubcornwall.de\/blog\/"},{"@type":"ListItem","position":2,"name":"Eine individuelle Gartenreise durch S\u00fcdengland \u2013 Sussex, Hampshire &#038; Bath."}]}]}},"_links":{"self":[{"href":"https:\/\/www.urlaubcornwall.de\/blog\/wp-json\/wp\/v2\/pages\/33997"}],"collection":[{"href":"https:\/\/www.urlaubcornwall.de\/blog\/wp-json\/wp\/v2\/pages"}],"about":[{"href":"https:\/\/www.urlaubcornwall.de\/blog\/wp-json\/wp\/v2\/types\/page"}],"author":[{"embeddable":true,"href":"https:\/\/www.urlaubcornwall.de\/blog\/wp-json\/wp\/v2\/users\/1"}],"replies":[{"embeddable":true,"href":"https:\/\/www.urlaubcornwall.de\/blog\/wp-json\/wp\/v2\/comments?post=33997"}],"version-history":[{"count":6,"href":"https:\/\/www.urlaubcornwall.de\/blog\/wp-json\/wp\/v2\/pages\/33997\/revisions"}],"predecessor-version":[{"id":39322,"href":"https:\/\/www.urlaubcornwall.de\/blog\/wp-json\/wp\/v2\/pages\/33997\/revisions\/39322"}],"wp:attachment":[{"href":"https:\/\/www.urlaubcornwall.de\/blog\/wp-json\/wp\/v2\/media?parent=33997"}],"curies":[{"name":"wp","href":"https:\/\/api.w.org\/{rel}","templated":true}]}}