{"id":33989,"date":"2018-07-20T09:16:06","date_gmt":"2018-07-20T09:16:06","guid":{"rendered":"https:\/\/www.urlaubcornwall.de\/blog\/?page_id=33989"},"modified":"2026-01-07T10:18:11","modified_gmt":"2026-01-07T10:18:11","slug":"feiertage-bank-holidays-in-england-und-wales-und-schottland","status":"publish","type":"page","link":"https:\/\/www.urlaubcornwall.de\/blog\/feiertage-bank-holidays-in-england-und-wales-und-schottland\/","title":{"rendered":"Feiertage &#038; Bank Holidays in England und Wales und Schottland."},"content":{"rendered":"<p>Im <a href=\"https:\/\/www.urlaubcornwall.de\/\">Gro\u00dfbritannien<\/a> sind gesetzliche Feiertage bekannt als Bank Holidays, weil die Banken geschlossen haben und Post an diesen Tagen nicht ausgeliefert wird. Sie sollten Feiertage mit in Betracht ziehen, wenn Sie Reisepl\u00e4ne schmieden.<\/p>\n<p>Obgleich viele gemeinsame Feiertage in den vier Nationen vorkommen, aus denen das Vereinte K\u00f6nigreich besteht &nbsp;&#8211; <a href=\"https:\/\/www.urlaubcornwall.de\/reiseziel\/england.php\">England<\/a>, <a href=\"https:\/\/www.urlaubcornwall.de\/reiseziel\/wales.php\">Wales<\/a> und <a href=\"https:\/\/www.urlaubcornwall.de\/reiseziel\/schottland.php\">Schottland<\/a> \u2013 gibt es doch leichte Abwandlungen, die verschiedene Nationalgebr\u00e4uche und Priorit\u00e4ten widerspiegeln.<\/p>\n<p>Sie bemerken vielleicht, dass einige Feiertage in diesen Kalendern an anderen Tagen sind als der eigentliche Festtag. Zum Beispiel ist der Weihnachtsfeiertag im Jahre 2021 am 27. Dezember. Dies deshalb, weil in diesem Jahr Weihnachten auf einen Samstag f\u00e4llt, so dass ein Wochentag dem Ferienwochenende angef\u00fcgt wird.<\/p>\n<p><strong><a href=\"https:\/\/www.urlaubcornwall.de\/blog\/nationalfeiertage-oder-bank-holidays-in-grossbritannien\/\">Finden Sie mehr zu \u00f6ffentlichen oder gesetzlichen Feiertagen des UK<\/a><\/strong><\/p>\n<h3>&nbsp;<\/h3>\n<h2>Feiertage in England und Wales<\/h2>\n<h3>&nbsp;<\/h3>\n<table>\n<thead>\n<tr>\n<td><strong>Feiertage<\/strong><\/td>\n<td><strong>2024<\/strong><\/td>\n<td><strong>2025<\/strong><\/td>\n<td><strong>2026<\/strong><\/td>\n<\/tr>\n<\/thead>\n<tbody>\n<tr>\n<td><strong>Neujahrstag<\/strong><\/td>\n<td>1. Januar<\/td>\n<td>1. Januar<\/td>\n<td>1. Januar<\/td>\n<\/tr>\n<tr>\n<td><strong>Karfreitag<\/strong><\/td>\n<td>29 Marz<\/td>\n<td>18. April<\/td>\n<td>3. April<\/td>\n<\/tr>\n<tr>\n<td><strong>Ostermontag<\/strong><\/td>\n<td>1. April<\/td>\n<td>21. April<\/td>\n<td>6. April<\/td>\n<\/tr>\n<tr>\n<td><strong>Maifeiertag<\/strong><\/td>\n<td>6. Mai<\/td>\n<td>5. Mai<\/td>\n<td>4. Mai<\/td>\n<\/tr>\n<tr>\n<td><strong>Fr\u00fchlingsfeiertag<\/strong><\/td>\n<td>27. Mai<\/td>\n<td>26. Mai<\/td>\n<td>25. Mai<\/td>\n<\/tr>\n<tr>\n<td><strong>Sommerfeiertag<\/strong><\/td>\n<td>26. August<\/td>\n<td>25. August<\/td>\n<td>31. August<\/td>\n<\/tr>\n<tr>\n<td><strong>Weihnachtstag<\/strong><\/td>\n<td>25. Dezember<\/td>\n<td>25. Dezember<\/td>\n<td>25. Dezember<\/td>\n<\/tr>\n<tr>\n<td><strong>Zweiter Weihnachtsfeiertag<\/strong><\/td>\n<td>&nbsp;26.Dezember<\/td>\n<td>&nbsp;26.Dezember<\/td>\n<td>&nbsp;28.Dezember<\/td>\n<\/tr>\n<\/tbody>\n<\/table>\n<h3>&nbsp;<\/h3>\n<div class=\"snippet\"> <a class=\"featured-item\" href=\"https:\/\/www.urlaubcornwall.de\/ferienhaeuser.php\"> <span class=\"image-holder\" style=\"background-image: url(' https:\/\/www.urlaubcornwall.de\/blog\/wp-content\/uploads\/2018\/12\/ferienhaus-cornwall-mit-hund.jpg ');\"><\/span> <span class=\"featured-content\"> \n<h2 class=\"featured-title\">Ferienh\u00e4user in Gro\u00dfbritannien zum Verlieben!<\/h2>\n<p class=\"featured-body\">UrlaubCornwall.de hat eine einzigartige Sammlung pers\u00f6nlich inspizierter Ferienh\u00e4user und Ferienwohnungen in Cornwall, S\u00fcdengland und nun auch im gesamten Gro\u00dfbritannien&#8230;. <\/p><\/span> <span class=\"featured-link-holder\"> <span class=\"featured-extra-info\"> \n<p>F\u00fcr Paare, Familien &#038; Gruppen<\/p>\n<\/span> \n<p class=\"featured-link\">DETAILS<\/p>\n<\/span> <\/a><\/div>\n<h3>&nbsp;<\/h3>\n<h2>Feiertage in Schottland<\/h2>\n<h3>&nbsp;<\/h3>\n<p>Die Schotten feiern Neujahr oder Hogmanay \u00fcber 2 oder 3 Tage &#8211; so dass der offizielle Neujahrsfeiertag einen extra Tag mit einschlie\u00dft, der ganz einfach 2. Januarfeiertag oder 2. Neujahrstag genannt wird.<\/p>\n<p>Der Sommerfeiertag wird in <a href=\"https:\/\/www.urlaubcornwall.de\/reiseziel\/schottland.php\">Schottland<\/a> zu Beginn des Augusts gefeiert, jedoch woanders im UK am Ende des August. Doch ziehen Sie bitte in Betracht, dass die meisten schottischen Banken am Ende des Monats auch geschlossen haben, um es den Banken in England gleichzutun.<\/p>\n<p>St. Andrews Day, Der Nationalfeiertag in Schottland, ist ein freiwilliger Feiertag. In Schottland gibt es eine Reihe traditioneller Feiertage, basierend auf der Tradition vor Ort und festgelegt von den Autorit\u00e4ten vor Ort. St Andrews Day kann eine Alternative darstellen, einen dieser \u00f6rtlichen Feiertage zu ersetzen. Banken und Schulen sind an schottischen \u00f6ffentlichen Feiertagen nicht notwendigerweise geschlossen, da sie aus gesch\u00e4ftlichen Gr\u00fcnden England und Wales imitieren. \u00c4hnlich auch bleiben die Banken geschlossen am Ostermontag, der in Schottland nicht als Feiertag gilt.<\/p>\n<table>\n<thead>\n<tr>\n<td><strong>Feiertage<\/strong><\/td>\n<td><strong>2024<\/strong><\/td>\n<td><strong>2025<\/strong><\/td>\n<td><strong>2026<\/strong><\/td>\n<\/tr>\n<\/thead>\n<tbody>\n<tr>\n<td><strong>Neujahrstag<\/strong><\/td>\n<td>1. Januar<\/td>\n<td>1. Januar<\/td>\n<td>1. Januar<\/td>\n<\/tr>\n<tr>\n<td><strong>2. Neujahrstag<\/strong><\/td>\n<td>4. Januar<\/td>\n<td>1. Januar<\/td>\n<td>4. Januar<\/td>\n<\/tr>\n<tr>\n<td><strong>Karfreitag<\/strong><\/td>\n<td>2. April<\/td>\n<td>18. April<\/td>\n<td>3. April<\/td>\n<\/tr>\n<tr>\n<td><strong>Maifeiertag<\/strong><\/td>\n<td>3. Mai<\/td>\n<td>5. Mai<\/td>\n<td>1. Mai<\/td>\n<\/tr>\n<tr>\n<td><strong><\/strong><strong>Fr\u00fchlingsfeiertag<\/strong><\/td>\n<td>31. Mai<\/td>\n<td>26. Mai<\/td>\n<td>29. Mai<\/td>\n<\/tr>\n<tr>\n<td><strong>Sommerfeiertag<\/strong><\/td>\n<td>5. August<\/td>\n<td>4. August<\/td>\n<td>3. August<\/td>\n<\/tr>\n<tr>\n<td><strong>St Andrews Tag<\/strong><\/td>\n<td>2. Dezember<\/td>\n<td>1. Dezember<\/td>\n<td>30. November<\/td>\n<\/tr>\n<tr>\n<td><strong>Weihnachten<\/strong><\/td>\n<td>25. Dezember<\/td>\n<td>25. Dezember<\/td>\n<td>25. Dezember<\/td>\n<\/tr>\n<tr>\n<td><strong>Zweiter Weihnachtsfeiertag<\/strong><\/td>\n<td>26. Dezember<\/td>\n<td>26. Dezember<\/td>\n<td>28. Dezember<\/td>\n<\/tr>\n<\/tbody>\n<\/table>\n<h3>&nbsp;<\/h3>\n<div class=\"snippet\"> <a class=\"featured-item\" href=\" https:\/\/www.urlaubcornwall.de\/ferienhaeuser\/schottland.php\"> <span class=\"image-holder\" style=\"background-image: url(' https:\/\/www.urlaubcornwall.de\/blog\/wp-content\/uploads\/2019\/01\/urlaub-schottland-highlands-1.jpg ');\"><\/span> <span class=\"featured-content\"> \n<h2 class=\"featured-title\">Bei uns finden Sie Ferienh\u00e4user in Schottland zum Verlieben!<\/h2>\n<p class=\"featured-body\">Untenstehend finden Sie eine Auswahl an Ferienh\u00e4usern in Schottland. Hier finden Sie pers\u00f6nlich inspizierte Cottages entlang der schottischen K\u00fcste, in den schottischen Highlands und auf den Inseln&#8230;..<\/p>\n<\/span> <span class=\"featured-link-holder\"> <span class=\"featured-extra-info\"> \n<p>F\u00fcr Paare, Familien &#038; Gruppen<\/p>\n<\/span> \n<p class=\"featured-link\">DETAILS<\/p>\n<\/span> <\/a><\/div>\n<p><script async src=\"https:\/\/pagead2.googlesyndication.com\/pagead\/js\/adsbygoogle.js?client=ca-pub-3901089389175725\"\n     crossorigin=\"anonymous\"><\/script><br \/>\n<!-- New UC --><br \/>\n<ins class=\"adsbygoogle\"\n     style=\"display:block\"\n     data-ad-client=\"ca-pub-3901089389175725\"\n     data-ad-slot=\"8080314818\"\n     data-ad-format=\"auto\"\n     data-full-width-responsive=\"true\"><\/ins><br \/>\n<script>\n     (adsbygoogle = window.adsbygoogle || []).push({});\n<\/script><\/p>\n","protected":false},"excerpt":{"rendered":"<p>Im Gro\u00dfbritannien sind gesetzliche Feiertage bekannt als Bank Holidays, weil die Banken geschlossen haben und Post an diesen Tagen nicht ausgeliefert wird. Sie sollten Feiertage mit in Betracht ziehen, wenn Sie Reisepl\u00e4ne schmieden. Obgleich viele gemeinsame Feiertage in den vier Nationen vorkommen, aus denen das Vereinte K\u00f6nigreich besteht &nbsp;&#8211; England, Wales und Schottland \u2013 gibt [&hellip;]<\/p>\n","protected":false},"author":1,"featured_media":0,"parent":0,"menu_order":0,"comment_status":"closed","ping_status":"closed","template":"single-four.php","meta":[],"acf":[],"yoast_head":"<!-- This site is optimized with the Yoast SEO plugin v19.4 - https:\/\/yoast.com\/wordpress\/plugins\/seo\/ -->\n<title>Feiertage &amp; Bank Holidays in England und Wales und Schottland. - Urlaub &amp; Reisen<\/title>\n<meta name=\"robots\" content=\"index, follow, max-snippet:-1, max-image-preview:large, max-video-preview:-1\" \/>\n<link rel=\"canonical\" href=\"https:\/\/www.urlaubcornwall.de\/blog\/feiertage-bank-holidays-in-england-und-wales-und-schottland\/\" \/>\n<meta property=\"og:locale\" content=\"en_US\" \/>\n<meta property=\"og:type\" content=\"article\" \/>\n<meta property=\"og:title\" content=\"Feiertage &amp; Bank Holidays in England und Wales und Schottland. - Urlaub &amp; Reisen\" \/>\n<meta property=\"og:description\" content=\"Im Gro\u00dfbritannien sind gesetzliche Feiertage bekannt als Bank Holidays, weil die Banken geschlossen haben und Post an diesen Tagen nicht ausgeliefert wird. Sie sollten Feiertage mit in Betracht ziehen, wenn Sie Reisepl\u00e4ne schmieden. Obgleich viele gemeinsame Feiertage in den vier Nationen vorkommen, aus denen das Vereinte K\u00f6nigreich besteht &nbsp;&#8211; England, Wales und Schottland \u2013 gibt [&hellip;]\" \/>\n<meta property=\"og:url\" content=\"https:\/\/www.urlaubcornwall.de\/blog\/feiertage-bank-holidays-in-england-und-wales-und-schottland\/\" \/>\n<meta property=\"og:site_name\" content=\"Urlaub &amp; Reisen\" \/>\n<meta property=\"article:modified_time\" content=\"2026-01-07T10:18:11+00:00\" \/>\n<meta name=\"twitter:card\" content=\"summary\" \/>\n<meta name=\"twitter:label1\" content=\"Est. reading time\" \/>\n\t<meta name=\"twitter:data1\" content=\"3 minutes\" \/>\n<script type=\"application\/ld+json\" class=\"yoast-schema-graph\">{\"@context\":\"https:\/\/schema.org\",\"@graph\":[{\"@type\":\"WebSite\",\"@id\":\"https:\/\/www.urlaubcornwall.de\/blog\/#website\",\"url\":\"https:\/\/www.urlaubcornwall.de\/blog\/\",\"name\":\"Urlaub &amp; Reisen\",\"description\":\"Urlaub, Reisen, Cornwall und S\u00fcdengland: eine perfekte Kombination\",\"potentialAction\":[{\"@type\":\"SearchAction\",\"target\":{\"@type\":\"EntryPoint\",\"urlTemplate\":\"https:\/\/www.urlaubcornwall.de\/blog\/?s={search_term_string}\"},\"query-input\":\"required name=search_term_string\"}],\"inLanguage\":\"en-US\"},{\"@type\":\"WebPage\",\"@id\":\"https:\/\/www.urlaubcornwall.de\/blog\/feiertage-bank-holidays-in-england-und-wales-und-schottland\/\",\"url\":\"https:\/\/www.urlaubcornwall.de\/blog\/feiertage-bank-holidays-in-england-und-wales-und-schottland\/\",\"name\":\"Feiertage & Bank Holidays in England und Wales und Schottland. - Urlaub &amp; Reisen\",\"isPartOf\":{\"@id\":\"https:\/\/www.urlaubcornwall.de\/blog\/#website\"},\"datePublished\":\"2018-07-20T09:16:06+00:00\",\"dateModified\":\"2026-01-07T10:18:11+00:00\",\"breadcrumb\":{\"@id\":\"https:\/\/www.urlaubcornwall.de\/blog\/feiertage-bank-holidays-in-england-und-wales-und-schottland\/#breadcrumb\"},\"inLanguage\":\"en-US\",\"potentialAction\":[{\"@type\":\"ReadAction\",\"target\":[\"https:\/\/www.urlaubcornwall.de\/blog\/feiertage-bank-holidays-in-england-und-wales-und-schottland\/\"]}]},{\"@type\":\"BreadcrumbList\",\"@id\":\"https:\/\/www.urlaubcornwall.de\/blog\/feiertage-bank-holidays-in-england-und-wales-und-schottland\/#breadcrumb\",\"itemListElement\":[{\"@type\":\"ListItem\",\"position\":1,\"name\":\"Home\",\"item\":\"https:\/\/www.urlaubcornwall.de\/blog\/\"},{\"@type\":\"ListItem\",\"position\":2,\"name\":\"Feiertage &#038; Bank Holidays in England und Wales und Schottland.\"}]}]}<\/script>\n<!-- \/ Yoast SEO plugin. -->","yoast_head_json":{"title":"Feiertage & Bank Holidays in England und Wales und Schottland. - Urlaub &amp; Reisen","robots":{"index":"index","follow":"follow","max-snippet":"max-snippet:-1","max-image-preview":"max-image-preview:large","max-video-preview":"max-video-preview:-1"},"canonical":"https:\/\/www.urlaubcornwall.de\/blog\/feiertage-bank-holidays-in-england-und-wales-und-schottland\/","og_locale":"en_US","og_type":"article","og_title":"Feiertage & Bank Holidays in England und Wales und Schottland. - Urlaub &amp; Reisen","og_description":"Im Gro\u00dfbritannien sind gesetzliche Feiertage bekannt als Bank Holidays, weil die Banken geschlossen haben und Post an diesen Tagen nicht ausgeliefert wird. Sie sollten Feiertage mit in Betracht ziehen, wenn Sie Reisepl\u00e4ne schmieden. Obgleich viele gemeinsame Feiertage in den vier Nationen vorkommen, aus denen das Vereinte K\u00f6nigreich besteht &nbsp;&#8211; England, Wales und Schottland \u2013 gibt [&hellip;]","og_url":"https:\/\/www.urlaubcornwall.de\/blog\/feiertage-bank-holidays-in-england-und-wales-und-schottland\/","og_site_name":"Urlaub &amp; Reisen","article_modified_time":"2026-01-07T10:18:11+00:00","twitter_card":"summary","twitter_misc":{"Est. reading time":"3 minutes"},"schema":{"@context":"https:\/\/schema.org","@graph":[{"@type":"WebSite","@id":"https:\/\/www.urlaubcornwall.de\/blog\/#website","url":"https:\/\/www.urlaubcornwall.de\/blog\/","name":"Urlaub &amp; Reisen","description":"Urlaub, Reisen, Cornwall und S\u00fcdengland: eine perfekte Kombination","potentialAction":[{"@type":"SearchAction","target":{"@type":"EntryPoint","urlTemplate":"https:\/\/www.urlaubcornwall.de\/blog\/?s={search_term_string}"},"query-input":"required name=search_term_string"}],"inLanguage":"en-US"},{"@type":"WebPage","@id":"https:\/\/www.urlaubcornwall.de\/blog\/feiertage-bank-holidays-in-england-und-wales-und-schottland\/","url":"https:\/\/www.urlaubcornwall.de\/blog\/feiertage-bank-holidays-in-england-und-wales-und-schottland\/","name":"Feiertage & Bank Holidays in England und Wales und Schottland. - Urlaub &amp; Reisen","isPartOf":{"@id":"https:\/\/www.urlaubcornwall.de\/blog\/#website"},"datePublished":"2018-07-20T09:16:06+00:00","dateModified":"2026-01-07T10:18:11+00:00","breadcrumb":{"@id":"https:\/\/www.urlaubcornwall.de\/blog\/feiertage-bank-holidays-in-england-und-wales-und-schottland\/#breadcrumb"},"inLanguage":"en-US","potentialAction":[{"@type":"ReadAction","target":["https:\/\/www.urlaubcornwall.de\/blog\/feiertage-bank-holidays-in-england-und-wales-und-schottland\/"]}]},{"@type":"BreadcrumbList","@id":"https:\/\/www.urlaubcornwall.de\/blog\/feiertage-bank-holidays-in-england-und-wales-und-schottland\/#breadcrumb","itemListElement":[{"@type":"ListItem","position":1,"name":"Home","item":"https:\/\/www.urlaubcornwall.de\/blog\/"},{"@type":"ListItem","position":2,"name":"Feiertage &#038; Bank Holidays in England und Wales und Schottland."}]}]}},"_links":{"self":[{"href":"https:\/\/www.urlaubcornwall.de\/blog\/wp-json\/wp\/v2\/pages\/33989"}],"collection":[{"href":"https:\/\/www.urlaubcornwall.de\/blog\/wp-json\/wp\/v2\/pages"}],"about":[{"href":"https:\/\/www.urlaubcornwall.de\/blog\/wp-json\/wp\/v2\/types\/page"}],"author":[{"embeddable":true,"href":"https:\/\/www.urlaubcornwall.de\/blog\/wp-json\/wp\/v2\/users\/1"}],"replies":[{"embeddable":true,"href":"https:\/\/www.urlaubcornwall.de\/blog\/wp-json\/wp\/v2\/comments?post=33989"}],"version-history":[{"count":19,"href":"https:\/\/www.urlaubcornwall.de\/blog\/wp-json\/wp\/v2\/pages\/33989\/revisions"}],"predecessor-version":[{"id":52012,"href":"https:\/\/www.urlaubcornwall.de\/blog\/wp-json\/wp\/v2\/pages\/33989\/revisions\/52012"}],"wp:attachment":[{"href":"https:\/\/www.urlaubcornwall.de\/blog\/wp-json\/wp\/v2\/media?parent=33989"}],"curies":[{"name":"wp","href":"https:\/\/api.w.org\/{rel}","templated":true}]}}