{"id":33986,"date":"2018-07-20T09:09:14","date_gmt":"2018-07-20T09:09:14","guid":{"rendered":"https:\/\/www.urlaubcornwall.de\/blog\/?page_id=33986"},"modified":"2024-05-30T14:25:34","modified_gmt":"2024-05-30T14:25:34","slug":"nationalfeiertage-oder-bank-holidays-in-grossbritannien","status":"publish","type":"page","link":"https:\/\/www.urlaubcornwall.de\/blog\/nationalfeiertage-oder-bank-holidays-in-grossbritannien\/","title":{"rendered":"Nationalfeiertage oder \u2018Bank Holidays\u2019 in Gro\u00dfbritannien"},"content":{"rendered":"<p><img loading=\"lazy\" class=\"aligncenter size-full wp-image-20068\" src=\"https:\/\/www.urlaubcornwall.de\/blog\/wp-content\/uploads\/2013\/03\/Bath1.jpg\" alt=\"Nationalfeiertage oder \u2018Bank Holidays\u2019 in Gro\u00dfbritannien\" width=\"744\" height=\"353\" srcset=\"https:\/\/www.urlaubcornwall.de\/blog\/wp-content\/uploads\/2013\/03\/Bath1.jpg 744w, https:\/\/www.urlaubcornwall.de\/blog\/wp-content\/uploads\/2013\/03\/Bath1-300x142.jpg 300w\" sizes=\"(max-width: 744px) 100vw, 744px\" \/><br \/>\n<strong>Was Sie bez\u00fcglich der Nationalfeiertage im UK wissen m\u00fcssen<\/strong><\/p>\n<p>UK Nationalfeiertage werden bank holidays genannt. Finden Sie heraus, weshalb dies so ist und wie es Ihre Urlaubspl\u00e4ne beeinflussen k\u00f6nnten.&nbsp;<\/p>\n<p>Seit 1871 hei\u00dfen Nationalfeiertage in Britannien \u201ebank holidays\u201c. Der Name r\u00fchrt daher, da dies die Tage waren, an denen die Banken f\u00fcr Handelsgesch\u00e4fte geschlossen blieben und die Angestellten sich mit Buchhaltung besch\u00e4ftigten. Der Name und die Tradition, Banken zu schlie\u00dfen, besteht bis heute, doch heutzutage sind \u201ebank holidays\u201c tats\u00e4chlich lediglich eine Rechtfertigung f\u00fcr lange Wochenenden, Einkaufs- und Schn\u00e4ppchenverkaufstage. Was einzig sich nicht ver\u00e4ndert hat, ist die Tatsache, dass die Banken allesamt an diesen Feiertagen geschlossen haben.<\/p>\n<p>F\u00fcr fast alles andere ist es ein normaler Arbeitstag. Es gibt jedoch ein paar Schlie\u00dfungen oder Plan\u00e4nderungen, die Ihren Urlaub beeinflussen k\u00f6nnten. Wenn Sie eine <a href=\"https:\/\/www.urlaubcornwall.de\/reiseziel\/cornwall.php\">Reise nach Cornwall<\/a>, <a href=\"https:\/\/www.urlaubcornwall.de\/\">S\u00fcdengland<\/a>, <a href=\"https:\/\/www.urlaubcornwall.de\/reiseziel\/schottland.php\">Schottland<\/a> und Wales planen, die einen Feiertag beinhaltet, finden Sie hier, was Sie erwarten k\u00f6nnen:<\/p>\n<ul>\n<li>Banken, sowie Poststellen und Regierungs\u00e4mter sind geschlossen.<\/li>\n<li>&nbsp;<\/li>\n<li>Die meisten \u00c4mter sind geschlossen, einschlie\u00dflich Reise- und Buchungsunternehmen.<\/li>\n<li>&nbsp;<\/li>\n<li>Autobahnen und Stra\u00dfen werden voller sein als normalerweise aufgrund des Urlaubsreiseverkehrs.<\/li>\n<li>&nbsp;<\/li>\n<li>Die Warteschlangen an beliebten Familienattraktionen sind l\u00e4nger als sonst. Wenn Sie also Ihren Urlaub nicht gerne mit Kinderscharen teilen m\u00f6chten, macht es Sinn, den Feiertagsreiseverkehr zu vermeiden.<\/li>\n<\/ul>\n<ul>\n<li>Es kann schwieriger sein, Zimmer zu buchen oder w\u00e4hrend der Feiertagswochenenden auch etwas teurer.<\/li>\n<li>&nbsp;<\/li>\n<li>Die meisten gr\u00f6\u00dferen Gesch\u00e4fte sind ge\u00f6ffnet, und einige haben Feiertagssonderangebote. Die einzigen Ausnahmen sind Ostersonntag und der Weihnachtstag, wenn es gesetzesm\u00e4\u00dfig vorgeschrieben ist, dass die gr\u00f6\u00dferen Gesch\u00e4fte geschlossen sind.<\/li>\n<li>&nbsp;<\/li>\n<\/ul>\n<p><strong>Z\u00fcge, Busse, sowie die Londoner Untergrundbahn bieten reduzierten Service. <\/strong><strong>Daher ist es wichtig, dass Sie Ihre Reise an Feiertagen sorgsam planen, wenn Sie mit \u00f6ffentlichen Verkehrsmitteln unterwegs sind.<\/strong><\/p>\n<h3>Feiertagskalender<\/h3>\n<p>Wie auch in anderen L\u00e4ndern hat die Beliebtheit langer Wochenenden im UK dazu gef\u00fchrt, dass nur wenige Feiertage von einem Jahr auf das andere auf exakt dieselben Daten fallen.<\/p>\n<ul>\n<li><strong>Neujahrstag &#8211; <\/strong>1. January oder der Montag, der direkt auf den 1. Januar folgt<\/li>\n<li>&nbsp;<\/li>\n<li><strong>Karfreitag <\/strong>\u2013 der Freitag vor Ostersonntag<\/li>\n<li>&nbsp;<\/li>\n<li><strong>Ostermontag \u2013<\/strong> auf Ostersonntag folgend<\/li>\n<li>&nbsp;<\/li>\n<li><strong>Maifeiertag &#8211;<\/strong> erster Montag im Mai<\/li>\n<li>&nbsp;<\/li>\n<li><strong>Fr\u00fchlingsfeiertag &#8211;<\/strong> letzter Montag im Mai<\/li>\n<li>&nbsp;<\/li>\n<li><strong>Sommerfeiertag &#8211; <\/strong>letzter Montag im August<\/li>\n<li>&nbsp;<\/li>\n<li><strong>Weihnachtstag <\/strong>oder der Montag, der direkt auf Weihnachten folgt, falls Weihnachten auf ein Wochenende f\u00e4llt<\/li>\n<li>&nbsp;<\/li>\n<li><strong>Boxing Day\/Zweiter Weihnachtsfeiertag <\/strong>\u2013 der Tag nach Weihnachten oder der&nbsp;Montag, der folgt, falls der 26.Dezember auf ein Wochenende f\u00e4llt<\/li>\n<\/ul>\n<p>Falls beide, 25. und 26. Dezember auf ein Wochenende fallen, ist der folgende &nbsp;Montag <em>und<\/em> &nbsp;Dienstag Feiertag.<\/p>\n<p><strong>Schottland<\/strong> feiert Ostermontag nicht als Feiertag, wenngleich viele Menchen sich den Tag frei nehmen. Au\u00dferdem ist seit 2007 der St. Andrew&#8217;s Day (30.Nov oder der folgende Montag) ein alternativer Feiertag. Banken haben das Recht, doch nicht die Verpflichtung, geschlossen zu bleiben. Au\u00dferdem k\u00f6nnen einige der jahreszeitlich bedingten Feiertage \u2013 im Fr\u00fchling und dem Sommerende \u2013 an anderen Tagen stattfinden als in England.<\/p>\n<p><a href=\"https:\/\/www.urlaubcornwall.de\/blog\/feiertage-bank-holidays-in-england-und-wales-und-schottland\/\"><strong><u>Finden Sie die genauen Daten f\u00fcr Feiertage des UK im Jahre 2023<\/u><\/strong><\/a><\/p>\n<p>Wenn Sie Feiertagsmassen aus dem Weg gehen wollen und Ihren Urlaub planen, wenn es keine Nationalfeiertage gibt, sind die Monate September, Oktober und November; Januar und Februar, Juni und Juli die idealen Reisemonate. Doch Sie werden wahrscheinlich mit Schulferien konkurrieren und dem, was die Briten Zwischenferien nennen. Im Allgemeinen gibt es Herbstferien \u00fcber ungef\u00e4hr f\u00fcnf Tage Ende Oktober und zu Novemberbeginn.<\/p>\n<p>Die Sommerzwischenferien finden f\u00fcnf Tage lang von Ende Mai bis zu den ersten paar Tagen des Juni statt. Und die Osterferien umfassen zwei volle Wochen. Attraktionen, die auf Familien mit Kindern abzielen, sind wahrscheinlich recht voll und die Preise f\u00fcr Familienunterk\u00fcnfte werden h\u00f6her sein.<\/p>\n","protected":false},"excerpt":{"rendered":"<p>Was Sie bez\u00fcglich der Nationalfeiertage im UK wissen m\u00fcssen UK Nationalfeiertage werden bank holidays genannt. Finden Sie heraus, weshalb dies so ist und wie es Ihre Urlaubspl\u00e4ne beeinflussen k\u00f6nnten.&nbsp; Seit 1871 hei\u00dfen Nationalfeiertage in Britannien \u201ebank holidays\u201c. Der Name r\u00fchrt daher, da dies die Tage waren, an denen die Banken f\u00fcr Handelsgesch\u00e4fte geschlossen blieben und [&hellip;]<\/p>\n","protected":false},"author":1,"featured_media":0,"parent":0,"menu_order":0,"comment_status":"closed","ping_status":"closed","template":"single-four.php","meta":[],"acf":[],"yoast_head":"<!-- This site is optimized with the Yoast SEO plugin v19.4 - https:\/\/yoast.com\/wordpress\/plugins\/seo\/ -->\n<title>Nationalfeiertage oder \u2018Bank Holidays\u2019 in Gro\u00dfbritannien - Urlaub &amp; Reisen<\/title>\n<meta name=\"robots\" content=\"index, follow, max-snippet:-1, max-image-preview:large, max-video-preview:-1\" \/>\n<link rel=\"canonical\" href=\"https:\/\/www.urlaubcornwall.de\/blog\/nationalfeiertage-oder-bank-holidays-in-grossbritannien\/\" \/>\n<meta property=\"og:locale\" content=\"en_US\" \/>\n<meta property=\"og:type\" content=\"article\" \/>\n<meta property=\"og:title\" content=\"Nationalfeiertage oder \u2018Bank Holidays\u2019 in Gro\u00dfbritannien - Urlaub &amp; Reisen\" \/>\n<meta property=\"og:description\" content=\"Was Sie bez\u00fcglich der Nationalfeiertage im UK wissen m\u00fcssen UK Nationalfeiertage werden bank holidays genannt. Finden Sie heraus, weshalb dies so ist und wie es Ihre Urlaubspl\u00e4ne beeinflussen k\u00f6nnten.&nbsp; Seit 1871 hei\u00dfen Nationalfeiertage in Britannien \u201ebank holidays\u201c. Der Name r\u00fchrt daher, da dies die Tage waren, an denen die Banken f\u00fcr Handelsgesch\u00e4fte geschlossen blieben und [&hellip;]\" \/>\n<meta property=\"og:url\" content=\"https:\/\/www.urlaubcornwall.de\/blog\/nationalfeiertage-oder-bank-holidays-in-grossbritannien\/\" \/>\n<meta property=\"og:site_name\" content=\"Urlaub &amp; Reisen\" \/>\n<meta property=\"article:modified_time\" content=\"2024-05-30T14:25:34+00:00\" \/>\n<meta property=\"og:image\" content=\"https:\/\/www.urlaubcornwall.de\/blog\/wp-content\/uploads\/2013\/03\/Bath1.jpg\" \/>\n<meta name=\"twitter:card\" content=\"summary\" \/>\n<meta name=\"twitter:label1\" content=\"Est. reading time\" \/>\n\t<meta name=\"twitter:data1\" content=\"3 minutes\" \/>\n<script type=\"application\/ld+json\" class=\"yoast-schema-graph\">{\"@context\":\"https:\/\/schema.org\",\"@graph\":[{\"@type\":\"WebSite\",\"@id\":\"https:\/\/www.urlaubcornwall.de\/blog\/#website\",\"url\":\"https:\/\/www.urlaubcornwall.de\/blog\/\",\"name\":\"Urlaub &amp; Reisen\",\"description\":\"Urlaub, Reisen, Cornwall und S\u00fcdengland: eine perfekte Kombination\",\"potentialAction\":[{\"@type\":\"SearchAction\",\"target\":{\"@type\":\"EntryPoint\",\"urlTemplate\":\"https:\/\/www.urlaubcornwall.de\/blog\/?s={search_term_string}\"},\"query-input\":\"required name=search_term_string\"}],\"inLanguage\":\"en-US\"},{\"@type\":\"WebPage\",\"@id\":\"https:\/\/www.urlaubcornwall.de\/blog\/nationalfeiertage-oder-bank-holidays-in-grossbritannien\/\",\"url\":\"https:\/\/www.urlaubcornwall.de\/blog\/nationalfeiertage-oder-bank-holidays-in-grossbritannien\/\",\"name\":\"Nationalfeiertage oder \u2018Bank Holidays\u2019 in Gro\u00dfbritannien - Urlaub &amp; Reisen\",\"isPartOf\":{\"@id\":\"https:\/\/www.urlaubcornwall.de\/blog\/#website\"},\"datePublished\":\"2018-07-20T09:09:14+00:00\",\"dateModified\":\"2024-05-30T14:25:34+00:00\",\"breadcrumb\":{\"@id\":\"https:\/\/www.urlaubcornwall.de\/blog\/nationalfeiertage-oder-bank-holidays-in-grossbritannien\/#breadcrumb\"},\"inLanguage\":\"en-US\",\"potentialAction\":[{\"@type\":\"ReadAction\",\"target\":[\"https:\/\/www.urlaubcornwall.de\/blog\/nationalfeiertage-oder-bank-holidays-in-grossbritannien\/\"]}]},{\"@type\":\"BreadcrumbList\",\"@id\":\"https:\/\/www.urlaubcornwall.de\/blog\/nationalfeiertage-oder-bank-holidays-in-grossbritannien\/#breadcrumb\",\"itemListElement\":[{\"@type\":\"ListItem\",\"position\":1,\"name\":\"Home\",\"item\":\"https:\/\/www.urlaubcornwall.de\/blog\/\"},{\"@type\":\"ListItem\",\"position\":2,\"name\":\"Nationalfeiertage oder \u2018Bank Holidays\u2019 in Gro\u00dfbritannien\"}]}]}<\/script>\n<!-- \/ Yoast SEO plugin. -->","yoast_head_json":{"title":"Nationalfeiertage oder \u2018Bank Holidays\u2019 in Gro\u00dfbritannien - Urlaub &amp; Reisen","robots":{"index":"index","follow":"follow","max-snippet":"max-snippet:-1","max-image-preview":"max-image-preview:large","max-video-preview":"max-video-preview:-1"},"canonical":"https:\/\/www.urlaubcornwall.de\/blog\/nationalfeiertage-oder-bank-holidays-in-grossbritannien\/","og_locale":"en_US","og_type":"article","og_title":"Nationalfeiertage oder \u2018Bank Holidays\u2019 in Gro\u00dfbritannien - Urlaub &amp; Reisen","og_description":"Was Sie bez\u00fcglich der Nationalfeiertage im UK wissen m\u00fcssen UK Nationalfeiertage werden bank holidays genannt. Finden Sie heraus, weshalb dies so ist und wie es Ihre Urlaubspl\u00e4ne beeinflussen k\u00f6nnten.&nbsp; Seit 1871 hei\u00dfen Nationalfeiertage in Britannien \u201ebank holidays\u201c. Der Name r\u00fchrt daher, da dies die Tage waren, an denen die Banken f\u00fcr Handelsgesch\u00e4fte geschlossen blieben und [&hellip;]","og_url":"https:\/\/www.urlaubcornwall.de\/blog\/nationalfeiertage-oder-bank-holidays-in-grossbritannien\/","og_site_name":"Urlaub &amp; Reisen","article_modified_time":"2024-05-30T14:25:34+00:00","og_image":[{"url":"https:\/\/www.urlaubcornwall.de\/blog\/wp-content\/uploads\/2013\/03\/Bath1.jpg"}],"twitter_card":"summary","twitter_misc":{"Est. reading time":"3 minutes"},"schema":{"@context":"https:\/\/schema.org","@graph":[{"@type":"WebSite","@id":"https:\/\/www.urlaubcornwall.de\/blog\/#website","url":"https:\/\/www.urlaubcornwall.de\/blog\/","name":"Urlaub &amp; Reisen","description":"Urlaub, Reisen, Cornwall und S\u00fcdengland: eine perfekte Kombination","potentialAction":[{"@type":"SearchAction","target":{"@type":"EntryPoint","urlTemplate":"https:\/\/www.urlaubcornwall.de\/blog\/?s={search_term_string}"},"query-input":"required name=search_term_string"}],"inLanguage":"en-US"},{"@type":"WebPage","@id":"https:\/\/www.urlaubcornwall.de\/blog\/nationalfeiertage-oder-bank-holidays-in-grossbritannien\/","url":"https:\/\/www.urlaubcornwall.de\/blog\/nationalfeiertage-oder-bank-holidays-in-grossbritannien\/","name":"Nationalfeiertage oder \u2018Bank Holidays\u2019 in Gro\u00dfbritannien - Urlaub &amp; Reisen","isPartOf":{"@id":"https:\/\/www.urlaubcornwall.de\/blog\/#website"},"datePublished":"2018-07-20T09:09:14+00:00","dateModified":"2024-05-30T14:25:34+00:00","breadcrumb":{"@id":"https:\/\/www.urlaubcornwall.de\/blog\/nationalfeiertage-oder-bank-holidays-in-grossbritannien\/#breadcrumb"},"inLanguage":"en-US","potentialAction":[{"@type":"ReadAction","target":["https:\/\/www.urlaubcornwall.de\/blog\/nationalfeiertage-oder-bank-holidays-in-grossbritannien\/"]}]},{"@type":"BreadcrumbList","@id":"https:\/\/www.urlaubcornwall.de\/blog\/nationalfeiertage-oder-bank-holidays-in-grossbritannien\/#breadcrumb","itemListElement":[{"@type":"ListItem","position":1,"name":"Home","item":"https:\/\/www.urlaubcornwall.de\/blog\/"},{"@type":"ListItem","position":2,"name":"Nationalfeiertage oder \u2018Bank Holidays\u2019 in Gro\u00dfbritannien"}]}]}},"_links":{"self":[{"href":"https:\/\/www.urlaubcornwall.de\/blog\/wp-json\/wp\/v2\/pages\/33986"}],"collection":[{"href":"https:\/\/www.urlaubcornwall.de\/blog\/wp-json\/wp\/v2\/pages"}],"about":[{"href":"https:\/\/www.urlaubcornwall.de\/blog\/wp-json\/wp\/v2\/types\/page"}],"author":[{"embeddable":true,"href":"https:\/\/www.urlaubcornwall.de\/blog\/wp-json\/wp\/v2\/users\/1"}],"replies":[{"embeddable":true,"href":"https:\/\/www.urlaubcornwall.de\/blog\/wp-json\/wp\/v2\/comments?post=33986"}],"version-history":[{"count":5,"href":"https:\/\/www.urlaubcornwall.de\/blog\/wp-json\/wp\/v2\/pages\/33986\/revisions"}],"predecessor-version":[{"id":51100,"href":"https:\/\/www.urlaubcornwall.de\/blog\/wp-json\/wp\/v2\/pages\/33986\/revisions\/51100"}],"wp:attachment":[{"href":"https:\/\/www.urlaubcornwall.de\/blog\/wp-json\/wp\/v2\/media?parent=33986"}],"curies":[{"name":"wp","href":"https:\/\/api.w.org\/{rel}","templated":true}]}}