{"id":33975,"date":"2018-07-20T08:53:56","date_gmt":"2018-07-20T08:53:56","guid":{"rendered":"https:\/\/www.urlaubcornwall.de\/blog\/?page_id=33975"},"modified":"2024-05-30T14:26:53","modified_gmt":"2024-05-30T14:26:53","slug":"sommergaerten-die-es-in-suedengland-zu-besuchen-gilt-gartenreise-england","status":"publish","type":"page","link":"https:\/\/www.urlaubcornwall.de\/blog\/sommergaerten-die-es-in-suedengland-zu-besuchen-gilt-gartenreise-england\/","title":{"rendered":"Sommerg\u00e4rten, die es in S\u00fcdengland zu besuchen gilt &#8211; Gartenreise England"},"content":{"rendered":"<p><a href=\"https:\/\/www.urlaubcornwall.de\/blog\/wp-content\/uploads\/2024\/03\/gartenreise-england.jpg\"><img loading=\"lazy\" src=\"https:\/\/www.urlaubcornwall.de\/blog\/wp-content\/uploads\/2024\/03\/gartenreise-england.jpg\" alt=\"gartenreise-england\" width=\"742\" height=\"426\" class=\"alignnone size-full wp-image-47912\" srcset=\"https:\/\/www.urlaubcornwall.de\/blog\/wp-content\/uploads\/2024\/03\/gartenreise-england.jpg 742w, https:\/\/www.urlaubcornwall.de\/blog\/wp-content\/uploads\/2024\/03\/gartenreise-england-300x172.jpg 300w\" sizes=\"(max-width: 742px) 100vw, 742px\" \/><\/a><\/p>\n<p>Es gibt w\u00e4hrend Ihres Urlaubs oder <a href=\"https:\/\/www.urlaubcornwall.de\/rundreisenservice.php\">Ihrer Rundreise in England<\/a> so viele G\u00e4rten zu erkunden. Damit wir Ihnen eine pers\u00f6nliche Rundreise zusammenstellen k\u00f6nnen, w\u00e4hrend der Sie diese und weitere wundervolle G\u00e4rten in S\u00fcdengland besuchen k\u00f6nnen, <a href=\"https:\/\/www.urlaubcornwall.de\/reisebuchung.php\">schicken Sie uns bitte hier eine Nachfrage.<\/a><\/p>\n<p>Hier finden Sie ein paar, die w\u00e4hrend des Mittsommers besonders sch\u00f6n sind&#8230;.<\/p>\n<p><a href=\"http:\/\/www.burrowfarmgardens.co.uk\" rel=\"nofollow\"><strong>Burrow Farm Gardens<\/strong><\/a><\/p>\n<p>Dieser k\u00fcnstlerische Garten von 5,2 Hektar bei Axminster in Devon hat ungew\u00f6hnliche B\u00e4ume, Str\u00e4ucher und Kr\u00e4uterpflanzen. Der Garten ist von Fr\u00fchling bis Herbst interessant, wenn die Farben wundervoll sind. Es gibt eine herrliche Wildblumenwiese und einen Gedenkgarten mit Gr\u00e4sern und Sp\u00e4tsommerstauden. Der Garten ist von April bis Oktober ge\u00f6ffnet und der Traum eines jeden Fotografen.<\/p>\n<p><a href=\"http:\/\/www.highgrovegardens.com\" rel=\"nofollow\"><strong>Der k\u00f6nigliche Garten bei Highgrove<\/strong><\/a><\/p>\n<p>Entdecken Sie den wundersch\u00f6nen organischen Garten seiner K\u00f6niglichen Hoheit, des Prinzen von Wales, bei seiner privaten Residenz in den Cotswolds. Mit einem Gartenf\u00fchrer erkunden Sie den 5,6 Hektar gro\u00dfen Garten und sehen, wie der Prinz das Grundst\u00fcck, das ans Haus grenzt, in mehrere exquisite \u201eGartenr\u00e4ume\u201c verwandelt hat, jeder davon in seinem ganz einzigartigen Stil und Charakter. Nach organischen und nachhaltigen Prinzipien gemanagt, sind der Garten und das weitere Grundst\u00fcck ein Paradies f\u00fcr britisches Tierleben. Der Highgrove Garten ist jedes Jahr an besonderen Daten zwischen April und Oktober ge\u00f6ffnet; Eintrittskarten m\u00fcssen im Voraus gebucht werden.<\/p>\n<p><a href=\"http:\/\/www.greenknowe.co.uk\" rel=\"nofollow\"><strong>The Manor<\/strong><\/a><\/p>\n<p>In Hemingford Grey, <a href=\"https:\/\/www.urlaubcornwall.de\/blog\/urlaub-in-cambridge-east-anglia\/\">Cambridgeshire<\/a>, sehen Sie diesen 1,4 Hektar gro\u00dfen Garten, wenn Sie sich entlang des Treidelpfades am Fluss Great Ouse n\u00e4hern. Die langen Kr\u00e4uterbegrenzungen sind gef\u00fcllt mit \u00fcberwiegend duftenden Pflanzen von ganzj\u00e4hrigem Interesse. Der Garten beinhaltet eine wundersch\u00f6ne Sammlung alter Rosen, preisgekr\u00f6nter Iris und &nbsp;Formschnitten. Sie werden begrenzt von einem Graben und dem Fluss. Das mittelalterliche Herrenhaus ist bei Vorbuchung ge\u00f6ffnet. Der Garten ist das ganze Jahr \u00fcber t\u00e4glich ge\u00f6ffnet.<\/p>\n<p><a href=\"http:\/\/www.cerneygardens.com\" rel=\"nofollow\"><strong>Cerney House Gardens<\/strong><\/a><\/p>\n<p>In der N\u00e4he von North Cerney, <a href=\"https:\/\/www.urlaubcornwall.de\/blog\/urlaub-cirencester-unterkunft-sehenswuerdigkeiten-und-geschichte\/\">Cirencester<\/a>, befindet sich der Cerney House Garten, ein romantischer englischer Garten f\u00fcr jede Jahreszeit, wo sich informelle Bepflanzungen vereinen mit einem wundersch\u00f6nen Hintergrund und so eine einzigartige und &nbsp;charmante Atmosph\u00e4re schaffen. Der abgeschiedene viktorianische Mauergarten hat farbenpr\u00e4chtige Kr\u00e4uterbegrenzungen und wundervoll duftende Rosen. Im Gem\u00fcsegarten wachsen herk\u00f6mmliche Gem\u00fcsesorten von der Saat an. Der Garten ist von Januar bis Oktober t\u00e4glich ge\u00f6ffnet; Hunde sind willkommen.<\/p>\n<p><a href=\"http:\/\/www.bishopspalace.org.uk\" rel=\"nofollow\"><strong>Der Bischofspalast &amp; Garten<\/strong><\/a><\/p>\n<p>In Wells, Somerset, haben die spektakul\u00e4ren 5,6 Hektar gro\u00dfen RHS Partnerg\u00e4rten wunderbvolle Fr\u00fchlingsblumen in malerischen, romantischen, formellen und viktorianischen Stilrichtungen. Es gibt ein Wildblumenarboretum, Musterb\u00e4ume, einen zeitgen\u00f6ssischen ruhigen Garten und einen Gemeinschaftsgarten entlang der Wasserf\u00e4lle, Quellenpools, einen Burggraben mit Schw\u00e4nen und einen herrlichen mittelalterlichen Palast. W\u00e4hrend des Sommers gibt es ein Freilichttheater. Der Garten ist das ganze Jahr \u00fcber t\u00e4glich ge\u00f6ffnet.<\/p>\n<p><a href=\"http:\/\/www.miserden.org\" rel=\"nofollow\"><strong>Der Garten bei Miserden<\/strong><\/a><\/p>\n<p>In der N\u00e4he von Stroud, Gloucestershire, bietet dieser zeitlose Garten spektakul\u00e4ren Blick \u00fcber Parkgebiet und die sanften H\u00fcgel der <a href=\"https:\/\/www.urlaubcornwall.de\/reiseziel\/cotswolds.php\">Cotswolds<\/a>. Der Garten wurde im 17. Jahrhundert geschaffen und hat sich einen Hauch Frieden und Ruhe bewahrt. Es gibt umfangreiche Eibenhecken, einschlie\u00dflich eines Eibenformschnittweges, der&nbsp; von &nbsp;&nbsp;Lutyens designt wurde, sowie sorgsam bepflanzte Begrenzungen, die eine breite Vielfalt an Rosen, Klematis und Kr\u00e4uterpflanzen enthalten. Dieser Garten ist ein gesch\u00fctztes, verstecktes Juwel im Herzen der Cotswolds. Ge\u00f6ffnet von Dienstag \u2013 Sonntag, sowie an Feiertagsmontagen.<\/p>\n<p style=\"text-align: center;\"><a class=\"tidycta\" href=\"https:\/\/www.urlaubcornwall.de\/gartenreise.php\">Gartenreisen in England<\/a><\/p>\n","protected":false},"excerpt":{"rendered":"<p>Es gibt w\u00e4hrend Ihres Urlaubs oder Ihrer Rundreise in England so viele G\u00e4rten zu erkunden. Damit wir Ihnen eine pers\u00f6nliche Rundreise zusammenstellen k\u00f6nnen, w\u00e4hrend der Sie diese und weitere wundervolle G\u00e4rten in S\u00fcdengland besuchen k\u00f6nnen, schicken Sie uns bitte hier eine Nachfrage. Hier finden Sie ein paar, die w\u00e4hrend des Mittsommers besonders sch\u00f6n sind&#8230;. Burrow [&hellip;]<\/p>\n","protected":false},"author":1,"featured_media":0,"parent":0,"menu_order":0,"comment_status":"closed","ping_status":"closed","template":"single-four.php","meta":[],"acf":[],"yoast_head":"<!-- This site is optimized with the Yoast SEO plugin v19.4 - https:\/\/yoast.com\/wordpress\/plugins\/seo\/ -->\n<title>Sommerg\u00e4rten, die es in S\u00fcdengland zu besuchen gilt - Gartenreise England - Urlaub &amp; Reisen<\/title>\n<meta name=\"robots\" content=\"index, follow, max-snippet:-1, max-image-preview:large, max-video-preview:-1\" \/>\n<link rel=\"canonical\" href=\"https:\/\/www.urlaubcornwall.de\/blog\/sommergaerten-die-es-in-suedengland-zu-besuchen-gilt-gartenreise-england\/\" \/>\n<meta property=\"og:locale\" content=\"en_US\" \/>\n<meta property=\"og:type\" content=\"article\" \/>\n<meta property=\"og:title\" content=\"Sommerg\u00e4rten, die es in S\u00fcdengland zu besuchen gilt - Gartenreise England - Urlaub &amp; Reisen\" \/>\n<meta property=\"og:description\" content=\"Es gibt w\u00e4hrend Ihres Urlaubs oder Ihrer Rundreise in England so viele G\u00e4rten zu erkunden. Damit wir Ihnen eine pers\u00f6nliche Rundreise zusammenstellen k\u00f6nnen, w\u00e4hrend der Sie diese und weitere wundervolle G\u00e4rten in S\u00fcdengland besuchen k\u00f6nnen, schicken Sie uns bitte hier eine Nachfrage. Hier finden Sie ein paar, die w\u00e4hrend des Mittsommers besonders sch\u00f6n sind&#8230;. Burrow [&hellip;]\" \/>\n<meta property=\"og:url\" content=\"https:\/\/www.urlaubcornwall.de\/blog\/sommergaerten-die-es-in-suedengland-zu-besuchen-gilt-gartenreise-england\/\" \/>\n<meta property=\"og:site_name\" content=\"Urlaub &amp; Reisen\" \/>\n<meta property=\"article:modified_time\" content=\"2024-05-30T14:26:53+00:00\" \/>\n<meta property=\"og:image\" content=\"https:\/\/www.urlaubcornwall.de\/blog\/wp-content\/uploads\/2024\/03\/gartenreise-england.jpg\" \/>\n<meta name=\"twitter:card\" content=\"summary\" \/>\n<meta name=\"twitter:label1\" content=\"Est. reading time\" \/>\n\t<meta name=\"twitter:data1\" content=\"4 minutes\" \/>\n<script type=\"application\/ld+json\" class=\"yoast-schema-graph\">{\"@context\":\"https:\/\/schema.org\",\"@graph\":[{\"@type\":\"WebSite\",\"@id\":\"https:\/\/www.urlaubcornwall.de\/blog\/#website\",\"url\":\"https:\/\/www.urlaubcornwall.de\/blog\/\",\"name\":\"Urlaub &amp; Reisen\",\"description\":\"Urlaub, Reisen, Cornwall und S\u00fcdengland: eine perfekte Kombination\",\"potentialAction\":[{\"@type\":\"SearchAction\",\"target\":{\"@type\":\"EntryPoint\",\"urlTemplate\":\"https:\/\/www.urlaubcornwall.de\/blog\/?s={search_term_string}\"},\"query-input\":\"required name=search_term_string\"}],\"inLanguage\":\"en-US\"},{\"@type\":\"WebPage\",\"@id\":\"https:\/\/www.urlaubcornwall.de\/blog\/sommergaerten-die-es-in-suedengland-zu-besuchen-gilt-gartenreise-england\/\",\"url\":\"https:\/\/www.urlaubcornwall.de\/blog\/sommergaerten-die-es-in-suedengland-zu-besuchen-gilt-gartenreise-england\/\",\"name\":\"Sommerg\u00e4rten, die es in S\u00fcdengland zu besuchen gilt - Gartenreise England - Urlaub &amp; Reisen\",\"isPartOf\":{\"@id\":\"https:\/\/www.urlaubcornwall.de\/blog\/#website\"},\"datePublished\":\"2018-07-20T08:53:56+00:00\",\"dateModified\":\"2024-05-30T14:26:53+00:00\",\"breadcrumb\":{\"@id\":\"https:\/\/www.urlaubcornwall.de\/blog\/sommergaerten-die-es-in-suedengland-zu-besuchen-gilt-gartenreise-england\/#breadcrumb\"},\"inLanguage\":\"en-US\",\"potentialAction\":[{\"@type\":\"ReadAction\",\"target\":[\"https:\/\/www.urlaubcornwall.de\/blog\/sommergaerten-die-es-in-suedengland-zu-besuchen-gilt-gartenreise-england\/\"]}]},{\"@type\":\"BreadcrumbList\",\"@id\":\"https:\/\/www.urlaubcornwall.de\/blog\/sommergaerten-die-es-in-suedengland-zu-besuchen-gilt-gartenreise-england\/#breadcrumb\",\"itemListElement\":[{\"@type\":\"ListItem\",\"position\":1,\"name\":\"Home\",\"item\":\"https:\/\/www.urlaubcornwall.de\/blog\/\"},{\"@type\":\"ListItem\",\"position\":2,\"name\":\"Sommerg\u00e4rten, die es in S\u00fcdengland zu besuchen gilt &#8211; Gartenreise England\"}]}]}<\/script>\n<!-- \/ Yoast SEO plugin. -->","yoast_head_json":{"title":"Sommerg\u00e4rten, die es in S\u00fcdengland zu besuchen gilt - Gartenreise England - Urlaub &amp; Reisen","robots":{"index":"index","follow":"follow","max-snippet":"max-snippet:-1","max-image-preview":"max-image-preview:large","max-video-preview":"max-video-preview:-1"},"canonical":"https:\/\/www.urlaubcornwall.de\/blog\/sommergaerten-die-es-in-suedengland-zu-besuchen-gilt-gartenreise-england\/","og_locale":"en_US","og_type":"article","og_title":"Sommerg\u00e4rten, die es in S\u00fcdengland zu besuchen gilt - Gartenreise England - Urlaub &amp; Reisen","og_description":"Es gibt w\u00e4hrend Ihres Urlaubs oder Ihrer Rundreise in England so viele G\u00e4rten zu erkunden. Damit wir Ihnen eine pers\u00f6nliche Rundreise zusammenstellen k\u00f6nnen, w\u00e4hrend der Sie diese und weitere wundervolle G\u00e4rten in S\u00fcdengland besuchen k\u00f6nnen, schicken Sie uns bitte hier eine Nachfrage. Hier finden Sie ein paar, die w\u00e4hrend des Mittsommers besonders sch\u00f6n sind&#8230;. Burrow [&hellip;]","og_url":"https:\/\/www.urlaubcornwall.de\/blog\/sommergaerten-die-es-in-suedengland-zu-besuchen-gilt-gartenreise-england\/","og_site_name":"Urlaub &amp; Reisen","article_modified_time":"2024-05-30T14:26:53+00:00","og_image":[{"url":"https:\/\/www.urlaubcornwall.de\/blog\/wp-content\/uploads\/2024\/03\/gartenreise-england.jpg"}],"twitter_card":"summary","twitter_misc":{"Est. reading time":"4 minutes"},"schema":{"@context":"https:\/\/schema.org","@graph":[{"@type":"WebSite","@id":"https:\/\/www.urlaubcornwall.de\/blog\/#website","url":"https:\/\/www.urlaubcornwall.de\/blog\/","name":"Urlaub &amp; Reisen","description":"Urlaub, Reisen, Cornwall und S\u00fcdengland: eine perfekte Kombination","potentialAction":[{"@type":"SearchAction","target":{"@type":"EntryPoint","urlTemplate":"https:\/\/www.urlaubcornwall.de\/blog\/?s={search_term_string}"},"query-input":"required name=search_term_string"}],"inLanguage":"en-US"},{"@type":"WebPage","@id":"https:\/\/www.urlaubcornwall.de\/blog\/sommergaerten-die-es-in-suedengland-zu-besuchen-gilt-gartenreise-england\/","url":"https:\/\/www.urlaubcornwall.de\/blog\/sommergaerten-die-es-in-suedengland-zu-besuchen-gilt-gartenreise-england\/","name":"Sommerg\u00e4rten, die es in S\u00fcdengland zu besuchen gilt - Gartenreise England - Urlaub &amp; Reisen","isPartOf":{"@id":"https:\/\/www.urlaubcornwall.de\/blog\/#website"},"datePublished":"2018-07-20T08:53:56+00:00","dateModified":"2024-05-30T14:26:53+00:00","breadcrumb":{"@id":"https:\/\/www.urlaubcornwall.de\/blog\/sommergaerten-die-es-in-suedengland-zu-besuchen-gilt-gartenreise-england\/#breadcrumb"},"inLanguage":"en-US","potentialAction":[{"@type":"ReadAction","target":["https:\/\/www.urlaubcornwall.de\/blog\/sommergaerten-die-es-in-suedengland-zu-besuchen-gilt-gartenreise-england\/"]}]},{"@type":"BreadcrumbList","@id":"https:\/\/www.urlaubcornwall.de\/blog\/sommergaerten-die-es-in-suedengland-zu-besuchen-gilt-gartenreise-england\/#breadcrumb","itemListElement":[{"@type":"ListItem","position":1,"name":"Home","item":"https:\/\/www.urlaubcornwall.de\/blog\/"},{"@type":"ListItem","position":2,"name":"Sommerg\u00e4rten, die es in S\u00fcdengland zu besuchen gilt &#8211; Gartenreise England"}]}]}},"_links":{"self":[{"href":"https:\/\/www.urlaubcornwall.de\/blog\/wp-json\/wp\/v2\/pages\/33975"}],"collection":[{"href":"https:\/\/www.urlaubcornwall.de\/blog\/wp-json\/wp\/v2\/pages"}],"about":[{"href":"https:\/\/www.urlaubcornwall.de\/blog\/wp-json\/wp\/v2\/types\/page"}],"author":[{"embeddable":true,"href":"https:\/\/www.urlaubcornwall.de\/blog\/wp-json\/wp\/v2\/users\/1"}],"replies":[{"embeddable":true,"href":"https:\/\/www.urlaubcornwall.de\/blog\/wp-json\/wp\/v2\/comments?post=33975"}],"version-history":[{"count":6,"href":"https:\/\/www.urlaubcornwall.de\/blog\/wp-json\/wp\/v2\/pages\/33975\/revisions"}],"predecessor-version":[{"id":51101,"href":"https:\/\/www.urlaubcornwall.de\/blog\/wp-json\/wp\/v2\/pages\/33975\/revisions\/51101"}],"wp:attachment":[{"href":"https:\/\/www.urlaubcornwall.de\/blog\/wp-json\/wp\/v2\/media?parent=33975"}],"curies":[{"name":"wp","href":"https:\/\/api.w.org\/{rel}","templated":true}]}}