{"id":33959,"date":"2018-07-19T09:57:39","date_gmt":"2018-07-19T09:57:39","guid":{"rendered":"https:\/\/www.urlaubcornwall.de\/blog\/?page_id=33959"},"modified":"2024-05-30T11:46:52","modified_gmt":"2024-05-30T11:46:52","slug":"gruende-dafuer-weshalb-sie-grossbritannien-besuchen-muessen","status":"publish","type":"page","link":"https:\/\/www.urlaubcornwall.de\/blog\/gruende-dafuer-weshalb-sie-grossbritannien-besuchen-muessen\/","title":{"rendered":"Gr\u00fcnde daf\u00fcr, weshalb Sie Gro\u00dfbritannien besuchen m\u00fcssen"},"content":{"rendered":"<p>Das Vereinigte K\u00f6nigreich eignet sich gro\u00dfartig f\u00fcr einen Besuch. Tats\u00e4chlich haben <a href=\"https:\/\/www.urlaubcornwall.de\/reiseziel\/england.php\">England<\/a>, <a href=\"https:\/\/www.urlaubcornwall.de\/reiseziel\/schottland.php\">Schottland<\/a>, <a href=\"https:\/\/www.urlaubcornwall.de\/reiseziel\/wales.php\">Wales<\/a> und <a href=\"https:\/\/www.urlaubcornwall.de\/Scilly-Inseln.php\">die Inseln<\/a> allesamt gro\u00dfartige Reise- und Urlaubsziele und haben f\u00fcr jedermann etwas zu bieten \u2013 Alleinreisenden, Paaren und Familien. Ob Sie nun planen, w\u00e4hrend Ihres n\u00e4chsten Urlaubs zu fliegen oder die F\u00e4hre zu nehmen und mit dem Auto zu fahren, so finden Sie hier einige gute Gr\u00fcnde f\u00fcr einen Besuch &nbsp;Englands und den Rest des UK.<\/p>\n<p><img loading=\"lazy\" class=\"aligncenter size-full wp-image-27942\" src=\"https:\/\/www.urlaubcornwall.de\/blog\/wp-content\/uploads\/2017\/06\/wales-strand-mit-hund.jpg\" alt=\"Gr\u00fcnde daf\u00fcr, weshalb Sie Gro\u00dfbritannien besuchen m\u00fcssen\" width=\"748\" height=\"394\" srcset=\"https:\/\/www.urlaubcornwall.de\/blog\/wp-content\/uploads\/2017\/06\/wales-strand-mit-hund.jpg 747w, https:\/\/www.urlaubcornwall.de\/blog\/wp-content\/uploads\/2017\/06\/wales-strand-mit-hund-300x158.jpg 300w\" sizes=\"(max-width: 748px) 100vw, 748px\" \/><\/p>\n<p><strong>Herrlicher Blick und wundervolle Landschaft <\/strong><\/p>\n<p>Die Naturgewalten Wind, Meer und Eis haben vereint diesem relativ kleinen Inselk\u00f6nigreich eine erstaunliche Vielfalt an Landschaften gegeben\u2026.und allesamt in recht kurzer Entfernung voneinander. Niemand im UK ist jemals mehr als zwei Stunden vom Meer entfernt. Es gibt Berge und Reihen majest\u00e4tischer H\u00fcgel, sanft sich dahin schwingendes Bauernland, wilde Heiden und Moorgebiete, herrliche Seen und sanfte, liebliche T\u00e4ler und B\u00e4che.<\/p>\n<p><a href=\"https:\/\/www.urlaubcornwall.de\/reiseziel\/cornwall.php\">Cornwall &#8211; Ihr Traumurlaub beginnt hier!<\/a><\/p>\n<p><a href=\"https:\/\/www.urlaubcornwall.de\/reiseziel\/lake-district-nationalpark.php\">Urlaub im Lake District Nationalpark und Cumbria<\/a><\/p>\n<p><a href=\"https:\/\/www.urlaubcornwall.de\/blog\/urlaub-in-snowdonia-sehenswuerdigkeiten-und-unterkunft\/\">Snowdonia &#8211; zerkl\u00fcfteten vulkanischen Bergspitzen und dem Mount Snowdon<\/a><\/p>\n<p><a href=\"https:\/\/www.urlaubcornwall.de\/reiseziel\/dorset.php\">Dorset &#8211; atemberaubenden K\u00fcstenabschnitten und Landschaften<\/a><\/p>\n<p><img loading=\"lazy\" class=\"aligncenter size-full wp-image-33960\" src=\"https:\/\/www.urlaubcornwall.de\/blog\/wp-content\/uploads\/2018\/07\/urlaub-brighton-am-meer.jpg\" alt=\"urlaub brighton am meer\" width=\"748\" height=\"390\"\/><\/p>\n<p><strong>Gro\u00dfartige kleinere und gr\u00f6\u00dfere St\u00e4dte <\/strong><\/p>\n<p>Es ist allgemein bekannt, dass London eine der gro\u00dfartigsten St\u00e4dte der Welt ist, doch dies ist nur der Anfang. Englands Gro\u00dfst\u00e4dte und St\u00e4dte haben Besuchern eine Menge zu bieten \u2013 angefangen mit der Musikszene in Liverpool \u00fcber die herrliche asiatische Kultur und Speisen in Birmingham, bis hin zur Geschichte der Universit\u00e4tsst\u00e4dte Oxford und Cambridge. Erkunden Sie die mittelalterlichen Stra\u00dfen und Passagen von York oder die lebendige Kunstszene von Glasgow. Edinburgh Castle schaut hinunter auf die quirlige Hauptstadt Schottlands, wo das weltbekannte Festival stattfindet.<\/p>\n<p><a href=\"https:\/\/www.urlaubcornwall.de\/blog\/urlaub-in-oxford-unterkunft-sehenswuerdigkeiten-und-geschichte\/\">Urlaub in Oxford &#8211;&nbsp; Sehensw\u00fcrdigkeiten und Geschichte<\/a><\/p>\n<p><a href=\"https:\/\/www.urlaubcornwall.de\/blog\/urlaub-in-oxford-unterkunft-sehenswuerdigkeiten-und-geschichte\/\">Cambridge- eine Stadt f\u00fcr jede Jahreszeit<\/a><\/p>\n<p><a href=\"https:\/\/www.urlaubcornwall.de\/blog\/reisetipps-fuer-edinburgh-unsere-top-10-sie-sie-sehen-und-erleben-sollten\/\">Reisetipps f\u00fcr Edinburgh: Unsere Top 10, sie Sie sehen und erleben sollten.<\/a><\/p>\n<p><a href=\"https:\/\/www.urlaubcornwall.de\/blog\/urlaub-in-brighton-sussex-sehenswuerdigkeiten-unterkunft-und-geschichte\/\">Brighton &#8211; London am Meer<\/a><\/p>\n<p><img loading=\"lazy\" class=\"aligncenter size-full wp-image-19256\" src=\"https:\/\/www.urlaubcornwall.de\/blog\/wp-content\/uploads\/2015\/06\/DSC_0435.jpg\" alt=\"Steinkreise cornwall \" width=\"748\" height=\"400\"\/><\/p>\n<p><strong>Reiche und faszinierende Geschichte<\/strong><\/p>\n<p>Die lange Geschichte Gro\u00dfbritanniens \u00fcber haben Wellen um Wellen an Eroberern und Migranten das Land geformt, indem jede faszinierende Spuren zur\u00fcckgelassen hat, die Besucher nun erkunden k\u00f6nnen. Von den pr\u00e4historischen Briten, die Stonehenge schufen, den Kelten von Wales und Schottland \u00fcber die Vickinger, R\u00f6mer und Burgen bauende Normannen; so haben sie alle beigetragen zum reichen Erbe des Landes.<\/p>\n<p><a href=\"https:\/\/www.urlaubcornwall.de\/blog\/legenden-und-geschichte-cornwalls\/\">Legenden und Geschichte Cornwalls<\/a><\/p>\n<p><a href=\"https:\/\/www.urlaubcornwall.de\/blog\/cornwalls-verlorene-ruinen-und-antike-steinkreise\/\">Cornwalls verlorene Ruinen und antike Steinkreise<\/a><\/p>\n<p><a href=\"https:\/\/www.urlaubcornwall.de\/reiseziel\/wales.php\">Urlaub in Wales: Entdecken Sie die Mythen und Legenden<\/a><\/p>\n<p><img loading=\"lazy\" class=\"aligncenter size-full wp-image-23139\" src=\"https:\/\/www.urlaubcornwall.de\/blog\/wp-content\/uploads\/2016\/02\/schoene-Blick-in-Cornwall.jpg\" alt=\"Die gro\u00dfartige britische Kneipe\" width=\"748\" height=\"366\"\/><\/p>\n<p><strong>Die gro\u00dfartige britische Kneipe<\/strong><\/p>\n<p>Die besten britischen Kneipe sind mehr als nur Orte zum Essen und Trinken; viele bieten \u00dcbernachtungsm\u00f6glichkeiten an und einige sogar auch mit Michelin Sternen ausgezeichnete Speisen. Sie sind Wahrzeichen der Best\u00e4ndigkeit, die seit Hunderten von Jahren an derselben Stelle existieren. Ihre Namen erz\u00e4hlen Geschichten, die oft verbunden sind mit der Geschichte vor Ort, Gesetzesbrechern, Kriegen und Gebr\u00e4uchen. Ihre Architektur \u2014 sei es nun Halbfachwerk, reetgedeckte oder aus Ziegelsteinen bestehende D\u00e4cher \u2013 sie tr\u00e4gt zum Charakter ihrer D\u00f6rfer bei.<\/p>\n<p><a href=\"https:\/\/www.urlaubcornwall.de\/blog\/atemberaubender-blick-in-cornwall-restaurants-und-kneipen-am-meer\/\">Cornwall &#8211; Restaurants und Kneipen am Meer<\/a><\/p>\n<p><strong>Gro\u00dfartige Festivals und Events von Weltklasse<\/strong><\/p>\n<p>Einige der weltgr\u00f6\u00dften regelm\u00e4\u00dfigen Events ziehen Jahr f\u00fcr Jahr Besucher nach Gro\u00dfbritannien. In England kommt fast alles f\u00fcr vierzehn Tage zum Stillstand wegen Wimbledon, dem gr\u00f6\u00dften Tennisturnier. Die ikonischen Open Golf Wettk\u00e4mpfe finden im &nbsp;Juli jedes Jahr an einem anderen Golfplatz am Meer statt, einschlie\u00dflich Troon, St Andrews, Sandwich und Royal Birkdale. Oben in Schottland bewegen sich w\u00e4hrend des gesamten Monats August Tausende w\u00e4hrend des Edinburgh Festivals, der weltgr\u00f6\u00dften Party darstellender K\u00fcnste, von einer Veranstaltung zur n\u00e4chsten.<\/p>\n<p><a href=\"https:\/\/www.urlaubcornwall.de\/blog\/golfreisen-golfurlaub-schottland\/\">Golfreisen &amp; Golfurlaub in Schottland<\/a><\/p>\n<p><img loading=\"lazy\" class=\"aligncenter size-full wp-image-33962\" src=\"https:\/\/www.urlaubcornwall.de\/blog\/wp-content\/uploads\/2018\/07\/Ikonische-Architektur-england.jpg\" alt=\"Ikonische Architektur england\" width=\"748\" height=\"392\"\/><\/p>\n<p><strong>Ikonische Architektur <\/strong><\/p>\n<p>Reetgedeckte Cottages, M\u00e4rchenburgen, hoch aufragende Kathedralen, herrschaftliche H\u00e4user \u2013 Gro\u00dfbritannien hat all dies. Die Fachwerkstra\u00dfen von Chester, <a href=\"https:\/\/www.urlaubcornwall.de\/ferienhaeuser\/cotswolds.php\">honigfarbene Steincottages der Cotswolds<\/a> sind durch und durch englisch. Soviel dazu, was dem Vereinigten K\u00f6nigreich seine einzigartige Besucheranziehung verleiht; es sind die historischen Geb\u00e4ude, die seine romantische Vergangenheit wiedererwecken.<\/p>\n<p><a href=\"https:\/\/www.urlaubcornwall.de\/reiseziel\/cotswolds.php\">Urlaub in den Cotswolds, typisch englisch!<\/a><\/p>\n<p><a href=\"https:\/\/www.urlaubcornwall.de\/blog\/die-besten-herrenhaeuser-in-suedengland\/\">Die besten Herrenh\u00e4user im S\u00fcden Englands<\/a><\/p>\n<p><img loading=\"lazy\" class=\"aligncenter size-full wp-image-33963\" src=\"https:\/\/www.urlaubcornwall.de\/blog\/wp-content\/uploads\/2018\/07\/restaurant-england.jpg\" alt=\"Gro\u00dfartiges britisches Essen \" width=\"748\" height=\"392\" srcset=\"https:\/\/www.urlaubcornwall.de\/blog\/wp-content\/uploads\/2018\/07\/restaurant-england.jpg 748w, https:\/\/www.urlaubcornwall.de\/blog\/wp-content\/uploads\/2018\/07\/restaurant-england-300x157.jpg 300w\" sizes=\"(max-width: 748px) 100vw, 748px\" \/><\/p>\n<p><strong>Gro\u00dfartiges britisches Essen <\/strong><\/p>\n<p>Im Laufe von ein paar Jahrzehnten hat Britannien seinen schrecklichen Ruf bez\u00fcglich des Essens abgesch\u00fcttelt und wurde zu einem Zentrum feinen Speisens. London rivalisiert in der Tat mit Paris und stellt New York in den Schatten, was Michelin Sterne betrifft. &nbsp;Der Rest des UK liegt mit Cornwall nicht weit zur\u00fcck, dem Zuhause der besten Meeresfr\u00fcchte und somit wegweisend. Es gibt inzwischen eine gro\u00dfe Nachfrage nach hervorragendem Speiseerlebnis, die noch talentiertere K\u00f6che dazu inspiriert, Caf\u00e9s, Bistros und Restaurants im gesamten Land zu er\u00f6ffnen.\u200b<\/p>\n<p><a href=\"https:\/\/www.urlaubcornwall.de\/blog\/cornwalls-beste-geheime-restaurants\/\">Cornwalls beste geheime Restaurants<\/a><\/p>\n<p><a href=\"https:\/\/www.urlaubcornwall.de\/blog\/cornwalls-kulinarische-spezialitaeten-essen-und-trinken\/\">Cornwalls kulinarische Spezialit\u00e4ten \u2013 Essen und Trinken<\/a><\/p>\n<p><img loading=\"lazy\" class=\"aligncenter size-full wp-image-22879\" src=\"https:\/\/www.urlaubcornwall.de\/blog\/wp-content\/uploads\/2016\/01\/amberley-schloss-garten-1.jpg\" alt=\"Die gro\u00dfartigsten G\u00e4rten der Welt\" width=\"748\" height=\"335\"\/><\/p>\n<p><strong>Die gro\u00dfartigsten G\u00e4rten der Welt<\/strong><\/p>\n<p>Als sich das britische Reich im fr\u00fchen 17. Jahrhundert ausdehnte, erkundeten der Adel und H\u00e4ndler exotische Orte, aus denen sie ungew\u00f6hnliche Pflanzensorten mitbrachten. Ein traditionelles britisches Interesse an Gartenbau, das relativ milde Klima des UK, ein fr\u00fches Interesse an Landschaftsbau als Kunstform, sowie das Gl\u00fccksgenie des 18. Jahrhunderts, Landschaftsg\u00e4rtner Lancelot &#8220;Capability&#8221; Brown, haben eine Menge an wundersch\u00f6nen und faszinierenden G\u00e4rten in ganz Britannien geschaffen. G\u00e4rten wie diese:<\/p>\n<p><a href=\"https:\/\/www.urlaubcornwall.de\/blog\/cornwalls-versteckt-gelegene-gaerten\/\">Die 6 sch\u00f6nsten G\u00e4rten \u2013 Cornwalls versteckt gelegene G\u00e4rten<\/a><\/p>\n<p><a href=\"https:\/\/www.urlaubcornwall.de\/blog\/gaerten-schloesser-burgen-und-herrenhaeuser-in-kent\/\">G\u00e4rten, Schl\u00f6sser, Burgen und Herrenh\u00e4user in Kent<\/a><\/p>\n<p><a href=\"https:\/\/www.urlaubcornwall.de\/blog\/gaerten-in-suedengland-die-sie-besuchen-muessen\/\">Die besten G\u00e4rten in S\u00fcdengland, die Sie besuchen m\u00fcssen<\/a><\/p>\n<p><strong>Die gro\u00dfartige britische k\u00f6nigliche Familie <\/strong><\/p>\n<p>Die Macht der K\u00f6nigin ist heutzutage zumeist eine symbolische, doch kann mit Sicherheit nicht vergessen werden, dass das Vereinigte K\u00f6nigreich eine Monarchie ist \u2013 dies ist sogar Teil seines Namens! Ob sie nun K\u00f6nigsanh\u00e4nger oder Republikaner sind\u2014und in Britannien finden Sie beide Meinungsrichtungen\u2014ist die k\u00f6nigliche Familie doch eingewoben in das Gewebe des Lebens. Ihr Kommen und Gehen, ihre H\u00e4user und die Veranstaltungen, die sie traditionellerweise besuchen, sind f\u00fcr Besucher und Einheimische gleicherma\u00dfen ein gro\u00dfartiges Spektakel. Wenn Sie also Gro\u00dfbritannien besuchen, m\u00fcssen Sie sich unbedingt auch die k\u00f6niglichen Hoheiten anschauen.<\/p>\n<p><a href=\"https:\/\/www.urlaubcornwall.de\/blog\/londons-historische-koenigliche-parkanlagen-und-gaerten\/\">Londons sch\u00f6nsten historische k\u00f6nigliche Parkanlagen und G\u00e4rten<\/a><\/p>\n<p><a href=\"https:\/\/www.urlaubcornwall.de\/blog\/schloss-windsor-historische-haeuser-gaerten-berkshire\/\">Schloss Windsor, Historische H\u00e4user &amp; G\u00e4rten in der k\u00f6niglichen Grafschaft Berkshire<\/a><\/p>\n<p><a href=\"https:\/\/www.urlaubcornwall.de\/blog\/die-besten-london-urlaub-tipps-urlaubcornwall-de\/\">K\u00f6nigliche Tradition &#8211; Urlaubstipps London<\/a><\/p>\n","protected":false},"excerpt":{"rendered":"<p>Das Vereinigte K\u00f6nigreich eignet sich gro\u00dfartig f\u00fcr einen Besuch. Tats\u00e4chlich haben England, Schottland, Wales und die Inseln allesamt gro\u00dfartige Reise- und Urlaubsziele und haben f\u00fcr jedermann etwas zu bieten \u2013 Alleinreisenden, Paaren und Familien. Ob Sie nun planen, w\u00e4hrend Ihres n\u00e4chsten Urlaubs zu fliegen oder die F\u00e4hre zu nehmen und mit dem Auto zu fahren, [&hellip;]<\/p>\n","protected":false},"author":1,"featured_media":0,"parent":0,"menu_order":0,"comment_status":"closed","ping_status":"closed","template":"single-four.php","meta":[],"acf":[],"yoast_head":"<!-- This site is optimized with the Yoast SEO plugin v19.4 - https:\/\/yoast.com\/wordpress\/plugins\/seo\/ -->\n<title>Gr\u00fcnde daf\u00fcr, weshalb Sie Gro\u00dfbritannien besuchen m\u00fcssen - Urlaub &amp; Reisen<\/title>\n<meta name=\"robots\" content=\"index, follow, max-snippet:-1, max-image-preview:large, max-video-preview:-1\" \/>\n<link rel=\"canonical\" href=\"https:\/\/www.urlaubcornwall.de\/blog\/gruende-dafuer-weshalb-sie-grossbritannien-besuchen-muessen\/\" \/>\n<meta property=\"og:locale\" content=\"en_US\" \/>\n<meta property=\"og:type\" content=\"article\" \/>\n<meta property=\"og:title\" content=\"Gr\u00fcnde daf\u00fcr, weshalb Sie Gro\u00dfbritannien besuchen m\u00fcssen - Urlaub &amp; Reisen\" \/>\n<meta property=\"og:description\" content=\"Das Vereinigte K\u00f6nigreich eignet sich gro\u00dfartig f\u00fcr einen Besuch. Tats\u00e4chlich haben England, Schottland, Wales und die Inseln allesamt gro\u00dfartige Reise- und Urlaubsziele und haben f\u00fcr jedermann etwas zu bieten \u2013 Alleinreisenden, Paaren und Familien. Ob Sie nun planen, w\u00e4hrend Ihres n\u00e4chsten Urlaubs zu fliegen oder die F\u00e4hre zu nehmen und mit dem Auto zu fahren, [&hellip;]\" \/>\n<meta property=\"og:url\" content=\"https:\/\/www.urlaubcornwall.de\/blog\/gruende-dafuer-weshalb-sie-grossbritannien-besuchen-muessen\/\" \/>\n<meta property=\"og:site_name\" content=\"Urlaub &amp; Reisen\" \/>\n<meta property=\"article:modified_time\" content=\"2024-05-30T11:46:52+00:00\" \/>\n<meta property=\"og:image\" content=\"https:\/\/www.urlaubcornwall.de\/blog\/wp-content\/uploads\/2017\/06\/wales-strand-mit-hund.jpg\" \/>\n<meta name=\"twitter:card\" content=\"summary\" \/>\n<meta name=\"twitter:label1\" content=\"Est. reading time\" \/>\n\t<meta name=\"twitter:data1\" content=\"6 minutes\" \/>\n<script type=\"application\/ld+json\" class=\"yoast-schema-graph\">{\"@context\":\"https:\/\/schema.org\",\"@graph\":[{\"@type\":\"WebSite\",\"@id\":\"https:\/\/www.urlaubcornwall.de\/blog\/#website\",\"url\":\"https:\/\/www.urlaubcornwall.de\/blog\/\",\"name\":\"Urlaub &amp; Reisen\",\"description\":\"Urlaub, Reisen, Cornwall und S\u00fcdengland: eine perfekte Kombination\",\"potentialAction\":[{\"@type\":\"SearchAction\",\"target\":{\"@type\":\"EntryPoint\",\"urlTemplate\":\"https:\/\/www.urlaubcornwall.de\/blog\/?s={search_term_string}\"},\"query-input\":\"required name=search_term_string\"}],\"inLanguage\":\"en-US\"},{\"@type\":\"WebPage\",\"@id\":\"https:\/\/www.urlaubcornwall.de\/blog\/gruende-dafuer-weshalb-sie-grossbritannien-besuchen-muessen\/\",\"url\":\"https:\/\/www.urlaubcornwall.de\/blog\/gruende-dafuer-weshalb-sie-grossbritannien-besuchen-muessen\/\",\"name\":\"Gr\u00fcnde daf\u00fcr, weshalb Sie Gro\u00dfbritannien besuchen m\u00fcssen - Urlaub &amp; Reisen\",\"isPartOf\":{\"@id\":\"https:\/\/www.urlaubcornwall.de\/blog\/#website\"},\"datePublished\":\"2018-07-19T09:57:39+00:00\",\"dateModified\":\"2024-05-30T11:46:52+00:00\",\"breadcrumb\":{\"@id\":\"https:\/\/www.urlaubcornwall.de\/blog\/gruende-dafuer-weshalb-sie-grossbritannien-besuchen-muessen\/#breadcrumb\"},\"inLanguage\":\"en-US\",\"potentialAction\":[{\"@type\":\"ReadAction\",\"target\":[\"https:\/\/www.urlaubcornwall.de\/blog\/gruende-dafuer-weshalb-sie-grossbritannien-besuchen-muessen\/\"]}]},{\"@type\":\"BreadcrumbList\",\"@id\":\"https:\/\/www.urlaubcornwall.de\/blog\/gruende-dafuer-weshalb-sie-grossbritannien-besuchen-muessen\/#breadcrumb\",\"itemListElement\":[{\"@type\":\"ListItem\",\"position\":1,\"name\":\"Home\",\"item\":\"https:\/\/www.urlaubcornwall.de\/blog\/\"},{\"@type\":\"ListItem\",\"position\":2,\"name\":\"Gr\u00fcnde daf\u00fcr, weshalb Sie Gro\u00dfbritannien besuchen m\u00fcssen\"}]}]}<\/script>\n<!-- \/ Yoast SEO plugin. -->","yoast_head_json":{"title":"Gr\u00fcnde daf\u00fcr, weshalb Sie Gro\u00dfbritannien besuchen m\u00fcssen - Urlaub &amp; Reisen","robots":{"index":"index","follow":"follow","max-snippet":"max-snippet:-1","max-image-preview":"max-image-preview:large","max-video-preview":"max-video-preview:-1"},"canonical":"https:\/\/www.urlaubcornwall.de\/blog\/gruende-dafuer-weshalb-sie-grossbritannien-besuchen-muessen\/","og_locale":"en_US","og_type":"article","og_title":"Gr\u00fcnde daf\u00fcr, weshalb Sie Gro\u00dfbritannien besuchen m\u00fcssen - Urlaub &amp; Reisen","og_description":"Das Vereinigte K\u00f6nigreich eignet sich gro\u00dfartig f\u00fcr einen Besuch. Tats\u00e4chlich haben England, Schottland, Wales und die Inseln allesamt gro\u00dfartige Reise- und Urlaubsziele und haben f\u00fcr jedermann etwas zu bieten \u2013 Alleinreisenden, Paaren und Familien. Ob Sie nun planen, w\u00e4hrend Ihres n\u00e4chsten Urlaubs zu fliegen oder die F\u00e4hre zu nehmen und mit dem Auto zu fahren, [&hellip;]","og_url":"https:\/\/www.urlaubcornwall.de\/blog\/gruende-dafuer-weshalb-sie-grossbritannien-besuchen-muessen\/","og_site_name":"Urlaub &amp; Reisen","article_modified_time":"2024-05-30T11:46:52+00:00","og_image":[{"url":"https:\/\/www.urlaubcornwall.de\/blog\/wp-content\/uploads\/2017\/06\/wales-strand-mit-hund.jpg"}],"twitter_card":"summary","twitter_misc":{"Est. reading time":"6 minutes"},"schema":{"@context":"https:\/\/schema.org","@graph":[{"@type":"WebSite","@id":"https:\/\/www.urlaubcornwall.de\/blog\/#website","url":"https:\/\/www.urlaubcornwall.de\/blog\/","name":"Urlaub &amp; Reisen","description":"Urlaub, Reisen, Cornwall und S\u00fcdengland: eine perfekte Kombination","potentialAction":[{"@type":"SearchAction","target":{"@type":"EntryPoint","urlTemplate":"https:\/\/www.urlaubcornwall.de\/blog\/?s={search_term_string}"},"query-input":"required name=search_term_string"}],"inLanguage":"en-US"},{"@type":"WebPage","@id":"https:\/\/www.urlaubcornwall.de\/blog\/gruende-dafuer-weshalb-sie-grossbritannien-besuchen-muessen\/","url":"https:\/\/www.urlaubcornwall.de\/blog\/gruende-dafuer-weshalb-sie-grossbritannien-besuchen-muessen\/","name":"Gr\u00fcnde daf\u00fcr, weshalb Sie Gro\u00dfbritannien besuchen m\u00fcssen - Urlaub &amp; Reisen","isPartOf":{"@id":"https:\/\/www.urlaubcornwall.de\/blog\/#website"},"datePublished":"2018-07-19T09:57:39+00:00","dateModified":"2024-05-30T11:46:52+00:00","breadcrumb":{"@id":"https:\/\/www.urlaubcornwall.de\/blog\/gruende-dafuer-weshalb-sie-grossbritannien-besuchen-muessen\/#breadcrumb"},"inLanguage":"en-US","potentialAction":[{"@type":"ReadAction","target":["https:\/\/www.urlaubcornwall.de\/blog\/gruende-dafuer-weshalb-sie-grossbritannien-besuchen-muessen\/"]}]},{"@type":"BreadcrumbList","@id":"https:\/\/www.urlaubcornwall.de\/blog\/gruende-dafuer-weshalb-sie-grossbritannien-besuchen-muessen\/#breadcrumb","itemListElement":[{"@type":"ListItem","position":1,"name":"Home","item":"https:\/\/www.urlaubcornwall.de\/blog\/"},{"@type":"ListItem","position":2,"name":"Gr\u00fcnde daf\u00fcr, weshalb Sie Gro\u00dfbritannien besuchen m\u00fcssen"}]}]}},"_links":{"self":[{"href":"https:\/\/www.urlaubcornwall.de\/blog\/wp-json\/wp\/v2\/pages\/33959"}],"collection":[{"href":"https:\/\/www.urlaubcornwall.de\/blog\/wp-json\/wp\/v2\/pages"}],"about":[{"href":"https:\/\/www.urlaubcornwall.de\/blog\/wp-json\/wp\/v2\/types\/page"}],"author":[{"embeddable":true,"href":"https:\/\/www.urlaubcornwall.de\/blog\/wp-json\/wp\/v2\/users\/1"}],"replies":[{"embeddable":true,"href":"https:\/\/www.urlaubcornwall.de\/blog\/wp-json\/wp\/v2\/comments?post=33959"}],"version-history":[{"count":5,"href":"https:\/\/www.urlaubcornwall.de\/blog\/wp-json\/wp\/v2\/pages\/33959\/revisions"}],"predecessor-version":[{"id":50969,"href":"https:\/\/www.urlaubcornwall.de\/blog\/wp-json\/wp\/v2\/pages\/33959\/revisions\/50969"}],"wp:attachment":[{"href":"https:\/\/www.urlaubcornwall.de\/blog\/wp-json\/wp\/v2\/media?parent=33959"}],"curies":[{"name":"wp","href":"https:\/\/api.w.org\/{rel}","templated":true}]}}