{"id":33955,"date":"2018-07-15T11:11:43","date_gmt":"2018-07-15T11:11:43","guid":{"rendered":"https:\/\/www.urlaubcornwall.de\/blog\/?page_id=33955"},"modified":"2026-01-07T10:18:32","modified_gmt":"2026-01-07T10:18:32","slug":"urlaub-in-cornwall-ohne-die-massen-leere-straende-ruhige-doerfer","status":"publish","type":"page","link":"https:\/\/www.urlaubcornwall.de\/blog\/urlaub-in-cornwall-ohne-die-massen-leere-straende-ruhige-doerfer\/","title":{"rendered":"Urlaub in Cornwall ohne die Massen \u2013 leere Str\u00e4nde &#038; ruhige D\u00f6rfer"},"content":{"rendered":"<p><img loading=\"lazy\" class=\"aligncenter size-full wp-image-39254\" src=\"https:\/\/www.urlaubcornwall.de\/blog\/wp-content\/uploads\/2019\/12\/Urlaub-in-Cornwall-ohne-die-Massen.jpg\" alt=\"Urlaub in Cornwall ohne die Massen\" width=\"749\" height=\"503\" srcset=\"https:\/\/www.urlaubcornwall.de\/blog\/wp-content\/uploads\/2019\/12\/Urlaub-in-Cornwall-ohne-die-Massen.jpg 751w, https:\/\/www.urlaubcornwall.de\/blog\/wp-content\/uploads\/2019\/12\/Urlaub-in-Cornwall-ohne-die-Massen-300x201.jpg 300w\" sizes=\"(max-width: 749px) 100vw, 749px\" \/><\/p>\n<p>M\u00f6chten Sie <a href=\"https:\/\/www.urlaubcornwall.de\/reiseziel\/cornwall.php\">Cornwall<\/a> im herrlichen Sommersonnenschein genie\u00dfen? Doch Sie sind nicht so begeistert, die <a href=\"https:\/\/www.urlaubcornwall.de\/blog\/schoensten-straende-in-cornwall\/\">wundersch\u00f6nen Str\u00e4nde<\/a> und <a href=\"https:\/\/www.urlaubcornwall.de\/blog\/cornwalls-beste-geheime-restaurants\/\">trendigen Restaurants<\/a> mit den Sommerurlaubsmassen zu teilen? Dann lesen Sie doch weiter, und sie werden unsere Tipps finden.<\/p>\n<p><strong>Rame Peninsula<\/strong> &#8211; Zuallererst auf unserer Liste von Tipps, wie Sie das unentdeckte Cornwall finden k\u00f6nnen, steht die Rame Peninsula. Sie ist lediglich eine halbe Autostunde von der <a href=\"https:\/\/www.urlaubcornwall.de\/ferienhaeuser-fewos\/st-germans.html\">Stadt St. Germans<\/a> entfernt und befindet sich direkt \u00fcber der Grenze zu Devon.<\/p>\n<p><img loading=\"lazy\" class=\"aligncenter size-full wp-image-42244\" src=\"https:\/\/www.urlaubcornwall.de\/blog\/wp-content\/uploads\/2021\/08\/lantic-Bay_rame_halbinsel_edit.jpg\" alt=\"lantic Bay_rame_halbinsel_edit\" width=\"747\" height=\"545\" srcset=\"https:\/\/www.urlaubcornwall.de\/blog\/wp-content\/uploads\/2021\/08\/lantic-Bay_rame_halbinsel_edit.jpg 747w, https:\/\/www.urlaubcornwall.de\/blog\/wp-content\/uploads\/2021\/08\/lantic-Bay_rame_halbinsel_edit-300x219.jpg 300w\" sizes=\"(max-width: 747px) 100vw, 747px\" \/> <\/p>\n<p>Die Halbinsel selbst ist ausgezeichnet als Gebiet hervorragender Natursch\u00f6nheit, und aufgrund der unber\u00fchrten Abschnitte goldenen Sandes und der K\u00fcstenpfade, die durch den Mount Edgcumbe Park verlaufen, f\u00e4llt es nicht schwer, dies zu erkennen. Erkunden Sie den Strand der Whitsand Bay und die ehemalige napoleonische Festung, die in ein Naturreservat verwandelt wurde, die Penlee Battery.<\/p>\n<p>Die Zwillingsd\u00f6rfer Kingsand und Cawsand eignen sich perfekt zum Herumschlendern und einen \u201ecream tea\u201c zu genie\u00dfen. Was k\u00f6nnte denn besser sein als in einem der <a href=\"https:\/\/www.urlaubcornwall.de\/ferienhaeuser\/cornwall.php\">herrlichen Ferienh\u00e4user der Auswahl<\/a> zu wohnen und diesen Teil Cornwalls zu erkunden?<\/p>\n<p><strong>Roseland Peninsula<\/strong> &#8211; Die wundersch\u00f6ne abgeschiedene <a href=\"https:\/\/www.urlaubcornwall.de\/ferienhaeuser-fewos\/roseland-halbinsel.html\">Roseland Halbinsel<\/a> wird h\u00e4ufig \u00fcbersehen und bietet doch einige der wundersch\u00f6nsten Str\u00e4nde und Landschaften in Cornwall.<\/p>\n<p>Die Roseland Peninsula ist ein weiteres Gebiet von hervorragender Natursch\u00f6nheit, und wenn Sie den engen Str\u00e4\u00dfchen folgen, erreichen Sie weit ausgedehnte, leere Sandstr\u00e4nde. Das bekannte Nare Hotel, das den <a href=\"https:\/\/www.urlaubcornwall.de\/hotels.php\">Luxus eines Landhaushotels am Meer<\/a> bietet, bietet Blick \u00fcber einen dieser Str\u00e4nde.<\/p>\n<div class=\"snippet\"> <a class=\"featured-item\" href=\"https:\/\/www.urlaubcornwall.de\/ferienhaeuser\/cornwall.php\"> <span class=\"image-holder\" style=\"background-image: url('https:\/\/www.urlaubcornwall.de\/blog\/wp-content\/uploads\/2024\/03\/ferienhaus-england-cornwall.jpg');\"><\/span> <span class=\"featured-content\"> \n<h2 class=\"featured-title\">Ferienh\u00e4user in Cornwall zum Verlieben!<\/h2>\n<p class=\"featured-body\">Cornwall besitzt mehr K\u00fcstenlinien als jede andere Grafschaft und bietet einige der besten Str\u00e4nde, K\u00fcstenwanderwege und Klippenlandschaften, die man \u00fcberhaupt finden kann&#8230;.<\/p><\/span> <span class=\"featured-link-holder\"> <span class=\"featured-extra-info\"> \n<p>F\u00fcr Paare, Familien &#038; Gruppen<\/p>\n<\/span> \n<p class=\"featured-link\">DETAILS<\/p>\n<\/span> <\/a><\/div>\n<p>Dr\u00fcben am Porthcurnick Beach gestaltet das Hidden Hut ausverkaufte Festn\u00e4chte. Bringen Sie Ihr eigenes Besteck, Teller und Alkohol f\u00fcr eine unvergessliche Nacht, in der Sie im Freien am Strand unter den Sternen speisen.<\/p>\n<p>F\u00fcr diejenigen, die Kultur suchen, gibt es die Burg <a href=\"https:\/\/www.urlaubcornwall.de\/ferienhaeuser-fewos\/st-mawes.html\">St. Mawes<\/a>, die die Form eines vierbl\u00e4ttrigen Kleeblatts hat und einst die K\u00fcstenfestung von Heinrich VIII. war. Und f\u00fcr G\u00e4rtner befindet sich Lamorran Garden mit seinen herrlichen mediterranen Pflanzen in der N\u00e4he an einem abgeschiedenen Ort \u00fcber der Stadt.<\/p>\n<p><strong>Land\u2019s End<\/strong> &#8211; Lands End ist der s\u00fcdwestlichste Punkt des Hauptlandes Britannien und eines der ber\u00fchmtesten Wahrzeichen des Landes. Von den 200 Fu\u00df hohen Granitklippen, die sich aus dem Atlantischen Ozean erheben, k\u00f6nnen Sie hin\u00fcberschauen zum Longships Leuchtturm, den Scilly Inseln, die sich achtundzwanzig Meilen entfernt befinden, und dahinter Nordamerika.<\/p>\n<p>Wenn Sie den Sand zwischen Ihren Zehen sp\u00fcren m\u00f6chten, bietet sich der abgeschiedene Porth Nanven Strand bei <a href=\"https:\/\/www.urlaubcornwall.de\/ferienhaeuser-fewos\/st-just.html\">St. Just<\/a> an. Von hier aus k\u00f6nnen Sie nach Cape Cornwall wandern und unterwegs Halt machen am alten Fischerdorf Priests Cove.<\/p>\n<p>Wir haben <a href=\"https:\/\/www.urlaubcornwall.de\/ferienhaeuser-fewos\/lands-end.html\">eine Auswahl an wundersch\u00f6nen Ferienh\u00e4usern<\/a> in dieser einzigartigen weltbekannten Lage gefunden.<\/p>\n<p><strong>Lizard Peninsula<\/strong> &#8211; Der s\u00fcdlichste Punkt des UK ist die Lizard Peninsula, die bekannt ist aufgrund ihrer herrlichen K\u00fcste. Das Wasser ist t\u00fcrkisfarben, und Sie finden s\u00e4mtliche Landschaften, von zerkl\u00fcfteten dramatischen Klippengipfeln bis hin zu subtropischen Pflanzen und Palmen.<\/p>\n<p>Kynance Cove mag die Massen anziehen, doch versuchen Sie es mit der mehr abgeschiedenen <a href=\"https:\/\/www.urlaubcornwall.de\/ferienhaeuser-fewos\/polurrian-bucht-strand.html\">Polurrian Cove<\/a> in der N\u00e4he des Fischerdorfes Mullion (das aufgrund seiner Galerien, Caf\u00e9s und Kunsthandwerksgesch\u00e4ften ebenfalls eines Besuches wert ist). F\u00fcr Kinder ist die Roskilly Farm ein Muss. Hier k\u00f6nnen Sie Eis und Konfekt essen, die hergestellt wurden mit Milch der hofeigenen Herde von 125 Jerseyk\u00fchen.<\/p>\n<p>Ein <a href=\"https:\/\/www.urlaubcornwall.de\/ferienhaeuser-fewos\/lizard-halbinsel.html\">traditionelles Feriencottage<\/a> in dieser ruhigen Ecke Cornwalls ist perfekt, um den Massen zu entfliehen.<\/p>\n<div class=\"snippet\"> <a class=\"featured-item\" href=\" https:\/\/www.urlaubcornwall.de\/rundreisen\/cornwall-suedengland.php\"> <span class=\"image-holder\" style=\"background-image: url(' https:\/\/www.urlaubcornwall.de\/blog\/wp-content\/uploads\/2018\/11\/rundreise-cornwall.jpg ');\"><\/span> <span class=\"featured-content\"> \n<h2 class=\"featured-title\">Individuelle Rundreise in Cornwall &#038; S\u00fcdengland<\/h2>\n<p class=\"featured-body\"> Bei dieser Cornwall Rundreise entdecken Sie die H\u00f6hepunkte S\u00fcdenglands. Kultur, Geschichte, Landschaft und heutiges Leben werden Sie hierbei kennenlernen&#8230;<\/p>\n<\/span> <span class=\"featured-link-holder\"> <span class=\"featured-extra-info\"> \n<p>F\u00fcr Paare, Familien &#038; Gruppen<\/p>\n<\/span> \n<p class=\"featured-link\">DETAILS<\/p>\n<\/span> <\/a><\/div>\n<p><strong>Isles of Scilly<\/strong> &#8211; Die <a href=\"https:\/\/www.urlaubcornwall.de\/Scilly-Inseln.php\">Scilly-Inseln sind Cornwalls bestgeh\u00fctetes Geheimnis<\/a>; aufgrund ihres milden Klimas, der perfekten Sandstr\u00e4nde und dem t\u00fcrkisblauen Meer werden sie auch die gl\u00fccklichen Inseln (Fortunate Isles) genannt. Sie bestehen aus hunderten kleiner Inseln, von denen nur 5 bewohnt sind; St. Mary&#8217;s, St. Martin&#8217;s, St. Agnes, Bryher und Tresco sind ber\u00fchmt f\u00fcr ihre luxuri\u00f6sen Ferienunterk\u00fcnfte. <\/p>\n","protected":false},"excerpt":{"rendered":"<p>M\u00f6chten Sie Cornwall im herrlichen Sommersonnenschein genie\u00dfen? Doch Sie sind nicht so begeistert, die wundersch\u00f6nen Str\u00e4nde und trendigen Restaurants mit den Sommerurlaubsmassen zu teilen? Dann lesen Sie doch weiter, und sie werden unsere Tipps finden. Rame Peninsula &#8211; Zuallererst auf unserer Liste von Tipps, wie Sie das unentdeckte Cornwall finden k\u00f6nnen, steht die Rame Peninsula. [&hellip;]<\/p>\n","protected":false},"author":1,"featured_media":0,"parent":0,"menu_order":0,"comment_status":"closed","ping_status":"closed","template":"single-four.php","meta":[],"acf":[],"yoast_head":"<!-- This site is optimized with the Yoast SEO plugin v19.4 - https:\/\/yoast.com\/wordpress\/plugins\/seo\/ -->\n<title>Urlaub in Cornwall ohne die Massen \u2013 leere Str\u00e4nde &amp; ruhige D\u00f6rfer - Urlaub &amp; Reisen<\/title>\n<meta name=\"robots\" content=\"index, follow, max-snippet:-1, max-image-preview:large, max-video-preview:-1\" \/>\n<link rel=\"canonical\" href=\"https:\/\/www.urlaubcornwall.de\/blog\/urlaub-in-cornwall-ohne-die-massen-leere-straende-ruhige-doerfer\/\" \/>\n<meta property=\"og:locale\" content=\"en_US\" \/>\n<meta property=\"og:type\" content=\"article\" \/>\n<meta property=\"og:title\" content=\"Urlaub in Cornwall ohne die Massen \u2013 leere Str\u00e4nde &amp; ruhige D\u00f6rfer - Urlaub &amp; Reisen\" \/>\n<meta property=\"og:description\" content=\"M\u00f6chten Sie Cornwall im herrlichen Sommersonnenschein genie\u00dfen? Doch Sie sind nicht so begeistert, die wundersch\u00f6nen Str\u00e4nde und trendigen Restaurants mit den Sommerurlaubsmassen zu teilen? Dann lesen Sie doch weiter, und sie werden unsere Tipps finden. Rame Peninsula &#8211; Zuallererst auf unserer Liste von Tipps, wie Sie das unentdeckte Cornwall finden k\u00f6nnen, steht die Rame Peninsula. [&hellip;]\" \/>\n<meta property=\"og:url\" content=\"https:\/\/www.urlaubcornwall.de\/blog\/urlaub-in-cornwall-ohne-die-massen-leere-straende-ruhige-doerfer\/\" \/>\n<meta property=\"og:site_name\" content=\"Urlaub &amp; Reisen\" \/>\n<meta property=\"article:modified_time\" content=\"2026-01-07T10:18:32+00:00\" \/>\n<meta property=\"og:image\" content=\"https:\/\/www.urlaubcornwall.de\/blog\/wp-content\/uploads\/2019\/12\/Urlaub-in-Cornwall-ohne-die-Massen.jpg\" \/>\n<meta name=\"twitter:card\" content=\"summary\" \/>\n<meta name=\"twitter:label1\" content=\"Est. reading time\" \/>\n\t<meta name=\"twitter:data1\" content=\"4 minutes\" \/>\n<script type=\"application\/ld+json\" class=\"yoast-schema-graph\">{\"@context\":\"https:\/\/schema.org\",\"@graph\":[{\"@type\":\"WebSite\",\"@id\":\"https:\/\/www.urlaubcornwall.de\/blog\/#website\",\"url\":\"https:\/\/www.urlaubcornwall.de\/blog\/\",\"name\":\"Urlaub &amp; Reisen\",\"description\":\"Urlaub, Reisen, Cornwall und S\u00fcdengland: eine perfekte Kombination\",\"potentialAction\":[{\"@type\":\"SearchAction\",\"target\":{\"@type\":\"EntryPoint\",\"urlTemplate\":\"https:\/\/www.urlaubcornwall.de\/blog\/?s={search_term_string}\"},\"query-input\":\"required name=search_term_string\"}],\"inLanguage\":\"en-US\"},{\"@type\":\"WebPage\",\"@id\":\"https:\/\/www.urlaubcornwall.de\/blog\/urlaub-in-cornwall-ohne-die-massen-leere-straende-ruhige-doerfer\/\",\"url\":\"https:\/\/www.urlaubcornwall.de\/blog\/urlaub-in-cornwall-ohne-die-massen-leere-straende-ruhige-doerfer\/\",\"name\":\"Urlaub in Cornwall ohne die Massen \u2013 leere Str\u00e4nde & ruhige D\u00f6rfer - Urlaub &amp; Reisen\",\"isPartOf\":{\"@id\":\"https:\/\/www.urlaubcornwall.de\/blog\/#website\"},\"datePublished\":\"2018-07-15T11:11:43+00:00\",\"dateModified\":\"2026-01-07T10:18:32+00:00\",\"breadcrumb\":{\"@id\":\"https:\/\/www.urlaubcornwall.de\/blog\/urlaub-in-cornwall-ohne-die-massen-leere-straende-ruhige-doerfer\/#breadcrumb\"},\"inLanguage\":\"en-US\",\"potentialAction\":[{\"@type\":\"ReadAction\",\"target\":[\"https:\/\/www.urlaubcornwall.de\/blog\/urlaub-in-cornwall-ohne-die-massen-leere-straende-ruhige-doerfer\/\"]}]},{\"@type\":\"BreadcrumbList\",\"@id\":\"https:\/\/www.urlaubcornwall.de\/blog\/urlaub-in-cornwall-ohne-die-massen-leere-straende-ruhige-doerfer\/#breadcrumb\",\"itemListElement\":[{\"@type\":\"ListItem\",\"position\":1,\"name\":\"Home\",\"item\":\"https:\/\/www.urlaubcornwall.de\/blog\/\"},{\"@type\":\"ListItem\",\"position\":2,\"name\":\"Urlaub in Cornwall ohne die Massen \u2013 leere Str\u00e4nde &#038; ruhige D\u00f6rfer\"}]}]}<\/script>\n<!-- \/ Yoast SEO plugin. -->","yoast_head_json":{"title":"Urlaub in Cornwall ohne die Massen \u2013 leere Str\u00e4nde & ruhige D\u00f6rfer - Urlaub &amp; Reisen","robots":{"index":"index","follow":"follow","max-snippet":"max-snippet:-1","max-image-preview":"max-image-preview:large","max-video-preview":"max-video-preview:-1"},"canonical":"https:\/\/www.urlaubcornwall.de\/blog\/urlaub-in-cornwall-ohne-die-massen-leere-straende-ruhige-doerfer\/","og_locale":"en_US","og_type":"article","og_title":"Urlaub in Cornwall ohne die Massen \u2013 leere Str\u00e4nde & ruhige D\u00f6rfer - Urlaub &amp; Reisen","og_description":"M\u00f6chten Sie Cornwall im herrlichen Sommersonnenschein genie\u00dfen? Doch Sie sind nicht so begeistert, die wundersch\u00f6nen Str\u00e4nde und trendigen Restaurants mit den Sommerurlaubsmassen zu teilen? Dann lesen Sie doch weiter, und sie werden unsere Tipps finden. Rame Peninsula &#8211; Zuallererst auf unserer Liste von Tipps, wie Sie das unentdeckte Cornwall finden k\u00f6nnen, steht die Rame Peninsula. [&hellip;]","og_url":"https:\/\/www.urlaubcornwall.de\/blog\/urlaub-in-cornwall-ohne-die-massen-leere-straende-ruhige-doerfer\/","og_site_name":"Urlaub &amp; Reisen","article_modified_time":"2026-01-07T10:18:32+00:00","og_image":[{"url":"https:\/\/www.urlaubcornwall.de\/blog\/wp-content\/uploads\/2019\/12\/Urlaub-in-Cornwall-ohne-die-Massen.jpg"}],"twitter_card":"summary","twitter_misc":{"Est. reading time":"4 minutes"},"schema":{"@context":"https:\/\/schema.org","@graph":[{"@type":"WebSite","@id":"https:\/\/www.urlaubcornwall.de\/blog\/#website","url":"https:\/\/www.urlaubcornwall.de\/blog\/","name":"Urlaub &amp; Reisen","description":"Urlaub, Reisen, Cornwall und S\u00fcdengland: eine perfekte Kombination","potentialAction":[{"@type":"SearchAction","target":{"@type":"EntryPoint","urlTemplate":"https:\/\/www.urlaubcornwall.de\/blog\/?s={search_term_string}"},"query-input":"required name=search_term_string"}],"inLanguage":"en-US"},{"@type":"WebPage","@id":"https:\/\/www.urlaubcornwall.de\/blog\/urlaub-in-cornwall-ohne-die-massen-leere-straende-ruhige-doerfer\/","url":"https:\/\/www.urlaubcornwall.de\/blog\/urlaub-in-cornwall-ohne-die-massen-leere-straende-ruhige-doerfer\/","name":"Urlaub in Cornwall ohne die Massen \u2013 leere Str\u00e4nde & ruhige D\u00f6rfer - Urlaub &amp; Reisen","isPartOf":{"@id":"https:\/\/www.urlaubcornwall.de\/blog\/#website"},"datePublished":"2018-07-15T11:11:43+00:00","dateModified":"2026-01-07T10:18:32+00:00","breadcrumb":{"@id":"https:\/\/www.urlaubcornwall.de\/blog\/urlaub-in-cornwall-ohne-die-massen-leere-straende-ruhige-doerfer\/#breadcrumb"},"inLanguage":"en-US","potentialAction":[{"@type":"ReadAction","target":["https:\/\/www.urlaubcornwall.de\/blog\/urlaub-in-cornwall-ohne-die-massen-leere-straende-ruhige-doerfer\/"]}]},{"@type":"BreadcrumbList","@id":"https:\/\/www.urlaubcornwall.de\/blog\/urlaub-in-cornwall-ohne-die-massen-leere-straende-ruhige-doerfer\/#breadcrumb","itemListElement":[{"@type":"ListItem","position":1,"name":"Home","item":"https:\/\/www.urlaubcornwall.de\/blog\/"},{"@type":"ListItem","position":2,"name":"Urlaub in Cornwall ohne die Massen \u2013 leere Str\u00e4nde &#038; ruhige D\u00f6rfer"}]}]}},"_links":{"self":[{"href":"https:\/\/www.urlaubcornwall.de\/blog\/wp-json\/wp\/v2\/pages\/33955"}],"collection":[{"href":"https:\/\/www.urlaubcornwall.de\/blog\/wp-json\/wp\/v2\/pages"}],"about":[{"href":"https:\/\/www.urlaubcornwall.de\/blog\/wp-json\/wp\/v2\/types\/page"}],"author":[{"embeddable":true,"href":"https:\/\/www.urlaubcornwall.de\/blog\/wp-json\/wp\/v2\/users\/1"}],"replies":[{"embeddable":true,"href":"https:\/\/www.urlaubcornwall.de\/blog\/wp-json\/wp\/v2\/comments?post=33955"}],"version-history":[{"count":17,"href":"https:\/\/www.urlaubcornwall.de\/blog\/wp-json\/wp\/v2\/pages\/33955\/revisions"}],"predecessor-version":[{"id":52013,"href":"https:\/\/www.urlaubcornwall.de\/blog\/wp-json\/wp\/v2\/pages\/33955\/revisions\/52013"}],"wp:attachment":[{"href":"https:\/\/www.urlaubcornwall.de\/blog\/wp-json\/wp\/v2\/media?parent=33955"}],"curies":[{"name":"wp","href":"https:\/\/api.w.org\/{rel}","templated":true}]}}